{"id":1463490,"date":"2025-11-12T09:53:34","date_gmt":"2025-11-12T09:53:34","guid":{"rendered":"https:\/\/talkpal.ai\/irische-grammatikuebungen\/"},"modified":"2025-12-30T14:59:33","modified_gmt":"2025-12-30T14:59:33","slug":"irische-grammatikuebungen","status":"publish","type":"page","link":"https:\/\/talkpal.ai\/de\/irische-grammatikuebungen\/","title":{"rendered":"Irische Grammatik\u00fcbungen"},"content":{"rendered":"\r\n\r\n\r\n<section class=\"languageChallengeSection\">\r\n    <div class=\"languageInfoWrapper\">\r\n        \r\n        <h1>Irische Grammatik\u00fcbungen<\/h1>\r\n        <p>Sind Sie bereit, in die irische <a href=\"https:\/\/talkpal.ai\/fr\/les\/\">Grammatik<\/a> einzutauchen? Das \u00dcben einiger Grundlagen wird Ihnen helfen, sich mit dieser einzigartigen und sch\u00f6nen Sprache vertraut zu machen. Probieren Sie diese \u00dcbungen aus, um Ihr Selbstvertrauen zu st\u00e4rken und dabei auch noch Spa\u00df zu haben!<\/p>\r\n\r\n                            <a class=\"getStartedHidden\" href=\"https:\/\/app.talkpal.ai\/de\/signup?lng=\">Leg los<\/a>\r\n        \r\n    <\/div>\r\n\r\n    <figure>\r\n    <img decoding=\"async\" width=\"768\" height=\"768\" src=\"https:\/\/talkpal.ai\/wp-content\/uploads\/2023\/06\/welsh-768x768.png\" class=\"languageImage no-lazy\" alt=\"Default alt text\" fetchpriority=\"high\" sizes=\"(max-width: 768px) 150px, 768px\" srcset=\"https:\/\/talkpal.ai\/wp-content\/uploads\/2023\/06\/welsh-768x768.png 768w, https:\/\/talkpal.ai\/wp-content\/uploads\/2023\/06\/welsh-300x300.png 300w\" \/>\r\n    \r\n\r\n    <\/figure>\r\n\r\n            <a class=\"getStartedVisible\" href=\"https:\/\/app.talkpal.ai\/de\/signup?lng=\">Leg los<\/a>\r\n    \r\n<\/section><section class=\"promotionalBanner\">\r\n    <p class=\"promotionalText\">Der effizienteste Weg, eine Sprache zu lernen<\/p>\r\n    <a class=\"promotionalLink\" href=\"https:\/\/app.talkpal.ai\/de\/signup?lng=\">Talkpal kostenlos<\/a>\r\n<\/section>\n<div class=\"wp-block-group pageContainerStyle\"><div class=\"wp-block-group__inner-container is-layout-constrained wp-block-group-is-layout-constrained\">\n<h2 class=\"wp-block-heading\" id=\"h-irish-grammar-topics\">Themen der irischen Grammatik<\/h2>\n\n\n\n<p><a href=\"https:\/\/talkpal.ai\/de\/die-groessten-fehler-die-sie-beim-erlernen-einer-neuen-sprache-vermeiden-sollten\/\">Das Erlernen einer neuen Sprache<\/a> kann eine herausfordernde, aber lohnende Aufgabe sein. <a href=\"https:\/\/talkpal.ai\/learn-irish\/\">Irisch<\/a>, eine keltische Sprache, die haupts\u00e4chlich in <a href=\"https:\/\/talkpal.ai\/learn-irish\/\">Irland<\/a> gesprochen wird, ist da keine Ausnahme. Mit seinen einzigartigen Merkmalen und Strukturen erfordert <a href=\"https:\/\/talkpal.ai\/de\/talkpal-fuer-bildung\/\">das Erlernen<\/a> des Irischen einen systematischen Ansatz, um die komplexe Grammatik zu verstehen. Dieser Leitfaden skizziert die Schl\u00fcsselbereiche der <a href=\"https:\/\/talkpal.ai\/de\/irische-grammatik\/\">irischen Grammatik<\/a> in einer logischen Abfolge f\u00fcr das <a href=\"https:\/\/talkpal.ai\/de\/ki-chatbot-zum-sprachenlernen\/\">Sprachenlernen<\/a>, beginnend mit den Grundlagen wie Substantiven und Artikeln bis hin zu komplexeren Bereichen wie <a href=\"https:\/\/talkpal.ai\/zh-hans\/grammar_exercises\/zeitformen-%e5%be%b7%e5%9b%bd%e8%af%ad%e6%b3%95%e7%bb%83%e4%b9%a0\/\">Zeitformen<\/a> und Satzbau.<\/p>\n\n\n\n<h3 class=\"wp-block-heading\" id=\"h-1-nouns\">1. Substantive:<\/h3>\n\n\n\n<p>Beginnen Sie Ihre Reise in die irische Sprache mit dem Erlernen der Substantive. Dazu geh\u00f6rt das Verst\u00e4ndnis des Substantivgeschlechts, der gebr\u00e4uchlichen und Eigennamen, ihrer Pluralformen und des Einflusses von F\u00e4llen auf Formen und Mutationen.<\/p>\n\n\n\n<h3 class=\"wp-block-heading\" id=\"h-2-articles\">2. Artikel:<\/h3>\n\n\n\n<p>Artikel in irischer Sprache werden anders verwendet als im <a href=\"https:\/\/talkpal.ai\/de\/ki-englischsprachige-praxis\/\">Englischen<\/a>. Irisch hat einen bestimmten Artikel an und na, aber keinen <a href=\"https:\/\/talkpal.ai\/de\/grammar_exercises\/ubungen-zum-unbestimmten-artikel-fur-die-vietnamesische-grammatik\/\">unbestimmten Artikel<\/a>, daher ist es entscheidend, ihre Formen und Auswirkungen auf Mutationen zu beherrschen.<\/p>\n\n\n\n<h3 class=\"wp-block-heading\" id=\"h-3-adjectives\">3. Adjektive:<\/h3>\n\n\n\n<p>Adjektive im Irischen folgen in der Regel ihren Substantiven, was sich vom Englischen unterscheidet. Sie m\u00fcssen auch etwas \u00fcber anf\u00e4ngliche Mutationen wie Lenition und Eklipse lernen und lernen, wie man Komparative und Superlative mit n\u00edos und is bildet.<\/p>\n\n\n\n<h3 class=\"wp-block-heading\" id=\"h-4-pronouns-determiners\">4. Pronomen\/Determinanten:<\/h3>\n\n\n\n<p>Pronomen und Determinanten sind im Irischen wesentlich; Sie ersetzen Substantive und geben Auskunft \u00fcber Menge, Besitz und mehr. Lernen Sie <a href=\"https:\/\/talkpal.ai\/de\/grammar\/englische-grammatik-personalpronomen\/\">Personalpronomen<\/a>, besitzergreifende Determinanten wie mo do a \u00e1r bhur a, die Mutationen ausl\u00f6sen, und Demonstrative wie seo und sin.<\/p>\n\n\n\n<h3 class=\"wp-block-heading\" id=\"h-5-verbs\">5. Verben:<\/h3>\n\n\n\n<p>Irische Verben haben je nach Zeitform, Stimmung und Person unterschiedliche Formen. Beginnen Sie mit der Gegenwart und dem Verb b\u00ed und erkunden Sie dann allm\u00e4hlich die Vergangenheits- und Zukunftsformen sowie wichtige <a href=\"https:\/\/talkpal.ai\/de\/grammar\/unregelmaessige-verben-in-der-deutschen-grammatik\/\">unregelm\u00e4\u00dfige Verben<\/a> und die Kopula ist.<\/p>\n\n\n\n<h3 class=\"wp-block-heading\" id=\"h-6-tenses\">6. Zeitformen:<\/h3>\n\n\n\n<p>Nachdem du die Verbformen gemeistert hast, tauchst du tiefer in die irischen Zeitformen ein. Dazu geh\u00f6rt das Verst\u00e4ndnis der Unterschiede zwischen dem Habituellen, dem Vergangenen, dem Zuk\u00fcnftigen und dem Bedingten der Gegenwart und wie sie in verschiedenen Kontexten mit b\u00ed und der Kopula verwendet werden.<\/p>\n\n\n\n<h3 class=\"wp-block-heading\" id=\"h-7-tense-comparison\">7. Spannender Vergleich:<\/h3>\n\n\n\n<p>Der Vergleich der Zeitformen im Irischen hilft dabei, die Abfolge der Ereignisse zu verstehen. Der Vergleich desselben Verbs in verschiedenen Zeitformen erm\u00f6glicht ein besseres Verst\u00e4ndnis des irischen Gebrauchs und Aspekts.<\/p>\n\n\n\n<h3 class=\"wp-block-heading\" id=\"h-8-progressive\">8. Progressiv:<\/h3>\n\n\n\n<p>Das Wort &#8222;progressiv&#8220; wird im Irischen verwendet, um laufende Handlungen auszudr\u00fccken. Es wird mit dem Verb b\u00ed gefolgt von ag und dem Verbalsubstantiv gebildet, zum Beispiel T\u00e1 m\u00e9 ag l\u00e9amh.<\/p>\n\n\n\n<h3 class=\"wp-block-heading\" id=\"h-9-perfect-progressive\">9. Perfekt progressiv:<\/h3>\n\n\n\n<p>Dies wird verwendet, um Aktionen auszudr\u00fccken, die bis zu einem bestimmten Zeitpunkt andauern. Im Irischen wird es h\u00e4ufig mit b\u00ed plus tar \u00e9is a bheith ag und dem Verbalsubstantiv oder mit Zeitausdr\u00fccken f\u00fcr Dauer ausgedr\u00fcckt.<\/p>\n\n\n\n<h3 class=\"wp-block-heading\" id=\"h-10-conditionals\">10. Bedingungen:<\/h3>\n\n\n\n<p>Konditionale dr\u00fccken hypothetische Situationen und ihre m\u00f6glichen Ergebnisse aus. Sie sind ein wichtiger Bestandteil der irischen Grammatik und verwenden Muster mit m\u00e1 f\u00fcr reale Bedingungen und d\u00e1 mit dem Konditional f\u00fcr hypothetische Bedingungen.<\/p>\n\n\n\n<h3 class=\"wp-block-heading\" id=\"h-11-adverbs\">11. Adverbien:<\/h3>\n\n\n\n<p><a href=\"https:\/\/talkpal.ai\/ar\/grammar_exercises\/adverbien-%d8%aa%d9%85%d8%a7%d8%b1%d9%8a%d9%86-%d9%84%d9%84%d9%82%d9%88%d8%a7%d8%b9%d8%af-%d8%a7%d9%84%d8%a3%d9%84%d9%85%d8%a7%d9%86%d9%8a%d8%a9\/\">Adverbien<\/a> im Irischen modifizieren Verben, Adjektive oder andere Adverbien. Dazu geh\u00f6ren Formen, die mit Adjektiven vor go gebildet werden, sowie viele festgelegte Adverbien f\u00fcr Art, Ort, Zeit und Grad.<\/p>\n\n\n\n<h3 class=\"wp-block-heading\" id=\"h-12-prepositions\">12. Pr\u00e4positionen:<\/h3>\n\n\n\n<p>Pr\u00e4positionen verbinden W\u00f6rter und Phrasen miteinander. Irisch verwendet Pr\u00e4positionalpronomen wie agam agat aige, um Beziehungen von Besitz, Zeit, Ort und mehr auszudr\u00fccken.<\/p>\n\n\n\n<h3 class=\"wp-block-heading\" id=\"h-13-sentences\">13. S\u00e4tze:<\/h3>\n\n\n\n<p>Zum Schluss \u00fcbst du, S\u00e4tze zu bilden. Dabei werden die irische Wortstellung VSO, Mutationsausl\u00f6ser und sowohl b\u00ed als auch die Kopula im Kontext verwendet, um ein umfassendes Verst\u00e4ndnis der irischen Sprache zu gew\u00e4hrleisten.<\/p>\n<\/div><\/div>\n\r\n<section class=\"learnNavigationSection\">\r\n            \r\n        <a href=\"https:\/\/talkpal.ai\/de\/irisch-lernen\/\">\r\n            <div class=\"learnNavigationWrapper\">\r\n                <div class=\"learnNavigationContent\">\r\n                    <img decoding=\"async\" src=\"https:\/\/talkpal.ai\/wp-content\/uploads\/2025\/11\/Irish.png\" alt=\"Irish Flag\">\r\n                    <div>\r\n                        <h4>\u00dcber Irisch lernen<\/h4>\r\n                        <p>Erfahren Sie alles \u00fcber die irische Grammatik.<\/p>\r\n                    <\/div>\r\n                <\/div>\r\n            <\/div>\r\n        <\/a>\r\n\r\n        \r\n        <a href=\"https:\/\/talkpal.ai\/de\/irische-grammatik\/\">\r\n            <div class=\"learnNavigationWrapper\">\r\n                <div class=\"learnNavigationContent\">\r\n                    <img decoding=\"async\" src=\"https:\/\/talkpal.ai\/wp-content\/uploads\/2025\/11\/Irish.png\" alt=\"Irish Flag\">\r\n                    <div>\r\n                        <h4>Irische Grammatik Lektionen<\/h4>\r\n                        <p>\u00dcben Sie die irische Grammatik.<\/p>\r\n                    <\/div>\r\n                <\/div>\r\n            <\/div>\r\n        <\/a>\r\n\r\n            <\/section>","protected":false},"excerpt":{"rendered":"<p>Themen der irischen Grammatik Das Erlernen einer neuen Sprache kann eine herausfordernde, aber lohnende Aufgabe sein. Irisch, eine keltische Sprache, die haupts\u00e4chlich in Irland gesprochen wird, ist da keine Ausnahme. Mit seinen einzigartigen Merkmalen und Strukturen erfordert das Erlernen des Irischen einen systematischen Ansatz, um die komplexe Grammatik zu verstehen. Dieser Leitfaden skizziert die Schl\u00fcsselbereiche [&hellip;]<\/p>\n","protected":false},"author":20,"featured_media":0,"parent":0,"menu_order":0,"comment_status":"closed","ping_status":"closed","template":"LearningContentPage.php","meta":{"_acf_changed":false,"footnotes":""},"class_list":["post-1463490","page","type-page","status-publish","hentry"],"acf":[],"yoast_head":"<!-- This site is optimized with the Yoast SEO Premium plugin v27.2 (Yoast SEO v27.2) - https:\/\/yoast.com\/product\/yoast-seo-premium-wordpress\/ -->\n<title>Irische Grammatik\u00fcbungen - Talkpal<\/title>\n<meta name=\"description\" content=\"Beherrschen Sie die irische Grammatik mit interaktiven \u00dcbungen, die Ihnen helfen, Selbstvertrauen aufzubauen und die Sprache schneller zu lernen.\" \/>\n<meta name=\"robots\" content=\"index, follow, max-snippet:-1, max-image-preview:large, max-video-preview:-1\" \/>\n<link rel=\"canonical\" href=\"https:\/\/talkpal.ai\/de\/irische-grammatikuebungen\/\" \/>\n<meta property=\"og:locale\" content=\"de_DE\" \/>\n<meta property=\"og:type\" content=\"article\" \/>\n<meta property=\"og:title\" content=\"Irische Grammatik\u00fcbungen\" \/>\n<meta property=\"og:description\" content=\"Themen der irischen Grammatik Das Erlernen einer neuen Sprache kann eine herausfordernde, aber lohnende Aufgabe sein. Irisch, eine keltische Sprache, die\" \/>\n<meta property=\"og:url\" content=\"https:\/\/talkpal.ai\/de\/irische-grammatikuebungen\/\" \/>\n<meta property=\"og:site_name\" content=\"Talkpal\" \/>\n<meta property=\"article:publisher\" content=\"https:\/\/www.facebook.com\/profile.php?id=100090733639311\" \/>\n<meta property=\"article:modified_time\" content=\"2025-12-30T14:59:33+00:00\" \/>\n<meta property=\"og:image\" content=\"https:\/\/talkpal.ai\/wp-content\/uploads\/2025\/02\/Progress-tab-16_9.png\" \/>\n\t<meta property=\"og:image:width\" content=\"2880\" \/>\n\t<meta property=\"og:image:height\" content=\"1620\" \/>\n\t<meta property=\"og:image:type\" content=\"image\/png\" \/>\n<meta name=\"twitter:card\" content=\"summary_large_image\" \/>\n<meta name=\"twitter:site\" content=\"@talkpalai\" \/>\n<meta name=\"twitter:label1\" content=\"Gesch\u00e4tzte Lesezeit\" \/>\n\t<meta name=\"twitter:data1\" content=\"3\u00a0Minuten\" \/>\n<script type=\"application\/ld+json\" class=\"yoast-schema-graph\">{\"@context\":\"https:\/\/schema.org\",\"@graph\":[{\"@type\":\"WebPage\",\"@id\":\"https:\/\/talkpal.ai\/de\/irische-grammatikuebungen\/\",\"url\":\"https:\/\/talkpal.ai\/de\/irische-grammatikuebungen\/\",\"name\":\"Irische Grammatik\u00fcbungen - Talkpal\",\"isPartOf\":{\"@id\":\"https:\/\/talkpal.ai\/de\/#website\"},\"datePublished\":\"2025-11-12T09:53:34+00:00\",\"dateModified\":\"2025-12-30T14:59:33+00:00\",\"description\":\"Beherrschen Sie die irische Grammatik mit interaktiven \u00dcbungen, die Ihnen helfen, Selbstvertrauen aufzubauen und die Sprache schneller zu lernen.\",\"breadcrumb\":{\"@id\":\"https:\/\/talkpal.ai\/de\/irische-grammatikuebungen\/#breadcrumb\"},\"inLanguage\":\"de\",\"potentialAction\":[{\"@type\":\"ReadAction\",\"target\":[\"https:\/\/talkpal.ai\/de\/irische-grammatikuebungen\/\"]}]},{\"@type\":\"BreadcrumbList\",\"@id\":\"https:\/\/talkpal.ai\/de\/irische-grammatikuebungen\/#breadcrumb\",\"itemListElement\":[{\"@type\":\"ListItem\",\"position\":1,\"name\":\"Homepage\",\"item\":\"https:\/\/talkpal.ai\/de\/\"},{\"@type\":\"ListItem\",\"position\":2,\"name\":\"Irische Grammatik\u00fcbungen\"}]},{\"@type\":\"WebSite\",\"@id\":\"https:\/\/talkpal.ai\/de\/#website\",\"url\":\"https:\/\/talkpal.ai\/de\/\",\"name\":\"Talkpal\",\"description\":\"AI Language Learning\",\"publisher\":{\"@id\":\"https:\/\/talkpal.ai\/de\/#organization\"},\"alternateName\":\"Talkpal AI\",\"potentialAction\":[{\"@type\":\"SearchAction\",\"target\":{\"@type\":\"EntryPoint\",\"urlTemplate\":\"https:\/\/talkpal.ai\/de\/?s={search_term_string}\"},\"query-input\":{\"@type\":\"PropertyValueSpecification\",\"valueRequired\":true,\"valueName\":\"search_term_string\"}}],\"inLanguage\":\"de\"},{\"@type\":\"Organization\",\"@id\":\"https:\/\/talkpal.ai\/de\/#organization\",\"name\":\"Talkpal, Inc.\",\"alternateName\":\"Talkpal AI\",\"url\":\"https:\/\/talkpal.ai\/de\/\",\"logo\":{\"@type\":\"ImageObject\",\"inLanguage\":\"de\",\"@id\":\"https:\/\/talkpal.ai\/de\/#\/schema\/logo\/image\/\",\"url\":\"https:\/\/talkpal.ai\/wp-content\/uploads\/2024\/03\/Talkpal-Logo-Icon.png\",\"contentUrl\":\"https:\/\/talkpal.ai\/wp-content\/uploads\/2024\/03\/Talkpal-Logo-Icon.png\",\"width\":2880,\"height\":2880,\"caption\":\"Talkpal, Inc.\"},\"image\":{\"@id\":\"https:\/\/talkpal.ai\/de\/#\/schema\/logo\/image\/\"},\"sameAs\":[\"https:\/\/www.facebook.com\/profile.php?id=100090733639311\",\"https:\/\/x.com\/talkpalai\",\"https:\/\/www.linkedin.com\/company\/talkpal\/\",\"https:\/\/www.youtube.com\/@TalkPal\/\",\"https:\/\/www.tiktok.com\/@talkpal\",\"https:\/\/www.instagram.com\/talkpal_ai\/\",\"https:\/\/www.crunchbase.com\/organization\/talkpal-9cde\",\"https:\/\/www.g2.com\/products\/talkpal-for-business\/\",\"https:\/\/www.trustpilot.com\/review\/talkpal.ai\",\"https:\/\/www.capterra.com\/p\/10006800\/TalkPal\/\"],\"description\":\"Talkpal is a language learning web and mobile education app, powered by the latest AI technologies, that provides engaging experiences to its customers in many different languages to help them improve their language skills. Users can chat about unlimited amount of topics with the app and use other modes to practice their language learning.\",\"email\":\"support@talkpal.ai\",\"legalName\":\"Talkpal, Inc.\",\"foundingDate\":\"2023-04-03\",\"duns\":\"118989042\",\"numberOfEmployees\":{\"@type\":\"QuantitativeValue\",\"minValue\":\"11\",\"maxValue\":\"50\"},\"publishingPrinciples\":\"https:\/\/talkpal.ai\/publishing-principles\/\",\"actionableFeedbackPolicy\":\"https:\/\/talkpal.ai\/actionable-feedback-policy\/\",\"correctionsPolicy\":\"https:\/\/talkpal.ai\/corrections-policy\/\",\"ethicsPolicy\":\"https:\/\/talkpal.ai\/ethics-policy\/\",\"diversityPolicy\":\"https:\/\/talkpal.ai\/diversity-policy\/\",\"diversityStaffingReport\":\"https:\/\/talkpal.ai\/diversity-policy\/\"}]}<\/script>\n<!-- \/ Yoast SEO Premium plugin. -->","yoast_head_json":{"title":"Irische Grammatik\u00fcbungen - Talkpal","description":"Beherrschen Sie die irische Grammatik mit interaktiven \u00dcbungen, die Ihnen helfen, Selbstvertrauen aufzubauen und die Sprache schneller zu lernen.","robots":{"index":"index","follow":"follow","max-snippet":"max-snippet:-1","max-image-preview":"max-image-preview:large","max-video-preview":"max-video-preview:-1"},"canonical":"https:\/\/talkpal.ai\/de\/irische-grammatikuebungen\/","og_locale":"de_DE","og_type":"article","og_title":"Irische Grammatik\u00fcbungen","og_description":"Themen der irischen Grammatik Das Erlernen einer neuen Sprache kann eine herausfordernde, aber lohnende Aufgabe sein. Irisch, eine keltische Sprache, die","og_url":"https:\/\/talkpal.ai\/de\/irische-grammatikuebungen\/","og_site_name":"Talkpal","article_publisher":"https:\/\/www.facebook.com\/profile.php?id=100090733639311","article_modified_time":"2025-12-30T14:59:33+00:00","og_image":[{"width":2880,"height":1620,"url":"https:\/\/talkpal.ai\/wp-content\/uploads\/2025\/02\/Progress-tab-16_9.png","type":"image\/png"}],"twitter_card":"summary_large_image","twitter_site":"@talkpalai","twitter_misc":{"Gesch\u00e4tzte Lesezeit":"3\u00a0Minuten"},"schema":{"@context":"https:\/\/schema.org","@graph":[{"@type":"WebPage","@id":"https:\/\/talkpal.ai\/de\/irische-grammatikuebungen\/","url":"https:\/\/talkpal.ai\/de\/irische-grammatikuebungen\/","name":"Irische Grammatik\u00fcbungen - Talkpal","isPartOf":{"@id":"https:\/\/talkpal.ai\/de\/#website"},"datePublished":"2025-11-12T09:53:34+00:00","dateModified":"2025-12-30T14:59:33+00:00","description":"Beherrschen Sie die irische Grammatik mit interaktiven \u00dcbungen, die Ihnen helfen, Selbstvertrauen aufzubauen und die Sprache schneller zu lernen.","breadcrumb":{"@id":"https:\/\/talkpal.ai\/de\/irische-grammatikuebungen\/#breadcrumb"},"inLanguage":"de","potentialAction":[{"@type":"ReadAction","target":["https:\/\/talkpal.ai\/de\/irische-grammatikuebungen\/"]}]},{"@type":"BreadcrumbList","@id":"https:\/\/talkpal.ai\/de\/irische-grammatikuebungen\/#breadcrumb","itemListElement":[{"@type":"ListItem","position":1,"name":"Homepage","item":"https:\/\/talkpal.ai\/de\/"},{"@type":"ListItem","position":2,"name":"Irische Grammatik\u00fcbungen"}]},{"@type":"WebSite","@id":"https:\/\/talkpal.ai\/de\/#website","url":"https:\/\/talkpal.ai\/de\/","name":"Talkpal","description":"AI Language Learning","publisher":{"@id":"https:\/\/talkpal.ai\/de\/#organization"},"alternateName":"Talkpal AI","potentialAction":[{"@type":"SearchAction","target":{"@type":"EntryPoint","urlTemplate":"https:\/\/talkpal.ai\/de\/?s={search_term_string}"},"query-input":{"@type":"PropertyValueSpecification","valueRequired":true,"valueName":"search_term_string"}}],"inLanguage":"de"},{"@type":"Organization","@id":"https:\/\/talkpal.ai\/de\/#organization","name":"Talkpal, Inc.","alternateName":"Talkpal AI","url":"https:\/\/talkpal.ai\/de\/","logo":{"@type":"ImageObject","inLanguage":"de","@id":"https:\/\/talkpal.ai\/de\/#\/schema\/logo\/image\/","url":"https:\/\/talkpal.ai\/wp-content\/uploads\/2024\/03\/Talkpal-Logo-Icon.png","contentUrl":"https:\/\/talkpal.ai\/wp-content\/uploads\/2024\/03\/Talkpal-Logo-Icon.png","width":2880,"height":2880,"caption":"Talkpal, Inc."},"image":{"@id":"https:\/\/talkpal.ai\/de\/#\/schema\/logo\/image\/"},"sameAs":["https:\/\/www.facebook.com\/profile.php?id=100090733639311","https:\/\/x.com\/talkpalai","https:\/\/www.linkedin.com\/company\/talkpal\/","https:\/\/www.youtube.com\/@TalkPal\/","https:\/\/www.tiktok.com\/@talkpal","https:\/\/www.instagram.com\/talkpal_ai\/","https:\/\/www.crunchbase.com\/organization\/talkpal-9cde","https:\/\/www.g2.com\/products\/talkpal-for-business\/","https:\/\/www.trustpilot.com\/review\/talkpal.ai","https:\/\/www.capterra.com\/p\/10006800\/TalkPal\/"],"description":"Talkpal is a language learning web and mobile education app, powered by the latest AI technologies, that provides engaging experiences to its customers in many different languages to help them improve their language skills. Users can chat about unlimited amount of topics with the app and use other modes to practice their language learning.","email":"support@talkpal.ai","legalName":"Talkpal, Inc.","foundingDate":"2023-04-03","duns":"118989042","numberOfEmployees":{"@type":"QuantitativeValue","minValue":"11","maxValue":"50"},"publishingPrinciples":"https:\/\/talkpal.ai\/publishing-principles\/","actionableFeedbackPolicy":"https:\/\/talkpal.ai\/actionable-feedback-policy\/","correctionsPolicy":"https:\/\/talkpal.ai\/corrections-policy\/","ethicsPolicy":"https:\/\/talkpal.ai\/ethics-policy\/","diversityPolicy":"https:\/\/talkpal.ai\/diversity-policy\/","diversityStaffingReport":"https:\/\/talkpal.ai\/diversity-policy\/"}]}},"_links":{"self":[{"href":"https:\/\/talkpal.ai\/de\/wp-json\/wp\/v2\/pages\/1463490","targetHints":{"allow":["GET"]}}],"collection":[{"href":"https:\/\/talkpal.ai\/de\/wp-json\/wp\/v2\/pages"}],"about":[{"href":"https:\/\/talkpal.ai\/de\/wp-json\/wp\/v2\/types\/page"}],"author":[{"embeddable":true,"href":"https:\/\/talkpal.ai\/de\/wp-json\/wp\/v2\/users\/20"}],"replies":[{"embeddable":true,"href":"https:\/\/talkpal.ai\/de\/wp-json\/wp\/v2\/comments?post=1463490"}],"version-history":[{"count":0,"href":"https:\/\/talkpal.ai\/de\/wp-json\/wp\/v2\/pages\/1463490\/revisions"}],"wp:attachment":[{"href":"https:\/\/talkpal.ai\/de\/wp-json\/wp\/v2\/media?parent=1463490"}],"curies":[{"name":"wp","href":"https:\/\/api.w.org\/{rel}","templated":true}]}}