{"id":1463397,"date":"2025-11-11T12:32:58","date_gmt":"2025-11-11T12:32:58","guid":{"rendered":"https:\/\/talkpal.ai\/albanische-grammatikuebungen\/"},"modified":"2025-12-30T15:39:39","modified_gmt":"2025-12-30T15:39:39","slug":"albanische-grammatikuebungen","status":"publish","type":"page","link":"https:\/\/talkpal.ai\/de\/albanische-grammatikuebungen\/","title":{"rendered":"Albanische Grammatik\u00fcbungen"},"content":{"rendered":"\r\n\r\n\r\n<section class=\"languageChallengeSection\">\r\n    <div class=\"languageInfoWrapper\">\r\n        \r\n        <h1>Albanische Grammatik\u00fcbungen<\/h1>\r\n        <p>Sind Sie bereit, in die albanische <a href=\"https:\/\/talkpal.ai\/fr\/les\/\">Grammatik<\/a> einzutauchen? Das \u00dcben einiger Grundlagen wird Ihnen helfen, sich mit dieser einzigartigen und sch\u00f6nen Sprache vertraut zu machen. Probieren Sie diese \u00dcbungen aus, um Ihr Selbstvertrauen zu st\u00e4rken und dabei auch noch Spa\u00df zu haben!<\/p>\r\n\r\n                            <a class=\"getStartedHidden\" href=\"https:\/\/app.talkpal.ai\/de\/signup?lng=\">Leg los<\/a>\r\n        \r\n    <\/div>\r\n\r\n    <figure>\r\n    <img decoding=\"async\" width=\"768\" height=\"768\" src=\"https:\/\/talkpal.ai\/wp-content\/uploads\/2023\/06\/welsh-768x768.png\" class=\"languageImage no-lazy\" alt=\"Default alt text\" fetchpriority=\"high\" sizes=\"(max-width: 768px) 150px, 768px\" srcset=\"https:\/\/talkpal.ai\/wp-content\/uploads\/2023\/06\/welsh-768x768.png 768w, https:\/\/talkpal.ai\/wp-content\/uploads\/2023\/06\/welsh-300x300.png 300w\" \/>\r\n    \r\n\r\n    <\/figure>\r\n\r\n            <a class=\"getStartedVisible\" href=\"https:\/\/app.talkpal.ai\/de\/signup?lng=\">Leg los<\/a>\r\n    \r\n<\/section><section class=\"promotionalBanner\">\r\n    <p class=\"promotionalText\">Der effizienteste Weg, eine Sprache zu lernen<\/p>\r\n    <a class=\"promotionalLink\" href=\"https:\/\/app.talkpal.ai\/de\/signup?lng=\">Talkpal kostenlos<\/a>\r\n<\/section>\n<div class=\"wp-block-group pageContainerStyle\"><div class=\"wp-block-group__inner-container is-layout-constrained wp-block-group-is-layout-constrained\">\n<h2 class=\"wp-block-heading\" id=\"h-albanian-grammar-topics\">Themen der albanischen Grammatik<\/h2>\n\n\n\n<p><a href=\"https:\/\/talkpal.ai\/de\/die-groessten-fehler-die-sie-beim-erlernen-einer-neuen-sprache-vermeiden-sollten\/\">Das Erlernen einer neuen Sprache<\/a> kann eine herausfordernde, aber lohnende Aufgabe sein. <a href=\"https:\/\/talkpal.ai\/learn-albanian\/\">Albanisch<\/a>, eine indoeurop\u00e4ische Sprache, die haupts\u00e4chlich in Albanien gesprochen wird, ist da keine Ausnahme. Mit seinen einzigartigen Merkmalen und Strukturen erfordert das <a href=\"https:\/\/talkpal.ai\/de\/talkpal-fuer-bildung\/\">Erlernen<\/a> des Albanischen einen systematischen Ansatz, um seine reichhaltige Grammatik zu verstehen. Dieser Leitfaden skizziert die Schl\u00fcsselbereiche der <a href=\"https:\/\/talkpal.ai\/de\/albanische-grammatik\/\">albanischen Grammatik<\/a> in einer logischen Abfolge f\u00fcr das <a href=\"https:\/\/talkpal.ai\/de\/ki-chatbot-zum-sprachenlernen\/\">Sprachenlernen<\/a>, beginnend mit den Grundlagen wie Substantiven und Artikeln bis hin zu komplexeren Bereichen wie <a href=\"https:\/\/talkpal.ai\/zh-hans\/grammar_exercises\/zeitformen-%e5%be%b7%e5%9b%bd%e8%af%ad%e6%b3%95%e7%bb%83%e4%b9%a0\/\">Zeitformen<\/a> und Satzbau.<\/p>\n\n\n\n<h3 class=\"wp-block-heading\" id=\"h-1-nouns\">1. Substantive:<\/h3>\n\n\n\n<p>Beginnen Sie Ihre Reise mit der Sprache Albanisch, indem Sie die Substantive lernen. Dazu geh\u00f6rt das Verst\u00e4ndnis von Geschlecht und Zahl, gebr\u00e4uchlichen und Eigennamen und deren Pluralformen. Albanische Substantive flektieren auch f\u00fcr den Kasus und haben sowohl unbestimmte als auch bestimmte Formen, wobei die Bestimmtheit oft durch ein Suffix gekennzeichnet ist, das an das Substantiv angeh\u00e4ngt ist.<\/p>\n\n\n\n<h3 class=\"wp-block-heading\" id=\"h-2-articles\">2. Artikel:<\/h3>\n\n\n\n<p>Artikel auf Albanisch funktionieren anders als <a href=\"https:\/\/talkpal.ai\/de\/ki-englischsprachige-praxis\/\">auf Englisch<\/a>. Der bestimmte Artikel ist in der Regel ein Suffix, das an das Substantiv angeh\u00e4ngt wird, w\u00e4hrend der <a href=\"https:\/\/talkpal.ai\/de\/grammar\/unbestimmte-artikel-in-der-malaiischen-grammatik\/\">unbestimmte Artikel<\/a> das separate Wort nj\u00eb im Singular ist. Im Albanischen wird auch ein Verkn\u00fcpfungsartikel vor Adjektiven und in bestimmten Genitivkonstruktionen verwendet, der in Geschlecht und Zahl \u00fcbereinstimmt.<\/p>\n\n\n\n<h3 class=\"wp-block-heading\" id=\"h-3-adjectives\">3. Adjektive:<\/h3>\n\n\n\n<p>Adjektive im Albanischen folgen in der Regel ihren Substantiven. Die \u00dcbereinstimmung wird durch den Verkn\u00fcpfungsartikel vor dem Adjektiv gezeigt, der das Geschlecht, die Anzahl und den Fall des Substantivs widerspiegelt. Lernen Sie, Komparative und Superlative zu bilden, h\u00e4ufig mit m\u00eb f\u00fcr den Komparativ und der bestimmten Form f\u00fcr den Superlativ.<\/p>\n\n\n\n<h3 class=\"wp-block-heading\" id=\"h-4-pronouns-determiners\">4. Pronomen\/Determinanten:<\/h3>\n\n\n\n<p>Pronomen und Determinanten sind im Albanischen essentiell; Sie ersetzen Substantive und liefern Informationen \u00fcber Person, Besitz, Menge und mehr. Achte besonders auf klitische Objektpronomen, die oft vor dem Verb stehen, und auf Possessivdeterminanten, die mit dem Substantiv \u00fcbereinstimmen, das sie modifizieren.<\/p>\n\n\n\n<h3 class=\"wp-block-heading\" id=\"h-5-verbs\">5. Verben:<\/h3>\n\n\n\n<p>Albanische Verben \u00e4ndern die Form f\u00fcr Person und Zahl und werden in verschiedenen Stimmungen wie Indikativ, <a href=\"https:\/\/talkpal.ai\/ja\/grammar_exercises\/konjunktiv-%e3%83%89%e3%82%a4%e3%83%84%e6%96%87%e6%b3%95%e3%81%ae%e6%bc%94%e7%bf%92\/\">Konjunktiv<\/a>, <a href=\"https:\/\/talkpal.ai\/ja\/grammar_exercises\/imperatif-%e3%83%95%e3%83%a9%e3%83%b3%e3%82%b9%e3%81%ae%e6%96%87%e6%b3%95%e3%81%ae%e3%81%9f%e3%82%81%e3%81%ae%e6%bc%94%e7%bf%92\/\">Imperativ<\/a>, Konditional und Admirativ verwendet. Beginnen Sie mit der Gegenwart und den g\u00e4ngigen Vergangenheitsformen und erweitern Sie sie dann auf andere Stimmungen und Stimmen, einschlie\u00dflich passiver Formationen.<\/p>\n\n\n\n<h3 class=\"wp-block-heading\" id=\"h-6-tenses\">6. Zeitformen:<\/h3>\n\n\n\n<p>Nachdem du die Verbformen gemeistert hast, tauchst du tiefer in die albanischen Zeitformen ein. Zu den Schl\u00fcsselformen geh\u00f6ren das Pr\u00e4sens, das Imperfekt, der Aorist, das Perfekt, das Pluperfekt und das Futur. Erfahren Sie, wie jede Zeitform im Kontext verwendet wird, um abgeschlossene Aktionen, laufende vergangene Handlungen und zuk\u00fcnftige Ereignisse auszudr\u00fccken.<\/p>\n\n\n\n<h3 class=\"wp-block-heading\" id=\"h-7-tense-comparison\">7. Spannender Vergleich:<\/h3>\n\n\n\n<p>Der Vergleich der Zeitformen im Albanischen hilft dabei, die Abfolge und den Aspekt der Ereignisse zu verstehen. Vergleichen Sie den Aorist mit dem Perfekt der Gegenwart und das Imperfekt mit dem Aorist, um zu sehen, wie das Albanische zwischen einzelnen abgeschlossenen Handlungen, fortlaufenden vergangenen Handlungen und gegenw\u00e4rtiger Relevanz unterscheidet.<\/p>\n\n\n\n<h3 class=\"wp-block-heading\" id=\"h-8-progressive\">8. Progressiv:<\/h3>\n\n\n\n<p>Der progressive Aspekt wird im Albanischen h\u00e4ufig mit der <a href=\"https:\/\/talkpal.ai\/ja\/grammar\/%e7%b2%92%e5%ad%90%e3%81%b8\/\">Partikel<\/a> po vor dem finiten Verb oder mit der Struktur jam duke ausgedr\u00fcckt, gefolgt vom Verbalnomen oder Partizip. Verwenden Sie diese, um laufende Handlungen in der Gegenwart oder Vergangenheit auszudr\u00fccken.<\/p>\n\n\n\n<h3 class=\"wp-block-heading\" id=\"h-9-perfect-progressive\">9. Perfekt progressiv:<\/h3>\n\n\n\n<p>Dieser Aspekt wird verwendet, um Handlungen auszudr\u00fccken, die bis zu einem bestimmten Punkt andauern. Im Albanischen wird es gebildet mit kam qen\u00eb duke, gefolgt vom Partizip f\u00fcr das Present Perfect Progressive und kisha qen\u00eb duke f\u00fcr das Past Perfect Progressive.<\/p>\n\n\n\n<h3 class=\"wp-block-heading\" id=\"h-10-conditionals\">10. Bedingungen:<\/h3>\n\n\n\n<p>Konditionale dr\u00fccken hypothetische Situationen und ihre m\u00f6glichen Ergebnisse aus. Albanisch verwendet Formen mit do t\u00eb plus die entsprechende Verbform f\u00fcr potenzielle oder irreale Situationen und if-S\u00e4tze, die durch n\u00ebse oder po t\u00eb eingeleitet werden. Wenn Sie diese beherrschen, werden Sie Ihre Sprachkenntnisse nuancieren.<\/p>\n\n\n\n<h3 class=\"wp-block-heading\" id=\"h-11-adverbs\">11. Adverbien:<\/h3>\n\n\n\n<p>Adverbien im Albanischen modifizieren Verben, Adjektive oder andere Adverbien. Sie geben Auskunft \u00fcber Art, Ort, Zeit, Grad und mehr, wobei sie oft Formen verwenden, die mit Adjektiven oder festen adverbialen W\u00f6rtern wie tani, dje, k\u00ebtu und atje identisch sind.<\/p>\n\n\n\n<h3 class=\"wp-block-heading\" id=\"h-12-prepositions\">12. Pr\u00e4positionen:<\/h3>\n\n\n\n<p>Pr\u00e4positionen verbinden W\u00f6rter und Phrasen miteinander. Sie dr\u00fccken Beziehungen von Zeit, Ort, Richtung und mehr aus, indem sie g\u00e4ngige Elemente wie n\u00eb, te, tek, me, pa, p\u00ebr, nga, mbi, n\u00ebn, para und pas verwenden. Erfahren Sie, wie sie mit F\u00e4llen kombiniert werden und den verlinkenden Artikel in Nominalphrasen.<\/p>\n\n\n\n<h3 class=\"wp-block-heading\" id=\"h-13-sentences\">13. S\u00e4tze:<\/h3>\n\n\n\n<p>Zum Schluss \u00fcbst du, S\u00e4tze zu bilden. Albanisch hat typischerweise eine flexible Wortstellung mit einem gemeinsamen SVO-Muster, verwendet klitische Pronomen vor dem Verb, negiert mit nuk und bildet Fragen durch Intonation oder mit a. Die Verwendung aller zuvor gelernten Grammatikpunkte im Kontext gew\u00e4hrleistet ein umfassendes Verst\u00e4ndnis der albanischen Sprache.<\/p>\n<\/div><\/div>\n\r\n<section class=\"learnNavigationSection\">\r\n            \r\n        <a href=\"https:\/\/talkpal.ai\/de\/albanisch-lernen\/\">\r\n            <div class=\"learnNavigationWrapper\">\r\n                <div class=\"learnNavigationContent\">\r\n                    <img decoding=\"async\" src=\"https:\/\/talkpal.ai\/wp-content\/uploads\/2025\/11\/Albanian.png\" alt=\"Albanian Flag\">\r\n                    <div>\r\n                        <h4>\u00dcber Albanisch lernen<\/h4>\r\n                        <p>Erfahren Sie alles \u00fcber die albanische Grammatik.<\/p>\r\n                    <\/div>\r\n                <\/div>\r\n            <\/div>\r\n        <\/a>\r\n\r\n        \r\n        <a href=\"https:\/\/talkpal.ai\/de\/albanische-grammatik\/\">\r\n            <div class=\"learnNavigationWrapper\">\r\n                <div class=\"learnNavigationContent\">\r\n                    <img decoding=\"async\" src=\"https:\/\/talkpal.ai\/wp-content\/uploads\/2025\/11\/Albanian.png\" alt=\"Albanian Flag\">\r\n                    <div>\r\n                        <h4>Lektionen in der albanischen Grammatik<\/h4>\r\n                        <p>\u00dcben Sie die albanische Grammatik.<\/p>\r\n                    <\/div>\r\n                <\/div>\r\n            <\/div>\r\n        <\/a>\r\n\r\n            <\/section>","protected":false},"excerpt":{"rendered":"<p>Themen der albanischen Grammatik Das Erlernen einer neuen Sprache kann eine herausfordernde, aber lohnende Aufgabe sein. Albanisch, eine indoeurop\u00e4ische Sprache, die haupts\u00e4chlich in Albanien gesprochen wird, ist da keine Ausnahme. Mit seinen einzigartigen Merkmalen und Strukturen erfordert das Erlernen des Albanischen einen systematischen Ansatz, um seine reichhaltige Grammatik zu verstehen. Dieser Leitfaden skizziert die Schl\u00fcsselbereiche [&hellip;]<\/p>\n","protected":false},"author":20,"featured_media":0,"parent":0,"menu_order":0,"comment_status":"closed","ping_status":"closed","template":"LearningContentPage.php","meta":{"_acf_changed":false,"footnotes":""},"class_list":["post-1463397","page","type-page","status-publish","hentry"],"acf":[],"yoast_head":"<!-- This site is optimized with the Yoast SEO Premium plugin v27.2 (Yoast SEO v27.2) - https:\/\/yoast.com\/product\/yoast-seo-premium-wordpress\/ -->\n<title>Albanische Grammatik\u00fcbungen - Talkpal<\/title>\n<meta name=\"description\" content=\"Verbessern Sie Ihr Albanisch mit den interaktiven Grammatik\u00fcbungen von Talkpal zu Substantiven, Verben, Zeitformen und Satzstrukturen.\" \/>\n<meta name=\"robots\" content=\"index, follow, max-snippet:-1, max-image-preview:large, max-video-preview:-1\" \/>\n<link rel=\"canonical\" href=\"https:\/\/talkpal.ai\/de\/albanische-grammatikuebungen\/\" \/>\n<meta property=\"og:locale\" content=\"de_DE\" \/>\n<meta property=\"og:type\" content=\"article\" \/>\n<meta property=\"og:title\" content=\"Albanische Grammatik\u00fcbungen\" \/>\n<meta property=\"og:description\" content=\"Themen der albanischen Grammatik Das Erlernen einer neuen Sprache kann eine herausfordernde, aber lohnende Aufgabe sein. Albanisch, eine indoeurop\u00e4ische\" \/>\n<meta property=\"og:url\" content=\"https:\/\/talkpal.ai\/de\/albanische-grammatikuebungen\/\" \/>\n<meta property=\"og:site_name\" content=\"Talkpal\" \/>\n<meta property=\"article:publisher\" content=\"https:\/\/www.facebook.com\/profile.php?id=100090733639311\" \/>\n<meta property=\"article:modified_time\" content=\"2025-12-30T15:39:39+00:00\" \/>\n<meta property=\"og:image\" content=\"https:\/\/talkpal.ai\/wp-content\/uploads\/2025\/02\/Progress-tab-16_9.png\" \/>\n\t<meta property=\"og:image:width\" content=\"2880\" \/>\n\t<meta property=\"og:image:height\" content=\"1620\" \/>\n\t<meta property=\"og:image:type\" content=\"image\/png\" \/>\n<meta name=\"twitter:card\" content=\"summary_large_image\" \/>\n<meta name=\"twitter:site\" content=\"@talkpalai\" \/>\n<meta name=\"twitter:label1\" content=\"Gesch\u00e4tzte Lesezeit\" \/>\n\t<meta name=\"twitter:data1\" content=\"4\u00a0Minuten\" \/>\n<script type=\"application\/ld+json\" class=\"yoast-schema-graph\">{\"@context\":\"https:\/\/schema.org\",\"@graph\":[{\"@type\":\"WebPage\",\"@id\":\"https:\/\/talkpal.ai\/de\/albanische-grammatikuebungen\/\",\"url\":\"https:\/\/talkpal.ai\/de\/albanische-grammatikuebungen\/\",\"name\":\"Albanische Grammatik\u00fcbungen - Talkpal\",\"isPartOf\":{\"@id\":\"https:\/\/talkpal.ai\/de\/#website\"},\"datePublished\":\"2025-11-11T12:32:58+00:00\",\"dateModified\":\"2025-12-30T15:39:39+00:00\",\"description\":\"Verbessern Sie Ihr Albanisch mit den interaktiven Grammatik\u00fcbungen von Talkpal zu Substantiven, Verben, Zeitformen und Satzstrukturen.\",\"breadcrumb\":{\"@id\":\"https:\/\/talkpal.ai\/de\/albanische-grammatikuebungen\/#breadcrumb\"},\"inLanguage\":\"de\",\"potentialAction\":[{\"@type\":\"ReadAction\",\"target\":[\"https:\/\/talkpal.ai\/de\/albanische-grammatikuebungen\/\"]}]},{\"@type\":\"BreadcrumbList\",\"@id\":\"https:\/\/talkpal.ai\/de\/albanische-grammatikuebungen\/#breadcrumb\",\"itemListElement\":[{\"@type\":\"ListItem\",\"position\":1,\"name\":\"Homepage\",\"item\":\"https:\/\/talkpal.ai\/de\/\"},{\"@type\":\"ListItem\",\"position\":2,\"name\":\"Albanische Grammatik\u00fcbungen\"}]},{\"@type\":\"WebSite\",\"@id\":\"https:\/\/talkpal.ai\/de\/#website\",\"url\":\"https:\/\/talkpal.ai\/de\/\",\"name\":\"Talkpal\",\"description\":\"AI Language Learning\",\"publisher\":{\"@id\":\"https:\/\/talkpal.ai\/de\/#organization\"},\"alternateName\":\"Talkpal AI\",\"potentialAction\":[{\"@type\":\"SearchAction\",\"target\":{\"@type\":\"EntryPoint\",\"urlTemplate\":\"https:\/\/talkpal.ai\/de\/?s={search_term_string}\"},\"query-input\":{\"@type\":\"PropertyValueSpecification\",\"valueRequired\":true,\"valueName\":\"search_term_string\"}}],\"inLanguage\":\"de\"},{\"@type\":\"Organization\",\"@id\":\"https:\/\/talkpal.ai\/de\/#organization\",\"name\":\"Talkpal, Inc.\",\"alternateName\":\"Talkpal AI\",\"url\":\"https:\/\/talkpal.ai\/de\/\",\"logo\":{\"@type\":\"ImageObject\",\"inLanguage\":\"de\",\"@id\":\"https:\/\/talkpal.ai\/de\/#\/schema\/logo\/image\/\",\"url\":\"https:\/\/talkpal.ai\/wp-content\/uploads\/2024\/03\/Talkpal-Logo-Icon.png\",\"contentUrl\":\"https:\/\/talkpal.ai\/wp-content\/uploads\/2024\/03\/Talkpal-Logo-Icon.png\",\"width\":2880,\"height\":2880,\"caption\":\"Talkpal, Inc.\"},\"image\":{\"@id\":\"https:\/\/talkpal.ai\/de\/#\/schema\/logo\/image\/\"},\"sameAs\":[\"https:\/\/www.facebook.com\/profile.php?id=100090733639311\",\"https:\/\/x.com\/talkpalai\",\"https:\/\/www.linkedin.com\/company\/talkpal\/\",\"https:\/\/www.youtube.com\/@TalkPal\/\",\"https:\/\/www.tiktok.com\/@talkpal\",\"https:\/\/www.instagram.com\/talkpal_ai\/\",\"https:\/\/www.crunchbase.com\/organization\/talkpal-9cde\",\"https:\/\/www.g2.com\/products\/talkpal-for-business\/\",\"https:\/\/www.trustpilot.com\/review\/talkpal.ai\",\"https:\/\/www.capterra.com\/p\/10006800\/TalkPal\/\"],\"description\":\"Talkpal is a language learning web and mobile education app, powered by the latest AI technologies, that provides engaging experiences to its customers in many different languages to help them improve their language skills. Users can chat about unlimited amount of topics with the app and use other modes to practice their language learning.\",\"email\":\"support@talkpal.ai\",\"legalName\":\"Talkpal, Inc.\",\"foundingDate\":\"2023-04-03\",\"duns\":\"118989042\",\"numberOfEmployees\":{\"@type\":\"QuantitativeValue\",\"minValue\":\"11\",\"maxValue\":\"50\"},\"publishingPrinciples\":\"https:\/\/talkpal.ai\/publishing-principles\/\",\"actionableFeedbackPolicy\":\"https:\/\/talkpal.ai\/actionable-feedback-policy\/\",\"correctionsPolicy\":\"https:\/\/talkpal.ai\/corrections-policy\/\",\"ethicsPolicy\":\"https:\/\/talkpal.ai\/ethics-policy\/\",\"diversityPolicy\":\"https:\/\/talkpal.ai\/diversity-policy\/\",\"diversityStaffingReport\":\"https:\/\/talkpal.ai\/diversity-policy\/\"}]}<\/script>\n<!-- \/ Yoast SEO Premium plugin. -->","yoast_head_json":{"title":"Albanische Grammatik\u00fcbungen - Talkpal","description":"Verbessern Sie Ihr Albanisch mit den interaktiven Grammatik\u00fcbungen von Talkpal zu Substantiven, Verben, Zeitformen und Satzstrukturen.","robots":{"index":"index","follow":"follow","max-snippet":"max-snippet:-1","max-image-preview":"max-image-preview:large","max-video-preview":"max-video-preview:-1"},"canonical":"https:\/\/talkpal.ai\/de\/albanische-grammatikuebungen\/","og_locale":"de_DE","og_type":"article","og_title":"Albanische Grammatik\u00fcbungen","og_description":"Themen der albanischen Grammatik Das Erlernen einer neuen Sprache kann eine herausfordernde, aber lohnende Aufgabe sein. Albanisch, eine indoeurop\u00e4ische","og_url":"https:\/\/talkpal.ai\/de\/albanische-grammatikuebungen\/","og_site_name":"Talkpal","article_publisher":"https:\/\/www.facebook.com\/profile.php?id=100090733639311","article_modified_time":"2025-12-30T15:39:39+00:00","og_image":[{"width":2880,"height":1620,"url":"https:\/\/talkpal.ai\/wp-content\/uploads\/2025\/02\/Progress-tab-16_9.png","type":"image\/png"}],"twitter_card":"summary_large_image","twitter_site":"@talkpalai","twitter_misc":{"Gesch\u00e4tzte Lesezeit":"4\u00a0Minuten"},"schema":{"@context":"https:\/\/schema.org","@graph":[{"@type":"WebPage","@id":"https:\/\/talkpal.ai\/de\/albanische-grammatikuebungen\/","url":"https:\/\/talkpal.ai\/de\/albanische-grammatikuebungen\/","name":"Albanische Grammatik\u00fcbungen - Talkpal","isPartOf":{"@id":"https:\/\/talkpal.ai\/de\/#website"},"datePublished":"2025-11-11T12:32:58+00:00","dateModified":"2025-12-30T15:39:39+00:00","description":"Verbessern Sie Ihr Albanisch mit den interaktiven Grammatik\u00fcbungen von Talkpal zu Substantiven, Verben, Zeitformen und Satzstrukturen.","breadcrumb":{"@id":"https:\/\/talkpal.ai\/de\/albanische-grammatikuebungen\/#breadcrumb"},"inLanguage":"de","potentialAction":[{"@type":"ReadAction","target":["https:\/\/talkpal.ai\/de\/albanische-grammatikuebungen\/"]}]},{"@type":"BreadcrumbList","@id":"https:\/\/talkpal.ai\/de\/albanische-grammatikuebungen\/#breadcrumb","itemListElement":[{"@type":"ListItem","position":1,"name":"Homepage","item":"https:\/\/talkpal.ai\/de\/"},{"@type":"ListItem","position":2,"name":"Albanische Grammatik\u00fcbungen"}]},{"@type":"WebSite","@id":"https:\/\/talkpal.ai\/de\/#website","url":"https:\/\/talkpal.ai\/de\/","name":"Talkpal","description":"AI Language Learning","publisher":{"@id":"https:\/\/talkpal.ai\/de\/#organization"},"alternateName":"Talkpal AI","potentialAction":[{"@type":"SearchAction","target":{"@type":"EntryPoint","urlTemplate":"https:\/\/talkpal.ai\/de\/?s={search_term_string}"},"query-input":{"@type":"PropertyValueSpecification","valueRequired":true,"valueName":"search_term_string"}}],"inLanguage":"de"},{"@type":"Organization","@id":"https:\/\/talkpal.ai\/de\/#organization","name":"Talkpal, Inc.","alternateName":"Talkpal AI","url":"https:\/\/talkpal.ai\/de\/","logo":{"@type":"ImageObject","inLanguage":"de","@id":"https:\/\/talkpal.ai\/de\/#\/schema\/logo\/image\/","url":"https:\/\/talkpal.ai\/wp-content\/uploads\/2024\/03\/Talkpal-Logo-Icon.png","contentUrl":"https:\/\/talkpal.ai\/wp-content\/uploads\/2024\/03\/Talkpal-Logo-Icon.png","width":2880,"height":2880,"caption":"Talkpal, Inc."},"image":{"@id":"https:\/\/talkpal.ai\/de\/#\/schema\/logo\/image\/"},"sameAs":["https:\/\/www.facebook.com\/profile.php?id=100090733639311","https:\/\/x.com\/talkpalai","https:\/\/www.linkedin.com\/company\/talkpal\/","https:\/\/www.youtube.com\/@TalkPal\/","https:\/\/www.tiktok.com\/@talkpal","https:\/\/www.instagram.com\/talkpal_ai\/","https:\/\/www.crunchbase.com\/organization\/talkpal-9cde","https:\/\/www.g2.com\/products\/talkpal-for-business\/","https:\/\/www.trustpilot.com\/review\/talkpal.ai","https:\/\/www.capterra.com\/p\/10006800\/TalkPal\/"],"description":"Talkpal is a language learning web and mobile education app, powered by the latest AI technologies, that provides engaging experiences to its customers in many different languages to help them improve their language skills. Users can chat about unlimited amount of topics with the app and use other modes to practice their language learning.","email":"support@talkpal.ai","legalName":"Talkpal, Inc.","foundingDate":"2023-04-03","duns":"118989042","numberOfEmployees":{"@type":"QuantitativeValue","minValue":"11","maxValue":"50"},"publishingPrinciples":"https:\/\/talkpal.ai\/publishing-principles\/","actionableFeedbackPolicy":"https:\/\/talkpal.ai\/actionable-feedback-policy\/","correctionsPolicy":"https:\/\/talkpal.ai\/corrections-policy\/","ethicsPolicy":"https:\/\/talkpal.ai\/ethics-policy\/","diversityPolicy":"https:\/\/talkpal.ai\/diversity-policy\/","diversityStaffingReport":"https:\/\/talkpal.ai\/diversity-policy\/"}]}},"_links":{"self":[{"href":"https:\/\/talkpal.ai\/de\/wp-json\/wp\/v2\/pages\/1463397","targetHints":{"allow":["GET"]}}],"collection":[{"href":"https:\/\/talkpal.ai\/de\/wp-json\/wp\/v2\/pages"}],"about":[{"href":"https:\/\/talkpal.ai\/de\/wp-json\/wp\/v2\/types\/page"}],"author":[{"embeddable":true,"href":"https:\/\/talkpal.ai\/de\/wp-json\/wp\/v2\/users\/20"}],"replies":[{"embeddable":true,"href":"https:\/\/talkpal.ai\/de\/wp-json\/wp\/v2\/comments?post=1463397"}],"version-history":[{"count":0,"href":"https:\/\/talkpal.ai\/de\/wp-json\/wp\/v2\/pages\/1463397\/revisions"}],"wp:attachment":[{"href":"https:\/\/talkpal.ai\/de\/wp-json\/wp\/v2\/media?parent=1463397"}],"curies":[{"name":"wp","href":"https:\/\/api.w.org\/{rel}","templated":true}]}}