{"id":1463380,"date":"2025-11-12T11:25:16","date_gmt":"2025-11-12T11:25:16","guid":{"rendered":"https:\/\/talkpal.ai\/khmer-grammatik\/"},"modified":"2025-12-30T14:41:56","modified_gmt":"2025-12-30T14:41:56","slug":"khmer-grammatik","status":"publish","type":"page","link":"https:\/\/talkpal.ai\/de\/khmer-grammatik\/","title":{"rendered":"Khmer-Grammatik"},"content":{"rendered":"\r\n\r\n\r\n<section class=\"languageChallengeSection\">\r\n    <div class=\"languageInfoWrapper\">\r\n        \r\n        <h1>Khmer-Grammatik<\/h1>\r\n        <p>Die <a href=\"https:\/\/talkpal.ai\/fr\/les\/\">Grammatik<\/a> der <a href=\"https:\/\/talkpal.ai\/learn-khmer\/\">Khmer<\/a> mag auf den ersten Blick herausfordernd erscheinen, aber ihre einzigartigen Eigenschaften machen das Erlernen der Sprache zu einer lohnenden Erfahrung. Durch die Erforschung des Alphabets, der Mutationen und der Grammatikregeln erhalten Sie einen Einblick in eine reiche sprachliche Tradition. Beginnen Sie Ihre Reise und entdecken Sie die Sch\u00f6nheit von Khmer!<\/p>\r\n\r\n                            <a class=\"getStartedHidden\" href=\"https:\/\/app.talkpal.ai\/de\/signup?lng=\">Leg los<\/a>\r\n        \r\n    <\/div>\r\n\r\n    <figure>\r\n    <img decoding=\"async\" width=\"768\" height=\"768\" src=\"https:\/\/talkpal.ai\/wp-content\/uploads\/2023\/06\/welsh-768x768.png\" class=\"languageImage no-lazy\" alt=\"Default alt text\" fetchpriority=\"high\" sizes=\"(max-width: 768px) 150px, 768px\" srcset=\"https:\/\/talkpal.ai\/wp-content\/uploads\/2023\/06\/welsh-768x768.png 768w, https:\/\/talkpal.ai\/wp-content\/uploads\/2023\/06\/welsh-300x300.png 300w\" \/>\r\n    \r\n\r\n    <\/figure>\r\n\r\n            <a class=\"getStartedVisible\" href=\"https:\/\/app.talkpal.ai\/de\/signup?lng=\">Leg los<\/a>\r\n    \r\n<\/section><section class=\"promotionalBanner\">\r\n    <p class=\"promotionalText\">Der effizienteste Weg, eine Sprache zu lernen<\/p>\r\n    <a class=\"promotionalLink\" href=\"https:\/\/app.talkpal.ai\/de\/signup?lng=\">Talkpal kostenlos<\/a>\r\n<\/section>\n<div class=\"wp-block-group pageContainerStyle\"><div class=\"wp-block-group__inner-container is-layout-constrained wp-block-group-is-layout-constrained\">\n<h2 class=\"wp-block-heading\" id=\"h-navigating-the-intricacies-of-khmer-grammar\">Navigieren in den Feinheiten der Khmer-Grammatik<\/h2>\n\n\n\n<p><a href=\"https:\/\/talkpal.ai\/de\/lernen-sie-khmer\/\">Khmer<\/a>, die Nationalsprache Kambodschas und eine wichtige austroasiatische Sprache mit einer tiefen literarischen Tradition, bietet ein aufregendes Spracherlebnis f\u00fcr diejenigen, die das einzigartige Grammatiksystem erkunden m\u00f6chten. Wenn Sie sich in das Reich der Khmer wagen, werden Sie <a href=\"https:\/\/talkpal.ai\/culture\/how-do-i-use-the-word-nicht-nur-sondern-auch\/\">nicht nur<\/a> Ihr sprachliches Repertoire bereichern, sondern auch eine faszinierende kulturelle Reise unternehmen. Auch wenn die <a href=\"https:\/\/talkpal.ai\/khmer-grammar\/\">Khmer-Grammatik<\/a> auf den ersten Blick ungewohnt erscheinen mag, macht die Zerlegung in Kernkomponenten das Erlernen der Sprache zug\u00e4nglicher. In diesem Artikel erkunden wir die faszinierende Welt der Khmer-Grammatik und geben Tipps, wie Sie ihre Komplexit\u00e4t meistern k\u00f6nnen.<\/p>\n\n\n\n<h3 class=\"wp-block-heading\" id=\"h-1-khmer-alphabet-and-phonetics\">1. Khmer-Alphabet und Phonetik<\/h3>\n\n\n\n<p>Das Khmer-Schriftsystem ist ein Abugida, das aus 33 Konsonanten, 23 abh\u00e4ngigen Vokalen und 12 unabh\u00e4ngigen Vokalen besteht. Konsonanten gibt es in zwei Reihen, die sich auf die Vokalqualit\u00e4t auswirken, und Vokalsymbole \u00e4ndern ihre Aussprache je nach Konsonantenreihe. Um die Khmer-Grammatik zu lernen, ist es wichtig, sich mit dieser unverwechselbaren Schrift vertraut zu machen, indem man das Lesen und Schreiben in Khmer \u00fcbt.<\/p>\n\n\n\n<h3 class=\"wp-block-heading\" id=\"h-2-consonant-series-a-peculiar-khmer-feature\">2. Konsonantenreihe: Ein eigent\u00fcmliches Merkmal der Khmer<\/h3>\n\n\n\n<p>Einer der auff\u00e4lligsten Aspekte des Khmer sind seine beiden Konsonantenreihen, die oft als <a href=\"https:\/\/talkpal.ai\/ko\/ai-%ec%96%b8%ec%96%b4-%ea%b5%90%ec%82%ac\/\">Register<\/a> bezeichnet werden und die Aussprache abh\u00e4ngiger Vokale beeinflussen. Die Konsonanten der A-Serie und der O-Serie f\u00fchren dazu, dass das gleiche Vokalsymbol unterschiedlich gelesen wird. Zu verstehen, wie diese Reihen funktionieren, zusammen mit den g\u00e4ngigen diakritischen Zeichen, ist entscheidend f\u00fcr eine genaue Aussprache und das Schreiben in Khmer.<\/p>\n\n\n\n<h3 class=\"wp-block-heading\" id=\"h-3-nouns-and-pronouns-gender-and-cases\">3. Substantive und Pronomen: Geschlecht und Kasus<\/h3>\n\n\n\n<p>Khmer-Substantive haben kein grammatikalisches Geschlecht und flektieren nicht f\u00fcr Kasus. Pluralit\u00e4t wird oft mit Kontext, Reduplikation oder W\u00f6rtern wie \u1785\u17d2\u179a\u17be\u1793 angegeben. Zu den Pronomen in Khmer geh\u00f6ren Personal-, Possessiv-, Reflex-, Demonstrativ- und Frageformen und sie variieren je nach H\u00f6flichkeit und sozialem Kontext. Wenn du dich mit diesen Pronomen und Partikeln wie \u179a\u1794\u179f\u17cb f\u00fcr Besitz vertraut machst, wird sich dein Verst\u00e4ndnis der Khmer-Grammatik erheblich verbessern.<\/p>\n\n\n\n<h3 class=\"wp-block-heading\" id=\"h-4-verbs-structure-and-conjugation\">4. Verben: Struktur und Konjugation<\/h3>\n\n\n\n<p>Khmer-Verben konjugieren nicht f\u00fcr Zeitform, Person oder Zahl. Stattdessen werden Zeit und Aspekt mit Partikeln und <a href=\"https:\/\/talkpal.ai\/ar\/grammar_exercises\/adverbien-%d8%aa%d9%85%d8%a7%d8%b1%d9%8a%d9%86-%d9%84%d9%84%d9%82%d9%88%d8%a7%d8%b9%d8%af-%d8%a7%d9%84%d8%a3%d9%84%d9%85%d8%a7%d9%86%d9%8a%d8%a9\/\">Adverbien<\/a> ausgedr\u00fcckt, wie z. B. \u1780\u17c6\u1796\u17bb\u1784 f\u00fcr progressiv, \u1794\u17b6\u1793 f\u00fcr abgeschlossene Vergangenheit und \u1793\u17b9\u1784 f\u00fcr Zukunft. Die Stimmung kann mit W\u00f6rtern wie \u179f\u17bc\u1798 oder \u1785\u17bc\u179a f\u00fcr h\u00f6fliche Imperative und \u1780\u17bb\u17c6 f\u00fcr Verbote angezeigt werden. Das Erlernen dieser <a href=\"https:\/\/talkpal.ai\/ja\/grammar\/%e7%b2%92%e5%ad%90%e3%81%b8\/\">Partikel<\/a> und der g\u00e4ngigen seriellen Verbkonstruktionen wird deine F\u00e4higkeit verbessern, effektiv in Khmer zu kommunizieren.<\/p>\n\n\n\n<h3 class=\"wp-block-heading\" id=\"h-5-adjectives-agreement-and-placement\">5. Adjektive: Vereinbarung und Platzierung<\/h3>\n\n\n\n<p>In der Khmer-Grammatik folgen Adjektive in der Regel dem Substantiv, das sie modifizieren, und stimmen weder in der Anzahl noch im Geschlecht \u00fcberein. Komparative und Superlative werden analytisch gebildet, oft unter Verwendung von \u1787\u17b6\u1784 zum Vergleich und \u1787\u17b6\u1784\u1782\u17c1 oder \u1794\u17c6\u1795\u17bb\u178f f\u00fcr Superlative.<\/p>\n\n\n\n<p><strong>Beispiele:<\/strong><\/p>\n\n\n\n<p><strong>\u2013 \u179f\u17c1\u1785\u1780\u17d2\u178f\u17b8\u179f\u17d2\u179a\u17a1\u17b6\u1789\u17cb \u1792\u17c6 (gro\u00dfe Liebe)<\/strong><\/p>\n\n\n\n<p><strong>\u2013 \u1780\u17bc\u1793\u1780\u17d2\u1798\u17c1\u1784 \u178f\u17bc\u1785(kleine Kinder)<\/strong><\/p>\n\n\n\n<h3 class=\"wp-block-heading\" id=\"h-6-engaging-with-the-language\">6. Sich mit der Sprache besch\u00e4ftigen<\/h3>\n\n\n\n<p>Der effektivste Weg, die Khmer-Grammatik vollst\u00e4ndig zu verstehen und zu verinnerlichen, besteht darin, sich konsequent mit der Sprache auseinanderzusetzen. Durch das Lesen von Khmer-Literatur, das Anschauen von Khmer-Filmen oder Fernsehserien, das H\u00f6ren von Khmer-Musik und die aktive Kommunikation mit Muttersprachlern st\u00e4rken Sie Ihr Verst\u00e4ndnis der Grammatik und erweitern gleichzeitig Ihren Wortschatz.<\/p>\n\n\n\n<h3 class=\"wp-block-heading\" id=\"h-conclusion\">Schlussfolgerung<\/h3>\n\n\n\n<p>Obwohl die Khmer-Grammatik kompliziert erscheinen mag, k\u00f6nnen Sie diese sch\u00f6ne Sprache mit Hingabe, \u00dcbung und Begeisterung beherrschen. Indem Sie sich auf die Grundregeln konzentrieren und sich mit der Sprache in verschiedenen Kontexten auseinandersetzen, werden Sie Ihre <a href=\"https:\/\/talkpal.ai\/de\/grammatik\/\">Khmer-Grammatikkenntnisse<\/a> schnell verbessern. Viel Gl\u00fcck bei Ihrer Khmer-Sprachreise und genie\u00dfen Sie es, die r\u00e4tselhafte und doch fesselnde Welt der Khmer-Grammatik zu entr\u00e4tseln!<\/p>\n<\/div><\/div>\n\r\n<section class=\"learnNavigationSection\">\r\n            \r\n        <a href=\"https:\/\/talkpal.ai\/de\/lernen-sie-khmer\/\">\r\n            <div class=\"learnNavigationWrapper\">\r\n                <div class=\"learnNavigationContent\">\r\n                    <img decoding=\"async\" src=\"https:\/\/talkpal.ai\/wp-content\/uploads\/2025\/11\/Khmer.png\" alt=\"Cambodian Flag\">\r\n                    <div>\r\n                        <h4>\u00dcber Khmer Learning<\/h4>\r\n                        <p>Erfahren Sie alles \u00fcber die Khmer-Grammatik.<\/p>\r\n                    <\/div>\r\n                <\/div>\r\n            <\/div>\r\n        <\/a>\r\n\r\n        \r\n        <a href=\"https:\/\/talkpal.ai\/de\/khmer-grammatikuebungen\/\">\r\n            <div class=\"learnNavigationWrapper\">\r\n                <div class=\"learnNavigationContent\">\r\n                    <img decoding=\"async\" src=\"https:\/\/talkpal.ai\/wp-content\/uploads\/2025\/11\/Khmer.png\" alt=\"Cambodian Flag\">\r\n                    <div>\r\n                        <h4>Khmer Grammatik\u00fcbung<\/h4>\r\n                        <p>\u00dcben Sie die Khmer-Grammatik.<\/p>\r\n                    <\/div>\r\n                <\/div>\r\n            <\/div>\r\n        <\/a>\r\n\r\n            <\/section>","protected":false},"excerpt":{"rendered":"<p>Navigieren in den Feinheiten der Khmer-Grammatik Khmer, die Nationalsprache Kambodschas und eine wichtige austroasiatische Sprache mit einer tiefen literarischen Tradition, bietet ein aufregendes Spracherlebnis f\u00fcr diejenigen, die das einzigartige Grammatiksystem erkunden m\u00f6chten. Wenn Sie sich in das Reich der Khmer wagen, werden Sie nicht nur Ihr sprachliches Repertoire bereichern, sondern auch eine faszinierende kulturelle Reise [&hellip;]<\/p>\n","protected":false},"author":20,"featured_media":0,"parent":0,"menu_order":0,"comment_status":"closed","ping_status":"closed","template":"LearningContentPage.php","meta":{"_acf_changed":false,"footnotes":""},"class_list":["post-1463380","page","type-page","status-publish","hentry"],"acf":[],"yoast_head":"<!-- This site is optimized with the Yoast SEO Premium plugin v27.2 (Yoast SEO v27.2) - https:\/\/yoast.com\/product\/yoast-seo-premium-wordpress\/ -->\n<title>Khmer-Grammatik - Talkpal<\/title>\n<meta name=\"description\" content=\"Beherrschen Sie die Grundlagen der Khmer-Grammatik, einschlie\u00dflich des Alphabets, der Phonetik und der Satzstruktur mit unserem umfassenden Sprachlernf\u00fchrer.\" \/>\n<meta name=\"robots\" content=\"index, follow, max-snippet:-1, max-image-preview:large, max-video-preview:-1\" \/>\n<link rel=\"canonical\" href=\"https:\/\/talkpal.ai\/de\/khmer-grammatik\/\" \/>\n<meta property=\"og:locale\" content=\"de_DE\" \/>\n<meta property=\"og:type\" content=\"article\" \/>\n<meta property=\"og:title\" content=\"Khmer-Grammatik\" \/>\n<meta property=\"og:description\" content=\"Navigieren in den Feinheiten der Khmer-Grammatik Khmer, die Nationalsprache Kambodschas und eine wichtige austroasiatische Sprache mit einer tiefen\" \/>\n<meta property=\"og:url\" content=\"https:\/\/talkpal.ai\/de\/khmer-grammatik\/\" \/>\n<meta property=\"og:site_name\" content=\"Talkpal\" \/>\n<meta property=\"article:publisher\" content=\"https:\/\/www.facebook.com\/profile.php?id=100090733639311\" \/>\n<meta property=\"article:modified_time\" content=\"2025-12-30T14:41:56+00:00\" \/>\n<meta property=\"og:image\" content=\"https:\/\/talkpal.ai\/wp-content\/uploads\/2025\/02\/Progress-tab-16_9.png\" \/>\n\t<meta property=\"og:image:width\" content=\"2880\" \/>\n\t<meta property=\"og:image:height\" content=\"1620\" \/>\n\t<meta property=\"og:image:type\" content=\"image\/png\" \/>\n<meta name=\"twitter:card\" content=\"summary_large_image\" \/>\n<meta name=\"twitter:site\" content=\"@talkpalai\" \/>\n<meta name=\"twitter:label1\" content=\"Gesch\u00e4tzte Lesezeit\" \/>\n\t<meta name=\"twitter:data1\" content=\"3\u00a0Minuten\" \/>\n<script type=\"application\/ld+json\" class=\"yoast-schema-graph\">{\"@context\":\"https:\/\/schema.org\",\"@graph\":[{\"@type\":\"WebPage\",\"@id\":\"https:\/\/talkpal.ai\/de\/khmer-grammatik\/\",\"url\":\"https:\/\/talkpal.ai\/de\/khmer-grammatik\/\",\"name\":\"Khmer-Grammatik - Talkpal\",\"isPartOf\":{\"@id\":\"https:\/\/talkpal.ai\/de\/#website\"},\"datePublished\":\"2025-11-12T11:25:16+00:00\",\"dateModified\":\"2025-12-30T14:41:56+00:00\",\"description\":\"Beherrschen Sie die Grundlagen der Khmer-Grammatik, einschlie\u00dflich des Alphabets, der Phonetik und der Satzstruktur mit unserem umfassenden Sprachlernf\u00fchrer.\",\"breadcrumb\":{\"@id\":\"https:\/\/talkpal.ai\/de\/khmer-grammatik\/#breadcrumb\"},\"inLanguage\":\"de\",\"potentialAction\":[{\"@type\":\"ReadAction\",\"target\":[\"https:\/\/talkpal.ai\/de\/khmer-grammatik\/\"]}]},{\"@type\":\"BreadcrumbList\",\"@id\":\"https:\/\/talkpal.ai\/de\/khmer-grammatik\/#breadcrumb\",\"itemListElement\":[{\"@type\":\"ListItem\",\"position\":1,\"name\":\"Homepage\",\"item\":\"https:\/\/talkpal.ai\/de\/\"},{\"@type\":\"ListItem\",\"position\":2,\"name\":\"Khmer-Grammatik\"}]},{\"@type\":\"WebSite\",\"@id\":\"https:\/\/talkpal.ai\/de\/#website\",\"url\":\"https:\/\/talkpal.ai\/de\/\",\"name\":\"Talkpal\",\"description\":\"AI Language Learning\",\"publisher\":{\"@id\":\"https:\/\/talkpal.ai\/de\/#organization\"},\"alternateName\":\"Talkpal AI\",\"potentialAction\":[{\"@type\":\"SearchAction\",\"target\":{\"@type\":\"EntryPoint\",\"urlTemplate\":\"https:\/\/talkpal.ai\/de\/?s={search_term_string}\"},\"query-input\":{\"@type\":\"PropertyValueSpecification\",\"valueRequired\":true,\"valueName\":\"search_term_string\"}}],\"inLanguage\":\"de\"},{\"@type\":\"Organization\",\"@id\":\"https:\/\/talkpal.ai\/de\/#organization\",\"name\":\"Talkpal, Inc.\",\"alternateName\":\"Talkpal AI\",\"url\":\"https:\/\/talkpal.ai\/de\/\",\"logo\":{\"@type\":\"ImageObject\",\"inLanguage\":\"de\",\"@id\":\"https:\/\/talkpal.ai\/de\/#\/schema\/logo\/image\/\",\"url\":\"https:\/\/talkpal.ai\/wp-content\/uploads\/2024\/03\/Talkpal-Logo-Icon.png\",\"contentUrl\":\"https:\/\/talkpal.ai\/wp-content\/uploads\/2024\/03\/Talkpal-Logo-Icon.png\",\"width\":2880,\"height\":2880,\"caption\":\"Talkpal, Inc.\"},\"image\":{\"@id\":\"https:\/\/talkpal.ai\/de\/#\/schema\/logo\/image\/\"},\"sameAs\":[\"https:\/\/www.facebook.com\/profile.php?id=100090733639311\",\"https:\/\/x.com\/talkpalai\",\"https:\/\/www.linkedin.com\/company\/talkpal\/\",\"https:\/\/www.youtube.com\/@TalkPal\/\",\"https:\/\/www.tiktok.com\/@talkpal\",\"https:\/\/www.instagram.com\/talkpal_ai\/\",\"https:\/\/www.crunchbase.com\/organization\/talkpal-9cde\",\"https:\/\/www.g2.com\/products\/talkpal-for-business\/\",\"https:\/\/www.trustpilot.com\/review\/talkpal.ai\",\"https:\/\/www.capterra.com\/p\/10006800\/TalkPal\/\"],\"description\":\"Talkpal is a language learning web and mobile education app, powered by the latest AI technologies, that provides engaging experiences to its customers in many different languages to help them improve their language skills. Users can chat about unlimited amount of topics with the app and use other modes to practice their language learning.\",\"email\":\"support@talkpal.ai\",\"legalName\":\"Talkpal, Inc.\",\"foundingDate\":\"2023-04-03\",\"duns\":\"118989042\",\"numberOfEmployees\":{\"@type\":\"QuantitativeValue\",\"minValue\":\"11\",\"maxValue\":\"50\"},\"publishingPrinciples\":\"https:\/\/talkpal.ai\/publishing-principles\/\",\"actionableFeedbackPolicy\":\"https:\/\/talkpal.ai\/actionable-feedback-policy\/\",\"correctionsPolicy\":\"https:\/\/talkpal.ai\/corrections-policy\/\",\"ethicsPolicy\":\"https:\/\/talkpal.ai\/ethics-policy\/\",\"diversityPolicy\":\"https:\/\/talkpal.ai\/diversity-policy\/\",\"diversityStaffingReport\":\"https:\/\/talkpal.ai\/diversity-policy\/\"}]}<\/script>\n<!-- \/ Yoast SEO Premium plugin. -->","yoast_head_json":{"title":"Khmer-Grammatik - Talkpal","description":"Beherrschen Sie die Grundlagen der Khmer-Grammatik, einschlie\u00dflich des Alphabets, der Phonetik und der Satzstruktur mit unserem umfassenden Sprachlernf\u00fchrer.","robots":{"index":"index","follow":"follow","max-snippet":"max-snippet:-1","max-image-preview":"max-image-preview:large","max-video-preview":"max-video-preview:-1"},"canonical":"https:\/\/talkpal.ai\/de\/khmer-grammatik\/","og_locale":"de_DE","og_type":"article","og_title":"Khmer-Grammatik","og_description":"Navigieren in den Feinheiten der Khmer-Grammatik Khmer, die Nationalsprache Kambodschas und eine wichtige austroasiatische Sprache mit einer tiefen","og_url":"https:\/\/talkpal.ai\/de\/khmer-grammatik\/","og_site_name":"Talkpal","article_publisher":"https:\/\/www.facebook.com\/profile.php?id=100090733639311","article_modified_time":"2025-12-30T14:41:56+00:00","og_image":[{"width":2880,"height":1620,"url":"https:\/\/talkpal.ai\/wp-content\/uploads\/2025\/02\/Progress-tab-16_9.png","type":"image\/png"}],"twitter_card":"summary_large_image","twitter_site":"@talkpalai","twitter_misc":{"Gesch\u00e4tzte Lesezeit":"3\u00a0Minuten"},"schema":{"@context":"https:\/\/schema.org","@graph":[{"@type":"WebPage","@id":"https:\/\/talkpal.ai\/de\/khmer-grammatik\/","url":"https:\/\/talkpal.ai\/de\/khmer-grammatik\/","name":"Khmer-Grammatik - Talkpal","isPartOf":{"@id":"https:\/\/talkpal.ai\/de\/#website"},"datePublished":"2025-11-12T11:25:16+00:00","dateModified":"2025-12-30T14:41:56+00:00","description":"Beherrschen Sie die Grundlagen der Khmer-Grammatik, einschlie\u00dflich des Alphabets, der Phonetik und der Satzstruktur mit unserem umfassenden Sprachlernf\u00fchrer.","breadcrumb":{"@id":"https:\/\/talkpal.ai\/de\/khmer-grammatik\/#breadcrumb"},"inLanguage":"de","potentialAction":[{"@type":"ReadAction","target":["https:\/\/talkpal.ai\/de\/khmer-grammatik\/"]}]},{"@type":"BreadcrumbList","@id":"https:\/\/talkpal.ai\/de\/khmer-grammatik\/#breadcrumb","itemListElement":[{"@type":"ListItem","position":1,"name":"Homepage","item":"https:\/\/talkpal.ai\/de\/"},{"@type":"ListItem","position":2,"name":"Khmer-Grammatik"}]},{"@type":"WebSite","@id":"https:\/\/talkpal.ai\/de\/#website","url":"https:\/\/talkpal.ai\/de\/","name":"Talkpal","description":"AI Language Learning","publisher":{"@id":"https:\/\/talkpal.ai\/de\/#organization"},"alternateName":"Talkpal AI","potentialAction":[{"@type":"SearchAction","target":{"@type":"EntryPoint","urlTemplate":"https:\/\/talkpal.ai\/de\/?s={search_term_string}"},"query-input":{"@type":"PropertyValueSpecification","valueRequired":true,"valueName":"search_term_string"}}],"inLanguage":"de"},{"@type":"Organization","@id":"https:\/\/talkpal.ai\/de\/#organization","name":"Talkpal, Inc.","alternateName":"Talkpal AI","url":"https:\/\/talkpal.ai\/de\/","logo":{"@type":"ImageObject","inLanguage":"de","@id":"https:\/\/talkpal.ai\/de\/#\/schema\/logo\/image\/","url":"https:\/\/talkpal.ai\/wp-content\/uploads\/2024\/03\/Talkpal-Logo-Icon.png","contentUrl":"https:\/\/talkpal.ai\/wp-content\/uploads\/2024\/03\/Talkpal-Logo-Icon.png","width":2880,"height":2880,"caption":"Talkpal, Inc."},"image":{"@id":"https:\/\/talkpal.ai\/de\/#\/schema\/logo\/image\/"},"sameAs":["https:\/\/www.facebook.com\/profile.php?id=100090733639311","https:\/\/x.com\/talkpalai","https:\/\/www.linkedin.com\/company\/talkpal\/","https:\/\/www.youtube.com\/@TalkPal\/","https:\/\/www.tiktok.com\/@talkpal","https:\/\/www.instagram.com\/talkpal_ai\/","https:\/\/www.crunchbase.com\/organization\/talkpal-9cde","https:\/\/www.g2.com\/products\/talkpal-for-business\/","https:\/\/www.trustpilot.com\/review\/talkpal.ai","https:\/\/www.capterra.com\/p\/10006800\/TalkPal\/"],"description":"Talkpal is a language learning web and mobile education app, powered by the latest AI technologies, that provides engaging experiences to its customers in many different languages to help them improve their language skills. Users can chat about unlimited amount of topics with the app and use other modes to practice their language learning.","email":"support@talkpal.ai","legalName":"Talkpal, Inc.","foundingDate":"2023-04-03","duns":"118989042","numberOfEmployees":{"@type":"QuantitativeValue","minValue":"11","maxValue":"50"},"publishingPrinciples":"https:\/\/talkpal.ai\/publishing-principles\/","actionableFeedbackPolicy":"https:\/\/talkpal.ai\/actionable-feedback-policy\/","correctionsPolicy":"https:\/\/talkpal.ai\/corrections-policy\/","ethicsPolicy":"https:\/\/talkpal.ai\/ethics-policy\/","diversityPolicy":"https:\/\/talkpal.ai\/diversity-policy\/","diversityStaffingReport":"https:\/\/talkpal.ai\/diversity-policy\/"}]}},"_links":{"self":[{"href":"https:\/\/talkpal.ai\/de\/wp-json\/wp\/v2\/pages\/1463380","targetHints":{"allow":["GET"]}}],"collection":[{"href":"https:\/\/talkpal.ai\/de\/wp-json\/wp\/v2\/pages"}],"about":[{"href":"https:\/\/talkpal.ai\/de\/wp-json\/wp\/v2\/types\/page"}],"author":[{"embeddable":true,"href":"https:\/\/talkpal.ai\/de\/wp-json\/wp\/v2\/users\/20"}],"replies":[{"embeddable":true,"href":"https:\/\/talkpal.ai\/de\/wp-json\/wp\/v2\/comments?post=1463380"}],"version-history":[{"count":0,"href":"https:\/\/talkpal.ai\/de\/wp-json\/wp\/v2\/pages\/1463380\/revisions"}],"wp:attachment":[{"href":"https:\/\/talkpal.ai\/de\/wp-json\/wp\/v2\/media?parent=1463380"}],"curies":[{"name":"wp","href":"https:\/\/api.w.org\/{rel}","templated":true}]}}