{"id":1463323,"date":"2025-11-12T12:26:29","date_gmt":"2025-11-12T12:26:29","guid":{"rendered":"https:\/\/talkpal.ai\/malayalam-grammatik\/"},"modified":"2025-12-30T13:58:52","modified_gmt":"2025-12-30T13:58:52","slug":"malayalam-grammatik","status":"publish","type":"page","link":"https:\/\/talkpal.ai\/de\/malayalam-grammatik\/","title":{"rendered":"Malayalam-Grammatik"},"content":{"rendered":"\r\n\r\n\r\n<section class=\"languageChallengeSection\">\r\n    <div class=\"languageInfoWrapper\">\r\n        \r\n        <h1>Malayalam-Grammatik<\/h1>\r\n        <p>Die <a href=\"https:\/\/talkpal.ai\/malayalam-grammar\/\">Malayalam-Grammatik<\/a> mag auf den ersten Blick herausfordernd erscheinen, aber ihre einzigartigen Eigenschaften machen das Erlernen der Sprache zu einer lohnenden Erfahrung. Durch die Erforschung des Alphabets, der Mutationen und der Grammatikregeln erhalten Sie einen Einblick in eine reiche sprachliche Tradition. Beginnen Sie Ihre Reise und entdecken Sie die Sch\u00f6nheit von <a href=\"https:\/\/talkpal.ai\/learn-malayalam\/\">Malayalam<\/a>!<\/p>\r\n\r\n                            <a class=\"getStartedHidden\" href=\"https:\/\/app.talkpal.ai\/de\/signup?lng=\">Leg los<\/a>\r\n        \r\n    <\/div>\r\n\r\n    <figure>\r\n    <img decoding=\"async\" width=\"768\" height=\"768\" src=\"https:\/\/talkpal.ai\/wp-content\/uploads\/2023\/06\/welsh-768x768.png\" class=\"languageImage no-lazy\" alt=\"Default alt text\" fetchpriority=\"high\" sizes=\"(max-width: 768px) 150px, 768px\" srcset=\"https:\/\/talkpal.ai\/wp-content\/uploads\/2023\/06\/welsh-768x768.png 768w, https:\/\/talkpal.ai\/wp-content\/uploads\/2023\/06\/welsh-300x300.png 300w\" \/>\r\n    \r\n\r\n    <\/figure>\r\n\r\n            <a class=\"getStartedVisible\" href=\"https:\/\/app.talkpal.ai\/de\/signup?lng=\">Leg los<\/a>\r\n    \r\n<\/section><section class=\"promotionalBanner\">\r\n    <p class=\"promotionalText\">Der effizienteste Weg, eine Sprache zu lernen<\/p>\r\n    <a class=\"promotionalLink\" href=\"https:\/\/app.talkpal.ai\/de\/signup?lng=\">Talkpal kostenlos<\/a>\r\n<\/section>\n<div class=\"wp-block-group pageContainerStyle\"><div class=\"wp-block-group__inner-container is-layout-constrained wp-block-group-is-layout-constrained\">\n<h2 class=\"wp-block-heading\" id=\"h-navigating-the-intricacies-of-malayalam-grammar\">Navigieren in den Feinheiten der Malayalam-Grammatik<\/h2>\n\n\n\n<p><a href=\"https:\/\/talkpal.ai\/de\/malayalam-lernen\/\">Malayalam<\/a>, eine dravidische Sprache mit einer reichen Geschichte und tiefen kulturellen Wurzeln in Kerala und der Diaspora, bietet ein aufregendes sprachliches Erlebnis f\u00fcr diejenigen, die ihr einzigartiges Grammatiksystem erkunden m\u00f6chten. Wenn Sie sich in das Reich des Malayalam wagen, werden Sie <a href=\"https:\/\/talkpal.ai\/culture\/how-do-i-use-the-word-nicht-nur-sondern-auch\/\">nicht nur<\/a> Ihr sprachliches Repertoire bereichern, sondern auch eine faszinierende kulturelle Reise unternehmen. W\u00e4hrend die Malayalam-Grammatik auf den ersten Blick komplex erscheinen mag, macht die Zerlegung in Kernkomponenten das Erlernen der Sprache zug\u00e4nglicher. In diesem Artikel erkunden wir die faszinierende Welt der Malayalam-Grammatik und geben Tipps, wie Sie ihre Komplexit\u00e4t meistern k\u00f6nnen.<\/p>\n\n\n\n<h3 class=\"wp-block-heading\" id=\"h-1-malayalam-alphabet-and-phonetics\">1. Malayalam-Alphabet und Phonetik<\/h3>\n\n\n\n<p>Die Malayalam-Schrift ist eine Abugida, die unabh\u00e4ngige Vokale, Konsonanten mit inh\u00e4renten Vokalen und abh\u00e4ngige Vokalzeichen aufweist. Die Lernenden sollten sich mit seinen Vokalen und Konsonanten vertraut machen, einschlie\u00dflich charakteristischer Laute wie retroflexer Konsonanten und des bemerkenswerten &#8222;zh&#8220;-Lauts. Zu den wichtigsten Schreibkonzepten geh\u00f6ren der inh\u00e4rente Vokal a, das virama-Zeichen namens chandrakkala zur Unterdr\u00fcckung von Vokalen, konjunktive Konsonanten und spezielle Chillu-Buchstaben. Um die Malayalam-Grammatik zu lernen, ist es wichtig, das Lesen und Schreiben in Malayalam zu \u00fcben.<\/p>\n\n\n\n<h3 class=\"wp-block-heading\" id=\"h-2-sandhi-and-assimilation-a-peculiar-malayalam-feature\">2. Sandhi und die Assimilation: Ein eigent\u00fcmliches Merkmal des Malayalam<\/h3>\n\n\n\n<p>Einer der auff\u00e4lligsten Aspekte der Malayalam-Phonologie ist die Pr\u00e4valenz von Sandhi, Assimilation und Konsonantengemination an Morphem- und Wortgrenzen. Laute k\u00f6nnen sich \u00e4ndern, wenn Suffixe hinzugef\u00fcgt werden oder wenn W\u00f6rter zu Komposita kombiniert werden, und Nasale assimilieren oft an folgende Konsonanten. Zu verstehen, wann und wie diese Ver\u00e4nderungen auftreten, ist entscheidend f\u00fcr die nat\u00fcrliche Aussprache und eine genaue Kommunikation in Malayalam.<\/p>\n\n\n\n<h3 class=\"wp-block-heading\" id=\"h-3-nouns-and-pronouns-gender-and-cases\">3. Substantive und Pronomen: Geschlecht und Kasus<\/h3>\n\n\n\n<p>Malayalam-Substantive kennzeichnen in der Regel kein grammatikalisches Geschlecht, und in der Pluralbildung wird oft das Suffix -kal verwendet, mit einigen Unregelm\u00e4\u00dfigkeiten und Alternativen. Kasusbeziehungen werden durch Suffixe und Postpositionen ausgedr\u00fcckt, wie z. B. den Akkusativ -e, den Dativ -kku oder -inu, den Genitiv -ude, das Instrumental -al, den Lokativ -il, den Ablativ -il ninnu, den Soziativ -ote und den Vokativ -e. Zu den Pronomen im Malayalam geh\u00f6ren <a href=\"https:\/\/talkpal.ai\/de\/grammar\/englische-grammatik-personalpronomen\/\">Personalpronomen<\/a> wie njan, ni, ningal, nammal, avan, aval und das ehrenvolle avar sowie Possessivformen durch den Genitiv, das reflexive tan oder tanne, Demonstrative wie i und aa und Interrogative wie aar, entu, evide und eppol. Wenn du dich mit diesen Pronomen und ihren Formen vertraut machst, wird sich dein Verst\u00e4ndnis der Malayalam-Grammatik erheblich verbessern.<\/p>\n\n\n\n<h3 class=\"wp-block-heading\" id=\"h-4-verbs-structure-and-conjugation\">4. Verben: Struktur und Konjugation<\/h3>\n\n\n\n<p>Malayalam-Verben werden in erster Linie f\u00fcr Zeitform, Aspekt, Stimmung und Polarit\u00e4t flektiert, nicht f\u00fcr Person oder Zahl. Zu den Kernformen des Aspekts der Zeitform geh\u00f6ren die Pr\u00e4sensprogressivit\u00e4t -unnu, die Vergangenheit -i oder -u und die Zukunft -um. Die <a href=\"https:\/\/talkpal.ai\/zh-hans\/grammar_exercises\/negazione-%e6%84%8f%e5%a4%a7%e5%88%a9%e8%af%ad%e6%b3%95%e7%bb%83%e4%b9%a0\/\">Negation<\/a> wird h\u00e4ufig mit -illa gebildet, und wichtige Stimmungen sind der <a href=\"https:\/\/talkpal.ai\/ja\/grammar_exercises\/imperatif-%e3%83%95%e3%83%a9%e3%83%b3%e3%82%b9%e3%81%ae%e6%96%87%e6%b3%95%e3%81%ae%e3%81%9f%e3%82%81%e3%81%ae%e6%bc%94%e7%bf%92\/\">Imperativ<\/a> und das Konditional, die oft mit Konnektoren wie -enkil oder -al gebildet werden. Hilfsverben und Partizipien sind f\u00fcr die Sprache von zentraler Bedeutung, wobei Formen wie -unna, -iya und -aya verwendet werden, um Relativs\u00e4tze und periphrastische Konstruktionen zu bilden. Das Erlernen dieser Muster wird Ihre F\u00e4higkeit verbessern, effektiv in Malayalam zu kommunizieren.<\/p>\n\n\n\n<h3 class=\"wp-block-heading\" id=\"h-5-adjectives-agreement-and-placement\">5. Adjektive: Vereinbarung und Platzierung<\/h3>\n\n\n\n<p>In der Malayalam-Grammatik gehen Adjektive in der Regel dem Substantiv voraus, das sie modifizieren, und stimmen weder im Geschlecht noch in der Zahl mit dem Substantiv \u00fcberein. Viele deskriptive Bedeutungen werden durch Partizipial- oder Genitivkonstruktionen ausgedr\u00fcckt, Komparative und Superlative werden oft analytisch gebildet, zum Beispiel mit kooduthal f\u00fcr Komparativ und etavum f\u00fcr Superlativ. Das Verst\u00e4ndnis dieser Muster ist wichtig, um nat\u00fcrlicher zu kommunizieren.<\/p>\n\n\n\n<p><strong>Beispiele:<\/strong><\/p>\n\n\n\n<p><strong>\u2013 Valiya Sneham (Gro\u00dfe Liebe)<\/strong><\/p>\n\n\n\n<p><strong>\u2013 Cheriya Kuttikal (Kleine Kinder)<\/strong><\/p>\n\n\n\n<h3 class=\"wp-block-heading\" id=\"h-6-engaging-with-the-language\">6. Sich mit der Sprache besch\u00e4ftigen<\/h3>\n\n\n\n<p>Der effektivste Weg, die Malayalam-Grammatik vollst\u00e4ndig zu verstehen und zu verinnerlichen, besteht darin, sich konsequent mit der Sprache auseinanderzusetzen. Indem Sie Malayalam-Literatur und Zeitungen lesen, Malayalam-Filme oder Fernsehserien ansehen, Lieder und Radio h\u00f6ren und aktiv mit Muttersprachlern kommunizieren, werden Sie Ihr Verst\u00e4ndnis der <a href=\"https:\/\/talkpal.ai\/fr\/les\/\">Grammatik<\/a> st\u00e4rken und gleichzeitig Ihren Wortschatz erweitern.<\/p>\n\n\n\n<h3 class=\"wp-block-heading\" id=\"h-conclusion\">Schlussfolgerung<\/h3>\n\n\n\n<p>Obwohl die Malayalam-Grammatik kompliziert erscheinen mag, k\u00f6nnen Sie diese sch\u00f6ne Sprache mit Hingabe, \u00dcbung und Begeisterung beherrschen. Indem Sie sich auf die grundlegenden Regeln konzentrieren und sich mit der Sprache in verschiedenen Kontexten auseinandersetzen, werden Sie Ihre <a href=\"https:\/\/talkpal.ai\/de\/grammatik\/\">Malayalam-Grammatikkenntnisse<\/a> schnell verbessern. Ashamsakal (viel Gl\u00fcck) bei Ihrer Malayalam-Sprachreise und genie\u00dfen Sie es, die r\u00e4tselhafte und doch fesselnde Welt der Malayalam-Grammatik zu entr\u00e4tseln!<\/p>\n<\/div><\/div>\n\r\n<section class=\"learnNavigationSection\">\r\n            \r\n        <a href=\"https:\/\/talkpal.ai\/de\/malayalam-lernen\/\">\r\n            <div class=\"learnNavigationWrapper\">\r\n                <div class=\"learnNavigationContent\">\r\n                    <img decoding=\"async\" src=\"https:\/\/talkpal.ai\/wp-content\/uploads\/2025\/11\/Malayalam.png\" alt=\"Indian Simplified Flag\">\r\n                    <div>\r\n                        <h4>\u00dcber Malayalam Learning<\/h4>\r\n                        <p>Erfahren Sie alles \u00fcber die Malayalam-Grammatik.<\/p>\r\n                    <\/div>\r\n                <\/div>\r\n            <\/div>\r\n        <\/a>\r\n\r\n        \r\n        <a href=\"https:\/\/talkpal.ai\/de\/malayalam-grammatikuebungen\/\">\r\n            <div class=\"learnNavigationWrapper\">\r\n                <div class=\"learnNavigationContent\">\r\n                    <img decoding=\"async\" src=\"https:\/\/talkpal.ai\/wp-content\/uploads\/2025\/11\/Malayalam.png\" alt=\"Indian Simplified Flag\">\r\n                    <div>\r\n                        <h4>Malayalam Grammatik\u00fcbung<\/h4>\r\n                        <p>\u00dcben Sie die Malayalam-Grammatik.<\/p>\r\n                    <\/div>\r\n                <\/div>\r\n            <\/div>\r\n        <\/a>\r\n\r\n            <\/section>","protected":false},"excerpt":{"rendered":"<p>Navigieren in den Feinheiten der Malayalam-Grammatik Malayalam, eine dravidische Sprache mit einer reichen Geschichte und tiefen kulturellen Wurzeln in Kerala und der Diaspora, bietet ein aufregendes sprachliches Erlebnis f\u00fcr diejenigen, die ihr einzigartiges Grammatiksystem erkunden m\u00f6chten. Wenn Sie sich in das Reich des Malayalam wagen, werden Sie nicht nur Ihr sprachliches Repertoire bereichern, sondern auch [&hellip;]<\/p>\n","protected":false},"author":20,"featured_media":0,"parent":0,"menu_order":0,"comment_status":"closed","ping_status":"closed","template":"LearningContentPage.php","meta":{"_acf_changed":false,"footnotes":""},"class_list":["post-1463323","page","type-page","status-publish","hentry"],"acf":[],"yoast_head":"<!-- This site is optimized with the Yoast SEO Premium plugin v27.2 (Yoast SEO v27.2) - https:\/\/yoast.com\/product\/yoast-seo-premium-wordpress\/ -->\n<title>Malayalam-Grammatik - Talkpal<\/title>\n<meta name=\"description\" content=\"Beherrschen Sie die Malayalam-Grammatikregeln, einschlie\u00dflich Alphabet, Substantive und Verben, mit unserem umfassenden KI-Sprachlernf\u00fchrer.\" \/>\n<meta name=\"robots\" content=\"index, follow, max-snippet:-1, max-image-preview:large, max-video-preview:-1\" \/>\n<link rel=\"canonical\" href=\"https:\/\/talkpal.ai\/de\/malayalam-grammatik\/\" \/>\n<meta property=\"og:locale\" content=\"de_DE\" \/>\n<meta property=\"og:type\" content=\"article\" \/>\n<meta property=\"og:title\" content=\"Malayalam-Grammatik\" \/>\n<meta property=\"og:description\" content=\"Navigieren in den Feinheiten der Malayalam-Grammatik Malayalam, eine dravidische Sprache mit einer reichen Geschichte und tiefen kulturellen Wurzeln in\" \/>\n<meta property=\"og:url\" content=\"https:\/\/talkpal.ai\/de\/malayalam-grammatik\/\" \/>\n<meta property=\"og:site_name\" content=\"Talkpal\" \/>\n<meta property=\"article:publisher\" content=\"https:\/\/www.facebook.com\/profile.php?id=100090733639311\" \/>\n<meta property=\"article:modified_time\" content=\"2025-12-30T13:58:52+00:00\" \/>\n<meta property=\"og:image\" content=\"https:\/\/talkpal.ai\/wp-content\/uploads\/2025\/02\/Progress-tab-16_9.png\" \/>\n\t<meta property=\"og:image:width\" content=\"2880\" \/>\n\t<meta property=\"og:image:height\" content=\"1620\" \/>\n\t<meta property=\"og:image:type\" content=\"image\/png\" \/>\n<meta name=\"twitter:card\" content=\"summary_large_image\" \/>\n<meta name=\"twitter:site\" content=\"@talkpalai\" \/>\n<meta name=\"twitter:label1\" content=\"Gesch\u00e4tzte Lesezeit\" \/>\n\t<meta name=\"twitter:data1\" content=\"4\u00a0Minuten\" \/>\n<script type=\"application\/ld+json\" class=\"yoast-schema-graph\">{\"@context\":\"https:\/\/schema.org\",\"@graph\":[{\"@type\":\"WebPage\",\"@id\":\"https:\/\/talkpal.ai\/de\/malayalam-grammatik\/\",\"url\":\"https:\/\/talkpal.ai\/de\/malayalam-grammatik\/\",\"name\":\"Malayalam-Grammatik - Talkpal\",\"isPartOf\":{\"@id\":\"https:\/\/talkpal.ai\/de\/#website\"},\"datePublished\":\"2025-11-12T12:26:29+00:00\",\"dateModified\":\"2025-12-30T13:58:52+00:00\",\"description\":\"Beherrschen Sie die Malayalam-Grammatikregeln, einschlie\u00dflich Alphabet, Substantive und Verben, mit unserem umfassenden KI-Sprachlernf\u00fchrer.\",\"breadcrumb\":{\"@id\":\"https:\/\/talkpal.ai\/de\/malayalam-grammatik\/#breadcrumb\"},\"inLanguage\":\"de\",\"potentialAction\":[{\"@type\":\"ReadAction\",\"target\":[\"https:\/\/talkpal.ai\/de\/malayalam-grammatik\/\"]}]},{\"@type\":\"BreadcrumbList\",\"@id\":\"https:\/\/talkpal.ai\/de\/malayalam-grammatik\/#breadcrumb\",\"itemListElement\":[{\"@type\":\"ListItem\",\"position\":1,\"name\":\"Homepage\",\"item\":\"https:\/\/talkpal.ai\/de\/\"},{\"@type\":\"ListItem\",\"position\":2,\"name\":\"Malayalam-Grammatik\"}]},{\"@type\":\"WebSite\",\"@id\":\"https:\/\/talkpal.ai\/de\/#website\",\"url\":\"https:\/\/talkpal.ai\/de\/\",\"name\":\"Talkpal\",\"description\":\"AI Language Learning\",\"publisher\":{\"@id\":\"https:\/\/talkpal.ai\/de\/#organization\"},\"alternateName\":\"Talkpal AI\",\"potentialAction\":[{\"@type\":\"SearchAction\",\"target\":{\"@type\":\"EntryPoint\",\"urlTemplate\":\"https:\/\/talkpal.ai\/de\/?s={search_term_string}\"},\"query-input\":{\"@type\":\"PropertyValueSpecification\",\"valueRequired\":true,\"valueName\":\"search_term_string\"}}],\"inLanguage\":\"de\"},{\"@type\":\"Organization\",\"@id\":\"https:\/\/talkpal.ai\/de\/#organization\",\"name\":\"Talkpal, Inc.\",\"alternateName\":\"Talkpal AI\",\"url\":\"https:\/\/talkpal.ai\/de\/\",\"logo\":{\"@type\":\"ImageObject\",\"inLanguage\":\"de\",\"@id\":\"https:\/\/talkpal.ai\/de\/#\/schema\/logo\/image\/\",\"url\":\"https:\/\/talkpal.ai\/wp-content\/uploads\/2024\/03\/Talkpal-Logo-Icon.png\",\"contentUrl\":\"https:\/\/talkpal.ai\/wp-content\/uploads\/2024\/03\/Talkpal-Logo-Icon.png\",\"width\":2880,\"height\":2880,\"caption\":\"Talkpal, Inc.\"},\"image\":{\"@id\":\"https:\/\/talkpal.ai\/de\/#\/schema\/logo\/image\/\"},\"sameAs\":[\"https:\/\/www.facebook.com\/profile.php?id=100090733639311\",\"https:\/\/x.com\/talkpalai\",\"https:\/\/www.linkedin.com\/company\/talkpal\/\",\"https:\/\/www.youtube.com\/@TalkPal\/\",\"https:\/\/www.tiktok.com\/@talkpal\",\"https:\/\/www.instagram.com\/talkpal_ai\/\",\"https:\/\/www.crunchbase.com\/organization\/talkpal-9cde\",\"https:\/\/www.g2.com\/products\/talkpal-for-business\/\",\"https:\/\/www.trustpilot.com\/review\/talkpal.ai\",\"https:\/\/www.capterra.com\/p\/10006800\/TalkPal\/\"],\"description\":\"Talkpal is a language learning web and mobile education app, powered by the latest AI technologies, that provides engaging experiences to its customers in many different languages to help them improve their language skills. Users can chat about unlimited amount of topics with the app and use other modes to practice their language learning.\",\"email\":\"support@talkpal.ai\",\"legalName\":\"Talkpal, Inc.\",\"foundingDate\":\"2023-04-03\",\"duns\":\"118989042\",\"numberOfEmployees\":{\"@type\":\"QuantitativeValue\",\"minValue\":\"11\",\"maxValue\":\"50\"},\"publishingPrinciples\":\"https:\/\/talkpal.ai\/publishing-principles\/\",\"actionableFeedbackPolicy\":\"https:\/\/talkpal.ai\/actionable-feedback-policy\/\",\"correctionsPolicy\":\"https:\/\/talkpal.ai\/corrections-policy\/\",\"ethicsPolicy\":\"https:\/\/talkpal.ai\/ethics-policy\/\",\"diversityPolicy\":\"https:\/\/talkpal.ai\/diversity-policy\/\",\"diversityStaffingReport\":\"https:\/\/talkpal.ai\/diversity-policy\/\"}]}<\/script>\n<!-- \/ Yoast SEO Premium plugin. -->","yoast_head_json":{"title":"Malayalam-Grammatik - Talkpal","description":"Beherrschen Sie die Malayalam-Grammatikregeln, einschlie\u00dflich Alphabet, Substantive und Verben, mit unserem umfassenden KI-Sprachlernf\u00fchrer.","robots":{"index":"index","follow":"follow","max-snippet":"max-snippet:-1","max-image-preview":"max-image-preview:large","max-video-preview":"max-video-preview:-1"},"canonical":"https:\/\/talkpal.ai\/de\/malayalam-grammatik\/","og_locale":"de_DE","og_type":"article","og_title":"Malayalam-Grammatik","og_description":"Navigieren in den Feinheiten der Malayalam-Grammatik Malayalam, eine dravidische Sprache mit einer reichen Geschichte und tiefen kulturellen Wurzeln in","og_url":"https:\/\/talkpal.ai\/de\/malayalam-grammatik\/","og_site_name":"Talkpal","article_publisher":"https:\/\/www.facebook.com\/profile.php?id=100090733639311","article_modified_time":"2025-12-30T13:58:52+00:00","og_image":[{"width":2880,"height":1620,"url":"https:\/\/talkpal.ai\/wp-content\/uploads\/2025\/02\/Progress-tab-16_9.png","type":"image\/png"}],"twitter_card":"summary_large_image","twitter_site":"@talkpalai","twitter_misc":{"Gesch\u00e4tzte Lesezeit":"4\u00a0Minuten"},"schema":{"@context":"https:\/\/schema.org","@graph":[{"@type":"WebPage","@id":"https:\/\/talkpal.ai\/de\/malayalam-grammatik\/","url":"https:\/\/talkpal.ai\/de\/malayalam-grammatik\/","name":"Malayalam-Grammatik - Talkpal","isPartOf":{"@id":"https:\/\/talkpal.ai\/de\/#website"},"datePublished":"2025-11-12T12:26:29+00:00","dateModified":"2025-12-30T13:58:52+00:00","description":"Beherrschen Sie die Malayalam-Grammatikregeln, einschlie\u00dflich Alphabet, Substantive und Verben, mit unserem umfassenden KI-Sprachlernf\u00fchrer.","breadcrumb":{"@id":"https:\/\/talkpal.ai\/de\/malayalam-grammatik\/#breadcrumb"},"inLanguage":"de","potentialAction":[{"@type":"ReadAction","target":["https:\/\/talkpal.ai\/de\/malayalam-grammatik\/"]}]},{"@type":"BreadcrumbList","@id":"https:\/\/talkpal.ai\/de\/malayalam-grammatik\/#breadcrumb","itemListElement":[{"@type":"ListItem","position":1,"name":"Homepage","item":"https:\/\/talkpal.ai\/de\/"},{"@type":"ListItem","position":2,"name":"Malayalam-Grammatik"}]},{"@type":"WebSite","@id":"https:\/\/talkpal.ai\/de\/#website","url":"https:\/\/talkpal.ai\/de\/","name":"Talkpal","description":"AI Language Learning","publisher":{"@id":"https:\/\/talkpal.ai\/de\/#organization"},"alternateName":"Talkpal AI","potentialAction":[{"@type":"SearchAction","target":{"@type":"EntryPoint","urlTemplate":"https:\/\/talkpal.ai\/de\/?s={search_term_string}"},"query-input":{"@type":"PropertyValueSpecification","valueRequired":true,"valueName":"search_term_string"}}],"inLanguage":"de"},{"@type":"Organization","@id":"https:\/\/talkpal.ai\/de\/#organization","name":"Talkpal, Inc.","alternateName":"Talkpal AI","url":"https:\/\/talkpal.ai\/de\/","logo":{"@type":"ImageObject","inLanguage":"de","@id":"https:\/\/talkpal.ai\/de\/#\/schema\/logo\/image\/","url":"https:\/\/talkpal.ai\/wp-content\/uploads\/2024\/03\/Talkpal-Logo-Icon.png","contentUrl":"https:\/\/talkpal.ai\/wp-content\/uploads\/2024\/03\/Talkpal-Logo-Icon.png","width":2880,"height":2880,"caption":"Talkpal, Inc."},"image":{"@id":"https:\/\/talkpal.ai\/de\/#\/schema\/logo\/image\/"},"sameAs":["https:\/\/www.facebook.com\/profile.php?id=100090733639311","https:\/\/x.com\/talkpalai","https:\/\/www.linkedin.com\/company\/talkpal\/","https:\/\/www.youtube.com\/@TalkPal\/","https:\/\/www.tiktok.com\/@talkpal","https:\/\/www.instagram.com\/talkpal_ai\/","https:\/\/www.crunchbase.com\/organization\/talkpal-9cde","https:\/\/www.g2.com\/products\/talkpal-for-business\/","https:\/\/www.trustpilot.com\/review\/talkpal.ai","https:\/\/www.capterra.com\/p\/10006800\/TalkPal\/"],"description":"Talkpal is a language learning web and mobile education app, powered by the latest AI technologies, that provides engaging experiences to its customers in many different languages to help them improve their language skills. Users can chat about unlimited amount of topics with the app and use other modes to practice their language learning.","email":"support@talkpal.ai","legalName":"Talkpal, Inc.","foundingDate":"2023-04-03","duns":"118989042","numberOfEmployees":{"@type":"QuantitativeValue","minValue":"11","maxValue":"50"},"publishingPrinciples":"https:\/\/talkpal.ai\/publishing-principles\/","actionableFeedbackPolicy":"https:\/\/talkpal.ai\/actionable-feedback-policy\/","correctionsPolicy":"https:\/\/talkpal.ai\/corrections-policy\/","ethicsPolicy":"https:\/\/talkpal.ai\/ethics-policy\/","diversityPolicy":"https:\/\/talkpal.ai\/diversity-policy\/","diversityStaffingReport":"https:\/\/talkpal.ai\/diversity-policy\/"}]}},"_links":{"self":[{"href":"https:\/\/talkpal.ai\/de\/wp-json\/wp\/v2\/pages\/1463323","targetHints":{"allow":["GET"]}}],"collection":[{"href":"https:\/\/talkpal.ai\/de\/wp-json\/wp\/v2\/pages"}],"about":[{"href":"https:\/\/talkpal.ai\/de\/wp-json\/wp\/v2\/types\/page"}],"author":[{"embeddable":true,"href":"https:\/\/talkpal.ai\/de\/wp-json\/wp\/v2\/users\/20"}],"replies":[{"embeddable":true,"href":"https:\/\/talkpal.ai\/de\/wp-json\/wp\/v2\/comments?post=1463323"}],"version-history":[{"count":0,"href":"https:\/\/talkpal.ai\/de\/wp-json\/wp\/v2\/pages\/1463323\/revisions"}],"wp:attachment":[{"href":"https:\/\/talkpal.ai\/de\/wp-json\/wp\/v2\/media?parent=1463323"}],"curies":[{"name":"wp","href":"https:\/\/api.w.org\/{rel}","templated":true}]}}