{"id":1461908,"date":"2025-10-22T21:02:47","date_gmt":"2025-10-22T21:02:47","guid":{"rendered":"https:\/\/talkpal.ai\/talkpal-rabatt-fuer-expats\/"},"modified":"2026-01-22T13:42:27","modified_gmt":"2026-01-22T13:42:27","slug":"talkpal-rabatt-fuer-expats","status":"publish","type":"page","link":"https:\/\/talkpal.ai\/de\/talkpal-rabatt-fuer-expats\/","title":{"rendered":"Talkpal Rabatt f\u00fcr Expats"},"content":{"rendered":"<section class=\"languageChallengeSection\">\r\n    <div class=\"languageInfoWrapper\">\r\n        \r\n        <h1>Talkpal Rabatt f\u00fcr Expats<\/h1>\r\n        <p>Sind Sie ein Expat, der sich schneller einleben m\u00f6chte, indem Sie Ihre Sprachkenntnisse verbessern? Talkpal bietet einen exklusiven 79%igen Expat-Rabatt an, damit Sie bei der Arbeit und im Alltag selbstbewusst kommunizieren k\u00f6nnen. Schalte alle Premium-Funktionen frei, \u00fcbe reale Gespr\u00e4che mit KI und baue Sprachgewandtheit zum halben Preis auf.<\/p>\r\n\r\n                    <a class=\"getStartedHidden\" href=\"https:\/\/app.talkpal.ai\/signup?discount=50\">\r\n                Erhalten Sie Rabatt            <\/a>\r\n            <\/div>\r\n\r\n            <figure>\r\n            <img decoding=\"async\" class=\"no-lazy\" src=\"https:\/\/talkpal.ai\/wp-content\/uploads\/2026\/01\/straight-hair-girl-with-phone-light-background.webp\" alt=\"\" fetchpriority=\"high\" \/>\r\n        <\/figure>\r\n        \r\n                    <a class=\"getStartedVisible\" href=\"https:\/\/app.talkpal.ai\/signup?discount=50\">\r\n                Erhalten Sie Rabatt            <\/a>\r\n        <\/section><section class=\"featureSection\">\r\n    <div class=\"featureIntroduce\">\r\n        <a class=\"introduceLink\" href=\"https:\/\/app.talkpal.ai\/de\/signup?lng=\">\r\n            <img decoding=\"async\" src=\"https:\/\/talkpal.ai\/wp-content\/themes\/talkpal\/assets\/img\/Sparkle.svg\" alt=\"\" \/>die fortschrittlichsten\n  K\u00fcnstliche Intelligenz<\/a>\r\n        <h3 class=\"featureTitle\">Der talkpal Unterschied<\/h3>\r\n    <\/div>\r\n            <div class=\"introduceWrapper\">\r\n                            <a class=\"introducCard\" href=\"https:\/\/app.talkpal.ai\/de\/signup?lng=\">\r\n\r\n                    \r\n                                                <img decoding=\"async\" src=\"https:\/\/talkpal.ai\/wp-content\/uploads\/2025\/05\/Immersive_conversations.png\" alt=\"Immersive Conversation Screenshot\" \/>\r\n                        <h4 class=\"introduceTitle\">Personalisierte Bildung<\/h4>\r\n                        <p class=\"cardText\">Der Weg eines jeden Expats zur Sprachkompetenz ist einzigartig, genau wie jeder Umzug ins Ausland. Talkpal nutzt fortschrittliche KI, um zu verstehen, wie Millionen von Lernenden Fortschritte machen, und passt sich an Ihre Bed\u00fcrfnisse an \u2013 von der Kommunikation am Arbeitsplatz \u00fcber t\u00e4gliche Besorgungen bis hin zu sozialen Interaktionen. Erwarten Sie ein personalisiertes, effizientes und ansprechendes Erlebnis f\u00fcr Expats.<\/p>\r\n                    \r\n                <\/a>\r\n                            <a class=\"introducCard\" href=\"https:\/\/app.talkpal.ai\/de\/signup?lng=\">\r\n\r\n                    \r\n                                                <img decoding=\"async\" src=\"https:\/\/talkpal.ai\/wp-content\/uploads\/2025\/05\/Realtime_feedback.png\" alt=\"Feedback Screenshot\" \/>\r\n                        <h4 class=\"introduceTitle\">Hochmoderne Technologie<\/h4>\r\n                        <p class=\"cardText\">Unsere Mission ist es, personalisiertes Sprachenlernen f\u00fcr Expats \u00fcberall zug\u00e4nglich zu machen, indem wir modernste KI mit bew\u00e4hrten Lehrmethoden kombinieren. Mit Talkpal nehmen Sie nicht nur Unterricht, sondern folgen einem ma\u00dfgeschneiderten Weg, der sich an Ihr Tempo, Ihren Zeitplan und Ihre realen Ziele anpasst.<\/p>\r\n                    \r\n                <\/a>\r\n                            <a class=\"introducCard\" href=\"https:\/\/app.talkpal.ai\/de\/signup?lng=\">\r\n\r\n                    \r\n                                                <img decoding=\"async\" src=\"https:\/\/talkpal.ai\/wp-content\/uploads\/2025\/05\/Personalization.png\" alt=\"Personalization Screenshot\" \/>\r\n                        <h4 class=\"introduceTitle\">So macht Lernen Spa\u00df<\/h4>\r\n                        <p class=\"cardText\">Wir glauben, dass das Erlernen einer Sprache motivierend sein und Spa\u00df machen sollte. Aus diesem Grund wurde Talkpal entwickelt, um Expats zu motivieren und zu inspirieren \u2013 damit sich das \u00dcben wie ein aufregender Teil Ihres neuen Lebens im Ausland anf\u00fchlt. Schlie\u00dfen Sie sich Tausenden von Expats weltweit an und beginnen Sie mit Selbstvertrauen zu sprechen.<\/p>\r\n                    \r\n                <\/a>\r\n                            <\/div>\r\n                     <a class=\"featureSectionLink\" href=\"https:\/\/app.talkpal.ai\/signup?discount=50\">\r\n                Erhalten Sie Rabatt            <\/a>\r\n                \r\n<\/section>\r\n\r\n\r\n<section class=\"smartFunSection\">\r\n            \r\n            <div class=\"smartFunCard\">\r\n                <div class=\"smartFunWrapper\"><img decoding=\"async\" src=\"https:\/\/talkpal.ai\/wp-content\/uploads\/2025\/05\/1.png\" alt=\"Learning Stats Screenshot\"><\/div>\r\n                <h3>Auf Sie zugeschnitten<\/h3>\r\n                <p>Talkpal bietet KI-gest\u00fctzte Sitzungen, die auf Ihr Niveau und Ihren Rhythmus zugeschnitten sind. Jede Lektion zielt auf Ihre spezifischen Bed\u00fcrfnisse ab, damit Sie stetige Fortschritte machen, die Sie sofort anwenden k\u00f6nnen \u2013 im B\u00fcro, bei Terminen oder in der Stadt.<\/p>\r\n            <\/div>\r\n\r\n        \r\n            <div class=\"smartFunCard\">\r\n                <div class=\"smartFunWrapper\"><img decoding=\"async\" src=\"https:\/\/talkpal.ai\/wp-content\/uploads\/2025\/05\/2.png\" alt=\"Pronunciation Score Screenshot\"><\/div>\r\n                <h3>Effektiv &amp; Effizient<\/h3>\r\n                <p>St\u00e4rken Sie Ihre Lese-, H\u00f6r- und Sprechf\u00e4higkeiten effizient mit Talkpal. Unsere innovativen Tools machen das \u00dcben von Sprachen f\u00fcr Expats mit unterschiedlichem Hintergrund effektiv und angenehm, mit Inhalten, die auf realen Situationen basieren.<\/p>\r\n            <\/div>\r\n\r\n        \r\n            <div class=\"smartFunCard\">\r\n                <div class=\"smartFunWrapper\"><img decoding=\"async\" src=\"https:\/\/talkpal.ai\/wp-content\/uploads\/2025\/05\/3.png\" alt=\"Chat Topics Screenshot\"><\/div>\r\n                <h3>Engagiert bleiben<\/h3>\r\n                <p>Spielerische Elemente, ansprechende Herausforderungen und zum Nachdenken anregende Aufforderungen sorgen daf\u00fcr, dass Expats konsistent und motiviert bleiben. Mit Talkpal wird das Sprachenlernen zu einer einfachen t\u00e4glichen Gewohnheit, die zu Ihrer Routine passt \u2013 und nicht zu einer l\u00e4stigen Pflicht.<\/p>\r\n            <\/div>\r\n\r\n        \r\n            <div class=\"smartFunCard\">\r\n                <div class=\"smartFunWrapper\"><img decoding=\"async\" src=\"https:\/\/talkpal.ai\/wp-content\/uploads\/2025\/05\/4.png\" alt=\"Dashboard Screenshot\"><\/div>\r\n                <h3>Lernen mit Freude<\/h3>\r\n                <p>Flie\u00dfendes Sprechen muss sich nicht m\u00fchsam anf\u00fchlen. Talkpal bietet interaktive \u00dcbungen, lebendige Charaktere und unbeschwerte KI-Gespr\u00e4che \u2013 plus Rollenspiele f\u00fcr reale Szenarien wie das Treffen von Kollegen, Gespr\u00e4che mit Vermietern oder das Navigieren in lokalen Dienstleistungen \u2013 damit das Lernen jeden Tag Spa\u00df macht und inspiriert bleibt.<\/p>\r\n            <\/div>\r\n\r\n            \r\n<\/section>\r\n\r\n<section class=\"promotionalBanner\">\r\n    <p class=\"promotionalText\">Talkpal f\u00fcr Expats &#8211; Beginnen Sie mit einem reduzierten Preis zu lernen<\/p>\r\n                <a class=\"promotionalLink\" href=\"https:\/\/app.talkpal.ai\/signup?discount=50\">\r\n                Erhalten Sie Rabatt            <\/a>\r\n            \r\n<\/section>","protected":false},"excerpt":{"rendered":"","protected":false},"author":20,"featured_media":0,"parent":0,"menu_order":0,"comment_status":"closed","ping_status":"closed","template":"LearningContentPage.php","meta":{"_acf_changed":false,"footnotes":""},"class_list":["post-1461908","page","type-page","status-publish","hentry"],"acf":[],"yoast_head":"<!-- This site is optimized with the Yoast SEO Premium plugin v27.2 (Yoast SEO v27.2) - https:\/\/yoast.com\/product\/yoast-seo-premium-wordpress\/ -->\n<title>Talkpal Rabatt f\u00fcr Expats - Talkpal<\/title>\n<meta name=\"description\" content=\"Sichern Sie sich unseren exklusiven Talkpal-Rabatt f\u00fcr Expats und beherrschen Sie die Landessprache, um sich im Ausland wie zu Hause zu f\u00fchlen.\" \/>\n<meta name=\"robots\" content=\"index, follow, max-snippet:-1, max-image-preview:large, max-video-preview:-1\" \/>\n<link rel=\"canonical\" href=\"https:\/\/talkpal.ai\/de\/talkpal-rabatt-fuer-expats\/\" \/>\n<meta property=\"og:locale\" content=\"de_DE\" \/>\n<meta property=\"og:type\" content=\"article\" \/>\n<meta property=\"og:title\" content=\"Talkpal Rabatt f\u00fcr Expats\" \/>\n<meta property=\"og:url\" content=\"https:\/\/talkpal.ai\/de\/talkpal-rabatt-fuer-expats\/\" \/>\n<meta property=\"og:site_name\" content=\"Talkpal\" \/>\n<meta property=\"article:publisher\" content=\"https:\/\/www.facebook.com\/profile.php?id=100090733639311\" \/>\n<meta property=\"article:modified_time\" content=\"2026-01-22T13:42:27+00:00\" \/>\n<meta property=\"og:image\" content=\"https:\/\/talkpal.ai\/wp-content\/uploads\/2025\/02\/Progress-tab-16_9.png\" \/>\n\t<meta property=\"og:image:width\" content=\"2880\" \/>\n\t<meta property=\"og:image:height\" content=\"1620\" \/>\n\t<meta property=\"og:image:type\" content=\"image\/png\" \/>\n<meta name=\"twitter:card\" content=\"summary_large_image\" \/>\n<meta name=\"twitter:site\" content=\"@talkpalai\" \/>\n<script type=\"application\/ld+json\" class=\"yoast-schema-graph\">{\"@context\":\"https:\/\/schema.org\",\"@graph\":[{\"@type\":\"WebPage\",\"@id\":\"https:\/\/talkpal.ai\/de\/talkpal-rabatt-fuer-expats\/\",\"url\":\"https:\/\/talkpal.ai\/de\/talkpal-rabatt-fuer-expats\/\",\"name\":\"Talkpal Rabatt f\u00fcr Expats - Talkpal\",\"isPartOf\":{\"@id\":\"https:\/\/talkpal.ai\/de\/#website\"},\"datePublished\":\"2025-10-22T21:02:47+00:00\",\"dateModified\":\"2026-01-22T13:42:27+00:00\",\"description\":\"Sichern Sie sich unseren exklusiven Talkpal-Rabatt f\u00fcr Expats und beherrschen Sie die Landessprache, um sich im Ausland wie zu Hause zu f\u00fchlen.\",\"breadcrumb\":{\"@id\":\"https:\/\/talkpal.ai\/de\/talkpal-rabatt-fuer-expats\/#breadcrumb\"},\"inLanguage\":\"de\",\"potentialAction\":[{\"@type\":\"ReadAction\",\"target\":[\"https:\/\/talkpal.ai\/de\/talkpal-rabatt-fuer-expats\/\"]}]},{\"@type\":\"BreadcrumbList\",\"@id\":\"https:\/\/talkpal.ai\/de\/talkpal-rabatt-fuer-expats\/#breadcrumb\",\"itemListElement\":[{\"@type\":\"ListItem\",\"position\":1,\"name\":\"Homepage\",\"item\":\"https:\/\/talkpal.ai\/de\/\"},{\"@type\":\"ListItem\",\"position\":2,\"name\":\"Talkpal Rabatt f\u00fcr Expats\"}]},{\"@type\":\"WebSite\",\"@id\":\"https:\/\/talkpal.ai\/de\/#website\",\"url\":\"https:\/\/talkpal.ai\/de\/\",\"name\":\"Talkpal\",\"description\":\"AI Language Learning\",\"publisher\":{\"@id\":\"https:\/\/talkpal.ai\/de\/#organization\"},\"alternateName\":\"Talkpal AI\",\"potentialAction\":[{\"@type\":\"SearchAction\",\"target\":{\"@type\":\"EntryPoint\",\"urlTemplate\":\"https:\/\/talkpal.ai\/de\/?s={search_term_string}\"},\"query-input\":{\"@type\":\"PropertyValueSpecification\",\"valueRequired\":true,\"valueName\":\"search_term_string\"}}],\"inLanguage\":\"de\"},{\"@type\":\"Organization\",\"@id\":\"https:\/\/talkpal.ai\/de\/#organization\",\"name\":\"Talkpal, Inc.\",\"alternateName\":\"Talkpal AI\",\"url\":\"https:\/\/talkpal.ai\/de\/\",\"logo\":{\"@type\":\"ImageObject\",\"inLanguage\":\"de\",\"@id\":\"https:\/\/talkpal.ai\/de\/#\/schema\/logo\/image\/\",\"url\":\"https:\/\/talkpal.ai\/wp-content\/uploads\/2024\/03\/Talkpal-Logo-Icon.png\",\"contentUrl\":\"https:\/\/talkpal.ai\/wp-content\/uploads\/2024\/03\/Talkpal-Logo-Icon.png\",\"width\":2880,\"height\":2880,\"caption\":\"Talkpal, Inc.\"},\"image\":{\"@id\":\"https:\/\/talkpal.ai\/de\/#\/schema\/logo\/image\/\"},\"sameAs\":[\"https:\/\/www.facebook.com\/profile.php?id=100090733639311\",\"https:\/\/x.com\/talkpalai\",\"https:\/\/www.linkedin.com\/company\/talkpal\/\",\"https:\/\/www.youtube.com\/@TalkPal\/\",\"https:\/\/www.tiktok.com\/@talkpal\",\"https:\/\/www.instagram.com\/talkpal_ai\/\",\"https:\/\/www.crunchbase.com\/organization\/talkpal-9cde\",\"https:\/\/www.g2.com\/products\/talkpal-for-business\/\",\"https:\/\/www.trustpilot.com\/review\/talkpal.ai\",\"https:\/\/www.capterra.com\/p\/10006800\/TalkPal\/\"],\"description\":\"Talkpal is a language learning web and mobile education app, powered by the latest AI technologies, that provides engaging experiences to its customers in many different languages to help them improve their language skills. Users can chat about unlimited amount of topics with the app and use other modes to practice their language learning.\",\"email\":\"support@talkpal.ai\",\"legalName\":\"Talkpal, Inc.\",\"foundingDate\":\"2023-04-03\",\"duns\":\"118989042\",\"numberOfEmployees\":{\"@type\":\"QuantitativeValue\",\"minValue\":\"11\",\"maxValue\":\"50\"},\"publishingPrinciples\":\"https:\/\/talkpal.ai\/publishing-principles\/\",\"actionableFeedbackPolicy\":\"https:\/\/talkpal.ai\/actionable-feedback-policy\/\",\"correctionsPolicy\":\"https:\/\/talkpal.ai\/corrections-policy\/\",\"ethicsPolicy\":\"https:\/\/talkpal.ai\/ethics-policy\/\",\"diversityPolicy\":\"https:\/\/talkpal.ai\/diversity-policy\/\",\"diversityStaffingReport\":\"https:\/\/talkpal.ai\/diversity-policy\/\"}]}<\/script>\n<!-- \/ Yoast SEO Premium plugin. -->","yoast_head_json":{"title":"Talkpal Rabatt f\u00fcr Expats - Talkpal","description":"Sichern Sie sich unseren exklusiven Talkpal-Rabatt f\u00fcr Expats und beherrschen Sie die Landessprache, um sich im Ausland wie zu Hause zu f\u00fchlen.","robots":{"index":"index","follow":"follow","max-snippet":"max-snippet:-1","max-image-preview":"max-image-preview:large","max-video-preview":"max-video-preview:-1"},"canonical":"https:\/\/talkpal.ai\/de\/talkpal-rabatt-fuer-expats\/","og_locale":"de_DE","og_type":"article","og_title":"Talkpal Rabatt f\u00fcr Expats","og_url":"https:\/\/talkpal.ai\/de\/talkpal-rabatt-fuer-expats\/","og_site_name":"Talkpal","article_publisher":"https:\/\/www.facebook.com\/profile.php?id=100090733639311","article_modified_time":"2026-01-22T13:42:27+00:00","og_image":[{"width":2880,"height":1620,"url":"https:\/\/talkpal.ai\/wp-content\/uploads\/2025\/02\/Progress-tab-16_9.png","type":"image\/png"}],"twitter_card":"summary_large_image","twitter_site":"@talkpalai","schema":{"@context":"https:\/\/schema.org","@graph":[{"@type":"WebPage","@id":"https:\/\/talkpal.ai\/de\/talkpal-rabatt-fuer-expats\/","url":"https:\/\/talkpal.ai\/de\/talkpal-rabatt-fuer-expats\/","name":"Talkpal Rabatt f\u00fcr Expats - Talkpal","isPartOf":{"@id":"https:\/\/talkpal.ai\/de\/#website"},"datePublished":"2025-10-22T21:02:47+00:00","dateModified":"2026-01-22T13:42:27+00:00","description":"Sichern Sie sich unseren exklusiven Talkpal-Rabatt f\u00fcr Expats und beherrschen Sie die Landessprache, um sich im Ausland wie zu Hause zu f\u00fchlen.","breadcrumb":{"@id":"https:\/\/talkpal.ai\/de\/talkpal-rabatt-fuer-expats\/#breadcrumb"},"inLanguage":"de","potentialAction":[{"@type":"ReadAction","target":["https:\/\/talkpal.ai\/de\/talkpal-rabatt-fuer-expats\/"]}]},{"@type":"BreadcrumbList","@id":"https:\/\/talkpal.ai\/de\/talkpal-rabatt-fuer-expats\/#breadcrumb","itemListElement":[{"@type":"ListItem","position":1,"name":"Homepage","item":"https:\/\/talkpal.ai\/de\/"},{"@type":"ListItem","position":2,"name":"Talkpal Rabatt f\u00fcr Expats"}]},{"@type":"WebSite","@id":"https:\/\/talkpal.ai\/de\/#website","url":"https:\/\/talkpal.ai\/de\/","name":"Talkpal","description":"AI Language Learning","publisher":{"@id":"https:\/\/talkpal.ai\/de\/#organization"},"alternateName":"Talkpal AI","potentialAction":[{"@type":"SearchAction","target":{"@type":"EntryPoint","urlTemplate":"https:\/\/talkpal.ai\/de\/?s={search_term_string}"},"query-input":{"@type":"PropertyValueSpecification","valueRequired":true,"valueName":"search_term_string"}}],"inLanguage":"de"},{"@type":"Organization","@id":"https:\/\/talkpal.ai\/de\/#organization","name":"Talkpal, Inc.","alternateName":"Talkpal AI","url":"https:\/\/talkpal.ai\/de\/","logo":{"@type":"ImageObject","inLanguage":"de","@id":"https:\/\/talkpal.ai\/de\/#\/schema\/logo\/image\/","url":"https:\/\/talkpal.ai\/wp-content\/uploads\/2024\/03\/Talkpal-Logo-Icon.png","contentUrl":"https:\/\/talkpal.ai\/wp-content\/uploads\/2024\/03\/Talkpal-Logo-Icon.png","width":2880,"height":2880,"caption":"Talkpal, Inc."},"image":{"@id":"https:\/\/talkpal.ai\/de\/#\/schema\/logo\/image\/"},"sameAs":["https:\/\/www.facebook.com\/profile.php?id=100090733639311","https:\/\/x.com\/talkpalai","https:\/\/www.linkedin.com\/company\/talkpal\/","https:\/\/www.youtube.com\/@TalkPal\/","https:\/\/www.tiktok.com\/@talkpal","https:\/\/www.instagram.com\/talkpal_ai\/","https:\/\/www.crunchbase.com\/organization\/talkpal-9cde","https:\/\/www.g2.com\/products\/talkpal-for-business\/","https:\/\/www.trustpilot.com\/review\/talkpal.ai","https:\/\/www.capterra.com\/p\/10006800\/TalkPal\/"],"description":"Talkpal is a language learning web and mobile education app, powered by the latest AI technologies, that provides engaging experiences to its customers in many different languages to help them improve their language skills. Users can chat about unlimited amount of topics with the app and use other modes to practice their language learning.","email":"support@talkpal.ai","legalName":"Talkpal, Inc.","foundingDate":"2023-04-03","duns":"118989042","numberOfEmployees":{"@type":"QuantitativeValue","minValue":"11","maxValue":"50"},"publishingPrinciples":"https:\/\/talkpal.ai\/publishing-principles\/","actionableFeedbackPolicy":"https:\/\/talkpal.ai\/actionable-feedback-policy\/","correctionsPolicy":"https:\/\/talkpal.ai\/corrections-policy\/","ethicsPolicy":"https:\/\/talkpal.ai\/ethics-policy\/","diversityPolicy":"https:\/\/talkpal.ai\/diversity-policy\/","diversityStaffingReport":"https:\/\/talkpal.ai\/diversity-policy\/"}]}},"_links":{"self":[{"href":"https:\/\/talkpal.ai\/de\/wp-json\/wp\/v2\/pages\/1461908","targetHints":{"allow":["GET"]}}],"collection":[{"href":"https:\/\/talkpal.ai\/de\/wp-json\/wp\/v2\/pages"}],"about":[{"href":"https:\/\/talkpal.ai\/de\/wp-json\/wp\/v2\/types\/page"}],"author":[{"embeddable":true,"href":"https:\/\/talkpal.ai\/de\/wp-json\/wp\/v2\/users\/20"}],"replies":[{"embeddable":true,"href":"https:\/\/talkpal.ai\/de\/wp-json\/wp\/v2\/comments?post=1461908"}],"version-history":[{"count":0,"href":"https:\/\/talkpal.ai\/de\/wp-json\/wp\/v2\/pages\/1461908\/revisions"}],"wp:attachment":[{"href":"https:\/\/talkpal.ai\/de\/wp-json\/wp\/v2\/media?parent=1461908"}],"curies":[{"name":"wp","href":"https:\/\/api.w.org\/{rel}","templated":true}]}}