{"id":1461839,"date":"2025-10-22T20:42:59","date_gmt":"2025-10-22T20:42:59","guid":{"rendered":"https:\/\/talkpal.ai\/talkpal-rabatt-fuer-gefluechtete\/"},"modified":"2026-01-22T15:11:50","modified_gmt":"2026-01-22T15:11:50","slug":"talkpal-rabatt-fuer-gefluechtete","status":"publish","type":"page","link":"https:\/\/talkpal.ai\/de\/talkpal-rabatt-fuer-gefluechtete\/","title":{"rendered":"Talkpal-Rabatt f\u00fcr Gefl\u00fcchtete"},"content":{"rendered":"<section class=\"languageChallengeSection\">\r\n    <div class=\"languageInfoWrapper\">\r\n        \r\n        <h1>Talkpal-Rabatt f\u00fcr Gefl\u00fcchtete<\/h1>\r\n        <p>Sind Sie ein Fl\u00fcchtling, der daran arbeitet, seine Sprachkenntnisse zu st\u00e4rken und sich in einer neuen Gemeinschaft einzuleben? Talkpal bietet Fl\u00fcchtlingen einen Rabatt von 79 %, damit Sie schneller und selbstbewusster lernen k\u00f6nnen. Schalte alle Premium-Funktionen frei, \u00fcbe reale Gespr\u00e4che mit der KI und bewege dich zum halben Preis in Richtung Sprachgewandtheit.<\/p>\r\n\r\n                    <a class=\"getStartedHidden\" href=\"https:\/\/app.talkpal.ai\/signup?discount=50\">\r\n                Erhalten Sie Rabatt            <\/a>\r\n            <\/div>\r\n\r\n            <figure>\r\n            <img decoding=\"async\" class=\"no-lazy\" src=\"https:\/\/talkpal.ai\/wp-content\/uploads\/2026\/01\/straight-hair-girl-with-phone-yellow-background.webp\" alt=\"\" fetchpriority=\"high\" \/>\r\n        <\/figure>\r\n        \r\n                    <a class=\"getStartedVisible\" href=\"https:\/\/app.talkpal.ai\/signup?discount=50\">\r\n                Erhalten Sie Rabatt            <\/a>\r\n        <\/section><section class=\"featureSection\">\r\n    <div class=\"featureIntroduce\">\r\n        <a class=\"introduceLink\" href=\"https:\/\/app.talkpal.ai\/de\/signup?lng=\">\r\n            <img decoding=\"async\" src=\"https:\/\/talkpal.ai\/wp-content\/themes\/talkpal\/assets\/img\/Sparkle.svg\" alt=\"\" \/>die fortschrittlichsten\n  K\u00fcnstliche Intelligenz<\/a>\r\n        <h3 class=\"featureTitle\">Der talkpal Unterschied<\/h3>\r\n    <\/div>\r\n            <div class=\"introduceWrapper\">\r\n                            <a class=\"introducCard\" href=\"https:\/\/app.talkpal.ai\/de\/signup?lng=\">\r\n\r\n                    \r\n                                                <img decoding=\"async\" src=\"https:\/\/talkpal.ai\/wp-content\/uploads\/2025\/05\/Immersive_conversations.png\" alt=\"Immersive Conversation Screenshot\" \/>\r\n                        <h4 class=\"introduceTitle\">Personalisierte Bildung<\/h4>\r\n                        <p class=\"cardText\">Der Weg eines jeden Fl\u00fcchtlings ist einzigartig \u2013 neue L\u00e4nder, neue Systeme, neue Routinen. Die fortschrittliche KI von Talkpal lernt aus Millionen von Sprachreisen, um zu verstehen, was funktioniert, und passt sich dann an Ihre Bed\u00fcrfnisse an. Das Ergebnis ist eine personalisierte, effiziente und ansprechende Praxis, die f\u00fcr Gefl\u00fcchtete entwickelt wurde, die sich an einem neuen Ort zurechtfinden.<\/p>\r\n                    \r\n                <\/a>\r\n                            <a class=\"introducCard\" href=\"https:\/\/app.talkpal.ai\/de\/signup?lng=\">\r\n\r\n                    \r\n                                                <img decoding=\"async\" src=\"https:\/\/talkpal.ai\/wp-content\/uploads\/2025\/05\/Realtime_feedback.png\" alt=\"Feedback Screenshot\" \/>\r\n                        <h4 class=\"introduceTitle\">Hochmoderne Technologie<\/h4>\r\n                        <p class=\"cardText\">Unsere Mission ist es, ma\u00dfgeschneidertes Sprachenlernen f\u00fcr Gefl\u00fcchtete \u00fcberall zug\u00e4nglich zu machen, indem wir modernste KI mit bew\u00e4hrten Lehrmethoden kombinieren. Mit Talkpal nimmst du nicht nur Unterricht, sondern folgst einem Programm, das sich an dein Tempo, deinen Zeitplan und deine Ziele anpasst, von t\u00e4glichen Aufgaben bis hin zu Arbeit und Ausbildung.<\/p>\r\n                    \r\n                <\/a>\r\n                            <a class=\"introducCard\" href=\"https:\/\/app.talkpal.ai\/de\/signup?lng=\">\r\n\r\n                    \r\n                                                <img decoding=\"async\" src=\"https:\/\/talkpal.ai\/wp-content\/uploads\/2025\/05\/Personalization.png\" alt=\"Personalization Screenshot\" \/>\r\n                        <h4 class=\"introduceTitle\">So macht Lernen Spa\u00df<\/h4>\r\n                        <p class=\"cardText\">Wir glauben, dass sich das Erlernen von Sprachen motivierend und hoffnungsvoll anf\u00fchlen sollte. Talkpal h\u00e4lt Gefl\u00fcchtete engagiert und inspiriert und verwandelt die Studienzeit in einen positiven Teil des Wiederaufbaus Ihres Lebens. Schlie\u00dfen Sie sich Tausenden von Fl\u00fcchtlingen auf der ganzen Welt an und gewinnen Sie mit Talkpal Vertrauen in Ihre neue Sprache.<\/p>\r\n                    \r\n                <\/a>\r\n                            <\/div>\r\n                     <a class=\"featureSectionLink\" href=\"https:\/\/app.talkpal.ai\/signup?discount=50\">\r\n                Erhalten Sie Rabatt            <\/a>\r\n                \r\n<\/section>\r\n\r\n\r\n<section class=\"smartFunSection\">\r\n            \r\n            <div class=\"smartFunCard\">\r\n                <div class=\"smartFunWrapper\"><img decoding=\"async\" src=\"https:\/\/talkpal.ai\/wp-content\/uploads\/2025\/05\/1.png\" alt=\"Learning Stats Screenshot\"><\/div>\r\n                <h3>Auf Sie zugeschnitten<\/h3>\r\n                <p>Talkpal nutzt KI-gesteuerte Technologie, um Sitzungen zu erstellen, die auf das Niveau, das Tempo und den Kontext jedes Gefl\u00fcchteten abgestimmt sind. Jede Lektion entspricht Ihren unmittelbaren Bed\u00fcrfnissen \u2013 ob f\u00fcr allt\u00e4gliche Gespr\u00e4che, Termine oder Interviews \u2013 damit Sie stetige, selbstbewusste Fortschritte machen.<\/p>\r\n            <\/div>\r\n\r\n        \r\n            <div class=\"smartFunCard\">\r\n                <div class=\"smartFunWrapper\"><img decoding=\"async\" src=\"https:\/\/talkpal.ai\/wp-content\/uploads\/2025\/05\/2.png\" alt=\"Pronunciation Score Screenshot\"><\/div>\r\n                <h3>Effektiv &amp; Effizient<\/h3>\r\n                <p>St\u00e4rken Sie Ihre Lese-, H\u00f6r- und Sprechf\u00e4higkeiten effizient mit Talkpal. Unsere Tools sind so konzipiert, dass sie das Lernen f\u00fcr Gefl\u00fcchtete mit unterschiedlichen Hintergr\u00fcnden und Erfahrungen sowohl effektiv als auch einladend gestalten.<\/p>\r\n            <\/div>\r\n\r\n        \r\n            <div class=\"smartFunCard\">\r\n                <div class=\"smartFunWrapper\"><img decoding=\"async\" src=\"https:\/\/talkpal.ai\/wp-content\/uploads\/2025\/05\/3.png\" alt=\"Chat Topics Screenshot\"><\/div>\r\n                <h3>Engagiert bleiben<\/h3>\r\n                <p>Spielerische Elemente, praktische Herausforderungen und sinnvolle Aufforderungen helfen Gefl\u00fcchteten, konsequent zu bleiben. Mit Talkpal wird das \u00dcben von Sprachen zu einer einfachen t\u00e4glichen Routine, die T\u00fcren \u00f6ffnet \u2013 nicht zu einer weiteren Aufgabe.<\/p>\r\n            <\/div>\r\n\r\n        \r\n            <div class=\"smartFunCard\">\r\n                <div class=\"smartFunWrapper\"><img decoding=\"async\" src=\"https:\/\/talkpal.ai\/wp-content\/uploads\/2025\/05\/4.png\" alt=\"Dashboard Screenshot\"><\/div>\r\n                <h3>Lernen mit Freude<\/h3>\r\n                <p>Das Beherrschen einer neuen Sprache muss nicht anstrengend sein. Talkpal bietet interaktive \u00dcbungen, reale Szenarien und freundliche KI-Gespr\u00e4che, die das Lernen zum Vergn\u00fcgen machen \u2013 und zu einem motivierenden Teil des Tages eines jeden Fl\u00fcchtlings machen.<\/p>\r\n            <\/div>\r\n\r\n            \r\n<\/section>\r\n\r\n<section class=\"promotionalBanner\">\r\n    <p class=\"promotionalText\">Talkpal f\u00fcr Gefl\u00fcchtete &#8211; Beginne mit einem verg\u00fcnstigten Preis zu lernen<\/p>\r\n                <a class=\"promotionalLink\" href=\"https:\/\/app.talkpal.ai\/signup?discount=50\">\r\n                Erhalten Sie Rabatt            <\/a>\r\n            \r\n<\/section>","protected":false},"excerpt":{"rendered":"","protected":false},"author":20,"featured_media":0,"parent":0,"menu_order":0,"comment_status":"closed","ping_status":"closed","template":"LearningContentPage.php","meta":{"_acf_changed":false,"footnotes":""},"class_list":["post-1461839","page","type-page","status-publish","hentry"],"acf":[],"yoast_head":"<!-- This site is optimized with the Yoast SEO Premium plugin v27.2 (Yoast SEO v27.2) - https:\/\/yoast.com\/product\/yoast-seo-premium-wordpress\/ -->\n<title>Talkpal-Rabatt f\u00fcr Gefl\u00fcchtete - Talkpal<\/title>\n<meta name=\"description\" content=\"Schalten Sie einen 79%-Rabatt auf Talkpal Premium f\u00fcr Fl\u00fcchtlinge frei und lernen Sie online schneller neue Sprachen mit KI-Technologie.\" \/>\n<meta name=\"robots\" content=\"index, follow, max-snippet:-1, max-image-preview:large, max-video-preview:-1\" \/>\n<link rel=\"canonical\" href=\"https:\/\/talkpal.ai\/de\/talkpal-rabatt-fuer-gefluechtete\/\" \/>\n<meta property=\"og:locale\" content=\"de_DE\" \/>\n<meta property=\"og:type\" content=\"article\" \/>\n<meta property=\"og:title\" content=\"Talkpal-Rabatt f\u00fcr Gefl\u00fcchtete\" \/>\n<meta property=\"og:url\" content=\"https:\/\/talkpal.ai\/de\/talkpal-rabatt-fuer-gefluechtete\/\" \/>\n<meta property=\"og:site_name\" content=\"Talkpal\" \/>\n<meta property=\"article:publisher\" content=\"https:\/\/www.facebook.com\/profile.php?id=100090733639311\" \/>\n<meta property=\"article:modified_time\" content=\"2026-01-22T15:11:50+00:00\" \/>\n<meta property=\"og:image\" content=\"https:\/\/talkpal.ai\/wp-content\/uploads\/2025\/02\/Progress-tab-16_9.png\" \/>\n\t<meta property=\"og:image:width\" content=\"2880\" \/>\n\t<meta property=\"og:image:height\" content=\"1620\" \/>\n\t<meta property=\"og:image:type\" content=\"image\/png\" \/>\n<meta name=\"twitter:card\" content=\"summary_large_image\" \/>\n<meta name=\"twitter:site\" content=\"@talkpalai\" \/>\n<script type=\"application\/ld+json\" class=\"yoast-schema-graph\">{\"@context\":\"https:\/\/schema.org\",\"@graph\":[{\"@type\":\"WebPage\",\"@id\":\"https:\/\/talkpal.ai\/de\/talkpal-rabatt-fuer-gefluechtete\/\",\"url\":\"https:\/\/talkpal.ai\/de\/talkpal-rabatt-fuer-gefluechtete\/\",\"name\":\"Talkpal-Rabatt f\u00fcr Gefl\u00fcchtete - Talkpal\",\"isPartOf\":{\"@id\":\"https:\/\/talkpal.ai\/de\/#website\"},\"datePublished\":\"2025-10-22T20:42:59+00:00\",\"dateModified\":\"2026-01-22T15:11:50+00:00\",\"description\":\"Schalten Sie einen 79%-Rabatt auf Talkpal Premium f\u00fcr Fl\u00fcchtlinge frei und lernen Sie online schneller neue Sprachen mit KI-Technologie.\",\"breadcrumb\":{\"@id\":\"https:\/\/talkpal.ai\/de\/talkpal-rabatt-fuer-gefluechtete\/#breadcrumb\"},\"inLanguage\":\"de\",\"potentialAction\":[{\"@type\":\"ReadAction\",\"target\":[\"https:\/\/talkpal.ai\/de\/talkpal-rabatt-fuer-gefluechtete\/\"]}]},{\"@type\":\"BreadcrumbList\",\"@id\":\"https:\/\/talkpal.ai\/de\/talkpal-rabatt-fuer-gefluechtete\/#breadcrumb\",\"itemListElement\":[{\"@type\":\"ListItem\",\"position\":1,\"name\":\"Homepage\",\"item\":\"https:\/\/talkpal.ai\/de\/\"},{\"@type\":\"ListItem\",\"position\":2,\"name\":\"Talkpal-Rabatt f\u00fcr Gefl\u00fcchtete\"}]},{\"@type\":\"WebSite\",\"@id\":\"https:\/\/talkpal.ai\/de\/#website\",\"url\":\"https:\/\/talkpal.ai\/de\/\",\"name\":\"Talkpal\",\"description\":\"AI Language Learning\",\"publisher\":{\"@id\":\"https:\/\/talkpal.ai\/de\/#organization\"},\"alternateName\":\"Talkpal AI\",\"potentialAction\":[{\"@type\":\"SearchAction\",\"target\":{\"@type\":\"EntryPoint\",\"urlTemplate\":\"https:\/\/talkpal.ai\/de\/?s={search_term_string}\"},\"query-input\":{\"@type\":\"PropertyValueSpecification\",\"valueRequired\":true,\"valueName\":\"search_term_string\"}}],\"inLanguage\":\"de\"},{\"@type\":\"Organization\",\"@id\":\"https:\/\/talkpal.ai\/de\/#organization\",\"name\":\"Talkpal, Inc.\",\"alternateName\":\"Talkpal AI\",\"url\":\"https:\/\/talkpal.ai\/de\/\",\"logo\":{\"@type\":\"ImageObject\",\"inLanguage\":\"de\",\"@id\":\"https:\/\/talkpal.ai\/de\/#\/schema\/logo\/image\/\",\"url\":\"https:\/\/talkpal.ai\/wp-content\/uploads\/2024\/03\/Talkpal-Logo-Icon.png\",\"contentUrl\":\"https:\/\/talkpal.ai\/wp-content\/uploads\/2024\/03\/Talkpal-Logo-Icon.png\",\"width\":2880,\"height\":2880,\"caption\":\"Talkpal, Inc.\"},\"image\":{\"@id\":\"https:\/\/talkpal.ai\/de\/#\/schema\/logo\/image\/\"},\"sameAs\":[\"https:\/\/www.facebook.com\/profile.php?id=100090733639311\",\"https:\/\/x.com\/talkpalai\",\"https:\/\/www.linkedin.com\/company\/talkpal\/\",\"https:\/\/www.youtube.com\/@TalkPal\/\",\"https:\/\/www.tiktok.com\/@talkpal\",\"https:\/\/www.instagram.com\/talkpal_ai\/\",\"https:\/\/www.crunchbase.com\/organization\/talkpal-9cde\",\"https:\/\/www.g2.com\/products\/talkpal-for-business\/\",\"https:\/\/www.trustpilot.com\/review\/talkpal.ai\",\"https:\/\/www.capterra.com\/p\/10006800\/TalkPal\/\"],\"description\":\"Talkpal is a language learning web and mobile education app, powered by the latest AI technologies, that provides engaging experiences to its customers in many different languages to help them improve their language skills. Users can chat about unlimited amount of topics with the app and use other modes to practice their language learning.\",\"email\":\"support@talkpal.ai\",\"legalName\":\"Talkpal, Inc.\",\"foundingDate\":\"2023-04-03\",\"duns\":\"118989042\",\"numberOfEmployees\":{\"@type\":\"QuantitativeValue\",\"minValue\":\"11\",\"maxValue\":\"50\"},\"publishingPrinciples\":\"https:\/\/talkpal.ai\/publishing-principles\/\",\"actionableFeedbackPolicy\":\"https:\/\/talkpal.ai\/actionable-feedback-policy\/\",\"correctionsPolicy\":\"https:\/\/talkpal.ai\/corrections-policy\/\",\"ethicsPolicy\":\"https:\/\/talkpal.ai\/ethics-policy\/\",\"diversityPolicy\":\"https:\/\/talkpal.ai\/diversity-policy\/\",\"diversityStaffingReport\":\"https:\/\/talkpal.ai\/diversity-policy\/\"}]}<\/script>\n<!-- \/ Yoast SEO Premium plugin. -->","yoast_head_json":{"title":"Talkpal-Rabatt f\u00fcr Gefl\u00fcchtete - Talkpal","description":"Schalten Sie einen 79%-Rabatt auf Talkpal Premium f\u00fcr Fl\u00fcchtlinge frei und lernen Sie online schneller neue Sprachen mit KI-Technologie.","robots":{"index":"index","follow":"follow","max-snippet":"max-snippet:-1","max-image-preview":"max-image-preview:large","max-video-preview":"max-video-preview:-1"},"canonical":"https:\/\/talkpal.ai\/de\/talkpal-rabatt-fuer-gefluechtete\/","og_locale":"de_DE","og_type":"article","og_title":"Talkpal-Rabatt f\u00fcr Gefl\u00fcchtete","og_url":"https:\/\/talkpal.ai\/de\/talkpal-rabatt-fuer-gefluechtete\/","og_site_name":"Talkpal","article_publisher":"https:\/\/www.facebook.com\/profile.php?id=100090733639311","article_modified_time":"2026-01-22T15:11:50+00:00","og_image":[{"width":2880,"height":1620,"url":"https:\/\/talkpal.ai\/wp-content\/uploads\/2025\/02\/Progress-tab-16_9.png","type":"image\/png"}],"twitter_card":"summary_large_image","twitter_site":"@talkpalai","schema":{"@context":"https:\/\/schema.org","@graph":[{"@type":"WebPage","@id":"https:\/\/talkpal.ai\/de\/talkpal-rabatt-fuer-gefluechtete\/","url":"https:\/\/talkpal.ai\/de\/talkpal-rabatt-fuer-gefluechtete\/","name":"Talkpal-Rabatt f\u00fcr Gefl\u00fcchtete - Talkpal","isPartOf":{"@id":"https:\/\/talkpal.ai\/de\/#website"},"datePublished":"2025-10-22T20:42:59+00:00","dateModified":"2026-01-22T15:11:50+00:00","description":"Schalten Sie einen 79%-Rabatt auf Talkpal Premium f\u00fcr Fl\u00fcchtlinge frei und lernen Sie online schneller neue Sprachen mit KI-Technologie.","breadcrumb":{"@id":"https:\/\/talkpal.ai\/de\/talkpal-rabatt-fuer-gefluechtete\/#breadcrumb"},"inLanguage":"de","potentialAction":[{"@type":"ReadAction","target":["https:\/\/talkpal.ai\/de\/talkpal-rabatt-fuer-gefluechtete\/"]}]},{"@type":"BreadcrumbList","@id":"https:\/\/talkpal.ai\/de\/talkpal-rabatt-fuer-gefluechtete\/#breadcrumb","itemListElement":[{"@type":"ListItem","position":1,"name":"Homepage","item":"https:\/\/talkpal.ai\/de\/"},{"@type":"ListItem","position":2,"name":"Talkpal-Rabatt f\u00fcr Gefl\u00fcchtete"}]},{"@type":"WebSite","@id":"https:\/\/talkpal.ai\/de\/#website","url":"https:\/\/talkpal.ai\/de\/","name":"Talkpal","description":"AI Language Learning","publisher":{"@id":"https:\/\/talkpal.ai\/de\/#organization"},"alternateName":"Talkpal AI","potentialAction":[{"@type":"SearchAction","target":{"@type":"EntryPoint","urlTemplate":"https:\/\/talkpal.ai\/de\/?s={search_term_string}"},"query-input":{"@type":"PropertyValueSpecification","valueRequired":true,"valueName":"search_term_string"}}],"inLanguage":"de"},{"@type":"Organization","@id":"https:\/\/talkpal.ai\/de\/#organization","name":"Talkpal, Inc.","alternateName":"Talkpal AI","url":"https:\/\/talkpal.ai\/de\/","logo":{"@type":"ImageObject","inLanguage":"de","@id":"https:\/\/talkpal.ai\/de\/#\/schema\/logo\/image\/","url":"https:\/\/talkpal.ai\/wp-content\/uploads\/2024\/03\/Talkpal-Logo-Icon.png","contentUrl":"https:\/\/talkpal.ai\/wp-content\/uploads\/2024\/03\/Talkpal-Logo-Icon.png","width":2880,"height":2880,"caption":"Talkpal, Inc."},"image":{"@id":"https:\/\/talkpal.ai\/de\/#\/schema\/logo\/image\/"},"sameAs":["https:\/\/www.facebook.com\/profile.php?id=100090733639311","https:\/\/x.com\/talkpalai","https:\/\/www.linkedin.com\/company\/talkpal\/","https:\/\/www.youtube.com\/@TalkPal\/","https:\/\/www.tiktok.com\/@talkpal","https:\/\/www.instagram.com\/talkpal_ai\/","https:\/\/www.crunchbase.com\/organization\/talkpal-9cde","https:\/\/www.g2.com\/products\/talkpal-for-business\/","https:\/\/www.trustpilot.com\/review\/talkpal.ai","https:\/\/www.capterra.com\/p\/10006800\/TalkPal\/"],"description":"Talkpal is a language learning web and mobile education app, powered by the latest AI technologies, that provides engaging experiences to its customers in many different languages to help them improve their language skills. Users can chat about unlimited amount of topics with the app and use other modes to practice their language learning.","email":"support@talkpal.ai","legalName":"Talkpal, Inc.","foundingDate":"2023-04-03","duns":"118989042","numberOfEmployees":{"@type":"QuantitativeValue","minValue":"11","maxValue":"50"},"publishingPrinciples":"https:\/\/talkpal.ai\/publishing-principles\/","actionableFeedbackPolicy":"https:\/\/talkpal.ai\/actionable-feedback-policy\/","correctionsPolicy":"https:\/\/talkpal.ai\/corrections-policy\/","ethicsPolicy":"https:\/\/talkpal.ai\/ethics-policy\/","diversityPolicy":"https:\/\/talkpal.ai\/diversity-policy\/","diversityStaffingReport":"https:\/\/talkpal.ai\/diversity-policy\/"}]}},"_links":{"self":[{"href":"https:\/\/talkpal.ai\/de\/wp-json\/wp\/v2\/pages\/1461839","targetHints":{"allow":["GET"]}}],"collection":[{"href":"https:\/\/talkpal.ai\/de\/wp-json\/wp\/v2\/pages"}],"about":[{"href":"https:\/\/talkpal.ai\/de\/wp-json\/wp\/v2\/types\/page"}],"author":[{"embeddable":true,"href":"https:\/\/talkpal.ai\/de\/wp-json\/wp\/v2\/users\/20"}],"replies":[{"embeddable":true,"href":"https:\/\/talkpal.ai\/de\/wp-json\/wp\/v2\/comments?post=1461839"}],"version-history":[{"count":0,"href":"https:\/\/talkpal.ai\/de\/wp-json\/wp\/v2\/pages\/1461839\/revisions"}],"wp:attachment":[{"href":"https:\/\/talkpal.ai\/de\/wp-json\/wp\/v2\/media?parent=1461839"}],"curies":[{"name":"wp","href":"https:\/\/api.w.org\/{rel}","templated":true}]}}