{"id":1461590,"date":"2025-10-22T22:10:53","date_gmt":"2025-10-22T22:10:53","guid":{"rendered":"https:\/\/talkpal.ai\/talkpal-rabatt-fuer-reiseleiter\/"},"modified":"2026-01-22T15:09:05","modified_gmt":"2026-01-22T15:09:05","slug":"talkpal-rabatt-fuer-reiseleiter","status":"publish","type":"page","link":"https:\/\/talkpal.ai\/de\/talkpal-rabatt-fuer-reiseleiter\/","title":{"rendered":"Talkpal Rabatt f\u00fcr Reiseleiter"},"content":{"rendered":"<section class=\"languageChallengeSection\">\r\n    <div class=\"languageInfoWrapper\">\r\n        \r\n        <h1>Talkpal Rabatt f\u00fcr Reiseleiter<\/h1>\r\n        <p>Sind Sie ein Reiseleiter, der Ihre Sprachkenntnisse verbessern und mit mehr Reisenden in Kontakt treten m\u00f6chte? Talkpal bietet einen exklusiven Rabatt von 79 % f\u00fcr Reiseleiter, damit Sie schneller lernen und selbstbewusst kommunizieren k\u00f6nnen. Schalte alle Premium-Funktionen frei, \u00fcbe echte G\u00e4steinteraktionen mit KI und steigere deine Sprachkompetenz zum halben Preis.<\/p>\r\n\r\n                    <a class=\"getStartedHidden\" href=\"https:\/\/app.talkpal.ai\/signup?discount=50\">\r\n                Erhalten Sie Rabatt            <\/a>\r\n            <\/div>\r\n\r\n            <figure>\r\n            <img decoding=\"async\" class=\"no-lazy\" src=\"https:\/\/talkpal.ai\/wp-content\/uploads\/2026\/01\/straight-hair-girl-with-phone-yellow-background.webp\" alt=\"\" fetchpriority=\"high\" \/>\r\n        <\/figure>\r\n        \r\n                    <a class=\"getStartedVisible\" href=\"https:\/\/app.talkpal.ai\/signup?discount=50\">\r\n                Erhalten Sie Rabatt            <\/a>\r\n        <\/section><section class=\"featureSection\">\r\n    <div class=\"featureIntroduce\">\r\n        <a class=\"introduceLink\" href=\"https:\/\/app.talkpal.ai\/de\/signup?lng=\">\r\n            <img decoding=\"async\" src=\"https:\/\/talkpal.ai\/wp-content\/themes\/talkpal\/assets\/img\/Sparkle.svg\" alt=\"\" \/>die fortschrittlichsten\n  K\u00fcnstliche Intelligenz<\/a>\r\n        <h3 class=\"featureTitle\">Der talkpal Unterschied<\/h3>\r\n    <\/div>\r\n            <div class=\"introduceWrapper\">\r\n                            <a class=\"introducCard\" href=\"https:\/\/app.talkpal.ai\/de\/signup?lng=\">\r\n\r\n                    \r\n                                                <img decoding=\"async\" src=\"https:\/\/talkpal.ai\/wp-content\/uploads\/2025\/05\/Immersive_conversations.png\" alt=\"Immersive Conversation Screenshot\" \/>\r\n                        <h4 class=\"introduceTitle\">Personalisierte Bildung<\/h4>\r\n                        <p class=\"cardText\">Jeder Reiseleiter arbeitet anders \u2013 und jede Gruppe, Route und Frage ist einzigartig. Bei Talkpal analysiert unsere fortschrittliche KI Millionen von Lernmustern, um Schulungen zu erstellen, die der Art und Weise entsprechen, wie Leitf\u00e4den tats\u00e4chlich kommunizieren. Sie erhalten eine pers\u00f6nliche, effiziente und ansprechende Praxis, die f\u00fcr das F\u00fchren am Boden entwickelt wurde.<\/p>\r\n                    \r\n                <\/a>\r\n                            <a class=\"introducCard\" href=\"https:\/\/app.talkpal.ai\/de\/signup?lng=\">\r\n\r\n                    \r\n                                                <img decoding=\"async\" src=\"https:\/\/talkpal.ai\/wp-content\/uploads\/2025\/05\/Realtime_feedback.png\" alt=\"Feedback Screenshot\" \/>\r\n                        <h4 class=\"introduceTitle\">Hochmoderne Technologie<\/h4>\r\n                        <p class=\"cardText\">Unsere Mission ist es, personalisiertes Sprachtraining f\u00fcr Reiseprofis zug\u00e4nglich zu machen, indem wir modernste KI mit bew\u00e4hrten Lehrmethoden kombinieren. Mit Talkpal nehmen Sie nicht nur Unterricht, sondern folgen einem ma\u00dfgeschneiderten Weg, der sich an Ihren Zeitplan, Ihre Tourthemen und Kommunikationsziele anpasst.<\/p>\r\n                    \r\n                <\/a>\r\n                            <a class=\"introducCard\" href=\"https:\/\/app.talkpal.ai\/de\/signup?lng=\">\r\n\r\n                    \r\n                                                <img decoding=\"async\" src=\"https:\/\/talkpal.ai\/wp-content\/uploads\/2025\/05\/Personalization.png\" alt=\"Personalization Screenshot\" \/>\r\n                        <h4 class=\"introduceTitle\">So macht Lernen Spa\u00df<\/h4>\r\n                        <p class=\"cardText\">Wir sind der Meinung, dass das Erlernen einer Sprache praxisnah, lebendig und motivierend sein sollte. Das ist der Grund, warum Talkpal die Guides engagiert und inspiriert \u2013 so wird das \u00dcben zu einem angenehmen Teil Ihres Tages. Schlie\u00dfen Sie sich Tausenden von Reiseleitern weltweit an und beginnen Sie, mehrsprachige Touren mit Zuversicht zu f\u00fchren.<\/p>\r\n                    \r\n                <\/a>\r\n                            <\/div>\r\n                     <a class=\"featureSectionLink\" href=\"https:\/\/app.talkpal.ai\/signup?discount=50\">\r\n                Erhalten Sie Rabatt            <\/a>\r\n                \r\n<\/section>\r\n\r\n\r\n<section class=\"smartFunSection\">\r\n            \r\n            <div class=\"smartFunCard\">\r\n                <div class=\"smartFunWrapper\"><img decoding=\"async\" src=\"https:\/\/talkpal.ai\/wp-content\/uploads\/2025\/05\/1.png\" alt=\"Learning Stats Screenshot\"><\/div>\r\n                <h3>Auf Sie zugeschnitten<\/h3>\r\n                <p>Talkpal bietet KI-gest\u00fctzte Sitzungen, die auf Ihr Niveau und Ihr Tempo abgestimmt sind. Jede Lektion zielt auf die realen Szenarien ab, mit denen sich die Guides konfrontiert sehen \u2013 Begr\u00fc\u00dfungen, Wegbeschreibungen, Geschichtenerz\u00e4hlen, Sicherheitseinweisungen \u2013, damit Sie stetige, arbeitsbereite Fortschritte machen.<\/p>\r\n            <\/div>\r\n\r\n        \r\n            <div class=\"smartFunCard\">\r\n                <div class=\"smartFunWrapper\"><img decoding=\"async\" src=\"https:\/\/talkpal.ai\/wp-content\/uploads\/2025\/05\/2.png\" alt=\"Pronunciation Score Screenshot\"><\/div>\r\n                <h3>Effektiv &amp; Effizient<\/h3>\r\n                <p>St\u00e4rken Sie Ihr Zuh\u00f6ren, Sprechen und Ihre Kommunikation vor Ort mit Talkpal. Unsere Tools machen das \u00dcben von Sprachen f\u00fcr Guides mit unterschiedlichem Hintergrund effektiv und angenehm, egal ob Sie Stadtrundg\u00e4nge, Museumstouren oder Abenteuerreisen leiten.<\/p>\r\n            <\/div>\r\n\r\n        \r\n            <div class=\"smartFunCard\">\r\n                <div class=\"smartFunWrapper\"><img decoding=\"async\" src=\"https:\/\/talkpal.ai\/wp-content\/uploads\/2025\/05\/3.png\" alt=\"Chat Topics Screenshot\"><\/div>\r\n                <h3>Engagiert bleiben<\/h3>\r\n                <p>Die Plattform kombiniert spielerische Elemente, Rollenspiel-Herausforderungen und intelligente Aufforderungen, um die Leitf\u00e4den konsistent und motiviert zu halten. Mit Talkpal wird das \u00dcben zu einer schnellen t\u00e4glichen Gewohnheit, die Sie zwischen den Touren einbauen k\u00f6nnen \u2013 keine l\u00e4stige Pflicht.<\/p>\r\n            <\/div>\r\n\r\n        \r\n            <div class=\"smartFunCard\">\r\n                <div class=\"smartFunWrapper\"><img decoding=\"async\" src=\"https:\/\/talkpal.ai\/wp-content\/uploads\/2025\/05\/4.png\" alt=\"Dashboard Screenshot\"><\/div>\r\n                <h3>Lernen mit Freude<\/h3>\r\n                <p>Das Beherrschen einer neuen Sprache muss nicht m\u00fchsam sein. Talkpal bietet interaktive Szenarien, lebendige Charaktere und humorvolle KI-Reisegespr\u00e4che, um das Lernen zu einem fesselnden und inspirierenden Teil des Tages eines jeden Reisef\u00fchrers zu machen.<\/p>\r\n            <\/div>\r\n\r\n            \r\n<\/section>\r\n\r\n<section class=\"promotionalBanner\">\r\n    <p class=\"promotionalText\">Talkpal f\u00fcr Reiseleiter &#8211; Beginnen Sie mit einem reduzierten Preis zu lernen<\/p>\r\n                <a class=\"promotionalLink\" href=\"https:\/\/app.talkpal.ai\/signup?discount=50\">\r\n                Erhalten Sie Rabatt            <\/a>\r\n            \r\n<\/section>","protected":false},"excerpt":{"rendered":"","protected":false},"author":20,"featured_media":0,"parent":0,"menu_order":0,"comment_status":"closed","ping_status":"closed","template":"LearningContentPage.php","meta":{"_acf_changed":false,"footnotes":""},"class_list":["post-1461590","page","type-page","status-publish","hentry"],"acf":[],"yoast_head":"<!-- This site is optimized with the Yoast SEO Premium plugin v27.2 (Yoast SEO v27.2) - https:\/\/yoast.com\/product\/yoast-seo-premium-wordpress\/ -->\n<title>Talkpal Rabatt f\u00fcr Reiseleiter - Talkpal<\/title>\n<meta name=\"description\" content=\"Reiseleiter erhalten einen exklusiven Rabatt von 79 % auf Talkpal, um Sprachen schneller zu lernen und selbstbewusst zu kommunizieren.\" \/>\n<meta name=\"robots\" content=\"index, follow, max-snippet:-1, max-image-preview:large, max-video-preview:-1\" \/>\n<link rel=\"canonical\" href=\"https:\/\/talkpal.ai\/de\/talkpal-rabatt-fuer-reiseleiter\/\" \/>\n<meta property=\"og:locale\" content=\"de_DE\" \/>\n<meta property=\"og:type\" content=\"article\" \/>\n<meta property=\"og:title\" content=\"Talkpal Rabatt f\u00fcr Reiseleiter\" \/>\n<meta property=\"og:url\" content=\"https:\/\/talkpal.ai\/de\/talkpal-rabatt-fuer-reiseleiter\/\" \/>\n<meta property=\"og:site_name\" content=\"Talkpal\" \/>\n<meta property=\"article:publisher\" content=\"https:\/\/www.facebook.com\/profile.php?id=100090733639311\" \/>\n<meta property=\"article:modified_time\" content=\"2026-01-22T15:09:05+00:00\" \/>\n<meta property=\"og:image\" content=\"https:\/\/talkpal.ai\/wp-content\/uploads\/2025\/02\/Progress-tab-16_9.png\" \/>\n\t<meta property=\"og:image:width\" content=\"2880\" \/>\n\t<meta property=\"og:image:height\" content=\"1620\" \/>\n\t<meta property=\"og:image:type\" content=\"image\/png\" \/>\n<meta name=\"twitter:card\" content=\"summary_large_image\" \/>\n<meta name=\"twitter:site\" content=\"@talkpalai\" \/>\n<script type=\"application\/ld+json\" class=\"yoast-schema-graph\">{\"@context\":\"https:\/\/schema.org\",\"@graph\":[{\"@type\":\"WebPage\",\"@id\":\"https:\/\/talkpal.ai\/de\/talkpal-rabatt-fuer-reiseleiter\/\",\"url\":\"https:\/\/talkpal.ai\/de\/talkpal-rabatt-fuer-reiseleiter\/\",\"name\":\"Talkpal Rabatt f\u00fcr Reiseleiter - Talkpal\",\"isPartOf\":{\"@id\":\"https:\/\/talkpal.ai\/de\/#website\"},\"datePublished\":\"2025-10-22T22:10:53+00:00\",\"dateModified\":\"2026-01-22T15:09:05+00:00\",\"description\":\"Reiseleiter erhalten einen exklusiven Rabatt von 79 % auf Talkpal, um Sprachen schneller zu lernen und selbstbewusst zu kommunizieren.\",\"breadcrumb\":{\"@id\":\"https:\/\/talkpal.ai\/de\/talkpal-rabatt-fuer-reiseleiter\/#breadcrumb\"},\"inLanguage\":\"de\",\"potentialAction\":[{\"@type\":\"ReadAction\",\"target\":[\"https:\/\/talkpal.ai\/de\/talkpal-rabatt-fuer-reiseleiter\/\"]}]},{\"@type\":\"BreadcrumbList\",\"@id\":\"https:\/\/talkpal.ai\/de\/talkpal-rabatt-fuer-reiseleiter\/#breadcrumb\",\"itemListElement\":[{\"@type\":\"ListItem\",\"position\":1,\"name\":\"Homepage\",\"item\":\"https:\/\/talkpal.ai\/de\/\"},{\"@type\":\"ListItem\",\"position\":2,\"name\":\"Talkpal Rabatt f\u00fcr Reiseleiter\"}]},{\"@type\":\"WebSite\",\"@id\":\"https:\/\/talkpal.ai\/de\/#website\",\"url\":\"https:\/\/talkpal.ai\/de\/\",\"name\":\"Talkpal\",\"description\":\"AI Language Learning\",\"publisher\":{\"@id\":\"https:\/\/talkpal.ai\/de\/#organization\"},\"alternateName\":\"Talkpal AI\",\"potentialAction\":[{\"@type\":\"SearchAction\",\"target\":{\"@type\":\"EntryPoint\",\"urlTemplate\":\"https:\/\/talkpal.ai\/de\/?s={search_term_string}\"},\"query-input\":{\"@type\":\"PropertyValueSpecification\",\"valueRequired\":true,\"valueName\":\"search_term_string\"}}],\"inLanguage\":\"de\"},{\"@type\":\"Organization\",\"@id\":\"https:\/\/talkpal.ai\/de\/#organization\",\"name\":\"Talkpal, Inc.\",\"alternateName\":\"Talkpal AI\",\"url\":\"https:\/\/talkpal.ai\/de\/\",\"logo\":{\"@type\":\"ImageObject\",\"inLanguage\":\"de\",\"@id\":\"https:\/\/talkpal.ai\/de\/#\/schema\/logo\/image\/\",\"url\":\"https:\/\/talkpal.ai\/wp-content\/uploads\/2024\/03\/Talkpal-Logo-Icon.png\",\"contentUrl\":\"https:\/\/talkpal.ai\/wp-content\/uploads\/2024\/03\/Talkpal-Logo-Icon.png\",\"width\":2880,\"height\":2880,\"caption\":\"Talkpal, Inc.\"},\"image\":{\"@id\":\"https:\/\/talkpal.ai\/de\/#\/schema\/logo\/image\/\"},\"sameAs\":[\"https:\/\/www.facebook.com\/profile.php?id=100090733639311\",\"https:\/\/x.com\/talkpalai\",\"https:\/\/www.linkedin.com\/company\/talkpal\/\",\"https:\/\/www.youtube.com\/@TalkPal\/\",\"https:\/\/www.tiktok.com\/@talkpal\",\"https:\/\/www.instagram.com\/talkpal_ai\/\",\"https:\/\/www.crunchbase.com\/organization\/talkpal-9cde\",\"https:\/\/www.g2.com\/products\/talkpal-for-business\/\",\"https:\/\/www.trustpilot.com\/review\/talkpal.ai\",\"https:\/\/www.capterra.com\/p\/10006800\/TalkPal\/\"],\"description\":\"Talkpal is a language learning web and mobile education app, powered by the latest AI technologies, that provides engaging experiences to its customers in many different languages to help them improve their language skills. Users can chat about unlimited amount of topics with the app and use other modes to practice their language learning.\",\"email\":\"support@talkpal.ai\",\"legalName\":\"Talkpal, Inc.\",\"foundingDate\":\"2023-04-03\",\"duns\":\"118989042\",\"numberOfEmployees\":{\"@type\":\"QuantitativeValue\",\"minValue\":\"11\",\"maxValue\":\"50\"},\"publishingPrinciples\":\"https:\/\/talkpal.ai\/publishing-principles\/\",\"actionableFeedbackPolicy\":\"https:\/\/talkpal.ai\/actionable-feedback-policy\/\",\"correctionsPolicy\":\"https:\/\/talkpal.ai\/corrections-policy\/\",\"ethicsPolicy\":\"https:\/\/talkpal.ai\/ethics-policy\/\",\"diversityPolicy\":\"https:\/\/talkpal.ai\/diversity-policy\/\",\"diversityStaffingReport\":\"https:\/\/talkpal.ai\/diversity-policy\/\"}]}<\/script>\n<!-- \/ Yoast SEO Premium plugin. -->","yoast_head_json":{"title":"Talkpal Rabatt f\u00fcr Reiseleiter - Talkpal","description":"Reiseleiter erhalten einen exklusiven Rabatt von 79 % auf Talkpal, um Sprachen schneller zu lernen und selbstbewusst zu kommunizieren.","robots":{"index":"index","follow":"follow","max-snippet":"max-snippet:-1","max-image-preview":"max-image-preview:large","max-video-preview":"max-video-preview:-1"},"canonical":"https:\/\/talkpal.ai\/de\/talkpal-rabatt-fuer-reiseleiter\/","og_locale":"de_DE","og_type":"article","og_title":"Talkpal Rabatt f\u00fcr Reiseleiter","og_url":"https:\/\/talkpal.ai\/de\/talkpal-rabatt-fuer-reiseleiter\/","og_site_name":"Talkpal","article_publisher":"https:\/\/www.facebook.com\/profile.php?id=100090733639311","article_modified_time":"2026-01-22T15:09:05+00:00","og_image":[{"width":2880,"height":1620,"url":"https:\/\/talkpal.ai\/wp-content\/uploads\/2025\/02\/Progress-tab-16_9.png","type":"image\/png"}],"twitter_card":"summary_large_image","twitter_site":"@talkpalai","schema":{"@context":"https:\/\/schema.org","@graph":[{"@type":"WebPage","@id":"https:\/\/talkpal.ai\/de\/talkpal-rabatt-fuer-reiseleiter\/","url":"https:\/\/talkpal.ai\/de\/talkpal-rabatt-fuer-reiseleiter\/","name":"Talkpal Rabatt f\u00fcr Reiseleiter - Talkpal","isPartOf":{"@id":"https:\/\/talkpal.ai\/de\/#website"},"datePublished":"2025-10-22T22:10:53+00:00","dateModified":"2026-01-22T15:09:05+00:00","description":"Reiseleiter erhalten einen exklusiven Rabatt von 79 % auf Talkpal, um Sprachen schneller zu lernen und selbstbewusst zu kommunizieren.","breadcrumb":{"@id":"https:\/\/talkpal.ai\/de\/talkpal-rabatt-fuer-reiseleiter\/#breadcrumb"},"inLanguage":"de","potentialAction":[{"@type":"ReadAction","target":["https:\/\/talkpal.ai\/de\/talkpal-rabatt-fuer-reiseleiter\/"]}]},{"@type":"BreadcrumbList","@id":"https:\/\/talkpal.ai\/de\/talkpal-rabatt-fuer-reiseleiter\/#breadcrumb","itemListElement":[{"@type":"ListItem","position":1,"name":"Homepage","item":"https:\/\/talkpal.ai\/de\/"},{"@type":"ListItem","position":2,"name":"Talkpal Rabatt f\u00fcr Reiseleiter"}]},{"@type":"WebSite","@id":"https:\/\/talkpal.ai\/de\/#website","url":"https:\/\/talkpal.ai\/de\/","name":"Talkpal","description":"AI Language Learning","publisher":{"@id":"https:\/\/talkpal.ai\/de\/#organization"},"alternateName":"Talkpal AI","potentialAction":[{"@type":"SearchAction","target":{"@type":"EntryPoint","urlTemplate":"https:\/\/talkpal.ai\/de\/?s={search_term_string}"},"query-input":{"@type":"PropertyValueSpecification","valueRequired":true,"valueName":"search_term_string"}}],"inLanguage":"de"},{"@type":"Organization","@id":"https:\/\/talkpal.ai\/de\/#organization","name":"Talkpal, Inc.","alternateName":"Talkpal AI","url":"https:\/\/talkpal.ai\/de\/","logo":{"@type":"ImageObject","inLanguage":"de","@id":"https:\/\/talkpal.ai\/de\/#\/schema\/logo\/image\/","url":"https:\/\/talkpal.ai\/wp-content\/uploads\/2024\/03\/Talkpal-Logo-Icon.png","contentUrl":"https:\/\/talkpal.ai\/wp-content\/uploads\/2024\/03\/Talkpal-Logo-Icon.png","width":2880,"height":2880,"caption":"Talkpal, Inc."},"image":{"@id":"https:\/\/talkpal.ai\/de\/#\/schema\/logo\/image\/"},"sameAs":["https:\/\/www.facebook.com\/profile.php?id=100090733639311","https:\/\/x.com\/talkpalai","https:\/\/www.linkedin.com\/company\/talkpal\/","https:\/\/www.youtube.com\/@TalkPal\/","https:\/\/www.tiktok.com\/@talkpal","https:\/\/www.instagram.com\/talkpal_ai\/","https:\/\/www.crunchbase.com\/organization\/talkpal-9cde","https:\/\/www.g2.com\/products\/talkpal-for-business\/","https:\/\/www.trustpilot.com\/review\/talkpal.ai","https:\/\/www.capterra.com\/p\/10006800\/TalkPal\/"],"description":"Talkpal is a language learning web and mobile education app, powered by the latest AI technologies, that provides engaging experiences to its customers in many different languages to help them improve their language skills. Users can chat about unlimited amount of topics with the app and use other modes to practice their language learning.","email":"support@talkpal.ai","legalName":"Talkpal, Inc.","foundingDate":"2023-04-03","duns":"118989042","numberOfEmployees":{"@type":"QuantitativeValue","minValue":"11","maxValue":"50"},"publishingPrinciples":"https:\/\/talkpal.ai\/publishing-principles\/","actionableFeedbackPolicy":"https:\/\/talkpal.ai\/actionable-feedback-policy\/","correctionsPolicy":"https:\/\/talkpal.ai\/corrections-policy\/","ethicsPolicy":"https:\/\/talkpal.ai\/ethics-policy\/","diversityPolicy":"https:\/\/talkpal.ai\/diversity-policy\/","diversityStaffingReport":"https:\/\/talkpal.ai\/diversity-policy\/"}]}},"_links":{"self":[{"href":"https:\/\/talkpal.ai\/de\/wp-json\/wp\/v2\/pages\/1461590","targetHints":{"allow":["GET"]}}],"collection":[{"href":"https:\/\/talkpal.ai\/de\/wp-json\/wp\/v2\/pages"}],"about":[{"href":"https:\/\/talkpal.ai\/de\/wp-json\/wp\/v2\/types\/page"}],"author":[{"embeddable":true,"href":"https:\/\/talkpal.ai\/de\/wp-json\/wp\/v2\/users\/20"}],"replies":[{"embeddable":true,"href":"https:\/\/talkpal.ai\/de\/wp-json\/wp\/v2\/comments?post=1461590"}],"version-history":[{"count":0,"href":"https:\/\/talkpal.ai\/de\/wp-json\/wp\/v2\/pages\/1461590\/revisions"}],"wp:attachment":[{"href":"https:\/\/talkpal.ai\/de\/wp-json\/wp\/v2\/media?parent=1461590"}],"curies":[{"name":"wp","href":"https:\/\/api.w.org\/{rel}","templated":true}]}}