{"id":994840,"date":"2023-12-20T15:42:12","date_gmt":"2023-12-20T15:42:12","guid":{"rendered":"https:\/\/talkpal.ai\/instruktioner-til-tilfoejelse-af-kuponkode-i-stripe-checkout\/"},"modified":"2025-06-19T18:08:28","modified_gmt":"2025-06-19T18:08:28","slug":"instruktioner-til-tilfoejelse-af-kuponkode-i-stripe-checkout","status":"publish","type":"page","link":"https:\/\/talkpal.ai\/da\/instruktioner-til-tilfoejelse-af-kuponkode-i-stripe-checkout\/","title":{"rendered":"Instruktioner til tilf\u00f8jelse af kuponkode i Stripe Checkout"},"content":{"rendered":"\n<p>Tilf\u00f8j kuponkode og f\u00e5 rabat.<\/p>\n\n<h2 class=\"wp-block-heading\" id=\"h-follow-the-steps\">F\u00f8lg trinene<\/h2>\n\n<h3 class=\"wp-block-heading\" id=\"h-step-1\">Trin 1:<\/h3>\n\n<p>V\u00e6lg en foretrukken plan.<\/p>\n\n<figure class=\"wp-block-image\"><img decoding=\"async\" src=\"https:\/\/talkpal.ai\/wp-content\/uploads\/2024\/12\/Choos-plan-screen-768x389.png\" alt=\"\"\/><\/figure>\n\n<h3 class=\"wp-block-heading\" id=\"h-step-2\">Trin 2:<\/h3>\n\n<p>V\u00e6lg muligheden for at betale med kort, og <a href=\"https:\/\/talkpal.ai\/da\/tryk-paa\/\">tryk p\u00e5<\/a> startknappen.<\/p>\n\n<figure class=\"wp-block-image\"><img decoding=\"async\" src=\"https:\/\/talkpal.ai\/wp-content\/uploads\/2024\/12\/Payment-method-screen-768x389.png\" alt=\"\"\/><\/figure>\n\n<h3 class=\"wp-block-heading\" id=\"h-step-3\">Trin 3:<\/h3>\n\n<p>Du vil blive omdirigeret til Stripe-kassesiden.<\/p>\n\n<h3 class=\"wp-block-heading\" id=\"h-step-4\">Trin 4:<\/h3>\n\n<p><a href=\"https:\/\/talkpal.ai\/da\/tryk-paa\/\">Tryk p\u00e5<\/a> \u00bbTilf\u00f8j kampagnekode\u00ab, og skriv koden, f.eks: <strong>JOIN25<\/strong>, og tryk p\u00e5 \u00bbAnvend\u00ab.<\/p>\n\n<figure class=\"wp-block-image\"><img decoding=\"async\" src=\"https:\/\/talkpal.ai\/wp-content\/uploads\/2024\/05\/Talkpal-Stripe-instructions-1024x593.png\" alt=\"\"\/><\/figure>\n\n<h3 class=\"wp-block-heading\" id=\"h-step-5\">Trin 5:<\/h3>\n\n<p>Udfyld dine kortoplysninger, og begynd at udforske din Premium-konto.<\/p>\n\n<p><\/p>\n","protected":false},"excerpt":{"rendered":"<p>Tilf\u00f8j kuponkode og f\u00e5 rabat. F\u00f8lg trinene Trin 1: V\u00e6lg en foretrukken plan. Trin 2: V\u00e6lg muligheden for at betale med kort, og tryk p\u00e5 startknappen. Trin 3: Du vil blive omdirigeret til Stripe-kassesiden. Trin 4: Tryk p\u00e5 \u00bbTilf\u00f8j kampagnekode\u00ab, og skriv koden, f.eks: JOIN25, og tryk p\u00e5 \u00bbAnvend\u00ab. Trin 5: Udfyld dine kortoplysninger, og [&hellip;]<\/p>\n","protected":false},"author":6,"featured_media":197950,"parent":0,"menu_order":0,"comment_status":"closed","ping_status":"closed","template":"","meta":{"_acf_changed":false,"footnotes":""},"class_list":["post-994840","page","type-page","status-publish","has-post-thumbnail","hentry"],"acf":[],"yoast_head":"<!-- This site is optimized with the Yoast SEO Premium plugin v27.2 (Yoast SEO v27.2) - https:\/\/yoast.com\/product\/yoast-seo-premium-wordpress\/ -->\n<title>Instruktioner til tilf\u00f8jelse af kuponkode i Stripe Checkout - Talkpal<\/title>\n<meta name=\"description\" content=\"L\u00e6r, hvordan du nemt tilf\u00f8jer kuponkoder i Stripe Checkout. F\u00f8lg enkle trin for at forbedre kundens checkout-oplevelse.\" \/>\n<meta name=\"robots\" content=\"index, follow, max-snippet:-1, max-image-preview:large, max-video-preview:-1\" \/>\n<link rel=\"canonical\" href=\"https:\/\/talkpal.ai\/da\/instruktioner-til-tilfoejelse-af-kuponkode-i-stripe-checkout\/\" \/>\n<meta property=\"og:locale\" content=\"da_DK\" \/>\n<meta property=\"og:type\" content=\"article\" \/>\n<meta property=\"og:title\" content=\"Instruktioner til tilf\u00f8jelse af kuponkode i Stripe Checkout\" \/>\n<meta property=\"og:description\" content=\"Tilf\u00f8j kuponkode og f\u00e5 rabat. F\u00f8lg trinene Trin 1: V\u00e6lg en foretrukken plan. Trin 2: V\u00e6lg muligheden for at betale med kort, og tryk p\u00e5 startknappen. Trin\" \/>\n<meta property=\"og:url\" content=\"https:\/\/talkpal.ai\/da\/instruktioner-til-tilfoejelse-af-kuponkode-i-stripe-checkout\/\" \/>\n<meta property=\"og:site_name\" content=\"Talkpal\" \/>\n<meta property=\"article:publisher\" content=\"https:\/\/www.facebook.com\/profile.php?id=100090733639311\" \/>\n<meta property=\"article:modified_time\" content=\"2025-06-19T18:08:28+00:00\" \/>\n<meta property=\"og:image\" content=\"https:\/\/talkpal.ai\/wp-content\/uploads\/2024\/03\/Talkpal-Logo-Icon.png\" \/>\n\t<meta property=\"og:image:width\" content=\"5000\" \/>\n\t<meta property=\"og:image:height\" content=\"5000\" \/>\n\t<meta property=\"og:image:type\" content=\"image\/png\" \/>\n<meta name=\"twitter:card\" content=\"summary_large_image\" \/>\n<meta name=\"twitter:site\" content=\"@talkpalai\" \/>\n<script type=\"application\/ld+json\" class=\"yoast-schema-graph\">{\"@context\":\"https:\/\/schema.org\",\"@graph\":[{\"@type\":\"WebPage\",\"@id\":\"https:\/\/talkpal.ai\/da\/instruktioner-til-tilfoejelse-af-kuponkode-i-stripe-checkout\/\",\"url\":\"https:\/\/talkpal.ai\/da\/instruktioner-til-tilfoejelse-af-kuponkode-i-stripe-checkout\/\",\"name\":\"Instruktioner til tilf\u00f8jelse af kuponkode i Stripe Checkout - Talkpal\",\"isPartOf\":{\"@id\":\"https:\/\/talkpal.ai\/da\/#website\"},\"primaryImageOfPage\":{\"@id\":\"https:\/\/talkpal.ai\/da\/instruktioner-til-tilfoejelse-af-kuponkode-i-stripe-checkout\/#primaryimage\"},\"image\":{\"@id\":\"https:\/\/talkpal.ai\/da\/instruktioner-til-tilfoejelse-af-kuponkode-i-stripe-checkout\/#primaryimage\"},\"thumbnailUrl\":\"https:\/\/talkpal.ai\/wp-content\/uploads\/2024\/03\/Talkpal-Logo-Icon.png\",\"datePublished\":\"2023-12-20T15:42:12+00:00\",\"dateModified\":\"2025-06-19T18:08:28+00:00\",\"description\":\"L\u00e6r, hvordan du nemt tilf\u00f8jer kuponkoder i Stripe Checkout. F\u00f8lg enkle trin for at forbedre kundens checkout-oplevelse.\",\"breadcrumb\":{\"@id\":\"https:\/\/talkpal.ai\/da\/instruktioner-til-tilfoejelse-af-kuponkode-i-stripe-checkout\/#breadcrumb\"},\"inLanguage\":\"da-DK\",\"potentialAction\":[{\"@type\":\"ReadAction\",\"target\":[\"https:\/\/talkpal.ai\/da\/instruktioner-til-tilfoejelse-af-kuponkode-i-stripe-checkout\/\"]}]},{\"@type\":\"ImageObject\",\"inLanguage\":\"da-DK\",\"@id\":\"https:\/\/talkpal.ai\/da\/instruktioner-til-tilfoejelse-af-kuponkode-i-stripe-checkout\/#primaryimage\",\"url\":\"https:\/\/talkpal.ai\/wp-content\/uploads\/2024\/03\/Talkpal-Logo-Icon.png\",\"contentUrl\":\"https:\/\/talkpal.ai\/wp-content\/uploads\/2024\/03\/Talkpal-Logo-Icon.png\",\"width\":5000,\"height\":5000,\"caption\":\"talkpal-logo\"},{\"@type\":\"BreadcrumbList\",\"@id\":\"https:\/\/talkpal.ai\/da\/instruktioner-til-tilfoejelse-af-kuponkode-i-stripe-checkout\/#breadcrumb\",\"itemListElement\":[{\"@type\":\"ListItem\",\"position\":1,\"name\":\"Homepage\",\"item\":\"https:\/\/talkpal.ai\/da\/\"},{\"@type\":\"ListItem\",\"position\":2,\"name\":\"Instruktioner til tilf\u00f8jelse af kuponkode i Stripe Checkout\"}]},{\"@type\":\"WebSite\",\"@id\":\"https:\/\/talkpal.ai\/da\/#website\",\"url\":\"https:\/\/talkpal.ai\/da\/\",\"name\":\"Talkpal\",\"description\":\"AI Language Learning\",\"publisher\":{\"@id\":\"https:\/\/talkpal.ai\/da\/#organization\"},\"alternateName\":\"Talkpal AI\",\"potentialAction\":[{\"@type\":\"SearchAction\",\"target\":{\"@type\":\"EntryPoint\",\"urlTemplate\":\"https:\/\/talkpal.ai\/da\/?s={search_term_string}\"},\"query-input\":{\"@type\":\"PropertyValueSpecification\",\"valueRequired\":true,\"valueName\":\"search_term_string\"}}],\"inLanguage\":\"da-DK\"},{\"@type\":\"Organization\",\"@id\":\"https:\/\/talkpal.ai\/da\/#organization\",\"name\":\"Talkpal, Inc.\",\"alternateName\":\"Talkpal AI\",\"url\":\"https:\/\/talkpal.ai\/da\/\",\"logo\":{\"@type\":\"ImageObject\",\"inLanguage\":\"da-DK\",\"@id\":\"https:\/\/talkpal.ai\/da\/#\/schema\/logo\/image\/\",\"url\":\"https:\/\/talkpal.ai\/wp-content\/uploads\/2024\/03\/Talkpal-Logo-Icon.png\",\"contentUrl\":\"https:\/\/talkpal.ai\/wp-content\/uploads\/2024\/03\/Talkpal-Logo-Icon.png\",\"width\":2880,\"height\":2880,\"caption\":\"Talkpal, Inc.\"},\"image\":{\"@id\":\"https:\/\/talkpal.ai\/da\/#\/schema\/logo\/image\/\"},\"sameAs\":[\"https:\/\/www.facebook.com\/profile.php?id=100090733639311\",\"https:\/\/x.com\/talkpalai\",\"https:\/\/www.linkedin.com\/company\/talkpal\/\",\"https:\/\/www.youtube.com\/@TalkPal\/\",\"https:\/\/www.tiktok.com\/@talkpal\",\"https:\/\/www.instagram.com\/talkpal_ai\/\",\"https:\/\/www.crunchbase.com\/organization\/talkpal-9cde\",\"https:\/\/www.g2.com\/products\/talkpal-for-business\/\",\"https:\/\/www.trustpilot.com\/review\/talkpal.ai\",\"https:\/\/www.capterra.com\/p\/10006800\/TalkPal\/\"],\"description\":\"Talkpal is a language learning web and mobile education app, powered by the latest AI technologies, that provides engaging experiences to its customers in many different languages to help them improve their language skills. Users can chat about unlimited amount of topics with the app and use other modes to practice their language learning.\",\"email\":\"support@talkpal.ai\",\"legalName\":\"Talkpal, Inc.\",\"foundingDate\":\"2023-04-03\",\"duns\":\"118989042\",\"numberOfEmployees\":{\"@type\":\"QuantitativeValue\",\"minValue\":\"11\",\"maxValue\":\"50\"},\"publishingPrinciples\":\"https:\/\/talkpal.ai\/publishing-principles\/\",\"actionableFeedbackPolicy\":\"https:\/\/talkpal.ai\/actionable-feedback-policy\/\",\"correctionsPolicy\":\"https:\/\/talkpal.ai\/corrections-policy\/\",\"ethicsPolicy\":\"https:\/\/talkpal.ai\/ethics-policy\/\",\"diversityPolicy\":\"https:\/\/talkpal.ai\/diversity-policy\/\",\"diversityStaffingReport\":\"https:\/\/talkpal.ai\/diversity-policy\/\"}]}<\/script>\n<!-- \/ Yoast SEO Premium plugin. -->","yoast_head_json":{"title":"Instruktioner til tilf\u00f8jelse af kuponkode i Stripe Checkout - Talkpal","description":"L\u00e6r, hvordan du nemt tilf\u00f8jer kuponkoder i Stripe Checkout. F\u00f8lg enkle trin for at forbedre kundens checkout-oplevelse.","robots":{"index":"index","follow":"follow","max-snippet":"max-snippet:-1","max-image-preview":"max-image-preview:large","max-video-preview":"max-video-preview:-1"},"canonical":"https:\/\/talkpal.ai\/da\/instruktioner-til-tilfoejelse-af-kuponkode-i-stripe-checkout\/","og_locale":"da_DK","og_type":"article","og_title":"Instruktioner til tilf\u00f8jelse af kuponkode i Stripe Checkout","og_description":"Tilf\u00f8j kuponkode og f\u00e5 rabat. F\u00f8lg trinene Trin 1: V\u00e6lg en foretrukken plan. Trin 2: V\u00e6lg muligheden for at betale med kort, og tryk p\u00e5 startknappen. Trin","og_url":"https:\/\/talkpal.ai\/da\/instruktioner-til-tilfoejelse-af-kuponkode-i-stripe-checkout\/","og_site_name":"Talkpal","article_publisher":"https:\/\/www.facebook.com\/profile.php?id=100090733639311","article_modified_time":"2025-06-19T18:08:28+00:00","og_image":[{"width":5000,"height":5000,"url":"https:\/\/talkpal.ai\/wp-content\/uploads\/2024\/03\/Talkpal-Logo-Icon.png","type":"image\/png"}],"twitter_card":"summary_large_image","twitter_site":"@talkpalai","schema":{"@context":"https:\/\/schema.org","@graph":[{"@type":"WebPage","@id":"https:\/\/talkpal.ai\/da\/instruktioner-til-tilfoejelse-af-kuponkode-i-stripe-checkout\/","url":"https:\/\/talkpal.ai\/da\/instruktioner-til-tilfoejelse-af-kuponkode-i-stripe-checkout\/","name":"Instruktioner til tilf\u00f8jelse af kuponkode i Stripe Checkout - Talkpal","isPartOf":{"@id":"https:\/\/talkpal.ai\/da\/#website"},"primaryImageOfPage":{"@id":"https:\/\/talkpal.ai\/da\/instruktioner-til-tilfoejelse-af-kuponkode-i-stripe-checkout\/#primaryimage"},"image":{"@id":"https:\/\/talkpal.ai\/da\/instruktioner-til-tilfoejelse-af-kuponkode-i-stripe-checkout\/#primaryimage"},"thumbnailUrl":"https:\/\/talkpal.ai\/wp-content\/uploads\/2024\/03\/Talkpal-Logo-Icon.png","datePublished":"2023-12-20T15:42:12+00:00","dateModified":"2025-06-19T18:08:28+00:00","description":"L\u00e6r, hvordan du nemt tilf\u00f8jer kuponkoder i Stripe Checkout. F\u00f8lg enkle trin for at forbedre kundens checkout-oplevelse.","breadcrumb":{"@id":"https:\/\/talkpal.ai\/da\/instruktioner-til-tilfoejelse-af-kuponkode-i-stripe-checkout\/#breadcrumb"},"inLanguage":"da-DK","potentialAction":[{"@type":"ReadAction","target":["https:\/\/talkpal.ai\/da\/instruktioner-til-tilfoejelse-af-kuponkode-i-stripe-checkout\/"]}]},{"@type":"ImageObject","inLanguage":"da-DK","@id":"https:\/\/talkpal.ai\/da\/instruktioner-til-tilfoejelse-af-kuponkode-i-stripe-checkout\/#primaryimage","url":"https:\/\/talkpal.ai\/wp-content\/uploads\/2024\/03\/Talkpal-Logo-Icon.png","contentUrl":"https:\/\/talkpal.ai\/wp-content\/uploads\/2024\/03\/Talkpal-Logo-Icon.png","width":5000,"height":5000,"caption":"talkpal-logo"},{"@type":"BreadcrumbList","@id":"https:\/\/talkpal.ai\/da\/instruktioner-til-tilfoejelse-af-kuponkode-i-stripe-checkout\/#breadcrumb","itemListElement":[{"@type":"ListItem","position":1,"name":"Homepage","item":"https:\/\/talkpal.ai\/da\/"},{"@type":"ListItem","position":2,"name":"Instruktioner til tilf\u00f8jelse af kuponkode i Stripe Checkout"}]},{"@type":"WebSite","@id":"https:\/\/talkpal.ai\/da\/#website","url":"https:\/\/talkpal.ai\/da\/","name":"Talkpal","description":"AI Language Learning","publisher":{"@id":"https:\/\/talkpal.ai\/da\/#organization"},"alternateName":"Talkpal AI","potentialAction":[{"@type":"SearchAction","target":{"@type":"EntryPoint","urlTemplate":"https:\/\/talkpal.ai\/da\/?s={search_term_string}"},"query-input":{"@type":"PropertyValueSpecification","valueRequired":true,"valueName":"search_term_string"}}],"inLanguage":"da-DK"},{"@type":"Organization","@id":"https:\/\/talkpal.ai\/da\/#organization","name":"Talkpal, Inc.","alternateName":"Talkpal AI","url":"https:\/\/talkpal.ai\/da\/","logo":{"@type":"ImageObject","inLanguage":"da-DK","@id":"https:\/\/talkpal.ai\/da\/#\/schema\/logo\/image\/","url":"https:\/\/talkpal.ai\/wp-content\/uploads\/2024\/03\/Talkpal-Logo-Icon.png","contentUrl":"https:\/\/talkpal.ai\/wp-content\/uploads\/2024\/03\/Talkpal-Logo-Icon.png","width":2880,"height":2880,"caption":"Talkpal, Inc."},"image":{"@id":"https:\/\/talkpal.ai\/da\/#\/schema\/logo\/image\/"},"sameAs":["https:\/\/www.facebook.com\/profile.php?id=100090733639311","https:\/\/x.com\/talkpalai","https:\/\/www.linkedin.com\/company\/talkpal\/","https:\/\/www.youtube.com\/@TalkPal\/","https:\/\/www.tiktok.com\/@talkpal","https:\/\/www.instagram.com\/talkpal_ai\/","https:\/\/www.crunchbase.com\/organization\/talkpal-9cde","https:\/\/www.g2.com\/products\/talkpal-for-business\/","https:\/\/www.trustpilot.com\/review\/talkpal.ai","https:\/\/www.capterra.com\/p\/10006800\/TalkPal\/"],"description":"Talkpal is a language learning web and mobile education app, powered by the latest AI technologies, that provides engaging experiences to its customers in many different languages to help them improve their language skills. Users can chat about unlimited amount of topics with the app and use other modes to practice their language learning.","email":"support@talkpal.ai","legalName":"Talkpal, Inc.","foundingDate":"2023-04-03","duns":"118989042","numberOfEmployees":{"@type":"QuantitativeValue","minValue":"11","maxValue":"50"},"publishingPrinciples":"https:\/\/talkpal.ai\/publishing-principles\/","actionableFeedbackPolicy":"https:\/\/talkpal.ai\/actionable-feedback-policy\/","correctionsPolicy":"https:\/\/talkpal.ai\/corrections-policy\/","ethicsPolicy":"https:\/\/talkpal.ai\/ethics-policy\/","diversityPolicy":"https:\/\/talkpal.ai\/diversity-policy\/","diversityStaffingReport":"https:\/\/talkpal.ai\/diversity-policy\/"}]}},"_links":{"self":[{"href":"https:\/\/talkpal.ai\/da\/wp-json\/wp\/v2\/pages\/994840","targetHints":{"allow":["GET"]}}],"collection":[{"href":"https:\/\/talkpal.ai\/da\/wp-json\/wp\/v2\/pages"}],"about":[{"href":"https:\/\/talkpal.ai\/da\/wp-json\/wp\/v2\/types\/page"}],"author":[{"embeddable":true,"href":"https:\/\/talkpal.ai\/da\/wp-json\/wp\/v2\/users\/6"}],"replies":[{"embeddable":true,"href":"https:\/\/talkpal.ai\/da\/wp-json\/wp\/v2\/comments?post=994840"}],"version-history":[{"count":0,"href":"https:\/\/talkpal.ai\/da\/wp-json\/wp\/v2\/pages\/994840\/revisions"}],"wp:featuredmedia":[{"embeddable":true,"href":"https:\/\/talkpal.ai\/da\/wp-json\/wp\/v2\/media\/197950"}],"wp:attachment":[{"href":"https:\/\/talkpal.ai\/da\/wp-json\/wp\/v2\/media?parent=994840"}],"curies":[{"name":"wp","href":"https:\/\/api.w.org\/{rel}","templated":true}]}}