{"id":74967,"date":"2023-05-14T14:03:23","date_gmt":"2023-05-14T14:03:23","guid":{"rendered":"http:\/\/talkpal.ai\/dansk-grammatik\/"},"modified":"2025-12-13T15:27:55","modified_gmt":"2025-12-13T15:27:55","slug":"dansk-grammatik","status":"publish","type":"page","link":"https:\/\/talkpal.ai\/da\/dansk-grammatik\/","title":{"rendered":"Dansk grammatik"},"content":{"rendered":"\r\n\r\n\r\n<section class=\"languageChallengeSection\">\r\n    <div class=\"languageInfoWrapper\">\r\n        \r\n        <h1>Dansk grammatik<\/h1>\r\n        <p>F\u00e5 styr p\u00e5 den danske grammatik, og begynd at kommunikere sikkert p\u00e5 dette charmerende skandinaviske <a href=\"https:\/\/talkpal.ai\/what-language-is-spoken-on-the-international-space-station\/\">sprog<\/a>. Ved at beherske de centrale regler og strukturer f\u00e5r du de f\u00e6rdigheder, der er n\u00f8dvendige for at komme i kontakt med dansktalende og opleve deres rige kultur p\u00e5 f\u00f8rste h\u00e5nd. Begynd at l\u00e6re <a href=\"https:\/\/talkpal.ai\/prove-i-dansk-online\/\">dansk grammatik<\/a> i dag, og tag dit f\u00f8rste skridt mod flydende sprog!\n\n<\/p>\r\n\r\n                            <a class=\"getStartedHidden\" href=\"https:\/\/app.talkpal.ai\/da\/signup?lng=\">Kom i gang<\/a>\r\n        \r\n    <\/div>\r\n\r\n    <figure>\r\n    <img decoding=\"async\" width=\"768\" height=\"768\" src=\"https:\/\/talkpal.ai\/wp-content\/uploads\/2023\/06\/danish-768x768.png\" class=\"languageImage no-lazy\" alt=\"Language learning for career enhancement\" fetchpriority=\"high\" sizes=\"(max-width: 768px) 150px, 768px\" srcset=\"https:\/\/talkpal.ai\/wp-content\/uploads\/2023\/06\/danish-768x768.png 768w, https:\/\/talkpal.ai\/wp-content\/uploads\/2023\/06\/danish-300x300.png 300w\" \/>\r\n    \r\n\r\n    <\/figure>\r\n\r\n            <a class=\"getStartedVisible\" href=\"https:\/\/app.talkpal.ai\/da\/signup?lng=\">Kom i gang<\/a>\r\n    \r\n<\/section>\r\n<section class=\"promotionalBanner\">\r\n    <p class=\"promotionalText\">Den mest effektive m\u00e5de at l\u00e6re et sprog p\u00e5<\/p>\r\n    <a class=\"promotionalLink\" href=\"https:\/\/app.talkpal.ai\/da\/signup?lng=\">Pr\u00f8v Talkpal gratis<\/a>\r\n<\/section>\n<div class=\"wp-block-group pageContainerStyle\"><div class=\"wp-block-group__inner-container is-layout-constrained wp-block-group-is-layout-constrained\">\n<h2 class=\"wp-block-heading\" id=\"h-delving-into-the-depths-of-danish-grammar-unraveling-its-idiosyncrasies-and-charm\">Dykker ned i dybden af dansk grammatik: Optr\u00e6vler dens idiosynkrasier og charme<\/h2>\n\n\n\n<p>Husk den tid, hvor det at l\u00e6re <a href=\"https:\/\/talkpal.ai\/da\/grammar\/korte-svar-i-engelsk-grammatik\/\">engelsk grammatik<\/a> virkede som en kamp op ad bakke med sin overflod af regler, undtagelser og indviklet terminologi? Hvis du nu har <a href=\"https:\/\/talkpal.ai\/talkpal-discount-for-test-takers-e-g-toefl-ielts\/\">sat<\/a> dig for at l\u00e6re det danske sprog, s\u00e5 forbered dig p\u00e5 endnu en sp\u00e6ndende tur gennem den danske grammatiks kompleksitet og herligheder.<\/p>\n\n\n\n<p><a href=\"https:\/\/talkpal.ai\/learn-danish\/\">Dansk<\/a>, et nordgermansk sprog, deler ligheder med sprog som <a href=\"https:\/\/talkpal.ai\/learn-norwegian\/\">norsk<\/a> og <a href=\"https:\/\/talkpal.ai\/learn-swedish\/\">svensk<\/a>. Det har dog sine egne unikke egenskaber, der g\u00f8r det til en perle, der er v\u00e6rd at udforske i dybden. Lad os starte med at opklare den danske grammatiks vidundere, en regel ad gangen.<\/p>\n\n\n\n<p><strong>Et sl\u00e5ende tr\u00e6k ved dansk grammatik<\/strong> er dens enkelhed, n\u00e5r det kommer til ordstilling. Dansk f\u00f8lger subjekt-verb-objekt (SVO) strukturen, ligesom engelsk, hvilket g\u00f8r det relativt let for engelsktalende at forst\u00e5. Der er dog et twist &#8211; brugen af V2-ordstilling i hoveds\u00e6tninger, hvilket betyder, at verbet altid skal v\u00e6re det andet element. Denne regel tilf\u00f8jer et strejf af unikhed til det danske sprog.<\/p>\n\n\n\n<p>Et andet interessant aspekt af dansk grammatik er <strong>dets tok\u00f8nssystem<\/strong>. Mens nogle sprog som fransk eller spansk best\u00e5r af separate k\u00f8n for maskulin og feminin, forenkler dansk dette ved at bruge to hovedk\u00f8n: f\u00e6lles og neutral. P\u00e5 dansk falder de fleste navneord ind under kategorien &#8220;almindelig&#8221;, hvilket g\u00f8r k\u00f8nsaftaler med till\u00e6gsord og artikler relativt ligetil at forst\u00e5.<\/p>\n\n\n\n<p>Dyk ned i <strong>verbernes b\u00f8jning<\/strong>, og du vil opdage, at dansk overstr\u00e5ler andre sprog med hensyn til enkelhed. Danske verber \u00e6ndrer sig ikke alt efter emnet, hvilket g\u00f8r det til en leg at huske og forst\u00e5 forskellige former. Regelm\u00e6ssige verber f\u00f8lger forudsigelige m\u00f8nstre, og selv uregelm\u00e6ssige verb udg\u00f8r lidt udfordring, da deres uregelm\u00e6ssigheder er meget subtile.<\/p>\n\n\n\n<p>Dansk grammatik tilbyder et unikt tr\u00e6k med sin <strong>brug af ubestemte, artikler og demonstrativer<\/strong>. Den ubestemte artikel svarer til &#8220;a&#8221; eller &#8220;an&#8221; p\u00e5 engelsk, og p\u00e5 dansk kan den v\u00e6re &#8220;en&#8221; for f\u00e6llesk\u00f8n eller &#8220;et&#8221; for intetk\u00f8n. Den bestemte artikel, der svarer til &#8220;the&#8221; p\u00e5 engelsk, h\u00e6fter sig til enden af selve substantivet og smelter sammen til \u00e9t ord. Demonstrativer, der angiver specifikke navneord, \u00e6ndres ogs\u00e5 i henhold til substantivets k\u00f8n og tilf\u00f8jer et niveau af specificitet og charme.<\/p>\n\n\n\n<p>Lad os ikke glemme den smukke <strong>danske udtale<\/strong>, som kr\u00e6ver fortrolighed med de karakteristiske vokallyde og bl\u00f8de konsonanter. Brugen af st\u00f8d adskiller det yderligere fra andre germanske sprog og giver dansk sin unikke lyd og tiltr\u00e6kningskraft.<\/p>\n\n\n\n<p>Ved at fordybe dig i dansk grammatik l\u00e6rer du ikke kun et nyt sprog, men beriger ogs\u00e5 din kulturelle viden og forst\u00e5else af Danmark og dets befolkning. Selvom dansk grammatik til tider er udfordrende, tilbyder den en unik l\u00e6ringsoplevelse, der \u00e5bner d\u00f8ren til utallige charme og idiosynkrasier, der g\u00f8r det til et uimodst\u00e5eligt sprog at udforske. S\u00e5 grib dine sprogb\u00f8ger og begiv dig ud p\u00e5 et dansk grammatikeventyr, der lover at fange og inspirere dig hele tiden!<\/p>\n<\/div><\/div>\n\r\n<section class=\"learnNavigationSection\">\r\n            \r\n        <a href=\"https:\/\/talkpal.ai\/da\/laer-dansk\/\">\r\n            <div class=\"learnNavigationWrapper\">\r\n                <div class=\"learnNavigationContent\">\r\n                    <img decoding=\"async\" src=\"https:\/\/talkpal.ai\/wp-content\/uploads\/2024\/08\/Danish.jpg\" alt=\"Danish Flag\">\r\n                    <div>\r\n                        <h4>Om dansk l\u00e6ring<\/h4>\r\n                        <p>Find ud af alt om dansk grammatik.<\/p>\r\n                    <\/div>\r\n                <\/div>\r\n            <\/div>\r\n        <\/a>\r\n\r\n        \r\n        <a href=\"https:\/\/talkpal.ai\/da\/oevelser-i-dansk-grammatik\/\">\r\n            <div class=\"learnNavigationWrapper\">\r\n                <div class=\"learnNavigationContent\">\r\n                    <img decoding=\"async\" src=\"https:\/\/talkpal.ai\/wp-content\/uploads\/2024\/08\/Danish.jpg\" alt=\"Danish Flag\">\r\n                    <div>\r\n                        <h4>\u00d8velse i dansk grammatik<\/h4>\r\n                        <p>\u00d8v dig i dansk grammatik.<\/p>\r\n                    <\/div>\r\n                <\/div>\r\n            <\/div>\r\n        <\/a>\r\n\r\n        \r\n        <a href=\"https:\/\/talkpal.ai\/vocabulary_language\/danish\/\">\r\n            <div class=\"learnNavigationWrapper\">\r\n                <div class=\"learnNavigationContent\">\r\n                    <img decoding=\"async\" src=\"https:\/\/talkpal.ai\/wp-content\/uploads\/2024\/08\/Danish.jpg\" alt=\"Danish Flag\">\r\n                    <div>\r\n                        <h4>Dansk ordforr\u00e5d<\/h4>\r\n                        <p>Udvid dit danske ordforr\u00e5d.<\/p>\r\n                    <\/div>\r\n                <\/div>\r\n            <\/div>\r\n        <\/a>\r\n\r\n            <\/section>","protected":false},"excerpt":{"rendered":"<p>Dykker ned i dybden af dansk grammatik: Optr\u00e6vler dens idiosynkrasier og charme Husk den tid, hvor det at l\u00e6re engelsk grammatik virkede som en kamp op ad bakke med sin overflod af regler, undtagelser og indviklet terminologi? Hvis du nu har sat dig for at l\u00e6re det danske sprog, s\u00e5 forbered dig p\u00e5 endnu en [&hellip;]<\/p>\n","protected":false},"author":1,"featured_media":64128,"parent":0,"menu_order":0,"comment_status":"closed","ping_status":"closed","template":"LearningContentPage.php","meta":{"_acf_changed":false,"footnotes":""},"class_list":["post-74967","page","type-page","status-publish","has-post-thumbnail","hentry"],"acf":[],"yoast_head":"<!-- This site is optimized with the Yoast SEO Premium plugin v27.2 (Yoast SEO v27.2) - https:\/\/yoast.com\/product\/yoast-seo-premium-wordpress\/ -->\n<title>Dansk grammatik - Talkpal<\/title>\n<meta name=\"description\" content=\"Udforsk den danske grammatiks finurligheder og opdag dens unikke regler og karakteristika. L\u00e6r at navigere i sproget uden besv\u00e6r.\" \/>\n<meta name=\"robots\" content=\"index, follow, max-snippet:-1, max-image-preview:large, max-video-preview:-1\" \/>\n<link rel=\"canonical\" href=\"https:\/\/talkpal.ai\/da\/dansk-grammatik\/\" \/>\n<meta property=\"og:locale\" content=\"da_DK\" \/>\n<meta property=\"og:type\" content=\"article\" \/>\n<meta property=\"og:title\" content=\"Dansk grammatik\" \/>\n<meta property=\"og:description\" content=\"Dykker ned i dybden af dansk grammatik: Optr\u00e6vler dens idiosynkrasier og charme Husk den tid, hvor det at l\u00e6re engelsk grammatik virkede som en kamp op ad\" \/>\n<meta property=\"og:url\" content=\"https:\/\/talkpal.ai\/da\/dansk-grammatik\/\" \/>\n<meta property=\"og:site_name\" content=\"Talkpal\" \/>\n<meta property=\"article:publisher\" content=\"https:\/\/www.facebook.com\/profile.php?id=100090733639311\" \/>\n<meta property=\"article:modified_time\" content=\"2025-12-13T15:27:55+00:00\" \/>\n<meta property=\"og:image\" content=\"https:\/\/talkpal.ai\/wp-content\/uploads\/2023\/05\/denmark.png\" \/>\n\t<meta property=\"og:image:width\" content=\"512\" \/>\n\t<meta property=\"og:image:height\" content=\"512\" \/>\n\t<meta property=\"og:image:type\" content=\"image\/png\" \/>\n<meta name=\"twitter:card\" content=\"summary_large_image\" \/>\n<meta name=\"twitter:site\" content=\"@talkpalai\" \/>\n<meta name=\"twitter:label1\" content=\"Estimeret l\u00e6setid\" \/>\n\t<meta name=\"twitter:data1\" content=\"3 minutter\" \/>\n<script type=\"application\/ld+json\" class=\"yoast-schema-graph\">{\"@context\":\"https:\/\/schema.org\",\"@graph\":[{\"@type\":\"WebPage\",\"@id\":\"https:\/\/talkpal.ai\/da\/dansk-grammatik\/\",\"url\":\"https:\/\/talkpal.ai\/da\/dansk-grammatik\/\",\"name\":\"Dansk grammatik - Talkpal\",\"isPartOf\":{\"@id\":\"https:\/\/talkpal.ai\/da\/#website\"},\"primaryImageOfPage\":{\"@id\":\"https:\/\/talkpal.ai\/da\/dansk-grammatik\/#primaryimage\"},\"image\":{\"@id\":\"https:\/\/talkpal.ai\/da\/dansk-grammatik\/#primaryimage\"},\"thumbnailUrl\":\"https:\/\/talkpal.ai\/wp-content\/uploads\/2023\/05\/denmark.png\",\"datePublished\":\"2023-05-14T14:03:23+00:00\",\"dateModified\":\"2025-12-13T15:27:55+00:00\",\"description\":\"Udforsk den danske grammatiks finurligheder og opdag dens unikke regler og karakteristika. L\u00e6r at navigere i sproget uden besv\u00e6r.\",\"breadcrumb\":{\"@id\":\"https:\/\/talkpal.ai\/da\/dansk-grammatik\/#breadcrumb\"},\"inLanguage\":\"da-DK\",\"potentialAction\":[{\"@type\":\"ReadAction\",\"target\":[\"https:\/\/talkpal.ai\/da\/dansk-grammatik\/\"]}]},{\"@type\":\"ImageObject\",\"inLanguage\":\"da-DK\",\"@id\":\"https:\/\/talkpal.ai\/da\/dansk-grammatik\/#primaryimage\",\"url\":\"https:\/\/talkpal.ai\/wp-content\/uploads\/2023\/05\/denmark.png\",\"contentUrl\":\"https:\/\/talkpal.ai\/wp-content\/uploads\/2023\/05\/denmark.png\",\"width\":512,\"height\":512},{\"@type\":\"BreadcrumbList\",\"@id\":\"https:\/\/talkpal.ai\/da\/dansk-grammatik\/#breadcrumb\",\"itemListElement\":[{\"@type\":\"ListItem\",\"position\":1,\"name\":\"Homepage\",\"item\":\"https:\/\/talkpal.ai\/da\/\"},{\"@type\":\"ListItem\",\"position\":2,\"name\":\"Dansk grammatik\"}]},{\"@type\":\"WebSite\",\"@id\":\"https:\/\/talkpal.ai\/da\/#website\",\"url\":\"https:\/\/talkpal.ai\/da\/\",\"name\":\"Talkpal\",\"description\":\"AI Language Learning\",\"publisher\":{\"@id\":\"https:\/\/talkpal.ai\/da\/#organization\"},\"alternateName\":\"Talkpal AI\",\"potentialAction\":[{\"@type\":\"SearchAction\",\"target\":{\"@type\":\"EntryPoint\",\"urlTemplate\":\"https:\/\/talkpal.ai\/da\/?s={search_term_string}\"},\"query-input\":{\"@type\":\"PropertyValueSpecification\",\"valueRequired\":true,\"valueName\":\"search_term_string\"}}],\"inLanguage\":\"da-DK\"},{\"@type\":\"Organization\",\"@id\":\"https:\/\/talkpal.ai\/da\/#organization\",\"name\":\"Talkpal, Inc.\",\"alternateName\":\"Talkpal AI\",\"url\":\"https:\/\/talkpal.ai\/da\/\",\"logo\":{\"@type\":\"ImageObject\",\"inLanguage\":\"da-DK\",\"@id\":\"https:\/\/talkpal.ai\/da\/#\/schema\/logo\/image\/\",\"url\":\"https:\/\/talkpal.ai\/wp-content\/uploads\/2024\/03\/Talkpal-Logo-Icon.png\",\"contentUrl\":\"https:\/\/talkpal.ai\/wp-content\/uploads\/2024\/03\/Talkpal-Logo-Icon.png\",\"width\":2880,\"height\":2880,\"caption\":\"Talkpal, Inc.\"},\"image\":{\"@id\":\"https:\/\/talkpal.ai\/da\/#\/schema\/logo\/image\/\"},\"sameAs\":[\"https:\/\/www.facebook.com\/profile.php?id=100090733639311\",\"https:\/\/x.com\/talkpalai\",\"https:\/\/www.linkedin.com\/company\/talkpal\/\",\"https:\/\/www.youtube.com\/@TalkPal\/\",\"https:\/\/www.tiktok.com\/@talkpal\",\"https:\/\/www.instagram.com\/talkpal_ai\/\",\"https:\/\/www.crunchbase.com\/organization\/talkpal-9cde\",\"https:\/\/www.g2.com\/products\/talkpal-for-business\/\",\"https:\/\/www.trustpilot.com\/review\/talkpal.ai\",\"https:\/\/www.capterra.com\/p\/10006800\/TalkPal\/\"],\"description\":\"Talkpal is a language learning web and mobile education app, powered by the latest AI technologies, that provides engaging experiences to its customers in many different languages to help them improve their language skills. Users can chat about unlimited amount of topics with the app and use other modes to practice their language learning.\",\"email\":\"support@talkpal.ai\",\"legalName\":\"Talkpal, Inc.\",\"foundingDate\":\"2023-04-03\",\"duns\":\"118989042\",\"numberOfEmployees\":{\"@type\":\"QuantitativeValue\",\"minValue\":\"11\",\"maxValue\":\"50\"},\"publishingPrinciples\":\"https:\/\/talkpal.ai\/publishing-principles\/\",\"actionableFeedbackPolicy\":\"https:\/\/talkpal.ai\/actionable-feedback-policy\/\",\"correctionsPolicy\":\"https:\/\/talkpal.ai\/corrections-policy\/\",\"ethicsPolicy\":\"https:\/\/talkpal.ai\/ethics-policy\/\",\"diversityPolicy\":\"https:\/\/talkpal.ai\/diversity-policy\/\",\"diversityStaffingReport\":\"https:\/\/talkpal.ai\/diversity-policy\/\"}]}<\/script>\n<!-- \/ Yoast SEO Premium plugin. -->","yoast_head_json":{"title":"Dansk grammatik - Talkpal","description":"Udforsk den danske grammatiks finurligheder og opdag dens unikke regler og karakteristika. L\u00e6r at navigere i sproget uden besv\u00e6r.","robots":{"index":"index","follow":"follow","max-snippet":"max-snippet:-1","max-image-preview":"max-image-preview:large","max-video-preview":"max-video-preview:-1"},"canonical":"https:\/\/talkpal.ai\/da\/dansk-grammatik\/","og_locale":"da_DK","og_type":"article","og_title":"Dansk grammatik","og_description":"Dykker ned i dybden af dansk grammatik: Optr\u00e6vler dens idiosynkrasier og charme Husk den tid, hvor det at l\u00e6re engelsk grammatik virkede som en kamp op ad","og_url":"https:\/\/talkpal.ai\/da\/dansk-grammatik\/","og_site_name":"Talkpal","article_publisher":"https:\/\/www.facebook.com\/profile.php?id=100090733639311","article_modified_time":"2025-12-13T15:27:55+00:00","og_image":[{"width":512,"height":512,"url":"https:\/\/talkpal.ai\/wp-content\/uploads\/2023\/05\/denmark.png","type":"image\/png"}],"twitter_card":"summary_large_image","twitter_site":"@talkpalai","twitter_misc":{"Estimeret l\u00e6setid":"3 minutter"},"schema":{"@context":"https:\/\/schema.org","@graph":[{"@type":"WebPage","@id":"https:\/\/talkpal.ai\/da\/dansk-grammatik\/","url":"https:\/\/talkpal.ai\/da\/dansk-grammatik\/","name":"Dansk grammatik - Talkpal","isPartOf":{"@id":"https:\/\/talkpal.ai\/da\/#website"},"primaryImageOfPage":{"@id":"https:\/\/talkpal.ai\/da\/dansk-grammatik\/#primaryimage"},"image":{"@id":"https:\/\/talkpal.ai\/da\/dansk-grammatik\/#primaryimage"},"thumbnailUrl":"https:\/\/talkpal.ai\/wp-content\/uploads\/2023\/05\/denmark.png","datePublished":"2023-05-14T14:03:23+00:00","dateModified":"2025-12-13T15:27:55+00:00","description":"Udforsk den danske grammatiks finurligheder og opdag dens unikke regler og karakteristika. L\u00e6r at navigere i sproget uden besv\u00e6r.","breadcrumb":{"@id":"https:\/\/talkpal.ai\/da\/dansk-grammatik\/#breadcrumb"},"inLanguage":"da-DK","potentialAction":[{"@type":"ReadAction","target":["https:\/\/talkpal.ai\/da\/dansk-grammatik\/"]}]},{"@type":"ImageObject","inLanguage":"da-DK","@id":"https:\/\/talkpal.ai\/da\/dansk-grammatik\/#primaryimage","url":"https:\/\/talkpal.ai\/wp-content\/uploads\/2023\/05\/denmark.png","contentUrl":"https:\/\/talkpal.ai\/wp-content\/uploads\/2023\/05\/denmark.png","width":512,"height":512},{"@type":"BreadcrumbList","@id":"https:\/\/talkpal.ai\/da\/dansk-grammatik\/#breadcrumb","itemListElement":[{"@type":"ListItem","position":1,"name":"Homepage","item":"https:\/\/talkpal.ai\/da\/"},{"@type":"ListItem","position":2,"name":"Dansk grammatik"}]},{"@type":"WebSite","@id":"https:\/\/talkpal.ai\/da\/#website","url":"https:\/\/talkpal.ai\/da\/","name":"Talkpal","description":"AI Language Learning","publisher":{"@id":"https:\/\/talkpal.ai\/da\/#organization"},"alternateName":"Talkpal AI","potentialAction":[{"@type":"SearchAction","target":{"@type":"EntryPoint","urlTemplate":"https:\/\/talkpal.ai\/da\/?s={search_term_string}"},"query-input":{"@type":"PropertyValueSpecification","valueRequired":true,"valueName":"search_term_string"}}],"inLanguage":"da-DK"},{"@type":"Organization","@id":"https:\/\/talkpal.ai\/da\/#organization","name":"Talkpal, Inc.","alternateName":"Talkpal AI","url":"https:\/\/talkpal.ai\/da\/","logo":{"@type":"ImageObject","inLanguage":"da-DK","@id":"https:\/\/talkpal.ai\/da\/#\/schema\/logo\/image\/","url":"https:\/\/talkpal.ai\/wp-content\/uploads\/2024\/03\/Talkpal-Logo-Icon.png","contentUrl":"https:\/\/talkpal.ai\/wp-content\/uploads\/2024\/03\/Talkpal-Logo-Icon.png","width":2880,"height":2880,"caption":"Talkpal, Inc."},"image":{"@id":"https:\/\/talkpal.ai\/da\/#\/schema\/logo\/image\/"},"sameAs":["https:\/\/www.facebook.com\/profile.php?id=100090733639311","https:\/\/x.com\/talkpalai","https:\/\/www.linkedin.com\/company\/talkpal\/","https:\/\/www.youtube.com\/@TalkPal\/","https:\/\/www.tiktok.com\/@talkpal","https:\/\/www.instagram.com\/talkpal_ai\/","https:\/\/www.crunchbase.com\/organization\/talkpal-9cde","https:\/\/www.g2.com\/products\/talkpal-for-business\/","https:\/\/www.trustpilot.com\/review\/talkpal.ai","https:\/\/www.capterra.com\/p\/10006800\/TalkPal\/"],"description":"Talkpal is a language learning web and mobile education app, powered by the latest AI technologies, that provides engaging experiences to its customers in many different languages to help them improve their language skills. Users can chat about unlimited amount of topics with the app and use other modes to practice their language learning.","email":"support@talkpal.ai","legalName":"Talkpal, Inc.","foundingDate":"2023-04-03","duns":"118989042","numberOfEmployees":{"@type":"QuantitativeValue","minValue":"11","maxValue":"50"},"publishingPrinciples":"https:\/\/talkpal.ai\/publishing-principles\/","actionableFeedbackPolicy":"https:\/\/talkpal.ai\/actionable-feedback-policy\/","correctionsPolicy":"https:\/\/talkpal.ai\/corrections-policy\/","ethicsPolicy":"https:\/\/talkpal.ai\/ethics-policy\/","diversityPolicy":"https:\/\/talkpal.ai\/diversity-policy\/","diversityStaffingReport":"https:\/\/talkpal.ai\/diversity-policy\/"}]}},"_links":{"self":[{"href":"https:\/\/talkpal.ai\/da\/wp-json\/wp\/v2\/pages\/74967","targetHints":{"allow":["GET"]}}],"collection":[{"href":"https:\/\/talkpal.ai\/da\/wp-json\/wp\/v2\/pages"}],"about":[{"href":"https:\/\/talkpal.ai\/da\/wp-json\/wp\/v2\/types\/page"}],"author":[{"embeddable":true,"href":"https:\/\/talkpal.ai\/da\/wp-json\/wp\/v2\/users\/1"}],"replies":[{"embeddable":true,"href":"https:\/\/talkpal.ai\/da\/wp-json\/wp\/v2\/comments?post=74967"}],"version-history":[{"count":0,"href":"https:\/\/talkpal.ai\/da\/wp-json\/wp\/v2\/pages\/74967\/revisions"}],"wp:featuredmedia":[{"embeddable":true,"href":"https:\/\/talkpal.ai\/da\/wp-json\/wp\/v2\/media\/64128"}],"wp:attachment":[{"href":"https:\/\/talkpal.ai\/da\/wp-json\/wp\/v2\/media?parent=74967"}],"curies":[{"name":"wp","href":"https:\/\/api.w.org\/{rel}","templated":true}]}}