{"id":166816,"date":"2023-04-03T14:56:00","date_gmt":"2023-04-03T14:56:00","guid":{"rendered":"http:\/\/talkpal.ai\/om\/"},"modified":"2026-03-06T16:35:05","modified_gmt":"2026-03-06T16:35:05","slug":"om","status":"publish","type":"page","link":"https:\/\/talkpal.ai\/da\/om\/","title":{"rendered":"Om"},"content":{"rendered":"\n<p id=\"h-\"><a href=\"https:\/\/talkpal.ai\/ko\/ai-%ec%96%b8%ec%96%b4-%ea%b5%90%ec%82%ac\/\">Talkpal<\/a>, Inc. er en AI-drevet sprogindl\u00e6ringsvirksomhed med en <a href=\"https:\/\/talkpal.ai\/locations\/language-courses-in-mission\/\">mission<\/a> om at g\u00f8re det at tale et hvilket som helst <a href=\"https:\/\/talkpal.ai\/what-language-is-spoken-on-the-international-space-station\/\">sprog<\/a> tilg\u00e6ngeligt for alle, overalt. Talkpal udvikler en af verdens mest avancerede AI-sprogvejlederplatforme og hj\u00e6lper millioner af elever med at \u00f8ve rigtige samtaler med selvtillid.<\/p>\n\n<p>Talkpal blev grundlagt i 2023 og bygger p\u00e5 en enkel, men st\u00e6rk overbevisning: Sprogindl\u00e6ring b\u00f8r ikke v\u00e6re et privilegium og b\u00f8r v\u00e6re tilg\u00e6ngelig for alle. Ved at kombinere banebrydende kunstig intelligens med sproglig ekspertise og forskning fjerner Talkpal traditionelle barrierer som omkostninger, tid og frygt for at tale &#8211; og erstatter dem med personlig, trykfri tr\u00e6ning, der er tilg\u00e6ngelig p\u00e5 flere platforme 24\/7.<\/p>\n\n<p>I dag underst\u00f8tter Talkpal mere end 80 sprog, betjener millioner af elever i mere end 180 lande og er tilg\u00e6ngelig p\u00e5 web, <a href=\"https:\/\/talkpal.ai\/es\/descargar-la-aplicacion-talkpal-para-android-e-ios\/\">iOS<\/a> og <a href=\"https:\/\/talkpal.ai\/es\/descargar-la-aplicacion-talkpal-para-android-e-ios\/\">Android<\/a>.<\/p>\n\n<h2 class=\"wp-block-heading\" id=\"h-our-mission\">Vores mission<\/h2>\n\n<p>Vores mission er at revolutionere sprogindl\u00e6ring ved at tilbyde en engagerende, interaktiv og personlig AI-drevet sprogundervisningsoplevelse.<br\/><br\/>Vi str\u00e6ber efter at nedbryde sprogbarrierer, fremme globale forbindelser og dyrke et f\u00e6llesskab af lidenskabelige elever, der giver dem mulighed for at kommunikere trygt og flydende p\u00e5 deres valgte sprog.<\/p>\n\n<h2 class=\"wp-block-heading\" id=\"h-our-vision\">Vores vision<\/h2>\n\n<p>Vores vision er at blive verdens f\u00f8rende AI-sprogvejleder og \u00e6ndre den m\u00e5de, folk l\u00e6rer sprog p\u00e5, gennem fordybende, kontekstdrevne samtaler og adaptiv l\u00e6ringsteknologi.<br\/><br\/>Vi sigter mod at inspirere og pleje en k\u00e6rlighed til sprogindl\u00e6ring, tilskynde til kulturel udveksling og bygge bro over kommunikationskl\u00f8ften p\u00e5 tv\u00e6rs af gr\u00e6nser og i sidste ende forme en mere forbundet og forst\u00e5ende verden.<\/p>\n\n<h2 class=\"wp-block-heading\" id=\"h-our-story\">Vores historie<\/h2>\n\n<p>Talkpal blev grundlagt af David Gegechkori (billedet til venstre) og Dimitri Dekanozishvili (billedet til h\u00f8jre), drevet af en f\u00e6lles frustration over traditionelle sprogindl\u00e6ringsmetoder, der ofte ikke forbereder eleverne p\u00e5 at tale i den virkelige verden.<\/p>\n\n<div class=\"wp-block-columns is-layout-flex wp-container-core-columns-is-layout-9d6595d7 wp-block-columns-is-layout-flex\">\n<div class=\"wp-block-column is-layout-flow wp-block-column-is-layout-flow\" style=\"flex-basis:50%\"><div class=\"wp-block-image\">\n<figure class=\"alignleft size-large\"><img decoding=\"async\" width=\"1024\" height=\"683\" src=\"https:\/\/talkpal.ai\/wp-content\/uploads\/2025\/12\/Talkpal-Entrepreneur-1024x683.jpg\" alt=\"\" class=\"wp-image-1557444\" style=\"aspect-ratio:1.4992888417882142\" srcset=\"https:\/\/talkpal.ai\/wp-content\/uploads\/2025\/12\/Talkpal-Entrepreneur-1024x683.jpg 1024w, https:\/\/talkpal.ai\/wp-content\/uploads\/2025\/12\/Talkpal-Entrepreneur-300x200.jpg 300w, https:\/\/talkpal.ai\/wp-content\/uploads\/2025\/12\/Talkpal-Entrepreneur-768x512.jpg 768w, https:\/\/talkpal.ai\/wp-content\/uploads\/2025\/12\/Talkpal-Entrepreneur.jpg 1344w\" sizes=\"(max-width: 1024px) 100vw, 1024px\" \/><\/figure>\n<\/div><\/div>\n\n\n\n<div class=\"wp-block-column is-layout-flow wp-block-column-is-layout-flow\" style=\"flex-basis:50%\">\n<p>Helt fra begyndelsen var m\u00e5let klart: at skabe en AI-sprogkompagnon, der f\u00f8les mindre som en l\u00e6rebog og mere som en st\u00f8ttende samtalepartner. Navnet &#8220;Talkpal&#8221; afspejler denne filosofi &#8211; en venlig, altid tilg\u00e6ngelig f\u00f8lgesvend, der opmuntrer eleverne til at \u00f8ve sig i at tale uden frygt for at blive d\u00f8mt.<\/p>\n\n\n\n<p>Talkpal startede som et webbaseret produkt og udvidede hurtigt til mobile platforme og samlede et globalt team af AI-ingeni\u00f8rer, lingvister, undervisere, marketingfolk og produktdesignere. Gennem l\u00f8bende iteration, forskning og brugerfeedback har Talkpal udviklet sig til en omfattende AI-sprogindl\u00e6ringsplatform, som millioner af mennesker verden over har tillid til.<\/p>\n<\/div>\n<\/div>\n\n<h2 class=\"wp-block-heading\" id=\"h-what-we-do\">Hvad vi g\u00f8r<\/h2>\n\n<p>Talkpal leverer AI-drevne tekst- og stemmel\u00e6ringsoplevelser, der er designet til at simulere \u00e6gte menneskelig interaktion. Vores platform tilpasser sig dynamisk til den enkelte elevs niveau, m\u00e5l og l\u00e6ringsstil.<\/p>\n\n<p>N\u00f8glefunktionerne omfatter:<\/p>\n\n<ul class=\"wp-block-list\">\n<li>Naturlige AI-samtaler til taletr\u00e6ning<\/li>\n\n\n\n<li>Feedback i realtid p\u00e5 udtale, grammatik og flydende tale<\/li>\n\n\n\n<li>St\u00f8tte til begyndere og avancerede elever<\/li>\n\n\n\n<li>Lektioner p\u00e5 over 80 globale sprog, herunder engelsk, spansk, tysk, fransk, italiensk, japansk, kinesisk, koreansk, arabisk, hollandsk, portugisisk, svensk, hebraisk, gr\u00e6sk, tyrkisk, finsk og afrikaans, albansk, armensk, assamesisk, aserbajdsjansk, baskisk, hviderussisk, bengalsk, bosnisk, bulgarsk, burmesisk, kantonesisk, katalansk, kroatisk, tjekkisk, dansk, estisk, galicisk, georgisk, gujarati, hindi, Ungarsk, islandsk, indonesisk, irsk, javanesisk, kannada, kasakhisk, khmer, lao, lettisk, litauisk, makedonsk, malaysisk, malayalam, maltesisk, maori, marathi, mongolsk, nepali, norsk, odia, Pashto, persisk, polsk, punjabi, rum\u00e6nsk, russisk, serbisk, singhalesisk, slovakisk, slovensk, somali, swahili, tagalog, tamil, telugu, thai, ukrainsk, urdu, usbekisk, vietnamesisk, walisisk, zulu m.fl.<\/li>\n\n\n\n<li>En freemium-model med fleksible abonnementsplaner<\/li>\n\n\n\n<li>Dedikerede virksomhedsl\u00f8sninger til universiteter, sprogskoler, virksomheder og andre organisationer<\/li>\n<\/ul>\n\n<p>Vores indhold og systemer er udviklet i samarbejde med sprogeksperter og AI-forskere, hvilket sikrer b\u00e5de p\u00e6dagogisk soliditet og teknisk ekspertise.<\/p>\n\n<h2 class=\"wp-block-heading\" id=\"h-research-backed-learning\">Forskningsbaseret l\u00e6ring<\/h2>\n\n<p>Talkpals effektivitet er blevet unders\u00f8gt i flere akademiske studier, is\u00e6r i ESL- og EFL-sammenh\u00e6nge. Forskning har vist statistisk signifikante forbedringer i elevernes talef\u00e6rdighed, udtale, grammatik og selvtillid, n\u00e5r de bruger AI-baserede samtalev\u00e6rkt\u00f8jer som Talkpal.<\/p>\n\n<p>Denne forskningsbaserede tilgang underst\u00f8tter vores engagement i at udvikle ikke bare innovativ teknologi, men ogs\u00e5 m\u00e5lbart effektive sprogindl\u00e6ringsoplevelser.<\/p>\n\n<h2 class=\"wp-block-heading\" id=\"h-trusted-by-learners-worldwide\">Betroet af elever over hele verden<\/h2>\n\n<p>Talkpal har millioner af brugeres tillid p\u00e5 verdensplan og f\u00e5r konsekvent gode bed\u00f8mmelser p\u00e5 tv\u00e6rs af app-butikker og anmeldelsesplatforme. Eleverne fremh\u00e6ver ofte:<\/p>\n\n<ul class=\"wp-block-list\">\n<li>Et milj\u00f8 uden pres til at \u00f8ve sig i at tale<\/li>\n\n\n\n<li>\u00d8jeblikkelig, handlingsorienteret feedback<\/li>\n\n\n\n<li>Fleksibilitet til at l\u00e6re n\u00e5r som helst og hvor som helst<\/li>\n\n\n\n<li>Muligheden for at \u00f8ve sig uden at have brug for en menneskelig sprogpartner<\/li>\n<\/ul>\n\n<h2 class=\"wp-block-heading\" id=\"h-our-commitment\">Vores forpligtelse<\/h2>\n\n<p>Hos Talkpal er vi forpligtet til at:<\/p>\n\n<ul class=\"wp-block-list\">\n<li><strong>Innovation<\/strong> &#8211; l\u00f8bende fremskridt inden for <a href=\"https:\/\/talkpal.ai\/speaking-with-ai\/\">AI<\/a> og uddannelsesteknologi<\/li>\n\n\n\n<li><strong>Kvalitet<\/strong> &#8211; forskningsbaserede l\u00e6ringsoplevelser<\/li>\n\n\n\n<li><strong>Tilg\u00e6ngelighed<\/strong> &#8211; inkluderende sprogundervisning til en overkommelig pris for alle<\/li>\n\n\n\n<li><strong>Global indflydelse<\/strong> &#8211; styrker kommunikation p\u00e5 tv\u00e6rs af kulturer<\/li>\n<\/ul>\n\n<p>Vi tror p\u00e5, at sprog kan \u00e6ndre liv &#8211; og med AI kan den kraft n\u00e5 ud til alle.<\/p>\n\n<p><\/p>\n","protected":false},"excerpt":{"rendered":"<p>Talkpal, Inc. er en AI-drevet sprogindl\u00e6ringsvirksomhed med en mission om at g\u00f8re det at tale et hvilket som helst sprog tilg\u00e6ngeligt for alle, overalt. Talkpal udvikler en af verdens mest avancerede AI-sprogvejlederplatforme og hj\u00e6lper millioner af elever med at \u00f8ve rigtige samtaler med selvtillid. Talkpal blev grundlagt i 2023 og bygger p\u00e5 en enkel, men [&hellip;]<\/p>\n","protected":false},"author":1,"featured_media":197950,"parent":0,"menu_order":0,"comment_status":"closed","ping_status":"closed","template":"","meta":{"_acf_changed":false,"footnotes":""},"class_list":["post-166816","page","type-page","status-publish","has-post-thumbnail","hentry"],"acf":[],"yoast_head":"<!-- This site is optimized with the Yoast SEO Premium plugin v27.2 (Yoast SEO v27.2) - https:\/\/yoast.com\/product\/yoast-seo-premium-wordpress\/ -->\n<title>Om - Talkpal<\/title>\n<meta name=\"description\" content=\"Talkpal er en GPT-drevet AI-sprogunderviser, som blev grundlagt med troen p\u00e5, at sprogindl\u00e6ring skal v\u00e6re tilg\u00e6ngelig for alle.\" \/>\n<meta name=\"robots\" content=\"index, follow, max-snippet:-1, max-image-preview:large, max-video-preview:-1\" \/>\n<link rel=\"canonical\" href=\"https:\/\/talkpal.ai\/da\/om\/\" \/>\n<meta property=\"og:locale\" content=\"da_DK\" \/>\n<meta property=\"og:type\" content=\"article\" \/>\n<meta property=\"og:title\" content=\"Om\" \/>\n<meta property=\"og:description\" content=\"Talkpal, Inc. er en AI-drevet sprogindl\u00e6ringsvirksomhed med en mission om at g\u00f8re det at tale et hvilket som helst sprog tilg\u00e6ngeligt for alle, overalt.\" \/>\n<meta property=\"og:url\" content=\"https:\/\/talkpal.ai\/da\/om\/\" \/>\n<meta property=\"og:site_name\" content=\"Talkpal\" \/>\n<meta property=\"article:publisher\" content=\"https:\/\/www.facebook.com\/profile.php?id=100090733639311\" \/>\n<meta property=\"article:modified_time\" content=\"2026-03-06T16:35:05+00:00\" \/>\n<meta property=\"og:image\" content=\"https:\/\/talkpal.ai\/wp-content\/uploads\/2024\/03\/Talkpal-Logo-Icon.png\" \/>\n\t<meta property=\"og:image:width\" content=\"5000\" \/>\n\t<meta property=\"og:image:height\" content=\"5000\" \/>\n\t<meta property=\"og:image:type\" content=\"image\/png\" \/>\n<meta name=\"twitter:card\" content=\"summary_large_image\" \/>\n<meta name=\"twitter:site\" content=\"@talkpalai\" \/>\n<meta name=\"twitter:label1\" content=\"Estimeret l\u00e6setid\" \/>\n\t<meta name=\"twitter:data1\" content=\"4 minutter\" \/>\n<script type=\"application\/ld+json\" class=\"yoast-schema-graph\">{\"@context\":\"https:\/\/schema.org\",\"@graph\":[{\"@type\":\"WebPage\",\"@id\":\"https:\/\/talkpal.ai\/da\/om\/\",\"url\":\"https:\/\/talkpal.ai\/da\/om\/\",\"name\":\"Om - Talkpal\",\"isPartOf\":{\"@id\":\"https:\/\/talkpal.ai\/da\/#website\"},\"primaryImageOfPage\":{\"@id\":\"https:\/\/talkpal.ai\/da\/om\/#primaryimage\"},\"image\":{\"@id\":\"https:\/\/talkpal.ai\/da\/om\/#primaryimage\"},\"thumbnailUrl\":\"https:\/\/talkpal.ai\/wp-content\/uploads\/2024\/03\/Talkpal-Logo-Icon.png\",\"datePublished\":\"2023-04-03T14:56:00+00:00\",\"dateModified\":\"2026-03-06T16:35:05+00:00\",\"description\":\"Talkpal er en GPT-drevet AI-sprogunderviser, som blev grundlagt med troen p\u00e5, at sprogindl\u00e6ring skal v\u00e6re tilg\u00e6ngelig for alle.\",\"breadcrumb\":{\"@id\":\"https:\/\/talkpal.ai\/da\/om\/#breadcrumb\"},\"inLanguage\":\"da-DK\",\"potentialAction\":[{\"@type\":\"ReadAction\",\"target\":[\"https:\/\/talkpal.ai\/da\/om\/\"]}]},{\"@type\":\"ImageObject\",\"inLanguage\":\"da-DK\",\"@id\":\"https:\/\/talkpal.ai\/da\/om\/#primaryimage\",\"url\":\"https:\/\/talkpal.ai\/wp-content\/uploads\/2024\/03\/Talkpal-Logo-Icon.png\",\"contentUrl\":\"https:\/\/talkpal.ai\/wp-content\/uploads\/2024\/03\/Talkpal-Logo-Icon.png\",\"width\":5000,\"height\":5000,\"caption\":\"talkpal-logo\"},{\"@type\":\"BreadcrumbList\",\"@id\":\"https:\/\/talkpal.ai\/da\/om\/#breadcrumb\",\"itemListElement\":[{\"@type\":\"ListItem\",\"position\":1,\"name\":\"Homepage\",\"item\":\"https:\/\/talkpal.ai\/da\/\"},{\"@type\":\"ListItem\",\"position\":2,\"name\":\"Om\"}]},{\"@type\":\"WebSite\",\"@id\":\"https:\/\/talkpal.ai\/da\/#website\",\"url\":\"https:\/\/talkpal.ai\/da\/\",\"name\":\"Talkpal\",\"description\":\"AI Language Learning\",\"publisher\":{\"@id\":\"https:\/\/talkpal.ai\/da\/#organization\"},\"alternateName\":\"Talkpal AI\",\"potentialAction\":[{\"@type\":\"SearchAction\",\"target\":{\"@type\":\"EntryPoint\",\"urlTemplate\":\"https:\/\/talkpal.ai\/da\/?s={search_term_string}\"},\"query-input\":{\"@type\":\"PropertyValueSpecification\",\"valueRequired\":true,\"valueName\":\"search_term_string\"}}],\"inLanguage\":\"da-DK\"},{\"@type\":\"Organization\",\"@id\":\"https:\/\/talkpal.ai\/da\/#organization\",\"name\":\"Talkpal, Inc.\",\"alternateName\":\"Talkpal AI\",\"url\":\"https:\/\/talkpal.ai\/da\/\",\"logo\":{\"@type\":\"ImageObject\",\"inLanguage\":\"da-DK\",\"@id\":\"https:\/\/talkpal.ai\/da\/#\/schema\/logo\/image\/\",\"url\":\"https:\/\/talkpal.ai\/wp-content\/uploads\/2024\/03\/Talkpal-Logo-Icon.png\",\"contentUrl\":\"https:\/\/talkpal.ai\/wp-content\/uploads\/2024\/03\/Talkpal-Logo-Icon.png\",\"width\":2880,\"height\":2880,\"caption\":\"Talkpal, Inc.\"},\"image\":{\"@id\":\"https:\/\/talkpal.ai\/da\/#\/schema\/logo\/image\/\"},\"sameAs\":[\"https:\/\/www.facebook.com\/profile.php?id=100090733639311\",\"https:\/\/x.com\/talkpalai\",\"https:\/\/www.linkedin.com\/company\/talkpal\/\",\"https:\/\/www.youtube.com\/@TalkPal\/\",\"https:\/\/www.tiktok.com\/@talkpal\",\"https:\/\/www.instagram.com\/talkpal_ai\/\",\"https:\/\/www.crunchbase.com\/organization\/talkpal-9cde\",\"https:\/\/www.g2.com\/products\/talkpal-for-business\/\",\"https:\/\/www.trustpilot.com\/review\/talkpal.ai\",\"https:\/\/www.capterra.com\/p\/10006800\/TalkPal\/\"],\"description\":\"Talkpal is a language learning web and mobile education app, powered by the latest AI technologies, that provides engaging experiences to its customers in many different languages to help them improve their language skills. Users can chat about unlimited amount of topics with the app and use other modes to practice their language learning.\",\"email\":\"support@talkpal.ai\",\"legalName\":\"Talkpal, Inc.\",\"foundingDate\":\"2023-04-03\",\"duns\":\"118989042\",\"numberOfEmployees\":{\"@type\":\"QuantitativeValue\",\"minValue\":\"11\",\"maxValue\":\"50\"},\"publishingPrinciples\":\"https:\/\/talkpal.ai\/publishing-principles\/\",\"actionableFeedbackPolicy\":\"https:\/\/talkpal.ai\/actionable-feedback-policy\/\",\"correctionsPolicy\":\"https:\/\/talkpal.ai\/corrections-policy\/\",\"ethicsPolicy\":\"https:\/\/talkpal.ai\/ethics-policy\/\",\"diversityPolicy\":\"https:\/\/talkpal.ai\/diversity-policy\/\",\"diversityStaffingReport\":\"https:\/\/talkpal.ai\/diversity-policy\/\"}]}<\/script>\n<!-- \/ Yoast SEO Premium plugin. -->","yoast_head_json":{"title":"Om - Talkpal","description":"Talkpal er en GPT-drevet AI-sprogunderviser, som blev grundlagt med troen p\u00e5, at sprogindl\u00e6ring skal v\u00e6re tilg\u00e6ngelig for alle.","robots":{"index":"index","follow":"follow","max-snippet":"max-snippet:-1","max-image-preview":"max-image-preview:large","max-video-preview":"max-video-preview:-1"},"canonical":"https:\/\/talkpal.ai\/da\/om\/","og_locale":"da_DK","og_type":"article","og_title":"Om","og_description":"Talkpal, Inc. er en AI-drevet sprogindl\u00e6ringsvirksomhed med en mission om at g\u00f8re det at tale et hvilket som helst sprog tilg\u00e6ngeligt for alle, overalt.","og_url":"https:\/\/talkpal.ai\/da\/om\/","og_site_name":"Talkpal","article_publisher":"https:\/\/www.facebook.com\/profile.php?id=100090733639311","article_modified_time":"2026-03-06T16:35:05+00:00","og_image":[{"width":5000,"height":5000,"url":"https:\/\/talkpal.ai\/wp-content\/uploads\/2024\/03\/Talkpal-Logo-Icon.png","type":"image\/png"}],"twitter_card":"summary_large_image","twitter_site":"@talkpalai","twitter_misc":{"Estimeret l\u00e6setid":"4 minutter"},"schema":{"@context":"https:\/\/schema.org","@graph":[{"@type":"WebPage","@id":"https:\/\/talkpal.ai\/da\/om\/","url":"https:\/\/talkpal.ai\/da\/om\/","name":"Om - Talkpal","isPartOf":{"@id":"https:\/\/talkpal.ai\/da\/#website"},"primaryImageOfPage":{"@id":"https:\/\/talkpal.ai\/da\/om\/#primaryimage"},"image":{"@id":"https:\/\/talkpal.ai\/da\/om\/#primaryimage"},"thumbnailUrl":"https:\/\/talkpal.ai\/wp-content\/uploads\/2024\/03\/Talkpal-Logo-Icon.png","datePublished":"2023-04-03T14:56:00+00:00","dateModified":"2026-03-06T16:35:05+00:00","description":"Talkpal er en GPT-drevet AI-sprogunderviser, som blev grundlagt med troen p\u00e5, at sprogindl\u00e6ring skal v\u00e6re tilg\u00e6ngelig for alle.","breadcrumb":{"@id":"https:\/\/talkpal.ai\/da\/om\/#breadcrumb"},"inLanguage":"da-DK","potentialAction":[{"@type":"ReadAction","target":["https:\/\/talkpal.ai\/da\/om\/"]}]},{"@type":"ImageObject","inLanguage":"da-DK","@id":"https:\/\/talkpal.ai\/da\/om\/#primaryimage","url":"https:\/\/talkpal.ai\/wp-content\/uploads\/2024\/03\/Talkpal-Logo-Icon.png","contentUrl":"https:\/\/talkpal.ai\/wp-content\/uploads\/2024\/03\/Talkpal-Logo-Icon.png","width":5000,"height":5000,"caption":"talkpal-logo"},{"@type":"BreadcrumbList","@id":"https:\/\/talkpal.ai\/da\/om\/#breadcrumb","itemListElement":[{"@type":"ListItem","position":1,"name":"Homepage","item":"https:\/\/talkpal.ai\/da\/"},{"@type":"ListItem","position":2,"name":"Om"}]},{"@type":"WebSite","@id":"https:\/\/talkpal.ai\/da\/#website","url":"https:\/\/talkpal.ai\/da\/","name":"Talkpal","description":"AI Language Learning","publisher":{"@id":"https:\/\/talkpal.ai\/da\/#organization"},"alternateName":"Talkpal AI","potentialAction":[{"@type":"SearchAction","target":{"@type":"EntryPoint","urlTemplate":"https:\/\/talkpal.ai\/da\/?s={search_term_string}"},"query-input":{"@type":"PropertyValueSpecification","valueRequired":true,"valueName":"search_term_string"}}],"inLanguage":"da-DK"},{"@type":"Organization","@id":"https:\/\/talkpal.ai\/da\/#organization","name":"Talkpal, Inc.","alternateName":"Talkpal AI","url":"https:\/\/talkpal.ai\/da\/","logo":{"@type":"ImageObject","inLanguage":"da-DK","@id":"https:\/\/talkpal.ai\/da\/#\/schema\/logo\/image\/","url":"https:\/\/talkpal.ai\/wp-content\/uploads\/2024\/03\/Talkpal-Logo-Icon.png","contentUrl":"https:\/\/talkpal.ai\/wp-content\/uploads\/2024\/03\/Talkpal-Logo-Icon.png","width":2880,"height":2880,"caption":"Talkpal, Inc."},"image":{"@id":"https:\/\/talkpal.ai\/da\/#\/schema\/logo\/image\/"},"sameAs":["https:\/\/www.facebook.com\/profile.php?id=100090733639311","https:\/\/x.com\/talkpalai","https:\/\/www.linkedin.com\/company\/talkpal\/","https:\/\/www.youtube.com\/@TalkPal\/","https:\/\/www.tiktok.com\/@talkpal","https:\/\/www.instagram.com\/talkpal_ai\/","https:\/\/www.crunchbase.com\/organization\/talkpal-9cde","https:\/\/www.g2.com\/products\/talkpal-for-business\/","https:\/\/www.trustpilot.com\/review\/talkpal.ai","https:\/\/www.capterra.com\/p\/10006800\/TalkPal\/"],"description":"Talkpal is a language learning web and mobile education app, powered by the latest AI technologies, that provides engaging experiences to its customers in many different languages to help them improve their language skills. Users can chat about unlimited amount of topics with the app and use other modes to practice their language learning.","email":"support@talkpal.ai","legalName":"Talkpal, Inc.","foundingDate":"2023-04-03","duns":"118989042","numberOfEmployees":{"@type":"QuantitativeValue","minValue":"11","maxValue":"50"},"publishingPrinciples":"https:\/\/talkpal.ai\/publishing-principles\/","actionableFeedbackPolicy":"https:\/\/talkpal.ai\/actionable-feedback-policy\/","correctionsPolicy":"https:\/\/talkpal.ai\/corrections-policy\/","ethicsPolicy":"https:\/\/talkpal.ai\/ethics-policy\/","diversityPolicy":"https:\/\/talkpal.ai\/diversity-policy\/","diversityStaffingReport":"https:\/\/talkpal.ai\/diversity-policy\/"}]}},"_links":{"self":[{"href":"https:\/\/talkpal.ai\/da\/wp-json\/wp\/v2\/pages\/166816","targetHints":{"allow":["GET"]}}],"collection":[{"href":"https:\/\/talkpal.ai\/da\/wp-json\/wp\/v2\/pages"}],"about":[{"href":"https:\/\/talkpal.ai\/da\/wp-json\/wp\/v2\/types\/page"}],"author":[{"embeddable":true,"href":"https:\/\/talkpal.ai\/da\/wp-json\/wp\/v2\/users\/1"}],"replies":[{"embeddable":true,"href":"https:\/\/talkpal.ai\/da\/wp-json\/wp\/v2\/comments?post=166816"}],"version-history":[{"count":0,"href":"https:\/\/talkpal.ai\/da\/wp-json\/wp\/v2\/pages\/166816\/revisions"}],"wp:featuredmedia":[{"embeddable":true,"href":"https:\/\/talkpal.ai\/da\/wp-json\/wp\/v2\/media\/197950"}],"wp:attachment":[{"href":"https:\/\/talkpal.ai\/da\/wp-json\/wp\/v2\/media?parent=166816"}],"curies":[{"name":"wp","href":"https:\/\/api.w.org\/{rel}","templated":true}]}}