{"id":165118,"date":"2023-06-16T12:01:29","date_gmt":"2023-06-16T12:01:29","guid":{"rendered":"http:\/\/talkpal.ai\/bosniske-grammatikoevelser\/"},"modified":"2025-05-23T12:05:29","modified_gmt":"2025-05-23T12:05:29","slug":"bosniske-grammatikoevelser","status":"publish","type":"page","link":"https:\/\/talkpal.ai\/da\/bosniske-grammatikoevelser\/","title":{"rendered":"Bosniske grammatik\u00f8velser"},"content":{"rendered":"\r\n\r\n\r\n<section class=\"languageChallengeSection\">\r\n    <div class=\"languageInfoWrapper\">\r\n        \r\n        <h1>Bosniske grammatik\u00f8velser<\/h1>\r\n        <p>Er du klar til at blive mere sikker p\u00e5 <a href=\"https:\/\/talkpal.ai\/learn-bosnian\/\">bosnisk<\/a>? Grammatik\u00f8velser er en god m\u00e5de at f\u00e5 styr p\u00e5 s\u00e6tningsstruktur, verbalformer og de s\u00e6rlige m\u00f8nstre i det bosniske <a href=\"https:\/\/talkpal.ai\/what-language-is-spoken-on-the-international-space-station\/\">sprog<\/a>. Begynd at arbejde med bosnisk <a href=\"https:\/\/talkpal.ai\/fr\/les\/\">grammatik<\/a> i dag, og se din forst\u00e5else og flydende tale vokse med hver \u00f8velse!\n\n<\/p>\r\n\r\n                            <a class=\"getStartedHidden\" href=\"https:\/\/app.talkpal.ai\/da\/signup?lng=\">Kom i gang<\/a>\r\n        \r\n    <\/div>\r\n\r\n    <figure>\r\n    <img decoding=\"async\" width=\"768\" height=\"768\" src=\"https:\/\/talkpal.ai\/wp-content\/uploads\/2023\/06\/bosinian-768x768.png\" class=\"languageImage no-lazy\" alt=\"Language learning for increasing employability\" fetchpriority=\"high\" sizes=\"(max-width: 768px) 150px, 768px\" srcset=\"https:\/\/talkpal.ai\/wp-content\/uploads\/2023\/06\/bosinian-768x768.png 768w, https:\/\/talkpal.ai\/wp-content\/uploads\/2023\/06\/bosinian-300x300.png 300w\" \/>\r\n    \r\n\r\n    <\/figure>\r\n\r\n            <a class=\"getStartedVisible\" href=\"https:\/\/app.talkpal.ai\/da\/signup?lng=\">Kom i gang<\/a>\r\n    \r\n<\/section>\r\n\r\n\r\n<!-- <section class=\"grammarSection\">\r\n    <div class=\"grammarLinks\">\r\n            <\/div>\r\n<\/section> -->\r\n\r\n\r\n\r\n\r\n<section class=\"promotionalBanner\">\r\n    <p class=\"promotionalText\">Den mest effektive m\u00e5de at l\u00e6re et sprog p\u00e5<\/p>\r\n    <a class=\"promotionalLink\" href=\"https:\/\/app.talkpal.ai\/da\/signup?lng=\">Pr\u00f8v Talkpal gratis<\/a>\r\n<\/section>\n<div class=\"wp-block-group pageContainerStyle\"><div class=\"wp-block-group__inner-container is-layout-constrained wp-block-group-is-layout-constrained\">\n<h2 class=\"wp-block-heading\" id=\"h-bosnian-grammar-topics\">Bosniske grammatik Emner<\/h2>\n\n\n\n<p>Bosnisk er et sydslavisk sprog, der prim\u00e6rt tales i Bosnien-Hercegovina, Serbien, <a href=\"https:\/\/talkpal.ai\/locations\/language-courses-in-montenegro\/\">Montenegro<\/a> og Kroatien. Det er gensidigt forst\u00e5eligt med <a href=\"https:\/\/talkpal.ai\/learn-serbian\/\">serbisk<\/a> og <a href=\"https:\/\/talkpal.ai\/learn-croatian\/\">kroatisk<\/a> og er en del af det standardiserede serbokroatiske sprog. At <a href=\"https:\/\/talkpal.ai\/no\/hvordan-laere-bosnisk-raskt-og-enkelt-din-komplette-guide\/\">l\u00e6re bosnisk<\/a> kan v\u00e6re en fascinerende og givende oplevelse, da det giver indsigt i Balkanregionens rige historie, kultur og traditioner. For at l\u00e6re bosnisk effektivt er det vigtigt at forst\u00e5 dets grammatiksystem, som omfatter forskellige tider, substantiv- og adjektivformer og s\u00e6tningsstrukturer. I denne vejledning vil vi unders\u00f8ge r\u00e6kkef\u00f8lgen af bosniske grammatikemner for at hj\u00e6lpe dig med at <a href=\"https:\/\/talkpal.ai\/locations\/language-courses-in-mestre\/\">mestre<\/a> sproget effektivt.<\/p>\n\n\n\n<h3 class=\"wp-block-heading\" id=\"h-1-nouns-and-articles\">1. Substantiver og artikler:<\/h3>\n\n\n\n<p>Start med at l\u00e6re substantivet, som er opdelt i tre k\u00f8n (maskulin, feminin, neutral) og har ental og flertalsformer. Bosnisk har ikke artikler som engelsk, men det bruger demonstrative pronominer til at angive specificitet.<\/p>\n\n\n\n<h3 class=\"wp-block-heading\" id=\"h-2-adjectives\">2. Adjektiver:<\/h3>\n\n\n\n<p>Adjektiver er enige med substantiver i k\u00f8n, tal og store bogstaver. L\u00e6r at danne og bruge adjektiver til at beskrive substantiver n\u00f8jagtigt.<\/p>\n\n\n\n<h3 class=\"wp-block-heading\" id=\"h-3-pronouns-determiners\">3. Pronomen\/determinere:<\/h3>\n\n\n\n<p>Bosniske pronomen og determinere er ogs\u00e5 enige med substantiver i k\u00f8n, antal og store og sm\u00e5 bogstaver. Unders\u00f8g personlige, besiddende, demonstrative og sp\u00f8rgende pronomen for at forbedre dine kommunikationsevner.<\/p>\n\n\n\n<h3 class=\"wp-block-heading\" id=\"h-4-verbs\">4. Udsagnsord:<\/h3>\n\n\n\n<p>Bliv fortrolig med regelm\u00e6ssige og uregelm\u00e6ssige verber, deres b\u00f8jningsm\u00f8nstre og sondringen mellem perfektive og ufuldkomne aspekter.<\/p>\n\n\n\n<h3 class=\"wp-block-heading\" id=\"h-5-tenses\">5. Tider:<\/h3>\n\n\n\n<p>Bosnisk har tre tider: fortid, nutid og fremtid. L\u00e6r at danne og bruge disse tider til at udtrykke handlinger og begivenheder i forskellige tidsrammer.<\/p>\n\n\n\n<h3 class=\"wp-block-heading\" id=\"h-6-tense-comparison\">6. Ansp\u00e6ndt sammenligning:<\/h3>\n\n\n\n<p>Forst\u00e5 forskellene og lighederne mellem tiderne med fokus p\u00e5 deres brug i forskellige sammenh\u00e6nge.<\/p>\n\n\n\n<h3 class=\"wp-block-heading\" id=\"h-7-progressive-and-perfect-progressive\">7. Progressiv og perfekt progressiv:<\/h3>\n\n\n\n<p>Bosnisk har ikke en direkte \u00e6kvivalent til de engelske progressive og perfekte progressive tider. Det bruger dog verbalt aspekt (perfektivt og ufuldkomment) til at formidle lignende betydninger.<\/p>\n\n\n\n<h3 class=\"wp-block-heading\" id=\"h-8-adverbs\">8. Adverbi:<\/h3>\n\n\n\n<p>Unders\u00f8g adverb og deres placering i s\u00e6tninger for at udtrykke tid, m\u00e5de og grad.<\/p>\n\n\n\n<h3 class=\"wp-block-heading\" id=\"h-9-conditionals\">9. Betingelser:<\/h3>\n\n\n\n<p>L\u00e6r at danne og bruge betingede s\u00e6tninger (virkelige og uvirkelige) til at udtrykke hypotetiske situationer og deres konsekvenser.<\/p>\n\n\n\n<h3 class=\"wp-block-heading\" id=\"h-10-prepositions\">10. Pr\u00e6positioner:<\/h3>\n\n\n\n<p>Pr\u00e6positioner er afg\u00f8rende for at angive forholdet mellem ord og s\u00e6tninger. L\u00e6r at bruge dem pr\u00e6cist i forskellige sammenh\u00e6nge.<\/p>\n\n\n\n<h3 class=\"wp-block-heading\" id=\"h-11-sentences\">11. S\u00e6tninger:<\/h3>\n\n\n\n<p>Endelig skal du \u00f8ve dig i at konstruere enkle og komplekse s\u00e6tninger ved hj\u00e6lp af alle de grammatikelementer, du har l\u00e6rt. Dette vil hj\u00e6lpe dig med at udvikle et st\u00e6rkt fundament p\u00e5 bosnisk og g\u00f8re det muligt for dig at kommunikere effektivt med indf\u00f8dte talere.<\/p>\n<\/div><\/div>\n\r\n<section class=\"learnNavigationSection\">\r\n            \r\n        <a href=\"https:\/\/talkpal.ai\/da\/laer-bosnisk\/\">\r\n            <div class=\"learnNavigationWrapper\">\r\n                <div class=\"learnNavigationContent\">\r\n                    <img decoding=\"async\" src=\"https:\/\/talkpal.ai\/wp-content\/uploads\/2024\/08\/Bosnian.jpg\" alt=\"Bosnian Flag\">\r\n                    <div>\r\n                        <h4>Om bosnisk l\u00e6ring<\/h4>\r\n                        <p>Find ud af alt om bosnisk grammatik.<\/p>\r\n                    <\/div>\r\n                <\/div>\r\n            <\/div>\r\n        <\/a>\r\n\r\n        \r\n        <a href=\"https:\/\/talkpal.ai\/da\/bosnisk-grammatik\/\">\r\n            <div class=\"learnNavigationWrapper\">\r\n                <div class=\"learnNavigationContent\">\r\n                    <img decoding=\"async\" src=\"https:\/\/talkpal.ai\/wp-content\/uploads\/2024\/08\/Bosnian.jpg\" alt=\"Bosnian Flag\">\r\n                    <div>\r\n                        <h4>Bosniske grammatiklektioner<\/h4>\r\n                        <p>\u00d8v bosnisk grammatik.<\/p>\r\n                    <\/div>\r\n                <\/div>\r\n            <\/div>\r\n        <\/a>\r\n\r\n        \r\n        <a href=\"https:\/\/talkpal.ai\/vocabulary_language\/bosnian\/\">\r\n            <div class=\"learnNavigationWrapper\">\r\n                <div class=\"learnNavigationContent\">\r\n                    <img decoding=\"async\" src=\"https:\/\/talkpal.ai\/wp-content\/uploads\/2024\/08\/Bosnian.jpg\" alt=\"Bosnian Flag\">\r\n                    <div>\r\n                        <h4>Bosnisk ordforr\u00e5d<\/h4>\r\n                        <p>Udvid dit bosniske ordforr\u00e5d.<\/p>\r\n                    <\/div>\r\n                <\/div>\r\n            <\/div>\r\n        <\/a>\r\n\r\n            <\/section>","protected":false},"excerpt":{"rendered":"<p>Bosniske grammatik Emner Bosnisk er et sydslavisk sprog, der prim\u00e6rt tales i Bosnien-Hercegovina, Serbien, Montenegro og Kroatien. Det er gensidigt forst\u00e5eligt med serbisk og kroatisk og er en del af det standardiserede serbokroatiske sprog. At l\u00e6re bosnisk kan v\u00e6re en fascinerende og givende oplevelse, da det giver indsigt i Balkanregionens rige historie, kultur og traditioner. [&hellip;]<\/p>\n","protected":false},"author":6,"featured_media":111408,"parent":0,"menu_order":0,"comment_status":"closed","ping_status":"closed","template":"LearningContentPage.php","meta":{"_acf_changed":false,"footnotes":""},"class_list":["post-165118","page","type-page","status-publish","has-post-thumbnail","hentry"],"acf":[],"yoast_head":"<!-- This site is optimized with the Yoast SEO Premium plugin v27.2 (Yoast SEO v27.2) - https:\/\/yoast.com\/product\/yoast-seo-premium-wordpress\/ -->\n<title>Bosniske grammatik\u00f8velser - Talkpal<\/title>\n<meta name=\"description\" content=\"Behersk bosnisk med engagerende bosniske grammatik\u00f8velser, der er designet til at forbedre din forst\u00e5else af s\u00e6tningsstrukturer og tider.\" \/>\n<meta name=\"robots\" content=\"index, follow, max-snippet:-1, max-image-preview:large, max-video-preview:-1\" \/>\n<link rel=\"canonical\" href=\"https:\/\/talkpal.ai\/da\/bosniske-grammatikoevelser\/\" \/>\n<meta property=\"og:locale\" content=\"da_DK\" \/>\n<meta property=\"og:type\" content=\"article\" \/>\n<meta property=\"og:title\" content=\"Bosniske grammatik\u00f8velser\" \/>\n<meta property=\"og:description\" content=\"Bosniske grammatik Emner Bosnisk er et sydslavisk sprog, der prim\u00e6rt tales i Bosnien-Hercegovina, Serbien, Montenegro og Kroatien. Det er gensidigt\" \/>\n<meta property=\"og:url\" content=\"https:\/\/talkpal.ai\/da\/bosniske-grammatikoevelser\/\" \/>\n<meta property=\"og:site_name\" content=\"Talkpal\" \/>\n<meta property=\"article:publisher\" content=\"https:\/\/www.facebook.com\/profile.php?id=100090733639311\" \/>\n<meta property=\"article:modified_time\" content=\"2025-05-23T12:05:29+00:00\" \/>\n<meta property=\"og:image\" content=\"https:\/\/talkpal.ai\/wp-content\/uploads\/2023\/05\/bosnia-and-herzegovina.png\" \/>\n\t<meta property=\"og:image:width\" content=\"512\" \/>\n\t<meta property=\"og:image:height\" content=\"512\" \/>\n\t<meta property=\"og:image:type\" content=\"image\/png\" \/>\n<meta name=\"twitter:card\" content=\"summary_large_image\" \/>\n<meta name=\"twitter:site\" content=\"@talkpalai\" \/>\n<meta name=\"twitter:label1\" content=\"Estimeret l\u00e6setid\" \/>\n\t<meta name=\"twitter:data1\" content=\"2 minutter\" \/>\n<script type=\"application\/ld+json\" class=\"yoast-schema-graph\">{\"@context\":\"https:\/\/schema.org\",\"@graph\":[{\"@type\":\"WebPage\",\"@id\":\"https:\/\/talkpal.ai\/da\/bosniske-grammatikoevelser\/\",\"url\":\"https:\/\/talkpal.ai\/da\/bosniske-grammatikoevelser\/\",\"name\":\"Bosniske grammatik\u00f8velser - Talkpal\",\"isPartOf\":{\"@id\":\"https:\/\/talkpal.ai\/da\/#website\"},\"primaryImageOfPage\":{\"@id\":\"https:\/\/talkpal.ai\/da\/bosniske-grammatikoevelser\/#primaryimage\"},\"image\":{\"@id\":\"https:\/\/talkpal.ai\/da\/bosniske-grammatikoevelser\/#primaryimage\"},\"thumbnailUrl\":\"https:\/\/talkpal.ai\/wp-content\/uploads\/2023\/05\/bosnia-and-herzegovina.png\",\"datePublished\":\"2023-06-16T12:01:29+00:00\",\"dateModified\":\"2025-05-23T12:05:29+00:00\",\"description\":\"Behersk bosnisk med engagerende bosniske grammatik\u00f8velser, der er designet til at forbedre din forst\u00e5else af s\u00e6tningsstrukturer og tider.\",\"breadcrumb\":{\"@id\":\"https:\/\/talkpal.ai\/da\/bosniske-grammatikoevelser\/#breadcrumb\"},\"inLanguage\":\"da-DK\",\"potentialAction\":[{\"@type\":\"ReadAction\",\"target\":[\"https:\/\/talkpal.ai\/da\/bosniske-grammatikoevelser\/\"]}]},{\"@type\":\"ImageObject\",\"inLanguage\":\"da-DK\",\"@id\":\"https:\/\/talkpal.ai\/da\/bosniske-grammatikoevelser\/#primaryimage\",\"url\":\"https:\/\/talkpal.ai\/wp-content\/uploads\/2023\/05\/bosnia-and-herzegovina.png\",\"contentUrl\":\"https:\/\/talkpal.ai\/wp-content\/uploads\/2023\/05\/bosnia-and-herzegovina.png\",\"width\":512,\"height\":512},{\"@type\":\"BreadcrumbList\",\"@id\":\"https:\/\/talkpal.ai\/da\/bosniske-grammatikoevelser\/#breadcrumb\",\"itemListElement\":[{\"@type\":\"ListItem\",\"position\":1,\"name\":\"Homepage\",\"item\":\"https:\/\/talkpal.ai\/da\/\"},{\"@type\":\"ListItem\",\"position\":2,\"name\":\"Bosniske grammatik\u00f8velser\"}]},{\"@type\":\"WebSite\",\"@id\":\"https:\/\/talkpal.ai\/da\/#website\",\"url\":\"https:\/\/talkpal.ai\/da\/\",\"name\":\"Talkpal\",\"description\":\"AI Language Learning\",\"publisher\":{\"@id\":\"https:\/\/talkpal.ai\/da\/#organization\"},\"alternateName\":\"Talkpal AI\",\"potentialAction\":[{\"@type\":\"SearchAction\",\"target\":{\"@type\":\"EntryPoint\",\"urlTemplate\":\"https:\/\/talkpal.ai\/da\/?s={search_term_string}\"},\"query-input\":{\"@type\":\"PropertyValueSpecification\",\"valueRequired\":true,\"valueName\":\"search_term_string\"}}],\"inLanguage\":\"da-DK\"},{\"@type\":\"Organization\",\"@id\":\"https:\/\/talkpal.ai\/da\/#organization\",\"name\":\"Talkpal, Inc.\",\"alternateName\":\"Talkpal AI\",\"url\":\"https:\/\/talkpal.ai\/da\/\",\"logo\":{\"@type\":\"ImageObject\",\"inLanguage\":\"da-DK\",\"@id\":\"https:\/\/talkpal.ai\/da\/#\/schema\/logo\/image\/\",\"url\":\"https:\/\/talkpal.ai\/wp-content\/uploads\/2024\/03\/Talkpal-Logo-Icon.png\",\"contentUrl\":\"https:\/\/talkpal.ai\/wp-content\/uploads\/2024\/03\/Talkpal-Logo-Icon.png\",\"width\":2880,\"height\":2880,\"caption\":\"Talkpal, Inc.\"},\"image\":{\"@id\":\"https:\/\/talkpal.ai\/da\/#\/schema\/logo\/image\/\"},\"sameAs\":[\"https:\/\/www.facebook.com\/profile.php?id=100090733639311\",\"https:\/\/x.com\/talkpalai\",\"https:\/\/www.linkedin.com\/company\/talkpal\/\",\"https:\/\/www.youtube.com\/@TalkPal\/\",\"https:\/\/www.tiktok.com\/@talkpal\",\"https:\/\/www.instagram.com\/talkpal_ai\/\",\"https:\/\/www.crunchbase.com\/organization\/talkpal-9cde\",\"https:\/\/www.g2.com\/products\/talkpal-for-business\/\",\"https:\/\/www.trustpilot.com\/review\/talkpal.ai\",\"https:\/\/www.capterra.com\/p\/10006800\/TalkPal\/\"],\"description\":\"Talkpal is a language learning web and mobile education app, powered by the latest AI technologies, that provides engaging experiences to its customers in many different languages to help them improve their language skills. Users can chat about unlimited amount of topics with the app and use other modes to practice their language learning.\",\"email\":\"support@talkpal.ai\",\"legalName\":\"Talkpal, Inc.\",\"foundingDate\":\"2023-04-03\",\"duns\":\"118989042\",\"numberOfEmployees\":{\"@type\":\"QuantitativeValue\",\"minValue\":\"11\",\"maxValue\":\"50\"},\"publishingPrinciples\":\"https:\/\/talkpal.ai\/publishing-principles\/\",\"actionableFeedbackPolicy\":\"https:\/\/talkpal.ai\/actionable-feedback-policy\/\",\"correctionsPolicy\":\"https:\/\/talkpal.ai\/corrections-policy\/\",\"ethicsPolicy\":\"https:\/\/talkpal.ai\/ethics-policy\/\",\"diversityPolicy\":\"https:\/\/talkpal.ai\/diversity-policy\/\",\"diversityStaffingReport\":\"https:\/\/talkpal.ai\/diversity-policy\/\"}]}<\/script>\n<!-- \/ Yoast SEO Premium plugin. -->","yoast_head_json":{"title":"Bosniske grammatik\u00f8velser - Talkpal","description":"Behersk bosnisk med engagerende bosniske grammatik\u00f8velser, der er designet til at forbedre din forst\u00e5else af s\u00e6tningsstrukturer og tider.","robots":{"index":"index","follow":"follow","max-snippet":"max-snippet:-1","max-image-preview":"max-image-preview:large","max-video-preview":"max-video-preview:-1"},"canonical":"https:\/\/talkpal.ai\/da\/bosniske-grammatikoevelser\/","og_locale":"da_DK","og_type":"article","og_title":"Bosniske grammatik\u00f8velser","og_description":"Bosniske grammatik Emner Bosnisk er et sydslavisk sprog, der prim\u00e6rt tales i Bosnien-Hercegovina, Serbien, Montenegro og Kroatien. Det er gensidigt","og_url":"https:\/\/talkpal.ai\/da\/bosniske-grammatikoevelser\/","og_site_name":"Talkpal","article_publisher":"https:\/\/www.facebook.com\/profile.php?id=100090733639311","article_modified_time":"2025-05-23T12:05:29+00:00","og_image":[{"width":512,"height":512,"url":"https:\/\/talkpal.ai\/wp-content\/uploads\/2023\/05\/bosnia-and-herzegovina.png","type":"image\/png"}],"twitter_card":"summary_large_image","twitter_site":"@talkpalai","twitter_misc":{"Estimeret l\u00e6setid":"2 minutter"},"schema":{"@context":"https:\/\/schema.org","@graph":[{"@type":"WebPage","@id":"https:\/\/talkpal.ai\/da\/bosniske-grammatikoevelser\/","url":"https:\/\/talkpal.ai\/da\/bosniske-grammatikoevelser\/","name":"Bosniske grammatik\u00f8velser - Talkpal","isPartOf":{"@id":"https:\/\/talkpal.ai\/da\/#website"},"primaryImageOfPage":{"@id":"https:\/\/talkpal.ai\/da\/bosniske-grammatikoevelser\/#primaryimage"},"image":{"@id":"https:\/\/talkpal.ai\/da\/bosniske-grammatikoevelser\/#primaryimage"},"thumbnailUrl":"https:\/\/talkpal.ai\/wp-content\/uploads\/2023\/05\/bosnia-and-herzegovina.png","datePublished":"2023-06-16T12:01:29+00:00","dateModified":"2025-05-23T12:05:29+00:00","description":"Behersk bosnisk med engagerende bosniske grammatik\u00f8velser, der er designet til at forbedre din forst\u00e5else af s\u00e6tningsstrukturer og tider.","breadcrumb":{"@id":"https:\/\/talkpal.ai\/da\/bosniske-grammatikoevelser\/#breadcrumb"},"inLanguage":"da-DK","potentialAction":[{"@type":"ReadAction","target":["https:\/\/talkpal.ai\/da\/bosniske-grammatikoevelser\/"]}]},{"@type":"ImageObject","inLanguage":"da-DK","@id":"https:\/\/talkpal.ai\/da\/bosniske-grammatikoevelser\/#primaryimage","url":"https:\/\/talkpal.ai\/wp-content\/uploads\/2023\/05\/bosnia-and-herzegovina.png","contentUrl":"https:\/\/talkpal.ai\/wp-content\/uploads\/2023\/05\/bosnia-and-herzegovina.png","width":512,"height":512},{"@type":"BreadcrumbList","@id":"https:\/\/talkpal.ai\/da\/bosniske-grammatikoevelser\/#breadcrumb","itemListElement":[{"@type":"ListItem","position":1,"name":"Homepage","item":"https:\/\/talkpal.ai\/da\/"},{"@type":"ListItem","position":2,"name":"Bosniske grammatik\u00f8velser"}]},{"@type":"WebSite","@id":"https:\/\/talkpal.ai\/da\/#website","url":"https:\/\/talkpal.ai\/da\/","name":"Talkpal","description":"AI Language Learning","publisher":{"@id":"https:\/\/talkpal.ai\/da\/#organization"},"alternateName":"Talkpal AI","potentialAction":[{"@type":"SearchAction","target":{"@type":"EntryPoint","urlTemplate":"https:\/\/talkpal.ai\/da\/?s={search_term_string}"},"query-input":{"@type":"PropertyValueSpecification","valueRequired":true,"valueName":"search_term_string"}}],"inLanguage":"da-DK"},{"@type":"Organization","@id":"https:\/\/talkpal.ai\/da\/#organization","name":"Talkpal, Inc.","alternateName":"Talkpal AI","url":"https:\/\/talkpal.ai\/da\/","logo":{"@type":"ImageObject","inLanguage":"da-DK","@id":"https:\/\/talkpal.ai\/da\/#\/schema\/logo\/image\/","url":"https:\/\/talkpal.ai\/wp-content\/uploads\/2024\/03\/Talkpal-Logo-Icon.png","contentUrl":"https:\/\/talkpal.ai\/wp-content\/uploads\/2024\/03\/Talkpal-Logo-Icon.png","width":2880,"height":2880,"caption":"Talkpal, Inc."},"image":{"@id":"https:\/\/talkpal.ai\/da\/#\/schema\/logo\/image\/"},"sameAs":["https:\/\/www.facebook.com\/profile.php?id=100090733639311","https:\/\/x.com\/talkpalai","https:\/\/www.linkedin.com\/company\/talkpal\/","https:\/\/www.youtube.com\/@TalkPal\/","https:\/\/www.tiktok.com\/@talkpal","https:\/\/www.instagram.com\/talkpal_ai\/","https:\/\/www.crunchbase.com\/organization\/talkpal-9cde","https:\/\/www.g2.com\/products\/talkpal-for-business\/","https:\/\/www.trustpilot.com\/review\/talkpal.ai","https:\/\/www.capterra.com\/p\/10006800\/TalkPal\/"],"description":"Talkpal is a language learning web and mobile education app, powered by the latest AI technologies, that provides engaging experiences to its customers in many different languages to help them improve their language skills. Users can chat about unlimited amount of topics with the app and use other modes to practice their language learning.","email":"support@talkpal.ai","legalName":"Talkpal, Inc.","foundingDate":"2023-04-03","duns":"118989042","numberOfEmployees":{"@type":"QuantitativeValue","minValue":"11","maxValue":"50"},"publishingPrinciples":"https:\/\/talkpal.ai\/publishing-principles\/","actionableFeedbackPolicy":"https:\/\/talkpal.ai\/actionable-feedback-policy\/","correctionsPolicy":"https:\/\/talkpal.ai\/corrections-policy\/","ethicsPolicy":"https:\/\/talkpal.ai\/ethics-policy\/","diversityPolicy":"https:\/\/talkpal.ai\/diversity-policy\/","diversityStaffingReport":"https:\/\/talkpal.ai\/diversity-policy\/"}]}},"_links":{"self":[{"href":"https:\/\/talkpal.ai\/da\/wp-json\/wp\/v2\/pages\/165118","targetHints":{"allow":["GET"]}}],"collection":[{"href":"https:\/\/talkpal.ai\/da\/wp-json\/wp\/v2\/pages"}],"about":[{"href":"https:\/\/talkpal.ai\/da\/wp-json\/wp\/v2\/types\/page"}],"author":[{"embeddable":true,"href":"https:\/\/talkpal.ai\/da\/wp-json\/wp\/v2\/users\/6"}],"replies":[{"embeddable":true,"href":"https:\/\/talkpal.ai\/da\/wp-json\/wp\/v2\/comments?post=165118"}],"version-history":[{"count":0,"href":"https:\/\/talkpal.ai\/da\/wp-json\/wp\/v2\/pages\/165118\/revisions"}],"wp:featuredmedia":[{"embeddable":true,"href":"https:\/\/talkpal.ai\/da\/wp-json\/wp\/v2\/media\/111408"}],"wp:attachment":[{"href":"https:\/\/talkpal.ai\/da\/wp-json\/wp\/v2\/media?parent=165118"}],"curies":[{"name":"wp","href":"https:\/\/api.w.org\/{rel}","templated":true}]}}