{"id":164473,"date":"2023-06-16T12:49:04","date_gmt":"2023-06-16T12:49:04","guid":{"rendered":"http:\/\/talkpal.ai\/catalanske-grammatikoevelser\/"},"modified":"2025-05-23T13:32:51","modified_gmt":"2025-05-23T13:32:51","slug":"catalanske-grammatikoevelser","status":"publish","type":"page","link":"https:\/\/talkpal.ai\/da\/catalanske-grammatikoevelser\/","title":{"rendered":"Catalanske grammatik\u00f8velser"},"content":{"rendered":"\r\n\r\n\r\n<section class=\"languageChallengeSection\">\r\n    <div class=\"languageInfoWrapper\">\r\n        \r\n        <h1>Catalanske grammatik\u00f8velser<\/h1>\r\n        <p>\u00d8nsker du at blive mere sikker p\u00e5 <a href=\"https:\/\/talkpal.ai\/learn-catalan\/\">catalansk<\/a>? Grammatik\u00f8velser er en god m\u00e5de at l\u00e6re at <a href=\"https:\/\/talkpal.ai\/locations\/language-courses-in-mestre\/\">mestre<\/a> s\u00e6tningsstruktur, verbalformer og de karakteristiske m\u00f8nstre i det catalanske <a href=\"https:\/\/talkpal.ai\/what-language-is-spoken-on-the-international-space-station\/\">sprog<\/a>. Begynd at arbejde med <a href=\"https:\/\/talkpal.ai\/learn-catalan\/\">catalansk<\/a> <a href=\"https:\/\/talkpal.ai\/fr\/les\/\">grammatik<\/a> i dag, og se din forst\u00e5else og flydende tale vokse med hver \u00f8velse!<\/p>\r\n\r\n                            <a class=\"getStartedHidden\" href=\"https:\/\/app.talkpal.ai\/da\/signup?lng=\">Kom i gang<\/a>\r\n        \r\n    <\/div>\r\n\r\n    <figure>\r\n    <img decoding=\"async\" width=\"768\" height=\"768\" src=\"https:\/\/talkpal.ai\/wp-content\/uploads\/2023\/06\/catalan-768x768.png\" class=\"languageImage no-lazy\" alt=\"Language learning techniques for fast learning\" fetchpriority=\"high\" sizes=\"(max-width: 768px) 150px, 768px\" srcset=\"https:\/\/talkpal.ai\/wp-content\/uploads\/2023\/06\/catalan-768x768.png 768w, https:\/\/talkpal.ai\/wp-content\/uploads\/2023\/06\/catalan-300x300.png 300w\" \/>\r\n    \r\n\r\n    <\/figure>\r\n\r\n            <a class=\"getStartedVisible\" href=\"https:\/\/app.talkpal.ai\/da\/signup?lng=\">Kom i gang<\/a>\r\n    \r\n<\/section>\r\n\r\n\r\n<!-- <section class=\"grammarSection\">\r\n    <div class=\"grammarLinks\">\r\n            <\/div>\r\n<\/section> -->\r\n\r\n\r\n\r\n\r\n<section class=\"promotionalBanner\">\r\n    <p class=\"promotionalText\">Den mest effektive m\u00e5de at l\u00e6re et sprog p\u00e5<\/p>\r\n    <a class=\"promotionalLink\" href=\"https:\/\/app.talkpal.ai\/da\/signup?lng=\">Pr\u00f8v Talkpal gratis<\/a>\r\n<\/section>\n<div class=\"wp-block-group pageContainerStyle\"><div class=\"wp-block-group__inner-container is-layout-constrained wp-block-group-is-layout-constrained\">\n<h2 class=\"wp-block-heading\" id=\"h-catalan-grammar-topics\">Catalanske grammatik emner<\/h2>\n\n\n\n<p>Catalansk, et romansk sprog, der tales af millioner i Catalonien-regionen i Spanien og dele af <a href=\"https:\/\/talkpal.ai\/learn-italian\/\">Italien<\/a> og Frankrig, er et smukt og levende sprog med en rig historie. At l\u00e6re catalansk kan v\u00e6re en forn\u00f8jelig og givende oplevelse, der \u00e5bner <a href=\"https:\/\/talkpal.ai\/talkpal-new-years-discount\/\">nye<\/a> kulturelle og sproglige horisonter. For korrekt at l\u00e6re dette sprog er det vigtigt at mestre dets grammatik. <a href=\"https:\/\/talkpal.ai\/catalan-grammar\/\">Catalansk grammatik<\/a>, som ethvert andet sprog, er et system af regler for konstruktion af s\u00e6tninger og s\u00e6tninger. I denne artikel vil vi udforske de vigtigste aspekter af catalansk grammatik i en logisk r\u00e6kkef\u00f8lge, hvilket giver et solidt fundament for din sprogindl\u00e6ringsrejse.<\/p>\n\n\n\n<h3 class=\"wp-block-heading\" id=\"h-1-nouns-and-articles\">1. Substantiver og artikler:<\/h3>\n\n\n\n<p>Begynd med at l\u00e6re catalanske navneord, som har k\u00f8n (maskulin eller feminin) og tal (ental eller flertal). De bestemte og ubestemte artikler p\u00e5 catalansk \u00e6ndrer sig ogs\u00e5 efter k\u00f8n og antal, hvilket g\u00f8r dem til et vigtigt udgangspunkt for opbygning af s\u00e6tninger.<\/p>\n\n\n\n<h3 class=\"wp-block-heading\" id=\"h-2-adjectives\">2. Adjektiver:<\/h3>\n\n\n\n<p>Adjektiver p\u00e5 catalansk er enige med de navneord, de \u00e6ndrer i k\u00f8n og antal. L\u00e6r hvordan du danner og placerer adjektiver for at beskrive substantivernes egenskaber n\u00f8jagtigt.<\/p>\n\n\n\n<h3 class=\"wp-block-heading\" id=\"h-3-pronouns-determiners\">3. Pronomen\/determinere:<\/h3>\n\n\n\n<p>Pronomen erstatter substantiver for at undg\u00e5 gentagelse, mens determinere specificerer eller kvantificerer dem. Behersk de forskellige typer pronomen (emne, objekt, refleksiv) og determinere (demonstrativ, besiddende, forh\u00f8r) for at tilf\u00f8je variation til dine s\u00e6tninger.<\/p>\n\n\n\n<h3 class=\"wp-block-heading\" id=\"h-4-verbs-and-tenses\">4. Verber og tider:<\/h3>\n\n\n\n<p>Catalanske verber er b\u00f8jet efter deres sp\u00e6nding, hum\u00f8r og person. L\u00e6r de regelm\u00e6ssige og uregelm\u00e6ssige verbformer i nutid, fortid og fremtid samt den bydende stemning for at give kommandoer.<\/p>\n\n\n\n<h3 class=\"wp-block-heading\" id=\"h-5-tense-comparison\">5. Ansp\u00e6ndt sammenligning:<\/h3>\n\n\n\n<p>Forst\u00e5, hvordan man sammenligner de forskellige tider p\u00e5 catalansk for at udtrykke handlinger eller tilstande, der forekommer p\u00e5 forskellige tidspunkter.<\/p>\n\n\n\n<h3 class=\"wp-block-heading\" id=\"h-6-progressive-and-perfect-progressive\">6. Progressiv og perfekt progressiv:<\/h3>\n\n\n\n<p>Den progressive form indikerer en l\u00f8bende handling, mens den perfekte progressive kombinerer de progressive og perfekte aspekter. F\u00e5 mere at vide om, hvordan du former og bruger disse konstruktioner til at udtrykke igangv\u00e6rende handlinger eller afsluttede handlinger med l\u00f8bende relevans.<\/p>\n\n\n\n<h3 class=\"wp-block-heading\" id=\"h-7-adverbs\">7. Adverb:<\/h3>\n\n\n\n<p>Adverb \u00e6ndrer verb, adjektiver eller andre adverb for at give yderligere oplysninger om handlinger eller kvaliteter. L\u00e6r de forskellige typer adverb og deres placering i s\u00e6tninger.<\/p>\n\n\n\n<h3 class=\"wp-block-heading\" id=\"h-8-prepositions\">8. Pr\u00e6positioner:<\/h3>\n\n\n\n<p>Pr\u00e6positioner forbinder substantiver, pronomen eller andre elementer i en s\u00e6tning for at angive relationer som placering, tid eller retning. G\u00f8r dig bekendt med de mest almindelige catalanske pr\u00e6positioner og deres brug.<\/p>\n\n\n\n<h3 class=\"wp-block-heading\" id=\"h-9-conditionals\">9. Betingelser:<\/h3>\n\n\n\n<p>Betingelser udtrykker hypotetiske situationer eller betingelser og deres konsekvenser. L\u00e6r de forskellige typer betingelser (nul, f\u00f8rste, anden, tredje) og hvordan du danner og bruger dem korrekt.<\/p>\n\n\n\n<h3 class=\"wp-block-heading\" id=\"h-10-sentences\">10. S\u00e6tninger:<\/h3>\n\n\n\n<p>Til sidst skal du \u00f8ve dig i at kombinere alle de elementer, du har l\u00e6rt, for at danne komplette, sammenh\u00e6ngende s\u00e6tninger p\u00e5 catalansk. Eksperimenter med forskellige s\u00e6tningsstrukturer og \u00f8v dig i at oprette forskellige typer s\u00e6tninger, s\u00e5som deklarativ, sp\u00f8rgende og udr\u00e5bstegn.<\/p>\n\n\n\n<p>Ved at l\u00e6re disse emner i den foresl\u00e5ede r\u00e6kkef\u00f8lge vil du udvikle et st\u00e6rkt fundament i catalansk grammatik, s\u00e5 du kan kommunikere effektivt og trygt p\u00e5 dette fascinerende sprog.<\/p>\n<\/div><\/div>\n\r\n<section class=\"learnNavigationSection\">\r\n            \r\n        <a href=\"https:\/\/talkpal.ai\/da\/laer-catalansk\/\">\r\n            <div class=\"learnNavigationWrapper\">\r\n                <div class=\"learnNavigationContent\">\r\n                    <img decoding=\"async\" src=\"https:\/\/talkpal.ai\/wp-content\/uploads\/2024\/08\/Catalan.jpg\" alt=\"Catalan Flag\">\r\n                    <div>\r\n                        <h4>Om catalansk l\u00e6ring<\/h4>\r\n                        <p>Find ud af alt om catalansk grammatik.<\/p>\r\n                    <\/div>\r\n                <\/div>\r\n            <\/div>\r\n        <\/a>\r\n\r\n        \r\n        <a href=\"https:\/\/talkpal.ai\/da\/catalansk-grammatik\/\">\r\n            <div class=\"learnNavigationWrapper\">\r\n                <div class=\"learnNavigationContent\">\r\n                    <img decoding=\"async\" src=\"https:\/\/talkpal.ai\/wp-content\/uploads\/2024\/08\/Catalan.jpg\" alt=\"Catalan Flag\">\r\n                    <div>\r\n                        <h4>Lektioner i catalansk grammatik<\/h4>\r\n                        <p>\u00d8v catalansk grammatik.<\/p>\r\n                    <\/div>\r\n                <\/div>\r\n            <\/div>\r\n        <\/a>\r\n\r\n        \r\n        <a href=\"https:\/\/talkpal.ai\/vocabulary_language\/catalan\/\">\r\n            <div class=\"learnNavigationWrapper\">\r\n                <div class=\"learnNavigationContent\">\r\n                    <img decoding=\"async\" src=\"https:\/\/talkpal.ai\/wp-content\/uploads\/2024\/08\/Catalan.jpg\" alt=\"Catalan Flag\">\r\n                    <div>\r\n                        <h4>Catalansk ordforr\u00e5d<\/h4>\r\n                        <p>Udvid dit catalanske ordforr\u00e5d.<\/p>\r\n                    <\/div>\r\n                <\/div>\r\n            <\/div>\r\n        <\/a>\r\n\r\n            <\/section>","protected":false},"excerpt":{"rendered":"<p>Catalanske grammatik emner Catalansk, et romansk sprog, der tales af millioner i Catalonien-regionen i Spanien og dele af Italien og Frankrig, er et smukt og levende sprog med en rig historie. At l\u00e6re catalansk kan v\u00e6re en forn\u00f8jelig og givende oplevelse, der \u00e5bner nye kulturelle og sproglige horisonter. For korrekt at l\u00e6re dette sprog er [&hellip;]<\/p>\n","protected":false},"author":6,"featured_media":142192,"parent":0,"menu_order":0,"comment_status":"closed","ping_status":"closed","template":"LearningContentPage.php","meta":{"_acf_changed":false,"footnotes":""},"class_list":["post-164473","page","type-page","status-publish","has-post-thumbnail","hentry"],"acf":[],"yoast_head":"<!-- This site is optimized with the Yoast SEO Premium plugin v27.2 (Yoast SEO v27.2) - https:\/\/yoast.com\/product\/yoast-seo-premium-wordpress\/ -->\n<title>Catalanske grammatik\u00f8velser - Talkpal<\/title>\n<meta name=\"description\" content=\"Udforsk vigtige catalanske grammatik\u00f8velser for at forbedre din forst\u00e5else af dette smukke sprog og dets struktur.\" \/>\n<meta name=\"robots\" content=\"index, follow, max-snippet:-1, max-image-preview:large, max-video-preview:-1\" \/>\n<link rel=\"canonical\" href=\"https:\/\/talkpal.ai\/da\/catalanske-grammatikoevelser\/\" \/>\n<meta property=\"og:locale\" content=\"da_DK\" \/>\n<meta property=\"og:type\" content=\"article\" \/>\n<meta property=\"og:title\" content=\"Catalanske grammatik\u00f8velser\" \/>\n<meta property=\"og:description\" content=\"Catalanske grammatik emner Catalansk, et romansk sprog, der tales af millioner i Catalonien-regionen i Spanien og dele af Italien og Frankrig, er et smukt\" \/>\n<meta property=\"og:url\" content=\"https:\/\/talkpal.ai\/da\/catalanske-grammatikoevelser\/\" \/>\n<meta property=\"og:site_name\" content=\"Talkpal\" \/>\n<meta property=\"article:publisher\" content=\"https:\/\/www.facebook.com\/profile.php?id=100090733639311\" \/>\n<meta property=\"article:modified_time\" content=\"2025-05-23T13:32:51+00:00\" \/>\n<meta property=\"og:image\" content=\"https:\/\/talkpal.ai\/wp-content\/uploads\/2023\/08\/Catalan.png\" \/>\n\t<meta property=\"og:image:width\" content=\"479\" \/>\n\t<meta property=\"og:image:height\" content=\"479\" \/>\n\t<meta property=\"og:image:type\" content=\"image\/png\" \/>\n<meta name=\"twitter:card\" content=\"summary_large_image\" \/>\n<meta name=\"twitter:site\" content=\"@talkpalai\" \/>\n<meta name=\"twitter:label1\" content=\"Estimeret l\u00e6setid\" \/>\n\t<meta name=\"twitter:data1\" content=\"3 minutter\" \/>\n<script type=\"application\/ld+json\" class=\"yoast-schema-graph\">{\"@context\":\"https:\/\/schema.org\",\"@graph\":[{\"@type\":\"WebPage\",\"@id\":\"https:\/\/talkpal.ai\/da\/catalanske-grammatikoevelser\/\",\"url\":\"https:\/\/talkpal.ai\/da\/catalanske-grammatikoevelser\/\",\"name\":\"Catalanske grammatik\u00f8velser - Talkpal\",\"isPartOf\":{\"@id\":\"https:\/\/talkpal.ai\/da\/#website\"},\"primaryImageOfPage\":{\"@id\":\"https:\/\/talkpal.ai\/da\/catalanske-grammatikoevelser\/#primaryimage\"},\"image\":{\"@id\":\"https:\/\/talkpal.ai\/da\/catalanske-grammatikoevelser\/#primaryimage\"},\"thumbnailUrl\":\"https:\/\/talkpal.ai\/wp-content\/uploads\/2023\/08\/Catalan.png\",\"datePublished\":\"2023-06-16T12:49:04+00:00\",\"dateModified\":\"2025-05-23T13:32:51+00:00\",\"description\":\"Udforsk vigtige catalanske grammatik\u00f8velser for at forbedre din forst\u00e5else af dette smukke sprog og dets struktur.\",\"breadcrumb\":{\"@id\":\"https:\/\/talkpal.ai\/da\/catalanske-grammatikoevelser\/#breadcrumb\"},\"inLanguage\":\"da-DK\",\"potentialAction\":[{\"@type\":\"ReadAction\",\"target\":[\"https:\/\/talkpal.ai\/da\/catalanske-grammatikoevelser\/\"]}]},{\"@type\":\"ImageObject\",\"inLanguage\":\"da-DK\",\"@id\":\"https:\/\/talkpal.ai\/da\/catalanske-grammatikoevelser\/#primaryimage\",\"url\":\"https:\/\/talkpal.ai\/wp-content\/uploads\/2023\/08\/Catalan.png\",\"contentUrl\":\"https:\/\/talkpal.ai\/wp-content\/uploads\/2023\/08\/Catalan.png\",\"width\":479,\"height\":479},{\"@type\":\"BreadcrumbList\",\"@id\":\"https:\/\/talkpal.ai\/da\/catalanske-grammatikoevelser\/#breadcrumb\",\"itemListElement\":[{\"@type\":\"ListItem\",\"position\":1,\"name\":\"Homepage\",\"item\":\"https:\/\/talkpal.ai\/da\/\"},{\"@type\":\"ListItem\",\"position\":2,\"name\":\"Catalanske grammatik\u00f8velser\"}]},{\"@type\":\"WebSite\",\"@id\":\"https:\/\/talkpal.ai\/da\/#website\",\"url\":\"https:\/\/talkpal.ai\/da\/\",\"name\":\"Talkpal\",\"description\":\"AI Language Learning\",\"publisher\":{\"@id\":\"https:\/\/talkpal.ai\/da\/#organization\"},\"alternateName\":\"Talkpal AI\",\"potentialAction\":[{\"@type\":\"SearchAction\",\"target\":{\"@type\":\"EntryPoint\",\"urlTemplate\":\"https:\/\/talkpal.ai\/da\/?s={search_term_string}\"},\"query-input\":{\"@type\":\"PropertyValueSpecification\",\"valueRequired\":true,\"valueName\":\"search_term_string\"}}],\"inLanguage\":\"da-DK\"},{\"@type\":\"Organization\",\"@id\":\"https:\/\/talkpal.ai\/da\/#organization\",\"name\":\"Talkpal, Inc.\",\"alternateName\":\"Talkpal AI\",\"url\":\"https:\/\/talkpal.ai\/da\/\",\"logo\":{\"@type\":\"ImageObject\",\"inLanguage\":\"da-DK\",\"@id\":\"https:\/\/talkpal.ai\/da\/#\/schema\/logo\/image\/\",\"url\":\"https:\/\/talkpal.ai\/wp-content\/uploads\/2024\/03\/Talkpal-Logo-Icon.png\",\"contentUrl\":\"https:\/\/talkpal.ai\/wp-content\/uploads\/2024\/03\/Talkpal-Logo-Icon.png\",\"width\":2880,\"height\":2880,\"caption\":\"Talkpal, Inc.\"},\"image\":{\"@id\":\"https:\/\/talkpal.ai\/da\/#\/schema\/logo\/image\/\"},\"sameAs\":[\"https:\/\/www.facebook.com\/profile.php?id=100090733639311\",\"https:\/\/x.com\/talkpalai\",\"https:\/\/www.linkedin.com\/company\/talkpal\/\",\"https:\/\/www.youtube.com\/@TalkPal\/\",\"https:\/\/www.tiktok.com\/@talkpal\",\"https:\/\/www.instagram.com\/talkpal_ai\/\",\"https:\/\/www.crunchbase.com\/organization\/talkpal-9cde\",\"https:\/\/www.g2.com\/products\/talkpal-for-business\/\",\"https:\/\/www.trustpilot.com\/review\/talkpal.ai\",\"https:\/\/www.capterra.com\/p\/10006800\/TalkPal\/\"],\"description\":\"Talkpal is a language learning web and mobile education app, powered by the latest AI technologies, that provides engaging experiences to its customers in many different languages to help them improve their language skills. Users can chat about unlimited amount of topics with the app and use other modes to practice their language learning.\",\"email\":\"support@talkpal.ai\",\"legalName\":\"Talkpal, Inc.\",\"foundingDate\":\"2023-04-03\",\"duns\":\"118989042\",\"numberOfEmployees\":{\"@type\":\"QuantitativeValue\",\"minValue\":\"11\",\"maxValue\":\"50\"},\"publishingPrinciples\":\"https:\/\/talkpal.ai\/publishing-principles\/\",\"actionableFeedbackPolicy\":\"https:\/\/talkpal.ai\/actionable-feedback-policy\/\",\"correctionsPolicy\":\"https:\/\/talkpal.ai\/corrections-policy\/\",\"ethicsPolicy\":\"https:\/\/talkpal.ai\/ethics-policy\/\",\"diversityPolicy\":\"https:\/\/talkpal.ai\/diversity-policy\/\",\"diversityStaffingReport\":\"https:\/\/talkpal.ai\/diversity-policy\/\"}]}<\/script>\n<!-- \/ Yoast SEO Premium plugin. -->","yoast_head_json":{"title":"Catalanske grammatik\u00f8velser - Talkpal","description":"Udforsk vigtige catalanske grammatik\u00f8velser for at forbedre din forst\u00e5else af dette smukke sprog og dets struktur.","robots":{"index":"index","follow":"follow","max-snippet":"max-snippet:-1","max-image-preview":"max-image-preview:large","max-video-preview":"max-video-preview:-1"},"canonical":"https:\/\/talkpal.ai\/da\/catalanske-grammatikoevelser\/","og_locale":"da_DK","og_type":"article","og_title":"Catalanske grammatik\u00f8velser","og_description":"Catalanske grammatik emner Catalansk, et romansk sprog, der tales af millioner i Catalonien-regionen i Spanien og dele af Italien og Frankrig, er et smukt","og_url":"https:\/\/talkpal.ai\/da\/catalanske-grammatikoevelser\/","og_site_name":"Talkpal","article_publisher":"https:\/\/www.facebook.com\/profile.php?id=100090733639311","article_modified_time":"2025-05-23T13:32:51+00:00","og_image":[{"width":479,"height":479,"url":"https:\/\/talkpal.ai\/wp-content\/uploads\/2023\/08\/Catalan.png","type":"image\/png"}],"twitter_card":"summary_large_image","twitter_site":"@talkpalai","twitter_misc":{"Estimeret l\u00e6setid":"3 minutter"},"schema":{"@context":"https:\/\/schema.org","@graph":[{"@type":"WebPage","@id":"https:\/\/talkpal.ai\/da\/catalanske-grammatikoevelser\/","url":"https:\/\/talkpal.ai\/da\/catalanske-grammatikoevelser\/","name":"Catalanske grammatik\u00f8velser - Talkpal","isPartOf":{"@id":"https:\/\/talkpal.ai\/da\/#website"},"primaryImageOfPage":{"@id":"https:\/\/talkpal.ai\/da\/catalanske-grammatikoevelser\/#primaryimage"},"image":{"@id":"https:\/\/talkpal.ai\/da\/catalanske-grammatikoevelser\/#primaryimage"},"thumbnailUrl":"https:\/\/talkpal.ai\/wp-content\/uploads\/2023\/08\/Catalan.png","datePublished":"2023-06-16T12:49:04+00:00","dateModified":"2025-05-23T13:32:51+00:00","description":"Udforsk vigtige catalanske grammatik\u00f8velser for at forbedre din forst\u00e5else af dette smukke sprog og dets struktur.","breadcrumb":{"@id":"https:\/\/talkpal.ai\/da\/catalanske-grammatikoevelser\/#breadcrumb"},"inLanguage":"da-DK","potentialAction":[{"@type":"ReadAction","target":["https:\/\/talkpal.ai\/da\/catalanske-grammatikoevelser\/"]}]},{"@type":"ImageObject","inLanguage":"da-DK","@id":"https:\/\/talkpal.ai\/da\/catalanske-grammatikoevelser\/#primaryimage","url":"https:\/\/talkpal.ai\/wp-content\/uploads\/2023\/08\/Catalan.png","contentUrl":"https:\/\/talkpal.ai\/wp-content\/uploads\/2023\/08\/Catalan.png","width":479,"height":479},{"@type":"BreadcrumbList","@id":"https:\/\/talkpal.ai\/da\/catalanske-grammatikoevelser\/#breadcrumb","itemListElement":[{"@type":"ListItem","position":1,"name":"Homepage","item":"https:\/\/talkpal.ai\/da\/"},{"@type":"ListItem","position":2,"name":"Catalanske grammatik\u00f8velser"}]},{"@type":"WebSite","@id":"https:\/\/talkpal.ai\/da\/#website","url":"https:\/\/talkpal.ai\/da\/","name":"Talkpal","description":"AI Language Learning","publisher":{"@id":"https:\/\/talkpal.ai\/da\/#organization"},"alternateName":"Talkpal AI","potentialAction":[{"@type":"SearchAction","target":{"@type":"EntryPoint","urlTemplate":"https:\/\/talkpal.ai\/da\/?s={search_term_string}"},"query-input":{"@type":"PropertyValueSpecification","valueRequired":true,"valueName":"search_term_string"}}],"inLanguage":"da-DK"},{"@type":"Organization","@id":"https:\/\/talkpal.ai\/da\/#organization","name":"Talkpal, Inc.","alternateName":"Talkpal AI","url":"https:\/\/talkpal.ai\/da\/","logo":{"@type":"ImageObject","inLanguage":"da-DK","@id":"https:\/\/talkpal.ai\/da\/#\/schema\/logo\/image\/","url":"https:\/\/talkpal.ai\/wp-content\/uploads\/2024\/03\/Talkpal-Logo-Icon.png","contentUrl":"https:\/\/talkpal.ai\/wp-content\/uploads\/2024\/03\/Talkpal-Logo-Icon.png","width":2880,"height":2880,"caption":"Talkpal, Inc."},"image":{"@id":"https:\/\/talkpal.ai\/da\/#\/schema\/logo\/image\/"},"sameAs":["https:\/\/www.facebook.com\/profile.php?id=100090733639311","https:\/\/x.com\/talkpalai","https:\/\/www.linkedin.com\/company\/talkpal\/","https:\/\/www.youtube.com\/@TalkPal\/","https:\/\/www.tiktok.com\/@talkpal","https:\/\/www.instagram.com\/talkpal_ai\/","https:\/\/www.crunchbase.com\/organization\/talkpal-9cde","https:\/\/www.g2.com\/products\/talkpal-for-business\/","https:\/\/www.trustpilot.com\/review\/talkpal.ai","https:\/\/www.capterra.com\/p\/10006800\/TalkPal\/"],"description":"Talkpal is a language learning web and mobile education app, powered by the latest AI technologies, that provides engaging experiences to its customers in many different languages to help them improve their language skills. Users can chat about unlimited amount of topics with the app and use other modes to practice their language learning.","email":"support@talkpal.ai","legalName":"Talkpal, Inc.","foundingDate":"2023-04-03","duns":"118989042","numberOfEmployees":{"@type":"QuantitativeValue","minValue":"11","maxValue":"50"},"publishingPrinciples":"https:\/\/talkpal.ai\/publishing-principles\/","actionableFeedbackPolicy":"https:\/\/talkpal.ai\/actionable-feedback-policy\/","correctionsPolicy":"https:\/\/talkpal.ai\/corrections-policy\/","ethicsPolicy":"https:\/\/talkpal.ai\/ethics-policy\/","diversityPolicy":"https:\/\/talkpal.ai\/diversity-policy\/","diversityStaffingReport":"https:\/\/talkpal.ai\/diversity-policy\/"}]}},"_links":{"self":[{"href":"https:\/\/talkpal.ai\/da\/wp-json\/wp\/v2\/pages\/164473","targetHints":{"allow":["GET"]}}],"collection":[{"href":"https:\/\/talkpal.ai\/da\/wp-json\/wp\/v2\/pages"}],"about":[{"href":"https:\/\/talkpal.ai\/da\/wp-json\/wp\/v2\/types\/page"}],"author":[{"embeddable":true,"href":"https:\/\/talkpal.ai\/da\/wp-json\/wp\/v2\/users\/6"}],"replies":[{"embeddable":true,"href":"https:\/\/talkpal.ai\/da\/wp-json\/wp\/v2\/comments?post=164473"}],"version-history":[{"count":0,"href":"https:\/\/talkpal.ai\/da\/wp-json\/wp\/v2\/pages\/164473\/revisions"}],"wp:featuredmedia":[{"embeddable":true,"href":"https:\/\/talkpal.ai\/da\/wp-json\/wp\/v2\/media\/142192"}],"wp:attachment":[{"href":"https:\/\/talkpal.ai\/da\/wp-json\/wp\/v2\/media?parent=164473"}],"curies":[{"name":"wp","href":"https:\/\/api.w.org\/{rel}","templated":true}]}}