{"id":164226,"date":"2023-06-16T13:02:09","date_gmt":"2023-06-16T13:02:09","guid":{"rendered":"http:\/\/talkpal.ai\/kroatiske-grammatikoevelser\/"},"modified":"2025-12-17T16:27:04","modified_gmt":"2025-12-17T16:27:04","slug":"kroatiske-grammatikoevelser","status":"publish","type":"page","link":"https:\/\/talkpal.ai\/da\/kroatiske-grammatikoevelser\/","title":{"rendered":"Kroatiske grammatik\u00f8velser"},"content":{"rendered":"\r\n\r\n\r\n<section class=\"languageChallengeSection\">\r\n    <div class=\"languageInfoWrapper\">\r\n        \r\n        <h1>Kroatiske grammatik\u00f8velser<\/h1>\r\n        <p>Vil du blive mere sikker p\u00e5 <a href=\"https:\/\/talkpal.ai\/learn-croatian\/\">kroatisk<\/a>? Grammatik\u00f8velser hj\u00e6lper dig med at <a href=\"https:\/\/talkpal.ai\/locations\/language-courses-in-mestre\/\">mestre<\/a> s\u00e6tningsstruktur, verbalformer og de unikke tr\u00e6k ved det kroatiske <a href=\"https:\/\/talkpal.ai\/what-language-is-spoken-on-the-international-space-station\/\">sprog<\/a>. Begynd at udforske kroatisk <a href=\"https:\/\/talkpal.ai\/fr\/les\/\">grammatik<\/a> i dag, og se dine f\u00e6rdigheder og dit sprog blive bedre med hver ny \u00f8velse!\n\n<\/p>\r\n\r\n                            <a class=\"getStartedHidden\" href=\"https:\/\/app.talkpal.ai\/da\/signup?lng=\">Kom i gang<\/a>\r\n        \r\n    <\/div>\r\n\r\n    <figure>\r\n    <img decoding=\"async\" width=\"768\" height=\"768\" src=\"https:\/\/talkpal.ai\/wp-content\/uploads\/2023\/06\/croatian-768x768.png\" class=\"languageImage no-lazy\" alt=\"Language learning for successful interaction\" fetchpriority=\"high\" sizes=\"(max-width: 768px) 150px, 768px\" srcset=\"https:\/\/talkpal.ai\/wp-content\/uploads\/2023\/06\/croatian-768x768.png 768w, https:\/\/talkpal.ai\/wp-content\/uploads\/2023\/06\/croatian-300x300.png 300w\" \/>\r\n    \r\n\r\n    <\/figure>\r\n\r\n            <a class=\"getStartedVisible\" href=\"https:\/\/app.talkpal.ai\/da\/signup?lng=\">Kom i gang<\/a>\r\n    \r\n<\/section>\r\n\r\n\r\n<!-- <section class=\"grammarSection\">\r\n    <div class=\"grammarLinks\">\r\n            <\/div>\r\n<\/section> -->\r\n\r\n\r\n\r\n\r\n<section class=\"promotionalBanner\">\r\n    <p class=\"promotionalText\">Den mest effektive m\u00e5de at l\u00e6re et sprog p\u00e5<\/p>\r\n    <a class=\"promotionalLink\" href=\"https:\/\/app.talkpal.ai\/da\/signup?lng=\">Pr\u00f8v Talkpal gratis<\/a>\r\n<\/section>\n<div class=\"wp-block-group pageContainerStyle\"><div class=\"wp-block-group__inner-container is-layout-constrained wp-block-group-is-layout-constrained\">\n<h2 class=\"wp-block-heading\" id=\"h-croatian-grammar-topics\">Kroatiske grammatik emner<\/h2>\n\n\n\n<p>Kroatisk, et sydslavisk sprog, er det officielle sprog i Kroatien og et af de officielle sprog i Bosnien-Hercegovina. Det er et komplekst og rigt sprog med en lang historie og et unikt grammatiksystem. For eleverne er det vigtigt at forst\u00e5 de grundl\u00e6ggende aspekter af <a href=\"https:\/\/talkpal.ai\/da\/laer-kroatisk\/\">kroatisk grammatik<\/a> for at blive dygtige i sproget. Denne vejledning hj\u00e6lper dig med at navigere gennem de vigtigste grammatikemner som tider, verber, substantiver og mere i en r\u00e6kkef\u00f8lge, der letter din l\u00e6ringsproces og giver et st\u00e6rkt fundament for at mestre dette smukke sprog.<\/p>\n\n\n\n<h3 class=\"wp-block-heading\" id=\"h-1-nouns\">1. Substantiver:<\/h3>\n\n\n\n<p>Substantiver er den f\u00f8rste byggesten i ethvert sprog, og kroatiske substantiver har tre k\u00f8n &#8211; maskulinum, femininum og neutrum, som p\u00e5virker b\u00f8jningen og overensstemmelsen med adjektiver og pronominer. G\u00f8r dig bekendt med de forskellige k\u00f8n og deres respektive slutninger.<\/p>\n\n\n\n<h3 class=\"wp-block-heading\" id=\"h-2-articles\">2. Artikler:<\/h3>\n\n\n\n<p>Kroatisk har ikke artikler som &#8220;the&#8221; eller &#8220;a&#8221; p\u00e5 <a href=\"https:\/\/talkpal.ai\/learn-english-with-ai\/\">engelsk<\/a>, hvilket g\u00f8r det lettere for begyndere at begynde at konstruere enkle s\u00e6tninger uden at bekymre sig om artikelbrug.<\/p>\n\n\n\n<h3 class=\"wp-block-heading\" id=\"h-3-pronouns-determiners\">3. Pronomen\/determinere:<\/h3>\n\n\n\n<p>Pronomen <a href=\"https:\/\/talkpal.ai\/locations\/learn-french-in-bruges\/\">bruges<\/a> til at erstatte substantiver i s\u00e6tninger, mens determinere angiver specificiteten af et substantiv. L\u00e6r de forskellige typer pronomen (personlig, besiddende, demonstrativ osv.) og deres forkortelse i henhold til k\u00f8n, antal og sag.<\/p>\n\n\n\n<h3 class=\"wp-block-heading\" id=\"h-4-adjectives\">4. Adjektiver:<\/h3>\n\n\n\n<p>Adjektiver beskriver substantivernes kvaliteter, og de er enige med k\u00f8n, antal og tilf\u00e6lde af substantivet, de \u00e6ndrer. L\u00e6r de grundl\u00e6ggende former og forkortelsesm\u00f8nstre for adjektiver.<\/p>\n\n\n\n<h3 class=\"wp-block-heading\" id=\"h-5-verbs\">5. Udsagnsord:<\/h3>\n\n\n\n<p>Verb er kernen i enhver s\u00e6tning, der udtrykker handlinger eller tilstande. Kroatiske verber er b\u00f8jet efter tid, hum\u00f8r, stemme og person. Start med de mest almindelige regelm\u00e6ssige verb og deres b\u00f8jningsm\u00f8nstre i nutid.<\/p>\n\n\n\n<h3 class=\"wp-block-heading\" id=\"h-6-tenses\">6. Tider:<\/h3>\n\n\n\n<p>Kroatisk har syv tider &#8211; nutid, fremtid I, fremtid II, fortid, perfektum, aorist og imperfektum. Begynd med nutid og g\u00e5 derefter videre til fortid og fremtid, l\u00e6r b\u00f8jningsm\u00f8nstrene for hver.<\/p>\n\n\n\n<h3 class=\"wp-block-heading\" id=\"h-7-tense-comparison\">7. Ansp\u00e6ndt sammenligning:<\/h3>\n\n\n\n<p>At forst\u00e5 forskellene og lighederne mellem tiderne er afg\u00f8rende for at mestre kroatisk. Sammenlign tiderne og \u00f8v dig i at bruge dem i sammenh\u00e6ng.<\/p>\n\n\n\n<h3 class=\"wp-block-heading\" id=\"h-8-progressive\">8. Progressiv:<\/h3>\n\n\n\n<p>Det progressive aspekt udtrykker handlinger, der er igangv\u00e6rende eller kontinuerlige. Kroatisk har ikke en separat progressiv form som engelsk, men du kan formidle den progressive betydning ved hj\u00e6lp af specifikke verbformer, adverb eller konstruktioner.<\/p>\n\n\n\n<h3 class=\"wp-block-heading\" id=\"h-9-perfect-progressive\">9. Perfekt progressiv:<\/h3>\n\n\n\n<p>Dette aspekt kombinerer de perfekte og progressive betydninger. P\u00e5 kroatisk udtrykkes det ved at bruge den perfekte tid med en bestemt verbform eller konstruktion, der angiver kontinuerlig handling.<\/p>\n\n\n\n<h3 class=\"wp-block-heading\" id=\"h-10-adverbs\">10. Adverb:<\/h3>\n\n\n\n<p>Adverb \u00e6ndrer verb, adjektiver eller andre adverb, og de angiver normalt m\u00e5de, sted, tid eller grad. L\u00e6r de mest almindelige kroatiske adverb og deres placering i s\u00e6tninger.<\/p>\n\n\n\n<h3 class=\"wp-block-heading\" id=\"h-11-prepositions\">11. Pr\u00e6positioner:<\/h3>\n\n\n\n<p>Pr\u00e6positioner bruges til at angive forhold mellem ord, s\u00e5som placering, retning, tid eller besiddelse. L\u00e6r de mest almindelige kroatiske pr\u00e6positioner og de sager, de styrer.<\/p>\n\n\n\n<h3 class=\"wp-block-heading\" id=\"h-12-conditionals\">12. Betingelser:<\/h3>\n\n\n\n<p>Betingelser udtrykker hypotetiske situationer eller betingelser og deres konsekvenser. Kroatisk har tre typer af konditionaler &#8211; reelle, uvirkelige og blandede. L\u00e6r dannelsen og brugen af hver type.<\/p>\n\n\n\n<h3 class=\"wp-block-heading\" id=\"h-13-sentences\">13. S\u00e6tninger:<\/h3>\n\n\n\n<p>Til sidst skal du \u00f8ve dig i at kombinere alle de grammatiske elementer, du har l\u00e6rt, for at konstruere enkle og komplekse s\u00e6tninger p\u00e5 kroatisk. Dette vil hj\u00e6lpe dig med at udvikle din sprogf\u00e6rdighed og forst\u00e5else af kroatisk grammatik som helhed.<\/p>\n<\/div><\/div>\n\r\n<section class=\"learnNavigationSection\">\r\n            \r\n        <a href=\"https:\/\/talkpal.ai\/da\/laer-kroatisk\/\">\r\n            <div class=\"learnNavigationWrapper\">\r\n                <div class=\"learnNavigationContent\">\r\n                    <img decoding=\"async\" src=\"https:\/\/talkpal.ai\/wp-content\/uploads\/2024\/08\/Croatian.jpg\" alt=\"Croatian Flag\">\r\n                    <div>\r\n                        <h4>Om at l\u00e6re kroatisk<\/h4>\r\n                        <p>Find ud af alt om kroatisk grammatik.<\/p>\r\n                    <\/div>\r\n                <\/div>\r\n            <\/div>\r\n        <\/a>\r\n\r\n        \r\n        <a href=\"https:\/\/talkpal.ai\/da\/kroatisk-grammatik\/\">\r\n            <div class=\"learnNavigationWrapper\">\r\n                <div class=\"learnNavigationContent\">\r\n                    <img decoding=\"async\" src=\"https:\/\/talkpal.ai\/wp-content\/uploads\/2024\/08\/Croatian.jpg\" alt=\"Croatian Flag\">\r\n                    <div>\r\n                        <h4>Lektioner i kroatisk grammatik<\/h4>\r\n                        <p>\u00d8v kroatisk grammatik.<\/p>\r\n                    <\/div>\r\n                <\/div>\r\n            <\/div>\r\n        <\/a>\r\n\r\n        \r\n        <a href=\"https:\/\/talkpal.ai\/vocabulary_language\/croatian\/\">\r\n            <div class=\"learnNavigationWrapper\">\r\n                <div class=\"learnNavigationContent\">\r\n                    <img decoding=\"async\" src=\"https:\/\/talkpal.ai\/wp-content\/uploads\/2024\/08\/Croatian.jpg\" alt=\"Croatian Flag\">\r\n                    <div>\r\n                        <h4>Kroatisk ordforr\u00e5d<\/h4>\r\n                        <p>Udvid dit kroatiske ordforr\u00e5d.<\/p>\r\n                    <\/div>\r\n                <\/div>\r\n            <\/div>\r\n        <\/a>\r\n\r\n            <\/section>","protected":false},"excerpt":{"rendered":"<p>Kroatiske grammatik emner Kroatisk, et sydslavisk sprog, er det officielle sprog i Kroatien og et af de officielle sprog i Bosnien-Hercegovina. Det er et komplekst og rigt sprog med en lang historie og et unikt grammatiksystem. For eleverne er det vigtigt at forst\u00e5 de grundl\u00e6ggende aspekter af kroatisk grammatik for at blive dygtige i sproget. [&hellip;]<\/p>\n","protected":false},"author":6,"featured_media":110400,"parent":0,"menu_order":0,"comment_status":"closed","ping_status":"closed","template":"LearningContentPage.php","meta":{"_acf_changed":false,"footnotes":""},"class_list":["post-164226","page","type-page","status-publish","has-post-thumbnail","hentry"],"acf":[],"yoast_head":"<!-- This site is optimized with the Yoast SEO Premium plugin v27.2 (Yoast SEO v27.2) - https:\/\/yoast.com\/product\/yoast-seo-premium-wordpress\/ -->\n<title>Kroatiske grammatik\u00f8velser - Talkpal<\/title>\n<meta name=\"description\" content=\"F\u00e5 styr p\u00e5 kroatisk med effektive kroatiske grammatik\u00f8velser, der g\u00f8r det nemmere at l\u00e6re tider, verber og navneord.\" \/>\n<meta name=\"robots\" content=\"index, follow, max-snippet:-1, max-image-preview:large, max-video-preview:-1\" \/>\n<link rel=\"canonical\" href=\"https:\/\/talkpal.ai\/da\/kroatiske-grammatikoevelser\/\" \/>\n<meta property=\"og:locale\" content=\"da_DK\" \/>\n<meta property=\"og:type\" content=\"article\" \/>\n<meta property=\"og:title\" content=\"Kroatiske grammatik\u00f8velser\" \/>\n<meta property=\"og:description\" content=\"Kroatiske grammatik emner Kroatisk, et sydslavisk sprog, er det officielle sprog i Kroatien og et af de officielle sprog i Bosnien-Hercegovina. Det er et\" \/>\n<meta property=\"og:url\" content=\"https:\/\/talkpal.ai\/da\/kroatiske-grammatikoevelser\/\" \/>\n<meta property=\"og:site_name\" content=\"Talkpal\" \/>\n<meta property=\"article:publisher\" content=\"https:\/\/www.facebook.com\/profile.php?id=100090733639311\" \/>\n<meta property=\"article:modified_time\" content=\"2025-12-17T16:27:04+00:00\" \/>\n<meta property=\"og:image\" content=\"https:\/\/talkpal.ai\/wp-content\/uploads\/2023\/05\/croatia.png\" \/>\n\t<meta property=\"og:image:width\" content=\"512\" \/>\n\t<meta property=\"og:image:height\" content=\"512\" \/>\n\t<meta property=\"og:image:type\" content=\"image\/png\" \/>\n<meta name=\"twitter:card\" content=\"summary_large_image\" \/>\n<meta name=\"twitter:site\" content=\"@talkpalai\" \/>\n<meta name=\"twitter:label1\" content=\"Estimeret l\u00e6setid\" \/>\n\t<meta name=\"twitter:data1\" content=\"3 minutter\" \/>\n<script type=\"application\/ld+json\" class=\"yoast-schema-graph\">{\"@context\":\"https:\/\/schema.org\",\"@graph\":[{\"@type\":\"WebPage\",\"@id\":\"https:\/\/talkpal.ai\/da\/kroatiske-grammatikoevelser\/\",\"url\":\"https:\/\/talkpal.ai\/da\/kroatiske-grammatikoevelser\/\",\"name\":\"Kroatiske grammatik\u00f8velser - Talkpal\",\"isPartOf\":{\"@id\":\"https:\/\/talkpal.ai\/da\/#website\"},\"primaryImageOfPage\":{\"@id\":\"https:\/\/talkpal.ai\/da\/kroatiske-grammatikoevelser\/#primaryimage\"},\"image\":{\"@id\":\"https:\/\/talkpal.ai\/da\/kroatiske-grammatikoevelser\/#primaryimage\"},\"thumbnailUrl\":\"https:\/\/talkpal.ai\/wp-content\/uploads\/2023\/05\/croatia.png\",\"datePublished\":\"2023-06-16T13:02:09+00:00\",\"dateModified\":\"2025-12-17T16:27:04+00:00\",\"description\":\"F\u00e5 styr p\u00e5 kroatisk med effektive kroatiske grammatik\u00f8velser, der g\u00f8r det nemmere at l\u00e6re tider, verber og navneord.\",\"breadcrumb\":{\"@id\":\"https:\/\/talkpal.ai\/da\/kroatiske-grammatikoevelser\/#breadcrumb\"},\"inLanguage\":\"da-DK\",\"potentialAction\":[{\"@type\":\"ReadAction\",\"target\":[\"https:\/\/talkpal.ai\/da\/kroatiske-grammatikoevelser\/\"]}]},{\"@type\":\"ImageObject\",\"inLanguage\":\"da-DK\",\"@id\":\"https:\/\/talkpal.ai\/da\/kroatiske-grammatikoevelser\/#primaryimage\",\"url\":\"https:\/\/talkpal.ai\/wp-content\/uploads\/2023\/05\/croatia.png\",\"contentUrl\":\"https:\/\/talkpal.ai\/wp-content\/uploads\/2023\/05\/croatia.png\",\"width\":512,\"height\":512},{\"@type\":\"BreadcrumbList\",\"@id\":\"https:\/\/talkpal.ai\/da\/kroatiske-grammatikoevelser\/#breadcrumb\",\"itemListElement\":[{\"@type\":\"ListItem\",\"position\":1,\"name\":\"Homepage\",\"item\":\"https:\/\/talkpal.ai\/da\/\"},{\"@type\":\"ListItem\",\"position\":2,\"name\":\"Kroatiske grammatik\u00f8velser\"}]},{\"@type\":\"WebSite\",\"@id\":\"https:\/\/talkpal.ai\/da\/#website\",\"url\":\"https:\/\/talkpal.ai\/da\/\",\"name\":\"Talkpal\",\"description\":\"AI Language Learning\",\"publisher\":{\"@id\":\"https:\/\/talkpal.ai\/da\/#organization\"},\"alternateName\":\"Talkpal AI\",\"potentialAction\":[{\"@type\":\"SearchAction\",\"target\":{\"@type\":\"EntryPoint\",\"urlTemplate\":\"https:\/\/talkpal.ai\/da\/?s={search_term_string}\"},\"query-input\":{\"@type\":\"PropertyValueSpecification\",\"valueRequired\":true,\"valueName\":\"search_term_string\"}}],\"inLanguage\":\"da-DK\"},{\"@type\":\"Organization\",\"@id\":\"https:\/\/talkpal.ai\/da\/#organization\",\"name\":\"Talkpal, Inc.\",\"alternateName\":\"Talkpal AI\",\"url\":\"https:\/\/talkpal.ai\/da\/\",\"logo\":{\"@type\":\"ImageObject\",\"inLanguage\":\"da-DK\",\"@id\":\"https:\/\/talkpal.ai\/da\/#\/schema\/logo\/image\/\",\"url\":\"https:\/\/talkpal.ai\/wp-content\/uploads\/2024\/03\/Talkpal-Logo-Icon.png\",\"contentUrl\":\"https:\/\/talkpal.ai\/wp-content\/uploads\/2024\/03\/Talkpal-Logo-Icon.png\",\"width\":2880,\"height\":2880,\"caption\":\"Talkpal, Inc.\"},\"image\":{\"@id\":\"https:\/\/talkpal.ai\/da\/#\/schema\/logo\/image\/\"},\"sameAs\":[\"https:\/\/www.facebook.com\/profile.php?id=100090733639311\",\"https:\/\/x.com\/talkpalai\",\"https:\/\/www.linkedin.com\/company\/talkpal\/\",\"https:\/\/www.youtube.com\/@TalkPal\/\",\"https:\/\/www.tiktok.com\/@talkpal\",\"https:\/\/www.instagram.com\/talkpal_ai\/\",\"https:\/\/www.crunchbase.com\/organization\/talkpal-9cde\",\"https:\/\/www.g2.com\/products\/talkpal-for-business\/\",\"https:\/\/www.trustpilot.com\/review\/talkpal.ai\",\"https:\/\/www.capterra.com\/p\/10006800\/TalkPal\/\"],\"description\":\"Talkpal is a language learning web and mobile education app, powered by the latest AI technologies, that provides engaging experiences to its customers in many different languages to help them improve their language skills. Users can chat about unlimited amount of topics with the app and use other modes to practice their language learning.\",\"email\":\"support@talkpal.ai\",\"legalName\":\"Talkpal, Inc.\",\"foundingDate\":\"2023-04-03\",\"duns\":\"118989042\",\"numberOfEmployees\":{\"@type\":\"QuantitativeValue\",\"minValue\":\"11\",\"maxValue\":\"50\"},\"publishingPrinciples\":\"https:\/\/talkpal.ai\/publishing-principles\/\",\"actionableFeedbackPolicy\":\"https:\/\/talkpal.ai\/actionable-feedback-policy\/\",\"correctionsPolicy\":\"https:\/\/talkpal.ai\/corrections-policy\/\",\"ethicsPolicy\":\"https:\/\/talkpal.ai\/ethics-policy\/\",\"diversityPolicy\":\"https:\/\/talkpal.ai\/diversity-policy\/\",\"diversityStaffingReport\":\"https:\/\/talkpal.ai\/diversity-policy\/\"}]}<\/script>\n<!-- \/ Yoast SEO Premium plugin. -->","yoast_head_json":{"title":"Kroatiske grammatik\u00f8velser - Talkpal","description":"F\u00e5 styr p\u00e5 kroatisk med effektive kroatiske grammatik\u00f8velser, der g\u00f8r det nemmere at l\u00e6re tider, verber og navneord.","robots":{"index":"index","follow":"follow","max-snippet":"max-snippet:-1","max-image-preview":"max-image-preview:large","max-video-preview":"max-video-preview:-1"},"canonical":"https:\/\/talkpal.ai\/da\/kroatiske-grammatikoevelser\/","og_locale":"da_DK","og_type":"article","og_title":"Kroatiske grammatik\u00f8velser","og_description":"Kroatiske grammatik emner Kroatisk, et sydslavisk sprog, er det officielle sprog i Kroatien og et af de officielle sprog i Bosnien-Hercegovina. Det er et","og_url":"https:\/\/talkpal.ai\/da\/kroatiske-grammatikoevelser\/","og_site_name":"Talkpal","article_publisher":"https:\/\/www.facebook.com\/profile.php?id=100090733639311","article_modified_time":"2025-12-17T16:27:04+00:00","og_image":[{"width":512,"height":512,"url":"https:\/\/talkpal.ai\/wp-content\/uploads\/2023\/05\/croatia.png","type":"image\/png"}],"twitter_card":"summary_large_image","twitter_site":"@talkpalai","twitter_misc":{"Estimeret l\u00e6setid":"3 minutter"},"schema":{"@context":"https:\/\/schema.org","@graph":[{"@type":"WebPage","@id":"https:\/\/talkpal.ai\/da\/kroatiske-grammatikoevelser\/","url":"https:\/\/talkpal.ai\/da\/kroatiske-grammatikoevelser\/","name":"Kroatiske grammatik\u00f8velser - Talkpal","isPartOf":{"@id":"https:\/\/talkpal.ai\/da\/#website"},"primaryImageOfPage":{"@id":"https:\/\/talkpal.ai\/da\/kroatiske-grammatikoevelser\/#primaryimage"},"image":{"@id":"https:\/\/talkpal.ai\/da\/kroatiske-grammatikoevelser\/#primaryimage"},"thumbnailUrl":"https:\/\/talkpal.ai\/wp-content\/uploads\/2023\/05\/croatia.png","datePublished":"2023-06-16T13:02:09+00:00","dateModified":"2025-12-17T16:27:04+00:00","description":"F\u00e5 styr p\u00e5 kroatisk med effektive kroatiske grammatik\u00f8velser, der g\u00f8r det nemmere at l\u00e6re tider, verber og navneord.","breadcrumb":{"@id":"https:\/\/talkpal.ai\/da\/kroatiske-grammatikoevelser\/#breadcrumb"},"inLanguage":"da-DK","potentialAction":[{"@type":"ReadAction","target":["https:\/\/talkpal.ai\/da\/kroatiske-grammatikoevelser\/"]}]},{"@type":"ImageObject","inLanguage":"da-DK","@id":"https:\/\/talkpal.ai\/da\/kroatiske-grammatikoevelser\/#primaryimage","url":"https:\/\/talkpal.ai\/wp-content\/uploads\/2023\/05\/croatia.png","contentUrl":"https:\/\/talkpal.ai\/wp-content\/uploads\/2023\/05\/croatia.png","width":512,"height":512},{"@type":"BreadcrumbList","@id":"https:\/\/talkpal.ai\/da\/kroatiske-grammatikoevelser\/#breadcrumb","itemListElement":[{"@type":"ListItem","position":1,"name":"Homepage","item":"https:\/\/talkpal.ai\/da\/"},{"@type":"ListItem","position":2,"name":"Kroatiske grammatik\u00f8velser"}]},{"@type":"WebSite","@id":"https:\/\/talkpal.ai\/da\/#website","url":"https:\/\/talkpal.ai\/da\/","name":"Talkpal","description":"AI Language Learning","publisher":{"@id":"https:\/\/talkpal.ai\/da\/#organization"},"alternateName":"Talkpal AI","potentialAction":[{"@type":"SearchAction","target":{"@type":"EntryPoint","urlTemplate":"https:\/\/talkpal.ai\/da\/?s={search_term_string}"},"query-input":{"@type":"PropertyValueSpecification","valueRequired":true,"valueName":"search_term_string"}}],"inLanguage":"da-DK"},{"@type":"Organization","@id":"https:\/\/talkpal.ai\/da\/#organization","name":"Talkpal, Inc.","alternateName":"Talkpal AI","url":"https:\/\/talkpal.ai\/da\/","logo":{"@type":"ImageObject","inLanguage":"da-DK","@id":"https:\/\/talkpal.ai\/da\/#\/schema\/logo\/image\/","url":"https:\/\/talkpal.ai\/wp-content\/uploads\/2024\/03\/Talkpal-Logo-Icon.png","contentUrl":"https:\/\/talkpal.ai\/wp-content\/uploads\/2024\/03\/Talkpal-Logo-Icon.png","width":2880,"height":2880,"caption":"Talkpal, Inc."},"image":{"@id":"https:\/\/talkpal.ai\/da\/#\/schema\/logo\/image\/"},"sameAs":["https:\/\/www.facebook.com\/profile.php?id=100090733639311","https:\/\/x.com\/talkpalai","https:\/\/www.linkedin.com\/company\/talkpal\/","https:\/\/www.youtube.com\/@TalkPal\/","https:\/\/www.tiktok.com\/@talkpal","https:\/\/www.instagram.com\/talkpal_ai\/","https:\/\/www.crunchbase.com\/organization\/talkpal-9cde","https:\/\/www.g2.com\/products\/talkpal-for-business\/","https:\/\/www.trustpilot.com\/review\/talkpal.ai","https:\/\/www.capterra.com\/p\/10006800\/TalkPal\/"],"description":"Talkpal is a language learning web and mobile education app, powered by the latest AI technologies, that provides engaging experiences to its customers in many different languages to help them improve their language skills. Users can chat about unlimited amount of topics with the app and use other modes to practice their language learning.","email":"support@talkpal.ai","legalName":"Talkpal, Inc.","foundingDate":"2023-04-03","duns":"118989042","numberOfEmployees":{"@type":"QuantitativeValue","minValue":"11","maxValue":"50"},"publishingPrinciples":"https:\/\/talkpal.ai\/publishing-principles\/","actionableFeedbackPolicy":"https:\/\/talkpal.ai\/actionable-feedback-policy\/","correctionsPolicy":"https:\/\/talkpal.ai\/corrections-policy\/","ethicsPolicy":"https:\/\/talkpal.ai\/ethics-policy\/","diversityPolicy":"https:\/\/talkpal.ai\/diversity-policy\/","diversityStaffingReport":"https:\/\/talkpal.ai\/diversity-policy\/"}]}},"_links":{"self":[{"href":"https:\/\/talkpal.ai\/da\/wp-json\/wp\/v2\/pages\/164226","targetHints":{"allow":["GET"]}}],"collection":[{"href":"https:\/\/talkpal.ai\/da\/wp-json\/wp\/v2\/pages"}],"about":[{"href":"https:\/\/talkpal.ai\/da\/wp-json\/wp\/v2\/types\/page"}],"author":[{"embeddable":true,"href":"https:\/\/talkpal.ai\/da\/wp-json\/wp\/v2\/users\/6"}],"replies":[{"embeddable":true,"href":"https:\/\/talkpal.ai\/da\/wp-json\/wp\/v2\/comments?post=164226"}],"version-history":[{"count":0,"href":"https:\/\/talkpal.ai\/da\/wp-json\/wp\/v2\/pages\/164226\/revisions"}],"wp:featuredmedia":[{"embeddable":true,"href":"https:\/\/talkpal.ai\/da\/wp-json\/wp\/v2\/media\/110400"}],"wp:attachment":[{"href":"https:\/\/talkpal.ai\/da\/wp-json\/wp\/v2\/media?parent=164226"}],"curies":[{"name":"wp","href":"https:\/\/api.w.org\/{rel}","templated":true}]}}