{"id":162916,"date":"2023-06-21T14:01:18","date_gmt":"2023-06-21T14:01:18","guid":{"rendered":"http:\/\/talkpal.ai\/galiciske-grammatikoevelser\/"},"modified":"2025-12-17T16:03:05","modified_gmt":"2025-12-17T16:03:05","slug":"galiciske-grammatikoevelser","status":"publish","type":"page","link":"https:\/\/talkpal.ai\/da\/galiciske-grammatikoevelser\/","title":{"rendered":"Galiciske grammatik\u00f8velser"},"content":{"rendered":"\r\n\r\n\r\n<section class=\"languageChallengeSection\">\r\n    <div class=\"languageInfoWrapper\">\r\n        \r\n        <h1>Galiciske grammatik\u00f8velser<\/h1>\r\n        <p>\u00d8nsker du at forbedre dine galiciske sprogf\u00e6rdigheder? Grammatik\u00f8velser er en god m\u00e5de at f\u00e5 styr p\u00e5 s\u00e6tningsstruktur, verbalformer og de s\u00e6rlige kendetegn ved <a href=\"https:\/\/talkpal.ai\/learn-galician\/\">galicisk<\/a>. Begynd at arbejde med galicisk <a href=\"https:\/\/talkpal.ai\/fr\/les\/\">grammatik<\/a> i dag, og se din forst\u00e5else og selvtillid vokse for hver \u00f8velse!<\/p>\r\n\r\n                            <a class=\"getStartedHidden\" href=\"https:\/\/app.talkpal.ai\/da\/signup?lng=\">Kom i gang<\/a>\r\n        \r\n    <\/div>\r\n\r\n    <figure>\r\n    <img decoding=\"async\" width=\"768\" height=\"768\" src=\"https:\/\/talkpal.ai\/wp-content\/uploads\/2023\/06\/galician-768x768.png\" class=\"languageImage no-lazy\" alt=\"Language immersion powerful learning method\" fetchpriority=\"high\" sizes=\"(max-width: 768px) 150px, 768px\" srcset=\"https:\/\/talkpal.ai\/wp-content\/uploads\/2023\/06\/galician-768x768.png 768w, https:\/\/talkpal.ai\/wp-content\/uploads\/2023\/06\/galician-300x300.png 300w\" \/>\r\n    \r\n\r\n    <\/figure>\r\n\r\n            <a class=\"getStartedVisible\" href=\"https:\/\/app.talkpal.ai\/da\/signup?lng=\">Kom i gang<\/a>\r\n    \r\n<\/section>\r\n\r\n\r\n<!-- <section class=\"grammarSection\">\r\n    <div class=\"grammarLinks\">\r\n            <\/div>\r\n<\/section> -->\r\n\r\n\r\n\r\n\r\n<section class=\"promotionalBanner\">\r\n    <p class=\"promotionalText\">Den mest effektive m\u00e5de at l\u00e6re et <a href=\"https:\/\/talkpal.ai\/what-language-is-spoken-on-the-international-space-station\/\">sprog<\/a> p\u00e5<\/p>\r\n    <a class=\"promotionalLink\" href=\"https:\/\/app.talkpal.ai\/da\/signup?lng=\">Pr\u00f8v Talkpal gratis<\/a>\r\n<\/section>\n<div class=\"wp-block-group pageContainerStyle\"><div class=\"wp-block-group__inner-container is-layout-constrained wp-block-group-is-layout-constrained\">\n<h2 class=\"wp-block-heading\" id=\"h-galician-grammar-topics\">Galiciske grammatik emner<\/h2>\n\n\n\n<p><a href=\"https:\/\/talkpal.ai\/da\/laer-galicisk\/\">Galicisk grammatik<\/a> er studiet af den sproglige struktur, regler og komponenter i det galiciske sprog, et romansk sprog, der tales i den autonome region <a href=\"https:\/\/talkpal.ai\/learn-galician\/\">Galicien<\/a> i det nordvestlige Spanien. Galicisk grammatik deler et t\u00e6t forhold til <a href=\"https:\/\/talkpal.ai\/learn-portuguese\/\">portugisisk<\/a> og best\u00e5r af forskellige elementer, der hj\u00e6lper med dannelsen og forst\u00e5elsen af sproget, s\u00e5som verbb\u00f8jning, substantiv og adjektivaftale og brugen af artikler, pronomen, adverb og pr\u00e6positioner. At l\u00e6re galicisk grammatik p\u00e5 en struktureret m\u00e5de vil sikre en j\u00e6vn og effektiv l\u00e6ringsproces, samtidig med at der gives en dyb forst\u00e5else af dette rige og levende sprog.<\/p>\n\n\n\n<h3 class=\"wp-block-heading\" id=\"h-1-nouns\">1. Substantiver:<\/h3>\n\n\n\n<p>Begynd med at forst\u00e5 begrebet substantiver p\u00e5 galicisk, som er klassificeret i to k\u00f8n (maskulin og feminin) og kan v\u00e6re ental eller flertal. L\u00e6r hvordan du identificerer og bruger dem korrekt i s\u00e6tninger.<\/p>\n\n\n\n<h3 class=\"wp-block-heading\" id=\"h-2-articles\">2. Artikler:<\/h3>\n\n\n\n<p>Unders\u00f8g de bestemte og ubestemte artikler p\u00e5 galicisk, som stemmer overens i k\u00f8n og antal med de navneord, de ledsager. Dette vil hj\u00e6lpe med at danne s\u00e6tninger og grundl\u00e6ggende s\u00e6tninger mere effektivt.<\/p>\n\n\n\n<h3 class=\"wp-block-heading\" id=\"h-3-adjectives\">3. Adjektiver:<\/h3>\n\n\n\n<p>L\u00e6r om adjektiver p\u00e5 galicisk, som stemmer overens i k\u00f8n og antal med de navneord, de \u00e6ndrer. Forst\u00e5else af placerings- og aftalereglerne giver dig mulighed for at beskrive objekter og mennesker n\u00f8jagtigt.<\/p>\n\n\n\n<h3 class=\"wp-block-heading\" id=\"h-4-pronouns-determiners\">4. Pronomen\/determinere:<\/h3>\n\n\n\n<p>Unders\u00f8g de forskellige typer pronomen og determinere p\u00e5 galicisk, som kan erstatte eller angive substantiver i en s\u00e6tning. Dette inkluderer blandt andet personlige, demonstrative, besiddende og forh\u00f8rspronomen.<\/p>\n\n\n\n<h3 class=\"wp-block-heading\" id=\"h-5-verbs\">5. Udsagnsord:<\/h3>\n\n\n\n<p>Fokus p\u00e5 verbb\u00f8jning, som er et afg\u00f8rende aspekt af galicisk grammatik. L\u00e6r de forskellige tider og stemninger, og \u00f8v dig i at b\u00f8je regelm\u00e6ssige og uregelm\u00e6ssige verb.<\/p>\n\n\n\n<h3 class=\"wp-block-heading\" id=\"h-6-tense-comparison\">6. Ansp\u00e6ndt sammenligning:<\/h3>\n\n\n\n<p>Forst\u00e5 forskellene mellem de forskellige tider p\u00e5 galicisk, og l\u00e6r at bruge dem korrekt til at formidle den passende tidsreference i din tale eller skrivning.<\/p>\n\n\n\n<h3 class=\"wp-block-heading\" id=\"h-7-progressive\">7. Progressiv:<\/h3>\n\n\n\n<p>Unders\u00f8g det progressive aspekt p\u00e5 galicisk, hvilket indikerer en igangv\u00e6rende handling, og l\u00e6r at danne og bruge det med forskellige tider.<\/p>\n\n\n\n<h3 class=\"wp-block-heading\" id=\"h-8-perfect-progressive\">8. Perfekt progressiv:<\/h3>\n\n\n\n<p>L\u00e6r om det perfekte progressive aspekt, som kombinerer de perfekte og progressive aspekter for at udtrykke en handling, der har v\u00e6ret i gang og kan forts\u00e6tte i fremtiden.<\/p>\n\n\n\n<h3 class=\"wp-block-heading\" id=\"h-9-adverbs\">9. Adverb:<\/h3>\n\n\n\n<p>Udforsk galiciske adverb, som giver yderligere oplysninger om verb, adjektiver eller andre adverb. L\u00e6r de forskellige typer og deres placeringsregler i s\u00e6tninger.<\/p>\n\n\n\n<h3 class=\"wp-block-heading\" id=\"h-10-prepositions\">10. Pr\u00e6positioner:<\/h3>\n\n\n\n<p>Unders\u00f8g de forskellige pr\u00e6positioner p\u00e5 galicisk, som viser forholdet mellem elementer i en s\u00e6tning, s\u00e5som placering, retning, tid eller \u00e5rsag.<\/p>\n\n\n\n<h3 class=\"wp-block-heading\" id=\"h-11-conditionals\">11. Betingelser:<\/h3>\n\n\n\n<p>L\u00e6r om betingede s\u00e6tninger p\u00e5 galicisk, som udtrykker hypotetiske eller uvirkelige situationer og deres konsekvenser. Unders\u00f8g dannelsen og brugen af de forskellige typer betingelser.<\/p>\n\n\n\n<h3 class=\"wp-block-heading\" id=\"h-12-sentences\">12. S\u00e6tninger:<\/h3>\n\n\n\n<p>Endelig skal du \u00f8ve dig p\u00e5 at kombinere alle de tidligere l\u00e6rte grammatikkomponenter for at danne enkle og komplekse s\u00e6tninger p\u00e5 galicisk. Dette vil hj\u00e6lpe med at styrke din forst\u00e5else af sproget og opbygge din flydende.<\/p>\n<\/div><\/div>\n\r\n<section class=\"learnNavigationSection\">\r\n            \r\n        <a href=\"https:\/\/talkpal.ai\/da\/laer-galicisk\/\">\r\n            <div class=\"learnNavigationWrapper\">\r\n                <div class=\"learnNavigationContent\">\r\n                    <img decoding=\"async\" src=\"https:\/\/talkpal.ai\/wp-content\/uploads\/2024\/08\/Galician.jpg\" alt=\"Galicia Flag\">\r\n                    <div>\r\n                        <h4>Om galicisk l\u00e6ring<\/h4>\r\n                        <p>Find ud af alt om galicisk grammatik.<\/p>\r\n                    <\/div>\r\n                <\/div>\r\n            <\/div>\r\n        <\/a>\r\n\r\n        \r\n        <a href=\"https:\/\/talkpal.ai\/da\/galicisk-grammatik\/\">\r\n            <div class=\"learnNavigationWrapper\">\r\n                <div class=\"learnNavigationContent\">\r\n                    <img decoding=\"async\" src=\"https:\/\/talkpal.ai\/wp-content\/uploads\/2024\/08\/Galician.jpg\" alt=\"Galicia Flag\">\r\n                    <div>\r\n                        <h4>Lektioner i galicisk grammatik<\/h4>\r\n                        <p>\u00d8v galicisk grammatik.<\/p>\r\n                    <\/div>\r\n                <\/div>\r\n            <\/div>\r\n        <\/a>\r\n\r\n        \r\n        <a href=\"https:\/\/talkpal.ai\/vocabulary_language\/galician\/\">\r\n            <div class=\"learnNavigationWrapper\">\r\n                <div class=\"learnNavigationContent\">\r\n                    <img decoding=\"async\" src=\"https:\/\/talkpal.ai\/wp-content\/uploads\/2024\/08\/Galician.jpg\" alt=\"Galicia Flag\">\r\n                    <div>\r\n                        <h4>Galicisk ordforr\u00e5d<\/h4>\r\n                        <p>Udvid dit galiciske ordforr\u00e5d.<\/p>\r\n                    <\/div>\r\n                <\/div>\r\n            <\/div>\r\n        <\/a>\r\n\r\n            <\/section>","protected":false},"excerpt":{"rendered":"<p>Galiciske grammatik emner Galicisk grammatik er studiet af den sproglige struktur, regler og komponenter i det galiciske sprog, et romansk sprog, der tales i den autonome region Galicien i det nordvestlige Spanien. Galicisk grammatik deler et t\u00e6t forhold til portugisisk og best\u00e5r af forskellige elementer, der hj\u00e6lper med dannelsen og forst\u00e5elsen af sproget, s\u00e5som verbb\u00f8jning, [&hellip;]<\/p>\n","protected":false},"author":6,"featured_media":111990,"parent":0,"menu_order":0,"comment_status":"closed","ping_status":"closed","template":"LearningContentPage.php","meta":{"_acf_changed":false,"footnotes":""},"class_list":["post-162916","page","type-page","status-publish","has-post-thumbnail","hentry"],"acf":[],"yoast_head":"<!-- This site is optimized with the Yoast SEO Premium plugin v27.2 (Yoast SEO v27.2) - https:\/\/yoast.com\/product\/yoast-seo-premium-wordpress\/ -->\n<title>Galiciske grammatik\u00f8velser - Talkpal<\/title>\n<meta name=\"description\" content=\"\u00d8v dig nemt i galicisk grammatik - bliv hurtigt bedre, deltag i klare interaktive \u00f8velser, og f\u00e5 sproglig selvtillid\" \/>\n<meta name=\"robots\" content=\"index, follow, max-snippet:-1, max-image-preview:large, max-video-preview:-1\" \/>\n<link rel=\"canonical\" href=\"https:\/\/talkpal.ai\/da\/galiciske-grammatikoevelser\/\" \/>\n<meta property=\"og:locale\" content=\"da_DK\" \/>\n<meta property=\"og:type\" content=\"article\" \/>\n<meta property=\"og:title\" content=\"Galiciske grammatik\u00f8velser\" \/>\n<meta property=\"og:description\" content=\"Galiciske grammatik emner Galicisk grammatik er studiet af den sproglige struktur, regler og komponenter i det galiciske sprog, et romansk sprog, der\" \/>\n<meta property=\"og:url\" content=\"https:\/\/talkpal.ai\/da\/galiciske-grammatikoevelser\/\" \/>\n<meta property=\"og:site_name\" content=\"Talkpal\" \/>\n<meta property=\"article:publisher\" content=\"https:\/\/www.facebook.com\/profile.php?id=100090733639311\" \/>\n<meta property=\"article:modified_time\" content=\"2025-12-17T16:03:05+00:00\" \/>\n<meta property=\"og:image\" content=\"https:\/\/talkpal.ai\/wp-content\/uploads\/2023\/05\/Galician-spain.png\" \/>\n\t<meta property=\"og:image:width\" content=\"512\" \/>\n\t<meta property=\"og:image:height\" content=\"512\" \/>\n\t<meta property=\"og:image:type\" content=\"image\/png\" \/>\n<meta name=\"twitter:card\" content=\"summary_large_image\" \/>\n<meta name=\"twitter:site\" content=\"@talkpalai\" \/>\n<meta name=\"twitter:label1\" content=\"Estimeret l\u00e6setid\" \/>\n\t<meta name=\"twitter:data1\" content=\"2 minutter\" \/>\n<script type=\"application\/ld+json\" class=\"yoast-schema-graph\">{\"@context\":\"https:\/\/schema.org\",\"@graph\":[{\"@type\":\"WebPage\",\"@id\":\"https:\/\/talkpal.ai\/da\/galiciske-grammatikoevelser\/\",\"url\":\"https:\/\/talkpal.ai\/da\/galiciske-grammatikoevelser\/\",\"name\":\"Galiciske grammatik\u00f8velser - Talkpal\",\"isPartOf\":{\"@id\":\"https:\/\/talkpal.ai\/da\/#website\"},\"primaryImageOfPage\":{\"@id\":\"https:\/\/talkpal.ai\/da\/galiciske-grammatikoevelser\/#primaryimage\"},\"image\":{\"@id\":\"https:\/\/talkpal.ai\/da\/galiciske-grammatikoevelser\/#primaryimage\"},\"thumbnailUrl\":\"https:\/\/talkpal.ai\/wp-content\/uploads\/2023\/05\/Galician-spain.png\",\"datePublished\":\"2023-06-21T14:01:18+00:00\",\"dateModified\":\"2025-12-17T16:03:05+00:00\",\"description\":\"\u00d8v dig nemt i galicisk grammatik - bliv hurtigt bedre, deltag i klare interaktive \u00f8velser, og f\u00e5 sproglig selvtillid\",\"breadcrumb\":{\"@id\":\"https:\/\/talkpal.ai\/da\/galiciske-grammatikoevelser\/#breadcrumb\"},\"inLanguage\":\"da-DK\",\"potentialAction\":[{\"@type\":\"ReadAction\",\"target\":[\"https:\/\/talkpal.ai\/da\/galiciske-grammatikoevelser\/\"]}]},{\"@type\":\"ImageObject\",\"inLanguage\":\"da-DK\",\"@id\":\"https:\/\/talkpal.ai\/da\/galiciske-grammatikoevelser\/#primaryimage\",\"url\":\"https:\/\/talkpal.ai\/wp-content\/uploads\/2023\/05\/Galician-spain.png\",\"contentUrl\":\"https:\/\/talkpal.ai\/wp-content\/uploads\/2023\/05\/Galician-spain.png\",\"width\":512,\"height\":512},{\"@type\":\"BreadcrumbList\",\"@id\":\"https:\/\/talkpal.ai\/da\/galiciske-grammatikoevelser\/#breadcrumb\",\"itemListElement\":[{\"@type\":\"ListItem\",\"position\":1,\"name\":\"Homepage\",\"item\":\"https:\/\/talkpal.ai\/da\/\"},{\"@type\":\"ListItem\",\"position\":2,\"name\":\"Galiciske grammatik\u00f8velser\"}]},{\"@type\":\"WebSite\",\"@id\":\"https:\/\/talkpal.ai\/da\/#website\",\"url\":\"https:\/\/talkpal.ai\/da\/\",\"name\":\"Talkpal\",\"description\":\"AI Language Learning\",\"publisher\":{\"@id\":\"https:\/\/talkpal.ai\/da\/#organization\"},\"alternateName\":\"Talkpal AI\",\"potentialAction\":[{\"@type\":\"SearchAction\",\"target\":{\"@type\":\"EntryPoint\",\"urlTemplate\":\"https:\/\/talkpal.ai\/da\/?s={search_term_string}\"},\"query-input\":{\"@type\":\"PropertyValueSpecification\",\"valueRequired\":true,\"valueName\":\"search_term_string\"}}],\"inLanguage\":\"da-DK\"},{\"@type\":\"Organization\",\"@id\":\"https:\/\/talkpal.ai\/da\/#organization\",\"name\":\"Talkpal, Inc.\",\"alternateName\":\"Talkpal AI\",\"url\":\"https:\/\/talkpal.ai\/da\/\",\"logo\":{\"@type\":\"ImageObject\",\"inLanguage\":\"da-DK\",\"@id\":\"https:\/\/talkpal.ai\/da\/#\/schema\/logo\/image\/\",\"url\":\"https:\/\/talkpal.ai\/wp-content\/uploads\/2024\/03\/Talkpal-Logo-Icon.png\",\"contentUrl\":\"https:\/\/talkpal.ai\/wp-content\/uploads\/2024\/03\/Talkpal-Logo-Icon.png\",\"width\":2880,\"height\":2880,\"caption\":\"Talkpal, Inc.\"},\"image\":{\"@id\":\"https:\/\/talkpal.ai\/da\/#\/schema\/logo\/image\/\"},\"sameAs\":[\"https:\/\/www.facebook.com\/profile.php?id=100090733639311\",\"https:\/\/x.com\/talkpalai\",\"https:\/\/www.linkedin.com\/company\/talkpal\/\",\"https:\/\/www.youtube.com\/@TalkPal\/\",\"https:\/\/www.tiktok.com\/@talkpal\",\"https:\/\/www.instagram.com\/talkpal_ai\/\",\"https:\/\/www.crunchbase.com\/organization\/talkpal-9cde\",\"https:\/\/www.g2.com\/products\/talkpal-for-business\/\",\"https:\/\/www.trustpilot.com\/review\/talkpal.ai\",\"https:\/\/www.capterra.com\/p\/10006800\/TalkPal\/\"],\"description\":\"Talkpal is a language learning web and mobile education app, powered by the latest AI technologies, that provides engaging experiences to its customers in many different languages to help them improve their language skills. Users can chat about unlimited amount of topics with the app and use other modes to practice their language learning.\",\"email\":\"support@talkpal.ai\",\"legalName\":\"Talkpal, Inc.\",\"foundingDate\":\"2023-04-03\",\"duns\":\"118989042\",\"numberOfEmployees\":{\"@type\":\"QuantitativeValue\",\"minValue\":\"11\",\"maxValue\":\"50\"},\"publishingPrinciples\":\"https:\/\/talkpal.ai\/publishing-principles\/\",\"actionableFeedbackPolicy\":\"https:\/\/talkpal.ai\/actionable-feedback-policy\/\",\"correctionsPolicy\":\"https:\/\/talkpal.ai\/corrections-policy\/\",\"ethicsPolicy\":\"https:\/\/talkpal.ai\/ethics-policy\/\",\"diversityPolicy\":\"https:\/\/talkpal.ai\/diversity-policy\/\",\"diversityStaffingReport\":\"https:\/\/talkpal.ai\/diversity-policy\/\"}]}<\/script>\n<!-- \/ Yoast SEO Premium plugin. -->","yoast_head_json":{"title":"Galiciske grammatik\u00f8velser - Talkpal","description":"\u00d8v dig nemt i galicisk grammatik - bliv hurtigt bedre, deltag i klare interaktive \u00f8velser, og f\u00e5 sproglig selvtillid","robots":{"index":"index","follow":"follow","max-snippet":"max-snippet:-1","max-image-preview":"max-image-preview:large","max-video-preview":"max-video-preview:-1"},"canonical":"https:\/\/talkpal.ai\/da\/galiciske-grammatikoevelser\/","og_locale":"da_DK","og_type":"article","og_title":"Galiciske grammatik\u00f8velser","og_description":"Galiciske grammatik emner Galicisk grammatik er studiet af den sproglige struktur, regler og komponenter i det galiciske sprog, et romansk sprog, der","og_url":"https:\/\/talkpal.ai\/da\/galiciske-grammatikoevelser\/","og_site_name":"Talkpal","article_publisher":"https:\/\/www.facebook.com\/profile.php?id=100090733639311","article_modified_time":"2025-12-17T16:03:05+00:00","og_image":[{"width":512,"height":512,"url":"https:\/\/talkpal.ai\/wp-content\/uploads\/2023\/05\/Galician-spain.png","type":"image\/png"}],"twitter_card":"summary_large_image","twitter_site":"@talkpalai","twitter_misc":{"Estimeret l\u00e6setid":"2 minutter"},"schema":{"@context":"https:\/\/schema.org","@graph":[{"@type":"WebPage","@id":"https:\/\/talkpal.ai\/da\/galiciske-grammatikoevelser\/","url":"https:\/\/talkpal.ai\/da\/galiciske-grammatikoevelser\/","name":"Galiciske grammatik\u00f8velser - Talkpal","isPartOf":{"@id":"https:\/\/talkpal.ai\/da\/#website"},"primaryImageOfPage":{"@id":"https:\/\/talkpal.ai\/da\/galiciske-grammatikoevelser\/#primaryimage"},"image":{"@id":"https:\/\/talkpal.ai\/da\/galiciske-grammatikoevelser\/#primaryimage"},"thumbnailUrl":"https:\/\/talkpal.ai\/wp-content\/uploads\/2023\/05\/Galician-spain.png","datePublished":"2023-06-21T14:01:18+00:00","dateModified":"2025-12-17T16:03:05+00:00","description":"\u00d8v dig nemt i galicisk grammatik - bliv hurtigt bedre, deltag i klare interaktive \u00f8velser, og f\u00e5 sproglig selvtillid","breadcrumb":{"@id":"https:\/\/talkpal.ai\/da\/galiciske-grammatikoevelser\/#breadcrumb"},"inLanguage":"da-DK","potentialAction":[{"@type":"ReadAction","target":["https:\/\/talkpal.ai\/da\/galiciske-grammatikoevelser\/"]}]},{"@type":"ImageObject","inLanguage":"da-DK","@id":"https:\/\/talkpal.ai\/da\/galiciske-grammatikoevelser\/#primaryimage","url":"https:\/\/talkpal.ai\/wp-content\/uploads\/2023\/05\/Galician-spain.png","contentUrl":"https:\/\/talkpal.ai\/wp-content\/uploads\/2023\/05\/Galician-spain.png","width":512,"height":512},{"@type":"BreadcrumbList","@id":"https:\/\/talkpal.ai\/da\/galiciske-grammatikoevelser\/#breadcrumb","itemListElement":[{"@type":"ListItem","position":1,"name":"Homepage","item":"https:\/\/talkpal.ai\/da\/"},{"@type":"ListItem","position":2,"name":"Galiciske grammatik\u00f8velser"}]},{"@type":"WebSite","@id":"https:\/\/talkpal.ai\/da\/#website","url":"https:\/\/talkpal.ai\/da\/","name":"Talkpal","description":"AI Language Learning","publisher":{"@id":"https:\/\/talkpal.ai\/da\/#organization"},"alternateName":"Talkpal AI","potentialAction":[{"@type":"SearchAction","target":{"@type":"EntryPoint","urlTemplate":"https:\/\/talkpal.ai\/da\/?s={search_term_string}"},"query-input":{"@type":"PropertyValueSpecification","valueRequired":true,"valueName":"search_term_string"}}],"inLanguage":"da-DK"},{"@type":"Organization","@id":"https:\/\/talkpal.ai\/da\/#organization","name":"Talkpal, Inc.","alternateName":"Talkpal AI","url":"https:\/\/talkpal.ai\/da\/","logo":{"@type":"ImageObject","inLanguage":"da-DK","@id":"https:\/\/talkpal.ai\/da\/#\/schema\/logo\/image\/","url":"https:\/\/talkpal.ai\/wp-content\/uploads\/2024\/03\/Talkpal-Logo-Icon.png","contentUrl":"https:\/\/talkpal.ai\/wp-content\/uploads\/2024\/03\/Talkpal-Logo-Icon.png","width":2880,"height":2880,"caption":"Talkpal, Inc."},"image":{"@id":"https:\/\/talkpal.ai\/da\/#\/schema\/logo\/image\/"},"sameAs":["https:\/\/www.facebook.com\/profile.php?id=100090733639311","https:\/\/x.com\/talkpalai","https:\/\/www.linkedin.com\/company\/talkpal\/","https:\/\/www.youtube.com\/@TalkPal\/","https:\/\/www.tiktok.com\/@talkpal","https:\/\/www.instagram.com\/talkpal_ai\/","https:\/\/www.crunchbase.com\/organization\/talkpal-9cde","https:\/\/www.g2.com\/products\/talkpal-for-business\/","https:\/\/www.trustpilot.com\/review\/talkpal.ai","https:\/\/www.capterra.com\/p\/10006800\/TalkPal\/"],"description":"Talkpal is a language learning web and mobile education app, powered by the latest AI technologies, that provides engaging experiences to its customers in many different languages to help them improve their language skills. Users can chat about unlimited amount of topics with the app and use other modes to practice their language learning.","email":"support@talkpal.ai","legalName":"Talkpal, Inc.","foundingDate":"2023-04-03","duns":"118989042","numberOfEmployees":{"@type":"QuantitativeValue","minValue":"11","maxValue":"50"},"publishingPrinciples":"https:\/\/talkpal.ai\/publishing-principles\/","actionableFeedbackPolicy":"https:\/\/talkpal.ai\/actionable-feedback-policy\/","correctionsPolicy":"https:\/\/talkpal.ai\/corrections-policy\/","ethicsPolicy":"https:\/\/talkpal.ai\/ethics-policy\/","diversityPolicy":"https:\/\/talkpal.ai\/diversity-policy\/","diversityStaffingReport":"https:\/\/talkpal.ai\/diversity-policy\/"}]}},"_links":{"self":[{"href":"https:\/\/talkpal.ai\/da\/wp-json\/wp\/v2\/pages\/162916","targetHints":{"allow":["GET"]}}],"collection":[{"href":"https:\/\/talkpal.ai\/da\/wp-json\/wp\/v2\/pages"}],"about":[{"href":"https:\/\/talkpal.ai\/da\/wp-json\/wp\/v2\/types\/page"}],"author":[{"embeddable":true,"href":"https:\/\/talkpal.ai\/da\/wp-json\/wp\/v2\/users\/6"}],"replies":[{"embeddable":true,"href":"https:\/\/talkpal.ai\/da\/wp-json\/wp\/v2\/comments?post=162916"}],"version-history":[{"count":0,"href":"https:\/\/talkpal.ai\/da\/wp-json\/wp\/v2\/pages\/162916\/revisions"}],"wp:featuredmedia":[{"embeddable":true,"href":"https:\/\/talkpal.ai\/da\/wp-json\/wp\/v2\/media\/111990"}],"wp:attachment":[{"href":"https:\/\/talkpal.ai\/da\/wp-json\/wp\/v2\/media?parent=162916"}],"curies":[{"name":"wp","href":"https:\/\/api.w.org\/{rel}","templated":true}]}}