{"id":162641,"date":"2023-06-21T14:18:43","date_gmt":"2023-06-21T14:18:43","guid":{"rendered":"http:\/\/talkpal.ai\/graeske-grammatikoevelser\/"},"modified":"2025-12-17T16:05:25","modified_gmt":"2025-12-17T16:05:25","slug":"graeske-grammatikoevelser","status":"publish","type":"page","link":"https:\/\/talkpal.ai\/da\/graeske-grammatikoevelser\/","title":{"rendered":"Gr\u00e6ske grammatik\u00f8velser"},"content":{"rendered":"\r\n\r\n\r\n<section class=\"languageChallengeSection\">\r\n    <div class=\"languageInfoWrapper\">\r\n        \r\n        <h1>Gr\u00e6ske grammatik\u00f8velser<\/h1>\r\n        <p>Lad os g\u00f8re det sjovt og nemt at l\u00e6re <a href=\"https:\/\/talkpal.ai\/learn-greek\/\">gr\u00e6sk<\/a>! Pr\u00f8v disse enkle \u00f8velser for at \u00f8ve nogle af de grundl\u00e6ggende elementer i <a href=\"https:\/\/talkpal.ai\/da\/laer-graesk\/\">gr\u00e6sk grammatik<\/a> og kickstarte din sprogrejse.<\/p>\r\n\r\n                            <a class=\"getStartedHidden\" href=\"https:\/\/app.talkpal.ai\/da\/signup?lng=\">Kom i gang<\/a>\r\n        \r\n    <\/div>\r\n\r\n    <figure>\r\n    <img decoding=\"async\" width=\"768\" height=\"768\" src=\"https:\/\/talkpal.ai\/wp-content\/uploads\/2023\/06\/greek-768x768.png\" class=\"languageImage no-lazy\" alt=\"Language learning to boost personal capability\" fetchpriority=\"high\" sizes=\"(max-width: 768px) 150px, 768px\" srcset=\"https:\/\/talkpal.ai\/wp-content\/uploads\/2023\/06\/greek-768x768.png 768w, https:\/\/talkpal.ai\/wp-content\/uploads\/2023\/06\/greek-300x300.png 300w\" \/>\r\n    \r\n\r\n    <\/figure>\r\n\r\n            <a class=\"getStartedVisible\" href=\"https:\/\/app.talkpal.ai\/da\/signup?lng=\">Kom i gang<\/a>\r\n    \r\n<\/section>\r\n\r\n\r\n<!-- <section class=\"grammarSection\">\r\n    <div class=\"grammarLinks\">\r\n            <\/div>\r\n<\/section> -->\r\n\r\n\r\n\r\n\r\n<section class=\"promotionalBanner\">\r\n    <p class=\"promotionalText\">Den mest effektive m\u00e5de at l\u00e6re et <a href=\"https:\/\/talkpal.ai\/what-language-is-spoken-on-the-international-space-station\/\">sprog<\/a> p\u00e5<\/p>\r\n    <a class=\"promotionalLink\" href=\"https:\/\/app.talkpal.ai\/da\/signup?lng=\">Pr\u00f8v Talkpal gratis<\/a>\r\n<\/section>\n<div class=\"wp-block-group pageContainerStyle\"><div class=\"wp-block-group__inner-container is-layout-constrained wp-block-group-is-layout-constrained\">\n<h2 class=\"wp-block-heading\" id=\"h-greek-grammar-topics\">Gr\u00e6sk grammatik emner<\/h2>\n\n\n\n<p>At l\u00e6re gr\u00e6sk kan v\u00e6re en utrolig givende oplevelse, da det giver en gateway til en rig og forskelligartet kultur, litteratur og historie. Det gr\u00e6ske sprog har en unik grammatisk struktur, der kan v\u00e6re fascinerende at udforske. At g\u00f8re dig bekendt med <a href=\"https:\/\/talkpal.ai\/da\/laer-graesk\/\">gr\u00e6sk grammatik<\/a> er afg\u00f8rende for at <a href=\"https:\/\/talkpal.ai\/locations\/language-courses-in-mestre\/\">mestre<\/a> sproget, da det vil g\u00f8re det muligt for dig at kommunikere effektivt og pr\u00e6cist. Denne vejledning giver dig et overblik over nogle af de vigtigste gr\u00e6ske grammatikemner, grupperet i en r\u00e6kkef\u00f8lge, der er befordrende for at l\u00e6re sproget. Fra tider og verber til pr\u00e6positioner og s\u00e6tninger, denne guide vil s\u00e6tte dig p\u00e5 vej til at blive dygtig til gr\u00e6sk.<\/p>\n\n\n\n<h3 class=\"wp-block-heading\" id=\"h-1-nouns\">1. Substantiver:<\/h3>\n\n\n\n<p>Substantiver er byggestenene i ethvert sprog, og gr\u00e6sk er ingen undtagelse. De <a href=\"https:\/\/talkpal.ai\/locations\/learn-french-in-bruges\/\">bruges<\/a> til at repr\u00e6sentere mennesker, steder, ting eller ideer. P\u00e5 gr\u00e6sk har substantiver k\u00f8n (maskulin, feminin eller neutral), tal (ental eller flertal) og store og sm\u00e5 bogstaver (nominativ , genitiv, akkusativ eller vokativ). Forst\u00e5else af disse egenskaber og deres b\u00f8jninger er afg\u00f8rende for dannelse af s\u00e6tninger.<\/p>\n\n\n\n<h3 class=\"wp-block-heading\" id=\"h-2-articles\">2. Artikler:<\/h3>\n\n\n\n<p>Artikler p\u00e5 gr\u00e6sk er afg\u00f8rende for at specificere definitiviteten af et substantiv. De er enige med substantivet i k\u00f8n, antal og store bogstaver. Der er bestemte (svarende til &#8216;the&#8217;) og ubestemte (svarende til &#8216;a&#8217; eller &#8216;an&#8217;) artikler, som du skal l\u00e6re og bruge korrekt.<\/p>\n\n\n\n<h3 class=\"wp-block-heading\" id=\"h-3-adjectives\">3. Adjektiver:<\/h3>\n\n\n\n<p>Adjektiver beskriver eller \u00e6ndrer substantiver og giver yderligere oplysninger om deres kvaliteter eller egenskaber. P\u00e5 gr\u00e6sk stemmer adjektiver overens med de navneord, de \u00e6ndrer i k\u00f8n, antal og store og sm\u00e5 bogstaver, og har forskellige forkortelser afh\u00e6ngigt af disse egenskaber.<\/p>\n\n\n\n<h3 class=\"wp-block-heading\" id=\"h-4-pronouns-determiners\">4. Pronomen\/determinere:<\/h3>\n\n\n\n<p>Pronomen bruges til at erstatte substantiver, mens determinere specificerer eller kvantificerer dem. P\u00e5 gr\u00e6sk b\u00f8jes b\u00e5de pronomen og determinere for k\u00f8n, antal og kasus, ligesom substantiver og adjektiver. Nogle eksempler inkluderer personlige pronomen (jeg, du, han, hun osv.), Demonstrative pronomen (dette, det) og besiddende pronomen (min, din, hans, hende osv.).<\/p>\n\n\n\n<h3 class=\"wp-block-heading\" id=\"h-5-verbs\">5. Udsagnsord:<\/h3>\n\n\n\n<p>Verber udtrykker handlinger, forekomster eller tilstande. Gr\u00e6ske verb har forskellige former afh\u00e6ngigt af sp\u00e6nding, hum\u00f8r, stemme og person. Forst\u00e5else af de forskellige b\u00f8jninger, og hvordan de bruges, er afg\u00f8rende for at konstruere og forst\u00e5 s\u00e6tninger.<\/p>\n\n\n\n<h3 class=\"wp-block-heading\" id=\"h-6-tenses\">6. Tider:<\/h3>\n\n\n\n<p>Gr\u00e6sk har flere tider, s\u00e5som nutid, fortid og fremtid. Hver tid bruges til at angive tidspunktet for en handling, begivenhed eller tilstand. At l\u00e6re de forskellige tider og deres b\u00f8jninger vil hj\u00e6lpe dig med at udtrykke dig pr\u00e6cist og forst\u00e5 andre.<\/p>\n\n\n\n<h3 class=\"wp-block-heading\" id=\"h-7-tense-comparison\">7. Ansp\u00e6ndt sammenligning:<\/h3>\n\n\n\n<p>Sammenligning af tider p\u00e5 gr\u00e6sk er vigtig for at forst\u00e5 sprogets nuancer. Dette indeb\u00e6rer at l\u00e6re at udtrykke handlinger eller tilstande, der forekommer samtidigt, sekventielt eller betinget.<\/p>\n\n\n\n<h3 class=\"wp-block-heading\" id=\"h-8-progressive\">8. Progressiv:<\/h3>\n\n\n\n<p>Det progressive aspekt p\u00e5 gr\u00e6sk bruges til at angive igangv\u00e6rende eller kontinuerlige handlinger. At l\u00e6re at danne og bruge det progressive aspekt vil hj\u00e6lpe dig med at formidle handlinger, der sker i \u00f8jeblikket eller skete i fortiden.<\/p>\n\n\n\n<h3 class=\"wp-block-heading\" id=\"h-9-perfect-progressive\">9. Perfekt progressiv:<\/h3>\n\n\n\n<p>Det perfekte progressive aspekt p\u00e5 gr\u00e6sk kombinerer begreberne f\u00e6rdigg\u00f8relse og kontinuitet. Det bruges til at udtrykke handlinger eller stater, der begyndte i fortiden og fortsatte op til et bestemt tidspunkt.<\/p>\n\n\n\n<h3 class=\"wp-block-heading\" id=\"h-10-adverbs\">10. Adverb:<\/h3>\n\n\n\n<p>Adverb giver yderligere oplysninger om verb, adjektiver eller andre adverb. De kan udtrykke m\u00e5de, hyppighed, grad, tid eller sted. At l\u00e6re de forskellige typer adverb og deres korrekte placering i en s\u00e6tning vil forbedre din samlede flydende gr\u00e6sk.<\/p>\n\n\n\n<h3 class=\"wp-block-heading\" id=\"h-11-conditionals\">11. Betingelser:<\/h3>\n\n\n\n<p>Betingelser bruges til at udtrykke hypotetiske situationer og deres konsekvenser. Gr\u00e6sk har flere typer betingelser, herunder \u00e6gte, uvirkeligt og blandet. Forst\u00e5else og brug af betingelser er n\u00f8dvendig for at udtrykke komplekse tanker og ideer.<\/p>\n\n\n\n<h3 class=\"wp-block-heading\" id=\"h-12-prepositions\">12. Pr\u00e6positioner:<\/h3>\n\n\n\n<p>Pr\u00e6positioner er sm\u00e5 ord, der angiver forhold mellem substantiver, pronomen eller andre ord i en s\u00e6tning. De kan udtrykke placering, tid, retning, \u00e5rsag og mere. At l\u00e6re de forskellige pr\u00e6positioner og deres korrekte brug hj\u00e6lper dig med at danne mere pr\u00e6cise og sammenh\u00e6ngende s\u00e6tninger.<\/p>\n\n\n\n<h3 class=\"wp-block-heading\" id=\"h-13-sentences\">13. S\u00e6tninger:<\/h3>\n\n\n\n<p>Endelig er mastering af s\u00e6tningsstruktur afg\u00f8rende for at kommunikere effektivt p\u00e5 gr\u00e6sk. Dette indeb\u00e6rer forst\u00e5else af den korrekte ordr\u00e6kkef\u00f8lge og brugen af forskellige grammatiske elementer, s\u00e5som emne, verbum og objekt. Ved at l\u00e6re at konstruere forskellige typer s\u00e6tninger, vil du v\u00e6re godt p\u00e5 vej til at blive dygtig til gr\u00e6sk.<\/p>\n<\/div><\/div>\n\r\n<section class=\"learnNavigationSection\">\r\n            \r\n        <a href=\"https:\/\/talkpal.ai\/da\/laer-graesk\/\">\r\n            <div class=\"learnNavigationWrapper\">\r\n                <div class=\"learnNavigationContent\">\r\n                    <img decoding=\"async\" src=\"https:\/\/talkpal.ai\/wp-content\/uploads\/2024\/08\/Greek.jpg\" alt=\"Greek Flag\">\r\n                    <div>\r\n                        <h4>Om gr\u00e6sk l\u00e6ring<\/h4>\r\n                        <p>Find ud af alt om gr\u00e6sk grammatik.<\/p>\r\n                    <\/div>\r\n                <\/div>\r\n            <\/div>\r\n        <\/a>\r\n\r\n        \r\n        <a href=\"https:\/\/talkpal.ai\/da\/graesk-grammatik\/\">\r\n            <div class=\"learnNavigationWrapper\">\r\n                <div class=\"learnNavigationContent\">\r\n                    <img decoding=\"async\" src=\"https:\/\/talkpal.ai\/wp-content\/uploads\/2024\/08\/Greek.jpg\" alt=\"Greek Flag\">\r\n                    <div>\r\n                        <h4>Lektioner i gr\u00e6sk grammatik<\/h4>\r\n                        <p>\u00d8v gr\u00e6sk grammatik.<\/p>\r\n                    <\/div>\r\n                <\/div>\r\n            <\/div>\r\n        <\/a>\r\n\r\n        \r\n        <a href=\"https:\/\/talkpal.ai\/vocabulary_language\/greek\/\">\r\n            <div class=\"learnNavigationWrapper\">\r\n                <div class=\"learnNavigationContent\">\r\n                    <img decoding=\"async\" src=\"https:\/\/talkpal.ai\/wp-content\/uploads\/2024\/08\/Greek.jpg\" alt=\"Greek Flag\">\r\n                    <div>\r\n                        <h4>Gr\u00e6sk ordforr\u00e5d<\/h4>\r\n                        <p>Udvid dit gr\u00e6ske ordforr\u00e5d.<\/p>\r\n                    <\/div>\r\n                <\/div>\r\n            <\/div>\r\n        <\/a>\r\n\r\n            <\/section>","protected":false},"excerpt":{"rendered":"<p>Gr\u00e6sk grammatik emner At l\u00e6re gr\u00e6sk kan v\u00e6re en utrolig givende oplevelse, da det giver en gateway til en rig og forskelligartet kultur, litteratur og historie. Det gr\u00e6ske sprog har en unik grammatisk struktur, der kan v\u00e6re fascinerende at udforske. At g\u00f8re dig bekendt med gr\u00e6sk grammatik er afg\u00f8rende for at mestre sproget, da det [&hellip;]<\/p>\n","protected":false},"author":6,"featured_media":112714,"parent":0,"menu_order":0,"comment_status":"closed","ping_status":"closed","template":"LearningContentPage.php","meta":{"_acf_changed":false,"footnotes":""},"class_list":["post-162641","page","type-page","status-publish","has-post-thumbnail","hentry"],"acf":[],"yoast_head":"<!-- This site is optimized with the Yoast SEO Premium plugin v27.2 (Yoast SEO v27.2) - https:\/\/yoast.com\/product\/yoast-seo-premium-wordpress\/ -->\n<title>Gr\u00e6ske grammatik\u00f8velser - Talkpal<\/title>\n<meta name=\"description\" content=\"Forbedr nemt dine f\u00e6rdigheder i gr\u00e6sk grammatik - \u00f8v dig i interaktive \u00f8velser, bliv hurtigt bedre og opbyg selvtillid med Talkpal AI.\" \/>\n<meta name=\"robots\" content=\"index, follow, max-snippet:-1, max-image-preview:large, max-video-preview:-1\" \/>\n<link rel=\"canonical\" href=\"https:\/\/talkpal.ai\/da\/graeske-grammatikoevelser\/\" \/>\n<meta property=\"og:locale\" content=\"da_DK\" \/>\n<meta property=\"og:type\" content=\"article\" \/>\n<meta property=\"og:title\" content=\"Gr\u00e6ske grammatik\u00f8velser\" \/>\n<meta property=\"og:description\" content=\"Gr\u00e6sk grammatik emner At l\u00e6re gr\u00e6sk kan v\u00e6re en utrolig givende oplevelse, da det giver en gateway til en rig og forskelligartet kultur, litteratur og\" \/>\n<meta property=\"og:url\" content=\"https:\/\/talkpal.ai\/da\/graeske-grammatikoevelser\/\" \/>\n<meta property=\"og:site_name\" content=\"Talkpal\" \/>\n<meta property=\"article:publisher\" content=\"https:\/\/www.facebook.com\/profile.php?id=100090733639311\" \/>\n<meta property=\"article:modified_time\" content=\"2025-12-17T16:05:25+00:00\" \/>\n<meta property=\"og:image\" content=\"https:\/\/talkpal.ai\/wp-content\/uploads\/2023\/05\/greece.png\" \/>\n\t<meta property=\"og:image:width\" content=\"512\" \/>\n\t<meta property=\"og:image:height\" content=\"512\" \/>\n\t<meta property=\"og:image:type\" content=\"image\/png\" \/>\n<meta name=\"twitter:card\" content=\"summary_large_image\" \/>\n<meta name=\"twitter:site\" content=\"@talkpalai\" \/>\n<meta name=\"twitter:label1\" content=\"Estimeret l\u00e6setid\" \/>\n\t<meta name=\"twitter:data1\" content=\"4 minutter\" \/>\n<script type=\"application\/ld+json\" class=\"yoast-schema-graph\">{\"@context\":\"https:\/\/schema.org\",\"@graph\":[{\"@type\":\"WebPage\",\"@id\":\"https:\/\/talkpal.ai\/da\/graeske-grammatikoevelser\/\",\"url\":\"https:\/\/talkpal.ai\/da\/graeske-grammatikoevelser\/\",\"name\":\"Gr\u00e6ske grammatik\u00f8velser - Talkpal\",\"isPartOf\":{\"@id\":\"https:\/\/talkpal.ai\/da\/#website\"},\"primaryImageOfPage\":{\"@id\":\"https:\/\/talkpal.ai\/da\/graeske-grammatikoevelser\/#primaryimage\"},\"image\":{\"@id\":\"https:\/\/talkpal.ai\/da\/graeske-grammatikoevelser\/#primaryimage\"},\"thumbnailUrl\":\"https:\/\/talkpal.ai\/wp-content\/uploads\/2023\/05\/greece.png\",\"datePublished\":\"2023-06-21T14:18:43+00:00\",\"dateModified\":\"2025-12-17T16:05:25+00:00\",\"description\":\"Forbedr nemt dine f\u00e6rdigheder i gr\u00e6sk grammatik - \u00f8v dig i interaktive \u00f8velser, bliv hurtigt bedre og opbyg selvtillid med Talkpal AI.\",\"breadcrumb\":{\"@id\":\"https:\/\/talkpal.ai\/da\/graeske-grammatikoevelser\/#breadcrumb\"},\"inLanguage\":\"da-DK\",\"potentialAction\":[{\"@type\":\"ReadAction\",\"target\":[\"https:\/\/talkpal.ai\/da\/graeske-grammatikoevelser\/\"]}]},{\"@type\":\"ImageObject\",\"inLanguage\":\"da-DK\",\"@id\":\"https:\/\/talkpal.ai\/da\/graeske-grammatikoevelser\/#primaryimage\",\"url\":\"https:\/\/talkpal.ai\/wp-content\/uploads\/2023\/05\/greece.png\",\"contentUrl\":\"https:\/\/talkpal.ai\/wp-content\/uploads\/2023\/05\/greece.png\",\"width\":512,\"height\":512},{\"@type\":\"BreadcrumbList\",\"@id\":\"https:\/\/talkpal.ai\/da\/graeske-grammatikoevelser\/#breadcrumb\",\"itemListElement\":[{\"@type\":\"ListItem\",\"position\":1,\"name\":\"Homepage\",\"item\":\"https:\/\/talkpal.ai\/da\/\"},{\"@type\":\"ListItem\",\"position\":2,\"name\":\"Gr\u00e6ske grammatik\u00f8velser\"}]},{\"@type\":\"WebSite\",\"@id\":\"https:\/\/talkpal.ai\/da\/#website\",\"url\":\"https:\/\/talkpal.ai\/da\/\",\"name\":\"Talkpal\",\"description\":\"AI Language Learning\",\"publisher\":{\"@id\":\"https:\/\/talkpal.ai\/da\/#organization\"},\"alternateName\":\"Talkpal AI\",\"potentialAction\":[{\"@type\":\"SearchAction\",\"target\":{\"@type\":\"EntryPoint\",\"urlTemplate\":\"https:\/\/talkpal.ai\/da\/?s={search_term_string}\"},\"query-input\":{\"@type\":\"PropertyValueSpecification\",\"valueRequired\":true,\"valueName\":\"search_term_string\"}}],\"inLanguage\":\"da-DK\"},{\"@type\":\"Organization\",\"@id\":\"https:\/\/talkpal.ai\/da\/#organization\",\"name\":\"Talkpal, Inc.\",\"alternateName\":\"Talkpal AI\",\"url\":\"https:\/\/talkpal.ai\/da\/\",\"logo\":{\"@type\":\"ImageObject\",\"inLanguage\":\"da-DK\",\"@id\":\"https:\/\/talkpal.ai\/da\/#\/schema\/logo\/image\/\",\"url\":\"https:\/\/talkpal.ai\/wp-content\/uploads\/2024\/03\/Talkpal-Logo-Icon.png\",\"contentUrl\":\"https:\/\/talkpal.ai\/wp-content\/uploads\/2024\/03\/Talkpal-Logo-Icon.png\",\"width\":2880,\"height\":2880,\"caption\":\"Talkpal, Inc.\"},\"image\":{\"@id\":\"https:\/\/talkpal.ai\/da\/#\/schema\/logo\/image\/\"},\"sameAs\":[\"https:\/\/www.facebook.com\/profile.php?id=100090733639311\",\"https:\/\/x.com\/talkpalai\",\"https:\/\/www.linkedin.com\/company\/talkpal\/\",\"https:\/\/www.youtube.com\/@TalkPal\/\",\"https:\/\/www.tiktok.com\/@talkpal\",\"https:\/\/www.instagram.com\/talkpal_ai\/\",\"https:\/\/www.crunchbase.com\/organization\/talkpal-9cde\",\"https:\/\/www.g2.com\/products\/talkpal-for-business\/\",\"https:\/\/www.trustpilot.com\/review\/talkpal.ai\",\"https:\/\/www.capterra.com\/p\/10006800\/TalkPal\/\"],\"description\":\"Talkpal is a language learning web and mobile education app, powered by the latest AI technologies, that provides engaging experiences to its customers in many different languages to help them improve their language skills. Users can chat about unlimited amount of topics with the app and use other modes to practice their language learning.\",\"email\":\"support@talkpal.ai\",\"legalName\":\"Talkpal, Inc.\",\"foundingDate\":\"2023-04-03\",\"duns\":\"118989042\",\"numberOfEmployees\":{\"@type\":\"QuantitativeValue\",\"minValue\":\"11\",\"maxValue\":\"50\"},\"publishingPrinciples\":\"https:\/\/talkpal.ai\/publishing-principles\/\",\"actionableFeedbackPolicy\":\"https:\/\/talkpal.ai\/actionable-feedback-policy\/\",\"correctionsPolicy\":\"https:\/\/talkpal.ai\/corrections-policy\/\",\"ethicsPolicy\":\"https:\/\/talkpal.ai\/ethics-policy\/\",\"diversityPolicy\":\"https:\/\/talkpal.ai\/diversity-policy\/\",\"diversityStaffingReport\":\"https:\/\/talkpal.ai\/diversity-policy\/\"}]}<\/script>\n<!-- \/ Yoast SEO Premium plugin. -->","yoast_head_json":{"title":"Gr\u00e6ske grammatik\u00f8velser - Talkpal","description":"Forbedr nemt dine f\u00e6rdigheder i gr\u00e6sk grammatik - \u00f8v dig i interaktive \u00f8velser, bliv hurtigt bedre og opbyg selvtillid med Talkpal AI.","robots":{"index":"index","follow":"follow","max-snippet":"max-snippet:-1","max-image-preview":"max-image-preview:large","max-video-preview":"max-video-preview:-1"},"canonical":"https:\/\/talkpal.ai\/da\/graeske-grammatikoevelser\/","og_locale":"da_DK","og_type":"article","og_title":"Gr\u00e6ske grammatik\u00f8velser","og_description":"Gr\u00e6sk grammatik emner At l\u00e6re gr\u00e6sk kan v\u00e6re en utrolig givende oplevelse, da det giver en gateway til en rig og forskelligartet kultur, litteratur og","og_url":"https:\/\/talkpal.ai\/da\/graeske-grammatikoevelser\/","og_site_name":"Talkpal","article_publisher":"https:\/\/www.facebook.com\/profile.php?id=100090733639311","article_modified_time":"2025-12-17T16:05:25+00:00","og_image":[{"width":512,"height":512,"url":"https:\/\/talkpal.ai\/wp-content\/uploads\/2023\/05\/greece.png","type":"image\/png"}],"twitter_card":"summary_large_image","twitter_site":"@talkpalai","twitter_misc":{"Estimeret l\u00e6setid":"4 minutter"},"schema":{"@context":"https:\/\/schema.org","@graph":[{"@type":"WebPage","@id":"https:\/\/talkpal.ai\/da\/graeske-grammatikoevelser\/","url":"https:\/\/talkpal.ai\/da\/graeske-grammatikoevelser\/","name":"Gr\u00e6ske grammatik\u00f8velser - Talkpal","isPartOf":{"@id":"https:\/\/talkpal.ai\/da\/#website"},"primaryImageOfPage":{"@id":"https:\/\/talkpal.ai\/da\/graeske-grammatikoevelser\/#primaryimage"},"image":{"@id":"https:\/\/talkpal.ai\/da\/graeske-grammatikoevelser\/#primaryimage"},"thumbnailUrl":"https:\/\/talkpal.ai\/wp-content\/uploads\/2023\/05\/greece.png","datePublished":"2023-06-21T14:18:43+00:00","dateModified":"2025-12-17T16:05:25+00:00","description":"Forbedr nemt dine f\u00e6rdigheder i gr\u00e6sk grammatik - \u00f8v dig i interaktive \u00f8velser, bliv hurtigt bedre og opbyg selvtillid med Talkpal AI.","breadcrumb":{"@id":"https:\/\/talkpal.ai\/da\/graeske-grammatikoevelser\/#breadcrumb"},"inLanguage":"da-DK","potentialAction":[{"@type":"ReadAction","target":["https:\/\/talkpal.ai\/da\/graeske-grammatikoevelser\/"]}]},{"@type":"ImageObject","inLanguage":"da-DK","@id":"https:\/\/talkpal.ai\/da\/graeske-grammatikoevelser\/#primaryimage","url":"https:\/\/talkpal.ai\/wp-content\/uploads\/2023\/05\/greece.png","contentUrl":"https:\/\/talkpal.ai\/wp-content\/uploads\/2023\/05\/greece.png","width":512,"height":512},{"@type":"BreadcrumbList","@id":"https:\/\/talkpal.ai\/da\/graeske-grammatikoevelser\/#breadcrumb","itemListElement":[{"@type":"ListItem","position":1,"name":"Homepage","item":"https:\/\/talkpal.ai\/da\/"},{"@type":"ListItem","position":2,"name":"Gr\u00e6ske grammatik\u00f8velser"}]},{"@type":"WebSite","@id":"https:\/\/talkpal.ai\/da\/#website","url":"https:\/\/talkpal.ai\/da\/","name":"Talkpal","description":"AI Language Learning","publisher":{"@id":"https:\/\/talkpal.ai\/da\/#organization"},"alternateName":"Talkpal AI","potentialAction":[{"@type":"SearchAction","target":{"@type":"EntryPoint","urlTemplate":"https:\/\/talkpal.ai\/da\/?s={search_term_string}"},"query-input":{"@type":"PropertyValueSpecification","valueRequired":true,"valueName":"search_term_string"}}],"inLanguage":"da-DK"},{"@type":"Organization","@id":"https:\/\/talkpal.ai\/da\/#organization","name":"Talkpal, Inc.","alternateName":"Talkpal AI","url":"https:\/\/talkpal.ai\/da\/","logo":{"@type":"ImageObject","inLanguage":"da-DK","@id":"https:\/\/talkpal.ai\/da\/#\/schema\/logo\/image\/","url":"https:\/\/talkpal.ai\/wp-content\/uploads\/2024\/03\/Talkpal-Logo-Icon.png","contentUrl":"https:\/\/talkpal.ai\/wp-content\/uploads\/2024\/03\/Talkpal-Logo-Icon.png","width":2880,"height":2880,"caption":"Talkpal, Inc."},"image":{"@id":"https:\/\/talkpal.ai\/da\/#\/schema\/logo\/image\/"},"sameAs":["https:\/\/www.facebook.com\/profile.php?id=100090733639311","https:\/\/x.com\/talkpalai","https:\/\/www.linkedin.com\/company\/talkpal\/","https:\/\/www.youtube.com\/@TalkPal\/","https:\/\/www.tiktok.com\/@talkpal","https:\/\/www.instagram.com\/talkpal_ai\/","https:\/\/www.crunchbase.com\/organization\/talkpal-9cde","https:\/\/www.g2.com\/products\/talkpal-for-business\/","https:\/\/www.trustpilot.com\/review\/talkpal.ai","https:\/\/www.capterra.com\/p\/10006800\/TalkPal\/"],"description":"Talkpal is a language learning web and mobile education app, powered by the latest AI technologies, that provides engaging experiences to its customers in many different languages to help them improve their language skills. Users can chat about unlimited amount of topics with the app and use other modes to practice their language learning.","email":"support@talkpal.ai","legalName":"Talkpal, Inc.","foundingDate":"2023-04-03","duns":"118989042","numberOfEmployees":{"@type":"QuantitativeValue","minValue":"11","maxValue":"50"},"publishingPrinciples":"https:\/\/talkpal.ai\/publishing-principles\/","actionableFeedbackPolicy":"https:\/\/talkpal.ai\/actionable-feedback-policy\/","correctionsPolicy":"https:\/\/talkpal.ai\/corrections-policy\/","ethicsPolicy":"https:\/\/talkpal.ai\/ethics-policy\/","diversityPolicy":"https:\/\/talkpal.ai\/diversity-policy\/","diversityStaffingReport":"https:\/\/talkpal.ai\/diversity-policy\/"}]}},"_links":{"self":[{"href":"https:\/\/talkpal.ai\/da\/wp-json\/wp\/v2\/pages\/162641","targetHints":{"allow":["GET"]}}],"collection":[{"href":"https:\/\/talkpal.ai\/da\/wp-json\/wp\/v2\/pages"}],"about":[{"href":"https:\/\/talkpal.ai\/da\/wp-json\/wp\/v2\/types\/page"}],"author":[{"embeddable":true,"href":"https:\/\/talkpal.ai\/da\/wp-json\/wp\/v2\/users\/6"}],"replies":[{"embeddable":true,"href":"https:\/\/talkpal.ai\/da\/wp-json\/wp\/v2\/comments?post=162641"}],"version-history":[{"count":0,"href":"https:\/\/talkpal.ai\/da\/wp-json\/wp\/v2\/pages\/162641\/revisions"}],"wp:featuredmedia":[{"embeddable":true,"href":"https:\/\/talkpal.ai\/da\/wp-json\/wp\/v2\/media\/112714"}],"wp:attachment":[{"href":"https:\/\/talkpal.ai\/da\/wp-json\/wp\/v2\/media?parent=162641"}],"curies":[{"name":"wp","href":"https:\/\/api.w.org\/{rel}","templated":true}]}}