{"id":162073,"date":"2023-06-21T14:29:48","date_gmt":"2023-06-21T14:29:48","guid":{"rendered":"http:\/\/talkpal.ai\/ungarske-grammatikoevelser\/"},"modified":"2025-12-17T16:07:42","modified_gmt":"2025-12-17T16:07:42","slug":"ungarske-grammatikoevelser","status":"publish","type":"page","link":"https:\/\/talkpal.ai\/da\/ungarske-grammatikoevelser\/","title":{"rendered":"Ungarske grammatik\u00f8velser"},"content":{"rendered":"\r\n\r\n\r\n<section class=\"languageChallengeSection\">\r\n    <div class=\"languageInfoWrapper\">\r\n        \r\n        <h1>Ungarske grammatik\u00f8velser<\/h1>\r\n        <p>Er du klar til at styrke dine ungarske f\u00e6rdigheder? Grammatik\u00f8velser er en fantastisk m\u00e5de at f\u00e5 styr p\u00e5 ordstilling, verbernes endelser og den unikke struktur i ungarsk. Dyk ned i <a href=\"https:\/\/talkpal.ai\/sv\/grammar\/obestamd-artikel-i-ungarsk-grammatik\/\">ungarsk grammatik<\/a> i dag, og se din selvtillid og dit <a href=\"https:\/\/talkpal.ai\/what-language-is-spoken-on-the-international-space-station\/\">sprog<\/a> vokse for hver \u00f8velse!<\/p>\r\n\r\n                            <a class=\"getStartedHidden\" href=\"https:\/\/app.talkpal.ai\/da\/signup?lng=\">Kom i gang<\/a>\r\n        \r\n    <\/div>\r\n\r\n    <figure>\r\n    <img decoding=\"async\" width=\"768\" height=\"768\" src=\"https:\/\/talkpal.ai\/wp-content\/uploads\/2023\/06\/hungarian-768x768.png\" class=\"languageImage no-lazy\" alt=\"Language learning strategies for advanced learners\" fetchpriority=\"high\" sizes=\"(max-width: 768px) 150px, 768px\" srcset=\"https:\/\/talkpal.ai\/wp-content\/uploads\/2023\/06\/hungarian-768x768.png 768w, https:\/\/talkpal.ai\/wp-content\/uploads\/2023\/06\/hungarian-300x300.png 300w\" \/>\r\n    \r\n\r\n    <\/figure>\r\n\r\n            <a class=\"getStartedVisible\" href=\"https:\/\/app.talkpal.ai\/da\/signup?lng=\">Kom i gang<\/a>\r\n    \r\n<\/section>\r\n\r\n\r\n<!-- <section class=\"grammarSection\">\r\n    <div class=\"grammarLinks\">\r\n            <\/div>\r\n<\/section> -->\r\n\r\n\r\n\r\n\r\n<section class=\"promotionalBanner\">\r\n    <p class=\"promotionalText\">Den mest effektive m\u00e5de at l\u00e6re et sprog p\u00e5<\/p>\r\n    <a class=\"promotionalLink\" href=\"https:\/\/app.talkpal.ai\/da\/signup?lng=\">Pr\u00f8v Talkpal gratis<\/a>\r\n<\/section>\n<div class=\"wp-block-group pageContainerStyle\"><div class=\"wp-block-group__inner-container is-layout-constrained wp-block-group-is-layout-constrained\">\n<h2 class=\"wp-block-heading\" id=\"h-hungarian-grammar-topics\">Ungarsk grammatik emner<\/h2>\n\n\n\n<p>At l\u00e6re et nyt sprog kan v\u00e6re en sp\u00e6ndende og givende oplevelse. Det kan dog ogs\u00e5 v\u00e6re ret overv\u00e6ldende, is\u00e6r n\u00e5r det kommer til at forst\u00e5 og <a href=\"https:\/\/talkpal.ai\/locations\/language-courses-in-mestre\/\">mestre<\/a> grammatiske emner. En velstruktureret tilgang til at l\u00e6re <a href=\"https:\/\/talkpal.ai\/fr\/les\/\">grammatik<\/a> er afg\u00f8rende for succes med at erhverve et nyt sprog. I denne vejledning har vi grupperet grammatikemner i en r\u00e6kkef\u00f8lge, der hj\u00e6lper dig med at l\u00e6re sproget mere effektivt. Ved at forst\u00e5 og mestre disse emner vil du v\u00e6re godt p\u00e5 vej til at blive dygtig p\u00e5 dit m\u00e5lsprog.<\/p>\n\n\n\n<h3 class=\"wp-block-heading\" id=\"h-1-nouns-and-articles\">1. Substantiver og artikler<\/h3>\n\n\n\n<p>Begynd din sprogindl\u00e6ringsrejse ved at forst\u00e5 det grundl\u00e6ggende i navneord og artikler. Substantiver er ord, der repr\u00e6senterer mennesker, steder, ting eller ideer. Artikler <a href=\"https:\/\/talkpal.ai\/locations\/learn-french-in-bruges\/\">bruges<\/a> til at angive specificiteten af et substantiv. At l\u00e6re disse vil hj\u00e6lpe dig med at danne enkle s\u00e6tninger og forst\u00e5 sprogets struktur.<\/p>\n\n\n\n<h3 class=\"wp-block-heading\" id=\"h-2-pronouns-determiners\">2. Pronomen\/determinere<\/h3>\n\n\n\n<p>Pronomener erstatter substantiver i en s\u00e6tning og hj\u00e6lper med at undg\u00e5 gentagelser, mens determinanter giver information om et substantivs m\u00e6ngde eller bestemthed. Mastering af disse emner vil forbedre din flydende og forst\u00e5else.<\/p>\n\n\n\n<h3 class=\"wp-block-heading\" id=\"h-3-adjectives-and-adverbs\">3. Adjektiver og adverb<\/h3>\n\n\n\n<p>Adjektiver beskriver substantiver, mens adverb \u00e6ndrer verb, adjektiver eller andre adverb. Ved at l\u00e6re disse kan du tilf\u00f8je flere detaljer og klarhed til dine s\u00e6tninger, hvilket g\u00f8r dine sprogf\u00e6rdigheder mere udtryksfulde og engagerende.<\/p>\n\n\n\n<h3 class=\"wp-block-heading\" id=\"h-4-verbs-tenses-and-tense-comparison\">4. Sammenligning af verb, tider og sp\u00e6nding<\/h3>\n\n\n\n<p>Verb formidler handlinger eller tilstande af v\u00e6ren, og tider angiver det tidspunkt, hvor en handling finder sted. Forst\u00e5else af sp\u00e6ndt sammenligning giver dig mulighed for at diskutere tidligere, nuv\u00e6rende og fremtidige handlinger n\u00f8jagtigt.<\/p>\n\n\n\n<h3 class=\"wp-block-heading\" id=\"h-5-progressive-and-perfect-progressive\">5. Progressiv og perfekt progressiv<\/h3>\n\n\n\n<p>Den progressive tid fokuserer p\u00e5 igangv\u00e6rende handlinger, mens den perfekte progressive tid understreger varigheden af en handling op til et bestemt tidspunkt. Disse tider forbedrer din evne til at udtrykke komplekse tanker og ideer p\u00e5 sproget.<\/p>\n\n\n\n<h3 class=\"wp-block-heading\" id=\"h-6-conditionals\">6. Betingelser<\/h3>\n\n\n\n<p>Betingelser beskriver hypotetiske eller mulige situationer og deres konsekvenser. Beherskelse af konditionaliteter hj\u00e6lper dig med at udtrykke mere nuancerede og detaljerede tanker p\u00e5 dit m\u00e5lsprog.<\/p>\n\n\n\n<h3 class=\"wp-block-heading\" id=\"h-7-prepositions\">7. Pr\u00e6positioner<\/h3>\n\n\n\n<p>Pr\u00e6positioner viser relationer mellem ord i en s\u00e6tning, s\u00e5som placering, retning eller tid. Disse sm\u00e5 ord spiller en v\u00e6sentlig rolle i udformningen af betydningen af en s\u00e6tning.<\/p>\n\n\n\n<h3 class=\"wp-block-heading\" id=\"h-8-sentences\">8. S\u00e6tninger<\/h3>\n\n\n\n<p>Endelig er forst\u00e5else af s\u00e6tningsstruktur og at v\u00e6re i stand til at konstruere forskellige typer s\u00e6tninger afg\u00f8rende for klar og effektiv kommunikation p\u00e5 ethvert sprog. L\u00e6r at danne enkle, sammensatte og komplekse s\u00e6tninger, og \u00f8v dig i at bruge forskellige s\u00e6tningsstrukturer til at formidle dine tanker n\u00f8jagtigt.<\/p>\n<\/div><\/div>\n\r\n<section class=\"learnNavigationSection\">\r\n            \r\n        <a href=\"https:\/\/talkpal.ai\/da\/laer-ungarsk\/\">\r\n            <div class=\"learnNavigationWrapper\">\r\n                <div class=\"learnNavigationContent\">\r\n                    <img decoding=\"async\" src=\"https:\/\/talkpal.ai\/wp-content\/uploads\/2024\/08\/Hungarian.jpg\" alt=\"Hungarian Flag\">\r\n                    <div>\r\n                        <h4>Om ungarsk l\u00e6ring<\/h4>\r\n                        <p>Find ud af alt om ungarsk grammatik.<\/p>\r\n                    <\/div>\r\n                <\/div>\r\n            <\/div>\r\n        <\/a>\r\n\r\n        \r\n        <a href=\"https:\/\/talkpal.ai\/da\/ungarsk-grammatik\/\">\r\n            <div class=\"learnNavigationWrapper\">\r\n                <div class=\"learnNavigationContent\">\r\n                    <img decoding=\"async\" src=\"https:\/\/talkpal.ai\/wp-content\/uploads\/2024\/08\/Hungarian.jpg\" alt=\"Hungarian Flag\">\r\n                    <div>\r\n                        <h4>Lektioner i ungarsk grammatik<\/h4>\r\n                        <p>\u00d8v ungarsk grammatik.<\/p>\r\n                    <\/div>\r\n                <\/div>\r\n            <\/div>\r\n        <\/a>\r\n\r\n        \r\n        <a href=\"https:\/\/talkpal.ai\/vocabulary_language\/hungarian\/\">\r\n            <div class=\"learnNavigationWrapper\">\r\n                <div class=\"learnNavigationContent\">\r\n                    <img decoding=\"async\" src=\"https:\/\/talkpal.ai\/wp-content\/uploads\/2024\/08\/Hungarian.jpg\" alt=\"Hungarian Flag\">\r\n                    <div>\r\n                        <h4>Ungarsk ordforr\u00e5d<\/h4>\r\n                        <p>Udvid dit ungarske ordforr\u00e5d.<\/p>\r\n                    <\/div>\r\n                <\/div>\r\n            <\/div>\r\n        <\/a>\r\n\r\n            <\/section>","protected":false},"excerpt":{"rendered":"<p>Ungarsk grammatik emner At l\u00e6re et nyt sprog kan v\u00e6re en sp\u00e6ndende og givende oplevelse. Det kan dog ogs\u00e5 v\u00e6re ret overv\u00e6ldende, is\u00e6r n\u00e5r det kommer til at forst\u00e5 og mestre grammatiske emner. En velstruktureret tilgang til at l\u00e6re grammatik er afg\u00f8rende for succes med at erhverve et nyt sprog. I denne vejledning har vi [&hellip;]<\/p>\n","protected":false},"author":6,"featured_media":113196,"parent":0,"menu_order":0,"comment_status":"closed","ping_status":"closed","template":"LearningContentPage.php","meta":{"_acf_changed":false,"footnotes":""},"class_list":["post-162073","page","type-page","status-publish","has-post-thumbnail","hentry"],"acf":[],"yoast_head":"<!-- This site is optimized with the Yoast SEO Premium plugin v27.2 (Yoast SEO v27.2) - https:\/\/yoast.com\/product\/yoast-seo-premium-wordpress\/ -->\n<title>Ungarske grammatik\u00f8velser - Talkpal<\/title>\n<meta name=\"description\" content=\"\u00d8g nemt dine ungarske grammatikf\u00e6rdigheder - gennemf\u00f8r praktiske \u00f8velser, interaktiv tr\u00e6ning og modtag personlig feedback\" \/>\n<meta name=\"robots\" content=\"index, follow, max-snippet:-1, max-image-preview:large, max-video-preview:-1\" \/>\n<link rel=\"canonical\" href=\"https:\/\/talkpal.ai\/da\/ungarske-grammatikoevelser\/\" \/>\n<meta property=\"og:locale\" content=\"da_DK\" \/>\n<meta property=\"og:type\" content=\"article\" \/>\n<meta property=\"og:title\" content=\"Ungarske grammatik\u00f8velser\" \/>\n<meta property=\"og:description\" content=\"Ungarsk grammatik emner At l\u00e6re et nyt sprog kan v\u00e6re en sp\u00e6ndende og givende oplevelse. Det kan dog ogs\u00e5 v\u00e6re ret overv\u00e6ldende, is\u00e6r n\u00e5r det kommer til\" \/>\n<meta property=\"og:url\" content=\"https:\/\/talkpal.ai\/da\/ungarske-grammatikoevelser\/\" \/>\n<meta property=\"og:site_name\" content=\"Talkpal\" \/>\n<meta property=\"article:publisher\" content=\"https:\/\/www.facebook.com\/profile.php?id=100090733639311\" \/>\n<meta property=\"article:modified_time\" content=\"2025-12-17T16:07:42+00:00\" \/>\n<meta property=\"og:image\" content=\"https:\/\/talkpal.ai\/wp-content\/uploads\/2023\/05\/Hungarian.png\" \/>\n\t<meta property=\"og:image:width\" content=\"512\" \/>\n\t<meta property=\"og:image:height\" content=\"512\" \/>\n\t<meta property=\"og:image:type\" content=\"image\/png\" \/>\n<meta name=\"twitter:card\" content=\"summary_large_image\" \/>\n<meta name=\"twitter:site\" content=\"@talkpalai\" \/>\n<meta name=\"twitter:label1\" content=\"Estimeret l\u00e6setid\" \/>\n\t<meta name=\"twitter:data1\" content=\"2 minutter\" \/>\n<script type=\"application\/ld+json\" class=\"yoast-schema-graph\">{\"@context\":\"https:\/\/schema.org\",\"@graph\":[{\"@type\":\"WebPage\",\"@id\":\"https:\/\/talkpal.ai\/da\/ungarske-grammatikoevelser\/\",\"url\":\"https:\/\/talkpal.ai\/da\/ungarske-grammatikoevelser\/\",\"name\":\"Ungarske grammatik\u00f8velser - Talkpal\",\"isPartOf\":{\"@id\":\"https:\/\/talkpal.ai\/da\/#website\"},\"primaryImageOfPage\":{\"@id\":\"https:\/\/talkpal.ai\/da\/ungarske-grammatikoevelser\/#primaryimage\"},\"image\":{\"@id\":\"https:\/\/talkpal.ai\/da\/ungarske-grammatikoevelser\/#primaryimage\"},\"thumbnailUrl\":\"https:\/\/talkpal.ai\/wp-content\/uploads\/2023\/05\/Hungarian.png\",\"datePublished\":\"2023-06-21T14:29:48+00:00\",\"dateModified\":\"2025-12-17T16:07:42+00:00\",\"description\":\"\u00d8g nemt dine ungarske grammatikf\u00e6rdigheder - gennemf\u00f8r praktiske \u00f8velser, interaktiv tr\u00e6ning og modtag personlig feedback\",\"breadcrumb\":{\"@id\":\"https:\/\/talkpal.ai\/da\/ungarske-grammatikoevelser\/#breadcrumb\"},\"inLanguage\":\"da-DK\",\"potentialAction\":[{\"@type\":\"ReadAction\",\"target\":[\"https:\/\/talkpal.ai\/da\/ungarske-grammatikoevelser\/\"]}]},{\"@type\":\"ImageObject\",\"inLanguage\":\"da-DK\",\"@id\":\"https:\/\/talkpal.ai\/da\/ungarske-grammatikoevelser\/#primaryimage\",\"url\":\"https:\/\/talkpal.ai\/wp-content\/uploads\/2023\/05\/Hungarian.png\",\"contentUrl\":\"https:\/\/talkpal.ai\/wp-content\/uploads\/2023\/05\/Hungarian.png\",\"width\":512,\"height\":512},{\"@type\":\"BreadcrumbList\",\"@id\":\"https:\/\/talkpal.ai\/da\/ungarske-grammatikoevelser\/#breadcrumb\",\"itemListElement\":[{\"@type\":\"ListItem\",\"position\":1,\"name\":\"Homepage\",\"item\":\"https:\/\/talkpal.ai\/da\/\"},{\"@type\":\"ListItem\",\"position\":2,\"name\":\"Ungarske grammatik\u00f8velser\"}]},{\"@type\":\"WebSite\",\"@id\":\"https:\/\/talkpal.ai\/da\/#website\",\"url\":\"https:\/\/talkpal.ai\/da\/\",\"name\":\"Talkpal\",\"description\":\"AI Language Learning\",\"publisher\":{\"@id\":\"https:\/\/talkpal.ai\/da\/#organization\"},\"alternateName\":\"Talkpal AI\",\"potentialAction\":[{\"@type\":\"SearchAction\",\"target\":{\"@type\":\"EntryPoint\",\"urlTemplate\":\"https:\/\/talkpal.ai\/da\/?s={search_term_string}\"},\"query-input\":{\"@type\":\"PropertyValueSpecification\",\"valueRequired\":true,\"valueName\":\"search_term_string\"}}],\"inLanguage\":\"da-DK\"},{\"@type\":\"Organization\",\"@id\":\"https:\/\/talkpal.ai\/da\/#organization\",\"name\":\"Talkpal, Inc.\",\"alternateName\":\"Talkpal AI\",\"url\":\"https:\/\/talkpal.ai\/da\/\",\"logo\":{\"@type\":\"ImageObject\",\"inLanguage\":\"da-DK\",\"@id\":\"https:\/\/talkpal.ai\/da\/#\/schema\/logo\/image\/\",\"url\":\"https:\/\/talkpal.ai\/wp-content\/uploads\/2024\/03\/Talkpal-Logo-Icon.png\",\"contentUrl\":\"https:\/\/talkpal.ai\/wp-content\/uploads\/2024\/03\/Talkpal-Logo-Icon.png\",\"width\":2880,\"height\":2880,\"caption\":\"Talkpal, Inc.\"},\"image\":{\"@id\":\"https:\/\/talkpal.ai\/da\/#\/schema\/logo\/image\/\"},\"sameAs\":[\"https:\/\/www.facebook.com\/profile.php?id=100090733639311\",\"https:\/\/x.com\/talkpalai\",\"https:\/\/www.linkedin.com\/company\/talkpal\/\",\"https:\/\/www.youtube.com\/@TalkPal\/\",\"https:\/\/www.tiktok.com\/@talkpal\",\"https:\/\/www.instagram.com\/talkpal_ai\/\",\"https:\/\/www.crunchbase.com\/organization\/talkpal-9cde\",\"https:\/\/www.g2.com\/products\/talkpal-for-business\/\",\"https:\/\/www.trustpilot.com\/review\/talkpal.ai\",\"https:\/\/www.capterra.com\/p\/10006800\/TalkPal\/\"],\"description\":\"Talkpal is a language learning web and mobile education app, powered by the latest AI technologies, that provides engaging experiences to its customers in many different languages to help them improve their language skills. Users can chat about unlimited amount of topics with the app and use other modes to practice their language learning.\",\"email\":\"support@talkpal.ai\",\"legalName\":\"Talkpal, Inc.\",\"foundingDate\":\"2023-04-03\",\"duns\":\"118989042\",\"numberOfEmployees\":{\"@type\":\"QuantitativeValue\",\"minValue\":\"11\",\"maxValue\":\"50\"},\"publishingPrinciples\":\"https:\/\/talkpal.ai\/publishing-principles\/\",\"actionableFeedbackPolicy\":\"https:\/\/talkpal.ai\/actionable-feedback-policy\/\",\"correctionsPolicy\":\"https:\/\/talkpal.ai\/corrections-policy\/\",\"ethicsPolicy\":\"https:\/\/talkpal.ai\/ethics-policy\/\",\"diversityPolicy\":\"https:\/\/talkpal.ai\/diversity-policy\/\",\"diversityStaffingReport\":\"https:\/\/talkpal.ai\/diversity-policy\/\"}]}<\/script>\n<!-- \/ Yoast SEO Premium plugin. -->","yoast_head_json":{"title":"Ungarske grammatik\u00f8velser - Talkpal","description":"\u00d8g nemt dine ungarske grammatikf\u00e6rdigheder - gennemf\u00f8r praktiske \u00f8velser, interaktiv tr\u00e6ning og modtag personlig feedback","robots":{"index":"index","follow":"follow","max-snippet":"max-snippet:-1","max-image-preview":"max-image-preview:large","max-video-preview":"max-video-preview:-1"},"canonical":"https:\/\/talkpal.ai\/da\/ungarske-grammatikoevelser\/","og_locale":"da_DK","og_type":"article","og_title":"Ungarske grammatik\u00f8velser","og_description":"Ungarsk grammatik emner At l\u00e6re et nyt sprog kan v\u00e6re en sp\u00e6ndende og givende oplevelse. Det kan dog ogs\u00e5 v\u00e6re ret overv\u00e6ldende, is\u00e6r n\u00e5r det kommer til","og_url":"https:\/\/talkpal.ai\/da\/ungarske-grammatikoevelser\/","og_site_name":"Talkpal","article_publisher":"https:\/\/www.facebook.com\/profile.php?id=100090733639311","article_modified_time":"2025-12-17T16:07:42+00:00","og_image":[{"width":512,"height":512,"url":"https:\/\/talkpal.ai\/wp-content\/uploads\/2023\/05\/Hungarian.png","type":"image\/png"}],"twitter_card":"summary_large_image","twitter_site":"@talkpalai","twitter_misc":{"Estimeret l\u00e6setid":"2 minutter"},"schema":{"@context":"https:\/\/schema.org","@graph":[{"@type":"WebPage","@id":"https:\/\/talkpal.ai\/da\/ungarske-grammatikoevelser\/","url":"https:\/\/talkpal.ai\/da\/ungarske-grammatikoevelser\/","name":"Ungarske grammatik\u00f8velser - Talkpal","isPartOf":{"@id":"https:\/\/talkpal.ai\/da\/#website"},"primaryImageOfPage":{"@id":"https:\/\/talkpal.ai\/da\/ungarske-grammatikoevelser\/#primaryimage"},"image":{"@id":"https:\/\/talkpal.ai\/da\/ungarske-grammatikoevelser\/#primaryimage"},"thumbnailUrl":"https:\/\/talkpal.ai\/wp-content\/uploads\/2023\/05\/Hungarian.png","datePublished":"2023-06-21T14:29:48+00:00","dateModified":"2025-12-17T16:07:42+00:00","description":"\u00d8g nemt dine ungarske grammatikf\u00e6rdigheder - gennemf\u00f8r praktiske \u00f8velser, interaktiv tr\u00e6ning og modtag personlig feedback","breadcrumb":{"@id":"https:\/\/talkpal.ai\/da\/ungarske-grammatikoevelser\/#breadcrumb"},"inLanguage":"da-DK","potentialAction":[{"@type":"ReadAction","target":["https:\/\/talkpal.ai\/da\/ungarske-grammatikoevelser\/"]}]},{"@type":"ImageObject","inLanguage":"da-DK","@id":"https:\/\/talkpal.ai\/da\/ungarske-grammatikoevelser\/#primaryimage","url":"https:\/\/talkpal.ai\/wp-content\/uploads\/2023\/05\/Hungarian.png","contentUrl":"https:\/\/talkpal.ai\/wp-content\/uploads\/2023\/05\/Hungarian.png","width":512,"height":512},{"@type":"BreadcrumbList","@id":"https:\/\/talkpal.ai\/da\/ungarske-grammatikoevelser\/#breadcrumb","itemListElement":[{"@type":"ListItem","position":1,"name":"Homepage","item":"https:\/\/talkpal.ai\/da\/"},{"@type":"ListItem","position":2,"name":"Ungarske grammatik\u00f8velser"}]},{"@type":"WebSite","@id":"https:\/\/talkpal.ai\/da\/#website","url":"https:\/\/talkpal.ai\/da\/","name":"Talkpal","description":"AI Language Learning","publisher":{"@id":"https:\/\/talkpal.ai\/da\/#organization"},"alternateName":"Talkpal AI","potentialAction":[{"@type":"SearchAction","target":{"@type":"EntryPoint","urlTemplate":"https:\/\/talkpal.ai\/da\/?s={search_term_string}"},"query-input":{"@type":"PropertyValueSpecification","valueRequired":true,"valueName":"search_term_string"}}],"inLanguage":"da-DK"},{"@type":"Organization","@id":"https:\/\/talkpal.ai\/da\/#organization","name":"Talkpal, Inc.","alternateName":"Talkpal AI","url":"https:\/\/talkpal.ai\/da\/","logo":{"@type":"ImageObject","inLanguage":"da-DK","@id":"https:\/\/talkpal.ai\/da\/#\/schema\/logo\/image\/","url":"https:\/\/talkpal.ai\/wp-content\/uploads\/2024\/03\/Talkpal-Logo-Icon.png","contentUrl":"https:\/\/talkpal.ai\/wp-content\/uploads\/2024\/03\/Talkpal-Logo-Icon.png","width":2880,"height":2880,"caption":"Talkpal, Inc."},"image":{"@id":"https:\/\/talkpal.ai\/da\/#\/schema\/logo\/image\/"},"sameAs":["https:\/\/www.facebook.com\/profile.php?id=100090733639311","https:\/\/x.com\/talkpalai","https:\/\/www.linkedin.com\/company\/talkpal\/","https:\/\/www.youtube.com\/@TalkPal\/","https:\/\/www.tiktok.com\/@talkpal","https:\/\/www.instagram.com\/talkpal_ai\/","https:\/\/www.crunchbase.com\/organization\/talkpal-9cde","https:\/\/www.g2.com\/products\/talkpal-for-business\/","https:\/\/www.trustpilot.com\/review\/talkpal.ai","https:\/\/www.capterra.com\/p\/10006800\/TalkPal\/"],"description":"Talkpal is a language learning web and mobile education app, powered by the latest AI technologies, that provides engaging experiences to its customers in many different languages to help them improve their language skills. Users can chat about unlimited amount of topics with the app and use other modes to practice their language learning.","email":"support@talkpal.ai","legalName":"Talkpal, Inc.","foundingDate":"2023-04-03","duns":"118989042","numberOfEmployees":{"@type":"QuantitativeValue","minValue":"11","maxValue":"50"},"publishingPrinciples":"https:\/\/talkpal.ai\/publishing-principles\/","actionableFeedbackPolicy":"https:\/\/talkpal.ai\/actionable-feedback-policy\/","correctionsPolicy":"https:\/\/talkpal.ai\/corrections-policy\/","ethicsPolicy":"https:\/\/talkpal.ai\/ethics-policy\/","diversityPolicy":"https:\/\/talkpal.ai\/diversity-policy\/","diversityStaffingReport":"https:\/\/talkpal.ai\/diversity-policy\/"}]}},"_links":{"self":[{"href":"https:\/\/talkpal.ai\/da\/wp-json\/wp\/v2\/pages\/162073","targetHints":{"allow":["GET"]}}],"collection":[{"href":"https:\/\/talkpal.ai\/da\/wp-json\/wp\/v2\/pages"}],"about":[{"href":"https:\/\/talkpal.ai\/da\/wp-json\/wp\/v2\/types\/page"}],"author":[{"embeddable":true,"href":"https:\/\/talkpal.ai\/da\/wp-json\/wp\/v2\/users\/6"}],"replies":[{"embeddable":true,"href":"https:\/\/talkpal.ai\/da\/wp-json\/wp\/v2\/comments?post=162073"}],"version-history":[{"count":0,"href":"https:\/\/talkpal.ai\/da\/wp-json\/wp\/v2\/pages\/162073\/revisions"}],"wp:featuredmedia":[{"embeddable":true,"href":"https:\/\/talkpal.ai\/da\/wp-json\/wp\/v2\/media\/113196"}],"wp:attachment":[{"href":"https:\/\/talkpal.ai\/da\/wp-json\/wp\/v2\/media?parent=162073"}],"curies":[{"name":"wp","href":"https:\/\/api.w.org\/{rel}","templated":true}]}}