{"id":160883,"date":"2023-06-22T08:01:09","date_gmt":"2023-06-22T08:01:09","guid":{"rendered":"http:\/\/talkpal.ai\/kasakhiske-grammatikoevelser\/"},"modified":"2025-12-17T14:51:57","modified_gmt":"2025-12-17T14:51:57","slug":"kasakhiske-grammatikoevelser","status":"publish","type":"page","link":"https:\/\/talkpal.ai\/da\/kasakhiske-grammatikoevelser\/","title":{"rendered":"Kasakhiske grammatik\u00f8velser"},"content":{"rendered":"\r\n\r\n\r\n<section class=\"languageChallengeSection\">\r\n    <div class=\"languageInfoWrapper\">\r\n        \r\n        <h1>Kasakhiske grammatik\u00f8velser<\/h1>\r\n        <p>Er du klar til at opbygge din selvtillid p\u00e5 <a href=\"https:\/\/talkpal.ai\/learn-kazakh\/\">kasakhisk<\/a>? At fokusere p\u00e5 grammatik\u00f8velser er en god m\u00e5de at f\u00e5 styr p\u00e5 s\u00e6tningsstruktur, verbalformer og vigtige sprogm\u00f8nstre. Begynd at \u00f8ve dig p\u00e5 kasakhisk <a href=\"https:\/\/talkpal.ai\/fr\/les\/\">grammatik<\/a> i dag, og oplev reelle fremskridt, mens du styrker din forst\u00e5else trin for trin!<\/p>\r\n\r\n                            <a class=\"getStartedHidden\" href=\"https:\/\/app.talkpal.ai\/da\/signup?lng=\">Kom i gang<\/a>\r\n        \r\n    <\/div>\r\n\r\n    <figure>\r\n    <img decoding=\"async\" width=\"768\" height=\"768\" src=\"https:\/\/talkpal.ai\/wp-content\/uploads\/2023\/06\/Khazak-768x768.png\" class=\"languageImage no-lazy\" alt=\"Language learning for increased negotiation skills\" fetchpriority=\"high\" sizes=\"(max-width: 768px) 150px, 768px\" srcset=\"https:\/\/talkpal.ai\/wp-content\/uploads\/2023\/06\/Khazak-768x768.png 768w, https:\/\/talkpal.ai\/wp-content\/uploads\/2023\/06\/Khazak-300x300.png 300w\" \/>\r\n    \r\n\r\n    <\/figure>\r\n\r\n            <a class=\"getStartedVisible\" href=\"https:\/\/app.talkpal.ai\/da\/signup?lng=\">Kom i gang<\/a>\r\n    \r\n<\/section>\r\n\r\n\r\n<!-- <section class=\"grammarSection\">\r\n    <div class=\"grammarLinks\">\r\n            <\/div>\r\n<\/section> -->\r\n\r\n\r\n\r\n\r\n<section class=\"promotionalBanner\">\r\n    <p class=\"promotionalText\">Den mest effektive m\u00e5de at l\u00e6re et <a href=\"https:\/\/talkpal.ai\/what-language-is-spoken-on-the-international-space-station\/\">sprog<\/a> p\u00e5<\/p>\r\n    <a class=\"promotionalLink\" href=\"https:\/\/app.talkpal.ai\/da\/signup?lng=\">Pr\u00f8v Talkpal gratis<\/a>\r\n<\/section>\n<div class=\"wp-block-group pageContainerStyle\"><div class=\"wp-block-group__inner-container is-layout-constrained wp-block-group-is-layout-constrained\">\n<h2 class=\"wp-block-heading\" id=\"h-kazakh-grammar-topics\">Kasakhiske grammatiske emner<\/h2>\n\n\n\n<p>At l\u00e6re et nyt sprog kan v\u00e6re en udfordrende, men givende oplevelse, der \u00e5bner muligheder for personlig og professionel v\u00e6kst. Et af de sprog, der vinder popularitet blandt sprogelever, er kasakhisk, et <a href=\"https:\/\/talkpal.ai\/learn-turkish\/\">tyrkisk<\/a> sprog, der tales af millioner af mennesker i Kasakhstan og de omkringliggende regioner. Den kasakhiske grammatik er unik, med en rig struktur og forskellige elementer, der kr\u00e6ver en systematisk l\u00e6ringsmetode. I denne vejledning vil vi diskutere flere vigtige kasakhiske grammatikemner, herunder tider, substantiver, verb, artikler, pronomen, adjektiver, adverb, betingelser, pr\u00e6positioner og s\u00e6tningsstrukturer. Ved at forst\u00e5 r\u00e6kkef\u00f8lgen af at l\u00e6re disse emner kan du effektivt komme videre i din rejse til at <a href=\"https:\/\/talkpal.ai\/locations\/language-courses-in-mestre\/\">mestre<\/a> det kasakhiske sprog.<\/p>\n\n\n\n<h3 class=\"wp-block-heading\" id=\"h-1-nouns\">1. Substantiver:<\/h3>\n\n\n\n<p>Grundlaget for ethvert sprog starter med at l\u00e6re dets navneord. I kasakhisk har navneord ikke k\u00f8n, men de har tilf\u00e6lde. Forst\u00e5else af de forskellige sager og deres funktioner er afg\u00f8rende for at opbygge ordforr\u00e5d og danne grundl\u00e6ggende s\u00e6tninger.<\/p>\n\n\n\n<h3 class=\"wp-block-heading\" id=\"h-2-articles\">2. Artikler:<\/h3>\n\n\n\n<p>Artikler er ikke til stede p\u00e5 det kasakhiske sprog, hvilket g\u00f8r det lettere for eleverne at fokusere p\u00e5 andre grammatiske aspekter.<\/p>\n\n\n\n<h3 class=\"wp-block-heading\" id=\"h-3-pronouns-determiners\">3. Pronomen\/determinere:<\/h3>\n\n\n\n<p>Disse er vigtige for at erstatte substantiver og specificere deres m\u00e6ngde eller identitet. At l\u00e6re pronomen og determinere hj\u00e6lper dig med at skabe mere komplekse s\u00e6tninger og forbedre din generelle flydende.<\/p>\n\n\n\n<h3 class=\"wp-block-heading\" id=\"h-4-verbs\">4. Udsagnsord:<\/h3>\n\n\n\n<p>Verber er rygraden i ethvert sprog, og det er afg\u00f8rende at l\u00e6re deres b\u00f8jningsm\u00f8nstre. P\u00e5 kasakhisk er verb konjugeret baseret p\u00e5 sp\u00e6nding, hum\u00f8r og stemme. Hvis du g\u00f8r dig bekendt med disse b\u00f8jninger, kan du udtrykke handlinger og begivenheder n\u00f8jagtigt.<\/p>\n\n\n\n<h3 class=\"wp-block-heading\" id=\"h-5-tenses\">5. Tider:<\/h3>\n\n\n\n<p>Kasakhisk har flere tider, herunder fortid, nutid og fremtid. At l\u00e6re at danne og bruge disse tider korrekt er afg\u00f8rende for at formidle tiden for handlinger og begivenheder.<\/p>\n\n\n\n<h3 class=\"wp-block-heading\" id=\"h-6-tense-comparison\">6. Ansp\u00e6ndt sammenligning:<\/h3>\n\n\n\n<p>At forst\u00e5 forskellen mellem tider og hvordan de interagerer med hinanden vil uddybe din forst\u00e5else af <a href=\"https:\/\/talkpal.ai\/no\/laer-kasakhisk\/\">kasakhisk grammatik<\/a>.<\/p>\n\n\n\n<h3 class=\"wp-block-heading\" id=\"h-7-progressive\">7. Progressiv:<\/h3>\n\n\n\n<p>Dette aspekt indikerer igangv\u00e6rende handlinger. At l\u00e6re den progressive form p\u00e5 kasakhisk vil hj\u00e6lpe dig med at udtrykke handlinger, der i \u00f8jeblikket sker eller skete p\u00e5 et bestemt tidspunkt.<\/p>\n\n\n\n<h3 class=\"wp-block-heading\" id=\"h-8-perfect-progressive\">8. Perfekt progressiv:<\/h3>\n\n\n\n<p>Den perfekte progressive kombinerer de perfekte og progressive aspekter for at indikere en handling, der begyndte i fortiden og stadig er i gang. Mastering af dette aspekt vil forbedre din evne til at udtrykke komplekse ideer p\u00e5 kasakhisk.<\/p>\n\n\n\n<h3 class=\"wp-block-heading\" id=\"h-9-adjectives\">9. Adjektiver:<\/h3>\n\n\n\n<p>Adjektiver beskriver kvaliteter og tr\u00e6k ved substantiver. At l\u00e6re at bruge adjektiver korrekt p\u00e5 kasakhisk vil berige dit ordforr\u00e5d og give dig mulighed for at give mere detaljerede beskrivelser.<\/p>\n\n\n\n<h3 class=\"wp-block-heading\" id=\"h-10-adverbs\">10. Adverb:<\/h3>\n\n\n\n<p>Adverb \u00e6ndrer verb, adjektiver og andre adverb. At erhverve viden om kasakhiske adverb og deres brug vil forbedre din evne til at udtrykke handlinger og begivenheder mere pr\u00e6cist.<\/p>\n\n\n\n<h3 class=\"wp-block-heading\" id=\"h-11-conditionals\">11. Betingelser:<\/h3>\n\n\n\n<p>Betingelser <a href=\"https:\/\/talkpal.ai\/locations\/learn-french-in-bruges\/\">bruges<\/a> til at udtrykke hypotetiske situationer og deres mulige konsekvenser. Mastering af brugen af konditionaler i kasakhisk vil hj\u00e6lpe dig med at formidle komplekse ideer og hypotetiske scenarier.<\/p>\n\n\n\n<h3 class=\"wp-block-heading\" id=\"h-12-prepositions\">12. Pr\u00e6positioner:<\/h3>\n\n\n\n<p>Pr\u00e6positioner angiver forholdet mellem substantiver i en s\u00e6tning. At l\u00e6re kasakhiske pr\u00e6positioner og deres funktioner giver dig mulighed for at konstruere mere komplekse s\u00e6tninger.<\/p>\n\n\n\n<h3 class=\"wp-block-heading\" id=\"h-13-sentences\">13. S\u00e6tninger:<\/h3>\n\n\n\n<p>Endelig er forst\u00e5else af s\u00e6tningsstrukturer og reglerne for kombination af forskellige grammatikelementer afg\u00f8rende for at mestre det kasakhiske sprog. Denne viden g\u00f8r det muligt for dig at kommunikere effektivt og pr\u00e6cist i forskellige situationer.<\/p>\n<\/div><\/div>\n\r\n<section class=\"learnNavigationSection\">\r\n            \r\n        <a href=\"https:\/\/talkpal.ai\/da\/laer-kasakhisk\/\">\r\n            <div class=\"learnNavigationWrapper\">\r\n                <div class=\"learnNavigationContent\">\r\n                    <img decoding=\"async\" src=\"https:\/\/talkpal.ai\/wp-content\/uploads\/2024\/08\/Kazakh.jpg\" alt=\"Kazakh Flag\">\r\n                    <div>\r\n                        <h4>Om kasakhisk l\u00e6ring<\/h4>\r\n                        <p>Find ud af alt om kasakhisk grammatik.<\/p>\r\n                    <\/div>\r\n                <\/div>\r\n            <\/div>\r\n        <\/a>\r\n\r\n        \r\n        <a href=\"https:\/\/talkpal.ai\/da\/kasakhisk-grammatik\/\">\r\n            <div class=\"learnNavigationWrapper\">\r\n                <div class=\"learnNavigationContent\">\r\n                    <img decoding=\"async\" src=\"https:\/\/talkpal.ai\/wp-content\/uploads\/2024\/08\/Kazakh.jpg\" alt=\"Kazakh Flag\">\r\n                    <div>\r\n                        <h4>Lektioner i kasakhisk grammatik<\/h4>\r\n                        <p>\u00d8v kasakhisk grammatik.<\/p>\r\n                    <\/div>\r\n                <\/div>\r\n            <\/div>\r\n        <\/a>\r\n\r\n        \r\n        <a href=\"https:\/\/talkpal.ai\/vocabulary_language\/kazakh\/\">\r\n            <div class=\"learnNavigationWrapper\">\r\n                <div class=\"learnNavigationContent\">\r\n                    <img decoding=\"async\" src=\"https:\/\/talkpal.ai\/wp-content\/uploads\/2024\/08\/Kazakh.jpg\" alt=\"Kazakh Flag\">\r\n                    <div>\r\n                        <h4>Kasakhisk ordforr\u00e5d<\/h4>\r\n                        <p>Udvid dit kasakhiske ordforr\u00e5d.<\/p>\r\n                    <\/div>\r\n                <\/div>\r\n            <\/div>\r\n        <\/a>\r\n\r\n            <\/section>","protected":false},"excerpt":{"rendered":"<p>Kasakhiske grammatiske emner At l\u00e6re et nyt sprog kan v\u00e6re en udfordrende, men givende oplevelse, der \u00e5bner muligheder for personlig og professionel v\u00e6kst. Et af de sprog, der vinder popularitet blandt sprogelever, er kasakhisk, et tyrkisk sprog, der tales af millioner af mennesker i Kasakhstan og de omkringliggende regioner. Den kasakhiske grammatik er unik, med [&hellip;]<\/p>\n","protected":false},"author":6,"featured_media":114328,"parent":0,"menu_order":0,"comment_status":"closed","ping_status":"closed","template":"LearningContentPage.php","meta":{"_acf_changed":false,"footnotes":""},"class_list":["post-160883","page","type-page","status-publish","has-post-thumbnail","hentry"],"acf":[],"yoast_head":"<!-- This site is optimized with the Yoast SEO Premium plugin v27.2 (Yoast SEO v27.2) - https:\/\/yoast.com\/product\/yoast-seo-premium-wordpress\/ -->\n<title>Kasakhiske grammatik\u00f8velser - Talkpal<\/title>\n<meta name=\"description\" content=\"Styrk dine kasakhiske grammatikf\u00e6rdigheder effektivt - bliv mere pr\u00e6cis, lav interaktive \u00f8velser og f\u00e5 et perfekt sprog!\" \/>\n<meta name=\"robots\" content=\"index, follow, max-snippet:-1, max-image-preview:large, max-video-preview:-1\" \/>\n<link rel=\"canonical\" href=\"https:\/\/talkpal.ai\/da\/kasakhiske-grammatikoevelser\/\" \/>\n<meta property=\"og:locale\" content=\"da_DK\" \/>\n<meta property=\"og:type\" content=\"article\" \/>\n<meta property=\"og:title\" content=\"Kasakhiske grammatik\u00f8velser\" \/>\n<meta property=\"og:description\" content=\"Kasakhiske grammatiske emner At l\u00e6re et nyt sprog kan v\u00e6re en udfordrende, men givende oplevelse, der \u00e5bner muligheder for personlig og professionel\" \/>\n<meta property=\"og:url\" content=\"https:\/\/talkpal.ai\/da\/kasakhiske-grammatikoevelser\/\" \/>\n<meta property=\"og:site_name\" content=\"Talkpal\" \/>\n<meta property=\"article:publisher\" content=\"https:\/\/www.facebook.com\/profile.php?id=100090733639311\" \/>\n<meta property=\"article:modified_time\" content=\"2025-12-17T14:51:57+00:00\" \/>\n<meta property=\"og:image\" content=\"https:\/\/talkpal.ai\/wp-content\/uploads\/2023\/05\/kazakhstan.png\" \/>\n\t<meta property=\"og:image:width\" content=\"512\" \/>\n\t<meta property=\"og:image:height\" content=\"512\" \/>\n\t<meta property=\"og:image:type\" content=\"image\/png\" \/>\n<meta name=\"twitter:card\" content=\"summary_large_image\" \/>\n<meta name=\"twitter:site\" content=\"@talkpalai\" \/>\n<meta name=\"twitter:label1\" content=\"Estimeret l\u00e6setid\" \/>\n\t<meta name=\"twitter:data1\" content=\"3 minutter\" \/>\n<script type=\"application\/ld+json\" class=\"yoast-schema-graph\">{\"@context\":\"https:\/\/schema.org\",\"@graph\":[{\"@type\":\"WebPage\",\"@id\":\"https:\/\/talkpal.ai\/da\/kasakhiske-grammatikoevelser\/\",\"url\":\"https:\/\/talkpal.ai\/da\/kasakhiske-grammatikoevelser\/\",\"name\":\"Kasakhiske grammatik\u00f8velser - Talkpal\",\"isPartOf\":{\"@id\":\"https:\/\/talkpal.ai\/da\/#website\"},\"primaryImageOfPage\":{\"@id\":\"https:\/\/talkpal.ai\/da\/kasakhiske-grammatikoevelser\/#primaryimage\"},\"image\":{\"@id\":\"https:\/\/talkpal.ai\/da\/kasakhiske-grammatikoevelser\/#primaryimage\"},\"thumbnailUrl\":\"https:\/\/talkpal.ai\/wp-content\/uploads\/2023\/05\/kazakhstan.png\",\"datePublished\":\"2023-06-22T08:01:09+00:00\",\"dateModified\":\"2025-12-17T14:51:57+00:00\",\"description\":\"Styrk dine kasakhiske grammatikf\u00e6rdigheder effektivt - bliv mere pr\u00e6cis, lav interaktive \u00f8velser og f\u00e5 et perfekt sprog!\",\"breadcrumb\":{\"@id\":\"https:\/\/talkpal.ai\/da\/kasakhiske-grammatikoevelser\/#breadcrumb\"},\"inLanguage\":\"da-DK\",\"potentialAction\":[{\"@type\":\"ReadAction\",\"target\":[\"https:\/\/talkpal.ai\/da\/kasakhiske-grammatikoevelser\/\"]}]},{\"@type\":\"ImageObject\",\"inLanguage\":\"da-DK\",\"@id\":\"https:\/\/talkpal.ai\/da\/kasakhiske-grammatikoevelser\/#primaryimage\",\"url\":\"https:\/\/talkpal.ai\/wp-content\/uploads\/2023\/05\/kazakhstan.png\",\"contentUrl\":\"https:\/\/talkpal.ai\/wp-content\/uploads\/2023\/05\/kazakhstan.png\",\"width\":512,\"height\":512},{\"@type\":\"BreadcrumbList\",\"@id\":\"https:\/\/talkpal.ai\/da\/kasakhiske-grammatikoevelser\/#breadcrumb\",\"itemListElement\":[{\"@type\":\"ListItem\",\"position\":1,\"name\":\"Homepage\",\"item\":\"https:\/\/talkpal.ai\/da\/\"},{\"@type\":\"ListItem\",\"position\":2,\"name\":\"Kasakhiske grammatik\u00f8velser\"}]},{\"@type\":\"WebSite\",\"@id\":\"https:\/\/talkpal.ai\/da\/#website\",\"url\":\"https:\/\/talkpal.ai\/da\/\",\"name\":\"Talkpal\",\"description\":\"AI Language Learning\",\"publisher\":{\"@id\":\"https:\/\/talkpal.ai\/da\/#organization\"},\"alternateName\":\"Talkpal AI\",\"potentialAction\":[{\"@type\":\"SearchAction\",\"target\":{\"@type\":\"EntryPoint\",\"urlTemplate\":\"https:\/\/talkpal.ai\/da\/?s={search_term_string}\"},\"query-input\":{\"@type\":\"PropertyValueSpecification\",\"valueRequired\":true,\"valueName\":\"search_term_string\"}}],\"inLanguage\":\"da-DK\"},{\"@type\":\"Organization\",\"@id\":\"https:\/\/talkpal.ai\/da\/#organization\",\"name\":\"Talkpal, Inc.\",\"alternateName\":\"Talkpal AI\",\"url\":\"https:\/\/talkpal.ai\/da\/\",\"logo\":{\"@type\":\"ImageObject\",\"inLanguage\":\"da-DK\",\"@id\":\"https:\/\/talkpal.ai\/da\/#\/schema\/logo\/image\/\",\"url\":\"https:\/\/talkpal.ai\/wp-content\/uploads\/2024\/03\/Talkpal-Logo-Icon.png\",\"contentUrl\":\"https:\/\/talkpal.ai\/wp-content\/uploads\/2024\/03\/Talkpal-Logo-Icon.png\",\"width\":2880,\"height\":2880,\"caption\":\"Talkpal, Inc.\"},\"image\":{\"@id\":\"https:\/\/talkpal.ai\/da\/#\/schema\/logo\/image\/\"},\"sameAs\":[\"https:\/\/www.facebook.com\/profile.php?id=100090733639311\",\"https:\/\/x.com\/talkpalai\",\"https:\/\/www.linkedin.com\/company\/talkpal\/\",\"https:\/\/www.youtube.com\/@TalkPal\/\",\"https:\/\/www.tiktok.com\/@talkpal\",\"https:\/\/www.instagram.com\/talkpal_ai\/\",\"https:\/\/www.crunchbase.com\/organization\/talkpal-9cde\",\"https:\/\/www.g2.com\/products\/talkpal-for-business\/\",\"https:\/\/www.trustpilot.com\/review\/talkpal.ai\",\"https:\/\/www.capterra.com\/p\/10006800\/TalkPal\/\"],\"description\":\"Talkpal is a language learning web and mobile education app, powered by the latest AI technologies, that provides engaging experiences to its customers in many different languages to help them improve their language skills. Users can chat about unlimited amount of topics with the app and use other modes to practice their language learning.\",\"email\":\"support@talkpal.ai\",\"legalName\":\"Talkpal, Inc.\",\"foundingDate\":\"2023-04-03\",\"duns\":\"118989042\",\"numberOfEmployees\":{\"@type\":\"QuantitativeValue\",\"minValue\":\"11\",\"maxValue\":\"50\"},\"publishingPrinciples\":\"https:\/\/talkpal.ai\/publishing-principles\/\",\"actionableFeedbackPolicy\":\"https:\/\/talkpal.ai\/actionable-feedback-policy\/\",\"correctionsPolicy\":\"https:\/\/talkpal.ai\/corrections-policy\/\",\"ethicsPolicy\":\"https:\/\/talkpal.ai\/ethics-policy\/\",\"diversityPolicy\":\"https:\/\/talkpal.ai\/diversity-policy\/\",\"diversityStaffingReport\":\"https:\/\/talkpal.ai\/diversity-policy\/\"}]}<\/script>\n<!-- \/ Yoast SEO Premium plugin. -->","yoast_head_json":{"title":"Kasakhiske grammatik\u00f8velser - Talkpal","description":"Styrk dine kasakhiske grammatikf\u00e6rdigheder effektivt - bliv mere pr\u00e6cis, lav interaktive \u00f8velser og f\u00e5 et perfekt sprog!","robots":{"index":"index","follow":"follow","max-snippet":"max-snippet:-1","max-image-preview":"max-image-preview:large","max-video-preview":"max-video-preview:-1"},"canonical":"https:\/\/talkpal.ai\/da\/kasakhiske-grammatikoevelser\/","og_locale":"da_DK","og_type":"article","og_title":"Kasakhiske grammatik\u00f8velser","og_description":"Kasakhiske grammatiske emner At l\u00e6re et nyt sprog kan v\u00e6re en udfordrende, men givende oplevelse, der \u00e5bner muligheder for personlig og professionel","og_url":"https:\/\/talkpal.ai\/da\/kasakhiske-grammatikoevelser\/","og_site_name":"Talkpal","article_publisher":"https:\/\/www.facebook.com\/profile.php?id=100090733639311","article_modified_time":"2025-12-17T14:51:57+00:00","og_image":[{"width":512,"height":512,"url":"https:\/\/talkpal.ai\/wp-content\/uploads\/2023\/05\/kazakhstan.png","type":"image\/png"}],"twitter_card":"summary_large_image","twitter_site":"@talkpalai","twitter_misc":{"Estimeret l\u00e6setid":"3 minutter"},"schema":{"@context":"https:\/\/schema.org","@graph":[{"@type":"WebPage","@id":"https:\/\/talkpal.ai\/da\/kasakhiske-grammatikoevelser\/","url":"https:\/\/talkpal.ai\/da\/kasakhiske-grammatikoevelser\/","name":"Kasakhiske grammatik\u00f8velser - Talkpal","isPartOf":{"@id":"https:\/\/talkpal.ai\/da\/#website"},"primaryImageOfPage":{"@id":"https:\/\/talkpal.ai\/da\/kasakhiske-grammatikoevelser\/#primaryimage"},"image":{"@id":"https:\/\/talkpal.ai\/da\/kasakhiske-grammatikoevelser\/#primaryimage"},"thumbnailUrl":"https:\/\/talkpal.ai\/wp-content\/uploads\/2023\/05\/kazakhstan.png","datePublished":"2023-06-22T08:01:09+00:00","dateModified":"2025-12-17T14:51:57+00:00","description":"Styrk dine kasakhiske grammatikf\u00e6rdigheder effektivt - bliv mere pr\u00e6cis, lav interaktive \u00f8velser og f\u00e5 et perfekt sprog!","breadcrumb":{"@id":"https:\/\/talkpal.ai\/da\/kasakhiske-grammatikoevelser\/#breadcrumb"},"inLanguage":"da-DK","potentialAction":[{"@type":"ReadAction","target":["https:\/\/talkpal.ai\/da\/kasakhiske-grammatikoevelser\/"]}]},{"@type":"ImageObject","inLanguage":"da-DK","@id":"https:\/\/talkpal.ai\/da\/kasakhiske-grammatikoevelser\/#primaryimage","url":"https:\/\/talkpal.ai\/wp-content\/uploads\/2023\/05\/kazakhstan.png","contentUrl":"https:\/\/talkpal.ai\/wp-content\/uploads\/2023\/05\/kazakhstan.png","width":512,"height":512},{"@type":"BreadcrumbList","@id":"https:\/\/talkpal.ai\/da\/kasakhiske-grammatikoevelser\/#breadcrumb","itemListElement":[{"@type":"ListItem","position":1,"name":"Homepage","item":"https:\/\/talkpal.ai\/da\/"},{"@type":"ListItem","position":2,"name":"Kasakhiske grammatik\u00f8velser"}]},{"@type":"WebSite","@id":"https:\/\/talkpal.ai\/da\/#website","url":"https:\/\/talkpal.ai\/da\/","name":"Talkpal","description":"AI Language Learning","publisher":{"@id":"https:\/\/talkpal.ai\/da\/#organization"},"alternateName":"Talkpal AI","potentialAction":[{"@type":"SearchAction","target":{"@type":"EntryPoint","urlTemplate":"https:\/\/talkpal.ai\/da\/?s={search_term_string}"},"query-input":{"@type":"PropertyValueSpecification","valueRequired":true,"valueName":"search_term_string"}}],"inLanguage":"da-DK"},{"@type":"Organization","@id":"https:\/\/talkpal.ai\/da\/#organization","name":"Talkpal, Inc.","alternateName":"Talkpal AI","url":"https:\/\/talkpal.ai\/da\/","logo":{"@type":"ImageObject","inLanguage":"da-DK","@id":"https:\/\/talkpal.ai\/da\/#\/schema\/logo\/image\/","url":"https:\/\/talkpal.ai\/wp-content\/uploads\/2024\/03\/Talkpal-Logo-Icon.png","contentUrl":"https:\/\/talkpal.ai\/wp-content\/uploads\/2024\/03\/Talkpal-Logo-Icon.png","width":2880,"height":2880,"caption":"Talkpal, Inc."},"image":{"@id":"https:\/\/talkpal.ai\/da\/#\/schema\/logo\/image\/"},"sameAs":["https:\/\/www.facebook.com\/profile.php?id=100090733639311","https:\/\/x.com\/talkpalai","https:\/\/www.linkedin.com\/company\/talkpal\/","https:\/\/www.youtube.com\/@TalkPal\/","https:\/\/www.tiktok.com\/@talkpal","https:\/\/www.instagram.com\/talkpal_ai\/","https:\/\/www.crunchbase.com\/organization\/talkpal-9cde","https:\/\/www.g2.com\/products\/talkpal-for-business\/","https:\/\/www.trustpilot.com\/review\/talkpal.ai","https:\/\/www.capterra.com\/p\/10006800\/TalkPal\/"],"description":"Talkpal is a language learning web and mobile education app, powered by the latest AI technologies, that provides engaging experiences to its customers in many different languages to help them improve their language skills. Users can chat about unlimited amount of topics with the app and use other modes to practice their language learning.","email":"support@talkpal.ai","legalName":"Talkpal, Inc.","foundingDate":"2023-04-03","duns":"118989042","numberOfEmployees":{"@type":"QuantitativeValue","minValue":"11","maxValue":"50"},"publishingPrinciples":"https:\/\/talkpal.ai\/publishing-principles\/","actionableFeedbackPolicy":"https:\/\/talkpal.ai\/actionable-feedback-policy\/","correctionsPolicy":"https:\/\/talkpal.ai\/corrections-policy\/","ethicsPolicy":"https:\/\/talkpal.ai\/ethics-policy\/","diversityPolicy":"https:\/\/talkpal.ai\/diversity-policy\/","diversityStaffingReport":"https:\/\/talkpal.ai\/diversity-policy\/"}]}},"_links":{"self":[{"href":"https:\/\/talkpal.ai\/da\/wp-json\/wp\/v2\/pages\/160883","targetHints":{"allow":["GET"]}}],"collection":[{"href":"https:\/\/talkpal.ai\/da\/wp-json\/wp\/v2\/pages"}],"about":[{"href":"https:\/\/talkpal.ai\/da\/wp-json\/wp\/v2\/types\/page"}],"author":[{"embeddable":true,"href":"https:\/\/talkpal.ai\/da\/wp-json\/wp\/v2\/users\/6"}],"replies":[{"embeddable":true,"href":"https:\/\/talkpal.ai\/da\/wp-json\/wp\/v2\/comments?post=160883"}],"version-history":[{"count":0,"href":"https:\/\/talkpal.ai\/da\/wp-json\/wp\/v2\/pages\/160883\/revisions"}],"wp:featuredmedia":[{"embeddable":true,"href":"https:\/\/talkpal.ai\/da\/wp-json\/wp\/v2\/media\/114328"}],"wp:attachment":[{"href":"https:\/\/talkpal.ai\/da\/wp-json\/wp\/v2\/media?parent=160883"}],"curies":[{"name":"wp","href":"https:\/\/api.w.org\/{rel}","templated":true}]}}