{"id":159987,"date":"2023-06-22T08:24:14","date_gmt":"2023-06-22T08:24:14","guid":{"rendered":"http:\/\/talkpal.ai\/makedonske-grammatikoevelser\/"},"modified":"2025-12-17T15:56:34","modified_gmt":"2025-12-17T15:56:34","slug":"makedonske-grammatikoevelser","status":"publish","type":"page","link":"https:\/\/talkpal.ai\/da\/makedonske-grammatikoevelser\/","title":{"rendered":"Makedonske grammatik\u00f8velser"},"content":{"rendered":"\r\n\r\n\r\n<section class=\"languageChallengeSection\">\r\n    <div class=\"languageInfoWrapper\">\r\n        \r\n        <h1>Makedonske grammatik\u00f8velser<\/h1>\r\n        <p>\u00d8nsker du at opbygge selvtillid i <a href=\"https:\/\/talkpal.ai\/learn-macedonian\/\">makedonsk<\/a>? Grammatik\u00f8velser er en god m\u00e5de at forst\u00e5 s\u00e6tningsstruktur, verbalformer og de unikke tr\u00e6k ved det makedonske <a href=\"https:\/\/talkpal.ai\/what-language-is-spoken-on-the-international-space-station\/\">sprog<\/a>. Begynd at udforske <a href=\"https:\/\/talkpal.ai\/learn-macedonian\/\">makedonsk<\/a> <a href=\"https:\/\/talkpal.ai\/fr\/les\/\">grammatik<\/a> i dag, og se dine f\u00e6rdigheder og dit flydende sprog vokse med hver \u00f8velse!<\/p>\r\n\r\n                            <a class=\"getStartedHidden\" href=\"https:\/\/app.talkpal.ai\/da\/signup?lng=\">Kom i gang<\/a>\r\n        \r\n    <\/div>\r\n\r\n    <figure>\r\n    <img decoding=\"async\" width=\"768\" height=\"768\" src=\"https:\/\/talkpal.ai\/wp-content\/uploads\/2023\/06\/macedonian-768x768.png\" class=\"languageImage no-lazy\" alt=\"Language learning through conversational practice\" fetchpriority=\"high\" sizes=\"(max-width: 768px) 150px, 768px\" srcset=\"https:\/\/talkpal.ai\/wp-content\/uploads\/2023\/06\/macedonian-768x768.png 768w, https:\/\/talkpal.ai\/wp-content\/uploads\/2023\/06\/macedonian-300x300.png 300w\" \/>\r\n    \r\n\r\n    <\/figure>\r\n\r\n            <a class=\"getStartedVisible\" href=\"https:\/\/app.talkpal.ai\/da\/signup?lng=\">Kom i gang<\/a>\r\n    \r\n<\/section>\r\n\r\n\r\n<!-- <section class=\"grammarSection\">\r\n    <div class=\"grammarLinks\">\r\n            <\/div>\r\n<\/section> -->\r\n\r\n\r\n\r\n\r\n<section class=\"promotionalBanner\">\r\n    <p class=\"promotionalText\">Den mest effektive m\u00e5de at l\u00e6re et sprog p\u00e5<\/p>\r\n    <a class=\"promotionalLink\" href=\"https:\/\/app.talkpal.ai\/da\/signup?lng=\">Pr\u00f8v Talkpal gratis<\/a>\r\n<\/section>\n<div class=\"wp-block-group pageContainerStyle\"><div class=\"wp-block-group__inner-container is-layout-constrained wp-block-group-is-layout-constrained\">\n<h2 class=\"wp-block-heading\" id=\"h-macedonian-grammar-topics\">Makedonske grammatik emner<\/h2>\n\n\n\n<header id=\"main-header\" data-height-onload=\"80\" data-height-loaded=\"true\" data-fixed-height-onload=\"80\">\n<p>Makedonsk, et sydslavisk sprog, er det officielle sprog i Nordmakedonien. Det tales af over to millioner mennesker verden over og tilbyder en unik sproglig oplevelse p\u00e5 grund af dets specifikke grammatikregler og rige ordforr\u00e5d. Denne vejledning giver dig et overblik over de v\u00e6sentlige makedonske grammatikemner, organiseret i en r\u00e6kkef\u00f8lge, der letter din l\u00e6ringsproces. Fra tider til s\u00e6tningsstrukturer d\u00e6kker vi alle de n\u00f8dvendige oplysninger for at hj\u00e6lpe dig med at komme i gang p\u00e5 din rejse til at <a href=\"https:\/\/talkpal.ai\/locations\/language-courses-in-mestre\/\">mestre<\/a> det makedonske sprog.<\/p>\n<h3>1. Substantiver:<\/h3>\n<p>Ligesom andre slaviske sprog har makedonske navneord tre k\u00f8n (maskulin, feminin og neutral) og b\u00f8jes for store og sm\u00e5 bogstaver og tal. At l\u00e6re k\u00f8nnet og de korrekte b\u00f8jninger er afg\u00f8rende for at danne grammatisk korrekte s\u00e6tninger.<\/p>\n<h3>2. Artikler:<\/h3>\n<p>det makedonske sprog har kun en bestemt artikel, som varierer efter k\u00f8n og sag. Der er ingen ubestemte artikler p\u00e5 makedonsk, men tallet &#8220;en&#8221; kan <a href=\"https:\/\/talkpal.ai\/locations\/learn-french-in-bruges\/\">bruges<\/a> p\u00e5 samme m\u00e5de.<\/p>\n<h3>3. Adjektiver:<\/h3>\n<p>Adjektiver p\u00e5 makedonsk er enige med de navneord, de \u00e6ndrer i k\u00f8n, antal og store bogstaver. De har b\u00e5de lange og korte former, som bruges i forskellige sammenh\u00e6nge.<\/p>\n<h3>4. Pronomen\/determinere:<\/h3>\n<p>Makedonsk har en r\u00e6kke pronomen og determinere, som er afg\u00f8rende for dannelsen af s\u00e6tninger. De erstatter eller \u00e6ndrer navneord og er enige med dem i k\u00f8n, antal og store bogstaver.<\/p>\n<h3>5. Udsagnsord:<\/h3>\n<p>Verber er centrale for <a href=\"https:\/\/talkpal.ai\/sv\/grammar\/forfluten-tid-i-makedonsk-grammatik\/\">makedonsk grammatik<\/a>. De konjugerer for person og antal og har forskellige tider, aspekter og stemninger.<\/p>\n<h3>6. Tider:<\/h3>\n<p>Makedonsk har tre grundl\u00e6ggende tider &#8211; fortid, nutid og fremtid. De dannes ved hj\u00e6lp af forskellige verbkonjugationer og hj\u00e6lpeord. Det er vigtigt at forst\u00e5 dannelsen og brugen af hver tid for at udtrykke handlinger og begivenheder n\u00f8jagtigt.<\/p>\n<h3>7. Ansp\u00e6ndt sammenligning:<\/h3>\n<p>Sammenligning af handlinger og begivenheder i forskellige tider er afg\u00f8rende for at formidle mening. P\u00e5 makedonsk opn\u00e5s denne sammenligning ved at bruge specifikke verbformer og hj\u00e6lpeord.<\/p>\n<h3>8. Progressiv:<\/h3>\n<p>Det progressive aspekt p\u00e5 makedonsk bruges til at angive igangv\u00e6rende handlinger. Det dannes ved hj\u00e6lp af nutidsformen af verbet &#8220;at v\u00e6re&#8221; og nutidsformen af hovedverbet.<\/p>\n<h3>9. Perfekt progressiv:<\/h3>\n<p>Dette aspekt kombinerer de progressive og perfekte aspekter for at beskrive handlinger, der var i gang i fortiden og har forbindelse til nutiden. Det dannes ved hj\u00e6lp af nutid af verbet &#8220;at v\u00e6re&#8221; og datid af hovedverbet.<\/p>\n<h3>10. Adverb:<\/h3>\n<p>Adverb p\u00e5 makedonsk bruges til at \u00e6ndre verb, adjektiver eller andre adverb. De \u00e6ndrer normalt ikke form og kan let genkendes p\u00e5 deres typiske endelser.<\/p>\n<h3>11. Betingelser:<\/h3>\n<p>Makedonsk har tre typer betingelser &#8211; reel, uvirkelig og potentiel. De bruges til at udtrykke hypotetiske situationer og deres konsekvenser.<\/p>\n<h3>12. Pr\u00e6positioner:<\/h3>\n<p>Pr\u00e6positioner p\u00e5 makedonsk er afg\u00f8rende for at danne s\u00e6tninger og s\u00e6tninger. De angiver forskellige forhold mellem ord, s\u00e5som placering, retning, tid eller \u00e5rsag.<\/p>\n<h3>13. S\u00e6tninger:<\/h3>\n<p>Forst\u00e5else af strukturen i makedonske s\u00e6tninger er afg\u00f8rende for effektiv kommunikation. Makedonske s\u00e6tninger f\u00f8lger typisk emne-verb-objekt (SVO) ordr\u00e6kkef\u00f8lge, men variationer kan forekomme afh\u00e6ngigt af v\u00e6gt og kontekst.<\/p>\n<\/header>\n\n\n\n<footer> <\/footer>\n<\/div><\/div>\n\r\n<section class=\"learnNavigationSection\">\r\n            \r\n        <a href=\"https:\/\/talkpal.ai\/da\/laer-makedonsk\/\">\r\n            <div class=\"learnNavigationWrapper\">\r\n                <div class=\"learnNavigationContent\">\r\n                    <img decoding=\"async\" src=\"https:\/\/talkpal.ai\/wp-content\/uploads\/2024\/08\/Macedonian.jpg\" alt=\"Macedonian Flag\">\r\n                    <div>\r\n                        <h4>Om makedonsk l\u00e6ring<\/h4>\r\n                        <p>Find ud af alt om makedonsk grammatik.<\/p>\r\n                    <\/div>\r\n                <\/div>\r\n            <\/div>\r\n        <\/a>\r\n\r\n        \r\n        <a href=\"https:\/\/talkpal.ai\/da\/makedonsk-grammatik\/\">\r\n            <div class=\"learnNavigationWrapper\">\r\n                <div class=\"learnNavigationContent\">\r\n                    <img decoding=\"async\" src=\"https:\/\/talkpal.ai\/wp-content\/uploads\/2024\/08\/Macedonian.jpg\" alt=\"Macedonian Flag\">\r\n                    <div>\r\n                        <h4>Makedonske grammatik lektioner<\/h4>\r\n                        <p>\u00d8v makedonsk grammatik.<\/p>\r\n                    <\/div>\r\n                <\/div>\r\n            <\/div>\r\n        <\/a>\r\n\r\n        \r\n        <a href=\"https:\/\/talkpal.ai\/vocabulary_language\/macedonian\/\">\r\n            <div class=\"learnNavigationWrapper\">\r\n                <div class=\"learnNavigationContent\">\r\n                    <img decoding=\"async\" src=\"https:\/\/talkpal.ai\/wp-content\/uploads\/2024\/08\/Macedonian.jpg\" alt=\"Macedonian Flag\">\r\n                    <div>\r\n                        <h4>Makedonsk ordforr\u00e5d<\/h4>\r\n                        <p>Udvid dit makedonske ordforr\u00e5d.<\/p>\r\n                    <\/div>\r\n                <\/div>\r\n            <\/div>\r\n        <\/a>\r\n\r\n            <\/section>","protected":false},"excerpt":{"rendered":"<p>Makedonske grammatik emner Makedonsk, et sydslavisk sprog, er det officielle sprog i Nordmakedonien. Det tales af over to millioner mennesker verden over og tilbyder en unik sproglig oplevelse p\u00e5 grund af dets specifikke grammatikregler og rige ordforr\u00e5d. Denne vejledning giver dig et overblik over de v\u00e6sentlige makedonske grammatikemner, organiseret i en r\u00e6kkef\u00f8lge, der letter din [&hellip;]<\/p>\n","protected":false},"author":6,"featured_media":115384,"parent":0,"menu_order":0,"comment_status":"closed","ping_status":"closed","template":"LearningContentPage.php","meta":{"_acf_changed":false,"footnotes":""},"class_list":["post-159987","page","type-page","status-publish","has-post-thumbnail","hentry"],"acf":[],"yoast_head":"<!-- This site is optimized with the Yoast SEO Premium plugin v27.2 (Yoast SEO v27.2) - https:\/\/yoast.com\/product\/yoast-seo-premium-wordpress\/ -->\n<title>Makedonske grammatik\u00f8velser - Talkpal<\/title>\n<meta name=\"description\" content=\"F\u00e5 styr p\u00e5 makedonsk grammatik med interaktive makedonske grammatik\u00f8velser fra Talkpaldin AI-drevne sprogl\u00e6rer.\" \/>\n<meta name=\"robots\" content=\"index, follow, max-snippet:-1, max-image-preview:large, max-video-preview:-1\" \/>\n<link rel=\"canonical\" href=\"https:\/\/talkpal.ai\/da\/makedonske-grammatikoevelser\/\" \/>\n<meta property=\"og:locale\" content=\"da_DK\" \/>\n<meta property=\"og:type\" content=\"article\" \/>\n<meta property=\"og:title\" content=\"Makedonske grammatik\u00f8velser\" \/>\n<meta property=\"og:description\" content=\"Makedonske grammatik emner Makedonsk, et sydslavisk sprog, er det officielle sprog i Nordmakedonien. Det tales af over to millioner mennesker verden over\" \/>\n<meta property=\"og:url\" content=\"https:\/\/talkpal.ai\/da\/makedonske-grammatikoevelser\/\" \/>\n<meta property=\"og:site_name\" content=\"Talkpal\" \/>\n<meta property=\"article:publisher\" content=\"https:\/\/www.facebook.com\/profile.php?id=100090733639311\" \/>\n<meta property=\"article:modified_time\" content=\"2025-12-17T15:56:34+00:00\" \/>\n<meta property=\"og:image\" content=\"https:\/\/talkpal.ai\/wp-content\/uploads\/2023\/05\/republic-of-macedonia.png\" \/>\n\t<meta property=\"og:image:width\" content=\"512\" \/>\n\t<meta property=\"og:image:height\" content=\"512\" \/>\n\t<meta property=\"og:image:type\" content=\"image\/png\" \/>\n<meta name=\"twitter:card\" content=\"summary_large_image\" \/>\n<meta name=\"twitter:site\" content=\"@talkpalai\" \/>\n<meta name=\"twitter:label1\" content=\"Estimeret l\u00e6setid\" \/>\n\t<meta name=\"twitter:data1\" content=\"3 minutter\" \/>\n<script type=\"application\/ld+json\" class=\"yoast-schema-graph\">{\"@context\":\"https:\/\/schema.org\",\"@graph\":[{\"@type\":\"WebPage\",\"@id\":\"https:\/\/talkpal.ai\/da\/makedonske-grammatikoevelser\/\",\"url\":\"https:\/\/talkpal.ai\/da\/makedonske-grammatikoevelser\/\",\"name\":\"Makedonske grammatik\u00f8velser - Talkpal\",\"isPartOf\":{\"@id\":\"https:\/\/talkpal.ai\/da\/#website\"},\"primaryImageOfPage\":{\"@id\":\"https:\/\/talkpal.ai\/da\/makedonske-grammatikoevelser\/#primaryimage\"},\"image\":{\"@id\":\"https:\/\/talkpal.ai\/da\/makedonske-grammatikoevelser\/#primaryimage\"},\"thumbnailUrl\":\"https:\/\/talkpal.ai\/wp-content\/uploads\/2023\/05\/republic-of-macedonia.png\",\"datePublished\":\"2023-06-22T08:24:14+00:00\",\"dateModified\":\"2025-12-17T15:56:34+00:00\",\"description\":\"F\u00e5 styr p\u00e5 makedonsk grammatik med interaktive makedonske grammatik\u00f8velser fra Talkpaldin AI-drevne sprogl\u00e6rer.\",\"breadcrumb\":{\"@id\":\"https:\/\/talkpal.ai\/da\/makedonske-grammatikoevelser\/#breadcrumb\"},\"inLanguage\":\"da-DK\",\"potentialAction\":[{\"@type\":\"ReadAction\",\"target\":[\"https:\/\/talkpal.ai\/da\/makedonske-grammatikoevelser\/\"]}]},{\"@type\":\"ImageObject\",\"inLanguage\":\"da-DK\",\"@id\":\"https:\/\/talkpal.ai\/da\/makedonske-grammatikoevelser\/#primaryimage\",\"url\":\"https:\/\/talkpal.ai\/wp-content\/uploads\/2023\/05\/republic-of-macedonia.png\",\"contentUrl\":\"https:\/\/talkpal.ai\/wp-content\/uploads\/2023\/05\/republic-of-macedonia.png\",\"width\":512,\"height\":512},{\"@type\":\"BreadcrumbList\",\"@id\":\"https:\/\/talkpal.ai\/da\/makedonske-grammatikoevelser\/#breadcrumb\",\"itemListElement\":[{\"@type\":\"ListItem\",\"position\":1,\"name\":\"Homepage\",\"item\":\"https:\/\/talkpal.ai\/da\/\"},{\"@type\":\"ListItem\",\"position\":2,\"name\":\"Makedonske grammatik\u00f8velser\"}]},{\"@type\":\"WebSite\",\"@id\":\"https:\/\/talkpal.ai\/da\/#website\",\"url\":\"https:\/\/talkpal.ai\/da\/\",\"name\":\"Talkpal\",\"description\":\"AI Language Learning\",\"publisher\":{\"@id\":\"https:\/\/talkpal.ai\/da\/#organization\"},\"alternateName\":\"Talkpal AI\",\"potentialAction\":[{\"@type\":\"SearchAction\",\"target\":{\"@type\":\"EntryPoint\",\"urlTemplate\":\"https:\/\/talkpal.ai\/da\/?s={search_term_string}\"},\"query-input\":{\"@type\":\"PropertyValueSpecification\",\"valueRequired\":true,\"valueName\":\"search_term_string\"}}],\"inLanguage\":\"da-DK\"},{\"@type\":\"Organization\",\"@id\":\"https:\/\/talkpal.ai\/da\/#organization\",\"name\":\"Talkpal, Inc.\",\"alternateName\":\"Talkpal AI\",\"url\":\"https:\/\/talkpal.ai\/da\/\",\"logo\":{\"@type\":\"ImageObject\",\"inLanguage\":\"da-DK\",\"@id\":\"https:\/\/talkpal.ai\/da\/#\/schema\/logo\/image\/\",\"url\":\"https:\/\/talkpal.ai\/wp-content\/uploads\/2024\/03\/Talkpal-Logo-Icon.png\",\"contentUrl\":\"https:\/\/talkpal.ai\/wp-content\/uploads\/2024\/03\/Talkpal-Logo-Icon.png\",\"width\":2880,\"height\":2880,\"caption\":\"Talkpal, Inc.\"},\"image\":{\"@id\":\"https:\/\/talkpal.ai\/da\/#\/schema\/logo\/image\/\"},\"sameAs\":[\"https:\/\/www.facebook.com\/profile.php?id=100090733639311\",\"https:\/\/x.com\/talkpalai\",\"https:\/\/www.linkedin.com\/company\/talkpal\/\",\"https:\/\/www.youtube.com\/@TalkPal\/\",\"https:\/\/www.tiktok.com\/@talkpal\",\"https:\/\/www.instagram.com\/talkpal_ai\/\",\"https:\/\/www.crunchbase.com\/organization\/talkpal-9cde\",\"https:\/\/www.g2.com\/products\/talkpal-for-business\/\",\"https:\/\/www.trustpilot.com\/review\/talkpal.ai\",\"https:\/\/www.capterra.com\/p\/10006800\/TalkPal\/\"],\"description\":\"Talkpal is a language learning web and mobile education app, powered by the latest AI technologies, that provides engaging experiences to its customers in many different languages to help them improve their language skills. Users can chat about unlimited amount of topics with the app and use other modes to practice their language learning.\",\"email\":\"support@talkpal.ai\",\"legalName\":\"Talkpal, Inc.\",\"foundingDate\":\"2023-04-03\",\"duns\":\"118989042\",\"numberOfEmployees\":{\"@type\":\"QuantitativeValue\",\"minValue\":\"11\",\"maxValue\":\"50\"},\"publishingPrinciples\":\"https:\/\/talkpal.ai\/publishing-principles\/\",\"actionableFeedbackPolicy\":\"https:\/\/talkpal.ai\/actionable-feedback-policy\/\",\"correctionsPolicy\":\"https:\/\/talkpal.ai\/corrections-policy\/\",\"ethicsPolicy\":\"https:\/\/talkpal.ai\/ethics-policy\/\",\"diversityPolicy\":\"https:\/\/talkpal.ai\/diversity-policy\/\",\"diversityStaffingReport\":\"https:\/\/talkpal.ai\/diversity-policy\/\"}]}<\/script>\n<!-- \/ Yoast SEO Premium plugin. -->","yoast_head_json":{"title":"Makedonske grammatik\u00f8velser - Talkpal","description":"F\u00e5 styr p\u00e5 makedonsk grammatik med interaktive makedonske grammatik\u00f8velser fra Talkpaldin AI-drevne sprogl\u00e6rer.","robots":{"index":"index","follow":"follow","max-snippet":"max-snippet:-1","max-image-preview":"max-image-preview:large","max-video-preview":"max-video-preview:-1"},"canonical":"https:\/\/talkpal.ai\/da\/makedonske-grammatikoevelser\/","og_locale":"da_DK","og_type":"article","og_title":"Makedonske grammatik\u00f8velser","og_description":"Makedonske grammatik emner Makedonsk, et sydslavisk sprog, er det officielle sprog i Nordmakedonien. Det tales af over to millioner mennesker verden over","og_url":"https:\/\/talkpal.ai\/da\/makedonske-grammatikoevelser\/","og_site_name":"Talkpal","article_publisher":"https:\/\/www.facebook.com\/profile.php?id=100090733639311","article_modified_time":"2025-12-17T15:56:34+00:00","og_image":[{"width":512,"height":512,"url":"https:\/\/talkpal.ai\/wp-content\/uploads\/2023\/05\/republic-of-macedonia.png","type":"image\/png"}],"twitter_card":"summary_large_image","twitter_site":"@talkpalai","twitter_misc":{"Estimeret l\u00e6setid":"3 minutter"},"schema":{"@context":"https:\/\/schema.org","@graph":[{"@type":"WebPage","@id":"https:\/\/talkpal.ai\/da\/makedonske-grammatikoevelser\/","url":"https:\/\/talkpal.ai\/da\/makedonske-grammatikoevelser\/","name":"Makedonske grammatik\u00f8velser - Talkpal","isPartOf":{"@id":"https:\/\/talkpal.ai\/da\/#website"},"primaryImageOfPage":{"@id":"https:\/\/talkpal.ai\/da\/makedonske-grammatikoevelser\/#primaryimage"},"image":{"@id":"https:\/\/talkpal.ai\/da\/makedonske-grammatikoevelser\/#primaryimage"},"thumbnailUrl":"https:\/\/talkpal.ai\/wp-content\/uploads\/2023\/05\/republic-of-macedonia.png","datePublished":"2023-06-22T08:24:14+00:00","dateModified":"2025-12-17T15:56:34+00:00","description":"F\u00e5 styr p\u00e5 makedonsk grammatik med interaktive makedonske grammatik\u00f8velser fra Talkpaldin AI-drevne sprogl\u00e6rer.","breadcrumb":{"@id":"https:\/\/talkpal.ai\/da\/makedonske-grammatikoevelser\/#breadcrumb"},"inLanguage":"da-DK","potentialAction":[{"@type":"ReadAction","target":["https:\/\/talkpal.ai\/da\/makedonske-grammatikoevelser\/"]}]},{"@type":"ImageObject","inLanguage":"da-DK","@id":"https:\/\/talkpal.ai\/da\/makedonske-grammatikoevelser\/#primaryimage","url":"https:\/\/talkpal.ai\/wp-content\/uploads\/2023\/05\/republic-of-macedonia.png","contentUrl":"https:\/\/talkpal.ai\/wp-content\/uploads\/2023\/05\/republic-of-macedonia.png","width":512,"height":512},{"@type":"BreadcrumbList","@id":"https:\/\/talkpal.ai\/da\/makedonske-grammatikoevelser\/#breadcrumb","itemListElement":[{"@type":"ListItem","position":1,"name":"Homepage","item":"https:\/\/talkpal.ai\/da\/"},{"@type":"ListItem","position":2,"name":"Makedonske grammatik\u00f8velser"}]},{"@type":"WebSite","@id":"https:\/\/talkpal.ai\/da\/#website","url":"https:\/\/talkpal.ai\/da\/","name":"Talkpal","description":"AI Language Learning","publisher":{"@id":"https:\/\/talkpal.ai\/da\/#organization"},"alternateName":"Talkpal AI","potentialAction":[{"@type":"SearchAction","target":{"@type":"EntryPoint","urlTemplate":"https:\/\/talkpal.ai\/da\/?s={search_term_string}"},"query-input":{"@type":"PropertyValueSpecification","valueRequired":true,"valueName":"search_term_string"}}],"inLanguage":"da-DK"},{"@type":"Organization","@id":"https:\/\/talkpal.ai\/da\/#organization","name":"Talkpal, Inc.","alternateName":"Talkpal AI","url":"https:\/\/talkpal.ai\/da\/","logo":{"@type":"ImageObject","inLanguage":"da-DK","@id":"https:\/\/talkpal.ai\/da\/#\/schema\/logo\/image\/","url":"https:\/\/talkpal.ai\/wp-content\/uploads\/2024\/03\/Talkpal-Logo-Icon.png","contentUrl":"https:\/\/talkpal.ai\/wp-content\/uploads\/2024\/03\/Talkpal-Logo-Icon.png","width":2880,"height":2880,"caption":"Talkpal, Inc."},"image":{"@id":"https:\/\/talkpal.ai\/da\/#\/schema\/logo\/image\/"},"sameAs":["https:\/\/www.facebook.com\/profile.php?id=100090733639311","https:\/\/x.com\/talkpalai","https:\/\/www.linkedin.com\/company\/talkpal\/","https:\/\/www.youtube.com\/@TalkPal\/","https:\/\/www.tiktok.com\/@talkpal","https:\/\/www.instagram.com\/talkpal_ai\/","https:\/\/www.crunchbase.com\/organization\/talkpal-9cde","https:\/\/www.g2.com\/products\/talkpal-for-business\/","https:\/\/www.trustpilot.com\/review\/talkpal.ai","https:\/\/www.capterra.com\/p\/10006800\/TalkPal\/"],"description":"Talkpal is a language learning web and mobile education app, powered by the latest AI technologies, that provides engaging experiences to its customers in many different languages to help them improve their language skills. Users can chat about unlimited amount of topics with the app and use other modes to practice their language learning.","email":"support@talkpal.ai","legalName":"Talkpal, Inc.","foundingDate":"2023-04-03","duns":"118989042","numberOfEmployees":{"@type":"QuantitativeValue","minValue":"11","maxValue":"50"},"publishingPrinciples":"https:\/\/talkpal.ai\/publishing-principles\/","actionableFeedbackPolicy":"https:\/\/talkpal.ai\/actionable-feedback-policy\/","correctionsPolicy":"https:\/\/talkpal.ai\/corrections-policy\/","ethicsPolicy":"https:\/\/talkpal.ai\/ethics-policy\/","diversityPolicy":"https:\/\/talkpal.ai\/diversity-policy\/","diversityStaffingReport":"https:\/\/talkpal.ai\/diversity-policy\/"}]}},"_links":{"self":[{"href":"https:\/\/talkpal.ai\/da\/wp-json\/wp\/v2\/pages\/159987","targetHints":{"allow":["GET"]}}],"collection":[{"href":"https:\/\/talkpal.ai\/da\/wp-json\/wp\/v2\/pages"}],"about":[{"href":"https:\/\/talkpal.ai\/da\/wp-json\/wp\/v2\/types\/page"}],"author":[{"embeddable":true,"href":"https:\/\/talkpal.ai\/da\/wp-json\/wp\/v2\/users\/6"}],"replies":[{"embeddable":true,"href":"https:\/\/talkpal.ai\/da\/wp-json\/wp\/v2\/comments?post=159987"}],"version-history":[{"count":0,"href":"https:\/\/talkpal.ai\/da\/wp-json\/wp\/v2\/pages\/159987\/revisions"}],"wp:featuredmedia":[{"embeddable":true,"href":"https:\/\/talkpal.ai\/da\/wp-json\/wp\/v2\/media\/115384"}],"wp:attachment":[{"href":"https:\/\/talkpal.ai\/da\/wp-json\/wp\/v2\/media?parent=159987"}],"curies":[{"name":"wp","href":"https:\/\/api.w.org\/{rel}","templated":true}]}}