{"id":159668,"date":"2023-06-22T08:29:59","date_gmt":"2023-06-22T08:29:59","guid":{"rendered":"http:\/\/talkpal.ai\/malajiske-grammatikoevelser\/"},"modified":"2025-12-17T15:23:27","modified_gmt":"2025-12-17T15:23:27","slug":"malajiske-grammatikoevelser","status":"publish","type":"page","link":"https:\/\/talkpal.ai\/da\/malajiske-grammatikoevelser\/","title":{"rendered":"Malajiske grammatik\u00f8velser"},"content":{"rendered":"\r\n\r\n\r\n<section class=\"languageChallengeSection\">\r\n    <div class=\"languageInfoWrapper\">\r\n        \r\n        <h1>Malajiske grammatik\u00f8velser<\/h1>\r\n        <p>Er du klar til at blive mere fortrolig med malaysisk? Grammatik\u00f8velser er en god m\u00e5de at f\u00e5 styr p\u00e5 s\u00e6tningsstruktur, verbalformer og sprogets unikke egenskaber. Begynd at udforske malaysisk <a href=\"https:\/\/talkpal.ai\/fr\/les\/\">grammatik<\/a> i dag, og se dine f\u00e6rdigheder og din selvtillid vokse med hver \u00f8velse!<\/p>\r\n\r\n                            <a class=\"getStartedHidden\" href=\"https:\/\/app.talkpal.ai\/da\/signup?lng=\">Kom i gang<\/a>\r\n        \r\n    <\/div>\r\n\r\n    <figure>\r\n    <img decoding=\"async\" width=\"768\" height=\"768\" src=\"https:\/\/talkpal.ai\/wp-content\/uploads\/2023\/06\/malay-768x768.png\" class=\"languageImage no-lazy\" alt=\"Language learning for personal accomplishments\" fetchpriority=\"high\" sizes=\"(max-width: 768px) 150px, 768px\" srcset=\"https:\/\/talkpal.ai\/wp-content\/uploads\/2023\/06\/malay-768x768.png 768w, https:\/\/talkpal.ai\/wp-content\/uploads\/2023\/06\/malay-300x300.png 300w\" \/>\r\n    \r\n\r\n    <\/figure>\r\n\r\n            <a class=\"getStartedVisible\" href=\"https:\/\/app.talkpal.ai\/da\/signup?lng=\">Kom i gang<\/a>\r\n    \r\n<\/section>\r\n\r\n\r\n<!-- <section class=\"grammarSection\">\r\n    <div class=\"grammarLinks\">\r\n            <\/div>\r\n<\/section> -->\r\n\r\n\r\n\r\n\r\n<section class=\"promotionalBanner\">\r\n    <p class=\"promotionalText\">Den mest effektive m\u00e5de at l\u00e6re et <a href=\"https:\/\/talkpal.ai\/what-language-is-spoken-on-the-international-space-station\/\">sprog<\/a> p\u00e5<\/p>\r\n    <a class=\"promotionalLink\" href=\"https:\/\/app.talkpal.ai\/da\/signup?lng=\">Pr\u00f8v Talkpal gratis<\/a>\r\n<\/section>\n<div class=\"wp-block-group pageContainerStyle\"><div class=\"wp-block-group__inner-container is-layout-constrained wp-block-group-is-layout-constrained\">\n<h2 class=\"wp-block-heading\" id=\"h-malay-grammar-topics\">Malajiske grammatiske emner<\/h2>\n\n\n\n<p>At l\u00e6re det malaysiske sprog kan v\u00e6re en berigende oplevelse, der \u00e5bner muligheder for at forst\u00e5 den rige kulturarv i Malaysia, Indonesien og nabolandene. Sproget tilh\u00f8rer den austronesiske familie og tales af millioner af mennesker i hele Syd\u00f8stasien. Dens grammatik er relativt enkel sammenlignet med mange europ\u00e6iske sprog, hvilket g\u00f8r det til et attraktivt valg for sprogelever. F\u00f8r man dykker ned i de forskellige aspekter af <a href=\"https:\/\/talkpal.ai\/sv\/grammar\/utropstexter-i-malaysisk-grammatik\/\">malaysisk grammatik<\/a>, er det vigtigt at g\u00f8re sig bekendt med de grundl\u00e6ggende byggesten, som sproget best\u00e5r af. I denne vejledning vil vi udforske disse emner i en r\u00e6kkef\u00f8lge, der hj\u00e6lper dig med at l\u00e6re sproget effektivt.<\/p>\n\n\n\n<h3 class=\"wp-block-heading\" id=\"h-1-nouns\">1. Substantiver:<\/h3>\n\n\n\n<p>Start med at l\u00e6re malaysiske navneord, de ord, der repr\u00e6senterer mennesker, steder, ting og ideer. P\u00e5 malaysisk har substantiver ikke k\u00f8ns- eller flertalsformer som p\u00e5 mange andre sprog, hvilket g\u00f8r dem lettere at l\u00e6re. Fokuser p\u00e5 at opbygge dit ordforr\u00e5d ved at huske almindelige navneord og deres betydning.<\/p>\n\n\n\n<h3 class=\"wp-block-heading\" id=\"h-2-pronouns-determiners\">2. Pronomen\/determinere:<\/h3>\n\n\n\n<p>L\u00e6r derefter malaysiske pronomen og determinere, som <a href=\"https:\/\/talkpal.ai\/locations\/learn-french-in-bruges\/\">bruges<\/a> til at henvise til navneord. Pronomen erstatter substantiver i s\u00e6tninger, mens determinere giver information om substantivet, s\u00e5som m\u00e6ngde eller besiddelse. G\u00f8r dig fortrolig med personlige pronominer (f.eks. saya for &#8220;jeg&#8221; og kamu for &#8220;du&#8221;) og possessive determinanter (f.eks. ini for &#8220;dette&#8221; og <a href=\"https:\/\/talkpal.ai\/locations\/language-courses-in-itu\/\">itu<\/a> for &#8220;det&#8221;).<\/p>\n\n\n\n<h3 class=\"wp-block-heading\" id=\"h-3-articles\">3. Artikler:<\/h3>\n\n\n\n<p>I mods\u00e6tning til <a href=\"https:\/\/talkpal.ai\/learn-english-with-ai\/\">engelsk<\/a> har <a href=\"https:\/\/talkpal.ai\/learn-malay\/\">malay<\/a> ikke bestemte eller ubestemte artikler (f.eks. &#8220;the&#8221; eller &#8220;a\/an&#8221;). Det er dog stadig vigtigt at forst\u00e5, hvordan sproget angiver specificitet og generalitet i s\u00e6tninger.<\/p>\n\n\n\n<h3 class=\"wp-block-heading\" id=\"h-4-verbs\">4. Udsagnsord:<\/h3>\n\n\n\n<p>Verb er afg\u00f8rende p\u00e5 malaysisk, <a href=\"https:\/\/talkpal.ai\/culture\/how-do-you-use-the-conjunction-da-de\/\">da de<\/a> udtrykker handlinger, tilstande eller forekomster. L\u00e6r de grundl\u00e6ggende verbformer, og hvordan man b\u00f8jer dem efter tid, person og tal.<\/p>\n\n\n\n<h3 class=\"wp-block-heading\" id=\"h-5-tenses\">5. Tider:<\/h3>\n\n\n\n<p>Malajisk har f\u00e6rre tider end engelsk, med prim\u00e6r v\u00e6gt p\u00e5 fortidige, nuv\u00e6rende og fremtidige handlinger. L\u00e6r at udtrykke tid p\u00e5 malaysisk ved at forst\u00e5 forskellene mellem enkle, progressive og perfekte tider.<\/p>\n\n\n\n<h3 class=\"wp-block-heading\" id=\"h-6-adjectives\">6. Adjektiver:<\/h3>\n\n\n\n<p>Adjektiver beskriver eller \u00e6ndrer substantiver og giver yderligere oplysninger om deres kvaliteter eller egenskaber. L\u00e6r almindelige malaysiske adjektiver, og hvordan de \u00e6ndrer sig i s\u00e6tninger i henhold til det substantiv, de \u00e6ndrer.<\/p>\n\n\n\n<h3 class=\"wp-block-heading\" id=\"h-7-adverbs\">7. Adverb:<\/h3>\n\n\n\n<p>Adverb \u00e6ndrer verb, adjektiver eller andre adverb og giver information om tid, m\u00e5de, sted eller grad. Unders\u00f8g almindelige malaysiske adverb og deres placering i s\u00e6tninger.<\/p>\n\n\n\n<h3 class=\"wp-block-heading\" id=\"h-8-prepositions\">8. Pr\u00e6positioner:<\/h3>\n\n\n\n<p>Pr\u00e6positioner bruges til at forbinde substantiver, pronomen eller s\u00e6tninger til andre ord i en s\u00e6tning, der viser relationer som placering, retning eller tid. L\u00e6r almindelige malaysiske pr\u00e6positioner og hvordan de fungerer i s\u00e6tninger.<\/p>\n\n\n\n<h3 class=\"wp-block-heading\" id=\"h-9-conditionals\">9. Betingelser:<\/h3>\n\n\n\n<p>Betingede s\u00e6tninger udtrykker hypotetiske situationer eller betingelser og deres mulige resultater. L\u00e6r hvordan du danner betingede s\u00e6tninger p\u00e5 malaysisk ved hj\u00e6lp af de relevante verbformer og sammenh\u00e6nge.<\/p>\n\n\n\n<h3 class=\"wp-block-heading\" id=\"h-10-sentences\">10. S\u00e6tninger:<\/h3>\n\n\n\n<p>Endelig skal du \u00f8ve dig p\u00e5 at konstruere malaysiske s\u00e6tninger ved at kombinere substantiver, pronomen, verb, verb, adjektiver, adverb og pr\u00e6positioner. Forst\u00e5 den grundl\u00e6ggende s\u00e6tningsstruktur, s\u00e5som emne-verb-objekt, og \u00f8v dig i at oprette komplekse s\u00e6tninger ved hj\u00e6lp af konjunktioner og relative klausuler.<\/p>\n\n\n\n<p>Ved at f\u00f8lge denne r\u00e6kkef\u00f8lge og dedikere tid til at \u00f8ve hvert emne, vil du opbygge et st\u00e6rkt fundament i malaysisk grammatik og v\u00e6re godt p\u00e5 vej til at blive en dygtig taler af sproget.<\/p>\n<\/div><\/div>\n\r\n<section class=\"learnNavigationSection\">\r\n            \r\n        <a href=\"https:\/\/talkpal.ai\/da\/laer-malaysisk\/\">\r\n            <div class=\"learnNavigationWrapper\">\r\n                <div class=\"learnNavigationContent\">\r\n                    <img decoding=\"async\" src=\"https:\/\/talkpal.ai\/wp-content\/uploads\/2024\/08\/Malay.jpg\" alt=\"Malaysian Flag\">\r\n                    <div>\r\n                        <h4>Om Malay Learning<\/h4>\r\n                        <p>Find ud af alt om malaysisk grammatik.<\/p>\r\n                    <\/div>\r\n                <\/div>\r\n            <\/div>\r\n        <\/a>\r\n\r\n        \r\n        <a href=\"https:\/\/talkpal.ai\/da\/malajisk-grammatik\/\">\r\n            <div class=\"learnNavigationWrapper\">\r\n                <div class=\"learnNavigationContent\">\r\n                    <img decoding=\"async\" src=\"https:\/\/talkpal.ai\/wp-content\/uploads\/2024\/08\/Malay.jpg\" alt=\"Malaysian Flag\">\r\n                    <div>\r\n                        <h4>Lektioner i malaysisk grammatik<\/h4>\r\n                        <p>\u00d8v malaysisk grammatik.<\/p>\r\n                    <\/div>\r\n                <\/div>\r\n            <\/div>\r\n        <\/a>\r\n\r\n        \r\n        <a href=\"https:\/\/talkpal.ai\/vocabulary_language\/malay\/\">\r\n            <div class=\"learnNavigationWrapper\">\r\n                <div class=\"learnNavigationContent\">\r\n                    <img decoding=\"async\" src=\"https:\/\/talkpal.ai\/wp-content\/uploads\/2024\/08\/Malay.jpg\" alt=\"Malaysian Flag\">\r\n                    <div>\r\n                        <h4>Malaysisk ordforr\u00e5d<\/h4>\r\n                        <p>Udvid dit malaysiske ordforr\u00e5d.<\/p>\r\n                    <\/div>\r\n                <\/div>\r\n            <\/div>\r\n        <\/a>\r\n\r\n            <\/section>","protected":false},"excerpt":{"rendered":"<p>Malajiske grammatiske emner At l\u00e6re det malaysiske sprog kan v\u00e6re en berigende oplevelse, der \u00e5bner muligheder for at forst\u00e5 den rige kulturarv i Malaysia, Indonesien og nabolandene. Sproget tilh\u00f8rer den austronesiske familie og tales af millioner af mennesker i hele Syd\u00f8stasien. Dens grammatik er relativt enkel sammenlignet med mange europ\u00e6iske sprog, hvilket g\u00f8r det til [&hellip;]<\/p>\n","protected":false},"author":6,"featured_media":115600,"parent":0,"menu_order":0,"comment_status":"closed","ping_status":"closed","template":"LearningContentPage.php","meta":{"_acf_changed":false,"footnotes":""},"class_list":["post-159668","page","type-page","status-publish","has-post-thumbnail","hentry"],"acf":[],"yoast_head":"<!-- This site is optimized with the Yoast SEO Premium plugin v27.2 (Yoast SEO v27.2) - https:\/\/yoast.com\/product\/yoast-seo-premium-wordpress\/ -->\n<title>Malajiske grammatik\u00f8velser - Talkpal<\/title>\n<meta name=\"description\" content=\"Forbedr dine sprogf\u00e6rdigheder med malaysiske grammatik\u00f8velser. L\u00e6r det grundl\u00e6ggende for at f\u00e5 en bedre forst\u00e5else af det malaysiske sprog.\" \/>\n<meta name=\"robots\" content=\"index, follow, max-snippet:-1, max-image-preview:large, max-video-preview:-1\" \/>\n<link rel=\"canonical\" href=\"https:\/\/talkpal.ai\/da\/malajiske-grammatikoevelser\/\" \/>\n<meta property=\"og:locale\" content=\"da_DK\" \/>\n<meta property=\"og:type\" content=\"article\" \/>\n<meta property=\"og:title\" content=\"Malajiske grammatik\u00f8velser\" \/>\n<meta property=\"og:description\" content=\"Malajiske grammatiske emner At l\u00e6re det malaysiske sprog kan v\u00e6re en berigende oplevelse, der \u00e5bner muligheder for at forst\u00e5 den rige kulturarv i\" \/>\n<meta property=\"og:url\" content=\"https:\/\/talkpal.ai\/da\/malajiske-grammatikoevelser\/\" \/>\n<meta property=\"og:site_name\" content=\"Talkpal\" \/>\n<meta property=\"article:publisher\" content=\"https:\/\/www.facebook.com\/profile.php?id=100090733639311\" \/>\n<meta property=\"article:modified_time\" content=\"2025-12-17T15:23:27+00:00\" \/>\n<meta property=\"og:image\" content=\"https:\/\/talkpal.ai\/wp-content\/uploads\/2023\/05\/malaysia.png\" \/>\n\t<meta property=\"og:image:width\" content=\"512\" \/>\n\t<meta property=\"og:image:height\" content=\"512\" \/>\n\t<meta property=\"og:image:type\" content=\"image\/png\" \/>\n<meta name=\"twitter:card\" content=\"summary_large_image\" \/>\n<meta name=\"twitter:site\" content=\"@talkpalai\" \/>\n<meta name=\"twitter:label1\" content=\"Estimeret l\u00e6setid\" \/>\n\t<meta name=\"twitter:data1\" content=\"3 minutter\" \/>\n<script type=\"application\/ld+json\" class=\"yoast-schema-graph\">{\"@context\":\"https:\/\/schema.org\",\"@graph\":[{\"@type\":\"WebPage\",\"@id\":\"https:\/\/talkpal.ai\/da\/malajiske-grammatikoevelser\/\",\"url\":\"https:\/\/talkpal.ai\/da\/malajiske-grammatikoevelser\/\",\"name\":\"Malajiske grammatik\u00f8velser - Talkpal\",\"isPartOf\":{\"@id\":\"https:\/\/talkpal.ai\/da\/#website\"},\"primaryImageOfPage\":{\"@id\":\"https:\/\/talkpal.ai\/da\/malajiske-grammatikoevelser\/#primaryimage\"},\"image\":{\"@id\":\"https:\/\/talkpal.ai\/da\/malajiske-grammatikoevelser\/#primaryimage\"},\"thumbnailUrl\":\"https:\/\/talkpal.ai\/wp-content\/uploads\/2023\/05\/malaysia.png\",\"datePublished\":\"2023-06-22T08:29:59+00:00\",\"dateModified\":\"2025-12-17T15:23:27+00:00\",\"description\":\"Forbedr dine sprogf\u00e6rdigheder med malaysiske grammatik\u00f8velser. L\u00e6r det grundl\u00e6ggende for at f\u00e5 en bedre forst\u00e5else af det malaysiske sprog.\",\"breadcrumb\":{\"@id\":\"https:\/\/talkpal.ai\/da\/malajiske-grammatikoevelser\/#breadcrumb\"},\"inLanguage\":\"da-DK\",\"potentialAction\":[{\"@type\":\"ReadAction\",\"target\":[\"https:\/\/talkpal.ai\/da\/malajiske-grammatikoevelser\/\"]}]},{\"@type\":\"ImageObject\",\"inLanguage\":\"da-DK\",\"@id\":\"https:\/\/talkpal.ai\/da\/malajiske-grammatikoevelser\/#primaryimage\",\"url\":\"https:\/\/talkpal.ai\/wp-content\/uploads\/2023\/05\/malaysia.png\",\"contentUrl\":\"https:\/\/talkpal.ai\/wp-content\/uploads\/2023\/05\/malaysia.png\",\"width\":512,\"height\":512},{\"@type\":\"BreadcrumbList\",\"@id\":\"https:\/\/talkpal.ai\/da\/malajiske-grammatikoevelser\/#breadcrumb\",\"itemListElement\":[{\"@type\":\"ListItem\",\"position\":1,\"name\":\"Homepage\",\"item\":\"https:\/\/talkpal.ai\/da\/\"},{\"@type\":\"ListItem\",\"position\":2,\"name\":\"Malajiske grammatik\u00f8velser\"}]},{\"@type\":\"WebSite\",\"@id\":\"https:\/\/talkpal.ai\/da\/#website\",\"url\":\"https:\/\/talkpal.ai\/da\/\",\"name\":\"Talkpal\",\"description\":\"AI Language Learning\",\"publisher\":{\"@id\":\"https:\/\/talkpal.ai\/da\/#organization\"},\"alternateName\":\"Talkpal AI\",\"potentialAction\":[{\"@type\":\"SearchAction\",\"target\":{\"@type\":\"EntryPoint\",\"urlTemplate\":\"https:\/\/talkpal.ai\/da\/?s={search_term_string}\"},\"query-input\":{\"@type\":\"PropertyValueSpecification\",\"valueRequired\":true,\"valueName\":\"search_term_string\"}}],\"inLanguage\":\"da-DK\"},{\"@type\":\"Organization\",\"@id\":\"https:\/\/talkpal.ai\/da\/#organization\",\"name\":\"Talkpal, Inc.\",\"alternateName\":\"Talkpal AI\",\"url\":\"https:\/\/talkpal.ai\/da\/\",\"logo\":{\"@type\":\"ImageObject\",\"inLanguage\":\"da-DK\",\"@id\":\"https:\/\/talkpal.ai\/da\/#\/schema\/logo\/image\/\",\"url\":\"https:\/\/talkpal.ai\/wp-content\/uploads\/2024\/03\/Talkpal-Logo-Icon.png\",\"contentUrl\":\"https:\/\/talkpal.ai\/wp-content\/uploads\/2024\/03\/Talkpal-Logo-Icon.png\",\"width\":2880,\"height\":2880,\"caption\":\"Talkpal, Inc.\"},\"image\":{\"@id\":\"https:\/\/talkpal.ai\/da\/#\/schema\/logo\/image\/\"},\"sameAs\":[\"https:\/\/www.facebook.com\/profile.php?id=100090733639311\",\"https:\/\/x.com\/talkpalai\",\"https:\/\/www.linkedin.com\/company\/talkpal\/\",\"https:\/\/www.youtube.com\/@TalkPal\/\",\"https:\/\/www.tiktok.com\/@talkpal\",\"https:\/\/www.instagram.com\/talkpal_ai\/\",\"https:\/\/www.crunchbase.com\/organization\/talkpal-9cde\",\"https:\/\/www.g2.com\/products\/talkpal-for-business\/\",\"https:\/\/www.trustpilot.com\/review\/talkpal.ai\",\"https:\/\/www.capterra.com\/p\/10006800\/TalkPal\/\"],\"description\":\"Talkpal is a language learning web and mobile education app, powered by the latest AI technologies, that provides engaging experiences to its customers in many different languages to help them improve their language skills. Users can chat about unlimited amount of topics with the app and use other modes to practice their language learning.\",\"email\":\"support@talkpal.ai\",\"legalName\":\"Talkpal, Inc.\",\"foundingDate\":\"2023-04-03\",\"duns\":\"118989042\",\"numberOfEmployees\":{\"@type\":\"QuantitativeValue\",\"minValue\":\"11\",\"maxValue\":\"50\"},\"publishingPrinciples\":\"https:\/\/talkpal.ai\/publishing-principles\/\",\"actionableFeedbackPolicy\":\"https:\/\/talkpal.ai\/actionable-feedback-policy\/\",\"correctionsPolicy\":\"https:\/\/talkpal.ai\/corrections-policy\/\",\"ethicsPolicy\":\"https:\/\/talkpal.ai\/ethics-policy\/\",\"diversityPolicy\":\"https:\/\/talkpal.ai\/diversity-policy\/\",\"diversityStaffingReport\":\"https:\/\/talkpal.ai\/diversity-policy\/\"}]}<\/script>\n<!-- \/ Yoast SEO Premium plugin. -->","yoast_head_json":{"title":"Malajiske grammatik\u00f8velser - Talkpal","description":"Forbedr dine sprogf\u00e6rdigheder med malaysiske grammatik\u00f8velser. L\u00e6r det grundl\u00e6ggende for at f\u00e5 en bedre forst\u00e5else af det malaysiske sprog.","robots":{"index":"index","follow":"follow","max-snippet":"max-snippet:-1","max-image-preview":"max-image-preview:large","max-video-preview":"max-video-preview:-1"},"canonical":"https:\/\/talkpal.ai\/da\/malajiske-grammatikoevelser\/","og_locale":"da_DK","og_type":"article","og_title":"Malajiske grammatik\u00f8velser","og_description":"Malajiske grammatiske emner At l\u00e6re det malaysiske sprog kan v\u00e6re en berigende oplevelse, der \u00e5bner muligheder for at forst\u00e5 den rige kulturarv i","og_url":"https:\/\/talkpal.ai\/da\/malajiske-grammatikoevelser\/","og_site_name":"Talkpal","article_publisher":"https:\/\/www.facebook.com\/profile.php?id=100090733639311","article_modified_time":"2025-12-17T15:23:27+00:00","og_image":[{"width":512,"height":512,"url":"https:\/\/talkpal.ai\/wp-content\/uploads\/2023\/05\/malaysia.png","type":"image\/png"}],"twitter_card":"summary_large_image","twitter_site":"@talkpalai","twitter_misc":{"Estimeret l\u00e6setid":"3 minutter"},"schema":{"@context":"https:\/\/schema.org","@graph":[{"@type":"WebPage","@id":"https:\/\/talkpal.ai\/da\/malajiske-grammatikoevelser\/","url":"https:\/\/talkpal.ai\/da\/malajiske-grammatikoevelser\/","name":"Malajiske grammatik\u00f8velser - Talkpal","isPartOf":{"@id":"https:\/\/talkpal.ai\/da\/#website"},"primaryImageOfPage":{"@id":"https:\/\/talkpal.ai\/da\/malajiske-grammatikoevelser\/#primaryimage"},"image":{"@id":"https:\/\/talkpal.ai\/da\/malajiske-grammatikoevelser\/#primaryimage"},"thumbnailUrl":"https:\/\/talkpal.ai\/wp-content\/uploads\/2023\/05\/malaysia.png","datePublished":"2023-06-22T08:29:59+00:00","dateModified":"2025-12-17T15:23:27+00:00","description":"Forbedr dine sprogf\u00e6rdigheder med malaysiske grammatik\u00f8velser. L\u00e6r det grundl\u00e6ggende for at f\u00e5 en bedre forst\u00e5else af det malaysiske sprog.","breadcrumb":{"@id":"https:\/\/talkpal.ai\/da\/malajiske-grammatikoevelser\/#breadcrumb"},"inLanguage":"da-DK","potentialAction":[{"@type":"ReadAction","target":["https:\/\/talkpal.ai\/da\/malajiske-grammatikoevelser\/"]}]},{"@type":"ImageObject","inLanguage":"da-DK","@id":"https:\/\/talkpal.ai\/da\/malajiske-grammatikoevelser\/#primaryimage","url":"https:\/\/talkpal.ai\/wp-content\/uploads\/2023\/05\/malaysia.png","contentUrl":"https:\/\/talkpal.ai\/wp-content\/uploads\/2023\/05\/malaysia.png","width":512,"height":512},{"@type":"BreadcrumbList","@id":"https:\/\/talkpal.ai\/da\/malajiske-grammatikoevelser\/#breadcrumb","itemListElement":[{"@type":"ListItem","position":1,"name":"Homepage","item":"https:\/\/talkpal.ai\/da\/"},{"@type":"ListItem","position":2,"name":"Malajiske grammatik\u00f8velser"}]},{"@type":"WebSite","@id":"https:\/\/talkpal.ai\/da\/#website","url":"https:\/\/talkpal.ai\/da\/","name":"Talkpal","description":"AI Language Learning","publisher":{"@id":"https:\/\/talkpal.ai\/da\/#organization"},"alternateName":"Talkpal AI","potentialAction":[{"@type":"SearchAction","target":{"@type":"EntryPoint","urlTemplate":"https:\/\/talkpal.ai\/da\/?s={search_term_string}"},"query-input":{"@type":"PropertyValueSpecification","valueRequired":true,"valueName":"search_term_string"}}],"inLanguage":"da-DK"},{"@type":"Organization","@id":"https:\/\/talkpal.ai\/da\/#organization","name":"Talkpal, Inc.","alternateName":"Talkpal AI","url":"https:\/\/talkpal.ai\/da\/","logo":{"@type":"ImageObject","inLanguage":"da-DK","@id":"https:\/\/talkpal.ai\/da\/#\/schema\/logo\/image\/","url":"https:\/\/talkpal.ai\/wp-content\/uploads\/2024\/03\/Talkpal-Logo-Icon.png","contentUrl":"https:\/\/talkpal.ai\/wp-content\/uploads\/2024\/03\/Talkpal-Logo-Icon.png","width":2880,"height":2880,"caption":"Talkpal, Inc."},"image":{"@id":"https:\/\/talkpal.ai\/da\/#\/schema\/logo\/image\/"},"sameAs":["https:\/\/www.facebook.com\/profile.php?id=100090733639311","https:\/\/x.com\/talkpalai","https:\/\/www.linkedin.com\/company\/talkpal\/","https:\/\/www.youtube.com\/@TalkPal\/","https:\/\/www.tiktok.com\/@talkpal","https:\/\/www.instagram.com\/talkpal_ai\/","https:\/\/www.crunchbase.com\/organization\/talkpal-9cde","https:\/\/www.g2.com\/products\/talkpal-for-business\/","https:\/\/www.trustpilot.com\/review\/talkpal.ai","https:\/\/www.capterra.com\/p\/10006800\/TalkPal\/"],"description":"Talkpal is a language learning web and mobile education app, powered by the latest AI technologies, that provides engaging experiences to its customers in many different languages to help them improve their language skills. Users can chat about unlimited amount of topics with the app and use other modes to practice their language learning.","email":"support@talkpal.ai","legalName":"Talkpal, Inc.","foundingDate":"2023-04-03","duns":"118989042","numberOfEmployees":{"@type":"QuantitativeValue","minValue":"11","maxValue":"50"},"publishingPrinciples":"https:\/\/talkpal.ai\/publishing-principles\/","actionableFeedbackPolicy":"https:\/\/talkpal.ai\/actionable-feedback-policy\/","correctionsPolicy":"https:\/\/talkpal.ai\/corrections-policy\/","ethicsPolicy":"https:\/\/talkpal.ai\/ethics-policy\/","diversityPolicy":"https:\/\/talkpal.ai\/diversity-policy\/","diversityStaffingReport":"https:\/\/talkpal.ai\/diversity-policy\/"}]}},"_links":{"self":[{"href":"https:\/\/talkpal.ai\/da\/wp-json\/wp\/v2\/pages\/159668","targetHints":{"allow":["GET"]}}],"collection":[{"href":"https:\/\/talkpal.ai\/da\/wp-json\/wp\/v2\/pages"}],"about":[{"href":"https:\/\/talkpal.ai\/da\/wp-json\/wp\/v2\/types\/page"}],"author":[{"embeddable":true,"href":"https:\/\/talkpal.ai\/da\/wp-json\/wp\/v2\/users\/6"}],"replies":[{"embeddable":true,"href":"https:\/\/talkpal.ai\/da\/wp-json\/wp\/v2\/comments?post=159668"}],"version-history":[{"count":0,"href":"https:\/\/talkpal.ai\/da\/wp-json\/wp\/v2\/pages\/159668\/revisions"}],"wp:featuredmedia":[{"embeddable":true,"href":"https:\/\/talkpal.ai\/da\/wp-json\/wp\/v2\/media\/115600"}],"wp:attachment":[{"href":"https:\/\/talkpal.ai\/da\/wp-json\/wp\/v2\/media?parent=159668"}],"curies":[{"name":"wp","href":"https:\/\/api.w.org\/{rel}","templated":true}]}}