{"id":159124,"date":"2023-06-22T08:43:13","date_gmt":"2023-06-22T08:43:13","guid":{"rendered":"http:\/\/talkpal.ai\/maori-grammatik-oevelser\/"},"modified":"2025-12-17T14:40:50","modified_gmt":"2025-12-17T14:40:50","slug":"maori-grammatik-oevelser","status":"publish","type":"page","link":"https:\/\/talkpal.ai\/da\/maori-grammatik-oevelser\/","title":{"rendered":"Maori grammatik \u00f8velser"},"content":{"rendered":"\r\n\r\n\r\n<section class=\"languageChallengeSection\">\r\n    <div class=\"languageInfoWrapper\">\r\n        \r\n        <h1>Maori grammatik \u00f8velser<\/h1>\r\n        <p>Vil du styrke dine <a href=\"https:\/\/talkpal.ai\/culture\/how-do-i-start-learning-te-reo-maori-as-a-beginner\/\">te reo M\u0101ori<\/a>-f\u00e6rdigheder? Grammatik\u00f8velser er en god m\u00e5de at forst\u00e5 s\u00e6tningsopbygning, verbalformer og centrale m\u00f8nstre i sproget p\u00e5. Begynd at udforske M\u0101ori-grammatikken i dag, og se din selvtillid og dine evner vokse med hver ny \u00f8velse!<\/p>\r\n\r\n                            <a class=\"getStartedHidden\" href=\"https:\/\/app.talkpal.ai\/da\/signup?lng=\">Kom i gang<\/a>\r\n        \r\n    <\/div>\r\n\r\n    <figure>\r\n    <img decoding=\"async\" width=\"768\" height=\"768\" src=\"https:\/\/talkpal.ai\/wp-content\/uploads\/2023\/06\/maori-768x768.png\" class=\"languageImage no-lazy\" alt=\"Language learning for social and professional settings\" fetchpriority=\"high\" sizes=\"(max-width: 768px) 150px, 768px\" srcset=\"https:\/\/talkpal.ai\/wp-content\/uploads\/2023\/06\/maori-768x768.png 768w, https:\/\/talkpal.ai\/wp-content\/uploads\/2023\/06\/maori-300x300.png 300w\" \/>\r\n    \r\n\r\n    <\/figure>\r\n\r\n            <a class=\"getStartedVisible\" href=\"https:\/\/app.talkpal.ai\/da\/signup?lng=\">Kom i gang<\/a>\r\n    \r\n<\/section>\r\n\r\n\r\n<!-- <section class=\"grammarSection\">\r\n    <div class=\"grammarLinks\">\r\n            <\/div>\r\n<\/section> -->\r\n\r\n\r\n\r\n\r\n<section class=\"promotionalBanner\">\r\n    <p class=\"promotionalText\">Den mest effektive m\u00e5de at l\u00e6re et <a href=\"https:\/\/talkpal.ai\/what-language-is-spoken-on-the-international-space-station\/\">sprog<\/a> p\u00e5<\/p>\r\n    <a class=\"promotionalLink\" href=\"https:\/\/app.talkpal.ai\/da\/signup?lng=\">Pr\u00f8v Talkpal gratis<\/a>\r\n<\/section>\n<div class=\"wp-block-group pageContainerStyle\"><div class=\"wp-block-group__inner-container is-layout-constrained wp-block-group-is-layout-constrained\">\n<h2 class=\"wp-block-heading\" id=\"h-maori-grammar-topics\">Maori grammatik emner<\/h2>\n\n\n\n<p>Maori-sproget, kendt som te reo M\u0101ori, er et \u00f8stpolynesisk sprog hjemmeh\u00f8rende i <a href=\"https:\/\/talkpal.ai\/locations\/language-courses-in-new-zealand\/\">New Zealand<\/a>. Som landets officielle sprog b\u00e6rer det en rig kulturarv og unikke sproglige tr\u00e6k. At l\u00e6re <a href=\"https:\/\/talkpal.ai\/maori-grammar\/\">maori-grammatik<\/a> er afg\u00f8rende for at forst\u00e5 og kommunikere effektivt p\u00e5 sproget. Denne vejledning giver et overblik over vigtige maori-grammatikemner, organiseret i en r\u00e6kkef\u00f8lge designet til at lette din l\u00e6ringsproces. Fra tider og verber til adjektiver og pr\u00e6positioner hj\u00e6lper denne guide dig med at forst\u00e5 de v\u00e6sentlige elementer i maorigrammatik og g\u00e5 i gang med din sprogindl\u00e6ringsrejse.<\/p>\n\n\n\n<h3 class=\"wp-block-heading\" id=\"h-1-tenses\">1. Tider:<\/h3>\n\n\n\n<p>P\u00e5 <a href=\"https:\/\/talkpal.ai\/learn-maori\/\">maori<\/a> er der to prim\u00e6re tider &#8211; fortid og ikke-fortid. Fortiden angiver handlinger eller begivenheder, der allerede er sket, mens den ikke-tidligere tid omfatter b\u00e5de nuv\u00e6rende og fremtidige handlinger. Forst\u00e5else af disse tider er afg\u00f8rende for at danne s\u00e6tninger og formidle mening n\u00f8jagtigt.<\/p>\n\n\n\n<h3 class=\"wp-block-heading\" id=\"h-2-tense-comparison\">2. Ansp\u00e6ndt sammenligning:<\/h3>\n\n\n\n<p>N\u00e5r man sammenligner tider p\u00e5 <a href=\"https:\/\/talkpal.ai\/learn-maori\/\">maori<\/a>, er det vigtigt at forst\u00e5, hvordan man danner s\u00e6tninger ved hj\u00e6lp af de forskellige tider og laver passende sammenligninger mellem dem. Denne viden vil hj\u00e6lpe dig med at udtrykke handlinger og begivenheder i forskellige tidsm\u00e6ssige sammenh\u00e6nge.<\/p>\n\n\n\n<h3 class=\"wp-block-heading\" id=\"h-3-progressive\">3. Progressiv:<\/h3>\n\n\n\n<p>Det progressive aspekt i maori indikerer igangv\u00e6rende eller kontinuerlige handlinger. At l\u00e6re at bruge det progressive aspekt vil g\u00f8re det muligt for dig at beskrive handlinger, der sker i \u00f8jeblikket, hvilket tilf\u00f8jer dybde til din kommunikation.<\/p>\n\n\n\n<h3 class=\"wp-block-heading\" id=\"h-4-perfect-progressive\">4. Perfekt progressiv:<\/h3>\n\n\n\n<p>Det perfekte progressive aspekt kombinerer elementer af b\u00e5de de perfekte og progressive aspekter, hvilket indikerer handlinger, der har v\u00e6ret i gang, men nu er afsluttet. Mastering af dette aspekt hj\u00e6lper dig med at formidle mere komplekse ideer og situationer.<\/p>\n\n\n\n<h3 class=\"wp-block-heading\" id=\"h-5-verbs\">5. Udsagnsord:<\/h3>\n\n\n\n<p>Verber er afg\u00f8rende for at konstruere s\u00e6tninger og udtrykke handlinger eller tilstande af at v\u00e6re p\u00e5 maori. At blive fortrolig med verbb\u00f8jning, almindelige verber og deres brug er afg\u00f8rende for effektiv kommunikation.<\/p>\n\n\n\n<h3 class=\"wp-block-heading\" id=\"h-6-nouns\">6. Substantiver:<\/h3>\n\n\n\n<p>Substantiver er grundlaget for ethvert sprog, der repr\u00e6senterer mennesker, steder, ting eller ideer. At l\u00e6re maori-navneord hj\u00e6lper dig med at opbygge dit ordforr\u00e5d og forbedre din overordnede forst\u00e5else af sproget.<\/p>\n\n\n\n<h3 class=\"wp-block-heading\" id=\"h-7-articles\">7. Artikler:<\/h3>\n\n\n\n<p>Maori bruger artikler til at specificere definitiviteten eller ubestemtheden af et substantiv. Forst\u00e5else af brugen af artikler hj\u00e6lper dig med at konstruere s\u00e6tninger med klarhed og pr\u00e6cision.<\/p>\n\n\n\n<h3 class=\"wp-block-heading\" id=\"h-8-pronouns-determiners\">8. Pronomen\/determinere:<\/h3>\n\n\n\n<p>Pronomen og determinere spiller en afg\u00f8rende rolle i maorigrammatik og hj\u00e6lper med at identificere eller specificere et substantiv. G\u00f8r dig bekendt med forskellige pronomen og determinere for at forbedre dine sprogf\u00e6rdigheder.<\/p>\n\n\n\n<h3 class=\"wp-block-heading\" id=\"h-9-adjectives\">9. Adjektiver:<\/h3>\n\n\n\n<p>Adjektiver giver beskrivelser, kvaliteter eller attributter til substantiver. At l\u00e6re maori-adjektiver giver dig mulighed for at udtrykke mere detaljerede og nuancerede ideer.<\/p>\n\n\n\n<h3 class=\"wp-block-heading\" id=\"h-10-adverbs\">10. Adverb:<\/h3>\n\n\n\n<p>Adverb \u00e6ndrer verb, adjektiver eller andre adverb, der giver yderligere oplysninger om handlinger eller kvaliteter. Mastering Maori adverb vil hj\u00e6lpe dig med at formidle mening mere effektivt og tilf\u00f8je variation til dine s\u00e6tninger.<\/p>\n\n\n\n<h3 class=\"wp-block-heading\" id=\"h-11-conditionals\">11. Betingelser:<\/h3>\n\n\n\n<p>Betingelser <a href=\"https:\/\/talkpal.ai\/locations\/learn-french-in-bruges\/\">bruges<\/a> til at udtrykke hypotetiske situationer eller konsekvenser p\u00e5 maori. Forst\u00e5else af betingede former hj\u00e6lper dig med at kommunikere komplekse ideer og muligheder.<\/p>\n\n\n\n<h3 class=\"wp-block-heading\" id=\"h-12-prepositions\">12. Pr\u00e6positioner:<\/h3>\n\n\n\n<p>Pr\u00e6positioner er afg\u00f8rende for at angive forhold mellem ord, s\u00e5som placering, retning eller tid. At l\u00e6re maori-pr\u00e6positioner hj\u00e6lper dig med at konstruere mere komplekse og meningsfulde s\u00e6tninger.<\/p>\n\n\n\n<h3 class=\"wp-block-heading\" id=\"h-13-sentences\">13. S\u00e6tninger:<\/h3>\n\n\n\n<p>Endelig er forst\u00e5else af s\u00e6tningsstruktur og ordstilling afg\u00f8rende for effektiv kommunikation p\u00e5 maori. G\u00f8r dig bekendt med forskellige s\u00e6tningsm\u00f8nstre og \u00f8v dig i at konstruere s\u00e6tninger ved hj\u00e6lp af de grammatikemner, der er d\u00e6kket i denne vejledning.<\/p>\n<\/div><\/div>\n\r\n<section class=\"learnNavigationSection\">\r\n            \r\n        <a href=\"https:\/\/talkpal.ai\/da\/laer-maori\/\">\r\n            <div class=\"learnNavigationWrapper\">\r\n                <div class=\"learnNavigationContent\">\r\n                    <img decoding=\"async\" src=\"https:\/\/talkpal.ai\/wp-content\/uploads\/2024\/08\/Maori.jpg\" alt=\"New Zealand Flag\">\r\n                    <div>\r\n                        <h4>Lektioner i maori-grammatik<\/h4>\r\n                        <p>Find ud af alt om maori-grammatik.<\/p>\r\n                    <\/div>\r\n                <\/div>\r\n            <\/div>\r\n        <\/a>\r\n\r\n        \r\n        <a href=\"https:\/\/talkpal.ai\/da\/maori-grammatik\/\">\r\n            <div class=\"learnNavigationWrapper\">\r\n                <div class=\"learnNavigationContent\">\r\n                    <img decoding=\"async\" src=\"https:\/\/talkpal.ai\/wp-content\/uploads\/2024\/08\/Maori.jpg\" alt=\"New Zealand Flag\">\r\n                    <div>\r\n                        <h4>Lektioner i maori-grammatik<\/h4>\r\n                        <p>\u00d8v dig i maori-grammatik.<\/p>\r\n                    <\/div>\r\n                <\/div>\r\n            <\/div>\r\n        <\/a>\r\n\r\n        \r\n        <a href=\"https:\/\/talkpal.ai\/vocabulary_language\/maori\/\">\r\n            <div class=\"learnNavigationWrapper\">\r\n                <div class=\"learnNavigationContent\">\r\n                    <img decoding=\"async\" src=\"https:\/\/talkpal.ai\/wp-content\/uploads\/2024\/08\/Maori.jpg\" alt=\"New Zealand Flag\">\r\n                    <div>\r\n                        <h4>Maori-ordforr\u00e5d<\/h4>\r\n                        <p>Udvid dit maori-ordforr\u00e5d.<\/p>\r\n                    <\/div>\r\n                <\/div>\r\n            <\/div>\r\n        <\/a>\r\n\r\n            <\/section>","protected":false},"excerpt":{"rendered":"<p>Maori grammatik emner Maori-sproget, kendt som te reo M\u0101ori, er et \u00f8stpolynesisk sprog hjemmeh\u00f8rende i New Zealand. Som landets officielle sprog b\u00e6rer det en rig kulturarv og unikke sproglige tr\u00e6k. At l\u00e6re maori-grammatik er afg\u00f8rende for at forst\u00e5 og kommunikere effektivt p\u00e5 sproget. Denne vejledning giver et overblik over vigtige maori-grammatikemner, organiseret i en r\u00e6kkef\u00f8lge [&hellip;]<\/p>\n","protected":false},"author":6,"featured_media":116725,"parent":0,"menu_order":0,"comment_status":"closed","ping_status":"closed","template":"LearningContentPage.php","meta":{"_acf_changed":false,"footnotes":""},"class_list":["post-159124","page","type-page","status-publish","has-post-thumbnail","hentry"],"acf":[],"yoast_head":"<!-- This site is optimized with the Yoast SEO Premium plugin v27.2 (Yoast SEO v27.2) - https:\/\/yoast.com\/product\/yoast-seo-premium-wordpress\/ -->\n<title>Maori grammatik \u00f8velser - Talkpal<\/title>\n<meta name=\"description\" content=\"Forbedr dine sprogf\u00e6rdigheder med maori-grammatik\u00f8velser, der er designet til at \u00f8ge din forst\u00e5else og flydende tale p\u00e5 maori.\" \/>\n<meta name=\"robots\" content=\"index, follow, max-snippet:-1, max-image-preview:large, max-video-preview:-1\" \/>\n<link rel=\"canonical\" href=\"https:\/\/talkpal.ai\/da\/maori-grammatik-oevelser\/\" \/>\n<meta property=\"og:locale\" content=\"da_DK\" \/>\n<meta property=\"og:type\" content=\"article\" \/>\n<meta property=\"og:title\" content=\"Maori grammatik \u00f8velser\" \/>\n<meta property=\"og:description\" content=\"Maori grammatik emner Maori-sproget, kendt som te reo M\u0101ori, er et \u00f8stpolynesisk sprog hjemmeh\u00f8rende i New Zealand. Som landets officielle sprog b\u00e6rer det\" \/>\n<meta property=\"og:url\" content=\"https:\/\/talkpal.ai\/da\/maori-grammatik-oevelser\/\" \/>\n<meta property=\"og:site_name\" content=\"Talkpal\" \/>\n<meta property=\"article:publisher\" content=\"https:\/\/www.facebook.com\/profile.php?id=100090733639311\" \/>\n<meta property=\"article:modified_time\" content=\"2025-12-17T14:40:50+00:00\" \/>\n<meta property=\"og:image\" content=\"https:\/\/talkpal.ai\/wp-content\/uploads\/2023\/05\/Maori-new-zealand.png\" \/>\n\t<meta property=\"og:image:width\" content=\"512\" \/>\n\t<meta property=\"og:image:height\" content=\"512\" \/>\n\t<meta property=\"og:image:type\" content=\"image\/png\" \/>\n<meta name=\"twitter:card\" content=\"summary_large_image\" \/>\n<meta name=\"twitter:site\" content=\"@talkpalai\" \/>\n<meta name=\"twitter:label1\" content=\"Estimeret l\u00e6setid\" \/>\n\t<meta name=\"twitter:data1\" content=\"3 minutter\" \/>\n<script type=\"application\/ld+json\" class=\"yoast-schema-graph\">{\"@context\":\"https:\/\/schema.org\",\"@graph\":[{\"@type\":\"WebPage\",\"@id\":\"https:\/\/talkpal.ai\/da\/maori-grammatik-oevelser\/\",\"url\":\"https:\/\/talkpal.ai\/da\/maori-grammatik-oevelser\/\",\"name\":\"Maori grammatik \u00f8velser - Talkpal\",\"isPartOf\":{\"@id\":\"https:\/\/talkpal.ai\/da\/#website\"},\"primaryImageOfPage\":{\"@id\":\"https:\/\/talkpal.ai\/da\/maori-grammatik-oevelser\/#primaryimage\"},\"image\":{\"@id\":\"https:\/\/talkpal.ai\/da\/maori-grammatik-oevelser\/#primaryimage\"},\"thumbnailUrl\":\"https:\/\/talkpal.ai\/wp-content\/uploads\/2023\/05\/Maori-new-zealand.png\",\"datePublished\":\"2023-06-22T08:43:13+00:00\",\"dateModified\":\"2025-12-17T14:40:50+00:00\",\"description\":\"Forbedr dine sprogf\u00e6rdigheder med maori-grammatik\u00f8velser, der er designet til at \u00f8ge din forst\u00e5else og flydende tale p\u00e5 maori.\",\"breadcrumb\":{\"@id\":\"https:\/\/talkpal.ai\/da\/maori-grammatik-oevelser\/#breadcrumb\"},\"inLanguage\":\"da-DK\",\"potentialAction\":[{\"@type\":\"ReadAction\",\"target\":[\"https:\/\/talkpal.ai\/da\/maori-grammatik-oevelser\/\"]}]},{\"@type\":\"ImageObject\",\"inLanguage\":\"da-DK\",\"@id\":\"https:\/\/talkpal.ai\/da\/maori-grammatik-oevelser\/#primaryimage\",\"url\":\"https:\/\/talkpal.ai\/wp-content\/uploads\/2023\/05\/Maori-new-zealand.png\",\"contentUrl\":\"https:\/\/talkpal.ai\/wp-content\/uploads\/2023\/05\/Maori-new-zealand.png\",\"width\":512,\"height\":512},{\"@type\":\"BreadcrumbList\",\"@id\":\"https:\/\/talkpal.ai\/da\/maori-grammatik-oevelser\/#breadcrumb\",\"itemListElement\":[{\"@type\":\"ListItem\",\"position\":1,\"name\":\"Homepage\",\"item\":\"https:\/\/talkpal.ai\/da\/\"},{\"@type\":\"ListItem\",\"position\":2,\"name\":\"Maori grammatik \u00f8velser\"}]},{\"@type\":\"WebSite\",\"@id\":\"https:\/\/talkpal.ai\/da\/#website\",\"url\":\"https:\/\/talkpal.ai\/da\/\",\"name\":\"Talkpal\",\"description\":\"AI Language Learning\",\"publisher\":{\"@id\":\"https:\/\/talkpal.ai\/da\/#organization\"},\"alternateName\":\"Talkpal AI\",\"potentialAction\":[{\"@type\":\"SearchAction\",\"target\":{\"@type\":\"EntryPoint\",\"urlTemplate\":\"https:\/\/talkpal.ai\/da\/?s={search_term_string}\"},\"query-input\":{\"@type\":\"PropertyValueSpecification\",\"valueRequired\":true,\"valueName\":\"search_term_string\"}}],\"inLanguage\":\"da-DK\"},{\"@type\":\"Organization\",\"@id\":\"https:\/\/talkpal.ai\/da\/#organization\",\"name\":\"Talkpal, Inc.\",\"alternateName\":\"Talkpal AI\",\"url\":\"https:\/\/talkpal.ai\/da\/\",\"logo\":{\"@type\":\"ImageObject\",\"inLanguage\":\"da-DK\",\"@id\":\"https:\/\/talkpal.ai\/da\/#\/schema\/logo\/image\/\",\"url\":\"https:\/\/talkpal.ai\/wp-content\/uploads\/2024\/03\/Talkpal-Logo-Icon.png\",\"contentUrl\":\"https:\/\/talkpal.ai\/wp-content\/uploads\/2024\/03\/Talkpal-Logo-Icon.png\",\"width\":2880,\"height\":2880,\"caption\":\"Talkpal, Inc.\"},\"image\":{\"@id\":\"https:\/\/talkpal.ai\/da\/#\/schema\/logo\/image\/\"},\"sameAs\":[\"https:\/\/www.facebook.com\/profile.php?id=100090733639311\",\"https:\/\/x.com\/talkpalai\",\"https:\/\/www.linkedin.com\/company\/talkpal\/\",\"https:\/\/www.youtube.com\/@TalkPal\/\",\"https:\/\/www.tiktok.com\/@talkpal\",\"https:\/\/www.instagram.com\/talkpal_ai\/\",\"https:\/\/www.crunchbase.com\/organization\/talkpal-9cde\",\"https:\/\/www.g2.com\/products\/talkpal-for-business\/\",\"https:\/\/www.trustpilot.com\/review\/talkpal.ai\",\"https:\/\/www.capterra.com\/p\/10006800\/TalkPal\/\"],\"description\":\"Talkpal is a language learning web and mobile education app, powered by the latest AI technologies, that provides engaging experiences to its customers in many different languages to help them improve their language skills. Users can chat about unlimited amount of topics with the app and use other modes to practice their language learning.\",\"email\":\"support@talkpal.ai\",\"legalName\":\"Talkpal, Inc.\",\"foundingDate\":\"2023-04-03\",\"duns\":\"118989042\",\"numberOfEmployees\":{\"@type\":\"QuantitativeValue\",\"minValue\":\"11\",\"maxValue\":\"50\"},\"publishingPrinciples\":\"https:\/\/talkpal.ai\/publishing-principles\/\",\"actionableFeedbackPolicy\":\"https:\/\/talkpal.ai\/actionable-feedback-policy\/\",\"correctionsPolicy\":\"https:\/\/talkpal.ai\/corrections-policy\/\",\"ethicsPolicy\":\"https:\/\/talkpal.ai\/ethics-policy\/\",\"diversityPolicy\":\"https:\/\/talkpal.ai\/diversity-policy\/\",\"diversityStaffingReport\":\"https:\/\/talkpal.ai\/diversity-policy\/\"}]}<\/script>\n<!-- \/ Yoast SEO Premium plugin. -->","yoast_head_json":{"title":"Maori grammatik \u00f8velser - Talkpal","description":"Forbedr dine sprogf\u00e6rdigheder med maori-grammatik\u00f8velser, der er designet til at \u00f8ge din forst\u00e5else og flydende tale p\u00e5 maori.","robots":{"index":"index","follow":"follow","max-snippet":"max-snippet:-1","max-image-preview":"max-image-preview:large","max-video-preview":"max-video-preview:-1"},"canonical":"https:\/\/talkpal.ai\/da\/maori-grammatik-oevelser\/","og_locale":"da_DK","og_type":"article","og_title":"Maori grammatik \u00f8velser","og_description":"Maori grammatik emner Maori-sproget, kendt som te reo M\u0101ori, er et \u00f8stpolynesisk sprog hjemmeh\u00f8rende i New Zealand. Som landets officielle sprog b\u00e6rer det","og_url":"https:\/\/talkpal.ai\/da\/maori-grammatik-oevelser\/","og_site_name":"Talkpal","article_publisher":"https:\/\/www.facebook.com\/profile.php?id=100090733639311","article_modified_time":"2025-12-17T14:40:50+00:00","og_image":[{"width":512,"height":512,"url":"https:\/\/talkpal.ai\/wp-content\/uploads\/2023\/05\/Maori-new-zealand.png","type":"image\/png"}],"twitter_card":"summary_large_image","twitter_site":"@talkpalai","twitter_misc":{"Estimeret l\u00e6setid":"3 minutter"},"schema":{"@context":"https:\/\/schema.org","@graph":[{"@type":"WebPage","@id":"https:\/\/talkpal.ai\/da\/maori-grammatik-oevelser\/","url":"https:\/\/talkpal.ai\/da\/maori-grammatik-oevelser\/","name":"Maori grammatik \u00f8velser - Talkpal","isPartOf":{"@id":"https:\/\/talkpal.ai\/da\/#website"},"primaryImageOfPage":{"@id":"https:\/\/talkpal.ai\/da\/maori-grammatik-oevelser\/#primaryimage"},"image":{"@id":"https:\/\/talkpal.ai\/da\/maori-grammatik-oevelser\/#primaryimage"},"thumbnailUrl":"https:\/\/talkpal.ai\/wp-content\/uploads\/2023\/05\/Maori-new-zealand.png","datePublished":"2023-06-22T08:43:13+00:00","dateModified":"2025-12-17T14:40:50+00:00","description":"Forbedr dine sprogf\u00e6rdigheder med maori-grammatik\u00f8velser, der er designet til at \u00f8ge din forst\u00e5else og flydende tale p\u00e5 maori.","breadcrumb":{"@id":"https:\/\/talkpal.ai\/da\/maori-grammatik-oevelser\/#breadcrumb"},"inLanguage":"da-DK","potentialAction":[{"@type":"ReadAction","target":["https:\/\/talkpal.ai\/da\/maori-grammatik-oevelser\/"]}]},{"@type":"ImageObject","inLanguage":"da-DK","@id":"https:\/\/talkpal.ai\/da\/maori-grammatik-oevelser\/#primaryimage","url":"https:\/\/talkpal.ai\/wp-content\/uploads\/2023\/05\/Maori-new-zealand.png","contentUrl":"https:\/\/talkpal.ai\/wp-content\/uploads\/2023\/05\/Maori-new-zealand.png","width":512,"height":512},{"@type":"BreadcrumbList","@id":"https:\/\/talkpal.ai\/da\/maori-grammatik-oevelser\/#breadcrumb","itemListElement":[{"@type":"ListItem","position":1,"name":"Homepage","item":"https:\/\/talkpal.ai\/da\/"},{"@type":"ListItem","position":2,"name":"Maori grammatik \u00f8velser"}]},{"@type":"WebSite","@id":"https:\/\/talkpal.ai\/da\/#website","url":"https:\/\/talkpal.ai\/da\/","name":"Talkpal","description":"AI Language Learning","publisher":{"@id":"https:\/\/talkpal.ai\/da\/#organization"},"alternateName":"Talkpal AI","potentialAction":[{"@type":"SearchAction","target":{"@type":"EntryPoint","urlTemplate":"https:\/\/talkpal.ai\/da\/?s={search_term_string}"},"query-input":{"@type":"PropertyValueSpecification","valueRequired":true,"valueName":"search_term_string"}}],"inLanguage":"da-DK"},{"@type":"Organization","@id":"https:\/\/talkpal.ai\/da\/#organization","name":"Talkpal, Inc.","alternateName":"Talkpal AI","url":"https:\/\/talkpal.ai\/da\/","logo":{"@type":"ImageObject","inLanguage":"da-DK","@id":"https:\/\/talkpal.ai\/da\/#\/schema\/logo\/image\/","url":"https:\/\/talkpal.ai\/wp-content\/uploads\/2024\/03\/Talkpal-Logo-Icon.png","contentUrl":"https:\/\/talkpal.ai\/wp-content\/uploads\/2024\/03\/Talkpal-Logo-Icon.png","width":2880,"height":2880,"caption":"Talkpal, Inc."},"image":{"@id":"https:\/\/talkpal.ai\/da\/#\/schema\/logo\/image\/"},"sameAs":["https:\/\/www.facebook.com\/profile.php?id=100090733639311","https:\/\/x.com\/talkpalai","https:\/\/www.linkedin.com\/company\/talkpal\/","https:\/\/www.youtube.com\/@TalkPal\/","https:\/\/www.tiktok.com\/@talkpal","https:\/\/www.instagram.com\/talkpal_ai\/","https:\/\/www.crunchbase.com\/organization\/talkpal-9cde","https:\/\/www.g2.com\/products\/talkpal-for-business\/","https:\/\/www.trustpilot.com\/review\/talkpal.ai","https:\/\/www.capterra.com\/p\/10006800\/TalkPal\/"],"description":"Talkpal is a language learning web and mobile education app, powered by the latest AI technologies, that provides engaging experiences to its customers in many different languages to help them improve their language skills. Users can chat about unlimited amount of topics with the app and use other modes to practice their language learning.","email":"support@talkpal.ai","legalName":"Talkpal, Inc.","foundingDate":"2023-04-03","duns":"118989042","numberOfEmployees":{"@type":"QuantitativeValue","minValue":"11","maxValue":"50"},"publishingPrinciples":"https:\/\/talkpal.ai\/publishing-principles\/","actionableFeedbackPolicy":"https:\/\/talkpal.ai\/actionable-feedback-policy\/","correctionsPolicy":"https:\/\/talkpal.ai\/corrections-policy\/","ethicsPolicy":"https:\/\/talkpal.ai\/ethics-policy\/","diversityPolicy":"https:\/\/talkpal.ai\/diversity-policy\/","diversityStaffingReport":"https:\/\/talkpal.ai\/diversity-policy\/"}]}},"_links":{"self":[{"href":"https:\/\/talkpal.ai\/da\/wp-json\/wp\/v2\/pages\/159124","targetHints":{"allow":["GET"]}}],"collection":[{"href":"https:\/\/talkpal.ai\/da\/wp-json\/wp\/v2\/pages"}],"about":[{"href":"https:\/\/talkpal.ai\/da\/wp-json\/wp\/v2\/types\/page"}],"author":[{"embeddable":true,"href":"https:\/\/talkpal.ai\/da\/wp-json\/wp\/v2\/users\/6"}],"replies":[{"embeddable":true,"href":"https:\/\/talkpal.ai\/da\/wp-json\/wp\/v2\/comments?post=159124"}],"version-history":[{"count":0,"href":"https:\/\/talkpal.ai\/da\/wp-json\/wp\/v2\/pages\/159124\/revisions"}],"wp:featuredmedia":[{"embeddable":true,"href":"https:\/\/talkpal.ai\/da\/wp-json\/wp\/v2\/media\/116725"}],"wp:attachment":[{"href":"https:\/\/talkpal.ai\/da\/wp-json\/wp\/v2\/media?parent=159124"}],"curies":[{"name":"wp","href":"https:\/\/api.w.org\/{rel}","templated":true}]}}