{"id":155594,"date":"2023-07-05T10:34:01","date_gmt":"2023-07-05T10:34:01","guid":{"rendered":"http:\/\/talkpal.ai\/tyrkiske-grammatikoevelser\/"},"modified":"2025-12-17T10:36:16","modified_gmt":"2025-12-17T10:36:16","slug":"tyrkiske-grammatikoevelser","status":"publish","type":"page","link":"https:\/\/talkpal.ai\/da\/tyrkiske-grammatikoevelser\/","title":{"rendered":"Tyrkiske grammatik\u00f8velser"},"content":{"rendered":"\r\n\r\n\r\n<section class=\"languageChallengeSection\">\r\n    <div class=\"languageInfoWrapper\">\r\n        \r\n        <h1>Tyrkiske grammatik\u00f8velser<\/h1>\r\n        <p>Vil du f\u00f8le dig mere sikker p\u00e5 <a href=\"https:\/\/talkpal.ai\/learn-turkish\/\">tyrkisk<\/a>? Grammatik\u00f8velser er en god m\u00e5de at f\u00e5 styr p\u00e5 s\u00e6tningsopbygning, verbernes b\u00f8jninger og hverdagsm\u00f8nstre i sproget. Begynd at udforske tyrkiske grammatik\u00f8velser i dag, og se din forst\u00e5else og dine talef\u00e6rdigheder blive stadigt bedre!<\/p>\r\n\r\n                            <a class=\"getStartedHidden\" href=\"https:\/\/app.talkpal.ai\/da\/signup?lng=\">Kom i gang<\/a>\r\n        \r\n    <\/div>\r\n\r\n    <figure>\r\n    <img decoding=\"async\" width=\"768\" height=\"768\" src=\"https:\/\/talkpal.ai\/wp-content\/uploads\/2023\/06\/turkish-768x768.png\" class=\"languageImage no-lazy\" alt=\"Language learning for increased focus\" fetchpriority=\"high\" sizes=\"(max-width: 768px) 150px, 768px\" srcset=\"https:\/\/talkpal.ai\/wp-content\/uploads\/2023\/06\/turkish-768x768.png 768w, https:\/\/talkpal.ai\/wp-content\/uploads\/2023\/06\/turkish-300x300.png 300w\" \/>\r\n    \r\n\r\n    <\/figure>\r\n\r\n            <a class=\"getStartedVisible\" href=\"https:\/\/app.talkpal.ai\/da\/signup?lng=\">Kom i gang<\/a>\r\n    \r\n<\/section>\r\n\r\n\r\n<!-- <section class=\"grammarSection\">\r\n    <div class=\"grammarLinks\">\r\n            <\/div>\r\n<\/section> -->\r\n\r\n\r\n\r\n\r\n<section class=\"promotionalBanner\">\r\n    <p class=\"promotionalText\">Den mest effektive m\u00e5de at l\u00e6re et <a href=\"https:\/\/talkpal.ai\/what-language-is-spoken-on-the-international-space-station\/\">sprog<\/a> p\u00e5<\/p>\r\n    <a class=\"promotionalLink\" href=\"https:\/\/app.talkpal.ai\/da\/signup?lng=\">Pr\u00f8v Talkpal gratis<\/a>\r\n<\/section>\n<div class=\"wp-block-group pageContainerStyle\"><div class=\"wp-block-group__inner-container is-layout-constrained wp-block-group-is-layout-constrained\">\n<h2 class=\"wp-block-heading\" id=\"h-turkish-grammar-topics\">Tyrkiske grammatikemner<\/h2>\n\n\n\n<p>At l\u00e6re det tyrkiske sprog kan v\u00e6re en givende, men udfordrende indsats p\u00e5 grund af dets unikke struktur og <a href=\"https:\/\/talkpal.ai\/fr\/les\/\">grammatik<\/a>. Et af de vigtigste aspekter af det tyrkiske sprog, som eleverne skal forst\u00e5, er dets grammatik, som omfatter emner som tider, verb, substantiver, artikler, adjektiver, adverb, betingede, pr\u00e6positioner og s\u00e6tningskonstruktion. Forst\u00e5else af disse komponenter er afg\u00f8rende for at <a href=\"https:\/\/talkpal.ai\/locations\/language-courses-in-mestre\/\">mestre<\/a> sproget, <a href=\"https:\/\/talkpal.ai\/culture\/how-do-you-use-the-conjunction-da-de\/\">da de<\/a> er byggestenene i kommunikation p\u00e5 tyrkisk.<\/p>\n\n\n\n<h3 class=\"wp-block-heading\" id=\"h-1-nouns\">1. Substantiver:<\/h3>\n\n\n\n<p>Start med at l\u00e6re tyrkiske navneord, da de er sprogets mest grundl\u00e6ggende enhed. At forst\u00e5, hvordan du bruger dem i s\u00e6tninger, giver dig et godt fundament.<\/p>\n\n\n\n<h3 class=\"wp-block-heading\" id=\"h-2-articles\">2. Artikler:<\/h3>\n\n\n\n<p>P\u00e5 tyrkisk er der ingen bestemte eller ubestemte artikler. Dette g\u00f8r det lettere for begyndere. Men at l\u00e6re at udtrykke bestemthed og ubestemthed er afg\u00f8rende.<\/p>\n\n\n\n<h3 class=\"wp-block-heading\" id=\"h-3-pronouns-determiners\">3. Pronomen\/determinere:<\/h3>\n\n\n\n<p>Dette er ord, der erstatter eller \u00e6ndrer navneord. De kan angive antal, besiddelse, k\u00f8n og afstand. Det er vigtigt at l\u00e6re dem tidligt, fordi de <a href=\"https:\/\/talkpal.ai\/locations\/learn-french-in-bruges\/\">bruges<\/a> ofte.<\/p>\n\n\n\n<h3 class=\"wp-block-heading\" id=\"h-4-adjectives\">4. Adjektiver:<\/h3>\n\n\n\n<p>Adjektiver beskriver eller \u00e6ndrer navneord. Tyrkiske adjektiver \u00e6ndrer sig ikke efter k\u00f8n eller antal, hvilket g\u00f8r det nemmere at l\u00e6re.<\/p>\n\n\n\n<h3 class=\"wp-block-heading\" id=\"h-5-adverbs\">5. Adverb:<\/h3>\n\n\n\n<p>Adverb beskriver verb, adjektiver eller andre adverb. De er n\u00f8glen til at udtrykke m\u00e5de, sted, tid, frekvens, grad og mere, berigelse af dit sprog.<\/p>\n\n\n\n<h3 class=\"wp-block-heading\" id=\"h-6-verbs\">6. Udsagnsord:<\/h3>\n\n\n\n<p>Tyrkiske verb b\u00f8jes for sp\u00e6nding, hum\u00f8r, aspekt og stemme. At l\u00e6re verb er afg\u00f8rende for at danne s\u00e6tninger.<\/p>\n\n\n\n<h3 class=\"wp-block-heading\" id=\"h-7-tenses\">7. Tider:<\/h3>\n\n\n\n<p>Der er ni tider p\u00e5 tyrkisk (fortid, nutid, fremtid og deres variationer). At forst\u00e5 dem er n\u00f8glen til at udtrykke tiden pr\u00e6cist.<\/p>\n\n\n\n<h3 class=\"wp-block-heading\" id=\"h-8-tense-comparison\">8. Ansp\u00e6ndt sammenligning:<\/h3>\n\n\n\n<p>Dette hj\u00e6lper dig med at forst\u00e5 nuancerne mellem forskellige tider.<\/p>\n\n\n\n<h3 class=\"wp-block-heading\" id=\"h-9-progressive\">9. Progressiv:<\/h3>\n\n\n\n<p>Progressiv sp\u00e6nding angiver igangv\u00e6rende handlinger. Det er en underkategori af tider, som er vigtig for at kunne udtrykke sig pr\u00e6cist.<\/p>\n\n\n\n<h3 class=\"wp-block-heading\" id=\"h-10-perfect-progressive\">10. Perfekt progressiv:<\/h3>\n\n\n\n<p>Denne sp\u00e6nding angiver handlinger, der var i gang i fortiden og forts\u00e6tter op til nutiden eller lige er afsluttet. Den er mere kompleks og b\u00f8r l\u00e6res, n\u00e5r man har l\u00e6rt den progressive tid.<\/p>\n\n\n\n<h3 class=\"wp-block-heading\" id=\"h-11-conditionals\">11. Betingelser:<\/h3>\n\n\n\n<p>Betingede s\u00e6tninger udtrykker hypotetiske situationer og afh\u00e6nger af visse betingelser. De tilf\u00f8jer kompleksitet til dit sprog.<\/p>\n\n\n\n<h3 class=\"wp-block-heading\" id=\"h-12-prepositions\">12. Pr\u00e6positioner:<\/h3>\n\n\n\n<p>Pr\u00e6positioner viser forholdet mellem et substantiv eller pronomen til et andet ord i en s\u00e6tning. De er n\u00f8glen til at forbinde ord og ideer.<\/p>\n\n\n\n<h3 class=\"wp-block-heading\" id=\"h-13-sentences\">13. S\u00e6tninger:<\/h3>\n\n\n\n<p>Endelig er det kulminationen p\u00e5 at mestre alle de tidligere grammatikemner at l\u00e6re at konstruere komplette s\u00e6tninger.<\/p>\n<\/div><\/div>\n\r\n<section class=\"learnNavigationSection\">\r\n            \r\n        <a href=\"https:\/\/talkpal.ai\/da\/laer-tyrkisk\/\">\r\n            <div class=\"learnNavigationWrapper\">\r\n                <div class=\"learnNavigationContent\">\r\n                    <img decoding=\"async\" src=\"https:\/\/talkpal.ai\/wp-content\/uploads\/2024\/08\/Turkish.jpg\" alt=\"Turkish Flag\">\r\n                    <div>\r\n                        <h4>Om tyrkisk l\u00e6ring<\/h4>\r\n                        <p>Find ud af alt om tyrkisk grammatik.<\/p>\r\n                    <\/div>\r\n                <\/div>\r\n            <\/div>\r\n        <\/a>\r\n\r\n        \r\n        <a href=\"https:\/\/talkpal.ai\/da\/tyrkisk-grammatik\/\">\r\n            <div class=\"learnNavigationWrapper\">\r\n                <div class=\"learnNavigationContent\">\r\n                    <img decoding=\"async\" src=\"https:\/\/talkpal.ai\/wp-content\/uploads\/2024\/08\/Turkish.jpg\" alt=\"Turkish Flag\">\r\n                    <div>\r\n                        <h4>Tyrkiske grammatiklektioner<\/h4>\r\n                        <p>\u00d8v tyrkisk grammatik.<\/p>\r\n                    <\/div>\r\n                <\/div>\r\n            <\/div>\r\n        <\/a>\r\n\r\n        \r\n        <a href=\"https:\/\/talkpal.ai\/vocabulary_language\/turkish\/\">\r\n            <div class=\"learnNavigationWrapper\">\r\n                <div class=\"learnNavigationContent\">\r\n                    <img decoding=\"async\" src=\"https:\/\/talkpal.ai\/wp-content\/uploads\/2024\/08\/Turkish.jpg\" alt=\"Turkish Flag\">\r\n                    <div>\r\n                        <h4>Tyrkisk ordforr\u00e5d<\/h4>\r\n                        <p>Udvid dit tyrkiske ordforr\u00e5d.<\/p>\r\n                    <\/div>\r\n                <\/div>\r\n            <\/div>\r\n        <\/a>\r\n\r\n            <\/section>","protected":false},"excerpt":{"rendered":"<p>Tyrkiske grammatikemner At l\u00e6re det tyrkiske sprog kan v\u00e6re en givende, men udfordrende indsats p\u00e5 grund af dets unikke struktur og grammatik. Et af de vigtigste aspekter af det tyrkiske sprog, som eleverne skal forst\u00e5, er dets grammatik, som omfatter emner som tider, verb, substantiver, artikler, adjektiver, adverb, betingede, pr\u00e6positioner og s\u00e6tningskonstruktion. Forst\u00e5else af disse [&hellip;]<\/p>\n","protected":false},"author":6,"featured_media":120988,"parent":0,"menu_order":0,"comment_status":"closed","ping_status":"closed","template":"LearningContentPage.php","meta":{"_acf_changed":false,"footnotes":""},"class_list":["post-155594","page","type-page","status-publish","has-post-thumbnail","hentry"],"acf":[],"yoast_head":"<!-- This site is optimized with the Yoast SEO Premium plugin v27.2 (Yoast SEO v27.2) - https:\/\/yoast.com\/product\/yoast-seo-premium-wordpress\/ -->\n<title>Tyrkiske grammatik\u00f8velser - Talkpal<\/title>\n<meta name=\"description\" content=\"F\u00e5 styr p\u00e5 den tyrkiske grammatik med vores omfattende \u00f8velser i tyrkisk grammatik. Forbedr dine sprogf\u00e6rdigheder effektivt i dag.\" \/>\n<meta name=\"robots\" content=\"index, follow, max-snippet:-1, max-image-preview:large, max-video-preview:-1\" \/>\n<link rel=\"canonical\" href=\"https:\/\/talkpal.ai\/da\/tyrkiske-grammatikoevelser\/\" \/>\n<meta property=\"og:locale\" content=\"da_DK\" \/>\n<meta property=\"og:type\" content=\"article\" \/>\n<meta property=\"og:title\" content=\"Tyrkiske grammatik\u00f8velser\" \/>\n<meta property=\"og:description\" content=\"Tyrkiske grammatikemner At l\u00e6re det tyrkiske sprog kan v\u00e6re en givende, men udfordrende indsats p\u00e5 grund af dets unikke struktur og grammatik. Et af de\" \/>\n<meta property=\"og:url\" content=\"https:\/\/talkpal.ai\/da\/tyrkiske-grammatikoevelser\/\" \/>\n<meta property=\"og:site_name\" content=\"Talkpal\" \/>\n<meta property=\"article:publisher\" content=\"https:\/\/www.facebook.com\/profile.php?id=100090733639311\" \/>\n<meta property=\"article:modified_time\" content=\"2025-12-17T10:36:16+00:00\" \/>\n<meta property=\"og:image\" content=\"https:\/\/talkpal.ai\/wp-content\/uploads\/2023\/05\/turkish.png\" \/>\n\t<meta property=\"og:image:width\" content=\"512\" \/>\n\t<meta property=\"og:image:height\" content=\"512\" \/>\n\t<meta property=\"og:image:type\" content=\"image\/png\" \/>\n<meta name=\"twitter:card\" content=\"summary_large_image\" \/>\n<meta name=\"twitter:site\" content=\"@talkpalai\" \/>\n<meta name=\"twitter:label1\" content=\"Estimeret l\u00e6setid\" \/>\n\t<meta name=\"twitter:data1\" content=\"2 minutter\" \/>\n<script type=\"application\/ld+json\" class=\"yoast-schema-graph\">{\"@context\":\"https:\/\/schema.org\",\"@graph\":[{\"@type\":\"WebPage\",\"@id\":\"https:\/\/talkpal.ai\/da\/tyrkiske-grammatikoevelser\/\",\"url\":\"https:\/\/talkpal.ai\/da\/tyrkiske-grammatikoevelser\/\",\"name\":\"Tyrkiske grammatik\u00f8velser - Talkpal\",\"isPartOf\":{\"@id\":\"https:\/\/talkpal.ai\/da\/#website\"},\"primaryImageOfPage\":{\"@id\":\"https:\/\/talkpal.ai\/da\/tyrkiske-grammatikoevelser\/#primaryimage\"},\"image\":{\"@id\":\"https:\/\/talkpal.ai\/da\/tyrkiske-grammatikoevelser\/#primaryimage\"},\"thumbnailUrl\":\"https:\/\/talkpal.ai\/wp-content\/uploads\/2023\/05\/turkish.png\",\"datePublished\":\"2023-07-05T10:34:01+00:00\",\"dateModified\":\"2025-12-17T10:36:16+00:00\",\"description\":\"F\u00e5 styr p\u00e5 den tyrkiske grammatik med vores omfattende \u00f8velser i tyrkisk grammatik. Forbedr dine sprogf\u00e6rdigheder effektivt i dag.\",\"breadcrumb\":{\"@id\":\"https:\/\/talkpal.ai\/da\/tyrkiske-grammatikoevelser\/#breadcrumb\"},\"inLanguage\":\"da-DK\",\"potentialAction\":[{\"@type\":\"ReadAction\",\"target\":[\"https:\/\/talkpal.ai\/da\/tyrkiske-grammatikoevelser\/\"]}]},{\"@type\":\"ImageObject\",\"inLanguage\":\"da-DK\",\"@id\":\"https:\/\/talkpal.ai\/da\/tyrkiske-grammatikoevelser\/#primaryimage\",\"url\":\"https:\/\/talkpal.ai\/wp-content\/uploads\/2023\/05\/turkish.png\",\"contentUrl\":\"https:\/\/talkpal.ai\/wp-content\/uploads\/2023\/05\/turkish.png\",\"width\":512,\"height\":512},{\"@type\":\"BreadcrumbList\",\"@id\":\"https:\/\/talkpal.ai\/da\/tyrkiske-grammatikoevelser\/#breadcrumb\",\"itemListElement\":[{\"@type\":\"ListItem\",\"position\":1,\"name\":\"Homepage\",\"item\":\"https:\/\/talkpal.ai\/da\/\"},{\"@type\":\"ListItem\",\"position\":2,\"name\":\"Tyrkiske grammatik\u00f8velser\"}]},{\"@type\":\"WebSite\",\"@id\":\"https:\/\/talkpal.ai\/da\/#website\",\"url\":\"https:\/\/talkpal.ai\/da\/\",\"name\":\"Talkpal\",\"description\":\"AI Language Learning\",\"publisher\":{\"@id\":\"https:\/\/talkpal.ai\/da\/#organization\"},\"alternateName\":\"Talkpal AI\",\"potentialAction\":[{\"@type\":\"SearchAction\",\"target\":{\"@type\":\"EntryPoint\",\"urlTemplate\":\"https:\/\/talkpal.ai\/da\/?s={search_term_string}\"},\"query-input\":{\"@type\":\"PropertyValueSpecification\",\"valueRequired\":true,\"valueName\":\"search_term_string\"}}],\"inLanguage\":\"da-DK\"},{\"@type\":\"Organization\",\"@id\":\"https:\/\/talkpal.ai\/da\/#organization\",\"name\":\"Talkpal, Inc.\",\"alternateName\":\"Talkpal AI\",\"url\":\"https:\/\/talkpal.ai\/da\/\",\"logo\":{\"@type\":\"ImageObject\",\"inLanguage\":\"da-DK\",\"@id\":\"https:\/\/talkpal.ai\/da\/#\/schema\/logo\/image\/\",\"url\":\"https:\/\/talkpal.ai\/wp-content\/uploads\/2024\/03\/Talkpal-Logo-Icon.png\",\"contentUrl\":\"https:\/\/talkpal.ai\/wp-content\/uploads\/2024\/03\/Talkpal-Logo-Icon.png\",\"width\":2880,\"height\":2880,\"caption\":\"Talkpal, Inc.\"},\"image\":{\"@id\":\"https:\/\/talkpal.ai\/da\/#\/schema\/logo\/image\/\"},\"sameAs\":[\"https:\/\/www.facebook.com\/profile.php?id=100090733639311\",\"https:\/\/x.com\/talkpalai\",\"https:\/\/www.linkedin.com\/company\/talkpal\/\",\"https:\/\/www.youtube.com\/@TalkPal\/\",\"https:\/\/www.tiktok.com\/@talkpal\",\"https:\/\/www.instagram.com\/talkpal_ai\/\",\"https:\/\/www.crunchbase.com\/organization\/talkpal-9cde\",\"https:\/\/www.g2.com\/products\/talkpal-for-business\/\",\"https:\/\/www.trustpilot.com\/review\/talkpal.ai\",\"https:\/\/www.capterra.com\/p\/10006800\/TalkPal\/\"],\"description\":\"Talkpal is a language learning web and mobile education app, powered by the latest AI technologies, that provides engaging experiences to its customers in many different languages to help them improve their language skills. Users can chat about unlimited amount of topics with the app and use other modes to practice their language learning.\",\"email\":\"support@talkpal.ai\",\"legalName\":\"Talkpal, Inc.\",\"foundingDate\":\"2023-04-03\",\"duns\":\"118989042\",\"numberOfEmployees\":{\"@type\":\"QuantitativeValue\",\"minValue\":\"11\",\"maxValue\":\"50\"},\"publishingPrinciples\":\"https:\/\/talkpal.ai\/publishing-principles\/\",\"actionableFeedbackPolicy\":\"https:\/\/talkpal.ai\/actionable-feedback-policy\/\",\"correctionsPolicy\":\"https:\/\/talkpal.ai\/corrections-policy\/\",\"ethicsPolicy\":\"https:\/\/talkpal.ai\/ethics-policy\/\",\"diversityPolicy\":\"https:\/\/talkpal.ai\/diversity-policy\/\",\"diversityStaffingReport\":\"https:\/\/talkpal.ai\/diversity-policy\/\"}]}<\/script>\n<!-- \/ Yoast SEO Premium plugin. -->","yoast_head_json":{"title":"Tyrkiske grammatik\u00f8velser - Talkpal","description":"F\u00e5 styr p\u00e5 den tyrkiske grammatik med vores omfattende \u00f8velser i tyrkisk grammatik. Forbedr dine sprogf\u00e6rdigheder effektivt i dag.","robots":{"index":"index","follow":"follow","max-snippet":"max-snippet:-1","max-image-preview":"max-image-preview:large","max-video-preview":"max-video-preview:-1"},"canonical":"https:\/\/talkpal.ai\/da\/tyrkiske-grammatikoevelser\/","og_locale":"da_DK","og_type":"article","og_title":"Tyrkiske grammatik\u00f8velser","og_description":"Tyrkiske grammatikemner At l\u00e6re det tyrkiske sprog kan v\u00e6re en givende, men udfordrende indsats p\u00e5 grund af dets unikke struktur og grammatik. Et af de","og_url":"https:\/\/talkpal.ai\/da\/tyrkiske-grammatikoevelser\/","og_site_name":"Talkpal","article_publisher":"https:\/\/www.facebook.com\/profile.php?id=100090733639311","article_modified_time":"2025-12-17T10:36:16+00:00","og_image":[{"width":512,"height":512,"url":"https:\/\/talkpal.ai\/wp-content\/uploads\/2023\/05\/turkish.png","type":"image\/png"}],"twitter_card":"summary_large_image","twitter_site":"@talkpalai","twitter_misc":{"Estimeret l\u00e6setid":"2 minutter"},"schema":{"@context":"https:\/\/schema.org","@graph":[{"@type":"WebPage","@id":"https:\/\/talkpal.ai\/da\/tyrkiske-grammatikoevelser\/","url":"https:\/\/talkpal.ai\/da\/tyrkiske-grammatikoevelser\/","name":"Tyrkiske grammatik\u00f8velser - Talkpal","isPartOf":{"@id":"https:\/\/talkpal.ai\/da\/#website"},"primaryImageOfPage":{"@id":"https:\/\/talkpal.ai\/da\/tyrkiske-grammatikoevelser\/#primaryimage"},"image":{"@id":"https:\/\/talkpal.ai\/da\/tyrkiske-grammatikoevelser\/#primaryimage"},"thumbnailUrl":"https:\/\/talkpal.ai\/wp-content\/uploads\/2023\/05\/turkish.png","datePublished":"2023-07-05T10:34:01+00:00","dateModified":"2025-12-17T10:36:16+00:00","description":"F\u00e5 styr p\u00e5 den tyrkiske grammatik med vores omfattende \u00f8velser i tyrkisk grammatik. Forbedr dine sprogf\u00e6rdigheder effektivt i dag.","breadcrumb":{"@id":"https:\/\/talkpal.ai\/da\/tyrkiske-grammatikoevelser\/#breadcrumb"},"inLanguage":"da-DK","potentialAction":[{"@type":"ReadAction","target":["https:\/\/talkpal.ai\/da\/tyrkiske-grammatikoevelser\/"]}]},{"@type":"ImageObject","inLanguage":"da-DK","@id":"https:\/\/talkpal.ai\/da\/tyrkiske-grammatikoevelser\/#primaryimage","url":"https:\/\/talkpal.ai\/wp-content\/uploads\/2023\/05\/turkish.png","contentUrl":"https:\/\/talkpal.ai\/wp-content\/uploads\/2023\/05\/turkish.png","width":512,"height":512},{"@type":"BreadcrumbList","@id":"https:\/\/talkpal.ai\/da\/tyrkiske-grammatikoevelser\/#breadcrumb","itemListElement":[{"@type":"ListItem","position":1,"name":"Homepage","item":"https:\/\/talkpal.ai\/da\/"},{"@type":"ListItem","position":2,"name":"Tyrkiske grammatik\u00f8velser"}]},{"@type":"WebSite","@id":"https:\/\/talkpal.ai\/da\/#website","url":"https:\/\/talkpal.ai\/da\/","name":"Talkpal","description":"AI Language Learning","publisher":{"@id":"https:\/\/talkpal.ai\/da\/#organization"},"alternateName":"Talkpal AI","potentialAction":[{"@type":"SearchAction","target":{"@type":"EntryPoint","urlTemplate":"https:\/\/talkpal.ai\/da\/?s={search_term_string}"},"query-input":{"@type":"PropertyValueSpecification","valueRequired":true,"valueName":"search_term_string"}}],"inLanguage":"da-DK"},{"@type":"Organization","@id":"https:\/\/talkpal.ai\/da\/#organization","name":"Talkpal, Inc.","alternateName":"Talkpal AI","url":"https:\/\/talkpal.ai\/da\/","logo":{"@type":"ImageObject","inLanguage":"da-DK","@id":"https:\/\/talkpal.ai\/da\/#\/schema\/logo\/image\/","url":"https:\/\/talkpal.ai\/wp-content\/uploads\/2024\/03\/Talkpal-Logo-Icon.png","contentUrl":"https:\/\/talkpal.ai\/wp-content\/uploads\/2024\/03\/Talkpal-Logo-Icon.png","width":2880,"height":2880,"caption":"Talkpal, Inc."},"image":{"@id":"https:\/\/talkpal.ai\/da\/#\/schema\/logo\/image\/"},"sameAs":["https:\/\/www.facebook.com\/profile.php?id=100090733639311","https:\/\/x.com\/talkpalai","https:\/\/www.linkedin.com\/company\/talkpal\/","https:\/\/www.youtube.com\/@TalkPal\/","https:\/\/www.tiktok.com\/@talkpal","https:\/\/www.instagram.com\/talkpal_ai\/","https:\/\/www.crunchbase.com\/organization\/talkpal-9cde","https:\/\/www.g2.com\/products\/talkpal-for-business\/","https:\/\/www.trustpilot.com\/review\/talkpal.ai","https:\/\/www.capterra.com\/p\/10006800\/TalkPal\/"],"description":"Talkpal is a language learning web and mobile education app, powered by the latest AI technologies, that provides engaging experiences to its customers in many different languages to help them improve their language skills. Users can chat about unlimited amount of topics with the app and use other modes to practice their language learning.","email":"support@talkpal.ai","legalName":"Talkpal, Inc.","foundingDate":"2023-04-03","duns":"118989042","numberOfEmployees":{"@type":"QuantitativeValue","minValue":"11","maxValue":"50"},"publishingPrinciples":"https:\/\/talkpal.ai\/publishing-principles\/","actionableFeedbackPolicy":"https:\/\/talkpal.ai\/actionable-feedback-policy\/","correctionsPolicy":"https:\/\/talkpal.ai\/corrections-policy\/","ethicsPolicy":"https:\/\/talkpal.ai\/ethics-policy\/","diversityPolicy":"https:\/\/talkpal.ai\/diversity-policy\/","diversityStaffingReport":"https:\/\/talkpal.ai\/diversity-policy\/"}]}},"_links":{"self":[{"href":"https:\/\/talkpal.ai\/da\/wp-json\/wp\/v2\/pages\/155594","targetHints":{"allow":["GET"]}}],"collection":[{"href":"https:\/\/talkpal.ai\/da\/wp-json\/wp\/v2\/pages"}],"about":[{"href":"https:\/\/talkpal.ai\/da\/wp-json\/wp\/v2\/types\/page"}],"author":[{"embeddable":true,"href":"https:\/\/talkpal.ai\/da\/wp-json\/wp\/v2\/users\/6"}],"replies":[{"embeddable":true,"href":"https:\/\/talkpal.ai\/da\/wp-json\/wp\/v2\/comments?post=155594"}],"version-history":[{"count":0,"href":"https:\/\/talkpal.ai\/da\/wp-json\/wp\/v2\/pages\/155594\/revisions"}],"wp:featuredmedia":[{"embeddable":true,"href":"https:\/\/talkpal.ai\/da\/wp-json\/wp\/v2\/media\/120988"}],"wp:attachment":[{"href":"https:\/\/talkpal.ai\/da\/wp-json\/wp\/v2\/media?parent=155594"}],"curies":[{"name":"wp","href":"https:\/\/api.w.org\/{rel}","templated":true}]}}