{"id":153928,"date":"2023-05-14T14:25:05","date_gmt":"2023-05-14T14:25:05","guid":{"rendered":"http:\/\/talkpal.ai\/swahili-grammatik\/"},"modified":"2025-12-13T15:54:37","modified_gmt":"2025-12-13T15:54:37","slug":"swahili-grammatik","status":"publish","type":"page","link":"https:\/\/talkpal.ai\/da\/swahili-grammatik\/","title":{"rendered":"Swahili-grammatik"},"content":{"rendered":"\r\n\r\n\r\n<section class=\"languageChallengeSection\">\r\n    <div class=\"languageInfoWrapper\">\r\n        \r\n        <h1>Swahili-grammatik<\/h1>\r\n        <p>F\u00e5 styr p\u00e5 swahili-grammatikkens hemmeligheder, og styrk dine sprogf\u00e6rdigheder med engagerende lektioner og eksempler fra det virkelige liv. Dyk ned i det grundl\u00e6ggende om s\u00e6tningsstruktur, verbalm\u00f8nstre og vigtige grammatiske regler. \u00d8v dig p\u00e5 det, du l\u00e6rer, med interaktive \u00f8velser, der er designet til at forst\u00e6rke din forst\u00e5else. Begynd at mestre <a href=\"https:\/\/talkpal.ai\/swahili-grammar\/\">swahili-grammatik<\/a> i dag, og kommuniker med st\u00f8rre selvtillid!<\/p>\r\n\r\n                            <a class=\"getStartedHidden\" href=\"https:\/\/app.talkpal.ai\/da\/signup?lng=\">Kom i gang<\/a>\r\n        \r\n    <\/div>\r\n\r\n    <figure>\r\n    <img decoding=\"async\" width=\"768\" height=\"768\" src=\"https:\/\/talkpal.ai\/wp-content\/uploads\/2023\/06\/Swahili-768x768.png\" class=\"languageImage no-lazy\" alt=\"Secrets to master language learning\" fetchpriority=\"high\" sizes=\"(max-width: 768px) 150px, 768px\" srcset=\"https:\/\/talkpal.ai\/wp-content\/uploads\/2023\/06\/Swahili-768x768.png 768w, https:\/\/talkpal.ai\/wp-content\/uploads\/2023\/06\/Swahili-300x300.png 300w\" \/>\r\n    \r\n\r\n    <\/figure>\r\n\r\n            <a class=\"getStartedVisible\" href=\"https:\/\/app.talkpal.ai\/da\/signup?lng=\">Kom i gang<\/a>\r\n    \r\n<\/section>\r\n<section class=\"promotionalBanner\">\r\n    <p class=\"promotionalText\">Den mest effektive m\u00e5de at l\u00e6re et sprog p\u00e5<\/p>\r\n    <a class=\"promotionalLink\" href=\"https:\/\/app.talkpal.ai\/da\/signup?lng=\">Pr\u00f8v Talkpal gratis<\/a>\r\n<\/section>\n<div class=\"wp-block-group pageContainerStyle\"><div class=\"wp-block-group__inner-container is-layout-constrained wp-block-group-is-layout-constrained\">\n<h2 class=\"wp-block-heading\" id=\"h-swahili-grammar-demystifying-the-linguistic-adventure\">Swahili-grammatik: Afmystificering af det sproglige eventyr<\/h2>\n\n\n\n<p>Swahili-grammatik &#8211; indbydende og alligevel g\u00e5defuld, flydende og alligevel sp\u00e6ndende, levende og alligevel fascinerende. N\u00e5r du begiver dig ud p\u00e5 din sproglige rejse ind i swahili-sproget, kan du st\u00f8de p\u00e5 en blanding af fascination og usikkerhed. V\u00e6r ikke bekymret, medsprogsfanatikere! Vi er her for at hj\u00e6lpe dig med at navigere i disse sp\u00e6ndende sproglige farvande!<\/p>\n\n\n\n<p>I denne artikel vil vi give et omfattende overblik over swahili-grammatik, udforske n\u00f8glekomponenter, tilbyde forklaringer og eksempler og forenkle forviklingerne. S\u00e5 lad os slippe swahili-sprogets magi l\u00f8s og afd\u00e6kke grammatikkens mysterier!<\/p>\n\n\n\n<h3 class=\"wp-block-heading\" id=\"h-1-noun-classes-from-people-to-abstract-ideas\">1. Substantivklasser: fra mennesker til abstrakte ideer<\/h3>\n\n\n\n<p>Swahili-grammatik drejer sig om et karakteristisk, men essentielt substantivklassifikationssystem. Substantiver er organiseret i forskellige klasser baseret p\u00e5 deres betydning eller egenskaber, og hver klasse har et specifikt pr\u00e6fiks. Selvom dette kan virke skr\u00e6mmende, er det afg\u00f8rende for at danne enighed mellem substantiver, adjektiver og verb.<\/p>\n\n\n\n<p>For at forenkle denne proces skal du starte med at fokusere p\u00e5 de mest almindelige substantivklasser:<\/p>\n\n\n\n<p><strong>&#8211; Klasse 1: Mennesker (f.eks. mtu &#8211; person)<\/strong><\/p>\n\n\n\n<p><strong>&#8211; Klasse 2: Flertal af klasse 1-substantiver (f.eks. watu &#8211; mennesker)<\/strong><\/p>\n\n\n\n<p><strong>&#8211; Klasse 3: Tr\u00e6er, planter og abstrakte navneord (f.eks. mti &#8211; tr\u00e6)<\/strong><\/p>\n\n\n\n<p><strong>&#8211; Klasse 4: Livl\u00f8se genstande og abstrakte navneord (f.eks. kiti &#8211; stol)<\/strong><\/p>\n\n\n\n<p>Husk, \u00f8velse g\u00f8r mester, og forst\u00e5else af substantivklasser bliver lettere med tiden!<\/p>\n\n\n\n<h3 class=\"wp-block-heading\" id=\"h-2-adjectives-from-basic-to-intricate-agreement\">2. Adjektiver: Fra grundl\u00e6ggende til indviklet aftale<\/h3>\n\n\n\n<p>Adjektiver p\u00e5 <a href=\"https:\/\/talkpal.ai\/learn-swahili\/\">swahili<\/a> er enige med substantivklassen og nummeret, de \u00e6ndrer. Som et resultat har adjektiver flere pr\u00e6fikser, der svarer til forskellige substantivklasser. Den gode nyhed er, at mange adjektiver deler det samme rodord, hvilket g\u00f8r det mere overskueligt at l\u00e6re dem.<\/p>\n\n\n\n<p>For eksempel betyder roden &#8220;-refu&#8221; &#8220;lang&#8221;. Afh\u00e6ngigt af substantivklassen kan det optr\u00e6de som &#8220;mrefu&#8221; (klasse 1), &#8220;wazuri&#8221; (klasse 2), &#8220;jurefu&#8221; (klasse 3) og s\u00e5 videre. Med \u00f8velse vil det v\u00e6re en leg at f\u00e5 fat i adjektiv-substantivaftale!<\/p>\n\n\n\n<h3 class=\"wp-block-heading\" id=\"h-3-verbs-tense-subject-and-object\">3. Verber: sp\u00e6nding, emne og objekt<\/h3>\n\n\n\n<p>Swahili-verber er som effektive schweizerknive, der kompakt formidler sp\u00e6nding, emne og objekt, alt sammen i en p\u00e6n pakke. Tider dannes ved at vedh\u00e6fte sp\u00e6ndte mark\u00f8rer til verbets rod, mens emne- og objektmark\u00f8rer udtrykker, hvem der er involveret i handlingen.<\/p>\n\n\n\n<p>For eksempel betyder roden &#8220;-soma&#8221; &#8220;at l\u00e6se&#8221;. Ved at tilf\u00f8je forskellige pr\u00e6fikser og suffikser kan du skabe mange variationer: &#8220;anasoma&#8221; (han\/hun l\u00e6ser), &#8220;alisoma&#8221; (han\/hun l\u00e6ste) eller &#8220;atasoma&#8221; (han\/hun vil l\u00e6se).<\/p>\n\n\n\n<h3 class=\"wp-block-heading\" id=\"h-4-word-order-subject-verb-object-for-clarity\">4. Ordr\u00e6kkef\u00f8lge: emne-verbum-objekt for klarhed<\/h3>\n\n\n\n<p>Swahili f\u00f8lger en enkel, men klar Subject-Verb-Object (SVO) ordr\u00e6kkef\u00f8lge, der ligner <a href=\"https:\/\/talkpal.ai\/learn-english-with-ai\/\">engelsk<\/a>, hvilket g\u00f8r s\u00e6tningskonstruktion mindre skr\u00e6mmende. For eksempel kan &#8220;Mwanafunzi anasoma kitabu&#8221; direkte overs\u00e6ttes til &#8220;Studerende (subjekt) l\u00e6ser (verbum) bog (objekt)&#8221;.<\/p>\n\n\n\n<h3 class=\"wp-block-heading\" id=\"h-5-embrace-the-challenges-practice-is-key\">5. Omfavn udfordringerne: \u00d8velse er n\u00f8glen<\/h3>\n\n\n\n<p>At dykke ned i swahili-grammatik kan f\u00f8les lidt overv\u00e6ldende i starten. Husk dog, at t\u00e5lmodighed, \u00f8velse og udholdenhed er hemmelighederne til succes. Engager dig i sproget ved at l\u00e6se, skrive, lytte og tale for at forbedre din forst\u00e5else og selvtillid.<\/p>\n\n\n\n<p>S\u00e5 er du klar til at udforske vidunderne i swahili-grammatik? Omfavn dets forviklinger, nyd nuancerne, og husk, at du med dedikation og entusiasme kan l\u00e5se op for swahili-sprogets sande sk\u00f8nhed. Bahati njema! (Held og lykke!)<\/p>\n<\/div><\/div>\n\r\n<section class=\"learnNavigationSection\">\r\n            \r\n        <a href=\"https:\/\/talkpal.ai\/da\/laer-swahili\/\">\r\n            <div class=\"learnNavigationWrapper\">\r\n                <div class=\"learnNavigationContent\">\r\n                    <img decoding=\"async\" src=\"https:\/\/talkpal.ai\/wp-content\/uploads\/2024\/08\/Swahili.jpg\" alt=\"Kenya and Tanzania Flags\">\r\n                    <div>\r\n                        <h4>Om at l\u00e6re swahili<\/h4>\r\n                        <p>Find ud af alt om swahili-grammatik .<\/p>\r\n                    <\/div>\r\n                <\/div>\r\n            <\/div>\r\n        <\/a>\r\n\r\n        \r\n        <a href=\"https:\/\/talkpal.ai\/da\/swahili-grammatikoevelser\/\">\r\n            <div class=\"learnNavigationWrapper\">\r\n                <div class=\"learnNavigationContent\">\r\n                    <img decoding=\"async\" src=\"https:\/\/talkpal.ai\/wp-content\/uploads\/2024\/08\/Swahili.jpg\" alt=\"Kenya and Tanzania Flags\">\r\n                    <div>\r\n                        <h4>\u00d8velse i swahili-grammatik<\/h4>\r\n                        <p>\u00d8v swahili-grammatik .<\/p>\r\n                    <\/div>\r\n                <\/div>\r\n            <\/div>\r\n        <\/a>\r\n\r\n        \r\n        <a href=\"https:\/\/talkpal.ai\/vocabulary_language\/swahili\/\">\r\n            <div class=\"learnNavigationWrapper\">\r\n                <div class=\"learnNavigationContent\">\r\n                    <img decoding=\"async\" src=\"https:\/\/talkpal.ai\/wp-content\/uploads\/2024\/08\/Swahili.jpg\" alt=\"Kenya and Tanzania Flags\">\r\n                    <div>\r\n                        <h4>Ordforr\u00e5d p\u00e5 swahili<\/h4>\r\n                        <p>Udvid dit ordforr\u00e5d p\u00e5 swahili.<\/p>\r\n                    <\/div>\r\n                <\/div>\r\n            <\/div>\r\n        <\/a>\r\n\r\n            <\/section>","protected":false},"excerpt":{"rendered":"<p>Swahili-grammatik: Afmystificering af det sproglige eventyr Swahili-grammatik &#8211; indbydende og alligevel g\u00e5defuld, flydende og alligevel sp\u00e6ndende, levende og alligevel fascinerende. N\u00e5r du begiver dig ud p\u00e5 din sproglige rejse ind i swahili-sproget, kan du st\u00f8de p\u00e5 en blanding af fascination og usikkerhed. V\u00e6r ikke bekymret, medsprogsfanatikere! Vi er her for at hj\u00e6lpe dig med at [&hellip;]<\/p>\n","protected":false},"author":1,"featured_media":119245,"parent":0,"menu_order":0,"comment_status":"closed","ping_status":"closed","template":"LearningContentPage.php","meta":{"_acf_changed":false,"footnotes":""},"class_list":["post-153928","page","type-page","status-publish","has-post-thumbnail","hentry"],"acf":[],"yoast_head":"<!-- This site is optimized with the Yoast SEO Premium plugin v27.2 (Yoast SEO v27.2) - https:\/\/yoast.com\/product\/yoast-seo-premium-wordpress\/ -->\n<title>Swahili-grammatik - Talkpal<\/title>\n<meta name=\"description\" content=\"F\u00e5 styr p\u00e5 swahili-grammatikkens hemmeligheder med vores omfattende guide! Opdag dens unikke stofklasser og n\u00f8glekomponenter.\" \/>\n<meta name=\"robots\" content=\"index, follow, max-snippet:-1, max-image-preview:large, max-video-preview:-1\" \/>\n<link rel=\"canonical\" href=\"https:\/\/talkpal.ai\/da\/swahili-grammatik\/\" \/>\n<meta property=\"og:locale\" content=\"da_DK\" \/>\n<meta property=\"og:type\" content=\"article\" \/>\n<meta property=\"og:title\" content=\"Swahili-grammatik\" \/>\n<meta property=\"og:description\" content=\"Swahili-grammatik: Afmystificering af det sproglige eventyr Swahili-grammatik - indbydende og alligevel g\u00e5defuld, flydende og alligevel sp\u00e6ndende, levende\" \/>\n<meta property=\"og:url\" content=\"https:\/\/talkpal.ai\/da\/swahili-grammatik\/\" \/>\n<meta property=\"og:site_name\" content=\"Talkpal\" \/>\n<meta property=\"article:publisher\" content=\"https:\/\/www.facebook.com\/profile.php?id=100090733639311\" \/>\n<meta property=\"article:modified_time\" content=\"2025-12-13T15:54:37+00:00\" \/>\n<meta property=\"og:image\" content=\"https:\/\/talkpal.ai\/wp-content\/uploads\/2023\/05\/Swahili-tanzania.png\" \/>\n\t<meta property=\"og:image:width\" content=\"512\" \/>\n\t<meta property=\"og:image:height\" content=\"512\" \/>\n\t<meta property=\"og:image:type\" content=\"image\/png\" \/>\n<meta name=\"twitter:card\" content=\"summary_large_image\" \/>\n<meta name=\"twitter:site\" content=\"@talkpalai\" \/>\n<meta name=\"twitter:label1\" content=\"Estimeret l\u00e6setid\" \/>\n\t<meta name=\"twitter:data1\" content=\"3 minutter\" \/>\n<script type=\"application\/ld+json\" class=\"yoast-schema-graph\">{\"@context\":\"https:\/\/schema.org\",\"@graph\":[{\"@type\":\"WebPage\",\"@id\":\"https:\/\/talkpal.ai\/da\/swahili-grammatik\/\",\"url\":\"https:\/\/talkpal.ai\/da\/swahili-grammatik\/\",\"name\":\"Swahili-grammatik - Talkpal\",\"isPartOf\":{\"@id\":\"https:\/\/talkpal.ai\/da\/#website\"},\"primaryImageOfPage\":{\"@id\":\"https:\/\/talkpal.ai\/da\/swahili-grammatik\/#primaryimage\"},\"image\":{\"@id\":\"https:\/\/talkpal.ai\/da\/swahili-grammatik\/#primaryimage\"},\"thumbnailUrl\":\"https:\/\/talkpal.ai\/wp-content\/uploads\/2023\/05\/Swahili-tanzania.png\",\"datePublished\":\"2023-05-14T14:25:05+00:00\",\"dateModified\":\"2025-12-13T15:54:37+00:00\",\"description\":\"F\u00e5 styr p\u00e5 swahili-grammatikkens hemmeligheder med vores omfattende guide! Opdag dens unikke stofklasser og n\u00f8glekomponenter.\",\"breadcrumb\":{\"@id\":\"https:\/\/talkpal.ai\/da\/swahili-grammatik\/#breadcrumb\"},\"inLanguage\":\"da-DK\",\"potentialAction\":[{\"@type\":\"ReadAction\",\"target\":[\"https:\/\/talkpal.ai\/da\/swahili-grammatik\/\"]}]},{\"@type\":\"ImageObject\",\"inLanguage\":\"da-DK\",\"@id\":\"https:\/\/talkpal.ai\/da\/swahili-grammatik\/#primaryimage\",\"url\":\"https:\/\/talkpal.ai\/wp-content\/uploads\/2023\/05\/Swahili-tanzania.png\",\"contentUrl\":\"https:\/\/talkpal.ai\/wp-content\/uploads\/2023\/05\/Swahili-tanzania.png\",\"width\":512,\"height\":512},{\"@type\":\"BreadcrumbList\",\"@id\":\"https:\/\/talkpal.ai\/da\/swahili-grammatik\/#breadcrumb\",\"itemListElement\":[{\"@type\":\"ListItem\",\"position\":1,\"name\":\"Homepage\",\"item\":\"https:\/\/talkpal.ai\/da\/\"},{\"@type\":\"ListItem\",\"position\":2,\"name\":\"Swahili-grammatik\"}]},{\"@type\":\"WebSite\",\"@id\":\"https:\/\/talkpal.ai\/da\/#website\",\"url\":\"https:\/\/talkpal.ai\/da\/\",\"name\":\"Talkpal\",\"description\":\"AI Language Learning\",\"publisher\":{\"@id\":\"https:\/\/talkpal.ai\/da\/#organization\"},\"alternateName\":\"Talkpal AI\",\"potentialAction\":[{\"@type\":\"SearchAction\",\"target\":{\"@type\":\"EntryPoint\",\"urlTemplate\":\"https:\/\/talkpal.ai\/da\/?s={search_term_string}\"},\"query-input\":{\"@type\":\"PropertyValueSpecification\",\"valueRequired\":true,\"valueName\":\"search_term_string\"}}],\"inLanguage\":\"da-DK\"},{\"@type\":\"Organization\",\"@id\":\"https:\/\/talkpal.ai\/da\/#organization\",\"name\":\"Talkpal, Inc.\",\"alternateName\":\"Talkpal AI\",\"url\":\"https:\/\/talkpal.ai\/da\/\",\"logo\":{\"@type\":\"ImageObject\",\"inLanguage\":\"da-DK\",\"@id\":\"https:\/\/talkpal.ai\/da\/#\/schema\/logo\/image\/\",\"url\":\"https:\/\/talkpal.ai\/wp-content\/uploads\/2024\/03\/Talkpal-Logo-Icon.png\",\"contentUrl\":\"https:\/\/talkpal.ai\/wp-content\/uploads\/2024\/03\/Talkpal-Logo-Icon.png\",\"width\":2880,\"height\":2880,\"caption\":\"Talkpal, Inc.\"},\"image\":{\"@id\":\"https:\/\/talkpal.ai\/da\/#\/schema\/logo\/image\/\"},\"sameAs\":[\"https:\/\/www.facebook.com\/profile.php?id=100090733639311\",\"https:\/\/x.com\/talkpalai\",\"https:\/\/www.linkedin.com\/company\/talkpal\/\",\"https:\/\/www.youtube.com\/@TalkPal\/\",\"https:\/\/www.tiktok.com\/@talkpal\",\"https:\/\/www.instagram.com\/talkpal_ai\/\",\"https:\/\/www.crunchbase.com\/organization\/talkpal-9cde\",\"https:\/\/www.g2.com\/products\/talkpal-for-business\/\",\"https:\/\/www.trustpilot.com\/review\/talkpal.ai\",\"https:\/\/www.capterra.com\/p\/10006800\/TalkPal\/\"],\"description\":\"Talkpal is a language learning web and mobile education app, powered by the latest AI technologies, that provides engaging experiences to its customers in many different languages to help them improve their language skills. Users can chat about unlimited amount of topics with the app and use other modes to practice their language learning.\",\"email\":\"support@talkpal.ai\",\"legalName\":\"Talkpal, Inc.\",\"foundingDate\":\"2023-04-03\",\"duns\":\"118989042\",\"numberOfEmployees\":{\"@type\":\"QuantitativeValue\",\"minValue\":\"11\",\"maxValue\":\"50\"},\"publishingPrinciples\":\"https:\/\/talkpal.ai\/publishing-principles\/\",\"actionableFeedbackPolicy\":\"https:\/\/talkpal.ai\/actionable-feedback-policy\/\",\"correctionsPolicy\":\"https:\/\/talkpal.ai\/corrections-policy\/\",\"ethicsPolicy\":\"https:\/\/talkpal.ai\/ethics-policy\/\",\"diversityPolicy\":\"https:\/\/talkpal.ai\/diversity-policy\/\",\"diversityStaffingReport\":\"https:\/\/talkpal.ai\/diversity-policy\/\"}]}<\/script>\n<!-- \/ Yoast SEO Premium plugin. -->","yoast_head_json":{"title":"Swahili-grammatik - Talkpal","description":"F\u00e5 styr p\u00e5 swahili-grammatikkens hemmeligheder med vores omfattende guide! Opdag dens unikke stofklasser og n\u00f8glekomponenter.","robots":{"index":"index","follow":"follow","max-snippet":"max-snippet:-1","max-image-preview":"max-image-preview:large","max-video-preview":"max-video-preview:-1"},"canonical":"https:\/\/talkpal.ai\/da\/swahili-grammatik\/","og_locale":"da_DK","og_type":"article","og_title":"Swahili-grammatik","og_description":"Swahili-grammatik: Afmystificering af det sproglige eventyr Swahili-grammatik - indbydende og alligevel g\u00e5defuld, flydende og alligevel sp\u00e6ndende, levende","og_url":"https:\/\/talkpal.ai\/da\/swahili-grammatik\/","og_site_name":"Talkpal","article_publisher":"https:\/\/www.facebook.com\/profile.php?id=100090733639311","article_modified_time":"2025-12-13T15:54:37+00:00","og_image":[{"width":512,"height":512,"url":"https:\/\/talkpal.ai\/wp-content\/uploads\/2023\/05\/Swahili-tanzania.png","type":"image\/png"}],"twitter_card":"summary_large_image","twitter_site":"@talkpalai","twitter_misc":{"Estimeret l\u00e6setid":"3 minutter"},"schema":{"@context":"https:\/\/schema.org","@graph":[{"@type":"WebPage","@id":"https:\/\/talkpal.ai\/da\/swahili-grammatik\/","url":"https:\/\/talkpal.ai\/da\/swahili-grammatik\/","name":"Swahili-grammatik - Talkpal","isPartOf":{"@id":"https:\/\/talkpal.ai\/da\/#website"},"primaryImageOfPage":{"@id":"https:\/\/talkpal.ai\/da\/swahili-grammatik\/#primaryimage"},"image":{"@id":"https:\/\/talkpal.ai\/da\/swahili-grammatik\/#primaryimage"},"thumbnailUrl":"https:\/\/talkpal.ai\/wp-content\/uploads\/2023\/05\/Swahili-tanzania.png","datePublished":"2023-05-14T14:25:05+00:00","dateModified":"2025-12-13T15:54:37+00:00","description":"F\u00e5 styr p\u00e5 swahili-grammatikkens hemmeligheder med vores omfattende guide! Opdag dens unikke stofklasser og n\u00f8glekomponenter.","breadcrumb":{"@id":"https:\/\/talkpal.ai\/da\/swahili-grammatik\/#breadcrumb"},"inLanguage":"da-DK","potentialAction":[{"@type":"ReadAction","target":["https:\/\/talkpal.ai\/da\/swahili-grammatik\/"]}]},{"@type":"ImageObject","inLanguage":"da-DK","@id":"https:\/\/talkpal.ai\/da\/swahili-grammatik\/#primaryimage","url":"https:\/\/talkpal.ai\/wp-content\/uploads\/2023\/05\/Swahili-tanzania.png","contentUrl":"https:\/\/talkpal.ai\/wp-content\/uploads\/2023\/05\/Swahili-tanzania.png","width":512,"height":512},{"@type":"BreadcrumbList","@id":"https:\/\/talkpal.ai\/da\/swahili-grammatik\/#breadcrumb","itemListElement":[{"@type":"ListItem","position":1,"name":"Homepage","item":"https:\/\/talkpal.ai\/da\/"},{"@type":"ListItem","position":2,"name":"Swahili-grammatik"}]},{"@type":"WebSite","@id":"https:\/\/talkpal.ai\/da\/#website","url":"https:\/\/talkpal.ai\/da\/","name":"Talkpal","description":"AI Language Learning","publisher":{"@id":"https:\/\/talkpal.ai\/da\/#organization"},"alternateName":"Talkpal AI","potentialAction":[{"@type":"SearchAction","target":{"@type":"EntryPoint","urlTemplate":"https:\/\/talkpal.ai\/da\/?s={search_term_string}"},"query-input":{"@type":"PropertyValueSpecification","valueRequired":true,"valueName":"search_term_string"}}],"inLanguage":"da-DK"},{"@type":"Organization","@id":"https:\/\/talkpal.ai\/da\/#organization","name":"Talkpal, Inc.","alternateName":"Talkpal AI","url":"https:\/\/talkpal.ai\/da\/","logo":{"@type":"ImageObject","inLanguage":"da-DK","@id":"https:\/\/talkpal.ai\/da\/#\/schema\/logo\/image\/","url":"https:\/\/talkpal.ai\/wp-content\/uploads\/2024\/03\/Talkpal-Logo-Icon.png","contentUrl":"https:\/\/talkpal.ai\/wp-content\/uploads\/2024\/03\/Talkpal-Logo-Icon.png","width":2880,"height":2880,"caption":"Talkpal, Inc."},"image":{"@id":"https:\/\/talkpal.ai\/da\/#\/schema\/logo\/image\/"},"sameAs":["https:\/\/www.facebook.com\/profile.php?id=100090733639311","https:\/\/x.com\/talkpalai","https:\/\/www.linkedin.com\/company\/talkpal\/","https:\/\/www.youtube.com\/@TalkPal\/","https:\/\/www.tiktok.com\/@talkpal","https:\/\/www.instagram.com\/talkpal_ai\/","https:\/\/www.crunchbase.com\/organization\/talkpal-9cde","https:\/\/www.g2.com\/products\/talkpal-for-business\/","https:\/\/www.trustpilot.com\/review\/talkpal.ai","https:\/\/www.capterra.com\/p\/10006800\/TalkPal\/"],"description":"Talkpal is a language learning web and mobile education app, powered by the latest AI technologies, that provides engaging experiences to its customers in many different languages to help them improve their language skills. Users can chat about unlimited amount of topics with the app and use other modes to practice their language learning.","email":"support@talkpal.ai","legalName":"Talkpal, Inc.","foundingDate":"2023-04-03","duns":"118989042","numberOfEmployees":{"@type":"QuantitativeValue","minValue":"11","maxValue":"50"},"publishingPrinciples":"https:\/\/talkpal.ai\/publishing-principles\/","actionableFeedbackPolicy":"https:\/\/talkpal.ai\/actionable-feedback-policy\/","correctionsPolicy":"https:\/\/talkpal.ai\/corrections-policy\/","ethicsPolicy":"https:\/\/talkpal.ai\/ethics-policy\/","diversityPolicy":"https:\/\/talkpal.ai\/diversity-policy\/","diversityStaffingReport":"https:\/\/talkpal.ai\/diversity-policy\/"}]}},"_links":{"self":[{"href":"https:\/\/talkpal.ai\/da\/wp-json\/wp\/v2\/pages\/153928","targetHints":{"allow":["GET"]}}],"collection":[{"href":"https:\/\/talkpal.ai\/da\/wp-json\/wp\/v2\/pages"}],"about":[{"href":"https:\/\/talkpal.ai\/da\/wp-json\/wp\/v2\/types\/page"}],"author":[{"embeddable":true,"href":"https:\/\/talkpal.ai\/da\/wp-json\/wp\/v2\/users\/1"}],"replies":[{"embeddable":true,"href":"https:\/\/talkpal.ai\/da\/wp-json\/wp\/v2\/comments?post=153928"}],"version-history":[{"count":0,"href":"https:\/\/talkpal.ai\/da\/wp-json\/wp\/v2\/pages\/153928\/revisions"}],"wp:featuredmedia":[{"embeddable":true,"href":"https:\/\/talkpal.ai\/da\/wp-json\/wp\/v2\/media\/119245"}],"wp:attachment":[{"href":"https:\/\/talkpal.ai\/da\/wp-json\/wp\/v2\/media?parent=153928"}],"curies":[{"name":"wp","href":"https:\/\/api.w.org\/{rel}","templated":true}]}}