{"id":153544,"date":"2023-05-14T14:24:42","date_gmt":"2023-05-14T14:24:42","guid":{"rendered":"http:\/\/talkpal.ai\/thai-grammatik\/"},"modified":"2025-12-13T15:48:51","modified_gmt":"2025-12-13T15:48:51","slug":"thai-grammatik","status":"publish","type":"page","link":"https:\/\/talkpal.ai\/da\/thai-grammatik\/","title":{"rendered":"Thai grammatik"},"content":{"rendered":"\r\n\r\n\r\n<section class=\"languageChallengeSection\">\r\n    <div class=\"languageInfoWrapper\">\r\n        \r\n        <h1>Thai grammatik<\/h1>\r\n        <p>L\u00e6r <a href=\"https:\/\/talkpal.ai\/learn-thai\/\">thailandsk<\/a> <a href=\"https:\/\/talkpal.ai\/fr\/les\/\">grammatik<\/a>, og oplev sk\u00f8nheden i et <a href=\"https:\/\/talkpal.ai\/what-language-is-spoken-on-the-international-space-station\/\">sprog<\/a>, der b\u00e5de er logisk og udtryksfuldt. Start din rejse, og \u00e5bn d\u00f8ren til en fascinerende m\u00e5de at t\u00e6nke og tale p\u00e5!<\/p>\r\n\r\n                            <a class=\"getStartedHidden\" href=\"https:\/\/app.talkpal.ai\/da\/signup?lng=\">Kom i gang<\/a>\r\n        \r\n    <\/div>\r\n\r\n    <figure>\r\n    <img decoding=\"async\" width=\"768\" height=\"768\" src=\"https:\/\/talkpal.ai\/wp-content\/uploads\/2023\/06\/thai-768x768.png\" class=\"languageImage no-lazy\" alt=\"Language learning for improved thought process\" fetchpriority=\"high\" sizes=\"(max-width: 768px) 150px, 768px\" srcset=\"https:\/\/talkpal.ai\/wp-content\/uploads\/2023\/06\/thai-768x768.png 768w, https:\/\/talkpal.ai\/wp-content\/uploads\/2023\/06\/thai-300x300.png 300w\" \/>\r\n    \r\n\r\n    <\/figure>\r\n\r\n            <a class=\"getStartedVisible\" href=\"https:\/\/app.talkpal.ai\/da\/signup?lng=\">Kom i gang<\/a>\r\n    \r\n<\/section>\r\n<section class=\"promotionalBanner\">\r\n    <p class=\"promotionalText\">Den mest effektive m\u00e5de at l\u00e6re et sprog p\u00e5<\/p>\r\n    <a class=\"promotionalLink\" href=\"https:\/\/app.talkpal.ai\/da\/signup?lng=\">Pr\u00f8v Talkpal gratis<\/a>\r\n<\/section>\n<div class=\"wp-block-group pageContainerStyle\"><div class=\"wp-block-group__inner-container is-layout-constrained wp-block-group-is-layout-constrained\">\n<h2 class=\"wp-block-heading\" id=\"h-thai-grammar-exploring-a-unique-linguistic-world\">Thai grammatik: Udforskning af en unik sproglig verden<\/h2>\n\n\n\n<p><a href=\"https:\/\/talkpal.ai\/thai-grammar\/\">Thailandsk grammatik<\/a> &#8211; tilsyneladende g\u00e5defuld, eksotisk og f\u00e6ngslende. N\u00e5r du g\u00e5r ud p\u00e5 din rejse for at l\u00e6re det thailandske sprog, kan du finde dig selv uventet betaget af dets grammatik. Frygt ikke, mine sproglige medforskere! Vi er her for at tilbyde vejledning og st\u00f8tte p\u00e5 dette fascinerende eventyr!<\/p>\n\n\n\n<p>I denne artikel dykker vi ned i kerneaspekterne af <a href=\"https:\/\/talkpal.ai\/thai-grammar\/\">thailandsk grammatik<\/a>, nedbryder n\u00f8glebegreber, forklarer regler og endda forenkler kompleksiteten. Kom med os, n\u00e5r vi l\u00f8fter sl\u00f8ret for thailandsk grammatik og ant\u00e6nder din passion for dette vidunderligt unikke sprog!<\/p>\n\n\n\n<h3 class=\"wp-block-heading\" id=\"h-1-nouns-no-plurals-no-genders-no-worries\">1. Substantiver: ingen flertal, ingen k\u00f8n, ingen bekymringer!<\/h3>\n\n\n\n<p>Sk\u00f8nheden i thailandsk grammatik ligger i dens enkelhed vedr\u00f8rende navneord. <a href=\"https:\/\/talkpal.ai\/learn-thai\/\">Thai<\/a> navneord har ikke k\u00f8ns- eller flertalsformer, hvilket g\u00f8r dem nemme at bruge og forst\u00e5. For at angive flertal skal du blot tilf\u00f8je et m\u00e6ngdeord som &#8220;mange&#8221; (\u0e21\u0e32\u0e01, m\u00e2ak) eller &#8220;nogle&#8221; (\u0e1a\u0e49\u0e32\u0e07, b\u00e2ang) eller gentage substantivet for at understrege flertalsbetydningen.<\/p>\n\n\n\n<h3 class=\"wp-block-heading\" id=\"h-2-pronouns-choose-wisely-based-on-politeness\">2. Pronomen: V\u00e6lg klogt baseret p\u00e5 h\u00f8flighed<\/h3>\n\n\n\n<p>Valg af det passende pronomen er afg\u00f8rende i thailandsk grammatik for at vise respekt og ydmyghed. De thailandske pronominer varierer afh\u00e6ngigt af talerens og lytterens k\u00f8n, alder og relation. For eksempel er &#8220;\u0e09\u0e31\u0e19&#8221; (ch\u0103n) et almindeligt uformelt f\u00f8rstepersons pronomen, mens &#8220;\u0e1c\u0e21&#8221; (p\u014fm) ofte <a href=\"https:\/\/talkpal.ai\/locations\/learn-french-in-bruges\/\">bruges<\/a> af m\u00e6nd i mere formelle situationer.<\/p>\n\n\n\n<p>Hvis du vil v\u00e6re h\u00f8flig, skal du bruge &#8220;\u0e04\u0e38\u0e13&#8221; (kun) for &#8220;du&#8221; og &#8220;\u0e40\u0e02\u0e32&#8221; (k\u0103o) for &#8220;han\/hun\/dem&#8221;.<\/p>\n\n\n\n<h3 class=\"wp-block-heading\" id=\"h-3-verbs-no-conjugation-or-tenses-only-particles\">3. Verber: ingen b\u00f8jning eller tider, kun partikler<\/h3>\n\n\n\n<p>I thailandsk grammatik forbliver verber u\u00e6ndrede uanset tid, hum\u00f8r eller emne. I stedet er Thai afh\u00e6ngig af enkle ord kendt som partikler for at indikere s\u00e6tningens sp\u00e6nding eller holdning. Disse partikler placeres i slutningen af s\u00e6tningen.<\/p>\n\n\n\n<p>For eksempel indikerer partiklen &#8220;\u0e41\u0e25\u0e49\u0e27&#8221; (l\u00e1ew) datid eller afsluttet handling, og &#8220;\u0e01\u0e33\u0e25\u0e31\u0e07&#8221; (gam-lang) bruges til handlinger, der er i gang. Derfor betyder &#8220;\u0e40\u0e02\u0e32\u0e01\u0e34\u0e19&#8221; (k\u0103o gin) &#8220;han\/hun spiser&#8221;, mens &#8220;\u0e40\u0e02\u0e32\u0e01\u0e34\u0e19\u0e41\u0e25\u0e49\u0e27&#8221; (k\u0103o gin l\u00e1ew) betyder &#8220;han\/hun spiste&#8221;.<\/p>\n\n\n\n<h3 class=\"wp-block-heading\" id=\"h-4-sentence-structure-clear-and-straightforward\">4. S\u00e6tningsstruktur: klar og ligetil<\/h3>\n\n\n\n<p>Thai grammatik f\u00f8lger en Subject-Verb-Object (SVO) s\u00e6tningsstruktur, der ligner engelsk, hvilket forenkler forst\u00e5elsen for engelsktalende. Hovedreglen er, at adjektiver, adverb og andre beskrivende ord f\u00f8lger substantivet eller verbet, de beskriver.<\/p>\n\n\n\n<p>For eksempel kan &#8220;\u0e1c\u0e21\u0e0a\u0e2d\u0e1a\u0e2b\u0e19\u0e31\u0e07\u0e2a\u0e37\u0e2d\u0e19\u0e35\u0e49&#8221; (p\u014fm ch\u00e2wp n\u0103ng s\u011bu n\u00e9e) overs\u00e6ttes til &#8220;Jeg (subjekt) kan lide (verbum) denne bog (objekt).&#8221;<\/p>\n\n\n\n<h3 class=\"wp-block-heading\" id=\"h-5-immerse-yourself-in-thai-practice-makes-perfect\">5. Fordyb dig i thailandsk: \u00f8velse g\u00f8r mester<\/h3>\n\n\n\n<p>Forst\u00e5else og mestring af thailandsk grammatik kan i f\u00f8rste omgang virke udfordrende, men n\u00f8glen er vedholdenhed og konsekvent praksis. Engager alle dine sanser ved at fordybe dig i sproget, l\u00e6se, skrive, lytte og tale med indf\u00f8dte. Jo mere eksponering du har for thailandsk grammatik, jo mere vil disse eksotiske begreber f\u00f8le sig velkendte og komfortable.<\/p>\n\n\n\n<p>S\u00e5 er du klar til at dykke ned i den fascinerende verden af thailandsk grammatik? Omfavn udfordringen og de unikke egenskaber ved thailandsk grammatik, og med tid, dedikation og en f\u00f8lelse af eventyr kan du l\u00e5se op for det thailandske sprogs f\u00e6ngslende sk\u00f8nhed.<\/p>\n<\/div><\/div>\n\r\n<section class=\"learnNavigationSection\">\r\n            \r\n        <a href=\"https:\/\/talkpal.ai\/da\/laer-thai\/\">\r\n            <div class=\"learnNavigationWrapper\">\r\n                <div class=\"learnNavigationContent\">\r\n                    <img decoding=\"async\" src=\"https:\/\/talkpal.ai\/wp-content\/uploads\/2024\/08\/Thai.jpg\" alt=\"Thai Flag\">\r\n                    <div>\r\n                        <h4>Om Thai Learning<\/h4>\r\n                        <p>Find ud af alt om thailandsk grammatik.<\/p>\r\n                    <\/div>\r\n                <\/div>\r\n            <\/div>\r\n        <\/a>\r\n\r\n        \r\n        <a href=\"https:\/\/talkpal.ai\/da\/thai-grammatik-oevelser\/\">\r\n            <div class=\"learnNavigationWrapper\">\r\n                <div class=\"learnNavigationContent\">\r\n                    <img decoding=\"async\" src=\"https:\/\/talkpal.ai\/wp-content\/uploads\/2024\/08\/Thai.jpg\" alt=\"Thai Flag\">\r\n                    <div>\r\n                        <h4>\u00d8velse i thailandsk grammatik<\/h4>\r\n                        <p>\u00d8v thailandsk grammatik.<\/p>\r\n                    <\/div>\r\n                <\/div>\r\n            <\/div>\r\n        <\/a>\r\n\r\n        \r\n        <a href=\"https:\/\/talkpal.ai\/vocabulary_language\/thai\/\">\r\n            <div class=\"learnNavigationWrapper\">\r\n                <div class=\"learnNavigationContent\">\r\n                    <img decoding=\"async\" src=\"https:\/\/talkpal.ai\/wp-content\/uploads\/2024\/08\/Thai.jpg\" alt=\"Thai Flag\">\r\n                    <div>\r\n                        <h4>Thailandsk ordforr\u00e5d<\/h4>\r\n                        <p>Udvid dit thailandske ordforr\u00e5d.<\/p>\r\n                    <\/div>\r\n                <\/div>\r\n            <\/div>\r\n        <\/a>\r\n\r\n            <\/section>","protected":false},"excerpt":{"rendered":"<p>Thai grammatik: Udforskning af en unik sproglig verden Thailandsk grammatik &#8211; tilsyneladende g\u00e5defuld, eksotisk og f\u00e6ngslende. N\u00e5r du g\u00e5r ud p\u00e5 din rejse for at l\u00e6re det thailandske sprog, kan du finde dig selv uventet betaget af dets grammatik. Frygt ikke, mine sproglige medforskere! Vi er her for at tilbyde vejledning og st\u00f8tte p\u00e5 dette [&hellip;]<\/p>\n","protected":false},"author":1,"featured_media":120813,"parent":0,"menu_order":0,"comment_status":"closed","ping_status":"closed","template":"LearningContentPage.php","meta":{"_acf_changed":false,"footnotes":""},"class_list":["post-153544","page","type-page","status-publish","has-post-thumbnail","hentry"],"acf":[],"yoast_head":"<!-- This site is optimized with the Yoast SEO Premium plugin v27.2 (Yoast SEO v27.2) - https:\/\/yoast.com\/product\/yoast-seo-premium-wordpress\/ -->\n<title>Thai grammatik - Talkpal<\/title>\n<meta name=\"description\" content=\"Udforsk den fascinerende verden af thailandsk grammatik. Oplev dens enkelhed og unikke funktioner, der g\u00f8r det sjovt at l\u00e6re.\" \/>\n<meta name=\"robots\" content=\"index, follow, max-snippet:-1, max-image-preview:large, max-video-preview:-1\" \/>\n<link rel=\"canonical\" href=\"https:\/\/talkpal.ai\/da\/thai-grammatik\/\" \/>\n<meta property=\"og:locale\" content=\"da_DK\" \/>\n<meta property=\"og:type\" content=\"article\" \/>\n<meta property=\"og:title\" content=\"Thai grammatik\" \/>\n<meta property=\"og:description\" content=\"Thai grammatik: Udforskning af en unik sproglig verden Thailandsk grammatik - tilsyneladende g\u00e5defuld, eksotisk og f\u00e6ngslende. N\u00e5r du g\u00e5r ud p\u00e5 din rejse\" \/>\n<meta property=\"og:url\" content=\"https:\/\/talkpal.ai\/da\/thai-grammatik\/\" \/>\n<meta property=\"og:site_name\" content=\"Talkpal\" \/>\n<meta property=\"article:publisher\" content=\"https:\/\/www.facebook.com\/profile.php?id=100090733639311\" \/>\n<meta property=\"article:modified_time\" content=\"2025-12-13T15:48:51+00:00\" \/>\n<meta property=\"og:image\" content=\"https:\/\/talkpal.ai\/wp-content\/uploads\/2023\/05\/thailand.png\" \/>\n\t<meta property=\"og:image:width\" content=\"512\" \/>\n\t<meta property=\"og:image:height\" content=\"512\" \/>\n\t<meta property=\"og:image:type\" content=\"image\/png\" \/>\n<meta name=\"twitter:card\" content=\"summary_large_image\" \/>\n<meta name=\"twitter:site\" content=\"@talkpalai\" \/>\n<meta name=\"twitter:label1\" content=\"Estimeret l\u00e6setid\" \/>\n\t<meta name=\"twitter:data1\" content=\"3 minutter\" \/>\n<script type=\"application\/ld+json\" class=\"yoast-schema-graph\">{\"@context\":\"https:\/\/schema.org\",\"@graph\":[{\"@type\":\"WebPage\",\"@id\":\"https:\/\/talkpal.ai\/da\/thai-grammatik\/\",\"url\":\"https:\/\/talkpal.ai\/da\/thai-grammatik\/\",\"name\":\"Thai grammatik - Talkpal\",\"isPartOf\":{\"@id\":\"https:\/\/talkpal.ai\/da\/#website\"},\"primaryImageOfPage\":{\"@id\":\"https:\/\/talkpal.ai\/da\/thai-grammatik\/#primaryimage\"},\"image\":{\"@id\":\"https:\/\/talkpal.ai\/da\/thai-grammatik\/#primaryimage\"},\"thumbnailUrl\":\"https:\/\/talkpal.ai\/wp-content\/uploads\/2023\/05\/thailand.png\",\"datePublished\":\"2023-05-14T14:24:42+00:00\",\"dateModified\":\"2025-12-13T15:48:51+00:00\",\"description\":\"Udforsk den fascinerende verden af thailandsk grammatik. Oplev dens enkelhed og unikke funktioner, der g\u00f8r det sjovt at l\u00e6re.\",\"breadcrumb\":{\"@id\":\"https:\/\/talkpal.ai\/da\/thai-grammatik\/#breadcrumb\"},\"inLanguage\":\"da-DK\",\"potentialAction\":[{\"@type\":\"ReadAction\",\"target\":[\"https:\/\/talkpal.ai\/da\/thai-grammatik\/\"]}]},{\"@type\":\"ImageObject\",\"inLanguage\":\"da-DK\",\"@id\":\"https:\/\/talkpal.ai\/da\/thai-grammatik\/#primaryimage\",\"url\":\"https:\/\/talkpal.ai\/wp-content\/uploads\/2023\/05\/thailand.png\",\"contentUrl\":\"https:\/\/talkpal.ai\/wp-content\/uploads\/2023\/05\/thailand.png\",\"width\":512,\"height\":512},{\"@type\":\"BreadcrumbList\",\"@id\":\"https:\/\/talkpal.ai\/da\/thai-grammatik\/#breadcrumb\",\"itemListElement\":[{\"@type\":\"ListItem\",\"position\":1,\"name\":\"Homepage\",\"item\":\"https:\/\/talkpal.ai\/da\/\"},{\"@type\":\"ListItem\",\"position\":2,\"name\":\"Thai grammatik\"}]},{\"@type\":\"WebSite\",\"@id\":\"https:\/\/talkpal.ai\/da\/#website\",\"url\":\"https:\/\/talkpal.ai\/da\/\",\"name\":\"Talkpal\",\"description\":\"AI Language Learning\",\"publisher\":{\"@id\":\"https:\/\/talkpal.ai\/da\/#organization\"},\"alternateName\":\"Talkpal AI\",\"potentialAction\":[{\"@type\":\"SearchAction\",\"target\":{\"@type\":\"EntryPoint\",\"urlTemplate\":\"https:\/\/talkpal.ai\/da\/?s={search_term_string}\"},\"query-input\":{\"@type\":\"PropertyValueSpecification\",\"valueRequired\":true,\"valueName\":\"search_term_string\"}}],\"inLanguage\":\"da-DK\"},{\"@type\":\"Organization\",\"@id\":\"https:\/\/talkpal.ai\/da\/#organization\",\"name\":\"Talkpal, Inc.\",\"alternateName\":\"Talkpal AI\",\"url\":\"https:\/\/talkpal.ai\/da\/\",\"logo\":{\"@type\":\"ImageObject\",\"inLanguage\":\"da-DK\",\"@id\":\"https:\/\/talkpal.ai\/da\/#\/schema\/logo\/image\/\",\"url\":\"https:\/\/talkpal.ai\/wp-content\/uploads\/2024\/03\/Talkpal-Logo-Icon.png\",\"contentUrl\":\"https:\/\/talkpal.ai\/wp-content\/uploads\/2024\/03\/Talkpal-Logo-Icon.png\",\"width\":2880,\"height\":2880,\"caption\":\"Talkpal, Inc.\"},\"image\":{\"@id\":\"https:\/\/talkpal.ai\/da\/#\/schema\/logo\/image\/\"},\"sameAs\":[\"https:\/\/www.facebook.com\/profile.php?id=100090733639311\",\"https:\/\/x.com\/talkpalai\",\"https:\/\/www.linkedin.com\/company\/talkpal\/\",\"https:\/\/www.youtube.com\/@TalkPal\/\",\"https:\/\/www.tiktok.com\/@talkpal\",\"https:\/\/www.instagram.com\/talkpal_ai\/\",\"https:\/\/www.crunchbase.com\/organization\/talkpal-9cde\",\"https:\/\/www.g2.com\/products\/talkpal-for-business\/\",\"https:\/\/www.trustpilot.com\/review\/talkpal.ai\",\"https:\/\/www.capterra.com\/p\/10006800\/TalkPal\/\"],\"description\":\"Talkpal is a language learning web and mobile education app, powered by the latest AI technologies, that provides engaging experiences to its customers in many different languages to help them improve their language skills. Users can chat about unlimited amount of topics with the app and use other modes to practice their language learning.\",\"email\":\"support@talkpal.ai\",\"legalName\":\"Talkpal, Inc.\",\"foundingDate\":\"2023-04-03\",\"duns\":\"118989042\",\"numberOfEmployees\":{\"@type\":\"QuantitativeValue\",\"minValue\":\"11\",\"maxValue\":\"50\"},\"publishingPrinciples\":\"https:\/\/talkpal.ai\/publishing-principles\/\",\"actionableFeedbackPolicy\":\"https:\/\/talkpal.ai\/actionable-feedback-policy\/\",\"correctionsPolicy\":\"https:\/\/talkpal.ai\/corrections-policy\/\",\"ethicsPolicy\":\"https:\/\/talkpal.ai\/ethics-policy\/\",\"diversityPolicy\":\"https:\/\/talkpal.ai\/diversity-policy\/\",\"diversityStaffingReport\":\"https:\/\/talkpal.ai\/diversity-policy\/\"}]}<\/script>\n<!-- \/ Yoast SEO Premium plugin. -->","yoast_head_json":{"title":"Thai grammatik - Talkpal","description":"Udforsk den fascinerende verden af thailandsk grammatik. Oplev dens enkelhed og unikke funktioner, der g\u00f8r det sjovt at l\u00e6re.","robots":{"index":"index","follow":"follow","max-snippet":"max-snippet:-1","max-image-preview":"max-image-preview:large","max-video-preview":"max-video-preview:-1"},"canonical":"https:\/\/talkpal.ai\/da\/thai-grammatik\/","og_locale":"da_DK","og_type":"article","og_title":"Thai grammatik","og_description":"Thai grammatik: Udforskning af en unik sproglig verden Thailandsk grammatik - tilsyneladende g\u00e5defuld, eksotisk og f\u00e6ngslende. N\u00e5r du g\u00e5r ud p\u00e5 din rejse","og_url":"https:\/\/talkpal.ai\/da\/thai-grammatik\/","og_site_name":"Talkpal","article_publisher":"https:\/\/www.facebook.com\/profile.php?id=100090733639311","article_modified_time":"2025-12-13T15:48:51+00:00","og_image":[{"width":512,"height":512,"url":"https:\/\/talkpal.ai\/wp-content\/uploads\/2023\/05\/thailand.png","type":"image\/png"}],"twitter_card":"summary_large_image","twitter_site":"@talkpalai","twitter_misc":{"Estimeret l\u00e6setid":"3 minutter"},"schema":{"@context":"https:\/\/schema.org","@graph":[{"@type":"WebPage","@id":"https:\/\/talkpal.ai\/da\/thai-grammatik\/","url":"https:\/\/talkpal.ai\/da\/thai-grammatik\/","name":"Thai grammatik - Talkpal","isPartOf":{"@id":"https:\/\/talkpal.ai\/da\/#website"},"primaryImageOfPage":{"@id":"https:\/\/talkpal.ai\/da\/thai-grammatik\/#primaryimage"},"image":{"@id":"https:\/\/talkpal.ai\/da\/thai-grammatik\/#primaryimage"},"thumbnailUrl":"https:\/\/talkpal.ai\/wp-content\/uploads\/2023\/05\/thailand.png","datePublished":"2023-05-14T14:24:42+00:00","dateModified":"2025-12-13T15:48:51+00:00","description":"Udforsk den fascinerende verden af thailandsk grammatik. Oplev dens enkelhed og unikke funktioner, der g\u00f8r det sjovt at l\u00e6re.","breadcrumb":{"@id":"https:\/\/talkpal.ai\/da\/thai-grammatik\/#breadcrumb"},"inLanguage":"da-DK","potentialAction":[{"@type":"ReadAction","target":["https:\/\/talkpal.ai\/da\/thai-grammatik\/"]}]},{"@type":"ImageObject","inLanguage":"da-DK","@id":"https:\/\/talkpal.ai\/da\/thai-grammatik\/#primaryimage","url":"https:\/\/talkpal.ai\/wp-content\/uploads\/2023\/05\/thailand.png","contentUrl":"https:\/\/talkpal.ai\/wp-content\/uploads\/2023\/05\/thailand.png","width":512,"height":512},{"@type":"BreadcrumbList","@id":"https:\/\/talkpal.ai\/da\/thai-grammatik\/#breadcrumb","itemListElement":[{"@type":"ListItem","position":1,"name":"Homepage","item":"https:\/\/talkpal.ai\/da\/"},{"@type":"ListItem","position":2,"name":"Thai grammatik"}]},{"@type":"WebSite","@id":"https:\/\/talkpal.ai\/da\/#website","url":"https:\/\/talkpal.ai\/da\/","name":"Talkpal","description":"AI Language Learning","publisher":{"@id":"https:\/\/talkpal.ai\/da\/#organization"},"alternateName":"Talkpal AI","potentialAction":[{"@type":"SearchAction","target":{"@type":"EntryPoint","urlTemplate":"https:\/\/talkpal.ai\/da\/?s={search_term_string}"},"query-input":{"@type":"PropertyValueSpecification","valueRequired":true,"valueName":"search_term_string"}}],"inLanguage":"da-DK"},{"@type":"Organization","@id":"https:\/\/talkpal.ai\/da\/#organization","name":"Talkpal, Inc.","alternateName":"Talkpal AI","url":"https:\/\/talkpal.ai\/da\/","logo":{"@type":"ImageObject","inLanguage":"da-DK","@id":"https:\/\/talkpal.ai\/da\/#\/schema\/logo\/image\/","url":"https:\/\/talkpal.ai\/wp-content\/uploads\/2024\/03\/Talkpal-Logo-Icon.png","contentUrl":"https:\/\/talkpal.ai\/wp-content\/uploads\/2024\/03\/Talkpal-Logo-Icon.png","width":2880,"height":2880,"caption":"Talkpal, Inc."},"image":{"@id":"https:\/\/talkpal.ai\/da\/#\/schema\/logo\/image\/"},"sameAs":["https:\/\/www.facebook.com\/profile.php?id=100090733639311","https:\/\/x.com\/talkpalai","https:\/\/www.linkedin.com\/company\/talkpal\/","https:\/\/www.youtube.com\/@TalkPal\/","https:\/\/www.tiktok.com\/@talkpal","https:\/\/www.instagram.com\/talkpal_ai\/","https:\/\/www.crunchbase.com\/organization\/talkpal-9cde","https:\/\/www.g2.com\/products\/talkpal-for-business\/","https:\/\/www.trustpilot.com\/review\/talkpal.ai","https:\/\/www.capterra.com\/p\/10006800\/TalkPal\/"],"description":"Talkpal is a language learning web and mobile education app, powered by the latest AI technologies, that provides engaging experiences to its customers in many different languages to help them improve their language skills. Users can chat about unlimited amount of topics with the app and use other modes to practice their language learning.","email":"support@talkpal.ai","legalName":"Talkpal, Inc.","foundingDate":"2023-04-03","duns":"118989042","numberOfEmployees":{"@type":"QuantitativeValue","minValue":"11","maxValue":"50"},"publishingPrinciples":"https:\/\/talkpal.ai\/publishing-principles\/","actionableFeedbackPolicy":"https:\/\/talkpal.ai\/actionable-feedback-policy\/","correctionsPolicy":"https:\/\/talkpal.ai\/corrections-policy\/","ethicsPolicy":"https:\/\/talkpal.ai\/ethics-policy\/","diversityPolicy":"https:\/\/talkpal.ai\/diversity-policy\/","diversityStaffingReport":"https:\/\/talkpal.ai\/diversity-policy\/"}]}},"_links":{"self":[{"href":"https:\/\/talkpal.ai\/da\/wp-json\/wp\/v2\/pages\/153544","targetHints":{"allow":["GET"]}}],"collection":[{"href":"https:\/\/talkpal.ai\/da\/wp-json\/wp\/v2\/pages"}],"about":[{"href":"https:\/\/talkpal.ai\/da\/wp-json\/wp\/v2\/types\/page"}],"author":[{"embeddable":true,"href":"https:\/\/talkpal.ai\/da\/wp-json\/wp\/v2\/users\/1"}],"replies":[{"embeddable":true,"href":"https:\/\/talkpal.ai\/da\/wp-json\/wp\/v2\/comments?post=153544"}],"version-history":[{"count":0,"href":"https:\/\/talkpal.ai\/da\/wp-json\/wp\/v2\/pages\/153544\/revisions"}],"wp:featuredmedia":[{"embeddable":true,"href":"https:\/\/talkpal.ai\/da\/wp-json\/wp\/v2\/media\/120813"}],"wp:attachment":[{"href":"https:\/\/talkpal.ai\/da\/wp-json\/wp\/v2\/media?parent=153544"}],"curies":[{"name":"wp","href":"https:\/\/api.w.org\/{rel}","templated":true}]}}