{"id":152927,"date":"2023-05-14T14:23:21","date_gmt":"2023-05-14T14:23:21","guid":{"rendered":"http:\/\/talkpal.ai\/tagalog-grammatik\/"},"modified":"2025-12-17T15:39:40","modified_gmt":"2025-12-17T15:39:40","slug":"tagalog-grammatik","status":"publish","type":"page","link":"https:\/\/talkpal.ai\/da\/tagalog-grammatik\/","title":{"rendered":"Tagalog grammatik"},"content":{"rendered":"\r\n\r\n\r\n<section class=\"languageChallengeSection\">\r\n    <div class=\"languageInfoWrapper\">\r\n        \r\n        <h1>Tagalog grammatik<\/h1>\r\n        <p>Er du sp\u00e6ndt p\u00e5 at l\u00e6re <a href=\"https:\/\/talkpal.ai\/learn-tagalog\/\">tagalog<\/a>? Udforsk tagalog-grammatik, hvor unikke verbumfokussystemer, fleksibel s\u00e6tningsr\u00e6kkef\u00f8lge og nyttige partikler skaber et <a href=\"https:\/\/talkpal.ai\/what-language-is-spoken-on-the-international-space-station\/\">sprog<\/a>, der er lige s\u00e5 udtryksfuldt, som det er interessant. Start din rejse nu &#8211; at mestre tagalog-grammatik vil give dig mulighed for at kommunikere selvsikkert og fordybe dig i den pulserende kultur i Filippinerne!<\/p>\r\n\r\n                            <a class=\"getStartedHidden\" href=\"https:\/\/app.talkpal.ai\/da\/signup?lng=\">Kom i gang<\/a>\r\n        \r\n    <\/div>\r\n\r\n    <figure>\r\n    <img decoding=\"async\" width=\"768\" height=\"768\" src=\"https:\/\/talkpal.ai\/wp-content\/uploads\/2023\/06\/tagalog-768x768.png\" class=\"languageImage no-lazy\" alt=\"Overcoming challenges in language learning\" fetchpriority=\"high\" sizes=\"(max-width: 768px) 150px, 768px\" srcset=\"https:\/\/talkpal.ai\/wp-content\/uploads\/2023\/06\/tagalog-768x768.png 768w, https:\/\/talkpal.ai\/wp-content\/uploads\/2023\/06\/tagalog-300x300.png 300w\" \/>\r\n    \r\n\r\n    <\/figure>\r\n\r\n            <a class=\"getStartedVisible\" href=\"https:\/\/app.talkpal.ai\/da\/signup?lng=\">Kom i gang<\/a>\r\n    \r\n<\/section>\r\n<section class=\"promotionalBanner\">\r\n    <p class=\"promotionalText\">Den mest effektive m\u00e5de at l\u00e6re et sprog p\u00e5<\/p>\r\n    <a class=\"promotionalLink\" href=\"https:\/\/app.talkpal.ai\/da\/signup?lng=\">Pr\u00f8v Talkpal gratis<\/a>\r\n<\/section>\n<div class=\"wp-block-group pageContainerStyle\"><div class=\"wp-block-group__inner-container is-layout-constrained wp-block-group-is-layout-constrained\">\n<h1 class=\"wp-block-heading\" id=\"h-tagalog-grammar-get-to-know-the-heart-of-filipino-language\">Tagalog grammatik: L\u00e6r hjertet af filippinsk sprog at kende<\/h1>\n\n\n\n<p>Tagalog, grundlaget for Filippinernes nationale sprog, filippinsk, tales af millioner af mennesker verden over. For at l\u00e6re Tagalog skal du f\u00f8rst forst\u00e5 dens indviklede og fascinerende <a href=\"https:\/\/talkpal.ai\/fr\/les\/\">grammatik<\/a>. I denne artikel vil vi dykke ned i de v\u00e6sentlige aspekter af tagaloggrammatik og hj\u00e6lpe dig med at s\u00e6tte pris p\u00e5 dette smukke sprog p\u00e5 en konverserende og venlig m\u00e5de.<\/p>\n\n\n\n<h3 class=\"wp-block-heading\" id=\"h-1-nouns-genderless-countable-and-uncountable\">1. Substantiver &#8211; k\u00f8nsl\u00f8se, t\u00e6llelige og utallige<\/h3>\n\n\n\n<p>I Tagalog er substantiver (pangngalan) ikke kategoriseret efter k\u00f8n, hvilket g\u00f8r det lettere at administrere end nogle andre sprog. Almindelige navneord henviser til mennesker, dyr, steder, ting eller ideer, med egennavneord, der angiver specifikke navne. Du vil st\u00f8de p\u00e5 b\u00e5de t\u00e6llelige (tahanan, som betyder &#8220;hus&#8221;) og ut\u00e6llelige navneord (tubig, som betyder &#8220;vand&#8221;). Navneord kan ogs\u00e5 laves om til flertalsformer ved at tilf\u00f8je specifikke mark\u00f8rer som &#8220;mga&#8221;.<\/p>\n\n\n\n<h3 class=\"wp-block-heading\" id=\"h-2-adjectives-describing-with-flair\">2. Adjektiver &#8211; Beskriver med flair<\/h3>\n\n\n\n<p>Adjektiver (pang-uri) giver mere information om substantiver, med flere m\u00e5der at bruge adjektiver i Tagalog. Sammenligning af substantiver sker gennem adjektiver ved at bruge mark\u00f8rerne &#8220;mas&#8221; og &#8220;pinaka&#8221; til at skabe komparative og superlative grader. For eksempel betyder &#8220;maganda&#8221; &#8220;smuk&#8221;, mens &#8220;mas maganda&#8221; betyder &#8220;smukkere&#8221; og &#8220;pinakamaganda&#8221; betyder &#8220;den smukkeste&#8221;.<\/p>\n\n\n\n<h3 class=\"wp-block-heading\" id=\"h-3-pronouns-keeping-it-personal\">3. Pronomen &#8211; Hold det personligt<\/h3>\n\n\n\n<p><a href=\"https:\/\/talkpal.ai\/tagalog-grammar\/\">Tagalog grammatik<\/a> best\u00e5r af personlige, besiddende, demonstrative, forh\u00f8r og relative pronomen. Personlige pronomen kommer i tre tilf\u00e6lde: nominativ (angiver emnet), genitiv (angiver besiddelse) og akkusativ (angiver objektet). Demonstrative pronominer som &#8220;ito&#8221; (dette) og &#8220;iyan&#8221; (det) <a href=\"https:\/\/talkpal.ai\/locations\/learn-french-in-bruges\/\">bruges<\/a> til at p\u00e5pege specifikke ting, mens interrogative pronominer bruges til at stille sp\u00f8rgsm\u00e5l.<\/p>\n\n\n\n<h3 class=\"wp-block-heading\" id=\"h-4-verbs-conjugation-and-focus\">4. Verber &#8211; b\u00f8jning og fokus<\/h3>\n\n\n\n<p>Tagalog verber (pandiwa) spiller en afg\u00f8rende rolle i s\u00e6tningskonstruktion, og deres b\u00f8jning er tydelig. I stedet for sp\u00e6ndte \u00e6ndringer involverer verbb\u00f8jninger i Tagalog aspekt\u00e6ndringer. Der er tre verbumsaspekter: afsluttet (perfektiv), uafsluttet (imperfektiv) og overvejet (fremtid).  <\/p>\n\n\n\n<p>Desuden har Tagalog et unikt fokussystem relateret til verb. I dette system \u00e6ndres verbformen afh\u00e6ngigt af hvilken del af s\u00e6tningen der er fokuseret p\u00e5, s\u00e5som objektet, emnet eller handlingsretningen. N\u00f8glemark\u00f8rer som &#8220;um-&#8220;, &#8220;mag-&#8221; og &#8220;-in&#8221; hj\u00e6lper med at formidle forskellige nuancer i s\u00e6tninger.<\/p>\n\n\n\n<h3 class=\"wp-block-heading\" id=\"h-5-embracing-the-journey\">5. Omfavn rejsen<\/h3>\n\n\n\n<p>At l\u00e6re tagaloggrammatik kr\u00e6ver tid, kr\u00e6fter og et strejf af t\u00e5lmodighed. Men dens unikhed, n\u00e5r den f\u00f8rst er mestret, giver uovertruffen indsigt i filippinsk kultur og arv. Hav et \u00e5bent sind, \u00f8v dig konsekvent, og v\u00e6r ikke bange for at beg\u00e5 fejl, mens du taler.<\/p>\n\n\n\n<p>N\u00e5r du dykker dybere ned i tagalog-grammatikkens nuancer, s\u00e5 tag dig tid til at nyde den livlighed og rigdom, den tilbyder. Nyd din forst\u00e5else af de kompleksiteter, der g\u00f8r dette sprog virkelig ekstraordin\u00e6rt. Maligayang pag-aaral &#8211; glad <a href=\"https:\/\/talkpal.ai\/da\/laering\/\">l\u00e6ring<\/a>!<\/p>\n<\/div><\/div>\n\r\n<section class=\"learnNavigationSection\">\r\n            \r\n        <a href=\"https:\/\/talkpal.ai\/da\/laer-tagalog\/\">\r\n            <div class=\"learnNavigationWrapper\">\r\n                <div class=\"learnNavigationContent\">\r\n                    <img decoding=\"async\" src=\"https:\/\/talkpal.ai\/wp-content\/uploads\/2024\/08\/Tagalog.jpg\" alt=\"Philippines Flag\">\r\n                    <div>\r\n                        <h4>Om at l\u00e6re tagalog<\/h4>\r\n                        <p>Find ud af alt om tagaloggrammatik.<\/p>\r\n                    <\/div>\r\n                <\/div>\r\n            <\/div>\r\n        <\/a>\r\n\r\n        \r\n        <a href=\"https:\/\/talkpal.ai\/da\/tagalog-grammatik-oevelser\/\">\r\n            <div class=\"learnNavigationWrapper\">\r\n                <div class=\"learnNavigationContent\">\r\n                    <img decoding=\"async\" src=\"https:\/\/talkpal.ai\/wp-content\/uploads\/2024\/08\/Tagalog.jpg\" alt=\"Philippines Flag\">\r\n                    <div>\r\n                        <h4>Tagalog grammatik-\u00f8velse<\/h4>\r\n                        <p>\u00d8v tagalog-grammatik.<\/p>\r\n                    <\/div>\r\n                <\/div>\r\n            <\/div>\r\n        <\/a>\r\n\r\n        \r\n        <a href=\"https:\/\/talkpal.ai\/vocabulary_language\/tagalog\/\">\r\n            <div class=\"learnNavigationWrapper\">\r\n                <div class=\"learnNavigationContent\">\r\n                    <img decoding=\"async\" src=\"https:\/\/talkpal.ai\/wp-content\/uploads\/2024\/08\/Tagalog.jpg\" alt=\"Philippines Flag\">\r\n                    <div>\r\n                        <h4>Ordforr\u00e5d p\u00e5 tagalog<\/h4>\r\n                        <p>Udvid dit tagalog-ordforr\u00e5d.<\/p>\r\n                    <\/div>\r\n                <\/div>\r\n            <\/div>\r\n        <\/a>\r\n\r\n            <\/section>","protected":false},"excerpt":{"rendered":"<p>Tagalog grammatik: L\u00e6r hjertet af filippinsk sprog at kende Tagalog, grundlaget for Filippinernes nationale sprog, filippinsk, tales af millioner af mennesker verden over. For at l\u00e6re Tagalog skal du f\u00f8rst forst\u00e5 dens indviklede og fascinerende grammatik. I denne artikel vil vi dykke ned i de v\u00e6sentlige aspekter af tagaloggrammatik og hj\u00e6lpe dig med at s\u00e6tte [&hellip;]<\/p>\n","protected":false},"author":1,"featured_media":120038,"parent":0,"menu_order":0,"comment_status":"closed","ping_status":"closed","template":"LearningContentPage.php","meta":{"_acf_changed":false,"footnotes":""},"class_list":["post-152927","page","type-page","status-publish","has-post-thumbnail","hentry"],"acf":[],"yoast_head":"<!-- This site is optimized with the Yoast SEO Premium plugin v27.2 (Yoast SEO v27.2) - https:\/\/yoast.com\/product\/yoast-seo-premium-wordpress\/ -->\n<title>Tagalog grammatik - Talkpal<\/title>\n<meta name=\"description\" content=\"Udforsk tagalog-grammatik, og l\u00e6r, hvordan du v\u00e6rds\u00e6tter dette smukke sprog p\u00e5 en enkel og venlig m\u00e5de.\" \/>\n<meta name=\"robots\" content=\"index, follow, max-snippet:-1, max-image-preview:large, max-video-preview:-1\" \/>\n<link rel=\"canonical\" href=\"https:\/\/talkpal.ai\/da\/tagalog-grammatik\/\" \/>\n<meta property=\"og:locale\" content=\"da_DK\" \/>\n<meta property=\"og:type\" content=\"article\" \/>\n<meta property=\"og:title\" content=\"Tagalog grammatik\" \/>\n<meta property=\"og:description\" content=\"Tagalog grammatik: L\u00e6r hjertet af filippinsk sprog at kende Tagalog, grundlaget for Filippinernes nationale sprog, filippinsk, tales af millioner af\" \/>\n<meta property=\"og:url\" content=\"https:\/\/talkpal.ai\/da\/tagalog-grammatik\/\" \/>\n<meta property=\"og:site_name\" content=\"Talkpal\" \/>\n<meta property=\"article:publisher\" content=\"https:\/\/www.facebook.com\/profile.php?id=100090733639311\" \/>\n<meta property=\"article:modified_time\" content=\"2025-12-17T15:39:40+00:00\" \/>\n<meta property=\"og:image\" content=\"https:\/\/talkpal.ai\/wp-content\/uploads\/2023\/05\/Tagalog-philippines.png\" \/>\n\t<meta property=\"og:image:width\" content=\"512\" \/>\n\t<meta property=\"og:image:height\" content=\"512\" \/>\n\t<meta property=\"og:image:type\" content=\"image\/png\" \/>\n<meta name=\"twitter:card\" content=\"summary_large_image\" \/>\n<meta name=\"twitter:site\" content=\"@talkpalai\" \/>\n<meta name=\"twitter:label1\" content=\"Estimeret l\u00e6setid\" \/>\n\t<meta name=\"twitter:data1\" content=\"2 minutter\" \/>\n<script type=\"application\/ld+json\" class=\"yoast-schema-graph\">{\"@context\":\"https:\/\/schema.org\",\"@graph\":[{\"@type\":\"WebPage\",\"@id\":\"https:\/\/talkpal.ai\/da\/tagalog-grammatik\/\",\"url\":\"https:\/\/talkpal.ai\/da\/tagalog-grammatik\/\",\"name\":\"Tagalog grammatik - Talkpal\",\"isPartOf\":{\"@id\":\"https:\/\/talkpal.ai\/da\/#website\"},\"primaryImageOfPage\":{\"@id\":\"https:\/\/talkpal.ai\/da\/tagalog-grammatik\/#primaryimage\"},\"image\":{\"@id\":\"https:\/\/talkpal.ai\/da\/tagalog-grammatik\/#primaryimage\"},\"thumbnailUrl\":\"https:\/\/talkpal.ai\/wp-content\/uploads\/2023\/05\/Tagalog-philippines.png\",\"datePublished\":\"2023-05-14T14:23:21+00:00\",\"dateModified\":\"2025-12-17T15:39:40+00:00\",\"description\":\"Udforsk tagalog-grammatik, og l\u00e6r, hvordan du v\u00e6rds\u00e6tter dette smukke sprog p\u00e5 en enkel og venlig m\u00e5de.\",\"breadcrumb\":{\"@id\":\"https:\/\/talkpal.ai\/da\/tagalog-grammatik\/#breadcrumb\"},\"inLanguage\":\"da-DK\",\"potentialAction\":[{\"@type\":\"ReadAction\",\"target\":[\"https:\/\/talkpal.ai\/da\/tagalog-grammatik\/\"]}]},{\"@type\":\"ImageObject\",\"inLanguage\":\"da-DK\",\"@id\":\"https:\/\/talkpal.ai\/da\/tagalog-grammatik\/#primaryimage\",\"url\":\"https:\/\/talkpal.ai\/wp-content\/uploads\/2023\/05\/Tagalog-philippines.png\",\"contentUrl\":\"https:\/\/talkpal.ai\/wp-content\/uploads\/2023\/05\/Tagalog-philippines.png\",\"width\":512,\"height\":512},{\"@type\":\"BreadcrumbList\",\"@id\":\"https:\/\/talkpal.ai\/da\/tagalog-grammatik\/#breadcrumb\",\"itemListElement\":[{\"@type\":\"ListItem\",\"position\":1,\"name\":\"Homepage\",\"item\":\"https:\/\/talkpal.ai\/da\/\"},{\"@type\":\"ListItem\",\"position\":2,\"name\":\"Tagalog grammatik\"}]},{\"@type\":\"WebSite\",\"@id\":\"https:\/\/talkpal.ai\/da\/#website\",\"url\":\"https:\/\/talkpal.ai\/da\/\",\"name\":\"Talkpal\",\"description\":\"AI Language Learning\",\"publisher\":{\"@id\":\"https:\/\/talkpal.ai\/da\/#organization\"},\"alternateName\":\"Talkpal AI\",\"potentialAction\":[{\"@type\":\"SearchAction\",\"target\":{\"@type\":\"EntryPoint\",\"urlTemplate\":\"https:\/\/talkpal.ai\/da\/?s={search_term_string}\"},\"query-input\":{\"@type\":\"PropertyValueSpecification\",\"valueRequired\":true,\"valueName\":\"search_term_string\"}}],\"inLanguage\":\"da-DK\"},{\"@type\":\"Organization\",\"@id\":\"https:\/\/talkpal.ai\/da\/#organization\",\"name\":\"Talkpal, Inc.\",\"alternateName\":\"Talkpal AI\",\"url\":\"https:\/\/talkpal.ai\/da\/\",\"logo\":{\"@type\":\"ImageObject\",\"inLanguage\":\"da-DK\",\"@id\":\"https:\/\/talkpal.ai\/da\/#\/schema\/logo\/image\/\",\"url\":\"https:\/\/talkpal.ai\/wp-content\/uploads\/2024\/03\/Talkpal-Logo-Icon.png\",\"contentUrl\":\"https:\/\/talkpal.ai\/wp-content\/uploads\/2024\/03\/Talkpal-Logo-Icon.png\",\"width\":2880,\"height\":2880,\"caption\":\"Talkpal, Inc.\"},\"image\":{\"@id\":\"https:\/\/talkpal.ai\/da\/#\/schema\/logo\/image\/\"},\"sameAs\":[\"https:\/\/www.facebook.com\/profile.php?id=100090733639311\",\"https:\/\/x.com\/talkpalai\",\"https:\/\/www.linkedin.com\/company\/talkpal\/\",\"https:\/\/www.youtube.com\/@TalkPal\/\",\"https:\/\/www.tiktok.com\/@talkpal\",\"https:\/\/www.instagram.com\/talkpal_ai\/\",\"https:\/\/www.crunchbase.com\/organization\/talkpal-9cde\",\"https:\/\/www.g2.com\/products\/talkpal-for-business\/\",\"https:\/\/www.trustpilot.com\/review\/talkpal.ai\",\"https:\/\/www.capterra.com\/p\/10006800\/TalkPal\/\"],\"description\":\"Talkpal is a language learning web and mobile education app, powered by the latest AI technologies, that provides engaging experiences to its customers in many different languages to help them improve their language skills. Users can chat about unlimited amount of topics with the app and use other modes to practice their language learning.\",\"email\":\"support@talkpal.ai\",\"legalName\":\"Talkpal, Inc.\",\"foundingDate\":\"2023-04-03\",\"duns\":\"118989042\",\"numberOfEmployees\":{\"@type\":\"QuantitativeValue\",\"minValue\":\"11\",\"maxValue\":\"50\"},\"publishingPrinciples\":\"https:\/\/talkpal.ai\/publishing-principles\/\",\"actionableFeedbackPolicy\":\"https:\/\/talkpal.ai\/actionable-feedback-policy\/\",\"correctionsPolicy\":\"https:\/\/talkpal.ai\/corrections-policy\/\",\"ethicsPolicy\":\"https:\/\/talkpal.ai\/ethics-policy\/\",\"diversityPolicy\":\"https:\/\/talkpal.ai\/diversity-policy\/\",\"diversityStaffingReport\":\"https:\/\/talkpal.ai\/diversity-policy\/\"}]}<\/script>\n<!-- \/ Yoast SEO Premium plugin. -->","yoast_head_json":{"title":"Tagalog grammatik - Talkpal","description":"Udforsk tagalog-grammatik, og l\u00e6r, hvordan du v\u00e6rds\u00e6tter dette smukke sprog p\u00e5 en enkel og venlig m\u00e5de.","robots":{"index":"index","follow":"follow","max-snippet":"max-snippet:-1","max-image-preview":"max-image-preview:large","max-video-preview":"max-video-preview:-1"},"canonical":"https:\/\/talkpal.ai\/da\/tagalog-grammatik\/","og_locale":"da_DK","og_type":"article","og_title":"Tagalog grammatik","og_description":"Tagalog grammatik: L\u00e6r hjertet af filippinsk sprog at kende Tagalog, grundlaget for Filippinernes nationale sprog, filippinsk, tales af millioner af","og_url":"https:\/\/talkpal.ai\/da\/tagalog-grammatik\/","og_site_name":"Talkpal","article_publisher":"https:\/\/www.facebook.com\/profile.php?id=100090733639311","article_modified_time":"2025-12-17T15:39:40+00:00","og_image":[{"width":512,"height":512,"url":"https:\/\/talkpal.ai\/wp-content\/uploads\/2023\/05\/Tagalog-philippines.png","type":"image\/png"}],"twitter_card":"summary_large_image","twitter_site":"@talkpalai","twitter_misc":{"Estimeret l\u00e6setid":"2 minutter"},"schema":{"@context":"https:\/\/schema.org","@graph":[{"@type":"WebPage","@id":"https:\/\/talkpal.ai\/da\/tagalog-grammatik\/","url":"https:\/\/talkpal.ai\/da\/tagalog-grammatik\/","name":"Tagalog grammatik - Talkpal","isPartOf":{"@id":"https:\/\/talkpal.ai\/da\/#website"},"primaryImageOfPage":{"@id":"https:\/\/talkpal.ai\/da\/tagalog-grammatik\/#primaryimage"},"image":{"@id":"https:\/\/talkpal.ai\/da\/tagalog-grammatik\/#primaryimage"},"thumbnailUrl":"https:\/\/talkpal.ai\/wp-content\/uploads\/2023\/05\/Tagalog-philippines.png","datePublished":"2023-05-14T14:23:21+00:00","dateModified":"2025-12-17T15:39:40+00:00","description":"Udforsk tagalog-grammatik, og l\u00e6r, hvordan du v\u00e6rds\u00e6tter dette smukke sprog p\u00e5 en enkel og venlig m\u00e5de.","breadcrumb":{"@id":"https:\/\/talkpal.ai\/da\/tagalog-grammatik\/#breadcrumb"},"inLanguage":"da-DK","potentialAction":[{"@type":"ReadAction","target":["https:\/\/talkpal.ai\/da\/tagalog-grammatik\/"]}]},{"@type":"ImageObject","inLanguage":"da-DK","@id":"https:\/\/talkpal.ai\/da\/tagalog-grammatik\/#primaryimage","url":"https:\/\/talkpal.ai\/wp-content\/uploads\/2023\/05\/Tagalog-philippines.png","contentUrl":"https:\/\/talkpal.ai\/wp-content\/uploads\/2023\/05\/Tagalog-philippines.png","width":512,"height":512},{"@type":"BreadcrumbList","@id":"https:\/\/talkpal.ai\/da\/tagalog-grammatik\/#breadcrumb","itemListElement":[{"@type":"ListItem","position":1,"name":"Homepage","item":"https:\/\/talkpal.ai\/da\/"},{"@type":"ListItem","position":2,"name":"Tagalog grammatik"}]},{"@type":"WebSite","@id":"https:\/\/talkpal.ai\/da\/#website","url":"https:\/\/talkpal.ai\/da\/","name":"Talkpal","description":"AI Language Learning","publisher":{"@id":"https:\/\/talkpal.ai\/da\/#organization"},"alternateName":"Talkpal AI","potentialAction":[{"@type":"SearchAction","target":{"@type":"EntryPoint","urlTemplate":"https:\/\/talkpal.ai\/da\/?s={search_term_string}"},"query-input":{"@type":"PropertyValueSpecification","valueRequired":true,"valueName":"search_term_string"}}],"inLanguage":"da-DK"},{"@type":"Organization","@id":"https:\/\/talkpal.ai\/da\/#organization","name":"Talkpal, Inc.","alternateName":"Talkpal AI","url":"https:\/\/talkpal.ai\/da\/","logo":{"@type":"ImageObject","inLanguage":"da-DK","@id":"https:\/\/talkpal.ai\/da\/#\/schema\/logo\/image\/","url":"https:\/\/talkpal.ai\/wp-content\/uploads\/2024\/03\/Talkpal-Logo-Icon.png","contentUrl":"https:\/\/talkpal.ai\/wp-content\/uploads\/2024\/03\/Talkpal-Logo-Icon.png","width":2880,"height":2880,"caption":"Talkpal, Inc."},"image":{"@id":"https:\/\/talkpal.ai\/da\/#\/schema\/logo\/image\/"},"sameAs":["https:\/\/www.facebook.com\/profile.php?id=100090733639311","https:\/\/x.com\/talkpalai","https:\/\/www.linkedin.com\/company\/talkpal\/","https:\/\/www.youtube.com\/@TalkPal\/","https:\/\/www.tiktok.com\/@talkpal","https:\/\/www.instagram.com\/talkpal_ai\/","https:\/\/www.crunchbase.com\/organization\/talkpal-9cde","https:\/\/www.g2.com\/products\/talkpal-for-business\/","https:\/\/www.trustpilot.com\/review\/talkpal.ai","https:\/\/www.capterra.com\/p\/10006800\/TalkPal\/"],"description":"Talkpal is a language learning web and mobile education app, powered by the latest AI technologies, that provides engaging experiences to its customers in many different languages to help them improve their language skills. Users can chat about unlimited amount of topics with the app and use other modes to practice their language learning.","email":"support@talkpal.ai","legalName":"Talkpal, Inc.","foundingDate":"2023-04-03","duns":"118989042","numberOfEmployees":{"@type":"QuantitativeValue","minValue":"11","maxValue":"50"},"publishingPrinciples":"https:\/\/talkpal.ai\/publishing-principles\/","actionableFeedbackPolicy":"https:\/\/talkpal.ai\/actionable-feedback-policy\/","correctionsPolicy":"https:\/\/talkpal.ai\/corrections-policy\/","ethicsPolicy":"https:\/\/talkpal.ai\/ethics-policy\/","diversityPolicy":"https:\/\/talkpal.ai\/diversity-policy\/","diversityStaffingReport":"https:\/\/talkpal.ai\/diversity-policy\/"}]}},"_links":{"self":[{"href":"https:\/\/talkpal.ai\/da\/wp-json\/wp\/v2\/pages\/152927","targetHints":{"allow":["GET"]}}],"collection":[{"href":"https:\/\/talkpal.ai\/da\/wp-json\/wp\/v2\/pages"}],"about":[{"href":"https:\/\/talkpal.ai\/da\/wp-json\/wp\/v2\/types\/page"}],"author":[{"embeddable":true,"href":"https:\/\/talkpal.ai\/da\/wp-json\/wp\/v2\/users\/1"}],"replies":[{"embeddable":true,"href":"https:\/\/talkpal.ai\/da\/wp-json\/wp\/v2\/comments?post=152927"}],"version-history":[{"count":0,"href":"https:\/\/talkpal.ai\/da\/wp-json\/wp\/v2\/pages\/152927\/revisions"}],"wp:featuredmedia":[{"embeddable":true,"href":"https:\/\/talkpal.ai\/da\/wp-json\/wp\/v2\/media\/120038"}],"wp:attachment":[{"href":"https:\/\/talkpal.ai\/da\/wp-json\/wp\/v2\/media?parent=152927"}],"curies":[{"name":"wp","href":"https:\/\/api.w.org\/{rel}","templated":true}]}}