{"id":152634,"date":"2023-05-14T14:23:00","date_gmt":"2023-05-14T14:23:00","guid":{"rendered":"http:\/\/talkpal.ai\/vietnamesisk-grammatik\/"},"modified":"2025-12-12T10:56:45","modified_gmt":"2025-12-12T10:56:45","slug":"vietnamesisk-grammatik","status":"publish","type":"page","link":"https:\/\/talkpal.ai\/da\/vietnamesisk-grammatik\/","title":{"rendered":"Vietnamesisk grammatik"},"content":{"rendered":"\r\n\r\n\r\n<section class=\"languageChallengeSection\">\r\n    <div class=\"languageInfoWrapper\">\r\n        \r\n        <h1>Vietnamesisk grammatik<\/h1>\r\n        <p><a href=\"https:\/\/talkpal.ai\/no\/laer-vietnamesisk\/\">Vietnamesisk grammatik<\/a> er kendt for sin enkelhed og logiske struktur, hvilket g\u00f8r den tilg\u00e6ngelig for nye elever. Med et romaniseret alfabet, ingen verbalb\u00f8jninger og minimal brug af flertal kan eleverne hurtigt fokusere p\u00e5 at opbygge ordforr\u00e5d og samtalef\u00e6rdigheder. At udforske <a href=\"https:\/\/talkpal.ai\/learn-vietnamese\/\">vietnamesisk<\/a> handler ikke kun om at l\u00e6re sproget &#8211; det \u00e5bner ogs\u00e5 et vindue til landets rige kultur og historie.<\/p>\r\n\r\n                            <a class=\"getStartedHidden\" href=\"https:\/\/app.talkpal.ai\/da\/signup?lng=\">Kom i gang<\/a>\r\n        \r\n    <\/div>\r\n\r\n    <figure>\r\n    <img decoding=\"async\" width=\"768\" height=\"768\" src=\"https:\/\/talkpal.ai\/wp-content\/uploads\/2023\/06\/vietnamese-768x768.png\" class=\"languageImage no-lazy\" alt=\"Language learning for extensive cultural knowledge\" fetchpriority=\"high\" sizes=\"(max-width: 768px) 150px, 768px\" srcset=\"https:\/\/talkpal.ai\/wp-content\/uploads\/2023\/06\/vietnamese-768x768.png 768w, https:\/\/talkpal.ai\/wp-content\/uploads\/2023\/06\/vietnamese-300x300.png 300w\" \/>\r\n    \r\n\r\n    <\/figure>\r\n\r\n            <a class=\"getStartedVisible\" href=\"https:\/\/app.talkpal.ai\/da\/signup?lng=\">Kom i gang<\/a>\r\n    \r\n<\/section>\r\n<section class=\"promotionalBanner\">\r\n    <p class=\"promotionalText\">Den mest effektive m\u00e5de at l\u00e6re et <a href=\"https:\/\/talkpal.ai\/what-language-is-spoken-on-the-international-space-station\/\">sprog<\/a> p\u00e5<\/p>\r\n    <a class=\"promotionalLink\" href=\"https:\/\/app.talkpal.ai\/da\/signup?lng=\">Pr\u00f8v Talkpal gratis<\/a>\r\n<\/section>\n<div class=\"wp-block-group pageContainerStyle\"><div class=\"wp-block-group__inner-container is-layout-constrained wp-block-group-is-layout-constrained\">\n<h2 class=\"wp-block-heading\" id=\"h-the-intricacies-of-vietnamese-grammar-an-engaging-exploration\">Forviklingerne i vietnamesisk grammatik: En engagerende udforskning<\/h2>\n\n\n\n<p>Det vietnamesiske sprog, med sine dybe historiske r\u00f8dder og unikke kulturelle baggrund, tilbyder et lokkende eventyr for b\u00e5de lingvister og sprogelever. Mens <a href=\"https:\/\/talkpal.ai\/learn-vietnamese\/\">vietnamesisk<\/a> <a href=\"https:\/\/talkpal.ai\/fr\/les\/\">grammatik<\/a> oprindeligt kan dukke op som en udfordring, baner dens enkle logik og konsistens vejen for en sp\u00e6ndende l\u00e6ringsoplevelse. S\u00e5 forbered dig p\u00e5 en sp\u00e6ndende sproglig rejse, n\u00e5r vi dykker ned i s\u00e6regenhederne ved vietnamesisk grammatik.<\/p>\n\n\n\n<h3 class=\"wp-block-heading\" id=\"h-1-the-alphabet-a-gift-from-the-past\">1. Alfabetet: En gave fra fortiden<\/h3>\n\n\n\n<p>Det vietnamesiske alfabet, der best\u00e5r af 29 bogstaver, stammer hovedsageligt fra det latinske skrift med <a href=\"https:\/\/talkpal.ai\/learn-portuguese\/\">portugisisk<\/a> og <a href=\"https:\/\/talkpal.ai\/learn-french\/\">fransk<\/a> begyndelse. Takket v\u00e6re Qu\u1ed1c Ng\u1eef-skriften har overgangen til et romaniseret skrift gjort alfabetet velkendt og let tilg\u00e6ngeligt for talere af andre latinske sprog. Dette giver et glat indgangspunkt for begyndere at fokusere p\u00e5 sprogets unikke lyde og udtale.<\/p>\n\n\n\n<h3 class=\"wp-block-heading\" id=\"h-2-tones-vietnamese-s-musical-notation\">2. Toner: Vietnamesisk musikalsk notation<\/h3>\n\n\n\n<p>Vietnamesisk er et tonesprog med seks karakteristiske toner, der \u00e6ndrer betydningen af et ord ved hj\u00e6lp af forskellige diakritiske tegn. At erhverve en beherskelse af disse toner kan v\u00e6re udfordrende, men det tilf\u00f8jer musikalitet og nuance til sproget, hvilket g\u00f8r det endnu mere f\u00e6ngslende. T\u00e5lmodighed og \u00f8velse vil g\u00f8re det perfekt, s\u00e5 du fuldt ud kan s\u00e6tte pris p\u00e5 vietnamesernes melodiske sk\u00f8nhed.<\/p>\n\n\n\n<h3 class=\"wp-block-heading\" id=\"h-3-word-order-unraveling-the-vietnamese-sentence-structure\">3. Ordstilling: Optr\u00e6vling af den vietnamesiske s\u00e6tningsstruktur<\/h3>\n\n\n\n<p>Heldigvis er vietnamesisk ordstilling ret enkel efter det velkendte SVO-format (Subject-Verb-Object). Denne tilg\u00e6ngelige struktur g\u00f8r det lettere for <a href=\"https:\/\/talkpal.ai\/english-speaking-course\/\">engelsktalende<\/a> at danne s\u00e6tninger p\u00e5 vietnamesisk uden at opleve et stort skift i lingvistik. Tag eksemplet med &#8220;T\u00f4i y\u00eau Vi\u1ec7t Nam!&#8221; (Jeg elsker Vietnam!), hvor begge sprog har parallelle konstruktioner.<\/p>\n\n\n\n<h3 class=\"wp-block-heading\" id=\"h-4-no-more-plural-nouns-or-verb-conjugations\">4. Ikke flere flertalsnavneord eller verbb\u00f8jninger<\/h3>\n\n\n\n<p>P\u00e5 vietnamesisk \u00e6ndrer substantiver ikke deres form for at indikere pluralitet, og verb forbliver konsistente uanset sp\u00e6nding eller emne. Selvom dette kan virke forvirrende i starten, forenkler det indl\u00e6ringen af grammatikregler betydeligt. I stedet pr\u00e6ciserer kontekst og brugen af yderligere ord betydningen af s\u00e6tningen. S\u00e5 \u00e5nd lettet op, n\u00e5r du siger farvel til besv\u00e6ret med b\u00f8jning.<\/p>\n\n\n\n<h3 class=\"wp-block-heading\" id=\"h-5-immerse-yourself-in-the-vietnamese-mindset\">5. Fordyb dig i den vietnamesiske tankegang<\/h3>\n\n\n\n<p>At l\u00e6re vietnamesisk handler ikke kun om at mestre grammatikken &#8211; det handler ogs\u00e5 om at omfavne de kulturelle, historiske og sociale sammenh\u00e6nge, der har formet sproget. G\u00e5 i dialog med indf\u00f8dte talere, udforsk vietnamesisk litteratur og kunst, og fors\u00f8g at komme i kontakt med landets v\u00e6rdier og skikke. Denne holistiske tilgang vil ikke kun forbedre dine sprogf\u00e6rdigheder, men ogs\u00e5 uddybe din forst\u00e5else af Vietnams mangesidede sk\u00f8nhed.<\/p>\n\n\n\n<h3 class=\"wp-block-heading\" id=\"h-in-conclusion-relish-the-charm-of-vietnamese-grammar\">Afslutningsvis: Nyd charmen ved vietnamesisk grammatik<\/h3>\n\n\n\n<p>Selvom vietnamesisk grammatik kan virke forvirrende p\u00e5 overfladen, inviterer dens fascinerende struktur og iboende enkelhed eleverne til at g\u00e5 i gang med en givende sproglig rejse. N\u00e5r du dykker ned i den vietnamesiske verden, vil du forundres over grammatikkens elegance og sk\u00f8nhed og det rige kulturelle tapet, der har formet sproget gennem \u00e5rhundreder. S\u00e5 g\u00e5 videre og udforske vidunderne i vietnamesisk grammatik, n\u00e5r du navigerer i det sproglige landskab p\u00e5 dette fortryllende sprog.<\/p>\n<\/div><\/div>\n\r\n<section class=\"learnNavigationSection\">\r\n            \r\n        <a href=\"https:\/\/talkpal.ai\/da\/laer-vietnamesisk\/\">\r\n            <div class=\"learnNavigationWrapper\">\r\n                <div class=\"learnNavigationContent\">\r\n                    <img decoding=\"async\" src=\"https:\/\/talkpal.ai\/wp-content\/uploads\/2024\/08\/Vietnamese.jpg\" alt=\"Vietnamise Flag\">\r\n                    <div>\r\n                        <h4>Om at l\u00e6re vietnamesisk<\/h4>\r\n                        <p>Find ud af alt om vietnamesisk grammatik.<\/p>\r\n                    <\/div>\r\n                <\/div>\r\n            <\/div>\r\n        <\/a>\r\n\r\n        \r\n        <a href=\"https:\/\/talkpal.ai\/da\/vietnamesiske-grammatikoevelser\/\">\r\n            <div class=\"learnNavigationWrapper\">\r\n                <div class=\"learnNavigationContent\">\r\n                    <img decoding=\"async\" src=\"https:\/\/talkpal.ai\/wp-content\/uploads\/2024\/08\/Vietnamese.jpg\" alt=\"Vietnamise Flag\">\r\n                    <div>\r\n                        <h4>\u00d8velse i vietnamesisk grammatik<\/h4>\r\n                        <p>\u00d8v vietnamesisk grammatik.<\/p>\r\n                    <\/div>\r\n                <\/div>\r\n            <\/div>\r\n        <\/a>\r\n\r\n        \r\n        <a href=\"https:\/\/talkpal.ai\/vocabulary_language\/vietnamese\/\">\r\n            <div class=\"learnNavigationWrapper\">\r\n                <div class=\"learnNavigationContent\">\r\n                    <img decoding=\"async\" src=\"https:\/\/talkpal.ai\/wp-content\/uploads\/2024\/08\/Vietnamese.jpg\" alt=\"Vietnamise Flag\">\r\n                    <div>\r\n                        <h4>Vietnamesisk ordforr\u00e5d<\/h4>\r\n                        <p>Udvid dit vietnamesiske ordforr\u00e5d.<\/p>\r\n                    <\/div>\r\n                <\/div>\r\n            <\/div>\r\n        <\/a>\r\n\r\n            <\/section>","protected":false},"excerpt":{"rendered":"<p>Forviklingerne i vietnamesisk grammatik: En engagerende udforskning Det vietnamesiske sprog, med sine dybe historiske r\u00f8dder og unikke kulturelle baggrund, tilbyder et lokkende eventyr for b\u00e5de lingvister og sprogelever. Mens vietnamesisk grammatik oprindeligt kan dukke op som en udfordring, baner dens enkle logik og konsistens vejen for en sp\u00e6ndende l\u00e6ringsoplevelse. S\u00e5 forbered dig p\u00e5 en sp\u00e6ndende [&hellip;]<\/p>\n","protected":false},"author":1,"featured_media":120526,"parent":0,"menu_order":0,"comment_status":"closed","ping_status":"closed","template":"LearningContentPage.php","meta":{"_acf_changed":false,"footnotes":""},"class_list":["post-152634","page","type-page","status-publish","has-post-thumbnail","hentry"],"acf":[],"yoast_head":"<!-- This site is optimized with the Yoast SEO Premium plugin v27.2 (Yoast SEO v27.2) - https:\/\/yoast.com\/product\/yoast-seo-premium-wordpress\/ -->\n<title>Vietnamesisk grammatik - Talkpal<\/title>\n<meta name=\"description\" content=\"Udforsk de fascinerende aspekter af vietnamesisk grammatik, og opdag gl\u00e6den ved at l\u00e6re dette unikke sprog.\" \/>\n<meta name=\"robots\" content=\"index, follow, max-snippet:-1, max-image-preview:large, max-video-preview:-1\" \/>\n<link rel=\"canonical\" href=\"https:\/\/talkpal.ai\/da\/vietnamesisk-grammatik\/\" \/>\n<meta property=\"og:locale\" content=\"da_DK\" \/>\n<meta property=\"og:type\" content=\"article\" \/>\n<meta property=\"og:title\" content=\"Vietnamesisk grammatik\" \/>\n<meta property=\"og:description\" content=\"Forviklingerne i vietnamesisk grammatik: En engagerende udforskning Det vietnamesiske sprog, med sine dybe historiske r\u00f8dder og unikke kulturelle\" \/>\n<meta property=\"og:url\" content=\"https:\/\/talkpal.ai\/da\/vietnamesisk-grammatik\/\" \/>\n<meta property=\"og:site_name\" content=\"Talkpal\" \/>\n<meta property=\"article:publisher\" content=\"https:\/\/www.facebook.com\/profile.php?id=100090733639311\" \/>\n<meta property=\"article:modified_time\" content=\"2025-12-12T10:56:45+00:00\" \/>\n<meta property=\"og:image\" content=\"https:\/\/talkpal.ai\/wp-content\/uploads\/2023\/05\/vietnam.png\" \/>\n\t<meta property=\"og:image:width\" content=\"512\" \/>\n\t<meta property=\"og:image:height\" content=\"512\" \/>\n\t<meta property=\"og:image:type\" content=\"image\/png\" \/>\n<meta name=\"twitter:card\" content=\"summary_large_image\" \/>\n<meta name=\"twitter:site\" content=\"@talkpalai\" \/>\n<meta name=\"twitter:label1\" content=\"Estimeret l\u00e6setid\" \/>\n\t<meta name=\"twitter:data1\" content=\"3 minutter\" \/>\n<script type=\"application\/ld+json\" class=\"yoast-schema-graph\">{\"@context\":\"https:\/\/schema.org\",\"@graph\":[{\"@type\":\"WebPage\",\"@id\":\"https:\/\/talkpal.ai\/da\/vietnamesisk-grammatik\/\",\"url\":\"https:\/\/talkpal.ai\/da\/vietnamesisk-grammatik\/\",\"name\":\"Vietnamesisk grammatik - Talkpal\",\"isPartOf\":{\"@id\":\"https:\/\/talkpal.ai\/da\/#website\"},\"primaryImageOfPage\":{\"@id\":\"https:\/\/talkpal.ai\/da\/vietnamesisk-grammatik\/#primaryimage\"},\"image\":{\"@id\":\"https:\/\/talkpal.ai\/da\/vietnamesisk-grammatik\/#primaryimage\"},\"thumbnailUrl\":\"https:\/\/talkpal.ai\/wp-content\/uploads\/2023\/05\/vietnam.png\",\"datePublished\":\"2023-05-14T14:23:00+00:00\",\"dateModified\":\"2025-12-12T10:56:45+00:00\",\"description\":\"Udforsk de fascinerende aspekter af vietnamesisk grammatik, og opdag gl\u00e6den ved at l\u00e6re dette unikke sprog.\",\"breadcrumb\":{\"@id\":\"https:\/\/talkpal.ai\/da\/vietnamesisk-grammatik\/#breadcrumb\"},\"inLanguage\":\"da-DK\",\"potentialAction\":[{\"@type\":\"ReadAction\",\"target\":[\"https:\/\/talkpal.ai\/da\/vietnamesisk-grammatik\/\"]}]},{\"@type\":\"ImageObject\",\"inLanguage\":\"da-DK\",\"@id\":\"https:\/\/talkpal.ai\/da\/vietnamesisk-grammatik\/#primaryimage\",\"url\":\"https:\/\/talkpal.ai\/wp-content\/uploads\/2023\/05\/vietnam.png\",\"contentUrl\":\"https:\/\/talkpal.ai\/wp-content\/uploads\/2023\/05\/vietnam.png\",\"width\":512,\"height\":512},{\"@type\":\"BreadcrumbList\",\"@id\":\"https:\/\/talkpal.ai\/da\/vietnamesisk-grammatik\/#breadcrumb\",\"itemListElement\":[{\"@type\":\"ListItem\",\"position\":1,\"name\":\"Homepage\",\"item\":\"https:\/\/talkpal.ai\/da\/\"},{\"@type\":\"ListItem\",\"position\":2,\"name\":\"Vietnamesisk grammatik\"}]},{\"@type\":\"WebSite\",\"@id\":\"https:\/\/talkpal.ai\/da\/#website\",\"url\":\"https:\/\/talkpal.ai\/da\/\",\"name\":\"Talkpal\",\"description\":\"AI Language Learning\",\"publisher\":{\"@id\":\"https:\/\/talkpal.ai\/da\/#organization\"},\"alternateName\":\"Talkpal AI\",\"potentialAction\":[{\"@type\":\"SearchAction\",\"target\":{\"@type\":\"EntryPoint\",\"urlTemplate\":\"https:\/\/talkpal.ai\/da\/?s={search_term_string}\"},\"query-input\":{\"@type\":\"PropertyValueSpecification\",\"valueRequired\":true,\"valueName\":\"search_term_string\"}}],\"inLanguage\":\"da-DK\"},{\"@type\":\"Organization\",\"@id\":\"https:\/\/talkpal.ai\/da\/#organization\",\"name\":\"Talkpal, Inc.\",\"alternateName\":\"Talkpal AI\",\"url\":\"https:\/\/talkpal.ai\/da\/\",\"logo\":{\"@type\":\"ImageObject\",\"inLanguage\":\"da-DK\",\"@id\":\"https:\/\/talkpal.ai\/da\/#\/schema\/logo\/image\/\",\"url\":\"https:\/\/talkpal.ai\/wp-content\/uploads\/2024\/03\/Talkpal-Logo-Icon.png\",\"contentUrl\":\"https:\/\/talkpal.ai\/wp-content\/uploads\/2024\/03\/Talkpal-Logo-Icon.png\",\"width\":2880,\"height\":2880,\"caption\":\"Talkpal, Inc.\"},\"image\":{\"@id\":\"https:\/\/talkpal.ai\/da\/#\/schema\/logo\/image\/\"},\"sameAs\":[\"https:\/\/www.facebook.com\/profile.php?id=100090733639311\",\"https:\/\/x.com\/talkpalai\",\"https:\/\/www.linkedin.com\/company\/talkpal\/\",\"https:\/\/www.youtube.com\/@TalkPal\/\",\"https:\/\/www.tiktok.com\/@talkpal\",\"https:\/\/www.instagram.com\/talkpal_ai\/\",\"https:\/\/www.crunchbase.com\/organization\/talkpal-9cde\",\"https:\/\/www.g2.com\/products\/talkpal-for-business\/\",\"https:\/\/www.trustpilot.com\/review\/talkpal.ai\",\"https:\/\/www.capterra.com\/p\/10006800\/TalkPal\/\"],\"description\":\"Talkpal is a language learning web and mobile education app, powered by the latest AI technologies, that provides engaging experiences to its customers in many different languages to help them improve their language skills. Users can chat about unlimited amount of topics with the app and use other modes to practice their language learning.\",\"email\":\"support@talkpal.ai\",\"legalName\":\"Talkpal, Inc.\",\"foundingDate\":\"2023-04-03\",\"duns\":\"118989042\",\"numberOfEmployees\":{\"@type\":\"QuantitativeValue\",\"minValue\":\"11\",\"maxValue\":\"50\"},\"publishingPrinciples\":\"https:\/\/talkpal.ai\/publishing-principles\/\",\"actionableFeedbackPolicy\":\"https:\/\/talkpal.ai\/actionable-feedback-policy\/\",\"correctionsPolicy\":\"https:\/\/talkpal.ai\/corrections-policy\/\",\"ethicsPolicy\":\"https:\/\/talkpal.ai\/ethics-policy\/\",\"diversityPolicy\":\"https:\/\/talkpal.ai\/diversity-policy\/\",\"diversityStaffingReport\":\"https:\/\/talkpal.ai\/diversity-policy\/\"}]}<\/script>\n<!-- \/ Yoast SEO Premium plugin. -->","yoast_head_json":{"title":"Vietnamesisk grammatik - Talkpal","description":"Udforsk de fascinerende aspekter af vietnamesisk grammatik, og opdag gl\u00e6den ved at l\u00e6re dette unikke sprog.","robots":{"index":"index","follow":"follow","max-snippet":"max-snippet:-1","max-image-preview":"max-image-preview:large","max-video-preview":"max-video-preview:-1"},"canonical":"https:\/\/talkpal.ai\/da\/vietnamesisk-grammatik\/","og_locale":"da_DK","og_type":"article","og_title":"Vietnamesisk grammatik","og_description":"Forviklingerne i vietnamesisk grammatik: En engagerende udforskning Det vietnamesiske sprog, med sine dybe historiske r\u00f8dder og unikke kulturelle","og_url":"https:\/\/talkpal.ai\/da\/vietnamesisk-grammatik\/","og_site_name":"Talkpal","article_publisher":"https:\/\/www.facebook.com\/profile.php?id=100090733639311","article_modified_time":"2025-12-12T10:56:45+00:00","og_image":[{"width":512,"height":512,"url":"https:\/\/talkpal.ai\/wp-content\/uploads\/2023\/05\/vietnam.png","type":"image\/png"}],"twitter_card":"summary_large_image","twitter_site":"@talkpalai","twitter_misc":{"Estimeret l\u00e6setid":"3 minutter"},"schema":{"@context":"https:\/\/schema.org","@graph":[{"@type":"WebPage","@id":"https:\/\/talkpal.ai\/da\/vietnamesisk-grammatik\/","url":"https:\/\/talkpal.ai\/da\/vietnamesisk-grammatik\/","name":"Vietnamesisk grammatik - Talkpal","isPartOf":{"@id":"https:\/\/talkpal.ai\/da\/#website"},"primaryImageOfPage":{"@id":"https:\/\/talkpal.ai\/da\/vietnamesisk-grammatik\/#primaryimage"},"image":{"@id":"https:\/\/talkpal.ai\/da\/vietnamesisk-grammatik\/#primaryimage"},"thumbnailUrl":"https:\/\/talkpal.ai\/wp-content\/uploads\/2023\/05\/vietnam.png","datePublished":"2023-05-14T14:23:00+00:00","dateModified":"2025-12-12T10:56:45+00:00","description":"Udforsk de fascinerende aspekter af vietnamesisk grammatik, og opdag gl\u00e6den ved at l\u00e6re dette unikke sprog.","breadcrumb":{"@id":"https:\/\/talkpal.ai\/da\/vietnamesisk-grammatik\/#breadcrumb"},"inLanguage":"da-DK","potentialAction":[{"@type":"ReadAction","target":["https:\/\/talkpal.ai\/da\/vietnamesisk-grammatik\/"]}]},{"@type":"ImageObject","inLanguage":"da-DK","@id":"https:\/\/talkpal.ai\/da\/vietnamesisk-grammatik\/#primaryimage","url":"https:\/\/talkpal.ai\/wp-content\/uploads\/2023\/05\/vietnam.png","contentUrl":"https:\/\/talkpal.ai\/wp-content\/uploads\/2023\/05\/vietnam.png","width":512,"height":512},{"@type":"BreadcrumbList","@id":"https:\/\/talkpal.ai\/da\/vietnamesisk-grammatik\/#breadcrumb","itemListElement":[{"@type":"ListItem","position":1,"name":"Homepage","item":"https:\/\/talkpal.ai\/da\/"},{"@type":"ListItem","position":2,"name":"Vietnamesisk grammatik"}]},{"@type":"WebSite","@id":"https:\/\/talkpal.ai\/da\/#website","url":"https:\/\/talkpal.ai\/da\/","name":"Talkpal","description":"AI Language Learning","publisher":{"@id":"https:\/\/talkpal.ai\/da\/#organization"},"alternateName":"Talkpal AI","potentialAction":[{"@type":"SearchAction","target":{"@type":"EntryPoint","urlTemplate":"https:\/\/talkpal.ai\/da\/?s={search_term_string}"},"query-input":{"@type":"PropertyValueSpecification","valueRequired":true,"valueName":"search_term_string"}}],"inLanguage":"da-DK"},{"@type":"Organization","@id":"https:\/\/talkpal.ai\/da\/#organization","name":"Talkpal, Inc.","alternateName":"Talkpal AI","url":"https:\/\/talkpal.ai\/da\/","logo":{"@type":"ImageObject","inLanguage":"da-DK","@id":"https:\/\/talkpal.ai\/da\/#\/schema\/logo\/image\/","url":"https:\/\/talkpal.ai\/wp-content\/uploads\/2024\/03\/Talkpal-Logo-Icon.png","contentUrl":"https:\/\/talkpal.ai\/wp-content\/uploads\/2024\/03\/Talkpal-Logo-Icon.png","width":2880,"height":2880,"caption":"Talkpal, Inc."},"image":{"@id":"https:\/\/talkpal.ai\/da\/#\/schema\/logo\/image\/"},"sameAs":["https:\/\/www.facebook.com\/profile.php?id=100090733639311","https:\/\/x.com\/talkpalai","https:\/\/www.linkedin.com\/company\/talkpal\/","https:\/\/www.youtube.com\/@TalkPal\/","https:\/\/www.tiktok.com\/@talkpal","https:\/\/www.instagram.com\/talkpal_ai\/","https:\/\/www.crunchbase.com\/organization\/talkpal-9cde","https:\/\/www.g2.com\/products\/talkpal-for-business\/","https:\/\/www.trustpilot.com\/review\/talkpal.ai","https:\/\/www.capterra.com\/p\/10006800\/TalkPal\/"],"description":"Talkpal is a language learning web and mobile education app, powered by the latest AI technologies, that provides engaging experiences to its customers in many different languages to help them improve their language skills. Users can chat about unlimited amount of topics with the app and use other modes to practice their language learning.","email":"support@talkpal.ai","legalName":"Talkpal, Inc.","foundingDate":"2023-04-03","duns":"118989042","numberOfEmployees":{"@type":"QuantitativeValue","minValue":"11","maxValue":"50"},"publishingPrinciples":"https:\/\/talkpal.ai\/publishing-principles\/","actionableFeedbackPolicy":"https:\/\/talkpal.ai\/actionable-feedback-policy\/","correctionsPolicy":"https:\/\/talkpal.ai\/corrections-policy\/","ethicsPolicy":"https:\/\/talkpal.ai\/ethics-policy\/","diversityPolicy":"https:\/\/talkpal.ai\/diversity-policy\/","diversityStaffingReport":"https:\/\/talkpal.ai\/diversity-policy\/"}]}},"_links":{"self":[{"href":"https:\/\/talkpal.ai\/da\/wp-json\/wp\/v2\/pages\/152634","targetHints":{"allow":["GET"]}}],"collection":[{"href":"https:\/\/talkpal.ai\/da\/wp-json\/wp\/v2\/pages"}],"about":[{"href":"https:\/\/talkpal.ai\/da\/wp-json\/wp\/v2\/types\/page"}],"author":[{"embeddable":true,"href":"https:\/\/talkpal.ai\/da\/wp-json\/wp\/v2\/users\/1"}],"replies":[{"embeddable":true,"href":"https:\/\/talkpal.ai\/da\/wp-json\/wp\/v2\/comments?post=152634"}],"version-history":[{"count":0,"href":"https:\/\/talkpal.ai\/da\/wp-json\/wp\/v2\/pages\/152634\/revisions"}],"wp:featuredmedia":[{"embeddable":true,"href":"https:\/\/talkpal.ai\/da\/wp-json\/wp\/v2\/media\/120526"}],"wp:attachment":[{"href":"https:\/\/talkpal.ai\/da\/wp-json\/wp\/v2\/media?parent=152634"}],"curies":[{"name":"wp","href":"https:\/\/api.w.org\/{rel}","templated":true}]}}