{"id":152377,"date":"2023-05-14T14:22:39","date_gmt":"2023-05-14T14:22:39","guid":{"rendered":"http:\/\/talkpal.ai\/urdu-grammatik\/"},"modified":"2025-12-11T16:27:43","modified_gmt":"2025-12-11T16:27:43","slug":"urdu-grammatik","status":"publish","type":"page","link":"https:\/\/talkpal.ai\/da\/urdu-grammatik\/","title":{"rendered":"Urdu grammatik"},"content":{"rendered":"\r\n\r\n\r\n<section class=\"languageChallengeSection\">\r\n    <div class=\"languageInfoWrapper\">\r\n        \r\n        <h1>Urdu grammatik<\/h1>\r\n        <p>Er du interesseret i at l\u00e6re <a href=\"https:\/\/talkpal.ai\/learn-urdu\/\">urdu<\/a>? Dyk ned i urdu-grammatikken, hvor elegant skrift, k\u00f8nnede navneord og udtryksfulde verbalformer skaber et <a href=\"https:\/\/talkpal.ai\/what-language-is-spoken-on-the-international-space-station\/\">sprog<\/a>, der er b\u00e5de poetisk og praktisk. Start din urdu-rejse i dag &#8211; at mestre grammatikken vil \u00e5bne nye veje for kommunikation og forbinde dig dybt med de rige litter\u00e6re og kulturelle traditioner i Sydasien!<\/p>\r\n\r\n                            <a class=\"getStartedHidden\" href=\"https:\/\/app.talkpal.ai\/da\/signup?lng=\">Kom i gang<\/a>\r\n        \r\n    <\/div>\r\n\r\n    <figure>\r\n    <img decoding=\"async\" width=\"768\" height=\"768\" src=\"https:\/\/talkpal.ai\/wp-content\/uploads\/2023\/06\/urdu-768x768.png\" class=\"languageImage no-lazy\" alt=\"Language learning for global understanding\" fetchpriority=\"high\" sizes=\"(max-width: 768px) 150px, 768px\" srcset=\"https:\/\/talkpal.ai\/wp-content\/uploads\/2023\/06\/urdu-768x768.png 768w, https:\/\/talkpal.ai\/wp-content\/uploads\/2023\/06\/urdu-300x300.png 300w\" \/>\r\n    \r\n\r\n    <\/figure>\r\n\r\n            <a class=\"getStartedVisible\" href=\"https:\/\/app.talkpal.ai\/da\/signup?lng=\">Kom i gang<\/a>\r\n    \r\n<\/section>\r\n<section class=\"promotionalBanner\">\r\n    <p class=\"promotionalText\">Den mest effektive m\u00e5de at l\u00e6re et sprog p\u00e5<\/p>\r\n    <a class=\"promotionalLink\" href=\"https:\/\/app.talkpal.ai\/da\/signup?lng=\">Pr\u00f8v Talkpal gratis<\/a>\r\n<\/section>\n<div class=\"wp-block-group pageContainerStyle\"><div class=\"wp-block-group__inner-container is-layout-constrained wp-block-group-is-layout-constrained\">\n<h2 class=\"wp-block-heading\" id=\"h-urdu-grammar-exploring-the-beauty-and-intricacies-of-the-indo-aryan-language\">Urdu grammatik: udforske sk\u00f8nheden og forviklingerne i det indo-ariske sprog<\/h2>\n\n\n\n<p><a href=\"https:\/\/talkpal.ai\/talkpal-discount-for-language-enthusiasts\/\">Sprogentusiaster<\/a> og nysgerrige elever, er du klar til at dykke ned i den fascinerende verden af <a href=\"https:\/\/talkpal.ai\/urdu-grammar\/\">urdu-grammatik<\/a>? <a href=\"https:\/\/talkpal.ai\/learn-urdu\/\">Urdu<\/a>, et indo-arisk sprog, er det nationale sprog i Pakistan og et af de officielle sprog i Indien. Med ca. 70 millioner talere over hele verden er urdu ikke kun et rigt og udtryksfuldt sprog, men ogs\u00e5 en bro til en levende kultur og historie. I denne artikel dykker vi ned i de unikke aspekter af urdu-grammatikken og finder ud af, hvad der adskiller den fra andre sprog.<\/p>\n\n\n\n<h3 class=\"wp-block-heading\" id=\"h-script-and-pronunciation-the-elegant-nastaliq\">Manuskript og udtale: Den elegante Nastaliq<\/h3>\n\n\n\n<p>Urdu-scriptet er baseret p\u00e5 den persisk-arabiske Nastaliq-stil, som skrives og l\u00e6ses fra h\u00f8jre mod venstre. Med 38 bogstaver med yderligere diakritiske tegn for vokaler og udtale er Nastaliq-skriften b\u00e5de elegant og flydende. At l\u00e6re skriften og beherske udtalen af urdu-lyde vil v\u00e6re dit f\u00f8rste skridt mod at forst\u00e5 sprogets <a href=\"https:\/\/talkpal.ai\/fr\/les\/\">grammatik<\/a>.<\/p>\n\n\n\n<h3 class=\"wp-block-heading\" id=\"h-nouns-and-pronouns-exploring-gender-number-and-case\">Substantiver og pronomen: Udforskning af k\u00f8n, tal og store og sm\u00e5 bogstaver<\/h3>\n\n\n\n<p>Urdu substantiver klassificeres efter k\u00f8n (maskulin eller feminin), tal (ental eller flertal) og store og sm\u00e5 bogstaver (direkte eller skr\u00e5). Sproget har ikke artikler (som &#8216;en&#8217; eller &#8216;den&#8217;), men er i stedet afh\u00e6ngig af konteksten for at formidle bestemthed. Urdu-pronomen f\u00f8lger ogs\u00e5 k\u00f8ns-, antal- og kasusforskelle og har forskellige former for h\u00f8flighed og fortrolighed.<\/p>\n\n\n\n<h3 class=\"wp-block-heading\" id=\"h-postpositions-and-cases-urdu-s-unique-approach-to-indicating-relationships\">Postpositioner og kasus: Urdus unikke tilgang til at angive relationer<\/h3>\n\n\n\n<p>I stedet for pr\u00e6positioner bruger urdu postpositioner &#8211; ord, der kommer efter de navneord, de styrer. Dette s\u00e6rlige tr\u00e6k kan ses i hele sproget og p\u00e5virker i h\u00f8j grad kasusmarkeringer. Urdus to kasus, direkte og skr\u00e5, <a href=\"https:\/\/talkpal.ai\/locations\/learn-french-in-bruges\/\">bruges<\/a> i kombination med postpositioner til at angive relationer mellem ord.<\/p>\n\n\n\n<h3 class=\"wp-block-heading\" id=\"h-harnessing-the-power-of-verbs-tense-aspect-and-moods\">Udnyttelse af verbernes kraft: sp\u00e6nding, aspekt og stemninger<\/h3>\n\n\n\n<p>Urdu-verb er fascinerende med deres forskellige tidsperioder (fortid, nutid og fremtid), aspekter (perfektive, ufuldkomne og s\u00e6dvanlige) og stemninger (vejledende, imperativ og konjunktiv). Sproget g\u00f8r ogs\u00e5 udstrakt brug af hj\u00e6lpeverb til at danne sammensatte tider, der udtrykker nuancer i tid og f\u00e6rdigg\u00f8relse af handlinger.<\/p>\n\n\n\n<p>Verbene er ogs\u00e5 enige med deres emner med hensyn til k\u00f8n og antal, hvilket yderligere tilf\u00f8jer lag af kompleksitet og rigdom til urdu-grammatik.<\/p>\n\n\n\n<h3 class=\"wp-block-heading\" id=\"h-adjectives-adverbs-and-more-adding-color-to-your-language\">Adjektiver, adverb og mere: Tilf\u00f8jelse af farve til dit sprog<\/h3>\n\n\n\n<p>Urdu-adjektiver f\u00f8lger normalt de navneord, de \u00e6ndrer, og er enige med dem med hensyn til k\u00f8n og antal. Adjektiver kan intensiveres ved hj\u00e6lp af komparativer og superlativer, hvilket tilf\u00f8jer dybde til beskrivelser. Urdu adverb, afledt af adjektiver eller eksisterer uafh\u00e6ngigt, spiller ogs\u00e5 en afg\u00f8rende rolle i sproget og giver information om tid, m\u00e5de, sted og grad.<\/p>\n\n\n\n<p>Urdu-grammatik kan prale af en overflod af konjunktioner, interjektioner, partikler og mere, hvilket hj\u00e6lper dig med at konstruere rige, meningsfulde og udtryksfulde s\u00e6tninger.<\/p>\n\n\n\n<h3 class=\"wp-block-heading\" id=\"h-embracing-the-world-of-urdu-grammar\">Omfavnelse af verden af urdu grammatik<\/h3>\n\n\n\n<p>Urdu-grammatikken kan virke kompleks i starten, men n\u00e5r du fordyber dig i dens forviklinger, vil du opdage, at sproget er fyldt med sk\u00f8nhed og udtryk. At l\u00e6re urdu vil ikke kun forbedre din forst\u00e5else af den indo-ariske sprogfamilie, men ogs\u00e5 hj\u00e6lpe dig med at forbinde med en fortryllende kultur, litteratur og historie.<\/p>\n\n\n\n<p>S\u00e5 hvorfor ikke g\u00e5 i gang med den sp\u00e6ndende rejse med at l\u00e6re <a href=\"https:\/\/talkpal.ai\/es\/gramatica-urdu\/\">urdu grammatik<\/a>? Med dedikation og nysgerrighed kan du snart finde dig selv i samtale med indf\u00f8dte talere og udveksle ideer og historier p\u00e5 dette kraftfulde sprog. God forn\u00f8jelse med at l\u00e6re!<\/p>\n<\/div><\/div>\n\r\n<section class=\"learnNavigationSection\">\r\n            \r\n        <a href=\"https:\/\/talkpal.ai\/da\/laer-urdu\/\">\r\n            <div class=\"learnNavigationWrapper\">\r\n                <div class=\"learnNavigationContent\">\r\n                    <img decoding=\"async\" src=\"https:\/\/talkpal.ai\/wp-content\/uploads\/2024\/08\/Urdu.jpg\" alt=\"Pakistani Flag\">\r\n                    <div>\r\n                        <h4>Om at l\u00e6re urdu<\/h4>\r\n                        <p>Find ud af alt om urdu grammatik.<\/p>\r\n                    <\/div>\r\n                <\/div>\r\n            <\/div>\r\n        <\/a>\r\n\r\n        \r\n        <a href=\"https:\/\/talkpal.ai\/da\/urdu-grammatik-oevelser\/\">\r\n            <div class=\"learnNavigationWrapper\">\r\n                <div class=\"learnNavigationContent\">\r\n                    <img decoding=\"async\" src=\"https:\/\/talkpal.ai\/wp-content\/uploads\/2024\/08\/Urdu.jpg\" alt=\"Pakistani Flag\">\r\n                    <div>\r\n                        <h4>\u00d8velse i urdu-grammatik<\/h4>\r\n                        <p>\u00d8v urdu grammatik.<\/p>\r\n                    <\/div>\r\n                <\/div>\r\n            <\/div>\r\n        <\/a>\r\n\r\n        \r\n        <a href=\"https:\/\/talkpal.ai\/vocabulary_language\/urdu\/\">\r\n            <div class=\"learnNavigationWrapper\">\r\n                <div class=\"learnNavigationContent\">\r\n                    <img decoding=\"async\" src=\"https:\/\/talkpal.ai\/wp-content\/uploads\/2024\/08\/Urdu.jpg\" alt=\"Pakistani Flag\">\r\n                    <div>\r\n                        <h4>Urdu-ordforr\u00e5d<\/h4>\r\n                        <p>Udvid dit ordforr\u00e5d p\u00e5 urdu.<\/p>\r\n                    <\/div>\r\n                <\/div>\r\n            <\/div>\r\n        <\/a>\r\n\r\n            <\/section>","protected":false},"excerpt":{"rendered":"<p>Urdu grammatik: udforske sk\u00f8nheden og forviklingerne i det indo-ariske sprog Sprogentusiaster og nysgerrige elever, er du klar til at dykke ned i den fascinerende verden af urdu-grammatik? Urdu, et indo-arisk sprog, er det nationale sprog i Pakistan og et af de officielle sprog i Indien. Med ca. 70 millioner talere over hele verden er urdu [&hellip;]<\/p>\n","protected":false},"author":1,"featured_media":121249,"parent":0,"menu_order":0,"comment_status":"closed","ping_status":"closed","template":"LearningContentPage.php","meta":{"_acf_changed":false,"footnotes":""},"class_list":["post-152377","page","type-page","status-publish","has-post-thumbnail","hentry"],"acf":[],"yoast_head":"<!-- This site is optimized with the Yoast SEO Premium plugin v27.2 (Yoast SEO v27.2) - https:\/\/yoast.com\/product\/yoast-seo-premium-wordpress\/ -->\n<title>Urdu grammatik - Talkpal<\/title>\n<meta name=\"description\" content=\"Opdag sk\u00f8nheden i urdu-grammatikken. Udforsk dens unikke aspekter, manuskript, og hvordan den er forbundet med kultur og historie.\" \/>\n<meta name=\"robots\" content=\"index, follow, max-snippet:-1, max-image-preview:large, max-video-preview:-1\" \/>\n<link rel=\"canonical\" href=\"https:\/\/talkpal.ai\/da\/urdu-grammatik\/\" \/>\n<meta property=\"og:locale\" content=\"da_DK\" \/>\n<meta property=\"og:type\" content=\"article\" \/>\n<meta property=\"og:title\" content=\"Urdu grammatik\" \/>\n<meta property=\"og:description\" content=\"Urdu grammatik: udforske sk\u00f8nheden og forviklingerne i det indo-ariske sprog Sprogentusiaster og nysgerrige elever, er du klar til at dykke ned i den\" \/>\n<meta property=\"og:url\" content=\"https:\/\/talkpal.ai\/da\/urdu-grammatik\/\" \/>\n<meta property=\"og:site_name\" content=\"Talkpal\" \/>\n<meta property=\"article:publisher\" content=\"https:\/\/www.facebook.com\/profile.php?id=100090733639311\" \/>\n<meta property=\"article:modified_time\" content=\"2025-12-11T16:27:43+00:00\" \/>\n<meta property=\"og:image\" content=\"https:\/\/talkpal.ai\/wp-content\/uploads\/2023\/05\/Urdu-pakistan.png\" \/>\n\t<meta property=\"og:image:width\" content=\"512\" \/>\n\t<meta property=\"og:image:height\" content=\"512\" \/>\n\t<meta property=\"og:image:type\" content=\"image\/png\" \/>\n<meta name=\"twitter:card\" content=\"summary_large_image\" \/>\n<meta name=\"twitter:site\" content=\"@talkpalai\" \/>\n<meta name=\"twitter:label1\" content=\"Estimeret l\u00e6setid\" \/>\n\t<meta name=\"twitter:data1\" content=\"3 minutter\" \/>\n<script type=\"application\/ld+json\" class=\"yoast-schema-graph\">{\"@context\":\"https:\/\/schema.org\",\"@graph\":[{\"@type\":\"WebPage\",\"@id\":\"https:\/\/talkpal.ai\/da\/urdu-grammatik\/\",\"url\":\"https:\/\/talkpal.ai\/da\/urdu-grammatik\/\",\"name\":\"Urdu grammatik - Talkpal\",\"isPartOf\":{\"@id\":\"https:\/\/talkpal.ai\/da\/#website\"},\"primaryImageOfPage\":{\"@id\":\"https:\/\/talkpal.ai\/da\/urdu-grammatik\/#primaryimage\"},\"image\":{\"@id\":\"https:\/\/talkpal.ai\/da\/urdu-grammatik\/#primaryimage\"},\"thumbnailUrl\":\"https:\/\/talkpal.ai\/wp-content\/uploads\/2023\/05\/Urdu-pakistan.png\",\"datePublished\":\"2023-05-14T14:22:39+00:00\",\"dateModified\":\"2025-12-11T16:27:43+00:00\",\"description\":\"Opdag sk\u00f8nheden i urdu-grammatikken. Udforsk dens unikke aspekter, manuskript, og hvordan den er forbundet med kultur og historie.\",\"breadcrumb\":{\"@id\":\"https:\/\/talkpal.ai\/da\/urdu-grammatik\/#breadcrumb\"},\"inLanguage\":\"da-DK\",\"potentialAction\":[{\"@type\":\"ReadAction\",\"target\":[\"https:\/\/talkpal.ai\/da\/urdu-grammatik\/\"]}]},{\"@type\":\"ImageObject\",\"inLanguage\":\"da-DK\",\"@id\":\"https:\/\/talkpal.ai\/da\/urdu-grammatik\/#primaryimage\",\"url\":\"https:\/\/talkpal.ai\/wp-content\/uploads\/2023\/05\/Urdu-pakistan.png\",\"contentUrl\":\"https:\/\/talkpal.ai\/wp-content\/uploads\/2023\/05\/Urdu-pakistan.png\",\"width\":512,\"height\":512},{\"@type\":\"BreadcrumbList\",\"@id\":\"https:\/\/talkpal.ai\/da\/urdu-grammatik\/#breadcrumb\",\"itemListElement\":[{\"@type\":\"ListItem\",\"position\":1,\"name\":\"Homepage\",\"item\":\"https:\/\/talkpal.ai\/da\/\"},{\"@type\":\"ListItem\",\"position\":2,\"name\":\"Urdu grammatik\"}]},{\"@type\":\"WebSite\",\"@id\":\"https:\/\/talkpal.ai\/da\/#website\",\"url\":\"https:\/\/talkpal.ai\/da\/\",\"name\":\"Talkpal\",\"description\":\"AI Language Learning\",\"publisher\":{\"@id\":\"https:\/\/talkpal.ai\/da\/#organization\"},\"alternateName\":\"Talkpal AI\",\"potentialAction\":[{\"@type\":\"SearchAction\",\"target\":{\"@type\":\"EntryPoint\",\"urlTemplate\":\"https:\/\/talkpal.ai\/da\/?s={search_term_string}\"},\"query-input\":{\"@type\":\"PropertyValueSpecification\",\"valueRequired\":true,\"valueName\":\"search_term_string\"}}],\"inLanguage\":\"da-DK\"},{\"@type\":\"Organization\",\"@id\":\"https:\/\/talkpal.ai\/da\/#organization\",\"name\":\"Talkpal, Inc.\",\"alternateName\":\"Talkpal AI\",\"url\":\"https:\/\/talkpal.ai\/da\/\",\"logo\":{\"@type\":\"ImageObject\",\"inLanguage\":\"da-DK\",\"@id\":\"https:\/\/talkpal.ai\/da\/#\/schema\/logo\/image\/\",\"url\":\"https:\/\/talkpal.ai\/wp-content\/uploads\/2024\/03\/Talkpal-Logo-Icon.png\",\"contentUrl\":\"https:\/\/talkpal.ai\/wp-content\/uploads\/2024\/03\/Talkpal-Logo-Icon.png\",\"width\":2880,\"height\":2880,\"caption\":\"Talkpal, Inc.\"},\"image\":{\"@id\":\"https:\/\/talkpal.ai\/da\/#\/schema\/logo\/image\/\"},\"sameAs\":[\"https:\/\/www.facebook.com\/profile.php?id=100090733639311\",\"https:\/\/x.com\/talkpalai\",\"https:\/\/www.linkedin.com\/company\/talkpal\/\",\"https:\/\/www.youtube.com\/@TalkPal\/\",\"https:\/\/www.tiktok.com\/@talkpal\",\"https:\/\/www.instagram.com\/talkpal_ai\/\",\"https:\/\/www.crunchbase.com\/organization\/talkpal-9cde\",\"https:\/\/www.g2.com\/products\/talkpal-for-business\/\",\"https:\/\/www.trustpilot.com\/review\/talkpal.ai\",\"https:\/\/www.capterra.com\/p\/10006800\/TalkPal\/\"],\"description\":\"Talkpal is a language learning web and mobile education app, powered by the latest AI technologies, that provides engaging experiences to its customers in many different languages to help them improve their language skills. Users can chat about unlimited amount of topics with the app and use other modes to practice their language learning.\",\"email\":\"support@talkpal.ai\",\"legalName\":\"Talkpal, Inc.\",\"foundingDate\":\"2023-04-03\",\"duns\":\"118989042\",\"numberOfEmployees\":{\"@type\":\"QuantitativeValue\",\"minValue\":\"11\",\"maxValue\":\"50\"},\"publishingPrinciples\":\"https:\/\/talkpal.ai\/publishing-principles\/\",\"actionableFeedbackPolicy\":\"https:\/\/talkpal.ai\/actionable-feedback-policy\/\",\"correctionsPolicy\":\"https:\/\/talkpal.ai\/corrections-policy\/\",\"ethicsPolicy\":\"https:\/\/talkpal.ai\/ethics-policy\/\",\"diversityPolicy\":\"https:\/\/talkpal.ai\/diversity-policy\/\",\"diversityStaffingReport\":\"https:\/\/talkpal.ai\/diversity-policy\/\"}]}<\/script>\n<!-- \/ Yoast SEO Premium plugin. -->","yoast_head_json":{"title":"Urdu grammatik - Talkpal","description":"Opdag sk\u00f8nheden i urdu-grammatikken. Udforsk dens unikke aspekter, manuskript, og hvordan den er forbundet med kultur og historie.","robots":{"index":"index","follow":"follow","max-snippet":"max-snippet:-1","max-image-preview":"max-image-preview:large","max-video-preview":"max-video-preview:-1"},"canonical":"https:\/\/talkpal.ai\/da\/urdu-grammatik\/","og_locale":"da_DK","og_type":"article","og_title":"Urdu grammatik","og_description":"Urdu grammatik: udforske sk\u00f8nheden og forviklingerne i det indo-ariske sprog Sprogentusiaster og nysgerrige elever, er du klar til at dykke ned i den","og_url":"https:\/\/talkpal.ai\/da\/urdu-grammatik\/","og_site_name":"Talkpal","article_publisher":"https:\/\/www.facebook.com\/profile.php?id=100090733639311","article_modified_time":"2025-12-11T16:27:43+00:00","og_image":[{"width":512,"height":512,"url":"https:\/\/talkpal.ai\/wp-content\/uploads\/2023\/05\/Urdu-pakistan.png","type":"image\/png"}],"twitter_card":"summary_large_image","twitter_site":"@talkpalai","twitter_misc":{"Estimeret l\u00e6setid":"3 minutter"},"schema":{"@context":"https:\/\/schema.org","@graph":[{"@type":"WebPage","@id":"https:\/\/talkpal.ai\/da\/urdu-grammatik\/","url":"https:\/\/talkpal.ai\/da\/urdu-grammatik\/","name":"Urdu grammatik - Talkpal","isPartOf":{"@id":"https:\/\/talkpal.ai\/da\/#website"},"primaryImageOfPage":{"@id":"https:\/\/talkpal.ai\/da\/urdu-grammatik\/#primaryimage"},"image":{"@id":"https:\/\/talkpal.ai\/da\/urdu-grammatik\/#primaryimage"},"thumbnailUrl":"https:\/\/talkpal.ai\/wp-content\/uploads\/2023\/05\/Urdu-pakistan.png","datePublished":"2023-05-14T14:22:39+00:00","dateModified":"2025-12-11T16:27:43+00:00","description":"Opdag sk\u00f8nheden i urdu-grammatikken. Udforsk dens unikke aspekter, manuskript, og hvordan den er forbundet med kultur og historie.","breadcrumb":{"@id":"https:\/\/talkpal.ai\/da\/urdu-grammatik\/#breadcrumb"},"inLanguage":"da-DK","potentialAction":[{"@type":"ReadAction","target":["https:\/\/talkpal.ai\/da\/urdu-grammatik\/"]}]},{"@type":"ImageObject","inLanguage":"da-DK","@id":"https:\/\/talkpal.ai\/da\/urdu-grammatik\/#primaryimage","url":"https:\/\/talkpal.ai\/wp-content\/uploads\/2023\/05\/Urdu-pakistan.png","contentUrl":"https:\/\/talkpal.ai\/wp-content\/uploads\/2023\/05\/Urdu-pakistan.png","width":512,"height":512},{"@type":"BreadcrumbList","@id":"https:\/\/talkpal.ai\/da\/urdu-grammatik\/#breadcrumb","itemListElement":[{"@type":"ListItem","position":1,"name":"Homepage","item":"https:\/\/talkpal.ai\/da\/"},{"@type":"ListItem","position":2,"name":"Urdu grammatik"}]},{"@type":"WebSite","@id":"https:\/\/talkpal.ai\/da\/#website","url":"https:\/\/talkpal.ai\/da\/","name":"Talkpal","description":"AI Language Learning","publisher":{"@id":"https:\/\/talkpal.ai\/da\/#organization"},"alternateName":"Talkpal AI","potentialAction":[{"@type":"SearchAction","target":{"@type":"EntryPoint","urlTemplate":"https:\/\/talkpal.ai\/da\/?s={search_term_string}"},"query-input":{"@type":"PropertyValueSpecification","valueRequired":true,"valueName":"search_term_string"}}],"inLanguage":"da-DK"},{"@type":"Organization","@id":"https:\/\/talkpal.ai\/da\/#organization","name":"Talkpal, Inc.","alternateName":"Talkpal AI","url":"https:\/\/talkpal.ai\/da\/","logo":{"@type":"ImageObject","inLanguage":"da-DK","@id":"https:\/\/talkpal.ai\/da\/#\/schema\/logo\/image\/","url":"https:\/\/talkpal.ai\/wp-content\/uploads\/2024\/03\/Talkpal-Logo-Icon.png","contentUrl":"https:\/\/talkpal.ai\/wp-content\/uploads\/2024\/03\/Talkpal-Logo-Icon.png","width":2880,"height":2880,"caption":"Talkpal, Inc."},"image":{"@id":"https:\/\/talkpal.ai\/da\/#\/schema\/logo\/image\/"},"sameAs":["https:\/\/www.facebook.com\/profile.php?id=100090733639311","https:\/\/x.com\/talkpalai","https:\/\/www.linkedin.com\/company\/talkpal\/","https:\/\/www.youtube.com\/@TalkPal\/","https:\/\/www.tiktok.com\/@talkpal","https:\/\/www.instagram.com\/talkpal_ai\/","https:\/\/www.crunchbase.com\/organization\/talkpal-9cde","https:\/\/www.g2.com\/products\/talkpal-for-business\/","https:\/\/www.trustpilot.com\/review\/talkpal.ai","https:\/\/www.capterra.com\/p\/10006800\/TalkPal\/"],"description":"Talkpal is a language learning web and mobile education app, powered by the latest AI technologies, that provides engaging experiences to its customers in many different languages to help them improve their language skills. Users can chat about unlimited amount of topics with the app and use other modes to practice their language learning.","email":"support@talkpal.ai","legalName":"Talkpal, Inc.","foundingDate":"2023-04-03","duns":"118989042","numberOfEmployees":{"@type":"QuantitativeValue","minValue":"11","maxValue":"50"},"publishingPrinciples":"https:\/\/talkpal.ai\/publishing-principles\/","actionableFeedbackPolicy":"https:\/\/talkpal.ai\/actionable-feedback-policy\/","correctionsPolicy":"https:\/\/talkpal.ai\/corrections-policy\/","ethicsPolicy":"https:\/\/talkpal.ai\/ethics-policy\/","diversityPolicy":"https:\/\/talkpal.ai\/diversity-policy\/","diversityStaffingReport":"https:\/\/talkpal.ai\/diversity-policy\/"}]}},"_links":{"self":[{"href":"https:\/\/talkpal.ai\/da\/wp-json\/wp\/v2\/pages\/152377","targetHints":{"allow":["GET"]}}],"collection":[{"href":"https:\/\/talkpal.ai\/da\/wp-json\/wp\/v2\/pages"}],"about":[{"href":"https:\/\/talkpal.ai\/da\/wp-json\/wp\/v2\/types\/page"}],"author":[{"embeddable":true,"href":"https:\/\/talkpal.ai\/da\/wp-json\/wp\/v2\/users\/1"}],"replies":[{"embeddable":true,"href":"https:\/\/talkpal.ai\/da\/wp-json\/wp\/v2\/comments?post=152377"}],"version-history":[{"count":0,"href":"https:\/\/talkpal.ai\/da\/wp-json\/wp\/v2\/pages\/152377\/revisions"}],"wp:featuredmedia":[{"embeddable":true,"href":"https:\/\/talkpal.ai\/da\/wp-json\/wp\/v2\/media\/121249"}],"wp:attachment":[{"href":"https:\/\/talkpal.ai\/da\/wp-json\/wp\/v2\/media?parent=152377"}],"curies":[{"name":"wp","href":"https:\/\/api.w.org\/{rel}","templated":true}]}}