{"id":151004,"date":"2023-05-14T14:20:10","date_gmt":"2023-05-14T14:20:10","guid":{"rendered":"http:\/\/talkpal.ai\/slovensk-grammatik\/"},"modified":"2025-12-12T11:08:26","modified_gmt":"2025-12-12T11:08:26","slug":"slovensk-grammatik","status":"publish","type":"page","link":"https:\/\/talkpal.ai\/da\/slovensk-grammatik\/","title":{"rendered":"Slovensk grammatik"},"content":{"rendered":"\r\n\r\n\r\n<section class=\"languageChallengeSection\">\r\n    <div class=\"languageInfoWrapper\">\r\n        \r\n        <h1>Slovensk grammatik<\/h1>\r\n        <p>Frig\u00f8r det slovenske sprogs s\u00e6regne charme ved at beherske dets v\u00e6sentlige grammatiske regler. Med en solid forst\u00e5else af <a href=\"https:\/\/talkpal.ai\/slovenian-grammar\/\">slovensk grammatik<\/a> kan du komme i kontakt med indf\u00f8dte og bedre v\u00e6rds\u00e6tte landets rige kulturarv. Begynd at l\u00e6re <a href=\"https:\/\/talkpal.ai\/learn-slovenian\/\">slovensk<\/a> grammatik i dag, og tag dit f\u00f8rste skridt mod flydende <a href=\"https:\/\/talkpal.ai\/what-language-is-spoken-on-the-international-space-station\/\">sprog<\/a>!<\/p>\r\n\r\n                            <a class=\"getStartedHidden\" href=\"https:\/\/app.talkpal.ai\/da\/signup?lng=\">Kom i gang<\/a>\r\n        \r\n    <\/div>\r\n\r\n    <figure>\r\n    <img decoding=\"async\" width=\"768\" height=\"768\" src=\"https:\/\/talkpal.ai\/wp-content\/uploads\/2023\/06\/slovenian-768x768.png\" class=\"languageImage no-lazy\" alt=\"Language learning for broader perspectives\" fetchpriority=\"high\" sizes=\"(max-width: 768px) 150px, 768px\" srcset=\"https:\/\/talkpal.ai\/wp-content\/uploads\/2023\/06\/slovenian-768x768.png 768w, https:\/\/talkpal.ai\/wp-content\/uploads\/2023\/06\/slovenian-300x300.png 300w\" \/>\r\n    \r\n\r\n    <\/figure>\r\n\r\n            <a class=\"getStartedVisible\" href=\"https:\/\/app.talkpal.ai\/da\/signup?lng=\">Kom i gang<\/a>\r\n    \r\n<\/section>\r\n<section class=\"promotionalBanner\">\r\n    <p class=\"promotionalText\">Den mest effektive m\u00e5de at l\u00e6re et sprog p\u00e5<\/p>\r\n    <a class=\"promotionalLink\" href=\"https:\/\/app.talkpal.ai\/da\/signup?lng=\">Pr\u00f8v Talkpal gratis<\/a>\r\n<\/section>\n<div class=\"wp-block-group pageContainerStyle\"><div class=\"wp-block-group__inner-container is-layout-constrained wp-block-group-is-layout-constrained\">\n<h1 class=\"wp-block-heading\" id=\"h-slovenian-grammar-a-short-introduction-for-language-lovers\">Slovensk grammatik: En kort introduktion til sprogelskere<\/h1>\n\n\n\n<p>Er du klar til at dykke ned i den fortryllende verden af <a href=\"https:\/\/talkpal.ai\/learn-slovenian\/\">slovensk<\/a>, et fantastisk slavisk sprog? Der venter dig en godbid! Denne korte guide giver dig et indblik i <a href=\"https:\/\/talkpal.ai\/slovenian-grammar\/\">slovensk grammatik<\/a>, hvilket er vigtigt for at forst\u00e5 og <a href=\"https:\/\/talkpal.ai\/locations\/language-courses-in-mestre\/\">mestre<\/a> dette f\u00e6ngslende sprog. S\u00e5 lad os g\u00e5 i gang med dette sproglige eventyr og udforske den slovenske grammatiks finurligheder trin for trin.<\/p>\n\n\n\n<p>Slovensk, ogs\u00e5 kendt som slovensk, tales overvejende i Slovenien af omkring 2,5 millioner mennesker. Som et sydslavisk sprog deler det flere funktioner med sine n\u00e6re sl\u00e6gtninge, s\u00e5som <a href=\"https:\/\/talkpal.ai\/learn-serbian\/\">serbisk<\/a>, <a href=\"https:\/\/talkpal.ai\/learn-croatian\/\">kroatisk<\/a> og <a href=\"https:\/\/talkpal.ai\/learn-bulgarian\/\">bulgarsk<\/a>. Slovensk kan dog prale af sine unikke vendinger og flair.<\/p>\n\n\n\n<p>Lad os uden videre dykke ned i de vigtigste aspekter af slovensk grammatik:<\/p>\n\n\n\n<h3 class=\"wp-block-heading\" id=\"h-1-nouns-and-cases\">1. Substantiver og kasus:<\/h3>\n\n\n\n<p>Slovenske navneord findes i tre k\u00f8n &#8211; maskulin, feminin og neutral. Hvert substantiv kan bruges i et af de seks slovenske tilf\u00e6lde: nominativ , genitiv, dativ, akkusativ, lokativ og instrumentel. Disse kasus udtrykker forskellige grammatiske funktioner eller relationer mellem ord, s\u00e5 det er vigtigt at l\u00e6re at bruge dem korrekt i en sammenh\u00e6ng.<\/p>\n\n\n\n<h3 class=\"wp-block-heading\" id=\"h-2-articles\">2. Artikler:<\/h3>\n\n\n\n<p>Her er nogle gode nyheder &#8211; slovensk bruger ikke artikler som &#8220;the&#8221; eller &#8220;a&#8221;! I stedet formidles betydningen gennem brug af sager og ordstilling. Det kan g\u00f8re det lidt lettere at l\u00e6re slovensk, is\u00e6r hvis du ikke er vant til sprog med komplekse artikelsystemer.<\/p>\n\n\n\n<h3 class=\"wp-block-heading\" id=\"h-3-adjectives\">3. Adjektiver:<\/h3>\n\n\n\n<p>Ligesom substantiver er adjektiver p\u00e5 slovensk enige i k\u00f8n, antal og store og sm\u00e5 bogstaver med det substantiv, de \u00e6ndrer. Det g\u00f8r brugen af adjektiver en smule mere kompliceret end p\u00e5 engelsk, men frygt ej &#8211; med lidt \u00f8velse vil du mestre de slovenske adjektiver p\u00e5 ingen tid!<\/p>\n\n\n\n<h3 class=\"wp-block-heading\" id=\"h-4-verbs\">4. Udsagnsord:<\/h3>\n\n\n\n<p>Det slovenske sprog har et tredelt verbalsystem: tre b\u00f8jningsgrupper afh\u00e6ngigt af verbets stamme, der ender i infinitivform. Slovenske verb har ogs\u00e5 forskellige tider og stemninger, herunder den unikke dobbeltform, som bruges, n\u00e5r der henvises til to emner eller objekter. V\u00e6r forberedt p\u00e5 at bruge lidt tid p\u00e5 at l\u00e6re og \u00f8ve slovenske verbb\u00f8jninger for at f\u00e5 tillid til dine sprogf\u00e6rdigheder.<\/p>\n\n\n\n<h3 class=\"wp-block-heading\" id=\"h-5-word-order\">5. Ordstilling:<\/h3>\n\n\n\n<p>Slovensk f\u00f8lger generelt en emne-verb-objekt (SVO) ordr\u00e6kkef\u00f8lge, som burde v\u00e6re kendt for engelsktalende. Sproget har dog en vis grad af fleksibilitet, s\u00e5 du kan understrege bestemte dele af s\u00e6tningen ved at skifte ordr\u00e6kkef\u00f8lge. Det er vigtigt at bruge cases korrekt for at undg\u00e5 forvirring og formidle den tilsigtede betydning.<\/p>\n\n\n\n<h3 class=\"wp-block-heading\" id=\"h-6-pronouns-and-prepositions\">6. Pronomen og pr\u00e6positioner:<\/h3>\n\n\n\n<p>Slovenske pronomen, som andre elementer i sproget, p\u00e5virkes af k\u00f8n, antal og store og sm\u00e5 bogstaver. De kommer i forskellige former, s\u00e5som personlige, besiddende, demonstrative og refleksive. At blive fortrolig med slovenske pr\u00e6positioner vil ogs\u00e5 hj\u00e6lpe dig med at forbinde ord og s\u00e6tninger for at skabe mere komplekse s\u00e6tninger.<\/p>\n\n\n\n<p>S\u00e5 nu har du f\u00e5et en grundl\u00e6ggende forst\u00e5else af slovensk grammatik! Husk, at det kr\u00e6ver dedikation og \u00f8velse at blive dygtig til ethvert sprog. Tag imod udfordringerne, og t\u00f8v ikke med at l\u00e6re af dine fejl. Husk, at l\u00e6re et nyt sprog er en sp\u00e6ndende rejse fyldt med mindev\u00e6rdige oplevelser og givende opdagelser. Sre\u010dno!<\/p>\n<\/div><\/div>\n\r\n<section class=\"learnNavigationSection\">\r\n            \r\n        <a href=\"https:\/\/talkpal.ai\/da\/laer-slovensk\/\">\r\n            <div class=\"learnNavigationWrapper\">\r\n                <div class=\"learnNavigationContent\">\r\n                    <img decoding=\"async\" src=\"https:\/\/talkpal.ai\/wp-content\/uploads\/2024\/08\/Slovenian.jpg\" alt=\"Slovenian Flag\">\r\n                    <div>\r\n                        <h4>Om slovensk l\u00e6ring<\/h4>\r\n                        <p>Find ud af alt om slovensk grammatik.<\/p>\r\n                    <\/div>\r\n                <\/div>\r\n            <\/div>\r\n        <\/a>\r\n\r\n        \r\n        <a href=\"https:\/\/talkpal.ai\/da\/slovenske-grammatikoevelser\/\">\r\n            <div class=\"learnNavigationWrapper\">\r\n                <div class=\"learnNavigationContent\">\r\n                    <img decoding=\"async\" src=\"https:\/\/talkpal.ai\/wp-content\/uploads\/2024\/08\/Slovenian.jpg\" alt=\"Slovenian Flag\">\r\n                    <div>\r\n                        <h4>\u00d8velse i slovensk grammatik<\/h4>\r\n                        <p>\u00d8v slovensk grammatik.<\/p>\r\n                    <\/div>\r\n                <\/div>\r\n            <\/div>\r\n        <\/a>\r\n\r\n        \r\n        <a href=\"https:\/\/talkpal.ai\/vocabulary_language\/slovenian\/\">\r\n            <div class=\"learnNavigationWrapper\">\r\n                <div class=\"learnNavigationContent\">\r\n                    <img decoding=\"async\" src=\"https:\/\/talkpal.ai\/wp-content\/uploads\/2024\/08\/Slovenian.jpg\" alt=\"Slovenian Flag\">\r\n                    <div>\r\n                        <h4>Slovensk ordforr\u00e5d<\/h4>\r\n                        <p>Udvid dit slovenske ordforr\u00e5d.<\/p>\r\n                    <\/div>\r\n                <\/div>\r\n            <\/div>\r\n        <\/a>\r\n\r\n            <\/section>","protected":false},"excerpt":{"rendered":"<p>Slovensk grammatik: En kort introduktion til sprogelskere Er du klar til at dykke ned i den fortryllende verden af slovensk, et fantastisk slavisk sprog? Der venter dig en godbid! Denne korte guide giver dig et indblik i slovensk grammatik, hvilket er vigtigt for at forst\u00e5 og mestre dette f\u00e6ngslende sprog. S\u00e5 lad os g\u00e5 i [&hellip;]<\/p>\n","protected":false},"author":1,"featured_media":119808,"parent":0,"menu_order":0,"comment_status":"closed","ping_status":"closed","template":"LearningContentPage.php","meta":{"_acf_changed":false,"footnotes":""},"class_list":["post-151004","page","type-page","status-publish","has-post-thumbnail","hentry"],"acf":[],"yoast_head":"<!-- This site is optimized with the Yoast SEO Premium plugin v27.2 (Yoast SEO v27.2) - https:\/\/yoast.com\/product\/yoast-seo-premium-wordpress\/ -->\n<title>Slovensk grammatik - Talkpal<\/title>\n<meta name=\"description\" content=\"Udforsk den slovenske grammatiks finurligheder for at f\u00e5 bedre sprogf\u00e6rdigheder og -forst\u00e5else. F\u00e5 styr p\u00e5 grammatikkens kunst i dag.\" \/>\n<meta name=\"robots\" content=\"index, follow, max-snippet:-1, max-image-preview:large, max-video-preview:-1\" \/>\n<link rel=\"canonical\" href=\"https:\/\/talkpal.ai\/da\/slovensk-grammatik\/\" \/>\n<meta property=\"og:locale\" content=\"da_DK\" \/>\n<meta property=\"og:type\" content=\"article\" \/>\n<meta property=\"og:title\" content=\"Slovensk grammatik\" \/>\n<meta property=\"og:description\" content=\"Slovensk grammatik: En kort introduktion til sprogelskere Er du klar til at dykke ned i den fortryllende verden af slovensk, et fantastisk slavisk sprog?\" \/>\n<meta property=\"og:url\" content=\"https:\/\/talkpal.ai\/da\/slovensk-grammatik\/\" \/>\n<meta property=\"og:site_name\" content=\"Talkpal\" \/>\n<meta property=\"article:publisher\" content=\"https:\/\/www.facebook.com\/profile.php?id=100090733639311\" \/>\n<meta property=\"article:modified_time\" content=\"2025-12-12T11:08:26+00:00\" \/>\n<meta property=\"og:image\" content=\"https:\/\/talkpal.ai\/wp-content\/uploads\/2023\/05\/slovenia.png\" \/>\n\t<meta property=\"og:image:width\" content=\"512\" \/>\n\t<meta property=\"og:image:height\" content=\"512\" \/>\n\t<meta property=\"og:image:type\" content=\"image\/png\" \/>\n<meta name=\"twitter:card\" content=\"summary_large_image\" \/>\n<meta name=\"twitter:site\" content=\"@talkpalai\" \/>\n<meta name=\"twitter:label1\" content=\"Estimeret l\u00e6setid\" \/>\n\t<meta name=\"twitter:data1\" content=\"3 minutter\" \/>\n<script type=\"application\/ld+json\" class=\"yoast-schema-graph\">{\"@context\":\"https:\/\/schema.org\",\"@graph\":[{\"@type\":\"WebPage\",\"@id\":\"https:\/\/talkpal.ai\/da\/slovensk-grammatik\/\",\"url\":\"https:\/\/talkpal.ai\/da\/slovensk-grammatik\/\",\"name\":\"Slovensk grammatik - Talkpal\",\"isPartOf\":{\"@id\":\"https:\/\/talkpal.ai\/da\/#website\"},\"primaryImageOfPage\":{\"@id\":\"https:\/\/talkpal.ai\/da\/slovensk-grammatik\/#primaryimage\"},\"image\":{\"@id\":\"https:\/\/talkpal.ai\/da\/slovensk-grammatik\/#primaryimage\"},\"thumbnailUrl\":\"https:\/\/talkpal.ai\/wp-content\/uploads\/2023\/05\/slovenia.png\",\"datePublished\":\"2023-05-14T14:20:10+00:00\",\"dateModified\":\"2025-12-12T11:08:26+00:00\",\"description\":\"Udforsk den slovenske grammatiks finurligheder for at f\u00e5 bedre sprogf\u00e6rdigheder og -forst\u00e5else. F\u00e5 styr p\u00e5 grammatikkens kunst i dag.\",\"breadcrumb\":{\"@id\":\"https:\/\/talkpal.ai\/da\/slovensk-grammatik\/#breadcrumb\"},\"inLanguage\":\"da-DK\",\"potentialAction\":[{\"@type\":\"ReadAction\",\"target\":[\"https:\/\/talkpal.ai\/da\/slovensk-grammatik\/\"]}]},{\"@type\":\"ImageObject\",\"inLanguage\":\"da-DK\",\"@id\":\"https:\/\/talkpal.ai\/da\/slovensk-grammatik\/#primaryimage\",\"url\":\"https:\/\/talkpal.ai\/wp-content\/uploads\/2023\/05\/slovenia.png\",\"contentUrl\":\"https:\/\/talkpal.ai\/wp-content\/uploads\/2023\/05\/slovenia.png\",\"width\":512,\"height\":512},{\"@type\":\"BreadcrumbList\",\"@id\":\"https:\/\/talkpal.ai\/da\/slovensk-grammatik\/#breadcrumb\",\"itemListElement\":[{\"@type\":\"ListItem\",\"position\":1,\"name\":\"Homepage\",\"item\":\"https:\/\/talkpal.ai\/da\/\"},{\"@type\":\"ListItem\",\"position\":2,\"name\":\"Slovensk grammatik\"}]},{\"@type\":\"WebSite\",\"@id\":\"https:\/\/talkpal.ai\/da\/#website\",\"url\":\"https:\/\/talkpal.ai\/da\/\",\"name\":\"Talkpal\",\"description\":\"AI Language Learning\",\"publisher\":{\"@id\":\"https:\/\/talkpal.ai\/da\/#organization\"},\"alternateName\":\"Talkpal AI\",\"potentialAction\":[{\"@type\":\"SearchAction\",\"target\":{\"@type\":\"EntryPoint\",\"urlTemplate\":\"https:\/\/talkpal.ai\/da\/?s={search_term_string}\"},\"query-input\":{\"@type\":\"PropertyValueSpecification\",\"valueRequired\":true,\"valueName\":\"search_term_string\"}}],\"inLanguage\":\"da-DK\"},{\"@type\":\"Organization\",\"@id\":\"https:\/\/talkpal.ai\/da\/#organization\",\"name\":\"Talkpal, Inc.\",\"alternateName\":\"Talkpal AI\",\"url\":\"https:\/\/talkpal.ai\/da\/\",\"logo\":{\"@type\":\"ImageObject\",\"inLanguage\":\"da-DK\",\"@id\":\"https:\/\/talkpal.ai\/da\/#\/schema\/logo\/image\/\",\"url\":\"https:\/\/talkpal.ai\/wp-content\/uploads\/2024\/03\/Talkpal-Logo-Icon.png\",\"contentUrl\":\"https:\/\/talkpal.ai\/wp-content\/uploads\/2024\/03\/Talkpal-Logo-Icon.png\",\"width\":2880,\"height\":2880,\"caption\":\"Talkpal, Inc.\"},\"image\":{\"@id\":\"https:\/\/talkpal.ai\/da\/#\/schema\/logo\/image\/\"},\"sameAs\":[\"https:\/\/www.facebook.com\/profile.php?id=100090733639311\",\"https:\/\/x.com\/talkpalai\",\"https:\/\/www.linkedin.com\/company\/talkpal\/\",\"https:\/\/www.youtube.com\/@TalkPal\/\",\"https:\/\/www.tiktok.com\/@talkpal\",\"https:\/\/www.instagram.com\/talkpal_ai\/\",\"https:\/\/www.crunchbase.com\/organization\/talkpal-9cde\",\"https:\/\/www.g2.com\/products\/talkpal-for-business\/\",\"https:\/\/www.trustpilot.com\/review\/talkpal.ai\",\"https:\/\/www.capterra.com\/p\/10006800\/TalkPal\/\"],\"description\":\"Talkpal is a language learning web and mobile education app, powered by the latest AI technologies, that provides engaging experiences to its customers in many different languages to help them improve their language skills. Users can chat about unlimited amount of topics with the app and use other modes to practice their language learning.\",\"email\":\"support@talkpal.ai\",\"legalName\":\"Talkpal, Inc.\",\"foundingDate\":\"2023-04-03\",\"duns\":\"118989042\",\"numberOfEmployees\":{\"@type\":\"QuantitativeValue\",\"minValue\":\"11\",\"maxValue\":\"50\"},\"publishingPrinciples\":\"https:\/\/talkpal.ai\/publishing-principles\/\",\"actionableFeedbackPolicy\":\"https:\/\/talkpal.ai\/actionable-feedback-policy\/\",\"correctionsPolicy\":\"https:\/\/talkpal.ai\/corrections-policy\/\",\"ethicsPolicy\":\"https:\/\/talkpal.ai\/ethics-policy\/\",\"diversityPolicy\":\"https:\/\/talkpal.ai\/diversity-policy\/\",\"diversityStaffingReport\":\"https:\/\/talkpal.ai\/diversity-policy\/\"}]}<\/script>\n<!-- \/ Yoast SEO Premium plugin. -->","yoast_head_json":{"title":"Slovensk grammatik - Talkpal","description":"Udforsk den slovenske grammatiks finurligheder for at f\u00e5 bedre sprogf\u00e6rdigheder og -forst\u00e5else. F\u00e5 styr p\u00e5 grammatikkens kunst i dag.","robots":{"index":"index","follow":"follow","max-snippet":"max-snippet:-1","max-image-preview":"max-image-preview:large","max-video-preview":"max-video-preview:-1"},"canonical":"https:\/\/talkpal.ai\/da\/slovensk-grammatik\/","og_locale":"da_DK","og_type":"article","og_title":"Slovensk grammatik","og_description":"Slovensk grammatik: En kort introduktion til sprogelskere Er du klar til at dykke ned i den fortryllende verden af slovensk, et fantastisk slavisk sprog?","og_url":"https:\/\/talkpal.ai\/da\/slovensk-grammatik\/","og_site_name":"Talkpal","article_publisher":"https:\/\/www.facebook.com\/profile.php?id=100090733639311","article_modified_time":"2025-12-12T11:08:26+00:00","og_image":[{"width":512,"height":512,"url":"https:\/\/talkpal.ai\/wp-content\/uploads\/2023\/05\/slovenia.png","type":"image\/png"}],"twitter_card":"summary_large_image","twitter_site":"@talkpalai","twitter_misc":{"Estimeret l\u00e6setid":"3 minutter"},"schema":{"@context":"https:\/\/schema.org","@graph":[{"@type":"WebPage","@id":"https:\/\/talkpal.ai\/da\/slovensk-grammatik\/","url":"https:\/\/talkpal.ai\/da\/slovensk-grammatik\/","name":"Slovensk grammatik - Talkpal","isPartOf":{"@id":"https:\/\/talkpal.ai\/da\/#website"},"primaryImageOfPage":{"@id":"https:\/\/talkpal.ai\/da\/slovensk-grammatik\/#primaryimage"},"image":{"@id":"https:\/\/talkpal.ai\/da\/slovensk-grammatik\/#primaryimage"},"thumbnailUrl":"https:\/\/talkpal.ai\/wp-content\/uploads\/2023\/05\/slovenia.png","datePublished":"2023-05-14T14:20:10+00:00","dateModified":"2025-12-12T11:08:26+00:00","description":"Udforsk den slovenske grammatiks finurligheder for at f\u00e5 bedre sprogf\u00e6rdigheder og -forst\u00e5else. F\u00e5 styr p\u00e5 grammatikkens kunst i dag.","breadcrumb":{"@id":"https:\/\/talkpal.ai\/da\/slovensk-grammatik\/#breadcrumb"},"inLanguage":"da-DK","potentialAction":[{"@type":"ReadAction","target":["https:\/\/talkpal.ai\/da\/slovensk-grammatik\/"]}]},{"@type":"ImageObject","inLanguage":"da-DK","@id":"https:\/\/talkpal.ai\/da\/slovensk-grammatik\/#primaryimage","url":"https:\/\/talkpal.ai\/wp-content\/uploads\/2023\/05\/slovenia.png","contentUrl":"https:\/\/talkpal.ai\/wp-content\/uploads\/2023\/05\/slovenia.png","width":512,"height":512},{"@type":"BreadcrumbList","@id":"https:\/\/talkpal.ai\/da\/slovensk-grammatik\/#breadcrumb","itemListElement":[{"@type":"ListItem","position":1,"name":"Homepage","item":"https:\/\/talkpal.ai\/da\/"},{"@type":"ListItem","position":2,"name":"Slovensk grammatik"}]},{"@type":"WebSite","@id":"https:\/\/talkpal.ai\/da\/#website","url":"https:\/\/talkpal.ai\/da\/","name":"Talkpal","description":"AI Language Learning","publisher":{"@id":"https:\/\/talkpal.ai\/da\/#organization"},"alternateName":"Talkpal AI","potentialAction":[{"@type":"SearchAction","target":{"@type":"EntryPoint","urlTemplate":"https:\/\/talkpal.ai\/da\/?s={search_term_string}"},"query-input":{"@type":"PropertyValueSpecification","valueRequired":true,"valueName":"search_term_string"}}],"inLanguage":"da-DK"},{"@type":"Organization","@id":"https:\/\/talkpal.ai\/da\/#organization","name":"Talkpal, Inc.","alternateName":"Talkpal AI","url":"https:\/\/talkpal.ai\/da\/","logo":{"@type":"ImageObject","inLanguage":"da-DK","@id":"https:\/\/talkpal.ai\/da\/#\/schema\/logo\/image\/","url":"https:\/\/talkpal.ai\/wp-content\/uploads\/2024\/03\/Talkpal-Logo-Icon.png","contentUrl":"https:\/\/talkpal.ai\/wp-content\/uploads\/2024\/03\/Talkpal-Logo-Icon.png","width":2880,"height":2880,"caption":"Talkpal, Inc."},"image":{"@id":"https:\/\/talkpal.ai\/da\/#\/schema\/logo\/image\/"},"sameAs":["https:\/\/www.facebook.com\/profile.php?id=100090733639311","https:\/\/x.com\/talkpalai","https:\/\/www.linkedin.com\/company\/talkpal\/","https:\/\/www.youtube.com\/@TalkPal\/","https:\/\/www.tiktok.com\/@talkpal","https:\/\/www.instagram.com\/talkpal_ai\/","https:\/\/www.crunchbase.com\/organization\/talkpal-9cde","https:\/\/www.g2.com\/products\/talkpal-for-business\/","https:\/\/www.trustpilot.com\/review\/talkpal.ai","https:\/\/www.capterra.com\/p\/10006800\/TalkPal\/"],"description":"Talkpal is a language learning web and mobile education app, powered by the latest AI technologies, that provides engaging experiences to its customers in many different languages to help them improve their language skills. Users can chat about unlimited amount of topics with the app and use other modes to practice their language learning.","email":"support@talkpal.ai","legalName":"Talkpal, Inc.","foundingDate":"2023-04-03","duns":"118989042","numberOfEmployees":{"@type":"QuantitativeValue","minValue":"11","maxValue":"50"},"publishingPrinciples":"https:\/\/talkpal.ai\/publishing-principles\/","actionableFeedbackPolicy":"https:\/\/talkpal.ai\/actionable-feedback-policy\/","correctionsPolicy":"https:\/\/talkpal.ai\/corrections-policy\/","ethicsPolicy":"https:\/\/talkpal.ai\/ethics-policy\/","diversityPolicy":"https:\/\/talkpal.ai\/diversity-policy\/","diversityStaffingReport":"https:\/\/talkpal.ai\/diversity-policy\/"}]}},"_links":{"self":[{"href":"https:\/\/talkpal.ai\/da\/wp-json\/wp\/v2\/pages\/151004","targetHints":{"allow":["GET"]}}],"collection":[{"href":"https:\/\/talkpal.ai\/da\/wp-json\/wp\/v2\/pages"}],"about":[{"href":"https:\/\/talkpal.ai\/da\/wp-json\/wp\/v2\/types\/page"}],"author":[{"embeddable":true,"href":"https:\/\/talkpal.ai\/da\/wp-json\/wp\/v2\/users\/1"}],"replies":[{"embeddable":true,"href":"https:\/\/talkpal.ai\/da\/wp-json\/wp\/v2\/comments?post=151004"}],"version-history":[{"count":0,"href":"https:\/\/talkpal.ai\/da\/wp-json\/wp\/v2\/pages\/151004\/revisions"}],"wp:featuredmedia":[{"embeddable":true,"href":"https:\/\/talkpal.ai\/da\/wp-json\/wp\/v2\/media\/119808"}],"wp:attachment":[{"href":"https:\/\/talkpal.ai\/da\/wp-json\/wp\/v2\/media?parent=151004"}],"curies":[{"name":"wp","href":"https:\/\/api.w.org\/{rel}","templated":true}]}}