{"id":150097,"date":"2023-05-14T14:19:49","date_gmt":"2023-05-14T14:19:49","guid":{"rendered":"http:\/\/talkpal.ai\/slovakisk-grammatik\/"},"modified":"2025-12-12T11:12:41","modified_gmt":"2025-12-12T11:12:41","slug":"slovakisk-grammatik","status":"publish","type":"page","link":"https:\/\/talkpal.ai\/da\/slovakisk-grammatik\/","title":{"rendered":"Slovakisk grammatik"},"content":{"rendered":"\r\n\r\n\r\n<section class=\"languageChallengeSection\">\r\n    <div class=\"languageInfoWrapper\">\r\n        \r\n        <h1>Slovakisk grammatik<\/h1>\r\n        <p>F\u00e5 \u00f8jnene op for det slovakiske sprogs sk\u00f8nhed ved at l\u00e6re dets grundl\u00e6ggende grammatiske regler. At forst\u00e5 <a href=\"https:\/\/talkpal.ai\/es\/gramatica-eslovaca\/\">slovakisk grammatik<\/a> vil hj\u00e6lpe dig med at kommunikere med selvtillid og f\u00e5 en dybere forbindelse til Slovakiets rige traditioner. Start din rejse i dag, og tag det f\u00f8rste skridt mod at mestre <a href=\"https:\/\/talkpal.ai\/learn-slovak\/\">slovakisk<\/a>!\n\n<\/p>\r\n\r\n                            <a class=\"getStartedHidden\" href=\"https:\/\/app.talkpal.ai\/da\/signup?lng=\">Kom i gang<\/a>\r\n        \r\n    <\/div>\r\n\r\n    <figure>\r\n    <img decoding=\"async\" width=\"768\" height=\"768\" src=\"https:\/\/talkpal.ai\/wp-content\/uploads\/2023\/06\/slovak-768x768.png\" class=\"languageImage no-lazy\" alt=\"Language learning for cross-cultural competence\" fetchpriority=\"high\" sizes=\"(max-width: 768px) 150px, 768px\" srcset=\"https:\/\/talkpal.ai\/wp-content\/uploads\/2023\/06\/slovak-768x768.png 768w, https:\/\/talkpal.ai\/wp-content\/uploads\/2023\/06\/slovak-300x300.png 300w\" \/>\r\n    \r\n\r\n    <\/figure>\r\n\r\n            <a class=\"getStartedVisible\" href=\"https:\/\/app.talkpal.ai\/da\/signup?lng=\">Kom i gang<\/a>\r\n    \r\n<\/section>\r\n<section class=\"promotionalBanner\">\r\n    <p class=\"promotionalText\">Den mest effektive m\u00e5de at l\u00e6re et <a href=\"https:\/\/talkpal.ai\/what-language-is-spoken-on-the-international-space-station\/\">sprog<\/a> p\u00e5<\/p>\r\n    <a class=\"promotionalLink\" href=\"https:\/\/app.talkpal.ai\/da\/signup?lng=\">Pr\u00f8v Talkpal gratis<\/a>\r\n<\/section>\n<div class=\"wp-block-group pageContainerStyle\"><div class=\"wp-block-group__inner-container is-layout-constrained wp-block-group-is-layout-constrained\">\n<h2 class=\"wp-block-heading\" id=\"h-slovak-grammar-the-key-to-unlocking-a-beautiful-language\">Slovakisk grammatik: n\u00f8glen til at l\u00e5se op for et smukt sprog<\/h2>\n\n\n\n<p>Planl\u00e6gger du at l\u00e6re <a href=\"https:\/\/talkpal.ai\/learn-slovak\/\">slovakisk<\/a> eller bare nysgerrig efter dens unikke <a href=\"https:\/\/talkpal.ai\/fr\/les\/\">grammatik<\/a>? Du er kommet til det rette sted! Slovakisk grammatik kan virke skr\u00e6mmende ved f\u00f8rste \u00f8jekast, men bare rolig &#8211; den er faktisk ret logisk og overskuelig. I denne artikel g\u00e5r vi i dybden med den slovakiske grammatik, s\u00e5 du bedre kan forst\u00e5 og v\u00e6rds\u00e6tte dens sk\u00f8nhed.<\/p>\n\n\n\n<p>Lad os starte med lidt baggrund. Slovakisk er et vestslavisk sprog, der prim\u00e6rt tales i Slovakiet, men du kan ogs\u00e5 finde talere i de omkringliggende lande. Som et slavisk sprog deler det mange ligheder med andre sprog i regionen, som <a href=\"https:\/\/talkpal.ai\/learn-czech\/\">tjekkisk<\/a> og <a href=\"https:\/\/talkpal.ai\/polish-grammar-exercises\/\">polsk<\/a>. Det har dog sine egne forskellige grammatikregler og brugsm\u00f8nstre, der adskiller det.<\/p>\n\n\n\n<p>Lad os nu dykke ned i nogle af de vigtigste aspekter af slovakisk grammatik.<\/p>\n\n\n\n<h3 class=\"wp-block-heading\" id=\"h-1-nouns-and-their-cases\">1. Substantiver og deres sager<\/h3>\n\n\n\n<p>Et af de mest sl\u00e5ende tr\u00e6k ved slovakisk grammatik er dets komplekse sagssystem. Hvis du er bekendt med tysk eller russisk, ved du, hvad vi taler om: Slovakiske navneord \u00e6ndrer form afh\u00e6ngigt af deres funktion i en s\u00e6tning. Med syv kasus (nominativ, genitiv, dativ, akkusativ, lokativ, instrumental og vokativ) kan det virke overv\u00e6ldende i starten, men giv ikke op! N\u00e5r man f\u00f8rst har f\u00e5et styr p\u00e5 det, er det utroligt logisk og endda sjovt.<\/p>\n\n\n\n<p>Tag navneordet &#8220;chlapec&#8221; (dreng) som et eksempel. Det kan \u00e6ndre sig til &#8220;chlapca&#8221;, &#8220;chlapcovi&#8221;, &#8220;chlapcom&#8221; og s\u00e5 videre, alt efter om det er subjektet, objektet eller modtageren af en handling. Endelserne afh\u00e6nger ogs\u00e5 af substantivets k\u00f8n (maskulinum, femininum eller neutrum), hvilket giver endnu mere variation i sproget.<\/p>\n\n\n\n<h3 class=\"wp-block-heading\" id=\"h-2-verb-conjugation-and-tenses\">2. Verbb\u00f8jning og tider<\/h3>\n\n\n\n<p>Slovakiske verb \u00e6ndrer deres slutninger baseret p\u00e5 emnets person og antal (ental eller flertal). For eksempel kan verbet &#8220;vidie\u0165&#8221; (at se) blive til &#8220;vid\u00edm&#8221; (jeg ser), &#8220;vid\u00ed\u0161&#8221; (du ser), &#8220;vidia&#8221; (de ser) og andre.<\/p>\n\n\n\n<p>Slovakisk har tre hovedtider: fortid, nutid og fremtid. Det interessante er, at slovakisk i mods\u00e6tning til engelsk typisk ikke bruger hj\u00e6lpeverb til at danne disse tider. I stedet dannes de ved at \u00e6ndre verbendelserne. For eksempel er &#8220;jeg ser&#8221; &#8220;vid\u00edm&#8221;, &#8220;jeg s\u00e5&#8221; er &#8220;videl som&#8221;, og &#8220;jeg vil se&#8221; er &#8220;uvid\u00edm&#8221;.<\/p>\n\n\n\n<h3 class=\"wp-block-heading\" id=\"h-3-sentence-structure-and-word-order\">3. S\u00e6tningsstruktur og ordstilling<\/h3>\n\n\n\n<p>Slovakisk har en relativt fleksibel ordr\u00e6kkef\u00f8lge takket v\u00e6re dets substantiv kasus og verbb\u00f8jningssystem. Det betyder, at man i mods\u00e6tning til engelsk kan placere ord forskellige steder i en s\u00e6tning uden at \u00e6ndre dens betydning &#8211; for eksempel kan &#8220;chlapec vid\u00ed psa&#8221; (drengen ser hunden) ogs\u00e5 v\u00e6re &#8220;psa vid\u00ed chlapec&#8221; og stadig have samme betydning.<\/p>\n\n\n\n<p>N\u00e5r det er sagt, er den mest almindelige ordstilling p\u00e5 slovakisk emne-verbum-objekt eller SVO. Det svarer til engelsk, og det er et godt udgangspunkt for elever. Efterh\u00e5nden som du bliver mere fortrolig med sproget, kan du eksperimentere med forskellige ordr\u00e6kkef\u00f8lger for at tilf\u00f8je v\u00e6gt eller nuance til dine s\u00e6tninger.<\/p>\n\n\n\n<h3 class=\"wp-block-heading\" id=\"h-4-adjectives-and-adverbs\">4. Adjektiver og adverb<\/h3>\n\n\n\n<p>Ligesom p\u00e5 mange andre sprog bruges adjektiver og adverb p\u00e5 slovakisk til at beskrive substantiver og verb. De kommer dog ogs\u00e5 med deres egen sagsaftale og k\u00f8nsaftaleregler, hvilket kan g\u00f8re tingene lidt mere komplicerede. Heldigvis, n\u00e5r du mestrer substantiverne og verbb\u00f8jningerne, vil disse regler komme mere naturligt.<\/p>\n\n\n\n<p>S\u00e5 er du klar til at tackle slovakisk grammatik? Med den rigtige tankegang og ressourcer er det at l\u00e6re slovakisk en givende oplevelse, der kan \u00e5bne d\u00f8re til en rig kultur og et smukt land. Tag det skridt for skridt, \u00f8v dig regelm\u00e6ssigt, og v\u00e6r ikke bange for at beg\u00e5 fejl &#8211; det er trods alt s\u00e5dan, vi alle l\u00e6rer. Ve\u013ea \u0161\u0165astia! (Held og lykke!)<\/p>\n<\/div><\/div>\n\r\n<section class=\"learnNavigationSection\">\r\n            \r\n        <a href=\"https:\/\/talkpal.ai\/da\/laer-slovakisk\/\">\r\n            <div class=\"learnNavigationWrapper\">\r\n                <div class=\"learnNavigationContent\">\r\n                    <img decoding=\"async\" src=\"https:\/\/talkpal.ai\/wp-content\/uploads\/2024\/08\/Slovak.jpg\" alt=\"Slovak Flag\">\r\n                    <div>\r\n                        <h4>Om slovakisk l\u00e6ring<\/h4>\r\n                        <p>Find ud af alt om slovakisk grammatik.<\/p>\r\n                    <\/div>\r\n                <\/div>\r\n            <\/div>\r\n        <\/a>\r\n\r\n        \r\n        <a href=\"https:\/\/talkpal.ai\/da\/slovakiske-grammatikoevelser\/\">\r\n            <div class=\"learnNavigationWrapper\">\r\n                <div class=\"learnNavigationContent\">\r\n                    <img decoding=\"async\" src=\"https:\/\/talkpal.ai\/wp-content\/uploads\/2024\/08\/Slovak.jpg\" alt=\"Slovak Flag\">\r\n                    <div>\r\n                        <h4>Slovakisk grammatik-\u00f8velse<\/h4>\r\n                        <p>\u00d8v slovakisk grammatik.<\/p>\r\n                    <\/div>\r\n                <\/div>\r\n            <\/div>\r\n        <\/a>\r\n\r\n        \r\n        <a href=\"https:\/\/talkpal.ai\/vocabulary_language\/slovak\/\">\r\n            <div class=\"learnNavigationWrapper\">\r\n                <div class=\"learnNavigationContent\">\r\n                    <img decoding=\"async\" src=\"https:\/\/talkpal.ai\/wp-content\/uploads\/2024\/08\/Slovak.jpg\" alt=\"Slovak Flag\">\r\n                    <div>\r\n                        <h4>Slovakisk ordforr\u00e5d<\/h4>\r\n                        <p>Udvid dit slovakiske ordforr\u00e5d.<\/p>\r\n                    <\/div>\r\n                <\/div>\r\n            <\/div>\r\n        <\/a>\r\n\r\n            <\/section>","protected":false},"excerpt":{"rendered":"<p>Slovakisk grammatik: n\u00f8glen til at l\u00e5se op for et smukt sprog Planl\u00e6gger du at l\u00e6re slovakisk eller bare nysgerrig efter dens unikke grammatik? Du er kommet til det rette sted! Slovakisk grammatik kan virke skr\u00e6mmende ved f\u00f8rste \u00f8jekast, men bare rolig &#8211; den er faktisk ret logisk og overskuelig. I denne artikel g\u00e5r vi i [&hellip;]<\/p>\n","protected":false},"author":1,"featured_media":118477,"parent":0,"menu_order":0,"comment_status":"closed","ping_status":"closed","template":"LearningContentPage.php","meta":{"_acf_changed":false,"footnotes":""},"class_list":["post-150097","page","type-page","status-publish","has-post-thumbnail","hentry"],"acf":[],"yoast_head":"<!-- This site is optimized with the Yoast SEO Premium plugin v27.2 (Yoast SEO v27.2) - https:\/\/yoast.com\/product\/yoast-seo-premium-wordpress\/ -->\n<title>Slovakisk grammatik - Talkpal<\/title>\n<meta name=\"description\" content=\"F\u00e5 styr p\u00e5 slovakisk grammatik med klare forklaringer, praktiske eksempler og interaktive \u00f8velser. Forbedr dine f\u00e6rdigheder!\" \/>\n<meta name=\"robots\" content=\"index, follow, max-snippet:-1, max-image-preview:large, max-video-preview:-1\" \/>\n<link rel=\"canonical\" href=\"https:\/\/talkpal.ai\/da\/slovakisk-grammatik\/\" \/>\n<meta property=\"og:locale\" content=\"da_DK\" \/>\n<meta property=\"og:type\" content=\"article\" \/>\n<meta property=\"og:title\" content=\"Slovakisk grammatik\" \/>\n<meta property=\"og:description\" content=\"Slovakisk grammatik: n\u00f8glen til at l\u00e5se op for et smukt sprog Planl\u00e6gger du at l\u00e6re slovakisk eller bare nysgerrig efter dens unikke grammatik? Du er\" \/>\n<meta property=\"og:url\" content=\"https:\/\/talkpal.ai\/da\/slovakisk-grammatik\/\" \/>\n<meta property=\"og:site_name\" content=\"Talkpal\" \/>\n<meta property=\"article:publisher\" content=\"https:\/\/www.facebook.com\/profile.php?id=100090733639311\" \/>\n<meta property=\"article:modified_time\" content=\"2025-12-12T11:12:41+00:00\" \/>\n<meta property=\"og:image\" content=\"https:\/\/talkpal.ai\/wp-content\/uploads\/2023\/05\/slovakia.png\" \/>\n\t<meta property=\"og:image:width\" content=\"512\" \/>\n\t<meta property=\"og:image:height\" content=\"512\" \/>\n\t<meta property=\"og:image:type\" content=\"image\/png\" \/>\n<meta name=\"twitter:card\" content=\"summary_large_image\" \/>\n<meta name=\"twitter:site\" content=\"@talkpalai\" \/>\n<meta name=\"twitter:label1\" content=\"Estimeret l\u00e6setid\" \/>\n\t<meta name=\"twitter:data1\" content=\"3 minutter\" \/>\n<script type=\"application\/ld+json\" class=\"yoast-schema-graph\">{\"@context\":\"https:\/\/schema.org\",\"@graph\":[{\"@type\":\"WebPage\",\"@id\":\"https:\/\/talkpal.ai\/da\/slovakisk-grammatik\/\",\"url\":\"https:\/\/talkpal.ai\/da\/slovakisk-grammatik\/\",\"name\":\"Slovakisk grammatik - Talkpal\",\"isPartOf\":{\"@id\":\"https:\/\/talkpal.ai\/da\/#website\"},\"primaryImageOfPage\":{\"@id\":\"https:\/\/talkpal.ai\/da\/slovakisk-grammatik\/#primaryimage\"},\"image\":{\"@id\":\"https:\/\/talkpal.ai\/da\/slovakisk-grammatik\/#primaryimage\"},\"thumbnailUrl\":\"https:\/\/talkpal.ai\/wp-content\/uploads\/2023\/05\/slovakia.png\",\"datePublished\":\"2023-05-14T14:19:49+00:00\",\"dateModified\":\"2025-12-12T11:12:41+00:00\",\"description\":\"F\u00e5 styr p\u00e5 slovakisk grammatik med klare forklaringer, praktiske eksempler og interaktive \u00f8velser. Forbedr dine f\u00e6rdigheder!\",\"breadcrumb\":{\"@id\":\"https:\/\/talkpal.ai\/da\/slovakisk-grammatik\/#breadcrumb\"},\"inLanguage\":\"da-DK\",\"potentialAction\":[{\"@type\":\"ReadAction\",\"target\":[\"https:\/\/talkpal.ai\/da\/slovakisk-grammatik\/\"]}]},{\"@type\":\"ImageObject\",\"inLanguage\":\"da-DK\",\"@id\":\"https:\/\/talkpal.ai\/da\/slovakisk-grammatik\/#primaryimage\",\"url\":\"https:\/\/talkpal.ai\/wp-content\/uploads\/2023\/05\/slovakia.png\",\"contentUrl\":\"https:\/\/talkpal.ai\/wp-content\/uploads\/2023\/05\/slovakia.png\",\"width\":512,\"height\":512},{\"@type\":\"BreadcrumbList\",\"@id\":\"https:\/\/talkpal.ai\/da\/slovakisk-grammatik\/#breadcrumb\",\"itemListElement\":[{\"@type\":\"ListItem\",\"position\":1,\"name\":\"Homepage\",\"item\":\"https:\/\/talkpal.ai\/da\/\"},{\"@type\":\"ListItem\",\"position\":2,\"name\":\"Slovakisk grammatik\"}]},{\"@type\":\"WebSite\",\"@id\":\"https:\/\/talkpal.ai\/da\/#website\",\"url\":\"https:\/\/talkpal.ai\/da\/\",\"name\":\"Talkpal\",\"description\":\"AI Language Learning\",\"publisher\":{\"@id\":\"https:\/\/talkpal.ai\/da\/#organization\"},\"alternateName\":\"Talkpal AI\",\"potentialAction\":[{\"@type\":\"SearchAction\",\"target\":{\"@type\":\"EntryPoint\",\"urlTemplate\":\"https:\/\/talkpal.ai\/da\/?s={search_term_string}\"},\"query-input\":{\"@type\":\"PropertyValueSpecification\",\"valueRequired\":true,\"valueName\":\"search_term_string\"}}],\"inLanguage\":\"da-DK\"},{\"@type\":\"Organization\",\"@id\":\"https:\/\/talkpal.ai\/da\/#organization\",\"name\":\"Talkpal, Inc.\",\"alternateName\":\"Talkpal AI\",\"url\":\"https:\/\/talkpal.ai\/da\/\",\"logo\":{\"@type\":\"ImageObject\",\"inLanguage\":\"da-DK\",\"@id\":\"https:\/\/talkpal.ai\/da\/#\/schema\/logo\/image\/\",\"url\":\"https:\/\/talkpal.ai\/wp-content\/uploads\/2024\/03\/Talkpal-Logo-Icon.png\",\"contentUrl\":\"https:\/\/talkpal.ai\/wp-content\/uploads\/2024\/03\/Talkpal-Logo-Icon.png\",\"width\":2880,\"height\":2880,\"caption\":\"Talkpal, Inc.\"},\"image\":{\"@id\":\"https:\/\/talkpal.ai\/da\/#\/schema\/logo\/image\/\"},\"sameAs\":[\"https:\/\/www.facebook.com\/profile.php?id=100090733639311\",\"https:\/\/x.com\/talkpalai\",\"https:\/\/www.linkedin.com\/company\/talkpal\/\",\"https:\/\/www.youtube.com\/@TalkPal\/\",\"https:\/\/www.tiktok.com\/@talkpal\",\"https:\/\/www.instagram.com\/talkpal_ai\/\",\"https:\/\/www.crunchbase.com\/organization\/talkpal-9cde\",\"https:\/\/www.g2.com\/products\/talkpal-for-business\/\",\"https:\/\/www.trustpilot.com\/review\/talkpal.ai\",\"https:\/\/www.capterra.com\/p\/10006800\/TalkPal\/\"],\"description\":\"Talkpal is a language learning web and mobile education app, powered by the latest AI technologies, that provides engaging experiences to its customers in many different languages to help them improve their language skills. Users can chat about unlimited amount of topics with the app and use other modes to practice their language learning.\",\"email\":\"support@talkpal.ai\",\"legalName\":\"Talkpal, Inc.\",\"foundingDate\":\"2023-04-03\",\"duns\":\"118989042\",\"numberOfEmployees\":{\"@type\":\"QuantitativeValue\",\"minValue\":\"11\",\"maxValue\":\"50\"},\"publishingPrinciples\":\"https:\/\/talkpal.ai\/publishing-principles\/\",\"actionableFeedbackPolicy\":\"https:\/\/talkpal.ai\/actionable-feedback-policy\/\",\"correctionsPolicy\":\"https:\/\/talkpal.ai\/corrections-policy\/\",\"ethicsPolicy\":\"https:\/\/talkpal.ai\/ethics-policy\/\",\"diversityPolicy\":\"https:\/\/talkpal.ai\/diversity-policy\/\",\"diversityStaffingReport\":\"https:\/\/talkpal.ai\/diversity-policy\/\"}]}<\/script>\n<!-- \/ Yoast SEO Premium plugin. -->","yoast_head_json":{"title":"Slovakisk grammatik - Talkpal","description":"F\u00e5 styr p\u00e5 slovakisk grammatik med klare forklaringer, praktiske eksempler og interaktive \u00f8velser. Forbedr dine f\u00e6rdigheder!","robots":{"index":"index","follow":"follow","max-snippet":"max-snippet:-1","max-image-preview":"max-image-preview:large","max-video-preview":"max-video-preview:-1"},"canonical":"https:\/\/talkpal.ai\/da\/slovakisk-grammatik\/","og_locale":"da_DK","og_type":"article","og_title":"Slovakisk grammatik","og_description":"Slovakisk grammatik: n\u00f8glen til at l\u00e5se op for et smukt sprog Planl\u00e6gger du at l\u00e6re slovakisk eller bare nysgerrig efter dens unikke grammatik? Du er","og_url":"https:\/\/talkpal.ai\/da\/slovakisk-grammatik\/","og_site_name":"Talkpal","article_publisher":"https:\/\/www.facebook.com\/profile.php?id=100090733639311","article_modified_time":"2025-12-12T11:12:41+00:00","og_image":[{"width":512,"height":512,"url":"https:\/\/talkpal.ai\/wp-content\/uploads\/2023\/05\/slovakia.png","type":"image\/png"}],"twitter_card":"summary_large_image","twitter_site":"@talkpalai","twitter_misc":{"Estimeret l\u00e6setid":"3 minutter"},"schema":{"@context":"https:\/\/schema.org","@graph":[{"@type":"WebPage","@id":"https:\/\/talkpal.ai\/da\/slovakisk-grammatik\/","url":"https:\/\/talkpal.ai\/da\/slovakisk-grammatik\/","name":"Slovakisk grammatik - Talkpal","isPartOf":{"@id":"https:\/\/talkpal.ai\/da\/#website"},"primaryImageOfPage":{"@id":"https:\/\/talkpal.ai\/da\/slovakisk-grammatik\/#primaryimage"},"image":{"@id":"https:\/\/talkpal.ai\/da\/slovakisk-grammatik\/#primaryimage"},"thumbnailUrl":"https:\/\/talkpal.ai\/wp-content\/uploads\/2023\/05\/slovakia.png","datePublished":"2023-05-14T14:19:49+00:00","dateModified":"2025-12-12T11:12:41+00:00","description":"F\u00e5 styr p\u00e5 slovakisk grammatik med klare forklaringer, praktiske eksempler og interaktive \u00f8velser. Forbedr dine f\u00e6rdigheder!","breadcrumb":{"@id":"https:\/\/talkpal.ai\/da\/slovakisk-grammatik\/#breadcrumb"},"inLanguage":"da-DK","potentialAction":[{"@type":"ReadAction","target":["https:\/\/talkpal.ai\/da\/slovakisk-grammatik\/"]}]},{"@type":"ImageObject","inLanguage":"da-DK","@id":"https:\/\/talkpal.ai\/da\/slovakisk-grammatik\/#primaryimage","url":"https:\/\/talkpal.ai\/wp-content\/uploads\/2023\/05\/slovakia.png","contentUrl":"https:\/\/talkpal.ai\/wp-content\/uploads\/2023\/05\/slovakia.png","width":512,"height":512},{"@type":"BreadcrumbList","@id":"https:\/\/talkpal.ai\/da\/slovakisk-grammatik\/#breadcrumb","itemListElement":[{"@type":"ListItem","position":1,"name":"Homepage","item":"https:\/\/talkpal.ai\/da\/"},{"@type":"ListItem","position":2,"name":"Slovakisk grammatik"}]},{"@type":"WebSite","@id":"https:\/\/talkpal.ai\/da\/#website","url":"https:\/\/talkpal.ai\/da\/","name":"Talkpal","description":"AI Language Learning","publisher":{"@id":"https:\/\/talkpal.ai\/da\/#organization"},"alternateName":"Talkpal AI","potentialAction":[{"@type":"SearchAction","target":{"@type":"EntryPoint","urlTemplate":"https:\/\/talkpal.ai\/da\/?s={search_term_string}"},"query-input":{"@type":"PropertyValueSpecification","valueRequired":true,"valueName":"search_term_string"}}],"inLanguage":"da-DK"},{"@type":"Organization","@id":"https:\/\/talkpal.ai\/da\/#organization","name":"Talkpal, Inc.","alternateName":"Talkpal AI","url":"https:\/\/talkpal.ai\/da\/","logo":{"@type":"ImageObject","inLanguage":"da-DK","@id":"https:\/\/talkpal.ai\/da\/#\/schema\/logo\/image\/","url":"https:\/\/talkpal.ai\/wp-content\/uploads\/2024\/03\/Talkpal-Logo-Icon.png","contentUrl":"https:\/\/talkpal.ai\/wp-content\/uploads\/2024\/03\/Talkpal-Logo-Icon.png","width":2880,"height":2880,"caption":"Talkpal, Inc."},"image":{"@id":"https:\/\/talkpal.ai\/da\/#\/schema\/logo\/image\/"},"sameAs":["https:\/\/www.facebook.com\/profile.php?id=100090733639311","https:\/\/x.com\/talkpalai","https:\/\/www.linkedin.com\/company\/talkpal\/","https:\/\/www.youtube.com\/@TalkPal\/","https:\/\/www.tiktok.com\/@talkpal","https:\/\/www.instagram.com\/talkpal_ai\/","https:\/\/www.crunchbase.com\/organization\/talkpal-9cde","https:\/\/www.g2.com\/products\/talkpal-for-business\/","https:\/\/www.trustpilot.com\/review\/talkpal.ai","https:\/\/www.capterra.com\/p\/10006800\/TalkPal\/"],"description":"Talkpal is a language learning web and mobile education app, powered by the latest AI technologies, that provides engaging experiences to its customers in many different languages to help them improve their language skills. Users can chat about unlimited amount of topics with the app and use other modes to practice their language learning.","email":"support@talkpal.ai","legalName":"Talkpal, Inc.","foundingDate":"2023-04-03","duns":"118989042","numberOfEmployees":{"@type":"QuantitativeValue","minValue":"11","maxValue":"50"},"publishingPrinciples":"https:\/\/talkpal.ai\/publishing-principles\/","actionableFeedbackPolicy":"https:\/\/talkpal.ai\/actionable-feedback-policy\/","correctionsPolicy":"https:\/\/talkpal.ai\/corrections-policy\/","ethicsPolicy":"https:\/\/talkpal.ai\/ethics-policy\/","diversityPolicy":"https:\/\/talkpal.ai\/diversity-policy\/","diversityStaffingReport":"https:\/\/talkpal.ai\/diversity-policy\/"}]}},"_links":{"self":[{"href":"https:\/\/talkpal.ai\/da\/wp-json\/wp\/v2\/pages\/150097","targetHints":{"allow":["GET"]}}],"collection":[{"href":"https:\/\/talkpal.ai\/da\/wp-json\/wp\/v2\/pages"}],"about":[{"href":"https:\/\/talkpal.ai\/da\/wp-json\/wp\/v2\/types\/page"}],"author":[{"embeddable":true,"href":"https:\/\/talkpal.ai\/da\/wp-json\/wp\/v2\/users\/1"}],"replies":[{"embeddable":true,"href":"https:\/\/talkpal.ai\/da\/wp-json\/wp\/v2\/comments?post=150097"}],"version-history":[{"count":0,"href":"https:\/\/talkpal.ai\/da\/wp-json\/wp\/v2\/pages\/150097\/revisions"}],"wp:featuredmedia":[{"embeddable":true,"href":"https:\/\/talkpal.ai\/da\/wp-json\/wp\/v2\/media\/118477"}],"wp:attachment":[{"href":"https:\/\/talkpal.ai\/da\/wp-json\/wp\/v2\/media?parent=150097"}],"curies":[{"name":"wp","href":"https:\/\/api.w.org\/{rel}","templated":true}]}}