{"id":149706,"date":"2023-05-14T14:19:26","date_gmt":"2023-05-14T14:19:26","guid":{"rendered":"http:\/\/talkpal.ai\/serbisk-grammatik\/"},"modified":"2025-12-17T15:37:37","modified_gmt":"2025-12-17T15:37:37","slug":"serbisk-grammatik","status":"publish","type":"page","link":"https:\/\/talkpal.ai\/da\/serbisk-grammatik\/","title":{"rendered":"Serbisk grammatik"},"content":{"rendered":"\r\n\r\n\r\n<section class=\"languageChallengeSection\">\r\n    <div class=\"languageInfoWrapper\">\r\n        \r\n        <h1>Serbisk grammatik<\/h1>\r\n        <p>Begynd dit eventyr i det russiske <a href=\"https:\/\/talkpal.ai\/what-language-is-spoken-on-the-international-space-station\/\">sprog<\/a>, og \u00e5bn d\u00f8rene til en rig kultur og historie. At beherske russisk grammatik og ordforr\u00e5d vil forbedre dine rejse-, karriere- og kommunikationsmuligheder. Begynd at l\u00e6re russisk i dag, og tag det f\u00f8rste skridt mod flydende sprog!\n\n<\/p>\r\n\r\n                            <a class=\"getStartedHidden\" href=\"https:\/\/app.talkpal.ai\/da\/signup?lng=\">Kom i gang<\/a>\r\n        \r\n    <\/div>\r\n\r\n    <figure>\r\n    <img decoding=\"async\" width=\"768\" height=\"768\" src=\"https:\/\/talkpal.ai\/wp-content\/uploads\/2023\/06\/serbian-768x768.png\" class=\"languageImage no-lazy\" alt=\"Fast-track to fluency with language learning\" fetchpriority=\"high\" sizes=\"(max-width: 768px) 150px, 768px\" srcset=\"https:\/\/talkpal.ai\/wp-content\/uploads\/2023\/06\/serbian-768x768.png 768w, https:\/\/talkpal.ai\/wp-content\/uploads\/2023\/06\/serbian-300x300.png 300w\" \/>\r\n    \r\n\r\n    <\/figure>\r\n\r\n            <a class=\"getStartedVisible\" href=\"https:\/\/app.talkpal.ai\/da\/signup?lng=\">Kom i gang<\/a>\r\n    \r\n<\/section>\r\n<section class=\"promotionalBanner\">\r\n    <p class=\"promotionalText\">Den mest effektive m\u00e5de at l\u00e6re et sprog p\u00e5<\/p>\r\n    <a class=\"promotionalLink\" href=\"https:\/\/app.talkpal.ai\/da\/signup?lng=\">Pr\u00f8v Talkpal gratis<\/a>\r\n<\/section>\n<div class=\"wp-block-group pageContainerStyle\"><div class=\"wp-block-group__inner-container is-layout-constrained wp-block-group-is-layout-constrained\">\n<h1 class=\"wp-block-heading\" id=\"h-serbian-grammar-unraveling-the-intricacies-of-the-south-slavic-language\">Serbisk grammatik: Unraveling the Intricacies of the South Slavic Language<\/h1>\n\n\n\n<p>Kalder alle <a href=\"https:\/\/talkpal.ai\/talkpal-discount-for-language-enthusiasts\/\">sprogentusiaster<\/a> og Balkan aficionados! Har du nogensinde overvejet at dykke ned i den serbiske grammatikverden? <a href=\"https:\/\/talkpal.ai\/learn-serbian\/\">Serbisk<\/a>, et sydslavisk sprog, er det officielle sprog i Serbien og et af de officielle sprog i Bosnien-Hercegovina. Med omkring 9 millioner indf\u00f8dte talere deler dette sp\u00e6ndende sprog ligheder med <a href=\"https:\/\/talkpal.ai\/learn-croatian\/\">kroatisk<\/a>, <a href=\"https:\/\/talkpal.ai\/learn-bosnian\/\">bosnisk<\/a> og montenegrinsk, men kan prale af s\u00e6rpr\u00e6g, der adskiller det. I denne artikel vil vi udforske de fascinerende aspekter af <a href=\"https:\/\/talkpal.ai\/serbian-grammar\/\">serbisk grammatik<\/a>.<\/p>\n\n\n\n<h3 class=\"wp-block-heading\" id=\"h-the-dual-alphabet-cyrillic-and-latin\">Det dobbelte alfabet: kyrillisk og latin<\/h3>\n\n\n\n<p>En af de f\u00f8rste ting, du vil l\u00e6gge m\u00e6rke til ved <a href=\"https:\/\/talkpal.ai\/learn-serbian\/\">serbisk<\/a>, er brugen af to alfabeter: Kyrillisk og latin. Det serbiske kyrilliske alfabet, med 30 bogstaver, blev standardiseret af sprogforsker Vuk Karad\u017ei\u0107 i 1818 og er det officielle alfabet i landet. Det latinske alfabet, der ogs\u00e5 best\u00e5r af 30 bogstaver, bruges dog i vid udstr\u00e6kning, is\u00e6r til digital kommunikation og uformelle sammenh\u00e6nge. Brugen af to alfabeter giver serbisk en unik, alsidig karakter.<\/p>\n\n\n\n<h3 class=\"wp-block-heading\" id=\"h-the-building-blocks-nouns-pronouns-and-cases\">Byggestenene: Substantiver, pronomen og kasus<\/h3>\n\n\n\n<p>Ligesom andre slaviske sprog drejer <a href=\"https:\/\/talkpal.ai\/serbian-grammar\/\">serbisk grammatik<\/a> sig om b\u00f8jning, hvor ord \u00e6ndrer deres slutninger i henhold til deres grammatiske funktion. Dette er mest tydeligt i substantiver, pronomen og adjektiver. Serbisk har syv tilf\u00e6lde:<\/p>\n\n\n\n<p><strong>1. Nominativ &#8211; angiver subjektet i en s\u00e6tning<\/strong><\/p>\n\n\n\n<p><strong>2. Genitiv &#8211; viser besiddelse, genstand for negation eller partitiv betydning<\/strong><\/p>\n\n\n\n<p><strong>3. Dativ &#8211; markerer det indirekte objekt<\/strong><\/p>\n\n\n\n<p><strong>4. Akkusativ &#8211; betegner det direkte objekt<\/strong><\/p>\n\n\n\n<p><strong>5. Vokativ &#8211; bruges til at tiltale eller kalde nogen<\/strong><\/p>\n\n\n\n<p><strong>6. Instrumental &#8211; udtrykker midlerne eller metoden til en handling<\/strong><\/p>\n\n\n\n<p><strong>7. Lokativ &#8211; angiver placering eller objekt for visse pr\u00e6positioner<\/strong><\/p>\n\n\n\n<p>Serbiske navneord har tre k\u00f8n (maskulin, feminin og neutral) og to tal (ental og flertal). De specifikke endelser for hvert k\u00f8n og tal varierer alt efter tilf\u00e6ldet, s\u00e5 det er vigtigt at huske disse endelser for at konstruere grammatisk korrekte s\u00e6tninger.<\/p>\n\n\n\n<h3 class=\"wp-block-heading\" id=\"h-get-moving-with-verbs-tenses-aspects-and-moods\">Kom i bev\u00e6gelse med verber: tider, aspekter og stemninger<\/h3>\n\n\n\n<p>Serbiske verber udviser fascinerende kompleksiteter med deres tider (fortid, nutid og fremtid), aspekter (perfektive og ufuldkomne) og stemninger (vejledende, imperativ og betinget). Aspekt spiller en v\u00e6sentlig rolle i serbiske verber, da det formidler, om en handling ses som afsluttet (perfektiv) eller l\u00f8bende (ufuldkommen). Mange verb kommer parvis, der angiver de forskellige aspekter, ofte ved brug af specifikke pr\u00e6fikser eller suffikser.<\/p>\n\n\n\n<h3 class=\"wp-block-heading\" id=\"h-adjectives-adverbs-and-all-that-jazz\">Adjektiver, adverb og al den jazz<\/h3>\n\n\n\n<p>Serbiske adjektiver er enige med de navneord, de \u00e6ndrer med hensyn til k\u00f8n, antal og kasus. De har ogs\u00e5 komparative og superlative former for at udtrykke varierende grader af kvaliteter. Desuden er adverb ofte afledt af adjektiver og formidler forskellige betydninger s\u00e5som tid, m\u00e5de, sted og grad.<\/p>\n\n\n\n<p>Det serbiske sprog kan ogs\u00e5 prale af en r\u00e6kke sammenh\u00e6nge, pr\u00e6positioner, tal og partikler, der bidrager til sprogets sk\u00f8nhed og hj\u00e6lper med at skabe komplekse, meningsfulde s\u00e6tninger.<\/p>\n\n\n\n<h3 class=\"wp-block-heading\" id=\"h-embracing-the-world-of-serbian-grammar\">Omfavnelse af den serbiske grammatiks verden<\/h3>\n\n\n\n<p>Serbisk grammatik kan virke overv\u00e6ldende ved f\u00f8rste \u00f8jekast. Men n\u00e5r du dykker dybere ned i det rige landskab af cases, aspekter og sproglige s\u00e6rheder, vil du opdage et levende og udtryksfuldt sprog. At l\u00e6re serbisk vil ikke kun sk\u00e6rpe din forst\u00e5else af den slaviske sprogfamilie, men ogs\u00e5 hj\u00e6lpe dig med at forbinde med en f\u00e6ngslende historie og kultur.<\/p>\n\n\n\n<p>S\u00e5 hvorfor ikke tage udfordringen op med at udforske serbisk grammatik yderligere? Med vedholdenhed og lidenskab kan du en dag finde dig selv at slentre gennem Beograds gader og engagere dig i livlige samtaler med lokalbefolkningen p\u00e5 deres modersm\u00e5l. God forn\u00f8jelse med at l\u00e6re!<\/p>\n<\/div><\/div>\n\r\n<section class=\"learnNavigationSection\">\r\n            \r\n        <a href=\"https:\/\/talkpal.ai\/da\/laer-serbisk\/\">\r\n            <div class=\"learnNavigationWrapper\">\r\n                <div class=\"learnNavigationContent\">\r\n                    <img decoding=\"async\" src=\"https:\/\/talkpal.ai\/wp-content\/uploads\/2024\/08\/Serbian.jpg\" alt=\"Serbian Flag\">\r\n                    <div>\r\n                        <h4>Om Serbia Learning<\/h4>\r\n                        <p>Find ud af alt om Serbiens grammatik.<\/p>\r\n                    <\/div>\r\n                <\/div>\r\n            <\/div>\r\n        <\/a>\r\n\r\n        \r\n        <a href=\"https:\/\/talkpal.ai\/da\/serbiske-grammatikoevelser\/\">\r\n            <div class=\"learnNavigationWrapper\">\r\n                <div class=\"learnNavigationContent\">\r\n                    <img decoding=\"async\" src=\"https:\/\/talkpal.ai\/wp-content\/uploads\/2024\/08\/Serbian.jpg\" alt=\"Serbian Flag\">\r\n                    <div>\r\n                        <h4>\u00d8velse i serbisk grammatik<\/h4>\r\n                        <p>\u00d8v serbisk grammatik.<\/p>\r\n                    <\/div>\r\n                <\/div>\r\n            <\/div>\r\n        <\/a>\r\n\r\n        \r\n        <a href=\"https:\/\/talkpal.ai\/vocabulary_language\/serbian\/\">\r\n            <div class=\"learnNavigationWrapper\">\r\n                <div class=\"learnNavigationContent\">\r\n                    <img decoding=\"async\" src=\"https:\/\/talkpal.ai\/wp-content\/uploads\/2024\/08\/Serbian.jpg\" alt=\"Serbian Flag\">\r\n                    <div>\r\n                        <h4>Serbisk ordforr\u00e5d<\/h4>\r\n                        <p>Udvid dit serbiske ordforr\u00e5d.<\/p>\r\n                    <\/div>\r\n                <\/div>\r\n            <\/div>\r\n        <\/a>\r\n\r\n            <\/section>","protected":false},"excerpt":{"rendered":"<p>Serbisk grammatik: Unraveling the Intricacies of the South Slavic Language Kalder alle sprogentusiaster og Balkan aficionados! Har du nogensinde overvejet at dykke ned i den serbiske grammatikverden? Serbisk, et sydslavisk sprog, er det officielle sprog i Serbien og et af de officielle sprog i Bosnien-Hercegovina. Med omkring 9 millioner indf\u00f8dte talere deler dette sp\u00e6ndende sprog [&hellip;]<\/p>\n","protected":false},"author":1,"featured_media":118058,"parent":0,"menu_order":0,"comment_status":"closed","ping_status":"closed","template":"LearningContentPage.php","meta":{"_acf_changed":false,"footnotes":""},"class_list":["post-149706","page","type-page","status-publish","has-post-thumbnail","hentry"],"acf":[],"yoast_head":"<!-- This site is optimized with the Yoast SEO Premium plugin v27.2 (Yoast SEO v27.2) - https:\/\/yoast.com\/product\/yoast-seo-premium-wordpress\/ -->\n<title>Serbisk grammatik - Talkpal<\/title>\n<meta name=\"description\" content=\"Udforsk den serbiske grammatiks forviklinger, og opdag de unikke tr\u00e6k, der adskiller det fra andre balkansprog.\" \/>\n<meta name=\"robots\" content=\"index, follow, max-snippet:-1, max-image-preview:large, max-video-preview:-1\" \/>\n<link rel=\"canonical\" href=\"https:\/\/talkpal.ai\/da\/serbisk-grammatik\/\" \/>\n<meta property=\"og:locale\" content=\"da_DK\" \/>\n<meta property=\"og:type\" content=\"article\" \/>\n<meta property=\"og:title\" content=\"Serbisk grammatik\" \/>\n<meta property=\"og:description\" content=\"Serbisk grammatik: Unraveling the Intricacies of the South Slavic Language Kalder alle sprogentusiaster og Balkan aficionados! Har du nogensinde overvejet\" \/>\n<meta property=\"og:url\" content=\"https:\/\/talkpal.ai\/da\/serbisk-grammatik\/\" \/>\n<meta property=\"og:site_name\" content=\"Talkpal\" \/>\n<meta property=\"article:publisher\" content=\"https:\/\/www.facebook.com\/profile.php?id=100090733639311\" \/>\n<meta property=\"article:modified_time\" content=\"2025-12-17T15:37:37+00:00\" \/>\n<meta property=\"og:image\" content=\"https:\/\/talkpal.ai\/wp-content\/uploads\/2023\/05\/serbia.png\" \/>\n\t<meta property=\"og:image:width\" content=\"512\" \/>\n\t<meta property=\"og:image:height\" content=\"512\" \/>\n\t<meta property=\"og:image:type\" content=\"image\/png\" \/>\n<meta name=\"twitter:card\" content=\"summary_large_image\" \/>\n<meta name=\"twitter:site\" content=\"@talkpalai\" \/>\n<meta name=\"twitter:label1\" content=\"Estimeret l\u00e6setid\" \/>\n\t<meta name=\"twitter:data1\" content=\"3 minutter\" \/>\n<script type=\"application\/ld+json\" class=\"yoast-schema-graph\">{\"@context\":\"https:\/\/schema.org\",\"@graph\":[{\"@type\":\"WebPage\",\"@id\":\"https:\/\/talkpal.ai\/da\/serbisk-grammatik\/\",\"url\":\"https:\/\/talkpal.ai\/da\/serbisk-grammatik\/\",\"name\":\"Serbisk grammatik - Talkpal\",\"isPartOf\":{\"@id\":\"https:\/\/talkpal.ai\/da\/#website\"},\"primaryImageOfPage\":{\"@id\":\"https:\/\/talkpal.ai\/da\/serbisk-grammatik\/#primaryimage\"},\"image\":{\"@id\":\"https:\/\/talkpal.ai\/da\/serbisk-grammatik\/#primaryimage\"},\"thumbnailUrl\":\"https:\/\/talkpal.ai\/wp-content\/uploads\/2023\/05\/serbia.png\",\"datePublished\":\"2023-05-14T14:19:26+00:00\",\"dateModified\":\"2025-12-17T15:37:37+00:00\",\"description\":\"Udforsk den serbiske grammatiks forviklinger, og opdag de unikke tr\u00e6k, der adskiller det fra andre balkansprog.\",\"breadcrumb\":{\"@id\":\"https:\/\/talkpal.ai\/da\/serbisk-grammatik\/#breadcrumb\"},\"inLanguage\":\"da-DK\",\"potentialAction\":[{\"@type\":\"ReadAction\",\"target\":[\"https:\/\/talkpal.ai\/da\/serbisk-grammatik\/\"]}]},{\"@type\":\"ImageObject\",\"inLanguage\":\"da-DK\",\"@id\":\"https:\/\/talkpal.ai\/da\/serbisk-grammatik\/#primaryimage\",\"url\":\"https:\/\/talkpal.ai\/wp-content\/uploads\/2023\/05\/serbia.png\",\"contentUrl\":\"https:\/\/talkpal.ai\/wp-content\/uploads\/2023\/05\/serbia.png\",\"width\":512,\"height\":512},{\"@type\":\"BreadcrumbList\",\"@id\":\"https:\/\/talkpal.ai\/da\/serbisk-grammatik\/#breadcrumb\",\"itemListElement\":[{\"@type\":\"ListItem\",\"position\":1,\"name\":\"Homepage\",\"item\":\"https:\/\/talkpal.ai\/da\/\"},{\"@type\":\"ListItem\",\"position\":2,\"name\":\"Serbisk grammatik\"}]},{\"@type\":\"WebSite\",\"@id\":\"https:\/\/talkpal.ai\/da\/#website\",\"url\":\"https:\/\/talkpal.ai\/da\/\",\"name\":\"Talkpal\",\"description\":\"AI Language Learning\",\"publisher\":{\"@id\":\"https:\/\/talkpal.ai\/da\/#organization\"},\"alternateName\":\"Talkpal AI\",\"potentialAction\":[{\"@type\":\"SearchAction\",\"target\":{\"@type\":\"EntryPoint\",\"urlTemplate\":\"https:\/\/talkpal.ai\/da\/?s={search_term_string}\"},\"query-input\":{\"@type\":\"PropertyValueSpecification\",\"valueRequired\":true,\"valueName\":\"search_term_string\"}}],\"inLanguage\":\"da-DK\"},{\"@type\":\"Organization\",\"@id\":\"https:\/\/talkpal.ai\/da\/#organization\",\"name\":\"Talkpal, Inc.\",\"alternateName\":\"Talkpal AI\",\"url\":\"https:\/\/talkpal.ai\/da\/\",\"logo\":{\"@type\":\"ImageObject\",\"inLanguage\":\"da-DK\",\"@id\":\"https:\/\/talkpal.ai\/da\/#\/schema\/logo\/image\/\",\"url\":\"https:\/\/talkpal.ai\/wp-content\/uploads\/2024\/03\/Talkpal-Logo-Icon.png\",\"contentUrl\":\"https:\/\/talkpal.ai\/wp-content\/uploads\/2024\/03\/Talkpal-Logo-Icon.png\",\"width\":2880,\"height\":2880,\"caption\":\"Talkpal, Inc.\"},\"image\":{\"@id\":\"https:\/\/talkpal.ai\/da\/#\/schema\/logo\/image\/\"},\"sameAs\":[\"https:\/\/www.facebook.com\/profile.php?id=100090733639311\",\"https:\/\/x.com\/talkpalai\",\"https:\/\/www.linkedin.com\/company\/talkpal\/\",\"https:\/\/www.youtube.com\/@TalkPal\/\",\"https:\/\/www.tiktok.com\/@talkpal\",\"https:\/\/www.instagram.com\/talkpal_ai\/\",\"https:\/\/www.crunchbase.com\/organization\/talkpal-9cde\",\"https:\/\/www.g2.com\/products\/talkpal-for-business\/\",\"https:\/\/www.trustpilot.com\/review\/talkpal.ai\",\"https:\/\/www.capterra.com\/p\/10006800\/TalkPal\/\"],\"description\":\"Talkpal is a language learning web and mobile education app, powered by the latest AI technologies, that provides engaging experiences to its customers in many different languages to help them improve their language skills. Users can chat about unlimited amount of topics with the app and use other modes to practice their language learning.\",\"email\":\"support@talkpal.ai\",\"legalName\":\"Talkpal, Inc.\",\"foundingDate\":\"2023-04-03\",\"duns\":\"118989042\",\"numberOfEmployees\":{\"@type\":\"QuantitativeValue\",\"minValue\":\"11\",\"maxValue\":\"50\"},\"publishingPrinciples\":\"https:\/\/talkpal.ai\/publishing-principles\/\",\"actionableFeedbackPolicy\":\"https:\/\/talkpal.ai\/actionable-feedback-policy\/\",\"correctionsPolicy\":\"https:\/\/talkpal.ai\/corrections-policy\/\",\"ethicsPolicy\":\"https:\/\/talkpal.ai\/ethics-policy\/\",\"diversityPolicy\":\"https:\/\/talkpal.ai\/diversity-policy\/\",\"diversityStaffingReport\":\"https:\/\/talkpal.ai\/diversity-policy\/\"}]}<\/script>\n<!-- \/ Yoast SEO Premium plugin. -->","yoast_head_json":{"title":"Serbisk grammatik - Talkpal","description":"Udforsk den serbiske grammatiks forviklinger, og opdag de unikke tr\u00e6k, der adskiller det fra andre balkansprog.","robots":{"index":"index","follow":"follow","max-snippet":"max-snippet:-1","max-image-preview":"max-image-preview:large","max-video-preview":"max-video-preview:-1"},"canonical":"https:\/\/talkpal.ai\/da\/serbisk-grammatik\/","og_locale":"da_DK","og_type":"article","og_title":"Serbisk grammatik","og_description":"Serbisk grammatik: Unraveling the Intricacies of the South Slavic Language Kalder alle sprogentusiaster og Balkan aficionados! Har du nogensinde overvejet","og_url":"https:\/\/talkpal.ai\/da\/serbisk-grammatik\/","og_site_name":"Talkpal","article_publisher":"https:\/\/www.facebook.com\/profile.php?id=100090733639311","article_modified_time":"2025-12-17T15:37:37+00:00","og_image":[{"width":512,"height":512,"url":"https:\/\/talkpal.ai\/wp-content\/uploads\/2023\/05\/serbia.png","type":"image\/png"}],"twitter_card":"summary_large_image","twitter_site":"@talkpalai","twitter_misc":{"Estimeret l\u00e6setid":"3 minutter"},"schema":{"@context":"https:\/\/schema.org","@graph":[{"@type":"WebPage","@id":"https:\/\/talkpal.ai\/da\/serbisk-grammatik\/","url":"https:\/\/talkpal.ai\/da\/serbisk-grammatik\/","name":"Serbisk grammatik - Talkpal","isPartOf":{"@id":"https:\/\/talkpal.ai\/da\/#website"},"primaryImageOfPage":{"@id":"https:\/\/talkpal.ai\/da\/serbisk-grammatik\/#primaryimage"},"image":{"@id":"https:\/\/talkpal.ai\/da\/serbisk-grammatik\/#primaryimage"},"thumbnailUrl":"https:\/\/talkpal.ai\/wp-content\/uploads\/2023\/05\/serbia.png","datePublished":"2023-05-14T14:19:26+00:00","dateModified":"2025-12-17T15:37:37+00:00","description":"Udforsk den serbiske grammatiks forviklinger, og opdag de unikke tr\u00e6k, der adskiller det fra andre balkansprog.","breadcrumb":{"@id":"https:\/\/talkpal.ai\/da\/serbisk-grammatik\/#breadcrumb"},"inLanguage":"da-DK","potentialAction":[{"@type":"ReadAction","target":["https:\/\/talkpal.ai\/da\/serbisk-grammatik\/"]}]},{"@type":"ImageObject","inLanguage":"da-DK","@id":"https:\/\/talkpal.ai\/da\/serbisk-grammatik\/#primaryimage","url":"https:\/\/talkpal.ai\/wp-content\/uploads\/2023\/05\/serbia.png","contentUrl":"https:\/\/talkpal.ai\/wp-content\/uploads\/2023\/05\/serbia.png","width":512,"height":512},{"@type":"BreadcrumbList","@id":"https:\/\/talkpal.ai\/da\/serbisk-grammatik\/#breadcrumb","itemListElement":[{"@type":"ListItem","position":1,"name":"Homepage","item":"https:\/\/talkpal.ai\/da\/"},{"@type":"ListItem","position":2,"name":"Serbisk grammatik"}]},{"@type":"WebSite","@id":"https:\/\/talkpal.ai\/da\/#website","url":"https:\/\/talkpal.ai\/da\/","name":"Talkpal","description":"AI Language Learning","publisher":{"@id":"https:\/\/talkpal.ai\/da\/#organization"},"alternateName":"Talkpal AI","potentialAction":[{"@type":"SearchAction","target":{"@type":"EntryPoint","urlTemplate":"https:\/\/talkpal.ai\/da\/?s={search_term_string}"},"query-input":{"@type":"PropertyValueSpecification","valueRequired":true,"valueName":"search_term_string"}}],"inLanguage":"da-DK"},{"@type":"Organization","@id":"https:\/\/talkpal.ai\/da\/#organization","name":"Talkpal, Inc.","alternateName":"Talkpal AI","url":"https:\/\/talkpal.ai\/da\/","logo":{"@type":"ImageObject","inLanguage":"da-DK","@id":"https:\/\/talkpal.ai\/da\/#\/schema\/logo\/image\/","url":"https:\/\/talkpal.ai\/wp-content\/uploads\/2024\/03\/Talkpal-Logo-Icon.png","contentUrl":"https:\/\/talkpal.ai\/wp-content\/uploads\/2024\/03\/Talkpal-Logo-Icon.png","width":2880,"height":2880,"caption":"Talkpal, Inc."},"image":{"@id":"https:\/\/talkpal.ai\/da\/#\/schema\/logo\/image\/"},"sameAs":["https:\/\/www.facebook.com\/profile.php?id=100090733639311","https:\/\/x.com\/talkpalai","https:\/\/www.linkedin.com\/company\/talkpal\/","https:\/\/www.youtube.com\/@TalkPal\/","https:\/\/www.tiktok.com\/@talkpal","https:\/\/www.instagram.com\/talkpal_ai\/","https:\/\/www.crunchbase.com\/organization\/talkpal-9cde","https:\/\/www.g2.com\/products\/talkpal-for-business\/","https:\/\/www.trustpilot.com\/review\/talkpal.ai","https:\/\/www.capterra.com\/p\/10006800\/TalkPal\/"],"description":"Talkpal is a language learning web and mobile education app, powered by the latest AI technologies, that provides engaging experiences to its customers in many different languages to help them improve their language skills. Users can chat about unlimited amount of topics with the app and use other modes to practice their language learning.","email":"support@talkpal.ai","legalName":"Talkpal, Inc.","foundingDate":"2023-04-03","duns":"118989042","numberOfEmployees":{"@type":"QuantitativeValue","minValue":"11","maxValue":"50"},"publishingPrinciples":"https:\/\/talkpal.ai\/publishing-principles\/","actionableFeedbackPolicy":"https:\/\/talkpal.ai\/actionable-feedback-policy\/","correctionsPolicy":"https:\/\/talkpal.ai\/corrections-policy\/","ethicsPolicy":"https:\/\/talkpal.ai\/ethics-policy\/","diversityPolicy":"https:\/\/talkpal.ai\/diversity-policy\/","diversityStaffingReport":"https:\/\/talkpal.ai\/diversity-policy\/"}]}},"_links":{"self":[{"href":"https:\/\/talkpal.ai\/da\/wp-json\/wp\/v2\/pages\/149706","targetHints":{"allow":["GET"]}}],"collection":[{"href":"https:\/\/talkpal.ai\/da\/wp-json\/wp\/v2\/pages"}],"about":[{"href":"https:\/\/talkpal.ai\/da\/wp-json\/wp\/v2\/types\/page"}],"author":[{"embeddable":true,"href":"https:\/\/talkpal.ai\/da\/wp-json\/wp\/v2\/users\/1"}],"replies":[{"embeddable":true,"href":"https:\/\/talkpal.ai\/da\/wp-json\/wp\/v2\/comments?post=149706"}],"version-history":[{"count":0,"href":"https:\/\/talkpal.ai\/da\/wp-json\/wp\/v2\/pages\/149706\/revisions"}],"wp:featuredmedia":[{"embeddable":true,"href":"https:\/\/talkpal.ai\/da\/wp-json\/wp\/v2\/media\/118058"}],"wp:attachment":[{"href":"https:\/\/talkpal.ai\/da\/wp-json\/wp\/v2\/media?parent=149706"}],"curies":[{"name":"wp","href":"https:\/\/api.w.org\/{rel}","templated":true}]}}