{"id":149490,"date":"2023-05-14T14:19:07","date_gmt":"2023-05-14T14:19:07","guid":{"rendered":"http:\/\/talkpal.ai\/rumaensk-grammatik\/"},"modified":"2025-12-17T15:35:23","modified_gmt":"2025-12-17T15:35:23","slug":"rumaensk-grammatik","status":"publish","type":"page","link":"https:\/\/talkpal.ai\/da\/rumaensk-grammatik\/","title":{"rendered":"Rum\u00e6nsk grammatik"},"content":{"rendered":"\r\n\r\n\r\n<section class=\"languageChallengeSection\">\r\n    <div class=\"languageInfoWrapper\">\r\n        \r\n        <h1>Rum\u00e6nsk grammatik<\/h1>\r\n        <p>Oplev det rum\u00e6nske sprogs sk\u00f8nhed ved at l\u00e6re de vigtigste grammatiske regler. At beherske <a href=\"https:\/\/talkpal.ai\/da\/laer-rumaensk\/\">rum\u00e6nsk grammatik<\/a> vil hj\u00e6lpe dig med at kommunikere sikkert og komme i kontakt med Rum\u00e6niens rige kultur og historie. Begynd at studere <a href=\"https:\/\/talkpal.ai\/learn-romanian\/\">rum\u00e6nsk<\/a> <a href=\"https:\/\/talkpal.ai\/fr\/les\/\">grammatik<\/a> i dag, og tag dit f\u00f8rste skridt mod flydende <a href=\"https:\/\/talkpal.ai\/what-language-is-spoken-on-the-international-space-station\/\">sprog<\/a>!<\/p>\r\n\r\n                            <a class=\"getStartedHidden\" href=\"https:\/\/app.talkpal.ai\/da\/signup?lng=\">Kom i gang<\/a>\r\n        \r\n    <\/div>\r\n\r\n    <figure>\r\n    <img decoding=\"async\" width=\"768\" height=\"768\" src=\"https:\/\/talkpal.ai\/wp-content\/uploads\/2023\/06\/romanian-768x768.png\" class=\"languageImage no-lazy\" alt=\"Language learning for intellectual challenge\" fetchpriority=\"high\" sizes=\"(max-width: 768px) 150px, 768px\" srcset=\"https:\/\/talkpal.ai\/wp-content\/uploads\/2023\/06\/romanian-768x768.png 768w, https:\/\/talkpal.ai\/wp-content\/uploads\/2023\/06\/romanian-300x300.png 300w\" \/>\r\n    \r\n\r\n    <\/figure>\r\n\r\n            <a class=\"getStartedVisible\" href=\"https:\/\/app.talkpal.ai\/da\/signup?lng=\">Kom i gang<\/a>\r\n    \r\n<\/section>\r\n<section class=\"promotionalBanner\">\r\n    <p class=\"promotionalText\">Den mest effektive m\u00e5de at l\u00e6re et sprog p\u00e5<\/p>\r\n    <a class=\"promotionalLink\" href=\"https:\/\/app.talkpal.ai\/da\/signup?lng=\">Pr\u00f8v Talkpal gratis<\/a>\r\n<\/section>\n<div class=\"wp-block-group pageContainerStyle\"><div class=\"wp-block-group__inner-container is-layout-constrained wp-block-group-is-layout-constrained\">\n<h2 class=\"wp-block-heading\" id=\"h-unraveling-the-mysteries-of-romanian-grammar\">Opklaring af mysterierne i rum\u00e6nsk grammatik<\/h2>\n\n\n\n<p><a href=\"https:\/\/talkpal.ai\/learn-romanian\/\">Rum\u00e6nsk<\/a>, det eneste romanske sprog, der tales i \u00d8steuropa, tilbyder en unik og interessant sproglig rejse. P\u00e5 tv\u00e6rs af kulturarven i b\u00e5de latinske og slaviske verdener har rum\u00e6nsk en fascinerende historie og et sp\u00e6ndende grammatiksystem at udforske. S\u00e5 uanset om du er polyglot-entusiast eller bare p\u00e5 udkig efter et nyt sprogeventyr, s\u00e5 sp\u00e6nd sikkerhedsselen og g\u00f8r dig klar til at udforske den rum\u00e6nske grammatiks sk\u00f8nhed!<\/p>\n\n\n\n<h3 class=\"wp-block-heading\" id=\"h-1-the-alphabet-a-familiar-friend-with-a-twist\">1. Alfabetet: En velkendt ven med et twist<\/h3>\n\n\n\n<p>Det rum\u00e6nske alfabet er baseret p\u00e5 det latinske skrift, der best\u00e5r af 31 bogstaver. Heldigvis for <a href=\"https:\/\/talkpal.ai\/english-speaking-course\/\">engelsktalende<\/a> er det meget lig det engelske alfabet, med kun et par ekstra tegn til at repr\u00e6sentere specifikke rum\u00e6nske lyde. Med lidt \u00f8velse vil det v\u00e6re en leg at <a href=\"https:\/\/talkpal.ai\/locations\/language-courses-in-mestre\/\">mestre<\/a> det grundl\u00e6ggende (som at stave dit navn eller l\u00e6se gadeskilte) !<\/p>\n\n\n\n<h3 class=\"wp-block-heading\" id=\"h-2-nouns-meet-cases-the-dynamic-duo\">2. Substantiver m\u00f8der sager: Den dynamiske duo<\/h3>\n\n\n\n<p>Rum\u00e6nske navneord falder i tre k\u00f8n (maskulin, feminin og neutral), og de \u00e6ndrer form afh\u00e6ngigt af det grammatiske tilf\u00e6lde (nominativ , genitiv, dativ, akkusativ eller vokativ). Selvom dette kan virke skr\u00e6mmende i starten, giver dette system rum\u00e6nsk en rigdom, der giver mulighed for nuancer og kreativitet i at komponere s\u00e6tninger, hvilket g\u00f8r din sproglige rejse endnu mere givende.<\/p>\n\n\n\n<h3 class=\"wp-block-heading\" id=\"h-3-verbs-conjugating-your-way-to-success\">3. Verb: B\u00f8jning af din vej til succes<\/h3>\n\n\n\n<p>Rum\u00e6nsk verbb\u00f8jning, selvom det er lidt mere ligetil end substantivforkortelse, er stadig en mangesidet proces. Verber skifter form afh\u00e6ngigt af tid, stemning, stemme og subjektets person og tal. Som et finjusteret instrument kan rum\u00e6nske verber formidle en bred vifte af handlinger, f\u00f8lelser og intentioner, hvilket giver mulighed for b\u00e5de pr\u00e6cist og poetisk udtryk.<\/p>\n\n\n\n<h3 class=\"wp-block-heading\" id=\"h-4-flexible-word-order-shuffle-the-sentences\">4. Fleksibel ordr\u00e6kkef\u00f8lge: Bland s\u00e6tningerne<\/h3>\n\n\n\n<p>Rum\u00e6nsk er ret fleksibelt, n\u00e5r det kommer til ordr\u00e6kkef\u00f8lge, s\u00e5 du kan arrangere emner, verb og objekter p\u00e5 forskellige m\u00e5der uden at g\u00e5 p\u00e5 kompromis med betydningen. Denne fleksibilitet kan tilf\u00f8je v\u00e6gt, skabe kontraster eller blot g\u00f8re tale mere engagerende. Efterh\u00e5nden som du bliver bedre til rum\u00e6nsk, vil du f\u00e5 det sjovt med at eksperimentere med forskellige m\u00e5der at sige det samme p\u00e5 og finde den perfekte tone til enhver situation.<\/p>\n\n\n\n<h3 class=\"wp-block-heading\" id=\"h-5-wading-deeper-language-through-culture\">5. Vade dybere: sprog gennem kultur<\/h3>\n\n\n\n<p>For virkelig at v\u00e6rds\u00e6tte rum\u00e6nsk skal du dykke dybere ned i kulturen, historien og tankegangen, der formede sproget. Engagere sig med indf\u00f8dte, udforske rum\u00e6nsk litteratur og fordybe dig i lokale skikke og traditioner. P\u00e5 den m\u00e5de vil du ikke kun forbedre dine sprogkundskaber, men ogs\u00e5 opdage den rum\u00e6nske kulturs mangefacetterede sk\u00f8nhed.<\/p>\n\n\n\n<h3 class=\"wp-block-heading\" id=\"h-in-conclusion-embrace-the-magic-of-romanian-grammar\">Afslutningsvis: omfavn magien i rum\u00e6nsk grammatik<\/h3>\n\n\n\n<p>Rum\u00e6nsk grammatik kan i f\u00f8rste omgang virke som en g\u00e5de, men med tid, t\u00e5lmodighed og en stor interesse for sproget vil du kunne aflure hemmelighederne bag denne bem\u00e6rkelsesv\u00e6rdige sprogskat. S\u00e5 hvorfor vente? Start din rum\u00e6nske sprogrejse i dag, og nyd sk\u00f8nheden i dens grammatik, dens kultur og den f\u00e6ngslende verden, den \u00e5bner for dig.<\/p>\n<\/div><\/div>\n\r\n<section class=\"learnNavigationSection\">\r\n            \r\n        <a href=\"https:\/\/talkpal.ai\/da\/laer-rumaensk\/\">\r\n            <div class=\"learnNavigationWrapper\">\r\n                <div class=\"learnNavigationContent\">\r\n                    <img decoding=\"async\" src=\"https:\/\/talkpal.ai\/wp-content\/uploads\/2024\/08\/Romanian.jpg\" alt=\"Romanian Flag\">\r\n                    <div>\r\n                        <h4>Om at l\u00e6re rum\u00e6nsk<\/h4>\r\n                        <p>Find ud af alt om rum\u00e6nsk grammatik.<\/p>\r\n                    <\/div>\r\n                <\/div>\r\n            <\/div>\r\n        <\/a>\r\n\r\n        \r\n        <a href=\"https:\/\/talkpal.ai\/da\/rumaenske-grammatikoevelser\/\">\r\n            <div class=\"learnNavigationWrapper\">\r\n                <div class=\"learnNavigationContent\">\r\n                    <img decoding=\"async\" src=\"https:\/\/talkpal.ai\/wp-content\/uploads\/2024\/08\/Romanian.jpg\" alt=\"Romanian Flag\">\r\n                    <div>\r\n                        <h4>\u00d8velse i rum\u00e6nsk grammatik<\/h4>\r\n                        <p>\u00d8v rum\u00e6nsk grammatik.<\/p>\r\n                    <\/div>\r\n                <\/div>\r\n            <\/div>\r\n        <\/a>\r\n\r\n        \r\n        <a href=\"https:\/\/talkpal.ai\/vocabulary_language\/romanian\/\">\r\n            <div class=\"learnNavigationWrapper\">\r\n                <div class=\"learnNavigationContent\">\r\n                    <img decoding=\"async\" src=\"https:\/\/talkpal.ai\/wp-content\/uploads\/2024\/08\/Romanian.jpg\" alt=\"Romanian Flag\">\r\n                    <div>\r\n                        <h4>Rum\u00e6nsk ordforr\u00e5d<\/h4>\r\n                        <p>Udvid dit rum\u00e6nske ordforr\u00e5d.<\/p>\r\n                    <\/div>\r\n                <\/div>\r\n            <\/div>\r\n        <\/a>\r\n\r\n            <\/section>","protected":false},"excerpt":{"rendered":"<p>Opklaring af mysterierne i rum\u00e6nsk grammatik Rum\u00e6nsk, det eneste romanske sprog, der tales i \u00d8steuropa, tilbyder en unik og interessant sproglig rejse. P\u00e5 tv\u00e6rs af kulturarven i b\u00e5de latinske og slaviske verdener har rum\u00e6nsk en fascinerende historie og et sp\u00e6ndende grammatiksystem at udforske. S\u00e5 uanset om du er polyglot-entusiast eller bare p\u00e5 udkig efter et [&hellip;]<\/p>\n","protected":false},"author":1,"featured_media":117741,"parent":0,"menu_order":0,"comment_status":"closed","ping_status":"closed","template":"LearningContentPage.php","meta":{"_acf_changed":false,"footnotes":""},"class_list":["post-149490","page","type-page","status-publish","has-post-thumbnail","hentry"],"acf":[],"yoast_head":"<!-- This site is optimized with the Yoast SEO Premium plugin v27.2 (Yoast SEO v27.2) - https:\/\/yoast.com\/product\/yoast-seo-premium-wordpress\/ -->\n<title>Rum\u00e6nsk grammatik - Talkpal<\/title>\n<meta name=\"description\" content=\"Udforsk den rum\u00e6nske grammatiks fascinerende verden, og opdag de unikke tr\u00e6k ved dette smukke romanske sprog.\" \/>\n<meta name=\"robots\" content=\"index, follow, max-snippet:-1, max-image-preview:large, max-video-preview:-1\" \/>\n<link rel=\"canonical\" href=\"https:\/\/talkpal.ai\/da\/rumaensk-grammatik\/\" \/>\n<meta property=\"og:locale\" content=\"da_DK\" \/>\n<meta property=\"og:type\" content=\"article\" \/>\n<meta property=\"og:title\" content=\"Rum\u00e6nsk grammatik\" \/>\n<meta property=\"og:description\" content=\"Opklaring af mysterierne i rum\u00e6nsk grammatik Rum\u00e6nsk, det eneste romanske sprog, der tales i \u00d8steuropa, tilbyder en unik og interessant sproglig rejse. P\u00e5\" \/>\n<meta property=\"og:url\" content=\"https:\/\/talkpal.ai\/da\/rumaensk-grammatik\/\" \/>\n<meta property=\"og:site_name\" content=\"Talkpal\" \/>\n<meta property=\"article:publisher\" content=\"https:\/\/www.facebook.com\/profile.php?id=100090733639311\" \/>\n<meta property=\"article:modified_time\" content=\"2025-12-17T15:35:23+00:00\" \/>\n<meta property=\"og:image\" content=\"https:\/\/talkpal.ai\/wp-content\/uploads\/2023\/05\/romania.png\" \/>\n\t<meta property=\"og:image:width\" content=\"512\" \/>\n\t<meta property=\"og:image:height\" content=\"512\" \/>\n\t<meta property=\"og:image:type\" content=\"image\/png\" \/>\n<meta name=\"twitter:card\" content=\"summary_large_image\" \/>\n<meta name=\"twitter:site\" content=\"@talkpalai\" \/>\n<meta name=\"twitter:label1\" content=\"Estimeret l\u00e6setid\" \/>\n\t<meta name=\"twitter:data1\" content=\"3 minutter\" \/>\n<script type=\"application\/ld+json\" class=\"yoast-schema-graph\">{\"@context\":\"https:\/\/schema.org\",\"@graph\":[{\"@type\":\"WebPage\",\"@id\":\"https:\/\/talkpal.ai\/da\/rumaensk-grammatik\/\",\"url\":\"https:\/\/talkpal.ai\/da\/rumaensk-grammatik\/\",\"name\":\"Rum\u00e6nsk grammatik - Talkpal\",\"isPartOf\":{\"@id\":\"https:\/\/talkpal.ai\/da\/#website\"},\"primaryImageOfPage\":{\"@id\":\"https:\/\/talkpal.ai\/da\/rumaensk-grammatik\/#primaryimage\"},\"image\":{\"@id\":\"https:\/\/talkpal.ai\/da\/rumaensk-grammatik\/#primaryimage\"},\"thumbnailUrl\":\"https:\/\/talkpal.ai\/wp-content\/uploads\/2023\/05\/romania.png\",\"datePublished\":\"2023-05-14T14:19:07+00:00\",\"dateModified\":\"2025-12-17T15:35:23+00:00\",\"description\":\"Udforsk den rum\u00e6nske grammatiks fascinerende verden, og opdag de unikke tr\u00e6k ved dette smukke romanske sprog.\",\"breadcrumb\":{\"@id\":\"https:\/\/talkpal.ai\/da\/rumaensk-grammatik\/#breadcrumb\"},\"inLanguage\":\"da-DK\",\"potentialAction\":[{\"@type\":\"ReadAction\",\"target\":[\"https:\/\/talkpal.ai\/da\/rumaensk-grammatik\/\"]}]},{\"@type\":\"ImageObject\",\"inLanguage\":\"da-DK\",\"@id\":\"https:\/\/talkpal.ai\/da\/rumaensk-grammatik\/#primaryimage\",\"url\":\"https:\/\/talkpal.ai\/wp-content\/uploads\/2023\/05\/romania.png\",\"contentUrl\":\"https:\/\/talkpal.ai\/wp-content\/uploads\/2023\/05\/romania.png\",\"width\":512,\"height\":512},{\"@type\":\"BreadcrumbList\",\"@id\":\"https:\/\/talkpal.ai\/da\/rumaensk-grammatik\/#breadcrumb\",\"itemListElement\":[{\"@type\":\"ListItem\",\"position\":1,\"name\":\"Homepage\",\"item\":\"https:\/\/talkpal.ai\/da\/\"},{\"@type\":\"ListItem\",\"position\":2,\"name\":\"Rum\u00e6nsk grammatik\"}]},{\"@type\":\"WebSite\",\"@id\":\"https:\/\/talkpal.ai\/da\/#website\",\"url\":\"https:\/\/talkpal.ai\/da\/\",\"name\":\"Talkpal\",\"description\":\"AI Language Learning\",\"publisher\":{\"@id\":\"https:\/\/talkpal.ai\/da\/#organization\"},\"alternateName\":\"Talkpal AI\",\"potentialAction\":[{\"@type\":\"SearchAction\",\"target\":{\"@type\":\"EntryPoint\",\"urlTemplate\":\"https:\/\/talkpal.ai\/da\/?s={search_term_string}\"},\"query-input\":{\"@type\":\"PropertyValueSpecification\",\"valueRequired\":true,\"valueName\":\"search_term_string\"}}],\"inLanguage\":\"da-DK\"},{\"@type\":\"Organization\",\"@id\":\"https:\/\/talkpal.ai\/da\/#organization\",\"name\":\"Talkpal, Inc.\",\"alternateName\":\"Talkpal AI\",\"url\":\"https:\/\/talkpal.ai\/da\/\",\"logo\":{\"@type\":\"ImageObject\",\"inLanguage\":\"da-DK\",\"@id\":\"https:\/\/talkpal.ai\/da\/#\/schema\/logo\/image\/\",\"url\":\"https:\/\/talkpal.ai\/wp-content\/uploads\/2024\/03\/Talkpal-Logo-Icon.png\",\"contentUrl\":\"https:\/\/talkpal.ai\/wp-content\/uploads\/2024\/03\/Talkpal-Logo-Icon.png\",\"width\":2880,\"height\":2880,\"caption\":\"Talkpal, Inc.\"},\"image\":{\"@id\":\"https:\/\/talkpal.ai\/da\/#\/schema\/logo\/image\/\"},\"sameAs\":[\"https:\/\/www.facebook.com\/profile.php?id=100090733639311\",\"https:\/\/x.com\/talkpalai\",\"https:\/\/www.linkedin.com\/company\/talkpal\/\",\"https:\/\/www.youtube.com\/@TalkPal\/\",\"https:\/\/www.tiktok.com\/@talkpal\",\"https:\/\/www.instagram.com\/talkpal_ai\/\",\"https:\/\/www.crunchbase.com\/organization\/talkpal-9cde\",\"https:\/\/www.g2.com\/products\/talkpal-for-business\/\",\"https:\/\/www.trustpilot.com\/review\/talkpal.ai\",\"https:\/\/www.capterra.com\/p\/10006800\/TalkPal\/\"],\"description\":\"Talkpal is a language learning web and mobile education app, powered by the latest AI technologies, that provides engaging experiences to its customers in many different languages to help them improve their language skills. Users can chat about unlimited amount of topics with the app and use other modes to practice their language learning.\",\"email\":\"support@talkpal.ai\",\"legalName\":\"Talkpal, Inc.\",\"foundingDate\":\"2023-04-03\",\"duns\":\"118989042\",\"numberOfEmployees\":{\"@type\":\"QuantitativeValue\",\"minValue\":\"11\",\"maxValue\":\"50\"},\"publishingPrinciples\":\"https:\/\/talkpal.ai\/publishing-principles\/\",\"actionableFeedbackPolicy\":\"https:\/\/talkpal.ai\/actionable-feedback-policy\/\",\"correctionsPolicy\":\"https:\/\/talkpal.ai\/corrections-policy\/\",\"ethicsPolicy\":\"https:\/\/talkpal.ai\/ethics-policy\/\",\"diversityPolicy\":\"https:\/\/talkpal.ai\/diversity-policy\/\",\"diversityStaffingReport\":\"https:\/\/talkpal.ai\/diversity-policy\/\"}]}<\/script>\n<!-- \/ Yoast SEO Premium plugin. -->","yoast_head_json":{"title":"Rum\u00e6nsk grammatik - Talkpal","description":"Udforsk den rum\u00e6nske grammatiks fascinerende verden, og opdag de unikke tr\u00e6k ved dette smukke romanske sprog.","robots":{"index":"index","follow":"follow","max-snippet":"max-snippet:-1","max-image-preview":"max-image-preview:large","max-video-preview":"max-video-preview:-1"},"canonical":"https:\/\/talkpal.ai\/da\/rumaensk-grammatik\/","og_locale":"da_DK","og_type":"article","og_title":"Rum\u00e6nsk grammatik","og_description":"Opklaring af mysterierne i rum\u00e6nsk grammatik Rum\u00e6nsk, det eneste romanske sprog, der tales i \u00d8steuropa, tilbyder en unik og interessant sproglig rejse. P\u00e5","og_url":"https:\/\/talkpal.ai\/da\/rumaensk-grammatik\/","og_site_name":"Talkpal","article_publisher":"https:\/\/www.facebook.com\/profile.php?id=100090733639311","article_modified_time":"2025-12-17T15:35:23+00:00","og_image":[{"width":512,"height":512,"url":"https:\/\/talkpal.ai\/wp-content\/uploads\/2023\/05\/romania.png","type":"image\/png"}],"twitter_card":"summary_large_image","twitter_site":"@talkpalai","twitter_misc":{"Estimeret l\u00e6setid":"3 minutter"},"schema":{"@context":"https:\/\/schema.org","@graph":[{"@type":"WebPage","@id":"https:\/\/talkpal.ai\/da\/rumaensk-grammatik\/","url":"https:\/\/talkpal.ai\/da\/rumaensk-grammatik\/","name":"Rum\u00e6nsk grammatik - Talkpal","isPartOf":{"@id":"https:\/\/talkpal.ai\/da\/#website"},"primaryImageOfPage":{"@id":"https:\/\/talkpal.ai\/da\/rumaensk-grammatik\/#primaryimage"},"image":{"@id":"https:\/\/talkpal.ai\/da\/rumaensk-grammatik\/#primaryimage"},"thumbnailUrl":"https:\/\/talkpal.ai\/wp-content\/uploads\/2023\/05\/romania.png","datePublished":"2023-05-14T14:19:07+00:00","dateModified":"2025-12-17T15:35:23+00:00","description":"Udforsk den rum\u00e6nske grammatiks fascinerende verden, og opdag de unikke tr\u00e6k ved dette smukke romanske sprog.","breadcrumb":{"@id":"https:\/\/talkpal.ai\/da\/rumaensk-grammatik\/#breadcrumb"},"inLanguage":"da-DK","potentialAction":[{"@type":"ReadAction","target":["https:\/\/talkpal.ai\/da\/rumaensk-grammatik\/"]}]},{"@type":"ImageObject","inLanguage":"da-DK","@id":"https:\/\/talkpal.ai\/da\/rumaensk-grammatik\/#primaryimage","url":"https:\/\/talkpal.ai\/wp-content\/uploads\/2023\/05\/romania.png","contentUrl":"https:\/\/talkpal.ai\/wp-content\/uploads\/2023\/05\/romania.png","width":512,"height":512},{"@type":"BreadcrumbList","@id":"https:\/\/talkpal.ai\/da\/rumaensk-grammatik\/#breadcrumb","itemListElement":[{"@type":"ListItem","position":1,"name":"Homepage","item":"https:\/\/talkpal.ai\/da\/"},{"@type":"ListItem","position":2,"name":"Rum\u00e6nsk grammatik"}]},{"@type":"WebSite","@id":"https:\/\/talkpal.ai\/da\/#website","url":"https:\/\/talkpal.ai\/da\/","name":"Talkpal","description":"AI Language Learning","publisher":{"@id":"https:\/\/talkpal.ai\/da\/#organization"},"alternateName":"Talkpal AI","potentialAction":[{"@type":"SearchAction","target":{"@type":"EntryPoint","urlTemplate":"https:\/\/talkpal.ai\/da\/?s={search_term_string}"},"query-input":{"@type":"PropertyValueSpecification","valueRequired":true,"valueName":"search_term_string"}}],"inLanguage":"da-DK"},{"@type":"Organization","@id":"https:\/\/talkpal.ai\/da\/#organization","name":"Talkpal, Inc.","alternateName":"Talkpal AI","url":"https:\/\/talkpal.ai\/da\/","logo":{"@type":"ImageObject","inLanguage":"da-DK","@id":"https:\/\/talkpal.ai\/da\/#\/schema\/logo\/image\/","url":"https:\/\/talkpal.ai\/wp-content\/uploads\/2024\/03\/Talkpal-Logo-Icon.png","contentUrl":"https:\/\/talkpal.ai\/wp-content\/uploads\/2024\/03\/Talkpal-Logo-Icon.png","width":2880,"height":2880,"caption":"Talkpal, Inc."},"image":{"@id":"https:\/\/talkpal.ai\/da\/#\/schema\/logo\/image\/"},"sameAs":["https:\/\/www.facebook.com\/profile.php?id=100090733639311","https:\/\/x.com\/talkpalai","https:\/\/www.linkedin.com\/company\/talkpal\/","https:\/\/www.youtube.com\/@TalkPal\/","https:\/\/www.tiktok.com\/@talkpal","https:\/\/www.instagram.com\/talkpal_ai\/","https:\/\/www.crunchbase.com\/organization\/talkpal-9cde","https:\/\/www.g2.com\/products\/talkpal-for-business\/","https:\/\/www.trustpilot.com\/review\/talkpal.ai","https:\/\/www.capterra.com\/p\/10006800\/TalkPal\/"],"description":"Talkpal is a language learning web and mobile education app, powered by the latest AI technologies, that provides engaging experiences to its customers in many different languages to help them improve their language skills. Users can chat about unlimited amount of topics with the app and use other modes to practice their language learning.","email":"support@talkpal.ai","legalName":"Talkpal, Inc.","foundingDate":"2023-04-03","duns":"118989042","numberOfEmployees":{"@type":"QuantitativeValue","minValue":"11","maxValue":"50"},"publishingPrinciples":"https:\/\/talkpal.ai\/publishing-principles\/","actionableFeedbackPolicy":"https:\/\/talkpal.ai\/actionable-feedback-policy\/","correctionsPolicy":"https:\/\/talkpal.ai\/corrections-policy\/","ethicsPolicy":"https:\/\/talkpal.ai\/ethics-policy\/","diversityPolicy":"https:\/\/talkpal.ai\/diversity-policy\/","diversityStaffingReport":"https:\/\/talkpal.ai\/diversity-policy\/"}]}},"_links":{"self":[{"href":"https:\/\/talkpal.ai\/da\/wp-json\/wp\/v2\/pages\/149490","targetHints":{"allow":["GET"]}}],"collection":[{"href":"https:\/\/talkpal.ai\/da\/wp-json\/wp\/v2\/pages"}],"about":[{"href":"https:\/\/talkpal.ai\/da\/wp-json\/wp\/v2\/types\/page"}],"author":[{"embeddable":true,"href":"https:\/\/talkpal.ai\/da\/wp-json\/wp\/v2\/users\/1"}],"replies":[{"embeddable":true,"href":"https:\/\/talkpal.ai\/da\/wp-json\/wp\/v2\/comments?post=149490"}],"version-history":[{"count":0,"href":"https:\/\/talkpal.ai\/da\/wp-json\/wp\/v2\/pages\/149490\/revisions"}],"wp:featuredmedia":[{"embeddable":true,"href":"https:\/\/talkpal.ai\/da\/wp-json\/wp\/v2\/media\/117741"}],"wp:attachment":[{"href":"https:\/\/talkpal.ai\/da\/wp-json\/wp\/v2\/media?parent=149490"}],"curies":[{"name":"wp","href":"https:\/\/api.w.org\/{rel}","templated":true}]}}