{"id":149157,"date":"2023-05-14T14:18:46","date_gmt":"2023-05-14T14:18:46","guid":{"rendered":"http:\/\/talkpal.ai\/polsk-grammatik\/"},"modified":"2025-12-17T17:16:44","modified_gmt":"2025-12-17T17:16:44","slug":"polsk-grammatik","status":"publish","type":"page","link":"https:\/\/talkpal.ai\/da\/polsk-grammatik\/","title":{"rendered":"Polsk grammatik"},"content":{"rendered":"\r\n\r\n\r\n<section class=\"languageChallengeSection\">\r\n    <div class=\"languageInfoWrapper\">\r\n        \r\n        <h1>Polsk grammatik<\/h1>\r\n        <p>Dyk ned i den fascinerende verden af <a href=\"https:\/\/talkpal.ai\/sv\/grammar\/nummer-i-polsk-grammatik\/\">polsk grammatik<\/a>, og opdag grundlaget for et af Centraleuropas mest udbredte <a href=\"https:\/\/talkpal.ai\/what-language-is-spoken-on-the-international-space-station\/\">sprog<\/a>. Ved at beherske de vigtigste regler vil du kommunikere mere effektivt og f\u00e5 en dybere forst\u00e5else af den polske kultur. Begynd at l\u00e6re <a href=\"https:\/\/talkpal.ai\/polish-grammar-exercises\/\">polsk<\/a> <a href=\"https:\/\/talkpal.ai\/fr\/les\/\">grammatik<\/a> i dag, og tag dit f\u00f8rste skridt mod flydende sprog!<\/p>\r\n\r\n                            <a class=\"getStartedHidden\" href=\"https:\/\/app.talkpal.ai\/da\/signup?lng=\">Kom i gang<\/a>\r\n        \r\n    <\/div>\r\n\r\n    <figure>\r\n    <img decoding=\"async\" width=\"768\" height=\"768\" src=\"https:\/\/talkpal.ai\/wp-content\/uploads\/2023\/06\/polish-768x768.png\" class=\"languageImage no-lazy\" alt=\"Practical tips on language learning techniques\" fetchpriority=\"high\" sizes=\"(max-width: 768px) 150px, 768px\" srcset=\"https:\/\/talkpal.ai\/wp-content\/uploads\/2023\/06\/polish-768x768.png 768w, https:\/\/talkpal.ai\/wp-content\/uploads\/2023\/06\/polish-300x300.png 300w\" \/>\r\n    \r\n\r\n    <\/figure>\r\n\r\n            <a class=\"getStartedVisible\" href=\"https:\/\/app.talkpal.ai\/da\/signup?lng=\">Kom i gang<\/a>\r\n    \r\n<\/section>\r\n<section class=\"promotionalBanner\">\r\n    <p class=\"promotionalText\">Den mest effektive m\u00e5de at l\u00e6re et sprog p\u00e5<\/p>\r\n    <a class=\"promotionalLink\" href=\"https:\/\/app.talkpal.ai\/da\/signup?lng=\">Pr\u00f8v Talkpal gratis<\/a>\r\n<\/section>\n<div class=\"wp-block-group pageContainerStyle\"><div class=\"wp-block-group__inner-container is-layout-constrained wp-block-group-is-layout-constrained\">\n<h2 class=\"wp-block-heading\" id=\"h-breaking-down-the-puzzle-of-polish-grammar\">Nedbrydning af puslespillet om polsk grammatik<\/h2>\n\n\n\n<p><a href=\"https:\/\/talkpal.ai\/polish-grammar-exercises\/\">Polsk<\/a>, et slavisk sprog, er b\u00e5de udfordrende og givende for sprogelever, der s\u00f8ger et unikt sprogligt eventyr. N\u00e5r du dykker ned i polsk, vil du afd\u00e6kke en fascinerende historie og kultur, der supplerer sprogets rigdom. Selvom polsk grammatik kan virke indviklet, g\u00f8r dekonstruktion af det til h\u00e5ndterbare elementer l\u00e6ringsprocessen mere tilg\u00e6ngelig. Denne artikel har til form\u00e5l at introducere dig til den f\u00e6ngslende verden af polsk grammatik og give vejledning om, hvordan du tackler dens kompleksitet.<\/p>\n\n\n\n<h3 class=\"wp-block-heading\" id=\"h-1-noun-gender-and-cases\">1. Substantiv k\u00f8n og sager<\/h3>\n\n\n\n<p>Polske substantiver har grammatiske k\u00f8n &#8211; maskulinum, femininum og neutrum &#8211; som p\u00e5virker formerne for adjektiver, pronominer og verber, der ledsager dem. Desuden har polsk syv grammatiske tilf\u00e6lde: nominativ, genitiv, dativ, akkusativ, instrumental, lokativ og vokativ. At g\u00f8re dig bekendt med k\u00f8n og sagssystem er afg\u00f8rende for at forst\u00e5 og konstruere n\u00f8jagtige polske s\u00e6tninger.<\/p>\n\n\n\n<h3 class=\"wp-block-heading\" id=\"h-2-verb-conjugation-person-tense-and-aspect\">2. Verbb\u00f8jning: person, sp\u00e6nding og aspekt<\/h3>\n\n\n\n<p>Polske verb skal b\u00f8jes i henhold til tid, aspekt og person (f\u00f8rste, anden eller tredje). Der er tre hovedtider: nutid, fortid og fremtid. Derudover har polske verb to aspekter: perfektiv (for afsluttede handlinger) og ufuldkommen (for igangv\u00e6rende eller s\u00e6dvanligvis udf\u00f8rte handlinger). Mastering af disse b\u00f8jningsregler vil forbedre dine verbale kommunikationsevner p\u00e5 polsk betydeligt.<\/p>\n\n\n\n<h3 class=\"wp-block-heading\" id=\"h-3-adjectives-agreement-and-placement\">3. Adjektiver: Aftale og placering<\/h3>\n\n\n\n<p>Polske adjektiver skal v\u00e6re enige med det substantiv, de \u00e6ndrer vedr\u00f8rende k\u00f8n, antal og kasus. Adjektiver g\u00e5r typisk forud for substantivet, hvilket giver v\u00e6sentlig beskrivende kontekst for s\u00e6tningen.<\/p>\n\n\n\n<p>Eksempler:<\/p>\n\n\n\n<p>&#8211; czerwona sukienka (en r\u00f8d kjole)<\/p>\n\n\n\n<p>&#8211; pi\u0119kny ogr\u00f3d (en smuk have)<\/p>\n\n\n\n<h3 class=\"wp-block-heading\" id=\"h-4-pronouns-types-and-uses\">4. Pronomen: typer og anvendelser<\/h3>\n\n\n\n<p>Polske pronomen findes i forskellige former, herunder personlige, besiddende, refleksive, demonstrative og sp\u00f8rgende pronomen. At forst\u00e5, hvordan og hvorn\u00e5r du skal bruge disse pronomen, vil g\u00f8re din polske grammatik mere pr\u00e6cis og forbedre dine overordnede sprogf\u00e6rdigheder.<\/p>\n\n\n\n<h3 class=\"wp-block-heading\" id=\"h-5-negation-conveying-the-opposite\">5. Negation: Formidling af det modsatte<\/h3>\n\n\n\n<p>I polsk grammatik opn\u00e5s <a href=\"https:\/\/talkpal.ai\/zh-hans\/grammar_exercises\/negazione-%e6%84%8f%e5%a4%a7%e5%88%a9%e8%af%ad%e6%b3%95%e7%bb%83%e4%b9%a0\/\">negation<\/a> ved at tilf\u00f8je ordet &#8220;nie&#8221; foran verber, adjektiver, adverbier eller pronominer. Der g\u00e6lder dog s\u00e6rlige regler for negerende s\u00e6tninger med substantiver, hvilket kan kr\u00e6ve en yderligere pr\u00e6position eller en anden substantivform. At genkende disse negationsm\u00f8nstre vil hj\u00e6lpe dig med at formidle din tilsigtede betydning klart p\u00e5 polsk.<\/p>\n\n\n\n<h3 class=\"wp-block-heading\" id=\"h-6-engage-with-the-language\">6. Engager dig i sproget<\/h3>\n\n\n\n<p>Den mest effektive m\u00e5de at forst\u00e5 og internalisere polsk grammatik p\u00e5 er at engagere sig regelm\u00e6ssigt i sproget. Fra at l\u00e6se polsk litteratur, se polske film eller aktivt tale med indf\u00f8dte talere, vil fordybe dig i forskellige sammenh\u00e6nge styrke din forst\u00e5else af grammatik, mens du udvider dit ordforr\u00e5d.<\/p>\n\n\n\n<h3 class=\"wp-block-heading\" id=\"h-conclusion\">Konklusion<\/h3>\n\n\n\n<p>Selvom polsk grammatik kan virke indviklet, vil konsekvent at \u00f8ve og tackle det trin for trin hj\u00e6lpe dig med at blive dygtig til dette unikke sprog. Omfavn udfordringen, n\u00e5r du begynder din polske sprogrejse, og snart vil du finde dig selv trygt at afkode forviklingerne i dens grammatik. Held og lykke med dine studier, og nyd at udforske lagene af polsk grammatik!<\/p>\n<\/div><\/div>\n\r\n<section class=\"learnNavigationSection\">\r\n            \r\n        <a href=\"https:\/\/talkpal.ai\/da\/laer-polsk\/\">\r\n            <div class=\"learnNavigationWrapper\">\r\n                <div class=\"learnNavigationContent\">\r\n                    <img decoding=\"async\" src=\"https:\/\/talkpal.ai\/wp-content\/uploads\/2024\/08\/Polish.jpg\" alt=\"Polish Flag\">\r\n                    <div>\r\n                        <h4>Om polsk l\u00e6ring<\/h4>\r\n                        <p>Find ud af alt om polsk grammatik.<\/p>\r\n                    <\/div>\r\n                <\/div>\r\n            <\/div>\r\n        <\/a>\r\n\r\n        \r\n        <a href=\"https:\/\/talkpal.ai\/da\/polske-grammatikoevelser\/\">\r\n            <div class=\"learnNavigationWrapper\">\r\n                <div class=\"learnNavigationContent\">\r\n                    <img decoding=\"async\" src=\"https:\/\/talkpal.ai\/wp-content\/uploads\/2024\/08\/Polish.jpg\" alt=\"Polish Flag\">\r\n                    <div>\r\n                        <h4>Polsk grammatik-\u00f8velse<\/h4>\r\n                        <p>\u00d8v polsk grammatik.<\/p>\r\n                    <\/div>\r\n                <\/div>\r\n            <\/div>\r\n        <\/a>\r\n\r\n        \r\n        <a href=\"https:\/\/talkpal.ai\/vocabulary_language\/polish\/\">\r\n            <div class=\"learnNavigationWrapper\">\r\n                <div class=\"learnNavigationContent\">\r\n                    <img decoding=\"async\" src=\"https:\/\/talkpal.ai\/wp-content\/uploads\/2024\/08\/Polish.jpg\" alt=\"Polish Flag\">\r\n                    <div>\r\n                        <h4>Polsk ordforr\u00e5d<\/h4>\r\n                        <p>Udvid dit polske ordforr\u00e5d.<\/p>\r\n                    <\/div>\r\n                <\/div>\r\n            <\/div>\r\n        <\/a>\r\n\r\n            <\/section>","protected":false},"excerpt":{"rendered":"<p>Nedbrydning af puslespillet om polsk grammatik Polsk, et slavisk sprog, er b\u00e5de udfordrende og givende for sprogelever, der s\u00f8ger et unikt sprogligt eventyr. N\u00e5r du dykker ned i polsk, vil du afd\u00e6kke en fascinerende historie og kultur, der supplerer sprogets rigdom. Selvom polsk grammatik kan virke indviklet, g\u00f8r dekonstruktion af det til h\u00e5ndterbare elementer l\u00e6ringsprocessen [&hellip;]<\/p>\n","protected":false},"author":1,"featured_media":117435,"parent":0,"menu_order":0,"comment_status":"closed","ping_status":"closed","template":"LearningContentPage.php","meta":{"_acf_changed":false,"footnotes":""},"class_list":["post-149157","page","type-page","status-publish","has-post-thumbnail","hentry"],"acf":[],"yoast_head":"<!-- This site is optimized with the Yoast SEO Premium plugin v27.2 (Yoast SEO v27.2) - https:\/\/yoast.com\/product\/yoast-seo-premium-wordpress\/ -->\n<title>Polsk grammatik - Talkpal<\/title>\n<meta name=\"description\" content=\"F\u00e5 styr p\u00e5 den polske grammatik med interaktive \u00f8velser designet til alle l\u00e6ringsniveauer. Boost dine polske f\u00e6rdigheder!\" \/>\n<meta name=\"robots\" content=\"index, follow, max-snippet:-1, max-image-preview:large, max-video-preview:-1\" \/>\n<link rel=\"canonical\" href=\"https:\/\/talkpal.ai\/da\/polsk-grammatik\/\" \/>\n<meta property=\"og:locale\" content=\"da_DK\" \/>\n<meta property=\"og:type\" content=\"article\" \/>\n<meta property=\"og:title\" content=\"Polsk grammatik\" \/>\n<meta property=\"og:description\" content=\"Nedbrydning af puslespillet om polsk grammatik Polsk, et slavisk sprog, er b\u00e5de udfordrende og givende for sprogelever, der s\u00f8ger et unikt sprogligt\" \/>\n<meta property=\"og:url\" content=\"https:\/\/talkpal.ai\/da\/polsk-grammatik\/\" \/>\n<meta property=\"og:site_name\" content=\"Talkpal\" \/>\n<meta property=\"article:publisher\" content=\"https:\/\/www.facebook.com\/profile.php?id=100090733639311\" \/>\n<meta property=\"article:modified_time\" content=\"2025-12-17T17:16:44+00:00\" \/>\n<meta property=\"og:image\" content=\"https:\/\/talkpal.ai\/wp-content\/uploads\/2023\/05\/poland.png\" \/>\n\t<meta property=\"og:image:width\" content=\"512\" \/>\n\t<meta property=\"og:image:height\" content=\"512\" \/>\n\t<meta property=\"og:image:type\" content=\"image\/png\" \/>\n<meta name=\"twitter:card\" content=\"summary_large_image\" \/>\n<meta name=\"twitter:site\" content=\"@talkpalai\" \/>\n<meta name=\"twitter:label1\" content=\"Estimeret l\u00e6setid\" \/>\n\t<meta name=\"twitter:data1\" content=\"3 minutter\" \/>\n<script type=\"application\/ld+json\" class=\"yoast-schema-graph\">{\"@context\":\"https:\/\/schema.org\",\"@graph\":[{\"@type\":\"WebPage\",\"@id\":\"https:\/\/talkpal.ai\/da\/polsk-grammatik\/\",\"url\":\"https:\/\/talkpal.ai\/da\/polsk-grammatik\/\",\"name\":\"Polsk grammatik - Talkpal\",\"isPartOf\":{\"@id\":\"https:\/\/talkpal.ai\/da\/#website\"},\"primaryImageOfPage\":{\"@id\":\"https:\/\/talkpal.ai\/da\/polsk-grammatik\/#primaryimage\"},\"image\":{\"@id\":\"https:\/\/talkpal.ai\/da\/polsk-grammatik\/#primaryimage\"},\"thumbnailUrl\":\"https:\/\/talkpal.ai\/wp-content\/uploads\/2023\/05\/poland.png\",\"datePublished\":\"2023-05-14T14:18:46+00:00\",\"dateModified\":\"2025-12-17T17:16:44+00:00\",\"description\":\"F\u00e5 styr p\u00e5 den polske grammatik med interaktive \u00f8velser designet til alle l\u00e6ringsniveauer. Boost dine polske f\u00e6rdigheder!\",\"breadcrumb\":{\"@id\":\"https:\/\/talkpal.ai\/da\/polsk-grammatik\/#breadcrumb\"},\"inLanguage\":\"da-DK\",\"potentialAction\":[{\"@type\":\"ReadAction\",\"target\":[\"https:\/\/talkpal.ai\/da\/polsk-grammatik\/\"]}]},{\"@type\":\"ImageObject\",\"inLanguage\":\"da-DK\",\"@id\":\"https:\/\/talkpal.ai\/da\/polsk-grammatik\/#primaryimage\",\"url\":\"https:\/\/talkpal.ai\/wp-content\/uploads\/2023\/05\/poland.png\",\"contentUrl\":\"https:\/\/talkpal.ai\/wp-content\/uploads\/2023\/05\/poland.png\",\"width\":512,\"height\":512},{\"@type\":\"BreadcrumbList\",\"@id\":\"https:\/\/talkpal.ai\/da\/polsk-grammatik\/#breadcrumb\",\"itemListElement\":[{\"@type\":\"ListItem\",\"position\":1,\"name\":\"Homepage\",\"item\":\"https:\/\/talkpal.ai\/da\/\"},{\"@type\":\"ListItem\",\"position\":2,\"name\":\"Polsk grammatik\"}]},{\"@type\":\"WebSite\",\"@id\":\"https:\/\/talkpal.ai\/da\/#website\",\"url\":\"https:\/\/talkpal.ai\/da\/\",\"name\":\"Talkpal\",\"description\":\"AI Language Learning\",\"publisher\":{\"@id\":\"https:\/\/talkpal.ai\/da\/#organization\"},\"alternateName\":\"Talkpal AI\",\"potentialAction\":[{\"@type\":\"SearchAction\",\"target\":{\"@type\":\"EntryPoint\",\"urlTemplate\":\"https:\/\/talkpal.ai\/da\/?s={search_term_string}\"},\"query-input\":{\"@type\":\"PropertyValueSpecification\",\"valueRequired\":true,\"valueName\":\"search_term_string\"}}],\"inLanguage\":\"da-DK\"},{\"@type\":\"Organization\",\"@id\":\"https:\/\/talkpal.ai\/da\/#organization\",\"name\":\"Talkpal, Inc.\",\"alternateName\":\"Talkpal AI\",\"url\":\"https:\/\/talkpal.ai\/da\/\",\"logo\":{\"@type\":\"ImageObject\",\"inLanguage\":\"da-DK\",\"@id\":\"https:\/\/talkpal.ai\/da\/#\/schema\/logo\/image\/\",\"url\":\"https:\/\/talkpal.ai\/wp-content\/uploads\/2024\/03\/Talkpal-Logo-Icon.png\",\"contentUrl\":\"https:\/\/talkpal.ai\/wp-content\/uploads\/2024\/03\/Talkpal-Logo-Icon.png\",\"width\":2880,\"height\":2880,\"caption\":\"Talkpal, Inc.\"},\"image\":{\"@id\":\"https:\/\/talkpal.ai\/da\/#\/schema\/logo\/image\/\"},\"sameAs\":[\"https:\/\/www.facebook.com\/profile.php?id=100090733639311\",\"https:\/\/x.com\/talkpalai\",\"https:\/\/www.linkedin.com\/company\/talkpal\/\",\"https:\/\/www.youtube.com\/@TalkPal\/\",\"https:\/\/www.tiktok.com\/@talkpal\",\"https:\/\/www.instagram.com\/talkpal_ai\/\",\"https:\/\/www.crunchbase.com\/organization\/talkpal-9cde\",\"https:\/\/www.g2.com\/products\/talkpal-for-business\/\",\"https:\/\/www.trustpilot.com\/review\/talkpal.ai\",\"https:\/\/www.capterra.com\/p\/10006800\/TalkPal\/\"],\"description\":\"Talkpal is a language learning web and mobile education app, powered by the latest AI technologies, that provides engaging experiences to its customers in many different languages to help them improve their language skills. Users can chat about unlimited amount of topics with the app and use other modes to practice their language learning.\",\"email\":\"support@talkpal.ai\",\"legalName\":\"Talkpal, Inc.\",\"foundingDate\":\"2023-04-03\",\"duns\":\"118989042\",\"numberOfEmployees\":{\"@type\":\"QuantitativeValue\",\"minValue\":\"11\",\"maxValue\":\"50\"},\"publishingPrinciples\":\"https:\/\/talkpal.ai\/publishing-principles\/\",\"actionableFeedbackPolicy\":\"https:\/\/talkpal.ai\/actionable-feedback-policy\/\",\"correctionsPolicy\":\"https:\/\/talkpal.ai\/corrections-policy\/\",\"ethicsPolicy\":\"https:\/\/talkpal.ai\/ethics-policy\/\",\"diversityPolicy\":\"https:\/\/talkpal.ai\/diversity-policy\/\",\"diversityStaffingReport\":\"https:\/\/talkpal.ai\/diversity-policy\/\"}]}<\/script>\n<!-- \/ Yoast SEO Premium plugin. -->","yoast_head_json":{"title":"Polsk grammatik - Talkpal","description":"F\u00e5 styr p\u00e5 den polske grammatik med interaktive \u00f8velser designet til alle l\u00e6ringsniveauer. Boost dine polske f\u00e6rdigheder!","robots":{"index":"index","follow":"follow","max-snippet":"max-snippet:-1","max-image-preview":"max-image-preview:large","max-video-preview":"max-video-preview:-1"},"canonical":"https:\/\/talkpal.ai\/da\/polsk-grammatik\/","og_locale":"da_DK","og_type":"article","og_title":"Polsk grammatik","og_description":"Nedbrydning af puslespillet om polsk grammatik Polsk, et slavisk sprog, er b\u00e5de udfordrende og givende for sprogelever, der s\u00f8ger et unikt sprogligt","og_url":"https:\/\/talkpal.ai\/da\/polsk-grammatik\/","og_site_name":"Talkpal","article_publisher":"https:\/\/www.facebook.com\/profile.php?id=100090733639311","article_modified_time":"2025-12-17T17:16:44+00:00","og_image":[{"width":512,"height":512,"url":"https:\/\/talkpal.ai\/wp-content\/uploads\/2023\/05\/poland.png","type":"image\/png"}],"twitter_card":"summary_large_image","twitter_site":"@talkpalai","twitter_misc":{"Estimeret l\u00e6setid":"3 minutter"},"schema":{"@context":"https:\/\/schema.org","@graph":[{"@type":"WebPage","@id":"https:\/\/talkpal.ai\/da\/polsk-grammatik\/","url":"https:\/\/talkpal.ai\/da\/polsk-grammatik\/","name":"Polsk grammatik - Talkpal","isPartOf":{"@id":"https:\/\/talkpal.ai\/da\/#website"},"primaryImageOfPage":{"@id":"https:\/\/talkpal.ai\/da\/polsk-grammatik\/#primaryimage"},"image":{"@id":"https:\/\/talkpal.ai\/da\/polsk-grammatik\/#primaryimage"},"thumbnailUrl":"https:\/\/talkpal.ai\/wp-content\/uploads\/2023\/05\/poland.png","datePublished":"2023-05-14T14:18:46+00:00","dateModified":"2025-12-17T17:16:44+00:00","description":"F\u00e5 styr p\u00e5 den polske grammatik med interaktive \u00f8velser designet til alle l\u00e6ringsniveauer. Boost dine polske f\u00e6rdigheder!","breadcrumb":{"@id":"https:\/\/talkpal.ai\/da\/polsk-grammatik\/#breadcrumb"},"inLanguage":"da-DK","potentialAction":[{"@type":"ReadAction","target":["https:\/\/talkpal.ai\/da\/polsk-grammatik\/"]}]},{"@type":"ImageObject","inLanguage":"da-DK","@id":"https:\/\/talkpal.ai\/da\/polsk-grammatik\/#primaryimage","url":"https:\/\/talkpal.ai\/wp-content\/uploads\/2023\/05\/poland.png","contentUrl":"https:\/\/talkpal.ai\/wp-content\/uploads\/2023\/05\/poland.png","width":512,"height":512},{"@type":"BreadcrumbList","@id":"https:\/\/talkpal.ai\/da\/polsk-grammatik\/#breadcrumb","itemListElement":[{"@type":"ListItem","position":1,"name":"Homepage","item":"https:\/\/talkpal.ai\/da\/"},{"@type":"ListItem","position":2,"name":"Polsk grammatik"}]},{"@type":"WebSite","@id":"https:\/\/talkpal.ai\/da\/#website","url":"https:\/\/talkpal.ai\/da\/","name":"Talkpal","description":"AI Language Learning","publisher":{"@id":"https:\/\/talkpal.ai\/da\/#organization"},"alternateName":"Talkpal AI","potentialAction":[{"@type":"SearchAction","target":{"@type":"EntryPoint","urlTemplate":"https:\/\/talkpal.ai\/da\/?s={search_term_string}"},"query-input":{"@type":"PropertyValueSpecification","valueRequired":true,"valueName":"search_term_string"}}],"inLanguage":"da-DK"},{"@type":"Organization","@id":"https:\/\/talkpal.ai\/da\/#organization","name":"Talkpal, Inc.","alternateName":"Talkpal AI","url":"https:\/\/talkpal.ai\/da\/","logo":{"@type":"ImageObject","inLanguage":"da-DK","@id":"https:\/\/talkpal.ai\/da\/#\/schema\/logo\/image\/","url":"https:\/\/talkpal.ai\/wp-content\/uploads\/2024\/03\/Talkpal-Logo-Icon.png","contentUrl":"https:\/\/talkpal.ai\/wp-content\/uploads\/2024\/03\/Talkpal-Logo-Icon.png","width":2880,"height":2880,"caption":"Talkpal, Inc."},"image":{"@id":"https:\/\/talkpal.ai\/da\/#\/schema\/logo\/image\/"},"sameAs":["https:\/\/www.facebook.com\/profile.php?id=100090733639311","https:\/\/x.com\/talkpalai","https:\/\/www.linkedin.com\/company\/talkpal\/","https:\/\/www.youtube.com\/@TalkPal\/","https:\/\/www.tiktok.com\/@talkpal","https:\/\/www.instagram.com\/talkpal_ai\/","https:\/\/www.crunchbase.com\/organization\/talkpal-9cde","https:\/\/www.g2.com\/products\/talkpal-for-business\/","https:\/\/www.trustpilot.com\/review\/talkpal.ai","https:\/\/www.capterra.com\/p\/10006800\/TalkPal\/"],"description":"Talkpal is a language learning web and mobile education app, powered by the latest AI technologies, that provides engaging experiences to its customers in many different languages to help them improve their language skills. Users can chat about unlimited amount of topics with the app and use other modes to practice their language learning.","email":"support@talkpal.ai","legalName":"Talkpal, Inc.","foundingDate":"2023-04-03","duns":"118989042","numberOfEmployees":{"@type":"QuantitativeValue","minValue":"11","maxValue":"50"},"publishingPrinciples":"https:\/\/talkpal.ai\/publishing-principles\/","actionableFeedbackPolicy":"https:\/\/talkpal.ai\/actionable-feedback-policy\/","correctionsPolicy":"https:\/\/talkpal.ai\/corrections-policy\/","ethicsPolicy":"https:\/\/talkpal.ai\/ethics-policy\/","diversityPolicy":"https:\/\/talkpal.ai\/diversity-policy\/","diversityStaffingReport":"https:\/\/talkpal.ai\/diversity-policy\/"}]}},"_links":{"self":[{"href":"https:\/\/talkpal.ai\/da\/wp-json\/wp\/v2\/pages\/149157","targetHints":{"allow":["GET"]}}],"collection":[{"href":"https:\/\/talkpal.ai\/da\/wp-json\/wp\/v2\/pages"}],"about":[{"href":"https:\/\/talkpal.ai\/da\/wp-json\/wp\/v2\/types\/page"}],"author":[{"embeddable":true,"href":"https:\/\/talkpal.ai\/da\/wp-json\/wp\/v2\/users\/1"}],"replies":[{"embeddable":true,"href":"https:\/\/talkpal.ai\/da\/wp-json\/wp\/v2\/comments?post=149157"}],"version-history":[{"count":0,"href":"https:\/\/talkpal.ai\/da\/wp-json\/wp\/v2\/pages\/149157\/revisions"}],"wp:featuredmedia":[{"embeddable":true,"href":"https:\/\/talkpal.ai\/da\/wp-json\/wp\/v2\/media\/117435"}],"wp:attachment":[{"href":"https:\/\/talkpal.ai\/da\/wp-json\/wp\/v2\/media?parent=149157"}],"curies":[{"name":"wp","href":"https:\/\/api.w.org\/{rel}","templated":true}]}}