{"id":148523,"date":"2023-05-14T14:13:06","date_gmt":"2023-05-14T14:13:06","guid":{"rendered":"http:\/\/talkpal.ai\/norsk-grammatik\/"},"modified":"2025-12-17T17:36:39","modified_gmt":"2025-12-17T17:36:39","slug":"norsk-grammatik","status":"publish","type":"page","link":"https:\/\/talkpal.ai\/da\/norsk-grammatik\/","title":{"rendered":"Norsk grammatik"},"content":{"rendered":"\r\n\r\n\r\n<section class=\"languageChallengeSection\">\r\n    <div class=\"languageInfoWrapper\">\r\n        \r\n        <h1>Norsk grammatik<\/h1>\r\n        <p>Opdag det grundl\u00e6ggende i <a href=\"https:\/\/talkpal.ai\/norwegian-grammar\/\">norsk grammatik<\/a>, og bliv i stand til at kommunikere med selvtillid p\u00e5 et af Skandinaviens smukkeste <a href=\"https:\/\/talkpal.ai\/what-language-is-spoken-on-the-international-space-station\/\">sprog<\/a>. At forst\u00e5 <a href=\"https:\/\/talkpal.ai\/learn-norwegian\/\">norsk<\/a> <a href=\"https:\/\/talkpal.ai\/fr\/les\/\">grammatik<\/a> vil \u00e5bne d\u00f8re til nye kulturelle oplevelser og meningsfulde samtaler. Begynd at l\u00e6re <a href=\"https:\/\/talkpal.ai\/learn-norwegian\/\">norsk<\/a> grammatik i dag, og tag dit f\u00f8rste skridt mod flydende sprog!<\/p>\r\n\r\n                            <a class=\"getStartedHidden\" href=\"https:\/\/app.talkpal.ai\/da\/signup?lng=\">Kom i gang<\/a>\r\n        \r\n    <\/div>\r\n\r\n    <figure>\r\n    <img decoding=\"async\" width=\"768\" height=\"768\" src=\"https:\/\/talkpal.ai\/wp-content\/uploads\/2023\/06\/norwegian-768x768.png\" class=\"languageImage no-lazy\" alt=\"Language learning for extensive vocabulary\" fetchpriority=\"high\" sizes=\"(max-width: 768px) 150px, 768px\" srcset=\"https:\/\/talkpal.ai\/wp-content\/uploads\/2023\/06\/norwegian-768x768.png 768w, https:\/\/talkpal.ai\/wp-content\/uploads\/2023\/06\/norwegian-300x300.png 300w\" \/>\r\n    \r\n\r\n    <\/figure>\r\n\r\n            <a class=\"getStartedVisible\" href=\"https:\/\/app.talkpal.ai\/da\/signup?lng=\">Kom i gang<\/a>\r\n    \r\n<\/section>\r\n<section class=\"promotionalBanner\">\r\n    <p class=\"promotionalText\">Den mest effektive m\u00e5de at l\u00e6re et sprog p\u00e5<\/p>\r\n    <a class=\"promotionalLink\" href=\"https:\/\/app.talkpal.ai\/da\/signup?lng=\">Pr\u00f8v Talkpal gratis<\/a>\r\n<\/section>\n<div class=\"wp-block-group pageContainerStyle\"><div class=\"wp-block-group__inner-container is-layout-constrained wp-block-group-is-layout-constrained\">\n<h2 class=\"wp-block-heading\" id=\"h-dive-into-norwegian-grammar-a-comprehensive-guide\">Dyk ned i norsk grammatik: En omfattende guide<\/h2>\n\n\n\n<p>Norsk, et fascinerende og udtryksfuldt sprog, giver sprogelever en unik mulighed for at udforske Norges rige kulturelle og historiske arv. Den gode nyhed er, at norsk grammatik deler nogle ligheder med <a href=\"https:\/\/talkpal.ai\/learn-english-with-ai\/\">engelsk<\/a>, hvilket g\u00f8r det til et tilg\u00e6ngeligt sprog at l\u00e6re. Denne artikel vil guide dig gennem de v\u00e6sentlige aspekter af norsk grammatik, s\u00e5 du opbygger et st\u00e6rkt fundament og forst\u00e5r sproget med tillid.<\/p>\n\n\n\n<h3 class=\"wp-block-heading\" id=\"h-1-embracing-norwegian-nouns-and-articles\">1. Omfavnelse af norske navneord og artikler<\/h3>\n\n\n\n<p>Norske navneord, ligesom deres engelske kolleger, repr\u00e6senterer mennesker, steder, ting eller ideer. De er klassificeret i tre k\u00f8n: maskulin, feminin og neutral. K\u00f8nnet er afg\u00f8rende for, hvilke endelser substantivet f\u00e5r, og hvilke artikler det skal s\u00e6ttes sammen med.<\/p>\n\n\n\n<p>Der er to typer artikler p\u00e5 norsk: bestemt og ubestemt. Bestemte artikler vises som suffikser i slutningen af substantiver, mens ubestemte artikler er separate ord, der g\u00e5r forud for substantiver. Artikler skal v\u00e6re enige med substantiver i k\u00f8n og antal.<\/p>\n\n\n\n<p><strong>&#8211; Bestemte artikler: -en (maskulinum), -a (femininum), -et (neutrum)<\/strong><\/p>\n\n\n\n<p><strong>&#8211; Ubestemte artikler: en (maskulinum), ei (femininum), et (neutrum)<\/strong><\/p>\n\n\n\n<h3 class=\"wp-block-heading\" id=\"h-2-mastering-norwegian-verbs-conjugation-and-tenses\">2. Mastering af norske verb: b\u00f8jning og tider<\/h3>\n\n\n\n<p>Norske verber er relativt lette at l\u00e6re, <a href=\"https:\/\/talkpal.ai\/culture\/how-do-you-use-the-conjunction-da-de\/\">da de<\/a> har f\u00e6rre b\u00f8jninger end mange andre sprog. Verb er konjugeret efter sp\u00e6nding og hum\u00f8r. Norske verber er prim\u00e6rt opdelt i fire grupper, hver med sit b\u00f8jningsm\u00f8nster. Den gode nyhed er dog, at norske verber i mods\u00e6tning til mange andre sprog ikke \u00e6ndrer deres form baseret p\u00e5 emnet eller tallet.<\/p>\n\n\n\n<p>Norsk har f\u00e6rre tider end engelsk, med kun tre tider: nutid, datid og fortid perfekt tid. Nutid bruges til at udtrykke nuv\u00e6rende og fremtidige begivenheder, mens datid betegner afsluttede handlinger, og tidligere perfekt tid angiver erfaring eller tilstande, der skete f\u00f8r et bestemt punkt i fortiden.<\/p>\n\n\n\n<h3 class=\"wp-block-heading\" id=\"h-3-expressing-yourself-with-norwegian-adjectives-and-adverbs\">3. Udtryk dig selv med norske adjektiver og adverb<\/h3>\n\n\n\n<p>Brug af adjektiver forbedrer effektivt din evne til at udtrykke dig p\u00e5 norsk. Adjektiver beskriver kvaliteter eller egenskaber ved substantiver og skal v\u00e6re enige med navneord i k\u00f8n og antal. P\u00e5 norsk kommer adjektiver typisk f\u00f8r det substantiv, de beskriver.<\/p>\n\n\n\n<p>Adverb p\u00e5 norsk \u00e6ndrer verb, adjektiver eller andre adverb. De formidler information om, hvordan, hvorn\u00e5r, hvor og i hvilket omfang en handling opst\u00e5r. I mods\u00e6tning til adjektiver forbliver adverb det samme uanset k\u00f8n eller antal navneord, der beskrives.<\/p>\n\n\n\n<h3 class=\"wp-block-heading\" id=\"h-4-constructing-sentences-with-norwegian-pronouns-and-word-order\">4. Konstruktion af s\u00e6tninger med norske pronomen og ordstilling<\/h3>\n\n\n\n<p>Norske pronomen erstatter substantiver og er normalt enige med det substantiv, de repr\u00e6senterer i k\u00f8n, antal og store og sm\u00e5 bogstaver. Der er forskellige slags pronomen p\u00e5 norsk, herunder personlige, besiddende, demonstrative, refleksive, relative og sp\u00f8rgende pronomen.<\/p>\n\n\n\n<p>Norsk s\u00e6tningsstruktur f\u00f8lger r\u00e6kkef\u00f8lgen subject-verb-object (SVO), svarende til engelsk. Det anvender dog ogs\u00e5 en verb-sekund (V2) regel, hvor verbet typisk indtager den anden position i hovedklausuler. Forst\u00e5else og praktisering af norsk ordstilling er afg\u00f8rende for at opn\u00e5 flydende sprog.<\/p>\n\n\n\n<h3 class=\"wp-block-heading\" id=\"h-conclusion\">Konklusion<\/h3>\n\n\n\n<p>At opn\u00e5 flydende norsk grammatik kr\u00e6ver dedikation, \u00f8velse og et \u00e5bent sind for at udforske sprogets unikke egenskaber. Uanset om du er interesseret i at fordybe dig i Norges kultur eller gerne vil l\u00e6re et nyt sprog, er beherskelse af norsk grammatik grundlaget for en vellykket kommunikation. N\u00e5r du dykker ned i norske navneord, verber, adjektiver og ordstilling, skal du huske at nyde processen og v\u00e6rne om de rige sproglige oplevelser, der venter p\u00e5 dig. Lykke til!<\/p>\n<\/div><\/div>\n\r\n<section class=\"learnNavigationSection\">\r\n            \r\n        <a href=\"https:\/\/talkpal.ai\/da\/laer-norsk\/\">\r\n            <div class=\"learnNavigationWrapper\">\r\n                <div class=\"learnNavigationContent\">\r\n                    <img decoding=\"async\" src=\"https:\/\/talkpal.ai\/wp-content\/uploads\/2024\/08\/Norwegian.jpg\" alt=\"Norwegian Flag\">\r\n                    <div>\r\n                        <h4>Om Norwegian Learning<\/h4>\r\n                        <p>Find ud af alt om norsk grammatik.<\/p>\r\n                    <\/div>\r\n                <\/div>\r\n            <\/div>\r\n        <\/a>\r\n\r\n        \r\n        <a href=\"https:\/\/talkpal.ai\/da\/norske-grammatikoevelser\/\">\r\n            <div class=\"learnNavigationWrapper\">\r\n                <div class=\"learnNavigationContent\">\r\n                    <img decoding=\"async\" src=\"https:\/\/talkpal.ai\/wp-content\/uploads\/2024\/08\/Norwegian.jpg\" alt=\"Norwegian Flag\">\r\n                    <div>\r\n                        <h4>Norsk grammatik-\u00f8velse<\/h4>\r\n                        <p>\u00d8v norsk grammatik.<\/p>\r\n                    <\/div>\r\n                <\/div>\r\n            <\/div>\r\n        <\/a>\r\n\r\n        \r\n        <a href=\"https:\/\/talkpal.ai\/vocabulary_language\/norwegian\/\">\r\n            <div class=\"learnNavigationWrapper\">\r\n                <div class=\"learnNavigationContent\">\r\n                    <img decoding=\"async\" src=\"https:\/\/talkpal.ai\/wp-content\/uploads\/2024\/08\/Norwegian.jpg\" alt=\"Norwegian Flag\">\r\n                    <div>\r\n                        <h4>Norsk ordforr\u00e5d<\/h4>\r\n                        <p>Udvid dit norske ordforr\u00e5d.<\/p>\r\n                    <\/div>\r\n                <\/div>\r\n            <\/div>\r\n        <\/a>\r\n\r\n            <\/section>","protected":false},"excerpt":{"rendered":"<p>Dyk ned i norsk grammatik: En omfattende guide Norsk, et fascinerende og udtryksfuldt sprog, giver sprogelever en unik mulighed for at udforske Norges rige kulturelle og historiske arv. Den gode nyhed er, at norsk grammatik deler nogle ligheder med engelsk, hvilket g\u00f8r det til et tilg\u00e6ngeligt sprog at l\u00e6re. Denne artikel vil guide dig gennem [&hellip;]<\/p>\n","protected":false},"author":1,"featured_media":116904,"parent":0,"menu_order":0,"comment_status":"closed","ping_status":"closed","template":"LearningContentPage.php","meta":{"_acf_changed":false,"footnotes":""},"class_list":["post-148523","page","type-page","status-publish","has-post-thumbnail","hentry"],"acf":[],"yoast_head":"<!-- This site is optimized with the Yoast SEO Premium plugin v27.2 (Yoast SEO v27.2) - https:\/\/yoast.com\/product\/yoast-seo-premium-wordpress\/ -->\n<title>Norsk grammatik - Talkpal<\/title>\n<meta name=\"description\" content=\"Udforsk den norske grammatiks finurligheder, og l\u00f8ft dine sprogf\u00e6rdigheder til det n\u00e6ste niveau.\" \/>\n<meta name=\"robots\" content=\"index, follow, max-snippet:-1, max-image-preview:large, max-video-preview:-1\" \/>\n<link rel=\"canonical\" href=\"https:\/\/talkpal.ai\/da\/norsk-grammatik\/\" \/>\n<meta property=\"og:locale\" content=\"da_DK\" \/>\n<meta property=\"og:type\" content=\"article\" \/>\n<meta property=\"og:title\" content=\"Norsk grammatik\" \/>\n<meta property=\"og:description\" content=\"Dyk ned i norsk grammatik: En omfattende guide Norsk, et fascinerende og udtryksfuldt sprog, giver sprogelever en unik mulighed for at udforske Norges\" \/>\n<meta property=\"og:url\" content=\"https:\/\/talkpal.ai\/da\/norsk-grammatik\/\" \/>\n<meta property=\"og:site_name\" content=\"Talkpal\" \/>\n<meta property=\"article:publisher\" content=\"https:\/\/www.facebook.com\/profile.php?id=100090733639311\" \/>\n<meta property=\"article:modified_time\" content=\"2025-12-17T17:36:39+00:00\" \/>\n<meta property=\"og:image\" content=\"https:\/\/talkpal.ai\/wp-content\/uploads\/2023\/05\/norway.png\" \/>\n\t<meta property=\"og:image:width\" content=\"512\" \/>\n\t<meta property=\"og:image:height\" content=\"512\" \/>\n\t<meta property=\"og:image:type\" content=\"image\/png\" \/>\n<meta name=\"twitter:card\" content=\"summary_large_image\" \/>\n<meta name=\"twitter:site\" content=\"@talkpalai\" \/>\n<meta name=\"twitter:label1\" content=\"Estimeret l\u00e6setid\" \/>\n\t<meta name=\"twitter:data1\" content=\"3 minutter\" \/>\n<script type=\"application\/ld+json\" class=\"yoast-schema-graph\">{\"@context\":\"https:\/\/schema.org\",\"@graph\":[{\"@type\":\"WebPage\",\"@id\":\"https:\/\/talkpal.ai\/da\/norsk-grammatik\/\",\"url\":\"https:\/\/talkpal.ai\/da\/norsk-grammatik\/\",\"name\":\"Norsk grammatik - Talkpal\",\"isPartOf\":{\"@id\":\"https:\/\/talkpal.ai\/da\/#website\"},\"primaryImageOfPage\":{\"@id\":\"https:\/\/talkpal.ai\/da\/norsk-grammatik\/#primaryimage\"},\"image\":{\"@id\":\"https:\/\/talkpal.ai\/da\/norsk-grammatik\/#primaryimage\"},\"thumbnailUrl\":\"https:\/\/talkpal.ai\/wp-content\/uploads\/2023\/05\/norway.png\",\"datePublished\":\"2023-05-14T14:13:06+00:00\",\"dateModified\":\"2025-12-17T17:36:39+00:00\",\"description\":\"Udforsk den norske grammatiks finurligheder, og l\u00f8ft dine sprogf\u00e6rdigheder til det n\u00e6ste niveau.\",\"breadcrumb\":{\"@id\":\"https:\/\/talkpal.ai\/da\/norsk-grammatik\/#breadcrumb\"},\"inLanguage\":\"da-DK\",\"potentialAction\":[{\"@type\":\"ReadAction\",\"target\":[\"https:\/\/talkpal.ai\/da\/norsk-grammatik\/\"]}]},{\"@type\":\"ImageObject\",\"inLanguage\":\"da-DK\",\"@id\":\"https:\/\/talkpal.ai\/da\/norsk-grammatik\/#primaryimage\",\"url\":\"https:\/\/talkpal.ai\/wp-content\/uploads\/2023\/05\/norway.png\",\"contentUrl\":\"https:\/\/talkpal.ai\/wp-content\/uploads\/2023\/05\/norway.png\",\"width\":512,\"height\":512},{\"@type\":\"BreadcrumbList\",\"@id\":\"https:\/\/talkpal.ai\/da\/norsk-grammatik\/#breadcrumb\",\"itemListElement\":[{\"@type\":\"ListItem\",\"position\":1,\"name\":\"Homepage\",\"item\":\"https:\/\/talkpal.ai\/da\/\"},{\"@type\":\"ListItem\",\"position\":2,\"name\":\"Norsk grammatik\"}]},{\"@type\":\"WebSite\",\"@id\":\"https:\/\/talkpal.ai\/da\/#website\",\"url\":\"https:\/\/talkpal.ai\/da\/\",\"name\":\"Talkpal\",\"description\":\"AI Language Learning\",\"publisher\":{\"@id\":\"https:\/\/talkpal.ai\/da\/#organization\"},\"alternateName\":\"Talkpal AI\",\"potentialAction\":[{\"@type\":\"SearchAction\",\"target\":{\"@type\":\"EntryPoint\",\"urlTemplate\":\"https:\/\/talkpal.ai\/da\/?s={search_term_string}\"},\"query-input\":{\"@type\":\"PropertyValueSpecification\",\"valueRequired\":true,\"valueName\":\"search_term_string\"}}],\"inLanguage\":\"da-DK\"},{\"@type\":\"Organization\",\"@id\":\"https:\/\/talkpal.ai\/da\/#organization\",\"name\":\"Talkpal, Inc.\",\"alternateName\":\"Talkpal AI\",\"url\":\"https:\/\/talkpal.ai\/da\/\",\"logo\":{\"@type\":\"ImageObject\",\"inLanguage\":\"da-DK\",\"@id\":\"https:\/\/talkpal.ai\/da\/#\/schema\/logo\/image\/\",\"url\":\"https:\/\/talkpal.ai\/wp-content\/uploads\/2024\/03\/Talkpal-Logo-Icon.png\",\"contentUrl\":\"https:\/\/talkpal.ai\/wp-content\/uploads\/2024\/03\/Talkpal-Logo-Icon.png\",\"width\":2880,\"height\":2880,\"caption\":\"Talkpal, Inc.\"},\"image\":{\"@id\":\"https:\/\/talkpal.ai\/da\/#\/schema\/logo\/image\/\"},\"sameAs\":[\"https:\/\/www.facebook.com\/profile.php?id=100090733639311\",\"https:\/\/x.com\/talkpalai\",\"https:\/\/www.linkedin.com\/company\/talkpal\/\",\"https:\/\/www.youtube.com\/@TalkPal\/\",\"https:\/\/www.tiktok.com\/@talkpal\",\"https:\/\/www.instagram.com\/talkpal_ai\/\",\"https:\/\/www.crunchbase.com\/organization\/talkpal-9cde\",\"https:\/\/www.g2.com\/products\/talkpal-for-business\/\",\"https:\/\/www.trustpilot.com\/review\/talkpal.ai\",\"https:\/\/www.capterra.com\/p\/10006800\/TalkPal\/\"],\"description\":\"Talkpal is a language learning web and mobile education app, powered by the latest AI technologies, that provides engaging experiences to its customers in many different languages to help them improve their language skills. Users can chat about unlimited amount of topics with the app and use other modes to practice their language learning.\",\"email\":\"support@talkpal.ai\",\"legalName\":\"Talkpal, Inc.\",\"foundingDate\":\"2023-04-03\",\"duns\":\"118989042\",\"numberOfEmployees\":{\"@type\":\"QuantitativeValue\",\"minValue\":\"11\",\"maxValue\":\"50\"},\"publishingPrinciples\":\"https:\/\/talkpal.ai\/publishing-principles\/\",\"actionableFeedbackPolicy\":\"https:\/\/talkpal.ai\/actionable-feedback-policy\/\",\"correctionsPolicy\":\"https:\/\/talkpal.ai\/corrections-policy\/\",\"ethicsPolicy\":\"https:\/\/talkpal.ai\/ethics-policy\/\",\"diversityPolicy\":\"https:\/\/talkpal.ai\/diversity-policy\/\",\"diversityStaffingReport\":\"https:\/\/talkpal.ai\/diversity-policy\/\"}]}<\/script>\n<!-- \/ Yoast SEO Premium plugin. -->","yoast_head_json":{"title":"Norsk grammatik - Talkpal","description":"Udforsk den norske grammatiks finurligheder, og l\u00f8ft dine sprogf\u00e6rdigheder til det n\u00e6ste niveau.","robots":{"index":"index","follow":"follow","max-snippet":"max-snippet:-1","max-image-preview":"max-image-preview:large","max-video-preview":"max-video-preview:-1"},"canonical":"https:\/\/talkpal.ai\/da\/norsk-grammatik\/","og_locale":"da_DK","og_type":"article","og_title":"Norsk grammatik","og_description":"Dyk ned i norsk grammatik: En omfattende guide Norsk, et fascinerende og udtryksfuldt sprog, giver sprogelever en unik mulighed for at udforske Norges","og_url":"https:\/\/talkpal.ai\/da\/norsk-grammatik\/","og_site_name":"Talkpal","article_publisher":"https:\/\/www.facebook.com\/profile.php?id=100090733639311","article_modified_time":"2025-12-17T17:36:39+00:00","og_image":[{"width":512,"height":512,"url":"https:\/\/talkpal.ai\/wp-content\/uploads\/2023\/05\/norway.png","type":"image\/png"}],"twitter_card":"summary_large_image","twitter_site":"@talkpalai","twitter_misc":{"Estimeret l\u00e6setid":"3 minutter"},"schema":{"@context":"https:\/\/schema.org","@graph":[{"@type":"WebPage","@id":"https:\/\/talkpal.ai\/da\/norsk-grammatik\/","url":"https:\/\/talkpal.ai\/da\/norsk-grammatik\/","name":"Norsk grammatik - Talkpal","isPartOf":{"@id":"https:\/\/talkpal.ai\/da\/#website"},"primaryImageOfPage":{"@id":"https:\/\/talkpal.ai\/da\/norsk-grammatik\/#primaryimage"},"image":{"@id":"https:\/\/talkpal.ai\/da\/norsk-grammatik\/#primaryimage"},"thumbnailUrl":"https:\/\/talkpal.ai\/wp-content\/uploads\/2023\/05\/norway.png","datePublished":"2023-05-14T14:13:06+00:00","dateModified":"2025-12-17T17:36:39+00:00","description":"Udforsk den norske grammatiks finurligheder, og l\u00f8ft dine sprogf\u00e6rdigheder til det n\u00e6ste niveau.","breadcrumb":{"@id":"https:\/\/talkpal.ai\/da\/norsk-grammatik\/#breadcrumb"},"inLanguage":"da-DK","potentialAction":[{"@type":"ReadAction","target":["https:\/\/talkpal.ai\/da\/norsk-grammatik\/"]}]},{"@type":"ImageObject","inLanguage":"da-DK","@id":"https:\/\/talkpal.ai\/da\/norsk-grammatik\/#primaryimage","url":"https:\/\/talkpal.ai\/wp-content\/uploads\/2023\/05\/norway.png","contentUrl":"https:\/\/talkpal.ai\/wp-content\/uploads\/2023\/05\/norway.png","width":512,"height":512},{"@type":"BreadcrumbList","@id":"https:\/\/talkpal.ai\/da\/norsk-grammatik\/#breadcrumb","itemListElement":[{"@type":"ListItem","position":1,"name":"Homepage","item":"https:\/\/talkpal.ai\/da\/"},{"@type":"ListItem","position":2,"name":"Norsk grammatik"}]},{"@type":"WebSite","@id":"https:\/\/talkpal.ai\/da\/#website","url":"https:\/\/talkpal.ai\/da\/","name":"Talkpal","description":"AI Language Learning","publisher":{"@id":"https:\/\/talkpal.ai\/da\/#organization"},"alternateName":"Talkpal AI","potentialAction":[{"@type":"SearchAction","target":{"@type":"EntryPoint","urlTemplate":"https:\/\/talkpal.ai\/da\/?s={search_term_string}"},"query-input":{"@type":"PropertyValueSpecification","valueRequired":true,"valueName":"search_term_string"}}],"inLanguage":"da-DK"},{"@type":"Organization","@id":"https:\/\/talkpal.ai\/da\/#organization","name":"Talkpal, Inc.","alternateName":"Talkpal AI","url":"https:\/\/talkpal.ai\/da\/","logo":{"@type":"ImageObject","inLanguage":"da-DK","@id":"https:\/\/talkpal.ai\/da\/#\/schema\/logo\/image\/","url":"https:\/\/talkpal.ai\/wp-content\/uploads\/2024\/03\/Talkpal-Logo-Icon.png","contentUrl":"https:\/\/talkpal.ai\/wp-content\/uploads\/2024\/03\/Talkpal-Logo-Icon.png","width":2880,"height":2880,"caption":"Talkpal, Inc."},"image":{"@id":"https:\/\/talkpal.ai\/da\/#\/schema\/logo\/image\/"},"sameAs":["https:\/\/www.facebook.com\/profile.php?id=100090733639311","https:\/\/x.com\/talkpalai","https:\/\/www.linkedin.com\/company\/talkpal\/","https:\/\/www.youtube.com\/@TalkPal\/","https:\/\/www.tiktok.com\/@talkpal","https:\/\/www.instagram.com\/talkpal_ai\/","https:\/\/www.crunchbase.com\/organization\/talkpal-9cde","https:\/\/www.g2.com\/products\/talkpal-for-business\/","https:\/\/www.trustpilot.com\/review\/talkpal.ai","https:\/\/www.capterra.com\/p\/10006800\/TalkPal\/"],"description":"Talkpal is a language learning web and mobile education app, powered by the latest AI technologies, that provides engaging experiences to its customers in many different languages to help them improve their language skills. Users can chat about unlimited amount of topics with the app and use other modes to practice their language learning.","email":"support@talkpal.ai","legalName":"Talkpal, Inc.","foundingDate":"2023-04-03","duns":"118989042","numberOfEmployees":{"@type":"QuantitativeValue","minValue":"11","maxValue":"50"},"publishingPrinciples":"https:\/\/talkpal.ai\/publishing-principles\/","actionableFeedbackPolicy":"https:\/\/talkpal.ai\/actionable-feedback-policy\/","correctionsPolicy":"https:\/\/talkpal.ai\/corrections-policy\/","ethicsPolicy":"https:\/\/talkpal.ai\/ethics-policy\/","diversityPolicy":"https:\/\/talkpal.ai\/diversity-policy\/","diversityStaffingReport":"https:\/\/talkpal.ai\/diversity-policy\/"}]}},"_links":{"self":[{"href":"https:\/\/talkpal.ai\/da\/wp-json\/wp\/v2\/pages\/148523","targetHints":{"allow":["GET"]}}],"collection":[{"href":"https:\/\/talkpal.ai\/da\/wp-json\/wp\/v2\/pages"}],"about":[{"href":"https:\/\/talkpal.ai\/da\/wp-json\/wp\/v2\/types\/page"}],"author":[{"embeddable":true,"href":"https:\/\/talkpal.ai\/da\/wp-json\/wp\/v2\/users\/1"}],"replies":[{"embeddable":true,"href":"https:\/\/talkpal.ai\/da\/wp-json\/wp\/v2\/comments?post=148523"}],"version-history":[{"count":0,"href":"https:\/\/talkpal.ai\/da\/wp-json\/wp\/v2\/pages\/148523\/revisions"}],"wp:featuredmedia":[{"embeddable":true,"href":"https:\/\/talkpal.ai\/da\/wp-json\/wp\/v2\/media\/116904"}],"wp:attachment":[{"href":"https:\/\/talkpal.ai\/da\/wp-json\/wp\/v2\/media?parent=148523"}],"curies":[{"name":"wp","href":"https:\/\/api.w.org\/{rel}","templated":true}]}}