{"id":148170,"date":"2023-05-14T14:12:45","date_gmt":"2023-05-14T14:12:45","guid":{"rendered":"http:\/\/talkpal.ai\/nepalesisk-grammatik\/"},"modified":"2025-12-17T17:00:46","modified_gmt":"2025-12-17T17:00:46","slug":"nepalesisk-grammatik","status":"publish","type":"page","link":"https:\/\/talkpal.ai\/da\/nepalesisk-grammatik\/","title":{"rendered":"Nepalesisk grammatik"},"content":{"rendered":"\r\n\r\n\r\n<section class=\"languageChallengeSection\">\r\n    <div class=\"languageInfoWrapper\">\r\n        \r\n        <h1>Nepalesisk grammatik<\/h1>\r\n        <p>Er du nysgerrig p\u00e5 <a href=\"https:\/\/talkpal.ai\/learn-nepali\/\">nepalesisk<\/a>? Oplev <a href=\"https:\/\/talkpal.ai\/da\/laer-nepalesisk\/\">nepalesisk grammatik<\/a> med k\u00f8nnede navneord, postpositioner og en fleksibel s\u00e6tningsstruktur, der g\u00f8r sproget b\u00e5de udtryksfuldt og engagerende. Begynd at l\u00e6re i dag &#8211; at <a href=\"https:\/\/talkpal.ai\/locations\/language-courses-in-mestre\/\">mestre<\/a> <a href=\"https:\/\/talkpal.ai\/learn-nepali\/\">nepalesisk<\/a> <a href=\"https:\/\/talkpal.ai\/fr\/les\/\">grammatik<\/a> vil \u00e5bne op for meningsfulde samtaler og s\u00e6tte dig i forbindelse med Nepals mangfoldige kulturer og traditioner!<\/p>\r\n\r\n                            <a class=\"getStartedHidden\" href=\"https:\/\/app.talkpal.ai\/da\/signup?lng=\">Kom i gang<\/a>\r\n        \r\n    <\/div>\r\n\r\n    <figure>\r\n    <img decoding=\"async\" width=\"768\" height=\"768\" src=\"https:\/\/talkpal.ai\/wp-content\/uploads\/2023\/06\/nepali-768x768.png\" class=\"languageImage no-lazy\" alt=\"Practical language learning for real-life application\" fetchpriority=\"high\" sizes=\"(max-width: 768px) 150px, 768px\" srcset=\"https:\/\/talkpal.ai\/wp-content\/uploads\/2023\/06\/nepali-768x768.png 768w, https:\/\/talkpal.ai\/wp-content\/uploads\/2023\/06\/nepali-300x300.png 300w\" \/>\r\n    \r\n\r\n    <\/figure>\r\n\r\n            <a class=\"getStartedVisible\" href=\"https:\/\/app.talkpal.ai\/da\/signup?lng=\">Kom i gang<\/a>\r\n    \r\n<\/section>\r\n<section class=\"promotionalBanner\">\r\n    <p class=\"promotionalText\">Den mest effektive m\u00e5de at l\u00e6re et <a href=\"https:\/\/talkpal.ai\/what-language-is-spoken-on-the-international-space-station\/\">sprog<\/a> p\u00e5<\/p>\r\n    <a class=\"promotionalLink\" href=\"https:\/\/app.talkpal.ai\/da\/signup?lng=\">Pr\u00f8v Talkpal gratis<\/a>\r\n<\/section>\n<div class=\"wp-block-group pageContainerStyle\"><div class=\"wp-block-group__inner-container is-layout-constrained wp-block-group-is-layout-constrained\">\n<h2 class=\"wp-block-heading\" id=\"h-delving-into-the-richness-of-nepali-grammar-an-insightful-guide\">Delving ind i rigdommen af nepalesisk grammatik: En indsigtsfuld guide<\/h2>\n\n\n\n<p>Nepalesisk, et indo-arisk sprog, der tales af over 25 millioner mennesker i Nepal og naboregionerne, er et dejligt sprog, der viser den kulturelle rigdom og sproglige mangfoldighed i Sydasien. For effektivt at kommunikere p\u00e5 nepalesisk og virkelig v\u00e6rds\u00e6tte dens sk\u00f8nhed, skal man forst\u00e5 dens grammatik. I denne artikel vil vi give et overblik over de v\u00e6sentlige aspekter af nepalesisk grammatik og tilbyde praktiske tips til at hj\u00e6lpe dig med at mestre dette fascinerende sprog.<\/p>\n\n\n\n<h3 class=\"wp-block-heading\" id=\"h-key-aspects-of-nepali-grammar\">N\u00f8gleaspekter af nepalesisk grammatik:<\/h3>\n\n\n\n<p>Nepalesisk grammatik kan i f\u00f8rste omgang virke udfordrende, men med tiden og \u00f8velsen kan du f\u00e5 styr p\u00e5 det. Her er nogle grundl\u00e6ggende komponenter i nepalesisk grammatik, du kan g\u00f8re dig bekendt med:<\/p>\n\n\n\n<p><strong>1. Substantiver:<\/strong> Nepalesiske navneord har ikke grammatisk k\u00f8n, hvilket g\u00f8r det lettere for eleverne, da der ikke er behov for at huske k\u00f8nnet p\u00e5 hvert substantiv. Imidlertid b\u00f8jes substantiver for tal (ental og flertal) og store og sm\u00e5 bogstaver (nominativ , genitiv, dativ osv.).<\/p>\n\n\n\n<p>2. Pronomen: Personlige <strong>pronomen<\/strong> p\u00e5 nepalesisk har tre former: subjektiv, objektiv og besiddende. De er enige med det substantiv, de henviser til med hensyn til antal, men ikke k\u00f8n. Der er ogs\u00e5 forskellige pronomen og verbb\u00f8jningsformer baseret p\u00e5 formalitetsniveauet (h\u00f8fligt, velkendt eller intimt).<\/p>\n\n\n\n<p><strong>3. Verb:<\/strong> Nepalesiske verb b\u00f8jes for sp\u00e6nding (nutid, fortid og fremtid), hum\u00f8r (vejledende, <a href=\"https:\/\/talkpal.ai\/ja\/grammar_exercises\/imperatif-%e3%83%95%e3%83%a9%e3%83%b3%e3%82%b9%e3%81%ae%e6%96%87%e6%b3%95%e3%81%ae%e3%81%9f%e3%82%81%e3%81%ae%e6%bc%94%e7%bf%92\/\">imperativ<\/a> eller konjunktiv) og aspekt (kontinuerlig, perfekt eller enkel). Der er ogs\u00e5 forskellige b\u00f8jningsm\u00f8nstre for verber afh\u00e6ngigt af subjektets formalitetsniveau.<\/p>\n\n\n\n<p>4. Adjektiver og <strong>adverb: Adjektiver<\/strong> p\u00e5 nepalesisk f\u00f8lger normalt substantivet, de \u00e6ndrer og er enige om i antal og store og sm\u00e5 bogstaver. Adverb kan bruges til at give yderligere oplysninger og \u00e6ndrer generelt ikke deres form.<\/p>\n\n\n\n<p><strong>5. S\u00e6tningsstruktur:<\/strong> Den typiske nepalesiske s\u00e6tningsstruktur f\u00f8lger r\u00e6kkef\u00f8lgen Subject-Object-Verb (SOV). Ordstilling kan dog v\u00e6re fleksibel, afh\u00e6ngigt af v\u00e6gt og kontekst.<\/p>\n\n\n\n<h3 class=\"wp-block-heading\" id=\"h-tips-for-learning-nepali-grammar\">Tips til at l\u00e6re nepalesisk grammatik:<\/h3>\n\n\n\n<p>Her er nogle effektive strategier til at g\u00f8re din nepalesiske grammatikl\u00e6ringsrejse glattere:<\/p>\n\n\n\n<p><strong>1. Start med<\/strong> det grundl\u00e6ggende: Fokuser p\u00e5 at l\u00e6re det grundl\u00e6ggende i nepalesisk grammatik, s\u00e5som substantiver, pronomen og verbb\u00f8jning. Efterh\u00e5nden som din forst\u00e5else \u00f8ges, skal du gradvist indarbejde mere komplekse strukturer og regler.<\/p>\n\n\n\n<p><strong>2. \u00d8v regelm\u00e6ssigt:<\/strong> Konsistens er afg\u00f8rende, n\u00e5r du l\u00e6rer et nyt sprog. Tildel bestemte tidspunkter hver dag eller uge til at \u00f8ve grammatik\u00f8velser, l\u00e6se og skrive p\u00e5 nepalesisk.<\/p>\n\n\n\n<p><strong>3. Brug indf\u00f8dte ressourcer:<\/strong> Fordyb dig i autentiske nepalesiske materialer, s\u00e5som litteratur, nyhedsartikler og podcasts. Dette vil ikke kun hj\u00e6lpe dig med at forst\u00e5 nepalesisk grammatik i kontekst, men ogs\u00e5 forbedre dine overordnede sprogf\u00e6rdigheder.<\/p>\n\n\n\n<p><strong>4. Opret forbindelse til indf\u00f8dte:<\/strong> At deltage i samtaler med indf\u00f8dte nepalesiske talere giver dig mulighed for at \u00f8ve grammatik i virkelige situationer og modtage v\u00e6rdifuld feedback. Overvej at deltage i sprogudvekslingsgrupper eller onlinefora for at oprette forbindelse til nepalesisktalende personer.<\/p>\n\n\n\n<p><strong>5. V\u00e6r t\u00e5lmodig og vedholdende:<\/strong> Husk, at det tager tid, udholdenhed og t\u00e5lmodighed at l\u00e6re et nyt sprog. Omfavn udfordringerne og fejr dine fremskridt undervejs.<\/p>\n\n\n\n<h3 class=\"wp-block-heading\" id=\"h-conclusion\">Konklusion:<\/h3>\n\n\n\n<p>Nepalesisk grammatik, med sine unikke egenskaber og forbindelser til den indo-ariske sprogfamilie, tilbyder en fascinerende sproglig rejse. Ved at forst\u00e5 de vigtigste aspekter og f\u00f8lge vores praktiske tips kan du bane vejen for sproglige f\u00e6rdigheder og f\u00e5 en dybere forst\u00e5else af det nepalesiske sprog. S\u00e5 vov dig frem med entusiasme og nysgerrighed, og omfavn Nepals sproglige skatte!<\/p>\n<\/div><\/div>\n\r\n<section class=\"learnNavigationSection\">\r\n            \r\n        <a href=\"https:\/\/talkpal.ai\/da\/laer-nepalesisk\/\">\r\n            <div class=\"learnNavigationWrapper\">\r\n                <div class=\"learnNavigationContent\">\r\n                    <img decoding=\"async\" src=\"https:\/\/talkpal.ai\/wp-content\/uploads\/2024\/08\/Nepali.jpg\" alt=\"Nepali Flag\">\r\n                    <div>\r\n                        <h4>Om at l\u00e6re nepalesisk<\/h4>\r\n                        <p>Find ud af alt om nepalesisk grammatik.<\/p>\r\n                    <\/div>\r\n                <\/div>\r\n            <\/div>\r\n        <\/a>\r\n\r\n        \r\n        <a href=\"https:\/\/talkpal.ai\/da\/nepalesiske-grammatikoevelser\/\">\r\n            <div class=\"learnNavigationWrapper\">\r\n                <div class=\"learnNavigationContent\">\r\n                    <img decoding=\"async\" src=\"https:\/\/talkpal.ai\/wp-content\/uploads\/2024\/08\/Nepali.jpg\" alt=\"Nepali Flag\">\r\n                    <div>\r\n                        <h4>\u00d8velse i nepalesisk grammatik<\/h4>\r\n                        <p>\u00d8v nepalesisk grammatik.<\/p>\r\n                    <\/div>\r\n                <\/div>\r\n            <\/div>\r\n        <\/a>\r\n\r\n        \r\n        <a href=\"https:\/\/talkpal.ai\/vocabulary_language\/nepali\/\">\r\n            <div class=\"learnNavigationWrapper\">\r\n                <div class=\"learnNavigationContent\">\r\n                    <img decoding=\"async\" src=\"https:\/\/talkpal.ai\/wp-content\/uploads\/2024\/08\/Nepali.jpg\" alt=\"Nepali Flag\">\r\n                    <div>\r\n                        <h4>Ordforr\u00e5d p\u00e5 nepalesisk<\/h4>\r\n                        <p>Udvid dit nepalesiske ordforr\u00e5d.<\/p>\r\n                    <\/div>\r\n                <\/div>\r\n            <\/div>\r\n        <\/a>\r\n\r\n            <\/section>","protected":false},"excerpt":{"rendered":"<p>Delving ind i rigdommen af nepalesisk grammatik: En indsigtsfuld guide Nepalesisk, et indo-arisk sprog, der tales af over 25 millioner mennesker i Nepal og naboregionerne, er et dejligt sprog, der viser den kulturelle rigdom og sproglige mangfoldighed i Sydasien. For effektivt at kommunikere p\u00e5 nepalesisk og virkelig v\u00e6rds\u00e6tte dens sk\u00f8nhed, skal man forst\u00e5 dens grammatik. [&hellip;]<\/p>\n","protected":false},"author":1,"featured_media":116166,"parent":0,"menu_order":0,"comment_status":"closed","ping_status":"closed","template":"LearningContentPage.php","meta":{"_acf_changed":false,"footnotes":""},"class_list":["post-148170","page","type-page","status-publish","has-post-thumbnail","hentry"],"acf":[],"yoast_head":"<!-- This site is optimized with the Yoast SEO Premium plugin v27.2 (Yoast SEO v27.2) - https:\/\/yoast.com\/product\/yoast-seo-premium-wordpress\/ -->\n<title>Nepalesisk grammatik - Talkpal<\/title>\n<meta name=\"description\" content=\"Udforsk nepalesisk grammatik, og \u00f8g din forst\u00e5else af sproget med klare og pr\u00e6cise forklaringer.\" \/>\n<meta name=\"robots\" content=\"index, follow, max-snippet:-1, max-image-preview:large, max-video-preview:-1\" \/>\n<link rel=\"canonical\" href=\"https:\/\/talkpal.ai\/da\/nepalesisk-grammatik\/\" \/>\n<meta property=\"og:locale\" content=\"da_DK\" \/>\n<meta property=\"og:type\" content=\"article\" \/>\n<meta property=\"og:title\" content=\"Nepalesisk grammatik\" \/>\n<meta property=\"og:description\" content=\"Delving ind i rigdommen af nepalesisk grammatik: En indsigtsfuld guide Nepalesisk, et indo-arisk sprog, der tales af over 25 millioner mennesker i Nepal\" \/>\n<meta property=\"og:url\" content=\"https:\/\/talkpal.ai\/da\/nepalesisk-grammatik\/\" \/>\n<meta property=\"og:site_name\" content=\"Talkpal\" \/>\n<meta property=\"article:publisher\" content=\"https:\/\/www.facebook.com\/profile.php?id=100090733639311\" \/>\n<meta property=\"article:modified_time\" content=\"2025-12-17T17:00:46+00:00\" \/>\n<meta property=\"og:image\" content=\"https:\/\/talkpal.ai\/wp-content\/uploads\/2023\/05\/nepal.png\" \/>\n\t<meta property=\"og:image:width\" content=\"512\" \/>\n\t<meta property=\"og:image:height\" content=\"512\" \/>\n\t<meta property=\"og:image:type\" content=\"image\/png\" \/>\n<meta name=\"twitter:card\" content=\"summary_large_image\" \/>\n<meta name=\"twitter:site\" content=\"@talkpalai\" \/>\n<meta name=\"twitter:label1\" content=\"Estimeret l\u00e6setid\" \/>\n\t<meta name=\"twitter:data1\" content=\"3 minutter\" \/>\n<script type=\"application\/ld+json\" class=\"yoast-schema-graph\">{\"@context\":\"https:\/\/schema.org\",\"@graph\":[{\"@type\":\"WebPage\",\"@id\":\"https:\/\/talkpal.ai\/da\/nepalesisk-grammatik\/\",\"url\":\"https:\/\/talkpal.ai\/da\/nepalesisk-grammatik\/\",\"name\":\"Nepalesisk grammatik - Talkpal\",\"isPartOf\":{\"@id\":\"https:\/\/talkpal.ai\/da\/#website\"},\"primaryImageOfPage\":{\"@id\":\"https:\/\/talkpal.ai\/da\/nepalesisk-grammatik\/#primaryimage\"},\"image\":{\"@id\":\"https:\/\/talkpal.ai\/da\/nepalesisk-grammatik\/#primaryimage\"},\"thumbnailUrl\":\"https:\/\/talkpal.ai\/wp-content\/uploads\/2023\/05\/nepal.png\",\"datePublished\":\"2023-05-14T14:12:45+00:00\",\"dateModified\":\"2025-12-17T17:00:46+00:00\",\"description\":\"Udforsk nepalesisk grammatik, og \u00f8g din forst\u00e5else af sproget med klare og pr\u00e6cise forklaringer.\",\"breadcrumb\":{\"@id\":\"https:\/\/talkpal.ai\/da\/nepalesisk-grammatik\/#breadcrumb\"},\"inLanguage\":\"da-DK\",\"potentialAction\":[{\"@type\":\"ReadAction\",\"target\":[\"https:\/\/talkpal.ai\/da\/nepalesisk-grammatik\/\"]}]},{\"@type\":\"ImageObject\",\"inLanguage\":\"da-DK\",\"@id\":\"https:\/\/talkpal.ai\/da\/nepalesisk-grammatik\/#primaryimage\",\"url\":\"https:\/\/talkpal.ai\/wp-content\/uploads\/2023\/05\/nepal.png\",\"contentUrl\":\"https:\/\/talkpal.ai\/wp-content\/uploads\/2023\/05\/nepal.png\",\"width\":512,\"height\":512},{\"@type\":\"BreadcrumbList\",\"@id\":\"https:\/\/talkpal.ai\/da\/nepalesisk-grammatik\/#breadcrumb\",\"itemListElement\":[{\"@type\":\"ListItem\",\"position\":1,\"name\":\"Homepage\",\"item\":\"https:\/\/talkpal.ai\/da\/\"},{\"@type\":\"ListItem\",\"position\":2,\"name\":\"Nepalesisk grammatik\"}]},{\"@type\":\"WebSite\",\"@id\":\"https:\/\/talkpal.ai\/da\/#website\",\"url\":\"https:\/\/talkpal.ai\/da\/\",\"name\":\"Talkpal\",\"description\":\"AI Language Learning\",\"publisher\":{\"@id\":\"https:\/\/talkpal.ai\/da\/#organization\"},\"alternateName\":\"Talkpal AI\",\"potentialAction\":[{\"@type\":\"SearchAction\",\"target\":{\"@type\":\"EntryPoint\",\"urlTemplate\":\"https:\/\/talkpal.ai\/da\/?s={search_term_string}\"},\"query-input\":{\"@type\":\"PropertyValueSpecification\",\"valueRequired\":true,\"valueName\":\"search_term_string\"}}],\"inLanguage\":\"da-DK\"},{\"@type\":\"Organization\",\"@id\":\"https:\/\/talkpal.ai\/da\/#organization\",\"name\":\"Talkpal, Inc.\",\"alternateName\":\"Talkpal AI\",\"url\":\"https:\/\/talkpal.ai\/da\/\",\"logo\":{\"@type\":\"ImageObject\",\"inLanguage\":\"da-DK\",\"@id\":\"https:\/\/talkpal.ai\/da\/#\/schema\/logo\/image\/\",\"url\":\"https:\/\/talkpal.ai\/wp-content\/uploads\/2024\/03\/Talkpal-Logo-Icon.png\",\"contentUrl\":\"https:\/\/talkpal.ai\/wp-content\/uploads\/2024\/03\/Talkpal-Logo-Icon.png\",\"width\":2880,\"height\":2880,\"caption\":\"Talkpal, Inc.\"},\"image\":{\"@id\":\"https:\/\/talkpal.ai\/da\/#\/schema\/logo\/image\/\"},\"sameAs\":[\"https:\/\/www.facebook.com\/profile.php?id=100090733639311\",\"https:\/\/x.com\/talkpalai\",\"https:\/\/www.linkedin.com\/company\/talkpal\/\",\"https:\/\/www.youtube.com\/@TalkPal\/\",\"https:\/\/www.tiktok.com\/@talkpal\",\"https:\/\/www.instagram.com\/talkpal_ai\/\",\"https:\/\/www.crunchbase.com\/organization\/talkpal-9cde\",\"https:\/\/www.g2.com\/products\/talkpal-for-business\/\",\"https:\/\/www.trustpilot.com\/review\/talkpal.ai\",\"https:\/\/www.capterra.com\/p\/10006800\/TalkPal\/\"],\"description\":\"Talkpal is a language learning web and mobile education app, powered by the latest AI technologies, that provides engaging experiences to its customers in many different languages to help them improve their language skills. Users can chat about unlimited amount of topics with the app and use other modes to practice their language learning.\",\"email\":\"support@talkpal.ai\",\"legalName\":\"Talkpal, Inc.\",\"foundingDate\":\"2023-04-03\",\"duns\":\"118989042\",\"numberOfEmployees\":{\"@type\":\"QuantitativeValue\",\"minValue\":\"11\",\"maxValue\":\"50\"},\"publishingPrinciples\":\"https:\/\/talkpal.ai\/publishing-principles\/\",\"actionableFeedbackPolicy\":\"https:\/\/talkpal.ai\/actionable-feedback-policy\/\",\"correctionsPolicy\":\"https:\/\/talkpal.ai\/corrections-policy\/\",\"ethicsPolicy\":\"https:\/\/talkpal.ai\/ethics-policy\/\",\"diversityPolicy\":\"https:\/\/talkpal.ai\/diversity-policy\/\",\"diversityStaffingReport\":\"https:\/\/talkpal.ai\/diversity-policy\/\"}]}<\/script>\n<!-- \/ Yoast SEO Premium plugin. -->","yoast_head_json":{"title":"Nepalesisk grammatik - Talkpal","description":"Udforsk nepalesisk grammatik, og \u00f8g din forst\u00e5else af sproget med klare og pr\u00e6cise forklaringer.","robots":{"index":"index","follow":"follow","max-snippet":"max-snippet:-1","max-image-preview":"max-image-preview:large","max-video-preview":"max-video-preview:-1"},"canonical":"https:\/\/talkpal.ai\/da\/nepalesisk-grammatik\/","og_locale":"da_DK","og_type":"article","og_title":"Nepalesisk grammatik","og_description":"Delving ind i rigdommen af nepalesisk grammatik: En indsigtsfuld guide Nepalesisk, et indo-arisk sprog, der tales af over 25 millioner mennesker i Nepal","og_url":"https:\/\/talkpal.ai\/da\/nepalesisk-grammatik\/","og_site_name":"Talkpal","article_publisher":"https:\/\/www.facebook.com\/profile.php?id=100090733639311","article_modified_time":"2025-12-17T17:00:46+00:00","og_image":[{"width":512,"height":512,"url":"https:\/\/talkpal.ai\/wp-content\/uploads\/2023\/05\/nepal.png","type":"image\/png"}],"twitter_card":"summary_large_image","twitter_site":"@talkpalai","twitter_misc":{"Estimeret l\u00e6setid":"3 minutter"},"schema":{"@context":"https:\/\/schema.org","@graph":[{"@type":"WebPage","@id":"https:\/\/talkpal.ai\/da\/nepalesisk-grammatik\/","url":"https:\/\/talkpal.ai\/da\/nepalesisk-grammatik\/","name":"Nepalesisk grammatik - Talkpal","isPartOf":{"@id":"https:\/\/talkpal.ai\/da\/#website"},"primaryImageOfPage":{"@id":"https:\/\/talkpal.ai\/da\/nepalesisk-grammatik\/#primaryimage"},"image":{"@id":"https:\/\/talkpal.ai\/da\/nepalesisk-grammatik\/#primaryimage"},"thumbnailUrl":"https:\/\/talkpal.ai\/wp-content\/uploads\/2023\/05\/nepal.png","datePublished":"2023-05-14T14:12:45+00:00","dateModified":"2025-12-17T17:00:46+00:00","description":"Udforsk nepalesisk grammatik, og \u00f8g din forst\u00e5else af sproget med klare og pr\u00e6cise forklaringer.","breadcrumb":{"@id":"https:\/\/talkpal.ai\/da\/nepalesisk-grammatik\/#breadcrumb"},"inLanguage":"da-DK","potentialAction":[{"@type":"ReadAction","target":["https:\/\/talkpal.ai\/da\/nepalesisk-grammatik\/"]}]},{"@type":"ImageObject","inLanguage":"da-DK","@id":"https:\/\/talkpal.ai\/da\/nepalesisk-grammatik\/#primaryimage","url":"https:\/\/talkpal.ai\/wp-content\/uploads\/2023\/05\/nepal.png","contentUrl":"https:\/\/talkpal.ai\/wp-content\/uploads\/2023\/05\/nepal.png","width":512,"height":512},{"@type":"BreadcrumbList","@id":"https:\/\/talkpal.ai\/da\/nepalesisk-grammatik\/#breadcrumb","itemListElement":[{"@type":"ListItem","position":1,"name":"Homepage","item":"https:\/\/talkpal.ai\/da\/"},{"@type":"ListItem","position":2,"name":"Nepalesisk grammatik"}]},{"@type":"WebSite","@id":"https:\/\/talkpal.ai\/da\/#website","url":"https:\/\/talkpal.ai\/da\/","name":"Talkpal","description":"AI Language Learning","publisher":{"@id":"https:\/\/talkpal.ai\/da\/#organization"},"alternateName":"Talkpal AI","potentialAction":[{"@type":"SearchAction","target":{"@type":"EntryPoint","urlTemplate":"https:\/\/talkpal.ai\/da\/?s={search_term_string}"},"query-input":{"@type":"PropertyValueSpecification","valueRequired":true,"valueName":"search_term_string"}}],"inLanguage":"da-DK"},{"@type":"Organization","@id":"https:\/\/talkpal.ai\/da\/#organization","name":"Talkpal, Inc.","alternateName":"Talkpal AI","url":"https:\/\/talkpal.ai\/da\/","logo":{"@type":"ImageObject","inLanguage":"da-DK","@id":"https:\/\/talkpal.ai\/da\/#\/schema\/logo\/image\/","url":"https:\/\/talkpal.ai\/wp-content\/uploads\/2024\/03\/Talkpal-Logo-Icon.png","contentUrl":"https:\/\/talkpal.ai\/wp-content\/uploads\/2024\/03\/Talkpal-Logo-Icon.png","width":2880,"height":2880,"caption":"Talkpal, Inc."},"image":{"@id":"https:\/\/talkpal.ai\/da\/#\/schema\/logo\/image\/"},"sameAs":["https:\/\/www.facebook.com\/profile.php?id=100090733639311","https:\/\/x.com\/talkpalai","https:\/\/www.linkedin.com\/company\/talkpal\/","https:\/\/www.youtube.com\/@TalkPal\/","https:\/\/www.tiktok.com\/@talkpal","https:\/\/www.instagram.com\/talkpal_ai\/","https:\/\/www.crunchbase.com\/organization\/talkpal-9cde","https:\/\/www.g2.com\/products\/talkpal-for-business\/","https:\/\/www.trustpilot.com\/review\/talkpal.ai","https:\/\/www.capterra.com\/p\/10006800\/TalkPal\/"],"description":"Talkpal is a language learning web and mobile education app, powered by the latest AI technologies, that provides engaging experiences to its customers in many different languages to help them improve their language skills. Users can chat about unlimited amount of topics with the app and use other modes to practice their language learning.","email":"support@talkpal.ai","legalName":"Talkpal, Inc.","foundingDate":"2023-04-03","duns":"118989042","numberOfEmployees":{"@type":"QuantitativeValue","minValue":"11","maxValue":"50"},"publishingPrinciples":"https:\/\/talkpal.ai\/publishing-principles\/","actionableFeedbackPolicy":"https:\/\/talkpal.ai\/actionable-feedback-policy\/","correctionsPolicy":"https:\/\/talkpal.ai\/corrections-policy\/","ethicsPolicy":"https:\/\/talkpal.ai\/ethics-policy\/","diversityPolicy":"https:\/\/talkpal.ai\/diversity-policy\/","diversityStaffingReport":"https:\/\/talkpal.ai\/diversity-policy\/"}]}},"_links":{"self":[{"href":"https:\/\/talkpal.ai\/da\/wp-json\/wp\/v2\/pages\/148170","targetHints":{"allow":["GET"]}}],"collection":[{"href":"https:\/\/talkpal.ai\/da\/wp-json\/wp\/v2\/pages"}],"about":[{"href":"https:\/\/talkpal.ai\/da\/wp-json\/wp\/v2\/types\/page"}],"author":[{"embeddable":true,"href":"https:\/\/talkpal.ai\/da\/wp-json\/wp\/v2\/users\/1"}],"replies":[{"embeddable":true,"href":"https:\/\/talkpal.ai\/da\/wp-json\/wp\/v2\/comments?post=148170"}],"version-history":[{"count":0,"href":"https:\/\/talkpal.ai\/da\/wp-json\/wp\/v2\/pages\/148170\/revisions"}],"wp:featuredmedia":[{"embeddable":true,"href":"https:\/\/talkpal.ai\/da\/wp-json\/wp\/v2\/media\/116166"}],"wp:attachment":[{"href":"https:\/\/talkpal.ai\/da\/wp-json\/wp\/v2\/media?parent=148170"}],"curies":[{"name":"wp","href":"https:\/\/api.w.org\/{rel}","templated":true}]}}