{"id":1481534,"date":"2025-11-27T17:03:24","date_gmt":"2025-11-27T17:03:24","guid":{"rendered":"https:\/\/talkpal.ai\/talkpal-halloween-rabat\/"},"modified":"2026-01-22T14:58:30","modified_gmt":"2026-01-22T14:58:30","slug":"talkpal-halloween-rabat","status":"publish","type":"page","link":"https:\/\/talkpal.ai\/da\/talkpal-halloween-rabat\/","title":{"rendered":"Talkpal Halloween-rabat"},"content":{"rendered":"<section class=\"languageChallengeSection\">\r\n    <div class=\"languageInfoWrapper\">\r\n        \r\n        <h1>Talkpal Halloween-rabat<\/h1>\r\n        <p>Er du klar til at styrke dine sprogf\u00e6rdigheder? Denne Halloween tilbyder Talkpal en eksklusiv 79% rabat, s\u00e5 du kan l\u00e6re hurtigere og klogere. L\u00e5s op for alle premium-funktioner, \u00f8v \u00e6gte samtaler med AI, og opbyg flydende f\u00e6rdigheder til halv pris.<\/p>\r\n\r\n                    <a class=\"getStartedHidden\" href=\"https:\/\/app.talkpal.ai\/signup?discount=50\">\r\n                F\u00e5 rabat            <\/a>\r\n            <\/div>\r\n\r\n            <figure>\r\n            <img decoding=\"async\" class=\"no-lazy\" src=\"https:\/\/talkpal.ai\/wp-content\/uploads\/2026\/01\/curly-girl-with-phone-light-background.webp\" alt=\"\" fetchpriority=\"high\" \/>\r\n        <\/figure>\r\n        \r\n                    <a class=\"getStartedVisible\" href=\"https:\/\/app.talkpal.ai\/signup?discount=50\">\r\n                F\u00e5 rabat            <\/a>\r\n        <\/section><section class=\"featureSection\">\r\n    <div class=\"featureIntroduce\">\r\n        <a class=\"introduceLink\" href=\"https:\/\/app.talkpal.ai\/da\/signup?lng=\">\r\n            <img decoding=\"async\" src=\"https:\/\/talkpal.ai\/wp-content\/themes\/talkpal\/assets\/img\/Sparkle.svg\" alt=\"\" \/>Den mest avancerede\n  AI<\/a>\r\n        <h3 class=\"featureTitle\">Talkpal-forskellen<\/h3>\r\n    <\/div>\r\n            <div class=\"introduceWrapper\">\r\n                            <a class=\"introducCard\" href=\"https:\/\/app.talkpal.ai\/da\/signup?lng=\">\r\n\r\n                    \r\n                                                <img decoding=\"async\" src=\"https:\/\/talkpal.ai\/wp-content\/uploads\/2025\/05\/Immersive_conversations.png\" alt=\"Immersive Conversation Screenshot\" \/>\r\n                        <h4 class=\"introduceTitle\">Personaliseret uddannelse<\/h4>\r\n                        <p class=\"cardText\">Hver elevs vej er forskellig, med rejser, arbejde og travle skemaer i bland. Talkpal bruger avanceret AI til at l\u00e6re af millioner af studiem\u00f8nstre og skaber personlige, effektive og engagerende oplevelser, der er skr\u00e6ddersyet til dig.<\/p>\r\n                    \r\n                <\/a>\r\n                            <a class=\"introducCard\" href=\"https:\/\/app.talkpal.ai\/da\/signup?lng=\">\r\n\r\n                    \r\n                                                <img decoding=\"async\" src=\"https:\/\/talkpal.ai\/wp-content\/uploads\/2025\/05\/Realtime_feedback.png\" alt=\"Feedback Screenshot\" \/>\r\n                        <h4 class=\"introduceTitle\">Banebrydende teknologi<\/h4>\r\n                        <p class=\"cardText\">Vores mission er at g\u00f8re personlig sprogindl\u00e6ring tilg\u00e6ngelig for alle ved at kombinere banebrydende AI med gennempr\u00f8vede undervisningsmetoder. Denne Halloween er den mere tilg\u00e6ngelig end nogensinde. Med Talkpal f\u00e5r du en skr\u00e6ddersyet rejse, der tilpasser sig dit tempo, din livsstil og dine m\u00e5l, uanset hvor livet f\u00f8rer dig hen.<\/p>\r\n                    \r\n                <\/a>\r\n                            <a class=\"introducCard\" href=\"https:\/\/app.talkpal.ai\/da\/signup?lng=\">\r\n\r\n                    \r\n                                                <img decoding=\"async\" src=\"https:\/\/talkpal.ai\/wp-content\/uploads\/2025\/05\/Personalization.png\" alt=\"Personalization Screenshot\" \/>\r\n                        <h4 class=\"introduceTitle\">G\u00f8r det sjovt at l\u00e6re<\/h4>\r\n                        <p class=\"cardText\">Vi mener, at sprogindl\u00e6ring skal v\u00e6re sjovt og motiverende. Derfor holder Talkpal dig engageret og inspireret, s\u00e5 det f\u00f8les mindre som studier og mere som et eventyr. Bliv en del af tusindvis af elever verden over og benyt dig af vores Halloween-tilbud til at begynde at mestre dit n\u00e6ste sprog.<\/p>\r\n                    \r\n                <\/a>\r\n                            <\/div>\r\n                     <a class=\"featureSectionLink\" href=\"https:\/\/app.talkpal.ai\/signup?discount=50\">\r\n                F\u00e5 rabat            <\/a>\r\n                \r\n<\/section>\r\n\r\n\r\n<section class=\"smartFunSection\">\r\n            \r\n            <div class=\"smartFunCard\">\r\n                <div class=\"smartFunWrapper\"><img decoding=\"async\" src=\"https:\/\/talkpal.ai\/wp-content\/uploads\/2025\/05\/1.png\" alt=\"Learning Stats Screenshot\"><\/div>\r\n                <h3>Skr\u00e6ddersyet til dig<\/h3>\r\n                <p>Talkpal bruger AI-drevet teknologi til at levere personlige sessioner, der matcher dit niveau og tempo. Hver lektion opfylder dine behov og hj\u00e6lper dig med at g\u00f8re stabile fremskridt, uanset om du er hjemme eller i udlandet.<\/p>\r\n            <\/div>\r\n\r\n        \r\n            <div class=\"smartFunCard\">\r\n                <div class=\"smartFunWrapper\"><img decoding=\"async\" src=\"https:\/\/talkpal.ai\/wp-content\/uploads\/2025\/05\/2.png\" alt=\"Pronunciation Score Screenshot\"><\/div>\r\n                <h3>Effektivt og virkningsfuldt<\/h3>\r\n                <p>Styrk dine l\u00e6se-, lytte- og talef\u00e6rdigheder effektivt med Talkpal. Vores innovative v\u00e6rkt\u00f8jer g\u00f8r sprogstudier b\u00e5de effektive og forn\u00f8jelige for elever med alle slags skemaer.<\/p>\r\n            <\/div>\r\n\r\n        \r\n            <div class=\"smartFunCard\">\r\n                <div class=\"smartFunWrapper\"><img decoding=\"async\" src=\"https:\/\/talkpal.ai\/wp-content\/uploads\/2025\/05\/3.png\" alt=\"Chat Topics Screenshot\"><\/div>\r\n                <h3>Hold dig engageret<\/h3>\r\n                <p>Platformen kombinerer gamificerede elementer, engagerende udfordringer og tankev\u00e6kkende prompts for at holde dig motiveret og konsekvent. Med Talkpal bliver sprogindl\u00e6ring en sjov daglig vane, ikke endnu en forpligtelse.<\/p>\r\n            <\/div>\r\n\r\n        \r\n            <div class=\"smartFunCard\">\r\n                <div class=\"smartFunWrapper\"><img decoding=\"async\" src=\"https:\/\/talkpal.ai\/wp-content\/uploads\/2025\/05\/4.png\" alt=\"Dashboard Screenshot\"><\/div>\r\n                <h3>Nyd at l\u00e6re<\/h3>\r\n                <p>At mestre et nyt sprog beh\u00f8ver ikke at v\u00e6re kedeligt. Talkpal tilbyder interaktive \u00f8velser, livlige karakterer og lette AI-samtaler, der g\u00f8r l\u00e6ring til en forn\u00f8jelig del af din dag. L\u00e5s Halloween-rabatten p\u00e5 79% og start i dag.<\/p>\r\n            <\/div>\r\n\r\n            \r\n<\/section>\r\n\r\n<section class=\"promotionalBanner\">\r\n    <p class=\"promotionalText\">Talkpal Halloween-rabat &#8211; Begynd at l\u00e6re med en nedsat pris<\/p>\r\n                <a class=\"promotionalLink\" href=\"https:\/\/app.talkpal.ai\/signup?discount=50\">\r\n                F\u00e5 rabat            <\/a>\r\n            \r\n<\/section>","protected":false},"excerpt":{"rendered":"","protected":false},"author":20,"featured_media":0,"parent":0,"menu_order":0,"comment_status":"closed","ping_status":"closed","template":"LearningContentPage.php","meta":{"_acf_changed":false,"footnotes":""},"class_list":["post-1481534","page","type-page","status-publish","hentry"],"acf":[],"yoast_head":"<!-- This site is optimized with the Yoast SEO Premium plugin v27.2 (Yoast SEO v27.2) - https:\/\/yoast.com\/product\/yoast-seo-premium-wordpress\/ -->\n<title>Talkpal Halloween-rabat - Talkpal<\/title>\n<meta name=\"description\" content=\"Spar 79% p\u00e5 Talkpal Premium denne Halloween og mestr ethvert sprog med vores avancerede AI-underviser.\" \/>\n<meta name=\"robots\" content=\"index, follow, max-snippet:-1, max-image-preview:large, max-video-preview:-1\" \/>\n<link rel=\"canonical\" href=\"https:\/\/talkpal.ai\/da\/talkpal-halloween-rabat\/\" \/>\n<meta property=\"og:locale\" content=\"da_DK\" \/>\n<meta property=\"og:type\" content=\"article\" \/>\n<meta property=\"og:title\" content=\"Talkpal Halloween-rabat\" \/>\n<meta property=\"og:url\" content=\"https:\/\/talkpal.ai\/da\/talkpal-halloween-rabat\/\" \/>\n<meta property=\"og:site_name\" content=\"Talkpal\" \/>\n<meta property=\"article:publisher\" content=\"https:\/\/www.facebook.com\/profile.php?id=100090733639311\" \/>\n<meta property=\"article:modified_time\" content=\"2026-01-22T14:58:30+00:00\" \/>\n<meta property=\"og:image\" content=\"https:\/\/talkpal.ai\/wp-content\/uploads\/2025\/02\/Progress-tab-16_9.png\" \/>\n\t<meta property=\"og:image:width\" content=\"2880\" \/>\n\t<meta property=\"og:image:height\" content=\"1620\" \/>\n\t<meta property=\"og:image:type\" content=\"image\/png\" \/>\n<meta name=\"twitter:card\" content=\"summary_large_image\" \/>\n<meta name=\"twitter:site\" content=\"@talkpalai\" \/>\n<script type=\"application\/ld+json\" class=\"yoast-schema-graph\">{\"@context\":\"https:\/\/schema.org\",\"@graph\":[{\"@type\":\"WebPage\",\"@id\":\"https:\/\/talkpal.ai\/da\/talkpal-halloween-rabat\/\",\"url\":\"https:\/\/talkpal.ai\/da\/talkpal-halloween-rabat\/\",\"name\":\"Talkpal Halloween-rabat - Talkpal\",\"isPartOf\":{\"@id\":\"https:\/\/talkpal.ai\/da\/#website\"},\"datePublished\":\"2025-11-27T17:03:24+00:00\",\"dateModified\":\"2026-01-22T14:58:30+00:00\",\"description\":\"Spar 79% p\u00e5 Talkpal Premium denne Halloween og mestr ethvert sprog med vores avancerede AI-underviser.\",\"breadcrumb\":{\"@id\":\"https:\/\/talkpal.ai\/da\/talkpal-halloween-rabat\/#breadcrumb\"},\"inLanguage\":\"da-DK\",\"potentialAction\":[{\"@type\":\"ReadAction\",\"target\":[\"https:\/\/talkpal.ai\/da\/talkpal-halloween-rabat\/\"]}]},{\"@type\":\"BreadcrumbList\",\"@id\":\"https:\/\/talkpal.ai\/da\/talkpal-halloween-rabat\/#breadcrumb\",\"itemListElement\":[{\"@type\":\"ListItem\",\"position\":1,\"name\":\"Homepage\",\"item\":\"https:\/\/talkpal.ai\/da\/\"},{\"@type\":\"ListItem\",\"position\":2,\"name\":\"Talkpal Halloween-rabat\"}]},{\"@type\":\"WebSite\",\"@id\":\"https:\/\/talkpal.ai\/da\/#website\",\"url\":\"https:\/\/talkpal.ai\/da\/\",\"name\":\"Talkpal\",\"description\":\"AI Language Learning\",\"publisher\":{\"@id\":\"https:\/\/talkpal.ai\/da\/#organization\"},\"alternateName\":\"Talkpal AI\",\"potentialAction\":[{\"@type\":\"SearchAction\",\"target\":{\"@type\":\"EntryPoint\",\"urlTemplate\":\"https:\/\/talkpal.ai\/da\/?s={search_term_string}\"},\"query-input\":{\"@type\":\"PropertyValueSpecification\",\"valueRequired\":true,\"valueName\":\"search_term_string\"}}],\"inLanguage\":\"da-DK\"},{\"@type\":\"Organization\",\"@id\":\"https:\/\/talkpal.ai\/da\/#organization\",\"name\":\"Talkpal, Inc.\",\"alternateName\":\"Talkpal AI\",\"url\":\"https:\/\/talkpal.ai\/da\/\",\"logo\":{\"@type\":\"ImageObject\",\"inLanguage\":\"da-DK\",\"@id\":\"https:\/\/talkpal.ai\/da\/#\/schema\/logo\/image\/\",\"url\":\"https:\/\/talkpal.ai\/wp-content\/uploads\/2024\/03\/Talkpal-Logo-Icon.png\",\"contentUrl\":\"https:\/\/talkpal.ai\/wp-content\/uploads\/2024\/03\/Talkpal-Logo-Icon.png\",\"width\":2880,\"height\":2880,\"caption\":\"Talkpal, Inc.\"},\"image\":{\"@id\":\"https:\/\/talkpal.ai\/da\/#\/schema\/logo\/image\/\"},\"sameAs\":[\"https:\/\/www.facebook.com\/profile.php?id=100090733639311\",\"https:\/\/x.com\/talkpalai\",\"https:\/\/www.linkedin.com\/company\/talkpal\/\",\"https:\/\/www.youtube.com\/@TalkPal\/\",\"https:\/\/www.tiktok.com\/@talkpal\",\"https:\/\/www.instagram.com\/talkpal_ai\/\",\"https:\/\/www.crunchbase.com\/organization\/talkpal-9cde\",\"https:\/\/www.g2.com\/products\/talkpal-for-business\/\",\"https:\/\/www.trustpilot.com\/review\/talkpal.ai\",\"https:\/\/www.capterra.com\/p\/10006800\/TalkPal\/\"],\"description\":\"Talkpal is a language learning web and mobile education app, powered by the latest AI technologies, that provides engaging experiences to its customers in many different languages to help them improve their language skills. Users can chat about unlimited amount of topics with the app and use other modes to practice their language learning.\",\"email\":\"support@talkpal.ai\",\"legalName\":\"Talkpal, Inc.\",\"foundingDate\":\"2023-04-03\",\"duns\":\"118989042\",\"numberOfEmployees\":{\"@type\":\"QuantitativeValue\",\"minValue\":\"11\",\"maxValue\":\"50\"},\"publishingPrinciples\":\"https:\/\/talkpal.ai\/publishing-principles\/\",\"actionableFeedbackPolicy\":\"https:\/\/talkpal.ai\/actionable-feedback-policy\/\",\"correctionsPolicy\":\"https:\/\/talkpal.ai\/corrections-policy\/\",\"ethicsPolicy\":\"https:\/\/talkpal.ai\/ethics-policy\/\",\"diversityPolicy\":\"https:\/\/talkpal.ai\/diversity-policy\/\",\"diversityStaffingReport\":\"https:\/\/talkpal.ai\/diversity-policy\/\"}]}<\/script>\n<!-- \/ Yoast SEO Premium plugin. -->","yoast_head_json":{"title":"Talkpal Halloween-rabat - Talkpal","description":"Spar 79% p\u00e5 Talkpal Premium denne Halloween og mestr ethvert sprog med vores avancerede AI-underviser.","robots":{"index":"index","follow":"follow","max-snippet":"max-snippet:-1","max-image-preview":"max-image-preview:large","max-video-preview":"max-video-preview:-1"},"canonical":"https:\/\/talkpal.ai\/da\/talkpal-halloween-rabat\/","og_locale":"da_DK","og_type":"article","og_title":"Talkpal Halloween-rabat","og_url":"https:\/\/talkpal.ai\/da\/talkpal-halloween-rabat\/","og_site_name":"Talkpal","article_publisher":"https:\/\/www.facebook.com\/profile.php?id=100090733639311","article_modified_time":"2026-01-22T14:58:30+00:00","og_image":[{"width":2880,"height":1620,"url":"https:\/\/talkpal.ai\/wp-content\/uploads\/2025\/02\/Progress-tab-16_9.png","type":"image\/png"}],"twitter_card":"summary_large_image","twitter_site":"@talkpalai","schema":{"@context":"https:\/\/schema.org","@graph":[{"@type":"WebPage","@id":"https:\/\/talkpal.ai\/da\/talkpal-halloween-rabat\/","url":"https:\/\/talkpal.ai\/da\/talkpal-halloween-rabat\/","name":"Talkpal Halloween-rabat - Talkpal","isPartOf":{"@id":"https:\/\/talkpal.ai\/da\/#website"},"datePublished":"2025-11-27T17:03:24+00:00","dateModified":"2026-01-22T14:58:30+00:00","description":"Spar 79% p\u00e5 Talkpal Premium denne Halloween og mestr ethvert sprog med vores avancerede AI-underviser.","breadcrumb":{"@id":"https:\/\/talkpal.ai\/da\/talkpal-halloween-rabat\/#breadcrumb"},"inLanguage":"da-DK","potentialAction":[{"@type":"ReadAction","target":["https:\/\/talkpal.ai\/da\/talkpal-halloween-rabat\/"]}]},{"@type":"BreadcrumbList","@id":"https:\/\/talkpal.ai\/da\/talkpal-halloween-rabat\/#breadcrumb","itemListElement":[{"@type":"ListItem","position":1,"name":"Homepage","item":"https:\/\/talkpal.ai\/da\/"},{"@type":"ListItem","position":2,"name":"Talkpal Halloween-rabat"}]},{"@type":"WebSite","@id":"https:\/\/talkpal.ai\/da\/#website","url":"https:\/\/talkpal.ai\/da\/","name":"Talkpal","description":"AI Language Learning","publisher":{"@id":"https:\/\/talkpal.ai\/da\/#organization"},"alternateName":"Talkpal AI","potentialAction":[{"@type":"SearchAction","target":{"@type":"EntryPoint","urlTemplate":"https:\/\/talkpal.ai\/da\/?s={search_term_string}"},"query-input":{"@type":"PropertyValueSpecification","valueRequired":true,"valueName":"search_term_string"}}],"inLanguage":"da-DK"},{"@type":"Organization","@id":"https:\/\/talkpal.ai\/da\/#organization","name":"Talkpal, Inc.","alternateName":"Talkpal AI","url":"https:\/\/talkpal.ai\/da\/","logo":{"@type":"ImageObject","inLanguage":"da-DK","@id":"https:\/\/talkpal.ai\/da\/#\/schema\/logo\/image\/","url":"https:\/\/talkpal.ai\/wp-content\/uploads\/2024\/03\/Talkpal-Logo-Icon.png","contentUrl":"https:\/\/talkpal.ai\/wp-content\/uploads\/2024\/03\/Talkpal-Logo-Icon.png","width":2880,"height":2880,"caption":"Talkpal, Inc."},"image":{"@id":"https:\/\/talkpal.ai\/da\/#\/schema\/logo\/image\/"},"sameAs":["https:\/\/www.facebook.com\/profile.php?id=100090733639311","https:\/\/x.com\/talkpalai","https:\/\/www.linkedin.com\/company\/talkpal\/","https:\/\/www.youtube.com\/@TalkPal\/","https:\/\/www.tiktok.com\/@talkpal","https:\/\/www.instagram.com\/talkpal_ai\/","https:\/\/www.crunchbase.com\/organization\/talkpal-9cde","https:\/\/www.g2.com\/products\/talkpal-for-business\/","https:\/\/www.trustpilot.com\/review\/talkpal.ai","https:\/\/www.capterra.com\/p\/10006800\/TalkPal\/"],"description":"Talkpal is a language learning web and mobile education app, powered by the latest AI technologies, that provides engaging experiences to its customers in many different languages to help them improve their language skills. Users can chat about unlimited amount of topics with the app and use other modes to practice their language learning.","email":"support@talkpal.ai","legalName":"Talkpal, Inc.","foundingDate":"2023-04-03","duns":"118989042","numberOfEmployees":{"@type":"QuantitativeValue","minValue":"11","maxValue":"50"},"publishingPrinciples":"https:\/\/talkpal.ai\/publishing-principles\/","actionableFeedbackPolicy":"https:\/\/talkpal.ai\/actionable-feedback-policy\/","correctionsPolicy":"https:\/\/talkpal.ai\/corrections-policy\/","ethicsPolicy":"https:\/\/talkpal.ai\/ethics-policy\/","diversityPolicy":"https:\/\/talkpal.ai\/diversity-policy\/","diversityStaffingReport":"https:\/\/talkpal.ai\/diversity-policy\/"}]}},"_links":{"self":[{"href":"https:\/\/talkpal.ai\/da\/wp-json\/wp\/v2\/pages\/1481534","targetHints":{"allow":["GET"]}}],"collection":[{"href":"https:\/\/talkpal.ai\/da\/wp-json\/wp\/v2\/pages"}],"about":[{"href":"https:\/\/talkpal.ai\/da\/wp-json\/wp\/v2\/types\/page"}],"author":[{"embeddable":true,"href":"https:\/\/talkpal.ai\/da\/wp-json\/wp\/v2\/users\/20"}],"replies":[{"embeddable":true,"href":"https:\/\/talkpal.ai\/da\/wp-json\/wp\/v2\/comments?post=1481534"}],"version-history":[{"count":0,"href":"https:\/\/talkpal.ai\/da\/wp-json\/wp\/v2\/pages\/1481534\/revisions"}],"wp:attachment":[{"href":"https:\/\/talkpal.ai\/da\/wp-json\/wp\/v2\/media?parent=1481534"}],"curies":[{"name":"wp","href":"https:\/\/api.w.org\/{rel}","templated":true}]}}