{"id":147590,"date":"2023-05-14T14:12:07","date_gmt":"2023-05-14T14:12:07","guid":{"rendered":"http:\/\/talkpal.ai\/marathi-grammatik\/"},"modified":"2025-12-12T10:38:04","modified_gmt":"2025-12-12T10:38:04","slug":"marathi-grammatik","status":"publish","type":"page","link":"https:\/\/talkpal.ai\/da\/marathi-grammatik\/","title":{"rendered":"Marathi grammatik"},"content":{"rendered":"\r\n\r\n\r\n<section class=\"languageChallengeSection\">\r\n    <div class=\"languageInfoWrapper\">\r\n        \r\n        <h1>Marathi grammatik<\/h1>\r\n        <p>Er du nysgerrig p\u00e5 <a href=\"https:\/\/talkpal.ai\/learn-marathi\/\">marathi<\/a>? Tr\u00e6d ind i marathi-grammatikken, hvor k\u00f8nsbestemte navneord, fleksibel s\u00e6tningsstruktur og udtryksfulde verbalb\u00f8jninger skaber et levende og dynamisk <a href=\"https:\/\/talkpal.ai\/what-language-is-spoken-on-the-international-space-station\/\">sprog<\/a>. Begynd din l\u00e6ringsrejse i dag &#8211; at mestre <a href=\"https:\/\/talkpal.ai\/marathi-grammar\/\">marathi-grammatik<\/a> vil hj\u00e6lpe dig med at kommunikere med selvtillid og komme i kontakt med Maharashtras rige traditioner og kultur!<\/p>\r\n\r\n                            <a class=\"getStartedHidden\" href=\"https:\/\/app.talkpal.ai\/da\/signup?lng=\">Kom i gang<\/a>\r\n        \r\n    <\/div>\r\n\r\n    <figure>\r\n    <img decoding=\"async\" width=\"768\" height=\"768\" src=\"https:\/\/talkpal.ai\/wp-content\/uploads\/2023\/06\/marathi-768x768.png\" class=\"languageImage no-lazy\" alt=\"Fun ways to make language learning interesting\" fetchpriority=\"high\" sizes=\"(max-width: 768px) 150px, 768px\" srcset=\"https:\/\/talkpal.ai\/wp-content\/uploads\/2023\/06\/marathi-768x768.png 768w, https:\/\/talkpal.ai\/wp-content\/uploads\/2023\/06\/marathi-300x300.png 300w\" \/>\r\n    \r\n\r\n    <\/figure>\r\n\r\n            <a class=\"getStartedVisible\" href=\"https:\/\/app.talkpal.ai\/da\/signup?lng=\">Kom i gang<\/a>\r\n    \r\n<\/section>\r\n<section class=\"promotionalBanner\">\r\n    <p class=\"promotionalText\">Den mest effektive m\u00e5de at l\u00e6re et sprog p\u00e5<\/p>\r\n    <a class=\"promotionalLink\" href=\"https:\/\/app.talkpal.ai\/da\/signup?lng=\">Pr\u00f8v Talkpal gratis<\/a>\r\n<\/section>\n<div class=\"wp-block-group pageContainerStyle\"><div class=\"wp-block-group__inner-container is-layout-constrained wp-block-group-is-layout-constrained\">\n<h2 class=\"wp-block-heading\" id=\"h-the-allure-of-marathi-grammar-unfolding-its-mysteries-and-intricacies\">Marathi-grammatikens tiltr\u00e6kningskraft: Udfoldelse af dens mysterier og forviklinger<\/h2>\n\n\n\n<p>Kan du huske den forvirrende rejse med at l\u00e6re <a href=\"https:\/\/talkpal.ai\/da\/grammar\/korte-svar-i-engelsk-grammatik\/\">engelsk grammatik<\/a>, fyldt med komplekse regler, undtagelser og indviklet terminologi? Hvis du nu overvejer at l\u00e6re <a href=\"https:\/\/talkpal.ai\/learn-marathi\/\">marathi<\/a>, s\u00e5 g\u00f8r dig klar til en lige s\u00e5 sp\u00e6ndende udforskning af marathi-grammatikken.<\/p>\n\n\n\n<p>Marathi, et indo-arisk sprog, der overvejende tales i den indiske delstat Maharashtra, kan prale af en rig tradition og unikke sproglige tr\u00e6k. N\u00e5r du dykker ned i mystikken i Marathi-grammatik, vil du afd\u00e6kke det fascinerende samspil mellem dets alfabeter, indviklede regler og fortryllende fonetik. S\u00e5 lad os sammen opklare Marathi-grammatikkens fortr\u00e6ffeligheder, en <a href=\"https:\/\/talkpal.ai\/locations\/language-courses-in-lille\/\">lille<\/a> regel ad gangen.<\/p>\n\n\n\n<p>Et af de mest sl\u00e5ende tr\u00e6k ved <strong>Marathi grammatik<\/strong> er dens omfattende brug af substantivb\u00f8jninger. Disse b\u00f8jninger hj\u00e6lper ofte med at formidle afg\u00f8rende grammatiske elementer, s\u00e5som tal, k\u00f8n og store og sm\u00e5 bogstaver. Marathi har tre k\u00f8n &#8211; maskulin, feminin og kastrat &#8211; og hvert k\u00f8n besidder sit karakteristiske s\u00e6t b\u00f8jningsm\u00f8nstre. Desuden har sproget to tal &#8211; ental og flertal &#8211; som hj\u00e6lper med at udtrykke m\u00e6ngden af et substantiv.<\/p>\n\n\n\n<p>Et andet <strong>unikt tr\u00e6k ved Marathi grammatik<\/strong> er den m\u00e5de, verb konjugerer, afh\u00e6ngigt af tid. N\u00e5r man b\u00f8jer verber p\u00e5 marathi, skal man ikke kun tage hensyn til verbets tid, men ogs\u00e5 til subjektets k\u00f8n og tal. Marathi verbformer omfatter nutid, datid og fremtidstid sammen med imperativer og konjunktiver. Disse omfattende b\u00f8jninger tilf\u00f8jer dybde og dynamik til Marathi, hvilket g\u00f8r det til et virkelig f\u00e6ngslende sprog at udforske.<\/p>\n\n\n\n<p>Marathi-sproget er ogs\u00e5 kendt for sine <strong>mange pronomen<\/strong>. Marathi har adskillige personlige, demonstrative, sp\u00f8rgende og refleksive pronomen, der hver kommer med deres respektive forkortelsesm\u00f8nstre. Dette kan virke skr\u00e6mmende i starten, men n\u00e5r du dykker dybere ned i sproget, vil du s\u00e6tte pris p\u00e5 den enest\u00e5ende pr\u00e6cision, som Marathi <a href=\"https:\/\/talkpal.ai\/fr\/les\/\">grammatik<\/a> tilbyder.<\/p>\n\n\n\n<p>En mere sp\u00e6ndende facet af Marathi grammatik ligger i dens <strong>arrangement af ord i en s\u00e6tning<\/strong>. Ordstilling i Marathi f\u00f8lger generelt subjekt-objekt-verbum (SOV) struktur, svarende til andre indo-ariske sprog. Denne struktur placerer typisk verbet i slutningen af s\u00e6tningen, hvilket i f\u00f8rste omgang kan vise sig udfordrende for <a href=\"https:\/\/talkpal.ai\/english-speaking-course\/\">engelsktalende<\/a>.<\/p>\n\n\n\n<p>N\u00e5r du dykker ned i <strong>Marathi-fonetik<\/strong>, vil du st\u00f8de p\u00e5 det fascinerende udvalg af lyde, udtalt gennem de 16 vokaler (swar) og 36 konsonanter (vyanjan). Devanagari-skriftet, som Marathi bruger, tilf\u00f8jer et lag af charme til dette i forvejen f\u00e6ngslende sprog.  <\/p>\n\n\n\n<p>At l\u00e6re Marathi grammatik, med sine utallige regler og kompleksiteter, kan utvivlsomt v\u00e6re en skr\u00e6mmende opgave i starten. Denne udfordring er dog ogs\u00e5 det, der g\u00f8r det us\u00e6dvanligt stimulerende og tilfredsstillende. N\u00e5r du fordyber dig i Marathi-grammatikkens fortryllende verden, vil du afd\u00e6kke ikke kun sprogets arbejde, men ogs\u00e5 f\u00e5 en dybere forst\u00e5else af den kultur, historie og visdom, den legemligg\u00f8r.<\/p>\n\n\n\n<p>S\u00e5 hvorfor ikke begive sig ud p\u00e5 dette sproglige eventyr for at udforske Marathi-grammatikkens dragende dybder og afd\u00e6kke dens utallige mysterier og nuancer, der venter p\u00e5 at blive mestret? Gl\u00e6den ved at l\u00e6re og gl\u00e6den ved at forst\u00e5 finesserne i Marathi grammatik er kun f\u00e5 \u00f8jeblikke v\u00e6k!<\/p>\n<\/div><\/div>\n\r\n<section class=\"learnNavigationSection\">\r\n            \r\n        <a href=\"https:\/\/talkpal.ai\/da\/laer-marathi\/\">\r\n            <div class=\"learnNavigationWrapper\">\r\n                <div class=\"learnNavigationContent\">\r\n                    <img decoding=\"async\" src=\"https:\/\/talkpal.ai\/wp-content\/uploads\/2023\/05\/Marathi-india.png\" alt=\"TalkPal Marathi Flag\">\r\n                    <div>\r\n                        <h4>Om Marathi Learning<\/h4>\r\n                        <p>Find ud af alt om Marathi grammatik.<\/p>\r\n                    <\/div>\r\n                <\/div>\r\n            <\/div>\r\n        <\/a>\r\n\r\n        \r\n        <a href=\"https:\/\/talkpal.ai\/da\/marathi-grammatik-oevelser\/\">\r\n            <div class=\"learnNavigationWrapper\">\r\n                <div class=\"learnNavigationContent\">\r\n                    <img decoding=\"async\" src=\"https:\/\/talkpal.ai\/wp-content\/uploads\/2023\/05\/Marathi-india.png\" alt=\"TalkPal Marathi Flag\">\r\n                    <div>\r\n                        <h4>Marathi grammatik-\u00f8velse<\/h4>\r\n                        <p>\u00d8v Marathi grammatik.<\/p>\r\n                    <\/div>\r\n                <\/div>\r\n            <\/div>\r\n        <\/a>\r\n\r\n        \r\n        <a href=\"https:\/\/talkpal.ai\/vocabulary_language\/marathi\/\">\r\n            <div class=\"learnNavigationWrapper\">\r\n                <div class=\"learnNavigationContent\">\r\n                    <img decoding=\"async\" src=\"https:\/\/talkpal.ai\/wp-content\/uploads\/2023\/05\/Marathi-india.png\" alt=\"TalkPal Marathi Flag\">\r\n                    <div>\r\n                        <h4>Marathi ordforr\u00e5d<\/h4>\r\n                        <p>Udvid dit ordforr\u00e5d p\u00e5 marathi.<\/p>\r\n                    <\/div>\r\n                <\/div>\r\n            <\/div>\r\n        <\/a>\r\n\r\n            <\/section>","protected":false},"excerpt":{"rendered":"<p>Marathi-grammatikens tiltr\u00e6kningskraft: Udfoldelse af dens mysterier og forviklinger Kan du huske den forvirrende rejse med at l\u00e6re engelsk grammatik, fyldt med komplekse regler, undtagelser og indviklet terminologi? Hvis du nu overvejer at l\u00e6re marathi, s\u00e5 g\u00f8r dig klar til en lige s\u00e5 sp\u00e6ndende udforskning af marathi-grammatikken. Marathi, et indo-arisk sprog, der overvejende tales i den [&hellip;]<\/p>\n","protected":false},"author":1,"featured_media":116413,"parent":0,"menu_order":0,"comment_status":"closed","ping_status":"closed","template":"LearningContentPage.php","meta":{"_acf_changed":false,"footnotes":""},"class_list":["post-147590","page","type-page","status-publish","has-post-thumbnail","hentry"],"acf":[],"yoast_head":"<!-- This site is optimized with the Yoast SEO Premium plugin v27.2 (Yoast SEO v27.2) - https:\/\/yoast.com\/product\/yoast-seo-premium-wordpress\/ -->\n<title>Marathi grammatik - Talkpal<\/title>\n<meta name=\"description\" content=\"Udforsk den fascinerende verden af marathi-grammatik, og opdag dens unikke regler, fonetik og b\u00f8jninger, n\u00e5r du skal l\u00e6re sproget.\" \/>\n<meta name=\"robots\" content=\"index, follow, max-snippet:-1, max-image-preview:large, max-video-preview:-1\" \/>\n<link rel=\"canonical\" href=\"https:\/\/talkpal.ai\/da\/marathi-grammatik\/\" \/>\n<meta property=\"og:locale\" content=\"da_DK\" \/>\n<meta property=\"og:type\" content=\"article\" \/>\n<meta property=\"og:title\" content=\"Marathi grammatik\" \/>\n<meta property=\"og:description\" content=\"Marathi-grammatikens tiltr\u00e6kningskraft: Udfoldelse af dens mysterier og forviklinger Kan du huske den forvirrende rejse med at l\u00e6re engelsk grammatik,\" \/>\n<meta property=\"og:url\" content=\"https:\/\/talkpal.ai\/da\/marathi-grammatik\/\" \/>\n<meta property=\"og:site_name\" content=\"Talkpal\" \/>\n<meta property=\"article:publisher\" content=\"https:\/\/www.facebook.com\/profile.php?id=100090733639311\" \/>\n<meta property=\"article:modified_time\" content=\"2025-12-12T10:38:04+00:00\" \/>\n<meta property=\"og:image\" content=\"https:\/\/talkpal.ai\/wp-content\/uploads\/2023\/05\/Marathi-india.png\" \/>\n\t<meta property=\"og:image:width\" content=\"512\" \/>\n\t<meta property=\"og:image:height\" content=\"512\" \/>\n\t<meta property=\"og:image:type\" content=\"image\/png\" \/>\n<meta name=\"twitter:card\" content=\"summary_large_image\" \/>\n<meta name=\"twitter:site\" content=\"@talkpalai\" \/>\n<meta name=\"twitter:label1\" content=\"Estimeret l\u00e6setid\" \/>\n\t<meta name=\"twitter:data1\" content=\"3 minutter\" \/>\n<script type=\"application\/ld+json\" class=\"yoast-schema-graph\">{\"@context\":\"https:\/\/schema.org\",\"@graph\":[{\"@type\":\"WebPage\",\"@id\":\"https:\/\/talkpal.ai\/da\/marathi-grammatik\/\",\"url\":\"https:\/\/talkpal.ai\/da\/marathi-grammatik\/\",\"name\":\"Marathi grammatik - Talkpal\",\"isPartOf\":{\"@id\":\"https:\/\/talkpal.ai\/da\/#website\"},\"primaryImageOfPage\":{\"@id\":\"https:\/\/talkpal.ai\/da\/marathi-grammatik\/#primaryimage\"},\"image\":{\"@id\":\"https:\/\/talkpal.ai\/da\/marathi-grammatik\/#primaryimage\"},\"thumbnailUrl\":\"https:\/\/talkpal.ai\/wp-content\/uploads\/2023\/05\/Marathi-india.png\",\"datePublished\":\"2023-05-14T14:12:07+00:00\",\"dateModified\":\"2025-12-12T10:38:04+00:00\",\"description\":\"Udforsk den fascinerende verden af marathi-grammatik, og opdag dens unikke regler, fonetik og b\u00f8jninger, n\u00e5r du skal l\u00e6re sproget.\",\"breadcrumb\":{\"@id\":\"https:\/\/talkpal.ai\/da\/marathi-grammatik\/#breadcrumb\"},\"inLanguage\":\"da-DK\",\"potentialAction\":[{\"@type\":\"ReadAction\",\"target\":[\"https:\/\/talkpal.ai\/da\/marathi-grammatik\/\"]}]},{\"@type\":\"ImageObject\",\"inLanguage\":\"da-DK\",\"@id\":\"https:\/\/talkpal.ai\/da\/marathi-grammatik\/#primaryimage\",\"url\":\"https:\/\/talkpal.ai\/wp-content\/uploads\/2023\/05\/Marathi-india.png\",\"contentUrl\":\"https:\/\/talkpal.ai\/wp-content\/uploads\/2023\/05\/Marathi-india.png\",\"width\":512,\"height\":512},{\"@type\":\"BreadcrumbList\",\"@id\":\"https:\/\/talkpal.ai\/da\/marathi-grammatik\/#breadcrumb\",\"itemListElement\":[{\"@type\":\"ListItem\",\"position\":1,\"name\":\"Homepage\",\"item\":\"https:\/\/talkpal.ai\/da\/\"},{\"@type\":\"ListItem\",\"position\":2,\"name\":\"Marathi grammatik\"}]},{\"@type\":\"WebSite\",\"@id\":\"https:\/\/talkpal.ai\/da\/#website\",\"url\":\"https:\/\/talkpal.ai\/da\/\",\"name\":\"Talkpal\",\"description\":\"AI Language Learning\",\"publisher\":{\"@id\":\"https:\/\/talkpal.ai\/da\/#organization\"},\"alternateName\":\"Talkpal AI\",\"potentialAction\":[{\"@type\":\"SearchAction\",\"target\":{\"@type\":\"EntryPoint\",\"urlTemplate\":\"https:\/\/talkpal.ai\/da\/?s={search_term_string}\"},\"query-input\":{\"@type\":\"PropertyValueSpecification\",\"valueRequired\":true,\"valueName\":\"search_term_string\"}}],\"inLanguage\":\"da-DK\"},{\"@type\":\"Organization\",\"@id\":\"https:\/\/talkpal.ai\/da\/#organization\",\"name\":\"Talkpal, Inc.\",\"alternateName\":\"Talkpal AI\",\"url\":\"https:\/\/talkpal.ai\/da\/\",\"logo\":{\"@type\":\"ImageObject\",\"inLanguage\":\"da-DK\",\"@id\":\"https:\/\/talkpal.ai\/da\/#\/schema\/logo\/image\/\",\"url\":\"https:\/\/talkpal.ai\/wp-content\/uploads\/2024\/03\/Talkpal-Logo-Icon.png\",\"contentUrl\":\"https:\/\/talkpal.ai\/wp-content\/uploads\/2024\/03\/Talkpal-Logo-Icon.png\",\"width\":2880,\"height\":2880,\"caption\":\"Talkpal, Inc.\"},\"image\":{\"@id\":\"https:\/\/talkpal.ai\/da\/#\/schema\/logo\/image\/\"},\"sameAs\":[\"https:\/\/www.facebook.com\/profile.php?id=100090733639311\",\"https:\/\/x.com\/talkpalai\",\"https:\/\/www.linkedin.com\/company\/talkpal\/\",\"https:\/\/www.youtube.com\/@TalkPal\/\",\"https:\/\/www.tiktok.com\/@talkpal\",\"https:\/\/www.instagram.com\/talkpal_ai\/\",\"https:\/\/www.crunchbase.com\/organization\/talkpal-9cde\",\"https:\/\/www.g2.com\/products\/talkpal-for-business\/\",\"https:\/\/www.trustpilot.com\/review\/talkpal.ai\",\"https:\/\/www.capterra.com\/p\/10006800\/TalkPal\/\"],\"description\":\"Talkpal is a language learning web and mobile education app, powered by the latest AI technologies, that provides engaging experiences to its customers in many different languages to help them improve their language skills. Users can chat about unlimited amount of topics with the app and use other modes to practice their language learning.\",\"email\":\"support@talkpal.ai\",\"legalName\":\"Talkpal, Inc.\",\"foundingDate\":\"2023-04-03\",\"duns\":\"118989042\",\"numberOfEmployees\":{\"@type\":\"QuantitativeValue\",\"minValue\":\"11\",\"maxValue\":\"50\"},\"publishingPrinciples\":\"https:\/\/talkpal.ai\/publishing-principles\/\",\"actionableFeedbackPolicy\":\"https:\/\/talkpal.ai\/actionable-feedback-policy\/\",\"correctionsPolicy\":\"https:\/\/talkpal.ai\/corrections-policy\/\",\"ethicsPolicy\":\"https:\/\/talkpal.ai\/ethics-policy\/\",\"diversityPolicy\":\"https:\/\/talkpal.ai\/diversity-policy\/\",\"diversityStaffingReport\":\"https:\/\/talkpal.ai\/diversity-policy\/\"}]}<\/script>\n<!-- \/ Yoast SEO Premium plugin. -->","yoast_head_json":{"title":"Marathi grammatik - Talkpal","description":"Udforsk den fascinerende verden af marathi-grammatik, og opdag dens unikke regler, fonetik og b\u00f8jninger, n\u00e5r du skal l\u00e6re sproget.","robots":{"index":"index","follow":"follow","max-snippet":"max-snippet:-1","max-image-preview":"max-image-preview:large","max-video-preview":"max-video-preview:-1"},"canonical":"https:\/\/talkpal.ai\/da\/marathi-grammatik\/","og_locale":"da_DK","og_type":"article","og_title":"Marathi grammatik","og_description":"Marathi-grammatikens tiltr\u00e6kningskraft: Udfoldelse af dens mysterier og forviklinger Kan du huske den forvirrende rejse med at l\u00e6re engelsk grammatik,","og_url":"https:\/\/talkpal.ai\/da\/marathi-grammatik\/","og_site_name":"Talkpal","article_publisher":"https:\/\/www.facebook.com\/profile.php?id=100090733639311","article_modified_time":"2025-12-12T10:38:04+00:00","og_image":[{"width":512,"height":512,"url":"https:\/\/talkpal.ai\/wp-content\/uploads\/2023\/05\/Marathi-india.png","type":"image\/png"}],"twitter_card":"summary_large_image","twitter_site":"@talkpalai","twitter_misc":{"Estimeret l\u00e6setid":"3 minutter"},"schema":{"@context":"https:\/\/schema.org","@graph":[{"@type":"WebPage","@id":"https:\/\/talkpal.ai\/da\/marathi-grammatik\/","url":"https:\/\/talkpal.ai\/da\/marathi-grammatik\/","name":"Marathi grammatik - Talkpal","isPartOf":{"@id":"https:\/\/talkpal.ai\/da\/#website"},"primaryImageOfPage":{"@id":"https:\/\/talkpal.ai\/da\/marathi-grammatik\/#primaryimage"},"image":{"@id":"https:\/\/talkpal.ai\/da\/marathi-grammatik\/#primaryimage"},"thumbnailUrl":"https:\/\/talkpal.ai\/wp-content\/uploads\/2023\/05\/Marathi-india.png","datePublished":"2023-05-14T14:12:07+00:00","dateModified":"2025-12-12T10:38:04+00:00","description":"Udforsk den fascinerende verden af marathi-grammatik, og opdag dens unikke regler, fonetik og b\u00f8jninger, n\u00e5r du skal l\u00e6re sproget.","breadcrumb":{"@id":"https:\/\/talkpal.ai\/da\/marathi-grammatik\/#breadcrumb"},"inLanguage":"da-DK","potentialAction":[{"@type":"ReadAction","target":["https:\/\/talkpal.ai\/da\/marathi-grammatik\/"]}]},{"@type":"ImageObject","inLanguage":"da-DK","@id":"https:\/\/talkpal.ai\/da\/marathi-grammatik\/#primaryimage","url":"https:\/\/talkpal.ai\/wp-content\/uploads\/2023\/05\/Marathi-india.png","contentUrl":"https:\/\/talkpal.ai\/wp-content\/uploads\/2023\/05\/Marathi-india.png","width":512,"height":512},{"@type":"BreadcrumbList","@id":"https:\/\/talkpal.ai\/da\/marathi-grammatik\/#breadcrumb","itemListElement":[{"@type":"ListItem","position":1,"name":"Homepage","item":"https:\/\/talkpal.ai\/da\/"},{"@type":"ListItem","position":2,"name":"Marathi grammatik"}]},{"@type":"WebSite","@id":"https:\/\/talkpal.ai\/da\/#website","url":"https:\/\/talkpal.ai\/da\/","name":"Talkpal","description":"AI Language Learning","publisher":{"@id":"https:\/\/talkpal.ai\/da\/#organization"},"alternateName":"Talkpal AI","potentialAction":[{"@type":"SearchAction","target":{"@type":"EntryPoint","urlTemplate":"https:\/\/talkpal.ai\/da\/?s={search_term_string}"},"query-input":{"@type":"PropertyValueSpecification","valueRequired":true,"valueName":"search_term_string"}}],"inLanguage":"da-DK"},{"@type":"Organization","@id":"https:\/\/talkpal.ai\/da\/#organization","name":"Talkpal, Inc.","alternateName":"Talkpal AI","url":"https:\/\/talkpal.ai\/da\/","logo":{"@type":"ImageObject","inLanguage":"da-DK","@id":"https:\/\/talkpal.ai\/da\/#\/schema\/logo\/image\/","url":"https:\/\/talkpal.ai\/wp-content\/uploads\/2024\/03\/Talkpal-Logo-Icon.png","contentUrl":"https:\/\/talkpal.ai\/wp-content\/uploads\/2024\/03\/Talkpal-Logo-Icon.png","width":2880,"height":2880,"caption":"Talkpal, Inc."},"image":{"@id":"https:\/\/talkpal.ai\/da\/#\/schema\/logo\/image\/"},"sameAs":["https:\/\/www.facebook.com\/profile.php?id=100090733639311","https:\/\/x.com\/talkpalai","https:\/\/www.linkedin.com\/company\/talkpal\/","https:\/\/www.youtube.com\/@TalkPal\/","https:\/\/www.tiktok.com\/@talkpal","https:\/\/www.instagram.com\/talkpal_ai\/","https:\/\/www.crunchbase.com\/organization\/talkpal-9cde","https:\/\/www.g2.com\/products\/talkpal-for-business\/","https:\/\/www.trustpilot.com\/review\/talkpal.ai","https:\/\/www.capterra.com\/p\/10006800\/TalkPal\/"],"description":"Talkpal is a language learning web and mobile education app, powered by the latest AI technologies, that provides engaging experiences to its customers in many different languages to help them improve their language skills. Users can chat about unlimited amount of topics with the app and use other modes to practice their language learning.","email":"support@talkpal.ai","legalName":"Talkpal, Inc.","foundingDate":"2023-04-03","duns":"118989042","numberOfEmployees":{"@type":"QuantitativeValue","minValue":"11","maxValue":"50"},"publishingPrinciples":"https:\/\/talkpal.ai\/publishing-principles\/","actionableFeedbackPolicy":"https:\/\/talkpal.ai\/actionable-feedback-policy\/","correctionsPolicy":"https:\/\/talkpal.ai\/corrections-policy\/","ethicsPolicy":"https:\/\/talkpal.ai\/ethics-policy\/","diversityPolicy":"https:\/\/talkpal.ai\/diversity-policy\/","diversityStaffingReport":"https:\/\/talkpal.ai\/diversity-policy\/"}]}},"_links":{"self":[{"href":"https:\/\/talkpal.ai\/da\/wp-json\/wp\/v2\/pages\/147590","targetHints":{"allow":["GET"]}}],"collection":[{"href":"https:\/\/talkpal.ai\/da\/wp-json\/wp\/v2\/pages"}],"about":[{"href":"https:\/\/talkpal.ai\/da\/wp-json\/wp\/v2\/types\/page"}],"author":[{"embeddable":true,"href":"https:\/\/talkpal.ai\/da\/wp-json\/wp\/v2\/users\/1"}],"replies":[{"embeddable":true,"href":"https:\/\/talkpal.ai\/da\/wp-json\/wp\/v2\/comments?post=147590"}],"version-history":[{"count":0,"href":"https:\/\/talkpal.ai\/da\/wp-json\/wp\/v2\/pages\/147590\/revisions"}],"wp:featuredmedia":[{"embeddable":true,"href":"https:\/\/talkpal.ai\/da\/wp-json\/wp\/v2\/media\/116413"}],"wp:attachment":[{"href":"https:\/\/talkpal.ai\/da\/wp-json\/wp\/v2\/media?parent=147590"}],"curies":[{"name":"wp","href":"https:\/\/api.w.org\/{rel}","templated":true}]}}