{"id":147282,"date":"2023-05-14T14:11:47","date_gmt":"2023-05-14T14:11:47","guid":{"rendered":"http:\/\/talkpal.ai\/malajisk-grammatik\/"},"modified":"2025-12-17T16:41:33","modified_gmt":"2025-12-17T16:41:33","slug":"malajisk-grammatik","status":"publish","type":"page","link":"https:\/\/talkpal.ai\/da\/malajisk-grammatik\/","title":{"rendered":"Malajisk grammatik"},"content":{"rendered":"\r\n\r\n\r\n<section class=\"languageChallengeSection\">\r\n    <div class=\"languageInfoWrapper\">\r\n        \r\n        <h1>Malajisk grammatik<\/h1>\r\n        <p>Er du nysgerrig efter at l\u00e6re malaysisk? Dyk ned i <a href=\"https:\/\/talkpal.ai\/sv\/grammar\/utropstexter-i-malaysisk-grammatik\/\">malaysisk grammatik<\/a>, der er kendt for sine enkle regler, mangel p\u00e5 verbalb\u00f8jning og brug af affikser til at skabe mening. Begynd i dag &#8211; at mestre malaysisk <a href=\"https:\/\/talkpal.ai\/fr\/les\/\">grammatik<\/a> vil give dig selvtillid til at kommunikere let og \u00e5bne d\u00f8re til de forskelligartede og dynamiske kulturer i Syd\u00f8stasien!<\/p>\r\n\r\n                            <a class=\"getStartedHidden\" href=\"https:\/\/app.talkpal.ai\/da\/signup?lng=\">Kom i gang<\/a>\r\n        \r\n    <\/div>\r\n\r\n    <figure>\r\n    <img decoding=\"async\" width=\"768\" height=\"768\" src=\"https:\/\/talkpal.ai\/wp-content\/uploads\/2023\/06\/malay-768x768.png\" class=\"languageImage no-lazy\" alt=\"Language learning for personal accomplishments\" fetchpriority=\"high\" sizes=\"(max-width: 768px) 150px, 768px\" srcset=\"https:\/\/talkpal.ai\/wp-content\/uploads\/2023\/06\/malay-768x768.png 768w, https:\/\/talkpal.ai\/wp-content\/uploads\/2023\/06\/malay-300x300.png 300w\" \/>\r\n    \r\n\r\n    <\/figure>\r\n\r\n            <a class=\"getStartedVisible\" href=\"https:\/\/app.talkpal.ai\/da\/signup?lng=\">Kom i gang<\/a>\r\n    \r\n<\/section>\r\n<section class=\"promotionalBanner\">\r\n    <p class=\"promotionalText\">Den mest effektive m\u00e5de at l\u00e6re et <a href=\"https:\/\/talkpal.ai\/what-language-is-spoken-on-the-international-space-station\/\">sprog<\/a> p\u00e5<\/p>\r\n    <a class=\"promotionalLink\" href=\"https:\/\/app.talkpal.ai\/da\/signup?lng=\">Pr\u00f8v Talkpal gratis<\/a>\r\n<\/section>\n<div class=\"wp-block-group pageContainerStyle\"><div class=\"wp-block-group__inner-container is-layout-constrained wp-block-group-is-layout-constrained\">\n<h2 class=\"wp-block-heading\" id=\"h-malay-grammar-exploring-the-richness-of-bahasa-melayu\">Malajisk grammatik: Udforskning af Bahasa Melayus rigdom<\/h2>\n\n\n\n<p>Det malaysiske sprog, eller <a href=\"https:\/\/talkpal.ai\/ms\/belajar-bahasa-melayu\/\">Bahasa Melayu<\/a>, er et af verdens <a href=\"https:\/\/talkpal.ai\/the-10-most-spoken-languages-in-the-world\/\">mest talte sprog<\/a> og forener de forskellige folkeslag i Malaysia, Indonesien, Brunei og <a href=\"https:\/\/talkpal.ai\/locations\/language-courses-in-singapore\/\">Singapore<\/a>. N\u00e5r du kaster dig ud i at l\u00e6re malaysisk, vil du hurtigt opdage sk\u00f8nheden i grammatikken og det spirende sproglige landskab. Denne artikel har til form\u00e5l at introducere dig til kerneprincipperne i malaysisk grammatik og guide dig til bedre at forst\u00e5 og v\u00e6rds\u00e6tte dette alsidige sprog.<\/p>\n\n\n\n<h3 class=\"wp-block-heading\" id=\"h-1-nouns-simplicity-rules\">1. Substantiver &#8211; Enkelhed regler<\/h3>\n\n\n\n<p>I mods\u00e6tning til andre sprog har malaysisk grammatik ikke b\u00f8jninger eller k\u00f8nsklassifikationer for navneordene. I stedet l\u00e6gger substantivbrug stor v\u00e6gt p\u00e5 enkelhed. Flertalsformer af substantiver skabes ved blot at duplikere dem. Det lyder nemt, ikke? For eksempel er &#8220;\u00e6ble&#8221; &#8220;buah epal&#8221;, s\u00e5 &#8220;\u00e6bler&#8221; bliver til &#8220;buah-buah epal&#8221;. Du kan droppe duplikeringen i uformel tale.<\/p>\n\n\n\n<h3 class=\"wp-block-heading\" id=\"h-2-adjectives-straightforward-descriptions\">2. Adjektiver &#8211; ligefremme beskrivelser<\/h3>\n\n\n\n<p>Malaysiske adjektiver forbliver u\u00e6ndrede, uanset hvilket substantiv de beskriver, hvilket g\u00f8r dem utroligt nemme at bruge &#8211; endnu et bevis p\u00e5 sprogets enkelhed. Adjektivplacering kommer efter substantivet, hvilket skaber en behagelig str\u00f8m i s\u00e6tninger. For eksempel er &#8220;et stort hus&#8221; &#8220;rumah besar&#8221;, hvor &#8220;rumah&#8221; henviser til &#8220;hus&#8221;, og &#8220;besar&#8221; betyder &#8220;stort&#8221;.<\/p>\n\n\n\n<h3 class=\"wp-block-heading\" id=\"h-3-verbs-the-magic-of-prefixes-and-suffixes\">3. Verber &#8211; magien ved pr\u00e6fikser og suffikser<\/h3>\n\n\n\n<p>Malaysiske verber har en alsidighed, der er b\u00e5de sp\u00e6ndende og ligetil. I Bahasa Melayu formidles tider ikke eksplicit gennem verbalformer; i stedet angives de gennem kontekst eller tidsmark\u00f8rer. Derudover g\u00f8r malaysisk omfattende brug af pr\u00e6fikser og suffikser til at udtrykke forskellige verbaspekter.<\/p>\n\n\n\n<p>Der er tre prim\u00e6re pr\u00e6fikser: &#8220;meN-&#8220;, &#8220;ber-&#8221; og &#8220;ter-&#8220;. Pr\u00e6fikset &#8220;meN-&#8221; har en bred vifte af anvendelser, herunder at danne aktive verber og angive \u00e5rsagssammenh\u00e6nge. I mellemtiden betegner &#8220;ber-&#8221; intransitive handlinger, og &#8220;ter-&#8221; angiver tilf\u00e6ldige h\u00e6ndelser eller passive handlinger. Det er vigtigt at bem\u00e6rke, at hvert pr\u00e6fiks kan udl\u00f8se sm\u00e5 stave\u00e6ndringer i grundverbet.<\/p>\n\n\n\n<p>Suffikser som &#8220;-kan&#8221; og &#8220;-i&#8221; er med til at give yderligere specificitet, mens infikset &#8220;-el-&#8221; tilf\u00f8rer intensitet til grundverbet.<\/p>\n\n\n\n<h3 class=\"wp-block-heading\" id=\"h-4-prepositions-amp-particles-adding-flavor-to-sentences\">4. Pr\u00e6positioner og partikler &#8211; Tilf\u00f8jelse af smag til s\u00e6tninger<\/h3>\n\n\n\n<p>Pr\u00e6positioner og partikler spiller en afg\u00f8rende rolle i malaysisk grammatik, fungerer som sproglig lim og giver v\u00e6sentlig kontekst. Pr\u00e6positioner som &#8220;di&#8221; (ved), &#8220;ke&#8221; (til) og &#8220;dari&#8221; (fra) hj\u00e6lper med at etablere relationer mellem ord. P\u00e5 den anden side bruges partikler som &#8220;lah&#8221;, &#8220;kah&#8221; og &#8220;pun&#8221; til at tilf\u00f8je v\u00e6gt, f\u00f8lelser og sp\u00f8rgsm\u00e5lstegn til s\u00e6tninger.<\/p>\n\n\n\n<p>For eksempel bliver s\u00e6tningen &#8220;Kamu pergi sana&#8221;, som betyder &#8220;Du g\u00e5r derhen&#8221;, mere eftertrykkelig, hvis du tilf\u00f8jer &#8220;lah&#8221; til sidst: &#8220;Kamu pergi sana lah.&#8221; Det betyder nu &#8220;Du g\u00e5r derhen (lige nu)&#8221;.<\/p>\n\n\n\n<h3 class=\"wp-block-heading\" id=\"h-5-embracing-the-journey\">5. Omfavn rejsen<\/h3>\n\n\n\n<p>Mens malaysisk grammatik kan virke ligetil sammenlignet med andre sprog, ligger dens sk\u00f8nhed i rigdommen og mangfoldigheden af udtryk opn\u00e5et gennem enkle regler. Den lette at l\u00e6re malaysisk grammatik vil g\u00f8re det muligt for dig at engagere sig i den mangfoldige malaysisktalende verden mere effektivt og fordybe dig i sin unikke kultur.<\/p>\n\n\n\n<p>F\u00f8r du dykker f\u00f8rst ind i Bahasa Melayus verden, skal du huske, at rejsen m\u00e5ske ikke altid er glat sejlads. Hold et \u00e5bent sind, engagere sig med indf\u00f8dte talere, og vigtigst af alt, nyd oplevelsen af at opdage nuancerne inden for dette smukke sprog. Selamat belajar-glad l\u00e6ring!<\/p>\n<\/div><\/div>\n\r\n<section class=\"learnNavigationSection\">\r\n            \r\n        <a href=\"https:\/\/talkpal.ai\/da\/laer-malaysisk\/\">\r\n            <div class=\"learnNavigationWrapper\">\r\n                <div class=\"learnNavigationContent\">\r\n                    <img decoding=\"async\" src=\"https:\/\/talkpal.ai\/wp-content\/uploads\/2024\/08\/Malay.jpg\" alt=\"Malaysian Flag\">\r\n                    <div>\r\n                        <h4>Om Malay Learning<\/h4>\r\n                        <p>Find ud af alt om malaysisk grammatik.<\/p>\r\n                    <\/div>\r\n                <\/div>\r\n            <\/div>\r\n        <\/a>\r\n\r\n        \r\n        <a href=\"https:\/\/talkpal.ai\/da\/malajiske-grammatikoevelser\/\">\r\n            <div class=\"learnNavigationWrapper\">\r\n                <div class=\"learnNavigationContent\">\r\n                    <img decoding=\"async\" src=\"https:\/\/talkpal.ai\/wp-content\/uploads\/2024\/08\/Malay.jpg\" alt=\"Malaysian Flag\">\r\n                    <div>\r\n                        <h4>\u00d8velse i malaysisk grammatik<\/h4>\r\n                        <p>\u00d8v dig i malaysisk grammatik<\/p>\r\n                    <\/div>\r\n                <\/div>\r\n            <\/div>\r\n        <\/a>\r\n\r\n        \r\n        <a href=\"https:\/\/talkpal.ai\/vocabulary_language\/malay\/\">\r\n            <div class=\"learnNavigationWrapper\">\r\n                <div class=\"learnNavigationContent\">\r\n                    <img decoding=\"async\" src=\"https:\/\/talkpal.ai\/wp-content\/uploads\/2024\/08\/Malay.jpg\" alt=\"Malaysian Flag\">\r\n                    <div>\r\n                        <h4>Malaysisk ordforr\u00e5d<\/h4>\r\n                        <p>Udvid dit malaysiske ordforr\u00e5d.<\/p>\r\n                    <\/div>\r\n                <\/div>\r\n            <\/div>\r\n        <\/a>\r\n\r\n            <\/section>","protected":false},"excerpt":{"rendered":"<p>Malajisk grammatik: Udforskning af Bahasa Melayus rigdom Det malaysiske sprog, eller Bahasa Melayu, er et af verdens mest talte sprog og forener de forskellige folkeslag i Malaysia, Indonesien, Brunei og Singapore. N\u00e5r du kaster dig ud i at l\u00e6re malaysisk, vil du hurtigt opdage sk\u00f8nheden i grammatikken og det spirende sproglige landskab. Denne artikel har [&hellip;]<\/p>\n","protected":false},"author":1,"featured_media":115600,"parent":0,"menu_order":0,"comment_status":"closed","ping_status":"closed","template":"LearningContentPage.php","meta":{"_acf_changed":false,"footnotes":""},"class_list":["post-147282","page","type-page","status-publish","has-post-thumbnail","hentry"],"acf":[],"yoast_head":"<!-- This site is optimized with the Yoast SEO Premium plugin v27.2 (Yoast SEO v27.2) - https:\/\/yoast.com\/product\/yoast-seo-premium-wordpress\/ -->\n<title>Malajisk grammatik - Talkpal<\/title>\n<meta name=\"description\" content=\"Udforsk malaysisk grammatik, og l\u00e6r, hvordan dens enkelhed kan forbedre din forst\u00e5else af det malaysiske sprog.\" \/>\n<meta name=\"robots\" content=\"index, follow, max-snippet:-1, max-image-preview:large, max-video-preview:-1\" \/>\n<link rel=\"canonical\" href=\"https:\/\/talkpal.ai\/da\/malajisk-grammatik\/\" \/>\n<meta property=\"og:locale\" content=\"da_DK\" \/>\n<meta property=\"og:type\" content=\"article\" \/>\n<meta property=\"og:title\" content=\"Malajisk grammatik\" \/>\n<meta property=\"og:description\" content=\"Malajisk grammatik: Udforskning af Bahasa Melayus rigdom Det malaysiske sprog, eller Bahasa Melayu, er et af verdens mest talte sprog og forener de\" \/>\n<meta property=\"og:url\" content=\"https:\/\/talkpal.ai\/da\/malajisk-grammatik\/\" \/>\n<meta property=\"og:site_name\" content=\"Talkpal\" \/>\n<meta property=\"article:publisher\" content=\"https:\/\/www.facebook.com\/profile.php?id=100090733639311\" \/>\n<meta property=\"article:modified_time\" content=\"2025-12-17T16:41:33+00:00\" \/>\n<meta property=\"og:image\" content=\"https:\/\/talkpal.ai\/wp-content\/uploads\/2023\/05\/malaysia.png\" \/>\n\t<meta property=\"og:image:width\" content=\"512\" \/>\n\t<meta property=\"og:image:height\" content=\"512\" \/>\n\t<meta property=\"og:image:type\" content=\"image\/png\" \/>\n<meta name=\"twitter:card\" content=\"summary_large_image\" \/>\n<meta name=\"twitter:site\" content=\"@talkpalai\" \/>\n<meta name=\"twitter:label1\" content=\"Estimeret l\u00e6setid\" \/>\n\t<meta name=\"twitter:data1\" content=\"3 minutter\" \/>\n<script type=\"application\/ld+json\" class=\"yoast-schema-graph\">{\"@context\":\"https:\/\/schema.org\",\"@graph\":[{\"@type\":\"WebPage\",\"@id\":\"https:\/\/talkpal.ai\/da\/malajisk-grammatik\/\",\"url\":\"https:\/\/talkpal.ai\/da\/malajisk-grammatik\/\",\"name\":\"Malajisk grammatik - Talkpal\",\"isPartOf\":{\"@id\":\"https:\/\/talkpal.ai\/da\/#website\"},\"primaryImageOfPage\":{\"@id\":\"https:\/\/talkpal.ai\/da\/malajisk-grammatik\/#primaryimage\"},\"image\":{\"@id\":\"https:\/\/talkpal.ai\/da\/malajisk-grammatik\/#primaryimage\"},\"thumbnailUrl\":\"https:\/\/talkpal.ai\/wp-content\/uploads\/2023\/05\/malaysia.png\",\"datePublished\":\"2023-05-14T14:11:47+00:00\",\"dateModified\":\"2025-12-17T16:41:33+00:00\",\"description\":\"Udforsk malaysisk grammatik, og l\u00e6r, hvordan dens enkelhed kan forbedre din forst\u00e5else af det malaysiske sprog.\",\"breadcrumb\":{\"@id\":\"https:\/\/talkpal.ai\/da\/malajisk-grammatik\/#breadcrumb\"},\"inLanguage\":\"da-DK\",\"potentialAction\":[{\"@type\":\"ReadAction\",\"target\":[\"https:\/\/talkpal.ai\/da\/malajisk-grammatik\/\"]}]},{\"@type\":\"ImageObject\",\"inLanguage\":\"da-DK\",\"@id\":\"https:\/\/talkpal.ai\/da\/malajisk-grammatik\/#primaryimage\",\"url\":\"https:\/\/talkpal.ai\/wp-content\/uploads\/2023\/05\/malaysia.png\",\"contentUrl\":\"https:\/\/talkpal.ai\/wp-content\/uploads\/2023\/05\/malaysia.png\",\"width\":512,\"height\":512},{\"@type\":\"BreadcrumbList\",\"@id\":\"https:\/\/talkpal.ai\/da\/malajisk-grammatik\/#breadcrumb\",\"itemListElement\":[{\"@type\":\"ListItem\",\"position\":1,\"name\":\"Homepage\",\"item\":\"https:\/\/talkpal.ai\/da\/\"},{\"@type\":\"ListItem\",\"position\":2,\"name\":\"Malajisk grammatik\"}]},{\"@type\":\"WebSite\",\"@id\":\"https:\/\/talkpal.ai\/da\/#website\",\"url\":\"https:\/\/talkpal.ai\/da\/\",\"name\":\"Talkpal\",\"description\":\"AI Language Learning\",\"publisher\":{\"@id\":\"https:\/\/talkpal.ai\/da\/#organization\"},\"alternateName\":\"Talkpal AI\",\"potentialAction\":[{\"@type\":\"SearchAction\",\"target\":{\"@type\":\"EntryPoint\",\"urlTemplate\":\"https:\/\/talkpal.ai\/da\/?s={search_term_string}\"},\"query-input\":{\"@type\":\"PropertyValueSpecification\",\"valueRequired\":true,\"valueName\":\"search_term_string\"}}],\"inLanguage\":\"da-DK\"},{\"@type\":\"Organization\",\"@id\":\"https:\/\/talkpal.ai\/da\/#organization\",\"name\":\"Talkpal, Inc.\",\"alternateName\":\"Talkpal AI\",\"url\":\"https:\/\/talkpal.ai\/da\/\",\"logo\":{\"@type\":\"ImageObject\",\"inLanguage\":\"da-DK\",\"@id\":\"https:\/\/talkpal.ai\/da\/#\/schema\/logo\/image\/\",\"url\":\"https:\/\/talkpal.ai\/wp-content\/uploads\/2024\/03\/Talkpal-Logo-Icon.png\",\"contentUrl\":\"https:\/\/talkpal.ai\/wp-content\/uploads\/2024\/03\/Talkpal-Logo-Icon.png\",\"width\":2880,\"height\":2880,\"caption\":\"Talkpal, Inc.\"},\"image\":{\"@id\":\"https:\/\/talkpal.ai\/da\/#\/schema\/logo\/image\/\"},\"sameAs\":[\"https:\/\/www.facebook.com\/profile.php?id=100090733639311\",\"https:\/\/x.com\/talkpalai\",\"https:\/\/www.linkedin.com\/company\/talkpal\/\",\"https:\/\/www.youtube.com\/@TalkPal\/\",\"https:\/\/www.tiktok.com\/@talkpal\",\"https:\/\/www.instagram.com\/talkpal_ai\/\",\"https:\/\/www.crunchbase.com\/organization\/talkpal-9cde\",\"https:\/\/www.g2.com\/products\/talkpal-for-business\/\",\"https:\/\/www.trustpilot.com\/review\/talkpal.ai\",\"https:\/\/www.capterra.com\/p\/10006800\/TalkPal\/\"],\"description\":\"Talkpal is a language learning web and mobile education app, powered by the latest AI technologies, that provides engaging experiences to its customers in many different languages to help them improve their language skills. Users can chat about unlimited amount of topics with the app and use other modes to practice their language learning.\",\"email\":\"support@talkpal.ai\",\"legalName\":\"Talkpal, Inc.\",\"foundingDate\":\"2023-04-03\",\"duns\":\"118989042\",\"numberOfEmployees\":{\"@type\":\"QuantitativeValue\",\"minValue\":\"11\",\"maxValue\":\"50\"},\"publishingPrinciples\":\"https:\/\/talkpal.ai\/publishing-principles\/\",\"actionableFeedbackPolicy\":\"https:\/\/talkpal.ai\/actionable-feedback-policy\/\",\"correctionsPolicy\":\"https:\/\/talkpal.ai\/corrections-policy\/\",\"ethicsPolicy\":\"https:\/\/talkpal.ai\/ethics-policy\/\",\"diversityPolicy\":\"https:\/\/talkpal.ai\/diversity-policy\/\",\"diversityStaffingReport\":\"https:\/\/talkpal.ai\/diversity-policy\/\"}]}<\/script>\n<!-- \/ Yoast SEO Premium plugin. -->","yoast_head_json":{"title":"Malajisk grammatik - Talkpal","description":"Udforsk malaysisk grammatik, og l\u00e6r, hvordan dens enkelhed kan forbedre din forst\u00e5else af det malaysiske sprog.","robots":{"index":"index","follow":"follow","max-snippet":"max-snippet:-1","max-image-preview":"max-image-preview:large","max-video-preview":"max-video-preview:-1"},"canonical":"https:\/\/talkpal.ai\/da\/malajisk-grammatik\/","og_locale":"da_DK","og_type":"article","og_title":"Malajisk grammatik","og_description":"Malajisk grammatik: Udforskning af Bahasa Melayus rigdom Det malaysiske sprog, eller Bahasa Melayu, er et af verdens mest talte sprog og forener de","og_url":"https:\/\/talkpal.ai\/da\/malajisk-grammatik\/","og_site_name":"Talkpal","article_publisher":"https:\/\/www.facebook.com\/profile.php?id=100090733639311","article_modified_time":"2025-12-17T16:41:33+00:00","og_image":[{"width":512,"height":512,"url":"https:\/\/talkpal.ai\/wp-content\/uploads\/2023\/05\/malaysia.png","type":"image\/png"}],"twitter_card":"summary_large_image","twitter_site":"@talkpalai","twitter_misc":{"Estimeret l\u00e6setid":"3 minutter"},"schema":{"@context":"https:\/\/schema.org","@graph":[{"@type":"WebPage","@id":"https:\/\/talkpal.ai\/da\/malajisk-grammatik\/","url":"https:\/\/talkpal.ai\/da\/malajisk-grammatik\/","name":"Malajisk grammatik - Talkpal","isPartOf":{"@id":"https:\/\/talkpal.ai\/da\/#website"},"primaryImageOfPage":{"@id":"https:\/\/talkpal.ai\/da\/malajisk-grammatik\/#primaryimage"},"image":{"@id":"https:\/\/talkpal.ai\/da\/malajisk-grammatik\/#primaryimage"},"thumbnailUrl":"https:\/\/talkpal.ai\/wp-content\/uploads\/2023\/05\/malaysia.png","datePublished":"2023-05-14T14:11:47+00:00","dateModified":"2025-12-17T16:41:33+00:00","description":"Udforsk malaysisk grammatik, og l\u00e6r, hvordan dens enkelhed kan forbedre din forst\u00e5else af det malaysiske sprog.","breadcrumb":{"@id":"https:\/\/talkpal.ai\/da\/malajisk-grammatik\/#breadcrumb"},"inLanguage":"da-DK","potentialAction":[{"@type":"ReadAction","target":["https:\/\/talkpal.ai\/da\/malajisk-grammatik\/"]}]},{"@type":"ImageObject","inLanguage":"da-DK","@id":"https:\/\/talkpal.ai\/da\/malajisk-grammatik\/#primaryimage","url":"https:\/\/talkpal.ai\/wp-content\/uploads\/2023\/05\/malaysia.png","contentUrl":"https:\/\/talkpal.ai\/wp-content\/uploads\/2023\/05\/malaysia.png","width":512,"height":512},{"@type":"BreadcrumbList","@id":"https:\/\/talkpal.ai\/da\/malajisk-grammatik\/#breadcrumb","itemListElement":[{"@type":"ListItem","position":1,"name":"Homepage","item":"https:\/\/talkpal.ai\/da\/"},{"@type":"ListItem","position":2,"name":"Malajisk grammatik"}]},{"@type":"WebSite","@id":"https:\/\/talkpal.ai\/da\/#website","url":"https:\/\/talkpal.ai\/da\/","name":"Talkpal","description":"AI Language Learning","publisher":{"@id":"https:\/\/talkpal.ai\/da\/#organization"},"alternateName":"Talkpal AI","potentialAction":[{"@type":"SearchAction","target":{"@type":"EntryPoint","urlTemplate":"https:\/\/talkpal.ai\/da\/?s={search_term_string}"},"query-input":{"@type":"PropertyValueSpecification","valueRequired":true,"valueName":"search_term_string"}}],"inLanguage":"da-DK"},{"@type":"Organization","@id":"https:\/\/talkpal.ai\/da\/#organization","name":"Talkpal, Inc.","alternateName":"Talkpal AI","url":"https:\/\/talkpal.ai\/da\/","logo":{"@type":"ImageObject","inLanguage":"da-DK","@id":"https:\/\/talkpal.ai\/da\/#\/schema\/logo\/image\/","url":"https:\/\/talkpal.ai\/wp-content\/uploads\/2024\/03\/Talkpal-Logo-Icon.png","contentUrl":"https:\/\/talkpal.ai\/wp-content\/uploads\/2024\/03\/Talkpal-Logo-Icon.png","width":2880,"height":2880,"caption":"Talkpal, Inc."},"image":{"@id":"https:\/\/talkpal.ai\/da\/#\/schema\/logo\/image\/"},"sameAs":["https:\/\/www.facebook.com\/profile.php?id=100090733639311","https:\/\/x.com\/talkpalai","https:\/\/www.linkedin.com\/company\/talkpal\/","https:\/\/www.youtube.com\/@TalkPal\/","https:\/\/www.tiktok.com\/@talkpal","https:\/\/www.instagram.com\/talkpal_ai\/","https:\/\/www.crunchbase.com\/organization\/talkpal-9cde","https:\/\/www.g2.com\/products\/talkpal-for-business\/","https:\/\/www.trustpilot.com\/review\/talkpal.ai","https:\/\/www.capterra.com\/p\/10006800\/TalkPal\/"],"description":"Talkpal is a language learning web and mobile education app, powered by the latest AI technologies, that provides engaging experiences to its customers in many different languages to help them improve their language skills. Users can chat about unlimited amount of topics with the app and use other modes to practice their language learning.","email":"support@talkpal.ai","legalName":"Talkpal, Inc.","foundingDate":"2023-04-03","duns":"118989042","numberOfEmployees":{"@type":"QuantitativeValue","minValue":"11","maxValue":"50"},"publishingPrinciples":"https:\/\/talkpal.ai\/publishing-principles\/","actionableFeedbackPolicy":"https:\/\/talkpal.ai\/actionable-feedback-policy\/","correctionsPolicy":"https:\/\/talkpal.ai\/corrections-policy\/","ethicsPolicy":"https:\/\/talkpal.ai\/ethics-policy\/","diversityPolicy":"https:\/\/talkpal.ai\/diversity-policy\/","diversityStaffingReport":"https:\/\/talkpal.ai\/diversity-policy\/"}]}},"_links":{"self":[{"href":"https:\/\/talkpal.ai\/da\/wp-json\/wp\/v2\/pages\/147282","targetHints":{"allow":["GET"]}}],"collection":[{"href":"https:\/\/talkpal.ai\/da\/wp-json\/wp\/v2\/pages"}],"about":[{"href":"https:\/\/talkpal.ai\/da\/wp-json\/wp\/v2\/types\/page"}],"author":[{"embeddable":true,"href":"https:\/\/talkpal.ai\/da\/wp-json\/wp\/v2\/users\/1"}],"replies":[{"embeddable":true,"href":"https:\/\/talkpal.ai\/da\/wp-json\/wp\/v2\/comments?post=147282"}],"version-history":[{"count":0,"href":"https:\/\/talkpal.ai\/da\/wp-json\/wp\/v2\/pages\/147282\/revisions"}],"wp:featuredmedia":[{"embeddable":true,"href":"https:\/\/talkpal.ai\/da\/wp-json\/wp\/v2\/media\/115600"}],"wp:attachment":[{"href":"https:\/\/talkpal.ai\/da\/wp-json\/wp\/v2\/media?parent=147282"}],"curies":[{"name":"wp","href":"https:\/\/api.w.org\/{rel}","templated":true}]}}