{"id":146954,"date":"2023-05-14T14:11:28","date_gmt":"2023-05-14T14:11:28","guid":{"rendered":"http:\/\/talkpal.ai\/makedonsk-grammatik\/"},"modified":"2025-12-17T16:39:27","modified_gmt":"2025-12-17T16:39:27","slug":"makedonsk-grammatik","status":"publish","type":"page","link":"https:\/\/talkpal.ai\/da\/makedonsk-grammatik\/","title":{"rendered":"Makedonsk grammatik"},"content":{"rendered":"\r\n\r\n\r\n<section class=\"languageChallengeSection\">\r\n    <div class=\"languageInfoWrapper\">\r\n        \r\n        <h1>Makedonsk grammatik<\/h1>\r\n        <p>Dyk ned i den makedonske grammatiks fascinerende verden, og afd\u00e6k strukturen bag dette unikke sydslaviske <a href=\"https:\/\/talkpal.ai\/what-language-is-spoken-on-the-international-space-station\/\">sprog<\/a>. Hvis du l\u00e6rer det grundl\u00e6ggende i <a href=\"https:\/\/talkpal.ai\/sv\/grammar\/forfluten-tid-i-makedonsk-grammatik\/\">makedonsk grammatik<\/a>, kan du kommunikere mere sikkert og udforske den rige kultur i Nordmakedonien. Kom i gang i dag og tag dit f\u00f8rste skridt mod at <a href=\"https:\/\/talkpal.ai\/locations\/language-courses-in-mestre\/\">mestre<\/a> <a href=\"https:\/\/talkpal.ai\/learn-macedonian\/\">makedonsk<\/a>!<\/p>\r\n\r\n                            <a class=\"getStartedHidden\" href=\"https:\/\/app.talkpal.ai\/da\/signup?lng=\">Kom i gang<\/a>\r\n        \r\n    <\/div>\r\n\r\n    <figure>\r\n    <img decoding=\"async\" width=\"768\" height=\"768\" src=\"https:\/\/talkpal.ai\/wp-content\/uploads\/2023\/06\/macedonian-768x768.png\" class=\"languageImage no-lazy\" alt=\"Language learning through conversational practice\" fetchpriority=\"high\" sizes=\"(max-width: 768px) 150px, 768px\" srcset=\"https:\/\/talkpal.ai\/wp-content\/uploads\/2023\/06\/macedonian-768x768.png 768w, https:\/\/talkpal.ai\/wp-content\/uploads\/2023\/06\/macedonian-300x300.png 300w\" \/>\r\n    \r\n\r\n    <\/figure>\r\n\r\n            <a class=\"getStartedVisible\" href=\"https:\/\/app.talkpal.ai\/da\/signup?lng=\">Kom i gang<\/a>\r\n    \r\n<\/section>\r\n<section class=\"promotionalBanner\">\r\n    <p class=\"promotionalText\">Den mest effektive m\u00e5de at l\u00e6re et sprog p\u00e5<\/p>\r\n    <a class=\"promotionalLink\" href=\"https:\/\/app.talkpal.ai\/da\/signup?lng=\">Pr\u00f8v Talkpal gratis<\/a>\r\n<\/section>\n<div class=\"wp-block-group pageContainerStyle\"><div class=\"wp-block-group__inner-container is-layout-constrained wp-block-group-is-layout-constrained\">\n<h2 class=\"wp-block-heading\" id=\"h-unraveling-the-mysteries-of-macedonian-grammar\">Opklaring af mysterierne i makedonsk grammatik<\/h2>\n\n\n\n<p><a href=\"https:\/\/talkpal.ai\/sv\/grammar\/forfluten-tid-i-makedonsk-grammatik\/\">Makedonsk grammatik<\/a> &#8211; indviklet, men lettilg\u00e6ngelig, fascinerende, men yndefuld, kompleks, men sp\u00e6ndende. N\u00e5r du begynder din rejse ind i det makedonske sprogs verden, kan du f\u00f8le en blanding af sp\u00e6nding og intimidering, n\u00e5r det kommer til at dechifrere dets grammatiske g\u00e5der. Frygt ikke, gl\u00f8dende sprogentusiast! Vi er her for at st\u00f8tte dig p\u00e5 dette sproglige eventyr!<\/p>\n\n\n\n<p>I denne sp\u00e6ndende artikel kaster vi lys over v\u00e6sentlige aspekter af makedonsk <a href=\"https:\/\/talkpal.ai\/fr\/les\/\">grammatik<\/a> og giver indsigt, forklaringer og praktiske eksempler. Vi afsl\u00f8rer, at dette fascinerende balkansprog er mere tilg\u00e6ngeligt, end du m\u00e5ske tror! S\u00e5 sp\u00e6nd sikkerhedsselen og lad os forenkle og afmystificere makedonsk grammatik for dig.<\/p>\n\n\n\n<h3 class=\"wp-block-heading\" id=\"h-1-delightful-declensions-noun-cases-made-easy\">1. Dejlige forkortelser: Substantivsager gjort lette<\/h3>\n\n\n\n<p>Ligesom andre slaviske sprog har makedonsk et komplekst substantivsystem, der best\u00e5r af tre kasus: nominativ, akkusativ og dativ. Selvom det er mindre skr\u00e6mmende end sprog med flere tilf\u00e6lde, er det vigtigt at mestre disse nuancer for at opn\u00e5 flydende. Disse tilf\u00e6lde tildeler forskellige roller til substantiver, pronomen og adjektiver i en s\u00e6tning. Her er en kort oversigt:<\/p>\n\n\n\n<p><strong>&#8211; Nominativ: S\u00e6tningens subjekt<\/strong><\/p>\n\n\n\n<p><strong>&#8211; Akkusativ: Det direkte objekt eller m\u00e5let for en handling<\/strong><\/p>\n\n\n\n<p><strong>&#8211; Dativ: Det indirekte objekt eller viser retningen af en handling<\/strong><\/p>\n\n\n\n<p>For at f\u00e5 styr p\u00e5 disse sager er praksis n\u00f8glen. Med tiden og eksponering for sproget bliver disse sondringer anden natur.<\/p>\n\n\n\n<h3 class=\"wp-block-heading\" id=\"h-2-amiable-adjectives-agreement-is-everything\">2. Elskv\u00e6rdige adjektiver: Enighed er alt<\/h3>\n\n\n\n<p>Adjektiver i makedonsk grammatik er sympatiske konformister. De er enige i k\u00f8n, antal og tilf\u00e6lde af de navneord, de beskriver. Det betyder, at du skal justere hvert adjektivs form, s\u00e5 den passer til substantivets egenskaber.<\/p>\n\n\n\n<p>For at g\u00f8re denne proces glattere skal du fokusere p\u00e5 at l\u00e6re de centrale adjektivformer &#8211; maskulin, feminin og kastreret. Med regelm\u00e6ssig praksis vil processen med adjektivaftale snart blive intuitiv.<\/p>\n\n\n\n<h3 class=\"wp-block-heading\" id=\"h-3-vigorous-verbs-conjugation-and-aspect-mastery\">3. Kraftige verb: b\u00f8jning og aspektbeherskelse<\/h3>\n\n\n\n<p>Som med andre slaviske sprog oplever makedonske verb betydelige variationer. Konjugation afh\u00e6nger af sp\u00e6nding, hum\u00f8r, person, antal og vigtigst af alt aspekt.<\/p>\n\n\n\n<p>Makedonske verb har to aspekter: perfektiv og ufuldkommen. Perfektive verb udtrykker en komplet handling, mens ufuldkomne formidler en igangv\u00e6rende eller gentagen handling. At forst\u00e5 dette koncept er afg\u00f8rende for at forfine din grammatiske ekspertise.<\/p>\n\n\n\n<h3 class=\"wp-block-heading\" id=\"h-4-pitch-perfect-particles-mastering-stress-and-intonation\">4. Pitch-perfekte partikler: Mastering af stress og intonation<\/h3>\n\n\n\n<p>En unik makedonsk udfordring for sprogelever er at mestre det karakteristiske toneh\u00f8jde-accentsystem, der tildeler stress og intonation til stavelser. Dette system kan direkte p\u00e5virke mening og forst\u00e5else.<\/p>\n\n\n\n<p>For at opn\u00e5 n\u00f8jagtig udtale og klarhed i kommunikationen skal man v\u00e6re meget opm\u00e6rksom p\u00e5 intonationsm\u00f8nstre i indf\u00f8dte makedonske taleres tale. Som nybegynder kan du k\u00e6mpe, men husk, at \u00f8velse avler selvtillid og mestring.<\/p>\n\n\n\n<h3 class=\"wp-block-heading\" id=\"h-5-embrace-the-intricacies-persevere-and-prosper\">5. Omfavn forviklingerne: Hold ud og trives<\/h3>\n\n\n\n<p>Makedonsk grammatik kan ved f\u00f8rste \u00f8jekast virke kompleks, men husk p\u00e5, at t\u00e5lmodighed, praksis og udholdenhed er hemmelighederne til succes. Engager dig i sproget ved at l\u00e6se, skrive, lytte og tale. Omfavn udfordringerne og bel\u00f8n dig selv med tilfredsheden med fremskridt.<\/p>\n\n\n\n<p>S\u00e5 er du klar til at dykke ned i det fascinerende rige af makedonsk grammatik? Omfavn dets s\u00e6rheder og kompleksiteter, nyd finesser, og husk, at du med dedikation og entusiasme kan l\u00e5se op for det makedonske sprogs sande sk\u00f8nhed. \u0421\u043e \u0441\u0440\u0435\u045c\u0430! (Held og lykke!)<\/p>\n<\/div><\/div>\n\r\n<section class=\"learnNavigationSection\">\r\n            \r\n        <a href=\"https:\/\/talkpal.ai\/da\/laer-makedonsk\/\">\r\n            <div class=\"learnNavigationWrapper\">\r\n                <div class=\"learnNavigationContent\">\r\n                    <img decoding=\"async\" src=\"https:\/\/talkpal.ai\/wp-content\/uploads\/2024\/08\/Macedonian.jpg\" alt=\"Macedonian Flag\">\r\n                    <div>\r\n                        <h4>Om makedonsk l\u00e6ring<\/h4>\r\n                        <p>Find ud af alt om makedonsk grammatik.<\/p>\r\n                    <\/div>\r\n                <\/div>\r\n            <\/div>\r\n        <\/a>\r\n\r\n        \r\n        <a href=\"https:\/\/talkpal.ai\/da\/makedonske-grammatikoevelser\/\">\r\n            <div class=\"learnNavigationWrapper\">\r\n                <div class=\"learnNavigationContent\">\r\n                    <img decoding=\"async\" src=\"https:\/\/talkpal.ai\/wp-content\/uploads\/2024\/08\/Macedonian.jpg\" alt=\"Macedonian Flag\">\r\n                    <div>\r\n                        <h4>Makedonsk grammatik-\u00f8velse<\/h4>\r\n                        <p>\u00d8v makedonsk grammatik.<\/p>\r\n                    <\/div>\r\n                <\/div>\r\n            <\/div>\r\n        <\/a>\r\n\r\n        \r\n        <a href=\"https:\/\/talkpal.ai\/vocabulary_language\/macedonian\/\">\r\n            <div class=\"learnNavigationWrapper\">\r\n                <div class=\"learnNavigationContent\">\r\n                    <img decoding=\"async\" src=\"https:\/\/talkpal.ai\/wp-content\/uploads\/2024\/08\/Macedonian.jpg\" alt=\"Macedonian Flag\">\r\n                    <div>\r\n                        <h4>Makedonsk ordforr\u00e5d<\/h4>\r\n                        <p>Udvid dit makedonske ordforr\u00e5d.<\/p>\r\n                    <\/div>\r\n                <\/div>\r\n            <\/div>\r\n        <\/a>\r\n\r\n            <\/section>","protected":false},"excerpt":{"rendered":"<p>Opklaring af mysterierne i makedonsk grammatik Makedonsk grammatik &#8211; indviklet, men lettilg\u00e6ngelig, fascinerende, men yndefuld, kompleks, men sp\u00e6ndende. N\u00e5r du begynder din rejse ind i det makedonske sprogs verden, kan du f\u00f8le en blanding af sp\u00e6nding og intimidering, n\u00e5r det kommer til at dechifrere dets grammatiske g\u00e5der. Frygt ikke, gl\u00f8dende sprogentusiast! Vi er her for [&hellip;]<\/p>\n","protected":false},"author":1,"featured_media":115384,"parent":0,"menu_order":0,"comment_status":"closed","ping_status":"closed","template":"LearningContentPage.php","meta":{"_acf_changed":false,"footnotes":""},"class_list":["post-146954","page","type-page","status-publish","has-post-thumbnail","hentry"],"acf":[],"yoast_head":"<!-- This site is optimized with the Yoast SEO Premium plugin v27.2 (Yoast SEO v27.2) - https:\/\/yoast.com\/product\/yoast-seo-premium-wordpress\/ -->\n<title>Makedonsk grammatik - Talkpal<\/title>\n<meta name=\"description\" content=\"Behersk makedonsk grammatik uden besv\u00e6r med Talkpaldin AI-drevne sprogl\u00e6rer. Forbedr dine makedonske grammatiske f\u00e6rdigheder!\" \/>\n<meta name=\"robots\" content=\"index, follow, max-snippet:-1, max-image-preview:large, max-video-preview:-1\" \/>\n<link rel=\"canonical\" href=\"https:\/\/talkpal.ai\/da\/makedonsk-grammatik\/\" \/>\n<meta property=\"og:locale\" content=\"da_DK\" \/>\n<meta property=\"og:type\" content=\"article\" \/>\n<meta property=\"og:title\" content=\"Makedonsk grammatik\" \/>\n<meta property=\"og:description\" content=\"Opklaring af mysterierne i makedonsk grammatik Makedonsk grammatik - indviklet, men lettilg\u00e6ngelig, fascinerende, men yndefuld, kompleks, men sp\u00e6ndende.\" \/>\n<meta property=\"og:url\" content=\"https:\/\/talkpal.ai\/da\/makedonsk-grammatik\/\" \/>\n<meta property=\"og:site_name\" content=\"Talkpal\" \/>\n<meta property=\"article:publisher\" content=\"https:\/\/www.facebook.com\/profile.php?id=100090733639311\" \/>\n<meta property=\"article:modified_time\" content=\"2025-12-17T16:39:27+00:00\" \/>\n<meta property=\"og:image\" content=\"https:\/\/talkpal.ai\/wp-content\/uploads\/2023\/05\/republic-of-macedonia.png\" \/>\n\t<meta property=\"og:image:width\" content=\"512\" \/>\n\t<meta property=\"og:image:height\" content=\"512\" \/>\n\t<meta property=\"og:image:type\" content=\"image\/png\" \/>\n<meta name=\"twitter:card\" content=\"summary_large_image\" \/>\n<meta name=\"twitter:site\" content=\"@talkpalai\" \/>\n<meta name=\"twitter:label1\" content=\"Estimeret l\u00e6setid\" \/>\n\t<meta name=\"twitter:data1\" content=\"3 minutter\" \/>\n<script type=\"application\/ld+json\" class=\"yoast-schema-graph\">{\"@context\":\"https:\/\/schema.org\",\"@graph\":[{\"@type\":\"WebPage\",\"@id\":\"https:\/\/talkpal.ai\/da\/makedonsk-grammatik\/\",\"url\":\"https:\/\/talkpal.ai\/da\/makedonsk-grammatik\/\",\"name\":\"Makedonsk grammatik - Talkpal\",\"isPartOf\":{\"@id\":\"https:\/\/talkpal.ai\/da\/#website\"},\"primaryImageOfPage\":{\"@id\":\"https:\/\/talkpal.ai\/da\/makedonsk-grammatik\/#primaryimage\"},\"image\":{\"@id\":\"https:\/\/talkpal.ai\/da\/makedonsk-grammatik\/#primaryimage\"},\"thumbnailUrl\":\"https:\/\/talkpal.ai\/wp-content\/uploads\/2023\/05\/republic-of-macedonia.png\",\"datePublished\":\"2023-05-14T14:11:28+00:00\",\"dateModified\":\"2025-12-17T16:39:27+00:00\",\"description\":\"Behersk makedonsk grammatik uden besv\u00e6r med Talkpaldin AI-drevne sprogl\u00e6rer. Forbedr dine makedonske grammatiske f\u00e6rdigheder!\",\"breadcrumb\":{\"@id\":\"https:\/\/talkpal.ai\/da\/makedonsk-grammatik\/#breadcrumb\"},\"inLanguage\":\"da-DK\",\"potentialAction\":[{\"@type\":\"ReadAction\",\"target\":[\"https:\/\/talkpal.ai\/da\/makedonsk-grammatik\/\"]}]},{\"@type\":\"ImageObject\",\"inLanguage\":\"da-DK\",\"@id\":\"https:\/\/talkpal.ai\/da\/makedonsk-grammatik\/#primaryimage\",\"url\":\"https:\/\/talkpal.ai\/wp-content\/uploads\/2023\/05\/republic-of-macedonia.png\",\"contentUrl\":\"https:\/\/talkpal.ai\/wp-content\/uploads\/2023\/05\/republic-of-macedonia.png\",\"width\":512,\"height\":512},{\"@type\":\"BreadcrumbList\",\"@id\":\"https:\/\/talkpal.ai\/da\/makedonsk-grammatik\/#breadcrumb\",\"itemListElement\":[{\"@type\":\"ListItem\",\"position\":1,\"name\":\"Homepage\",\"item\":\"https:\/\/talkpal.ai\/da\/\"},{\"@type\":\"ListItem\",\"position\":2,\"name\":\"Makedonsk grammatik\"}]},{\"@type\":\"WebSite\",\"@id\":\"https:\/\/talkpal.ai\/da\/#website\",\"url\":\"https:\/\/talkpal.ai\/da\/\",\"name\":\"Talkpal\",\"description\":\"AI Language Learning\",\"publisher\":{\"@id\":\"https:\/\/talkpal.ai\/da\/#organization\"},\"alternateName\":\"Talkpal AI\",\"potentialAction\":[{\"@type\":\"SearchAction\",\"target\":{\"@type\":\"EntryPoint\",\"urlTemplate\":\"https:\/\/talkpal.ai\/da\/?s={search_term_string}\"},\"query-input\":{\"@type\":\"PropertyValueSpecification\",\"valueRequired\":true,\"valueName\":\"search_term_string\"}}],\"inLanguage\":\"da-DK\"},{\"@type\":\"Organization\",\"@id\":\"https:\/\/talkpal.ai\/da\/#organization\",\"name\":\"Talkpal, Inc.\",\"alternateName\":\"Talkpal AI\",\"url\":\"https:\/\/talkpal.ai\/da\/\",\"logo\":{\"@type\":\"ImageObject\",\"inLanguage\":\"da-DK\",\"@id\":\"https:\/\/talkpal.ai\/da\/#\/schema\/logo\/image\/\",\"url\":\"https:\/\/talkpal.ai\/wp-content\/uploads\/2024\/03\/Talkpal-Logo-Icon.png\",\"contentUrl\":\"https:\/\/talkpal.ai\/wp-content\/uploads\/2024\/03\/Talkpal-Logo-Icon.png\",\"width\":2880,\"height\":2880,\"caption\":\"Talkpal, Inc.\"},\"image\":{\"@id\":\"https:\/\/talkpal.ai\/da\/#\/schema\/logo\/image\/\"},\"sameAs\":[\"https:\/\/www.facebook.com\/profile.php?id=100090733639311\",\"https:\/\/x.com\/talkpalai\",\"https:\/\/www.linkedin.com\/company\/talkpal\/\",\"https:\/\/www.youtube.com\/@TalkPal\/\",\"https:\/\/www.tiktok.com\/@talkpal\",\"https:\/\/www.instagram.com\/talkpal_ai\/\",\"https:\/\/www.crunchbase.com\/organization\/talkpal-9cde\",\"https:\/\/www.g2.com\/products\/talkpal-for-business\/\",\"https:\/\/www.trustpilot.com\/review\/talkpal.ai\",\"https:\/\/www.capterra.com\/p\/10006800\/TalkPal\/\"],\"description\":\"Talkpal is a language learning web and mobile education app, powered by the latest AI technologies, that provides engaging experiences to its customers in many different languages to help them improve their language skills. Users can chat about unlimited amount of topics with the app and use other modes to practice their language learning.\",\"email\":\"support@talkpal.ai\",\"legalName\":\"Talkpal, Inc.\",\"foundingDate\":\"2023-04-03\",\"duns\":\"118989042\",\"numberOfEmployees\":{\"@type\":\"QuantitativeValue\",\"minValue\":\"11\",\"maxValue\":\"50\"},\"publishingPrinciples\":\"https:\/\/talkpal.ai\/publishing-principles\/\",\"actionableFeedbackPolicy\":\"https:\/\/talkpal.ai\/actionable-feedback-policy\/\",\"correctionsPolicy\":\"https:\/\/talkpal.ai\/corrections-policy\/\",\"ethicsPolicy\":\"https:\/\/talkpal.ai\/ethics-policy\/\",\"diversityPolicy\":\"https:\/\/talkpal.ai\/diversity-policy\/\",\"diversityStaffingReport\":\"https:\/\/talkpal.ai\/diversity-policy\/\"}]}<\/script>\n<!-- \/ Yoast SEO Premium plugin. -->","yoast_head_json":{"title":"Makedonsk grammatik - Talkpal","description":"Behersk makedonsk grammatik uden besv\u00e6r med Talkpaldin AI-drevne sprogl\u00e6rer. Forbedr dine makedonske grammatiske f\u00e6rdigheder!","robots":{"index":"index","follow":"follow","max-snippet":"max-snippet:-1","max-image-preview":"max-image-preview:large","max-video-preview":"max-video-preview:-1"},"canonical":"https:\/\/talkpal.ai\/da\/makedonsk-grammatik\/","og_locale":"da_DK","og_type":"article","og_title":"Makedonsk grammatik","og_description":"Opklaring af mysterierne i makedonsk grammatik Makedonsk grammatik - indviklet, men lettilg\u00e6ngelig, fascinerende, men yndefuld, kompleks, men sp\u00e6ndende.","og_url":"https:\/\/talkpal.ai\/da\/makedonsk-grammatik\/","og_site_name":"Talkpal","article_publisher":"https:\/\/www.facebook.com\/profile.php?id=100090733639311","article_modified_time":"2025-12-17T16:39:27+00:00","og_image":[{"width":512,"height":512,"url":"https:\/\/talkpal.ai\/wp-content\/uploads\/2023\/05\/republic-of-macedonia.png","type":"image\/png"}],"twitter_card":"summary_large_image","twitter_site":"@talkpalai","twitter_misc":{"Estimeret l\u00e6setid":"3 minutter"},"schema":{"@context":"https:\/\/schema.org","@graph":[{"@type":"WebPage","@id":"https:\/\/talkpal.ai\/da\/makedonsk-grammatik\/","url":"https:\/\/talkpal.ai\/da\/makedonsk-grammatik\/","name":"Makedonsk grammatik - Talkpal","isPartOf":{"@id":"https:\/\/talkpal.ai\/da\/#website"},"primaryImageOfPage":{"@id":"https:\/\/talkpal.ai\/da\/makedonsk-grammatik\/#primaryimage"},"image":{"@id":"https:\/\/talkpal.ai\/da\/makedonsk-grammatik\/#primaryimage"},"thumbnailUrl":"https:\/\/talkpal.ai\/wp-content\/uploads\/2023\/05\/republic-of-macedonia.png","datePublished":"2023-05-14T14:11:28+00:00","dateModified":"2025-12-17T16:39:27+00:00","description":"Behersk makedonsk grammatik uden besv\u00e6r med Talkpaldin AI-drevne sprogl\u00e6rer. Forbedr dine makedonske grammatiske f\u00e6rdigheder!","breadcrumb":{"@id":"https:\/\/talkpal.ai\/da\/makedonsk-grammatik\/#breadcrumb"},"inLanguage":"da-DK","potentialAction":[{"@type":"ReadAction","target":["https:\/\/talkpal.ai\/da\/makedonsk-grammatik\/"]}]},{"@type":"ImageObject","inLanguage":"da-DK","@id":"https:\/\/talkpal.ai\/da\/makedonsk-grammatik\/#primaryimage","url":"https:\/\/talkpal.ai\/wp-content\/uploads\/2023\/05\/republic-of-macedonia.png","contentUrl":"https:\/\/talkpal.ai\/wp-content\/uploads\/2023\/05\/republic-of-macedonia.png","width":512,"height":512},{"@type":"BreadcrumbList","@id":"https:\/\/talkpal.ai\/da\/makedonsk-grammatik\/#breadcrumb","itemListElement":[{"@type":"ListItem","position":1,"name":"Homepage","item":"https:\/\/talkpal.ai\/da\/"},{"@type":"ListItem","position":2,"name":"Makedonsk grammatik"}]},{"@type":"WebSite","@id":"https:\/\/talkpal.ai\/da\/#website","url":"https:\/\/talkpal.ai\/da\/","name":"Talkpal","description":"AI Language Learning","publisher":{"@id":"https:\/\/talkpal.ai\/da\/#organization"},"alternateName":"Talkpal AI","potentialAction":[{"@type":"SearchAction","target":{"@type":"EntryPoint","urlTemplate":"https:\/\/talkpal.ai\/da\/?s={search_term_string}"},"query-input":{"@type":"PropertyValueSpecification","valueRequired":true,"valueName":"search_term_string"}}],"inLanguage":"da-DK"},{"@type":"Organization","@id":"https:\/\/talkpal.ai\/da\/#organization","name":"Talkpal, Inc.","alternateName":"Talkpal AI","url":"https:\/\/talkpal.ai\/da\/","logo":{"@type":"ImageObject","inLanguage":"da-DK","@id":"https:\/\/talkpal.ai\/da\/#\/schema\/logo\/image\/","url":"https:\/\/talkpal.ai\/wp-content\/uploads\/2024\/03\/Talkpal-Logo-Icon.png","contentUrl":"https:\/\/talkpal.ai\/wp-content\/uploads\/2024\/03\/Talkpal-Logo-Icon.png","width":2880,"height":2880,"caption":"Talkpal, Inc."},"image":{"@id":"https:\/\/talkpal.ai\/da\/#\/schema\/logo\/image\/"},"sameAs":["https:\/\/www.facebook.com\/profile.php?id=100090733639311","https:\/\/x.com\/talkpalai","https:\/\/www.linkedin.com\/company\/talkpal\/","https:\/\/www.youtube.com\/@TalkPal\/","https:\/\/www.tiktok.com\/@talkpal","https:\/\/www.instagram.com\/talkpal_ai\/","https:\/\/www.crunchbase.com\/organization\/talkpal-9cde","https:\/\/www.g2.com\/products\/talkpal-for-business\/","https:\/\/www.trustpilot.com\/review\/talkpal.ai","https:\/\/www.capterra.com\/p\/10006800\/TalkPal\/"],"description":"Talkpal is a language learning web and mobile education app, powered by the latest AI technologies, that provides engaging experiences to its customers in many different languages to help them improve their language skills. Users can chat about unlimited amount of topics with the app and use other modes to practice their language learning.","email":"support@talkpal.ai","legalName":"Talkpal, Inc.","foundingDate":"2023-04-03","duns":"118989042","numberOfEmployees":{"@type":"QuantitativeValue","minValue":"11","maxValue":"50"},"publishingPrinciples":"https:\/\/talkpal.ai\/publishing-principles\/","actionableFeedbackPolicy":"https:\/\/talkpal.ai\/actionable-feedback-policy\/","correctionsPolicy":"https:\/\/talkpal.ai\/corrections-policy\/","ethicsPolicy":"https:\/\/talkpal.ai\/ethics-policy\/","diversityPolicy":"https:\/\/talkpal.ai\/diversity-policy\/","diversityStaffingReport":"https:\/\/talkpal.ai\/diversity-policy\/"}]}},"_links":{"self":[{"href":"https:\/\/talkpal.ai\/da\/wp-json\/wp\/v2\/pages\/146954","targetHints":{"allow":["GET"]}}],"collection":[{"href":"https:\/\/talkpal.ai\/da\/wp-json\/wp\/v2\/pages"}],"about":[{"href":"https:\/\/talkpal.ai\/da\/wp-json\/wp\/v2\/types\/page"}],"author":[{"embeddable":true,"href":"https:\/\/talkpal.ai\/da\/wp-json\/wp\/v2\/users\/1"}],"replies":[{"embeddable":true,"href":"https:\/\/talkpal.ai\/da\/wp-json\/wp\/v2\/comments?post=146954"}],"version-history":[{"count":0,"href":"https:\/\/talkpal.ai\/da\/wp-json\/wp\/v2\/pages\/146954\/revisions"}],"wp:featuredmedia":[{"embeddable":true,"href":"https:\/\/talkpal.ai\/da\/wp-json\/wp\/v2\/media\/115384"}],"wp:attachment":[{"href":"https:\/\/talkpal.ai\/da\/wp-json\/wp\/v2\/media?parent=146954"}],"curies":[{"name":"wp","href":"https:\/\/api.w.org\/{rel}","templated":true}]}}