{"id":146640,"date":"2023-05-14T14:11:00","date_gmt":"2023-05-14T14:11:00","guid":{"rendered":"http:\/\/talkpal.ai\/kasakhisk-grammatik\/"},"modified":"2025-12-17T17:35:33","modified_gmt":"2025-12-17T17:35:33","slug":"kasakhisk-grammatik","status":"publish","type":"page","link":"https:\/\/talkpal.ai\/da\/kasakhisk-grammatik\/","title":{"rendered":"Kasakhisk grammatik"},"content":{"rendered":"\r\n\r\n\r\n<section class=\"languageChallengeSection\">\r\n    <div class=\"languageInfoWrapper\">\r\n        \r\n        <h1>Kasakhisk grammatik<\/h1>\r\n        <p>At l\u00e6re <a href=\"https:\/\/talkpal.ai\/learn-kazakh\/\">kasakhisk<\/a> \u00e5bner d\u00f8ren til et <a href=\"https:\/\/talkpal.ai\/what-language-is-spoken-on-the-international-space-station\/\">sprog<\/a>, der er rigt p\u00e5 historie og kultur, og i hjertet af det ligger et fascinerende grammatisk system. Selv om <a href=\"https:\/\/talkpal.ai\/no\/laer-kasakhisk\/\">kasakhisk grammatik<\/a> kan virke kompleks i starten, g\u00f8r forst\u00e5elsen af dens kernefunktioner &#8211; som vokalharmoni, navneord og verbernes tider &#8211; det b\u00e5de opn\u00e5eligt og givende at <a href=\"https:\/\/talkpal.ai\/locations\/language-courses-in-mestre\/\">mestre<\/a> sproget. Dyk ned og opdag, hvad der g\u00f8r Kasakhstan unikt!<\/p>\r\n\r\n                            <a class=\"getStartedHidden\" href=\"https:\/\/app.talkpal.ai\/da\/signup?lng=\">Kom i gang<\/a>\r\n        \r\n    <\/div>\r\n\r\n    <figure>\r\n    <img decoding=\"async\" width=\"768\" height=\"768\" src=\"https:\/\/talkpal.ai\/wp-content\/uploads\/2023\/06\/Khazak-768x768.png\" class=\"languageImage no-lazy\" alt=\"Language learning for increased negotiation skills\" fetchpriority=\"high\" sizes=\"(max-width: 768px) 150px, 768px\" srcset=\"https:\/\/talkpal.ai\/wp-content\/uploads\/2023\/06\/Khazak-768x768.png 768w, https:\/\/talkpal.ai\/wp-content\/uploads\/2023\/06\/Khazak-300x300.png 300w\" \/>\r\n    \r\n\r\n    <\/figure>\r\n\r\n            <a class=\"getStartedVisible\" href=\"https:\/\/app.talkpal.ai\/da\/signup?lng=\">Kom i gang<\/a>\r\n    \r\n<\/section>\r\n<section class=\"promotionalBanner\">\r\n    <p class=\"promotionalText\">Den mest effektive m\u00e5de at l\u00e6re et sprog p\u00e5<\/p>\r\n    <a class=\"promotionalLink\" href=\"https:\/\/app.talkpal.ai\/da\/signup?lng=\">Pr\u00f8v Talkpal gratis<\/a>\r\n<\/section>\n<div class=\"wp-block-group pageContainerStyle\"><div class=\"wp-block-group__inner-container is-layout-constrained wp-block-group-is-layout-constrained\">\n<h2 class=\"wp-block-heading\" id=\"h-kazakh-grammar-unlocking-the-secrets-of-the-kazakh-language\">Kasakhisk grammatik: Opl\u00e5sning af det kasakhiske sprogs hemmeligheder<\/h2>\n\n\n\n<p>N\u00e5r det kommer til at l\u00e6re det kasakhiske sprog, er det vigtigt at forst\u00e5 det grundl\u00e6ggende i <a href=\"https:\/\/talkpal.ai\/no\/laer-kasakhisk\/\">kasakhisk grammatik<\/a> for at l\u00e5se op for dets hemmeligheder. Selvom det kan virke skr\u00e6mmende i starten, kan grammatiksystemet prale af unikke funktioner, der g\u00f8r sproget fascinerende. Denne artikel fors\u00f8ger at kaste lys over centrale aspekter af kasakhisk <a href=\"https:\/\/talkpal.ai\/fr\/les\/\">grammatik<\/a> og giver en samtalepr\u00e6get og uformel introduktion til sprogets rige struktur.<\/p>\n\n\n\n<h3 class=\"wp-block-heading\" id=\"h-1-nouns-harmony-in-cases-and-declensions\">1. Substantiver &#8211; harmoni i tilf\u00e6lde og forkortelser<\/h3>\n\n\n\n<p>En af de f\u00f8rste ting, man skal overveje i kasakhisk grammatik, er navneordets struktur. Sproget anvender et vokalharmonisystem, hvor vokaler enten er foran eller bagp\u00e5, og harmoniske kombinationer foretr\u00e6kkes. Dette system binder sig til substantivflertal, som dannes gennem forskellige suffikser, der matcher den harmoniske gruppe af det oprindelige substantiv.<\/p>\n\n\n\n<p>Kasakhiske navneord overholder syv tilf\u00e6lde: nominativ , genitiv, dativ, akkusativ, lokativ, ablativ og instrumentel. Selvom det er skr\u00e6mmende i starten, er beherskelse af disse sager afg\u00f8rende for at danne n\u00f8jagtige s\u00e6tningsstrukturer. Sager bestemmer forholdet mellem ord, hvilket giver mulighed for fleksibilitet i ordr\u00e6kkef\u00f8lge uden at miste betydningen.<\/p>\n\n\n\n<h3 class=\"wp-block-heading\" id=\"h-2-adjectives-agreement-and-comparison\">2. Adjektiver &#8211; Aftale og sammenligning<\/h3>\n\n\n\n<p>Kasakhiske adjektiver <a href=\"https:\/\/talkpal.ai\/locations\/learn-french-in-bruges\/\">bruges<\/a> til at beskrive og give mere information om navneord. De skal v\u00e6re enige med det substantiv, de \u00e6ndrer med hensyn til store og sm\u00e5 bogstaver og antal. Derudover kan adjektiver sammenlignes ved hj\u00e6lp af komparative og superlative grader, opn\u00e5et ved at tilf\u00f8je tilsvarende suffikser, for at formidle forskellige niveauer af v\u00e6gt.<\/p>\n\n\n\n<p>For eksempel er ordet for &#8220;smuk&#8221; p\u00e5 kasakhisk &#8220;\u0441\u044b\u04a3\u0448\u044b&#8221;. N\u00e5r man beskriver en smuk have (\u0431\u0430\u049b), ville s\u00e6tningen v\u00e6re &#8220;\u0441\u044b\u04a3\u0448\u044b \u0431\u0430\u049b.&#8221; For at sige &#8220;smukkere&#8221; ville man bruge &#8220;\u0441\u044b\u04a3\u0448\u044b\u0440\u0430\u049b&#8221;, mens &#8220;den smukkeste&#8221; ville blive dannet ved hj\u00e6lp af &#8220;\u0441\u044b\u04a3\u0448\u044b&#8221;. For at sige &#8220;den smukkeste have&#8221; ville man bruge &#8220;\u0441\u044b\u04a3\u0448\u044b \u0431\u0430\u049b&#8221;.<\/p>\n\n\n\n<h3 class=\"wp-block-heading\" id=\"h-3-verbs-tense-mood-and-aspect\">3. Verber &#8211; sp\u00e6nding, hum\u00f8r og aspekt<\/h3>\n\n\n\n<p>Verb p\u00e5 kasakhisk skildrer sp\u00e6nding, hum\u00f8r og aspekt. Sproget indeholder tre hovedtider: fortid, nutid og fremtid. Hver tid har forskellige former baseret p\u00e5 subjektpronomen, hum\u00f8r (s\u00e5som <a href=\"https:\/\/talkpal.ai\/ja\/grammar_exercises\/imperatif-%e3%83%95%e3%83%a9%e3%83%b3%e3%82%b9%e3%81%ae%e6%96%87%e6%b3%95%e3%81%ae%e3%81%9f%e3%82%81%e3%81%ae%e6%bc%94%e7%bf%92\/\">imperativ<\/a> eller betinget) og aspekt (om handlingen er perfektiv, afspejler en afsluttet handling eller ufuldkommen, hvilket indikerer igangv\u00e6rende eller s\u00e6dvanlig handling).<\/p>\n\n\n\n<h3 class=\"wp-block-heading\" id=\"h-4-pronouns-personal-and-demonstrative\">4. Pronomen &#8211; personlig og demonstrativ<\/h3>\n\n\n\n<p>Pronomen i kasakhisk grammatik omfatter personlige, besiddende, demonstrative, forh\u00f8r og relative sorter. De skal i tilf\u00e6lde og nummer v\u00e6re enige med det substantiv, de henviser til eller erstatter. Demonstrative pronomen har for eksempel tre former: proksimal (\u0431\u04b1\u043b), medial (\u043e\u0441\u044b) og distal (\u0430\u043d\u0430\u0443), afh\u00e6ngigt af afstanden til h\u00f8jttaleren.<\/p>\n\n\n\n<h3 class=\"wp-block-heading\" id=\"h-5-embracing-the-uniqueness-of-kazakh-grammar\">5. Omfavne det unikke ved kasakhisk grammatik<\/h3>\n\n\n\n<p>N\u00e5r du g\u00e5r i gang med din kasakhiske sprogrejse, skal du huske, at det ikke handler om at mestre alle nuancerne p\u00e5 \u00e9n gang. Gl\u00e6d dig over at opdage det unikke grammatiksystem, der adskiller kasakhisk og tager sig tid til at forst\u00e5 det uden at f\u00f8le sig overv\u00e6ldet.<\/p>\n\n\n\n<p>Ved at v\u00e6rds\u00e6tte og udforske den kasakhiske grammatiks s\u00e6regenheder kan du virkelig f\u00e5 \u00f8jnene op for sprogets sk\u00f8nhed og f\u00e5 st\u00f8rre adgang til den rige kulturarv, det er udtryk for. \u0421\u04d9\u0442\u0442\u0456 \u043e\u049b\u0443 &#8211; God forn\u00f8jelse med at l\u00e6re!<\/p>\n<\/div><\/div>\n\r\n<section class=\"learnNavigationSection\">\r\n            \r\n        <a href=\"https:\/\/talkpal.ai\/da\/laer-kasakhisk\/\">\r\n            <div class=\"learnNavigationWrapper\">\r\n                <div class=\"learnNavigationContent\">\r\n                    <img decoding=\"async\" src=\"https:\/\/talkpal.ai\/wp-content\/uploads\/2024\/08\/Kazakh.jpg\" alt=\"Kazakh Flag\">\r\n                    <div>\r\n                        <h4>Om kasakhisk l\u00e6ring<\/h4>\r\n                        <p>Find ud af alt om kasakhisk grammatik.<\/p>\r\n                    <\/div>\r\n                <\/div>\r\n            <\/div>\r\n        <\/a>\r\n\r\n        \r\n        <a href=\"https:\/\/talkpal.ai\/da\/kasakhiske-grammatikoevelser\/\">\r\n            <div class=\"learnNavigationWrapper\">\r\n                <div class=\"learnNavigationContent\">\r\n                    <img decoding=\"async\" src=\"https:\/\/talkpal.ai\/wp-content\/uploads\/2024\/08\/Kazakh.jpg\" alt=\"Kazakh Flag\">\r\n                    <div>\r\n                        <h4>Kasakhisk grammatik-\u00f8velse<\/h4>\r\n                        <p>\u00d8v kasakhisk grammatik.<\/p>\r\n                    <\/div>\r\n                <\/div>\r\n            <\/div>\r\n        <\/a>\r\n\r\n        \r\n        <a href=\"https:\/\/talkpal.ai\/vocabulary_language\/kazakh\/\">\r\n            <div class=\"learnNavigationWrapper\">\r\n                <div class=\"learnNavigationContent\">\r\n                    <img decoding=\"async\" src=\"https:\/\/talkpal.ai\/wp-content\/uploads\/2024\/08\/Kazakh.jpg\" alt=\"Kazakh Flag\">\r\n                    <div>\r\n                        <h4>Kasakhisk ordforr\u00e5d<\/h4>\r\n                        <p>Udvid dit kasakhiske ordforr\u00e5d.<\/p>\r\n                    <\/div>\r\n                <\/div>\r\n            <\/div>\r\n        <\/a>\r\n\r\n            <\/section>","protected":false},"excerpt":{"rendered":"<p>Kasakhisk grammatik: Opl\u00e5sning af det kasakhiske sprogs hemmeligheder N\u00e5r det kommer til at l\u00e6re det kasakhiske sprog, er det vigtigt at forst\u00e5 det grundl\u00e6ggende i kasakhisk grammatik for at l\u00e5se op for dets hemmeligheder. Selvom det kan virke skr\u00e6mmende i starten, kan grammatiksystemet prale af unikke funktioner, der g\u00f8r sproget fascinerende. Denne artikel fors\u00f8ger at [&hellip;]<\/p>\n","protected":false},"author":1,"featured_media":114328,"parent":0,"menu_order":0,"comment_status":"closed","ping_status":"closed","template":"LearningContentPage.php","meta":{"_acf_changed":false,"footnotes":""},"class_list":["post-146640","page","type-page","status-publish","has-post-thumbnail","hentry"],"acf":[],"yoast_head":"<!-- This site is optimized with the Yoast SEO Premium plugin v27.2 (Yoast SEO v27.2) - https:\/\/yoast.com\/product\/yoast-seo-premium-wordpress\/ -->\n<title>Kasakhisk grammatik - Talkpal<\/title>\n<meta name=\"description\" content=\"Behersk kasakhisk grammatik uden besv\u00e6r - l\u00e6r de vigtigste regler, \u00f8v dig i s\u00e6tningsopbygning, og bliv hurtigt bedre til at tale flydende.\" \/>\n<meta name=\"robots\" content=\"index, follow, max-snippet:-1, max-image-preview:large, max-video-preview:-1\" \/>\n<link rel=\"canonical\" href=\"https:\/\/talkpal.ai\/da\/kasakhisk-grammatik\/\" \/>\n<meta property=\"og:locale\" content=\"da_DK\" \/>\n<meta property=\"og:type\" content=\"article\" \/>\n<meta property=\"og:title\" content=\"Kasakhisk grammatik\" \/>\n<meta property=\"og:description\" content=\"Kasakhisk grammatik: Opl\u00e5sning af det kasakhiske sprogs hemmeligheder N\u00e5r det kommer til at l\u00e6re det kasakhiske sprog, er det vigtigt at forst\u00e5 det\" \/>\n<meta property=\"og:url\" content=\"https:\/\/talkpal.ai\/da\/kasakhisk-grammatik\/\" \/>\n<meta property=\"og:site_name\" content=\"Talkpal\" \/>\n<meta property=\"article:publisher\" content=\"https:\/\/www.facebook.com\/profile.php?id=100090733639311\" \/>\n<meta property=\"article:modified_time\" content=\"2025-12-17T17:35:33+00:00\" \/>\n<meta property=\"og:image\" content=\"https:\/\/talkpal.ai\/wp-content\/uploads\/2023\/05\/kazakhstan.png\" \/>\n\t<meta property=\"og:image:width\" content=\"512\" \/>\n\t<meta property=\"og:image:height\" content=\"512\" \/>\n\t<meta property=\"og:image:type\" content=\"image\/png\" \/>\n<meta name=\"twitter:card\" content=\"summary_large_image\" \/>\n<meta name=\"twitter:site\" content=\"@talkpalai\" \/>\n<meta name=\"twitter:label1\" content=\"Estimeret l\u00e6setid\" \/>\n\t<meta name=\"twitter:data1\" content=\"3 minutter\" \/>\n<script type=\"application\/ld+json\" class=\"yoast-schema-graph\">{\"@context\":\"https:\/\/schema.org\",\"@graph\":[{\"@type\":\"WebPage\",\"@id\":\"https:\/\/talkpal.ai\/da\/kasakhisk-grammatik\/\",\"url\":\"https:\/\/talkpal.ai\/da\/kasakhisk-grammatik\/\",\"name\":\"Kasakhisk grammatik - Talkpal\",\"isPartOf\":{\"@id\":\"https:\/\/talkpal.ai\/da\/#website\"},\"primaryImageOfPage\":{\"@id\":\"https:\/\/talkpal.ai\/da\/kasakhisk-grammatik\/#primaryimage\"},\"image\":{\"@id\":\"https:\/\/talkpal.ai\/da\/kasakhisk-grammatik\/#primaryimage\"},\"thumbnailUrl\":\"https:\/\/talkpal.ai\/wp-content\/uploads\/2023\/05\/kazakhstan.png\",\"datePublished\":\"2023-05-14T14:11:00+00:00\",\"dateModified\":\"2025-12-17T17:35:33+00:00\",\"description\":\"Behersk kasakhisk grammatik uden besv\u00e6r - l\u00e6r de vigtigste regler, \u00f8v dig i s\u00e6tningsopbygning, og bliv hurtigt bedre til at tale flydende.\",\"breadcrumb\":{\"@id\":\"https:\/\/talkpal.ai\/da\/kasakhisk-grammatik\/#breadcrumb\"},\"inLanguage\":\"da-DK\",\"potentialAction\":[{\"@type\":\"ReadAction\",\"target\":[\"https:\/\/talkpal.ai\/da\/kasakhisk-grammatik\/\"]}]},{\"@type\":\"ImageObject\",\"inLanguage\":\"da-DK\",\"@id\":\"https:\/\/talkpal.ai\/da\/kasakhisk-grammatik\/#primaryimage\",\"url\":\"https:\/\/talkpal.ai\/wp-content\/uploads\/2023\/05\/kazakhstan.png\",\"contentUrl\":\"https:\/\/talkpal.ai\/wp-content\/uploads\/2023\/05\/kazakhstan.png\",\"width\":512,\"height\":512},{\"@type\":\"BreadcrumbList\",\"@id\":\"https:\/\/talkpal.ai\/da\/kasakhisk-grammatik\/#breadcrumb\",\"itemListElement\":[{\"@type\":\"ListItem\",\"position\":1,\"name\":\"Homepage\",\"item\":\"https:\/\/talkpal.ai\/da\/\"},{\"@type\":\"ListItem\",\"position\":2,\"name\":\"Kasakhisk grammatik\"}]},{\"@type\":\"WebSite\",\"@id\":\"https:\/\/talkpal.ai\/da\/#website\",\"url\":\"https:\/\/talkpal.ai\/da\/\",\"name\":\"Talkpal\",\"description\":\"AI Language Learning\",\"publisher\":{\"@id\":\"https:\/\/talkpal.ai\/da\/#organization\"},\"alternateName\":\"Talkpal AI\",\"potentialAction\":[{\"@type\":\"SearchAction\",\"target\":{\"@type\":\"EntryPoint\",\"urlTemplate\":\"https:\/\/talkpal.ai\/da\/?s={search_term_string}\"},\"query-input\":{\"@type\":\"PropertyValueSpecification\",\"valueRequired\":true,\"valueName\":\"search_term_string\"}}],\"inLanguage\":\"da-DK\"},{\"@type\":\"Organization\",\"@id\":\"https:\/\/talkpal.ai\/da\/#organization\",\"name\":\"Talkpal, Inc.\",\"alternateName\":\"Talkpal AI\",\"url\":\"https:\/\/talkpal.ai\/da\/\",\"logo\":{\"@type\":\"ImageObject\",\"inLanguage\":\"da-DK\",\"@id\":\"https:\/\/talkpal.ai\/da\/#\/schema\/logo\/image\/\",\"url\":\"https:\/\/talkpal.ai\/wp-content\/uploads\/2024\/03\/Talkpal-Logo-Icon.png\",\"contentUrl\":\"https:\/\/talkpal.ai\/wp-content\/uploads\/2024\/03\/Talkpal-Logo-Icon.png\",\"width\":2880,\"height\":2880,\"caption\":\"Talkpal, Inc.\"},\"image\":{\"@id\":\"https:\/\/talkpal.ai\/da\/#\/schema\/logo\/image\/\"},\"sameAs\":[\"https:\/\/www.facebook.com\/profile.php?id=100090733639311\",\"https:\/\/x.com\/talkpalai\",\"https:\/\/www.linkedin.com\/company\/talkpal\/\",\"https:\/\/www.youtube.com\/@TalkPal\/\",\"https:\/\/www.tiktok.com\/@talkpal\",\"https:\/\/www.instagram.com\/talkpal_ai\/\",\"https:\/\/www.crunchbase.com\/organization\/talkpal-9cde\",\"https:\/\/www.g2.com\/products\/talkpal-for-business\/\",\"https:\/\/www.trustpilot.com\/review\/talkpal.ai\",\"https:\/\/www.capterra.com\/p\/10006800\/TalkPal\/\"],\"description\":\"Talkpal is a language learning web and mobile education app, powered by the latest AI technologies, that provides engaging experiences to its customers in many different languages to help them improve their language skills. Users can chat about unlimited amount of topics with the app and use other modes to practice their language learning.\",\"email\":\"support@talkpal.ai\",\"legalName\":\"Talkpal, Inc.\",\"foundingDate\":\"2023-04-03\",\"duns\":\"118989042\",\"numberOfEmployees\":{\"@type\":\"QuantitativeValue\",\"minValue\":\"11\",\"maxValue\":\"50\"},\"publishingPrinciples\":\"https:\/\/talkpal.ai\/publishing-principles\/\",\"actionableFeedbackPolicy\":\"https:\/\/talkpal.ai\/actionable-feedback-policy\/\",\"correctionsPolicy\":\"https:\/\/talkpal.ai\/corrections-policy\/\",\"ethicsPolicy\":\"https:\/\/talkpal.ai\/ethics-policy\/\",\"diversityPolicy\":\"https:\/\/talkpal.ai\/diversity-policy\/\",\"diversityStaffingReport\":\"https:\/\/talkpal.ai\/diversity-policy\/\"}]}<\/script>\n<!-- \/ Yoast SEO Premium plugin. -->","yoast_head_json":{"title":"Kasakhisk grammatik - Talkpal","description":"Behersk kasakhisk grammatik uden besv\u00e6r - l\u00e6r de vigtigste regler, \u00f8v dig i s\u00e6tningsopbygning, og bliv hurtigt bedre til at tale flydende.","robots":{"index":"index","follow":"follow","max-snippet":"max-snippet:-1","max-image-preview":"max-image-preview:large","max-video-preview":"max-video-preview:-1"},"canonical":"https:\/\/talkpal.ai\/da\/kasakhisk-grammatik\/","og_locale":"da_DK","og_type":"article","og_title":"Kasakhisk grammatik","og_description":"Kasakhisk grammatik: Opl\u00e5sning af det kasakhiske sprogs hemmeligheder N\u00e5r det kommer til at l\u00e6re det kasakhiske sprog, er det vigtigt at forst\u00e5 det","og_url":"https:\/\/talkpal.ai\/da\/kasakhisk-grammatik\/","og_site_name":"Talkpal","article_publisher":"https:\/\/www.facebook.com\/profile.php?id=100090733639311","article_modified_time":"2025-12-17T17:35:33+00:00","og_image":[{"width":512,"height":512,"url":"https:\/\/talkpal.ai\/wp-content\/uploads\/2023\/05\/kazakhstan.png","type":"image\/png"}],"twitter_card":"summary_large_image","twitter_site":"@talkpalai","twitter_misc":{"Estimeret l\u00e6setid":"3 minutter"},"schema":{"@context":"https:\/\/schema.org","@graph":[{"@type":"WebPage","@id":"https:\/\/talkpal.ai\/da\/kasakhisk-grammatik\/","url":"https:\/\/talkpal.ai\/da\/kasakhisk-grammatik\/","name":"Kasakhisk grammatik - Talkpal","isPartOf":{"@id":"https:\/\/talkpal.ai\/da\/#website"},"primaryImageOfPage":{"@id":"https:\/\/talkpal.ai\/da\/kasakhisk-grammatik\/#primaryimage"},"image":{"@id":"https:\/\/talkpal.ai\/da\/kasakhisk-grammatik\/#primaryimage"},"thumbnailUrl":"https:\/\/talkpal.ai\/wp-content\/uploads\/2023\/05\/kazakhstan.png","datePublished":"2023-05-14T14:11:00+00:00","dateModified":"2025-12-17T17:35:33+00:00","description":"Behersk kasakhisk grammatik uden besv\u00e6r - l\u00e6r de vigtigste regler, \u00f8v dig i s\u00e6tningsopbygning, og bliv hurtigt bedre til at tale flydende.","breadcrumb":{"@id":"https:\/\/talkpal.ai\/da\/kasakhisk-grammatik\/#breadcrumb"},"inLanguage":"da-DK","potentialAction":[{"@type":"ReadAction","target":["https:\/\/talkpal.ai\/da\/kasakhisk-grammatik\/"]}]},{"@type":"ImageObject","inLanguage":"da-DK","@id":"https:\/\/talkpal.ai\/da\/kasakhisk-grammatik\/#primaryimage","url":"https:\/\/talkpal.ai\/wp-content\/uploads\/2023\/05\/kazakhstan.png","contentUrl":"https:\/\/talkpal.ai\/wp-content\/uploads\/2023\/05\/kazakhstan.png","width":512,"height":512},{"@type":"BreadcrumbList","@id":"https:\/\/talkpal.ai\/da\/kasakhisk-grammatik\/#breadcrumb","itemListElement":[{"@type":"ListItem","position":1,"name":"Homepage","item":"https:\/\/talkpal.ai\/da\/"},{"@type":"ListItem","position":2,"name":"Kasakhisk grammatik"}]},{"@type":"WebSite","@id":"https:\/\/talkpal.ai\/da\/#website","url":"https:\/\/talkpal.ai\/da\/","name":"Talkpal","description":"AI Language Learning","publisher":{"@id":"https:\/\/talkpal.ai\/da\/#organization"},"alternateName":"Talkpal AI","potentialAction":[{"@type":"SearchAction","target":{"@type":"EntryPoint","urlTemplate":"https:\/\/talkpal.ai\/da\/?s={search_term_string}"},"query-input":{"@type":"PropertyValueSpecification","valueRequired":true,"valueName":"search_term_string"}}],"inLanguage":"da-DK"},{"@type":"Organization","@id":"https:\/\/talkpal.ai\/da\/#organization","name":"Talkpal, Inc.","alternateName":"Talkpal AI","url":"https:\/\/talkpal.ai\/da\/","logo":{"@type":"ImageObject","inLanguage":"da-DK","@id":"https:\/\/talkpal.ai\/da\/#\/schema\/logo\/image\/","url":"https:\/\/talkpal.ai\/wp-content\/uploads\/2024\/03\/Talkpal-Logo-Icon.png","contentUrl":"https:\/\/talkpal.ai\/wp-content\/uploads\/2024\/03\/Talkpal-Logo-Icon.png","width":2880,"height":2880,"caption":"Talkpal, Inc."},"image":{"@id":"https:\/\/talkpal.ai\/da\/#\/schema\/logo\/image\/"},"sameAs":["https:\/\/www.facebook.com\/profile.php?id=100090733639311","https:\/\/x.com\/talkpalai","https:\/\/www.linkedin.com\/company\/talkpal\/","https:\/\/www.youtube.com\/@TalkPal\/","https:\/\/www.tiktok.com\/@talkpal","https:\/\/www.instagram.com\/talkpal_ai\/","https:\/\/www.crunchbase.com\/organization\/talkpal-9cde","https:\/\/www.g2.com\/products\/talkpal-for-business\/","https:\/\/www.trustpilot.com\/review\/talkpal.ai","https:\/\/www.capterra.com\/p\/10006800\/TalkPal\/"],"description":"Talkpal is a language learning web and mobile education app, powered by the latest AI technologies, that provides engaging experiences to its customers in many different languages to help them improve their language skills. Users can chat about unlimited amount of topics with the app and use other modes to practice their language learning.","email":"support@talkpal.ai","legalName":"Talkpal, Inc.","foundingDate":"2023-04-03","duns":"118989042","numberOfEmployees":{"@type":"QuantitativeValue","minValue":"11","maxValue":"50"},"publishingPrinciples":"https:\/\/talkpal.ai\/publishing-principles\/","actionableFeedbackPolicy":"https:\/\/talkpal.ai\/actionable-feedback-policy\/","correctionsPolicy":"https:\/\/talkpal.ai\/corrections-policy\/","ethicsPolicy":"https:\/\/talkpal.ai\/ethics-policy\/","diversityPolicy":"https:\/\/talkpal.ai\/diversity-policy\/","diversityStaffingReport":"https:\/\/talkpal.ai\/diversity-policy\/"}]}},"_links":{"self":[{"href":"https:\/\/talkpal.ai\/da\/wp-json\/wp\/v2\/pages\/146640","targetHints":{"allow":["GET"]}}],"collection":[{"href":"https:\/\/talkpal.ai\/da\/wp-json\/wp\/v2\/pages"}],"about":[{"href":"https:\/\/talkpal.ai\/da\/wp-json\/wp\/v2\/types\/page"}],"author":[{"embeddable":true,"href":"https:\/\/talkpal.ai\/da\/wp-json\/wp\/v2\/users\/1"}],"replies":[{"embeddable":true,"href":"https:\/\/talkpal.ai\/da\/wp-json\/wp\/v2\/comments?post=146640"}],"version-history":[{"count":0,"href":"https:\/\/talkpal.ai\/da\/wp-json\/wp\/v2\/pages\/146640\/revisions"}],"wp:featuredmedia":[{"embeddable":true,"href":"https:\/\/talkpal.ai\/da\/wp-json\/wp\/v2\/media\/114328"}],"wp:attachment":[{"href":"https:\/\/talkpal.ai\/da\/wp-json\/wp\/v2\/media?parent=146640"}],"curies":[{"name":"wp","href":"https:\/\/api.w.org\/{rel}","templated":true}]}}