{"id":1465741,"date":"2025-11-11T15:06:48","date_gmt":"2025-11-11T15:06:48","guid":{"rendered":"https:\/\/talkpal.ai\/assamiske-grammatikoevelser\/"},"modified":"2025-12-30T15:27:03","modified_gmt":"2025-12-30T15:27:03","slug":"assamiske-grammatikoevelser","status":"publish","type":"page","link":"https:\/\/talkpal.ai\/da\/assamiske-grammatikoevelser\/","title":{"rendered":"Assamiske grammatik\u00f8velser"},"content":{"rendered":"\r\n\r\n\r\n<section class=\"languageChallengeSection\">\r\n    <div class=\"languageInfoWrapper\">\r\n        \r\n        <h1>Assamiske grammatik\u00f8velser<\/h1>\r\n        <p>Er du klar til at dykke ned i assamisk <a href=\"https:\/\/talkpal.ai\/fr\/les\/\">grammatik<\/a>? Ved at \u00f8ve dig p\u00e5 et par grundl\u00e6ggende ting kan du blive fortrolig med dette unikke og smukke <a href=\"https:\/\/talkpal.ai\/what-language-is-spoken-on-the-international-space-station\/\">sprog<\/a>. Pr\u00f8v disse \u00f8velser for at opbygge din selvtillid og have det sjovt undervejs!<\/p>\r\n\r\n                            <a class=\"getStartedHidden\" href=\"https:\/\/app.talkpal.ai\/da\/signup?lng=\">Kom i gang<\/a>\r\n        \r\n    <\/div>\r\n\r\n    <figure>\r\n    <img decoding=\"async\" width=\"768\" height=\"768\" src=\"https:\/\/talkpal.ai\/wp-content\/uploads\/2023\/06\/welsh-768x768.png\" class=\"languageImage no-lazy\" alt=\"Language learning for better cognitive abilities\" fetchpriority=\"high\" sizes=\"(max-width: 768px) 150px, 768px\" srcset=\"https:\/\/talkpal.ai\/wp-content\/uploads\/2023\/06\/welsh-768x768.png 768w, https:\/\/talkpal.ai\/wp-content\/uploads\/2023\/06\/welsh-300x300.png 300w\" \/>\r\n    \r\n\r\n    <\/figure>\r\n\r\n            <a class=\"getStartedVisible\" href=\"https:\/\/app.talkpal.ai\/da\/signup?lng=\">Kom i gang<\/a>\r\n    \r\n<\/section><section class=\"promotionalBanner\">\r\n    <p class=\"promotionalText\">Den mest effektive m\u00e5de at l\u00e6re et sprog p\u00e5<\/p>\r\n    <a class=\"promotionalLink\" href=\"https:\/\/app.talkpal.ai\/da\/signup?lng=\">Pr\u00f8v Talkpal gratis<\/a>\r\n<\/section>\n<div class=\"wp-block-group pageContainerStyle\"><div class=\"wp-block-group__inner-container is-layout-constrained wp-block-group-is-layout-constrained\">\n<h2 class=\"wp-block-heading\" id=\"h-assamese-grammar-topics\">Assamesisk grammatik emner<\/h2>\n\n\n\n<p><a href=\"https:\/\/talkpal.ai\/da\/de-stoerste-fejl-du-skal-undgaa-naar-du-laerer-et-nyt-sprog\/\">At l\u00e6re et nyt sprog<\/a> kan v\u00e6re en udfordrende, men givende bestr\u00e6belse. <a href=\"https:\/\/talkpal.ai\/learn-assamese\/\">Assamesisk<\/a>, et indoarisk sprog, der hovedsageligt tales i <a href=\"https:\/\/talkpal.ai\/learn-assamese\/\">Assam<\/a> og de omkringliggende regioner, er ingen undtagelse. Med sine karakteristiske tr\u00e6k og strukturer drager <a href=\"https:\/\/talkpal.ai\/da\/talkpal-til-uddannelse\/\">det at l\u00e6re<\/a> assamesisk fordel af en systematisk tilgang til at forst\u00e5 dets grammatik. Denne vejledning skitserer n\u00f8gleomr\u00e5derne i <a href=\"https:\/\/talkpal.ai\/da\/assamisk-grammatik\/\">assamisk grammatik<\/a> i en logisk r\u00e6kkef\u00f8lge for <a href=\"https:\/\/talkpal.ai\/da\/ai-chatbot-til-sprogindlaering\/\">sprogindl\u00e6ring<\/a>, startende fra det grundl\u00e6ggende s\u00e5som navneord og determinanter og g\u00e5r videre til mere komplekse omr\u00e5der som tider og s\u00e6tningskonstruktion.<\/p>\n\n\n\n<h3 class=\"wp-block-heading\" id=\"h-1-nouns\">1. Substantiver:<\/h3>\n\n\n\n<p>Begynd din assamesiske sprogrejse ved at l\u00e6re navneordene. Dette inkluderer forst\u00e5else af almindelige navneord og egennavne, t\u00e6llelige og utallige navneord, hvordan flertal dannes, og talklassifikatorernes rolle. Assamesisk har ikke grammatisk k\u00f8n.<\/p>\n\n\n\n<h3 class=\"wp-block-heading\" id=\"h-2-articles\">2. Artikler:<\/h3>\n\n\n\n<p>Assamesisk bruger ikke bestemte eller ubestemte artikler som <a href=\"https:\/\/talkpal.ai\/ai-english-speaking-practice\/\">engelsk<\/a>. Definiteness og ubestemthed udtrykkes gennem kontekst, demonstrativer, og tallet fungerer som en ubestemt mark\u00f8r. At forst\u00e5 disse m\u00f8nstre er afg\u00f8rende i s\u00e6tningskonstruktion.<\/p>\n\n\n\n<h3 class=\"wp-block-heading\" id=\"h-3-adjectives\">3. Adjektiver:<\/h3>\n\n\n\n<p>P\u00e5 assamesisk g\u00e5r adjektiver typisk foran de navneord, de \u00e6ndrer. L\u00e6r, hvordan adjektiver <a href=\"https:\/\/talkpal.ai\/locations\/learn-french-in-bruges\/\">bruges<\/a> i attributive og pr\u00e6dikative positioner, at de ikke stemmer overens for k\u00f8n, og hvordan du danner komparativer og superlativer ved hj\u00e6lp af partikler eller perifrastiske konstruktioner.<\/p>\n\n\n\n<h3 class=\"wp-block-heading\" id=\"h-4-pronouns-determiners\">4. Pronomen\/determinere:<\/h3>\n\n\n\n<p>Pronominer og determinanter er essentielle p\u00e5 assamesisk. Unders\u00f8g personlige, demonstrative, sp\u00f8rgende og besiddende pronominer, herunder forskelle i antal og niveauer af formalitet eller \u00e6refuldhed. L\u00e6r at bestemme antal og brugen af klassificeringer med tal.<\/p>\n\n\n\n<h3 class=\"wp-block-heading\" id=\"h-5-verbs\">5. Udsagnsord:<\/h3>\n\n\n\n<p>Assamesiske verber skifter form i henhold til tid, aspekt, hum\u00f8r, person og nogle gange \u00e6resniveau. Start med grundl\u00e6ggende nutidsformer og udforsk gradvist fortid og fremtid sammen med ikke-endelige former som participier og verbalnavneord.<\/p>\n\n\n\n<h3 class=\"wp-block-heading\" id=\"h-6-tenses\">6. Tider:<\/h3>\n\n\n\n<p>N\u00e5r du har mestret udsagnsordsformerne, kan du dykke dybere ned i assamesisk tid og aspekt. Forst\u00e5, hvordan nutid, fortid og fremtid kombineres med aspekter som perfektiv og progressiv, og hvordan de bruges i forskellige sammenh\u00e6nge.<\/p>\n\n\n\n<h3 class=\"wp-block-heading\" id=\"h-7-tense-comparison\">7. Ansp\u00e6ndt sammenligning:<\/h3>\n\n\n\n<p>Sammenligning af tider og aspekter p\u00e5 assamisk hj\u00e6lper med at forst\u00e5 r\u00e6kkef\u00f8lgen og nuancerne af begivenheder. Sammenligning af det samme verbum p\u00e5 tv\u00e6rs af tider og aspekter vil give en klarere forst\u00e5else af brugen.<\/p>\n\n\n\n<h3 class=\"wp-block-heading\" id=\"h-8-progressive\">8. Progressiv:<\/h3>\n\n\n\n<p>Det progressive aspekt p\u00e5 assamesisk udtrykker igangv\u00e6rende handlinger. Det er almindeligvis dannet med et verbum participium sammen med passende former af verbet at v\u00e6re.<\/p>\n\n\n\n<h3 class=\"wp-block-heading\" id=\"h-9-perfect-progressive\">9. Perfekt progressiv:<\/h3>\n\n\n\n<p>Dette aspekt udtrykker handlinger, der har v\u00e6ret i gang indtil et bestemt punkt. P\u00e5 assamesisk dannes det ved hj\u00e6lp af participielle former i kombination med hj\u00e6lpeformer af verbet at v\u00e6re for at angive kontinuitet op til en referencetid.<\/p>\n\n\n\n<h3 class=\"wp-block-heading\" id=\"h-10-conditionals\">10. Betingelser:<\/h3>\n\n\n\n<p>Betingelser udtrykker hypotetiske situationer og deres mulige resultater. L\u00e6r betingede konstruktioner ved hj\u00e6lp af konjunktioner som om og hvordan forskellige tider og aspekter p\u00e5virker mening og h\u00f8flighed.<\/p>\n\n\n\n<h3 class=\"wp-block-heading\" id=\"h-11-adverbs\">11. Adverb:<\/h3>\n\n\n\n<p>Adverbier p\u00e5 assamesisk \u00e6ndrer verber, adjektiver eller andre adverbier. Mange adverbiale betydninger udtrykkes ogs\u00e5 gennem postpositionelle s\u00e6tninger. De giver oplysninger om m\u00e5de, sted, tid, grad og mere.<\/p>\n\n\n\n<h3 class=\"wp-block-heading\" id=\"h-12-prepositions\">12. Pr\u00e6positioner:<\/h3>\n\n\n\n<p>Assamesisk bruger prim\u00e6rt postpositioner, der f\u00f8lger navneordet, snarere end pr\u00e6positioner. Disse elementer forbinder ord og s\u00e6tninger og udtrykker forhold mellem tid, sted, retning, besiddelse og mere.<\/p>\n\n\n\n<h3 class=\"wp-block-heading\" id=\"h-13-sentences\">13. S\u00e6tninger:<\/h3>\n\n\n\n<p>Endelig skal du \u00f8ve dig i at konstruere s\u00e6tninger. Assamesisk f\u00f8lger typisk en subjektobjektverbumsr\u00e6kkef\u00f8lge, bruger postpositioner og har faste m\u00f8nstre for <a href=\"https:\/\/talkpal.ai\/zh-hans\/grammar_exercises\/negazione-%e6%84%8f%e5%a4%a7%e5%88%a9%e8%af%ad%e6%b3%95%e7%bb%83%e4%b9%a0\/\">negation<\/a> og betoning. Anvendelse af alle tidligere l\u00e6rte grammatikpunkter i kontekst vil sikre en omfattende forst\u00e5else af det assamesiske sprog.<\/p>\n<\/div><\/div>\n\r\n<section class=\"learnNavigationSection\">\r\n            \r\n        <a href=\"https:\/\/talkpal.ai\/da\/laer-assamesisk\/\">\r\n            <div class=\"learnNavigationWrapper\">\r\n                <div class=\"learnNavigationContent\">\r\n                    <img decoding=\"async\" src=\"https:\/\/talkpal.ai\/wp-content\/uploads\/2025\/11\/Assamese.png\" alt=\"Indian Simplified Flag\">\r\n                    <div>\r\n                        <h4>Om assamesisk l\u00e6ring<\/h4>\r\n                        <p>Find ud af alt om assamesisk grammatik.<\/p>\r\n                    <\/div>\r\n                <\/div>\r\n            <\/div>\r\n        <\/a>\r\n\r\n        \r\n        <a href=\"https:\/\/talkpal.ai\/da\/assamisk-grammatik\/\">\r\n            <div class=\"learnNavigationWrapper\">\r\n                <div class=\"learnNavigationContent\">\r\n                    <img decoding=\"async\" src=\"https:\/\/talkpal.ai\/wp-content\/uploads\/2025\/11\/Assamese.png\" alt=\"Indian Simplified Flag\">\r\n                    <div>\r\n                        <h4>Assamesisk grammatik lektioner<\/h4>\r\n                        <p>\u00d8v dig i assamisk grammatik.<\/p>\r\n                    <\/div>\r\n                <\/div>\r\n            <\/div>\r\n        <\/a>\r\n\r\n            <\/section>","protected":false},"excerpt":{"rendered":"<p>Assamesisk grammatik emner At l\u00e6re et nyt sprog kan v\u00e6re en udfordrende, men givende bestr\u00e6belse. Assamesisk, et indoarisk sprog, der hovedsageligt tales i Assam og de omkringliggende regioner, er ingen undtagelse. Med sine karakteristiske tr\u00e6k og strukturer drager det at l\u00e6re assamesisk fordel af en systematisk tilgang til at forst\u00e5 dets grammatik. Denne vejledning skitserer [&hellip;]<\/p>\n","protected":false},"author":20,"featured_media":0,"parent":0,"menu_order":0,"comment_status":"closed","ping_status":"closed","template":"LearningContentPage.php","meta":{"_acf_changed":false,"footnotes":""},"class_list":["post-1465741","page","type-page","status-publish","hentry"],"acf":[],"yoast_head":"<!-- This site is optimized with the Yoast SEO Premium plugin v27.2 (Yoast SEO v27.2) - https:\/\/yoast.com\/product\/yoast-seo-premium-wordpress\/ -->\n<title>Assamiske grammatik\u00f8velser - Talkpal<\/title>\n<meta name=\"description\" content=\"Behersk assamesisk grammatik med interaktive \u00f8velser, der er designet til at \u00f8ge dine f\u00e6rdigheder og sprogkundskaber effektivt i dag.\" \/>\n<meta name=\"robots\" content=\"index, follow, max-snippet:-1, max-image-preview:large, max-video-preview:-1\" \/>\n<link rel=\"canonical\" href=\"https:\/\/talkpal.ai\/da\/assamiske-grammatikoevelser\/\" \/>\n<meta property=\"og:locale\" content=\"da_DK\" \/>\n<meta property=\"og:type\" content=\"article\" \/>\n<meta property=\"og:title\" content=\"Assamiske grammatik\u00f8velser\" \/>\n<meta property=\"og:description\" content=\"Assamesisk grammatik emner At l\u00e6re et nyt sprog kan v\u00e6re en udfordrende, men givende bestr\u00e6belse. Assamesisk, et indoarisk sprog, der hovedsageligt tales\" \/>\n<meta property=\"og:url\" content=\"https:\/\/talkpal.ai\/da\/assamiske-grammatikoevelser\/\" \/>\n<meta property=\"og:site_name\" content=\"Talkpal\" \/>\n<meta property=\"article:publisher\" content=\"https:\/\/www.facebook.com\/profile.php?id=100090733639311\" \/>\n<meta property=\"article:modified_time\" content=\"2025-12-30T15:27:03+00:00\" \/>\n<meta property=\"og:image\" content=\"https:\/\/talkpal.ai\/wp-content\/uploads\/2025\/02\/Progress-tab-16_9.png\" \/>\n\t<meta property=\"og:image:width\" content=\"2880\" \/>\n\t<meta property=\"og:image:height\" content=\"1620\" \/>\n\t<meta property=\"og:image:type\" content=\"image\/png\" \/>\n<meta name=\"twitter:card\" content=\"summary_large_image\" \/>\n<meta name=\"twitter:site\" content=\"@talkpalai\" \/>\n<meta name=\"twitter:label1\" content=\"Estimeret l\u00e6setid\" \/>\n\t<meta name=\"twitter:data1\" content=\"3 minutter\" \/>\n<script type=\"application\/ld+json\" class=\"yoast-schema-graph\">{\"@context\":\"https:\/\/schema.org\",\"@graph\":[{\"@type\":\"WebPage\",\"@id\":\"https:\/\/talkpal.ai\/da\/assamiske-grammatikoevelser\/\",\"url\":\"https:\/\/talkpal.ai\/da\/assamiske-grammatikoevelser\/\",\"name\":\"Assamiske grammatik\u00f8velser - Talkpal\",\"isPartOf\":{\"@id\":\"https:\/\/talkpal.ai\/da\/#website\"},\"datePublished\":\"2025-11-11T15:06:48+00:00\",\"dateModified\":\"2025-12-30T15:27:03+00:00\",\"description\":\"Behersk assamesisk grammatik med interaktive \u00f8velser, der er designet til at \u00f8ge dine f\u00e6rdigheder og sprogkundskaber effektivt i dag.\",\"breadcrumb\":{\"@id\":\"https:\/\/talkpal.ai\/da\/assamiske-grammatikoevelser\/#breadcrumb\"},\"inLanguage\":\"da-DK\",\"potentialAction\":[{\"@type\":\"ReadAction\",\"target\":[\"https:\/\/talkpal.ai\/da\/assamiske-grammatikoevelser\/\"]}]},{\"@type\":\"BreadcrumbList\",\"@id\":\"https:\/\/talkpal.ai\/da\/assamiske-grammatikoevelser\/#breadcrumb\",\"itemListElement\":[{\"@type\":\"ListItem\",\"position\":1,\"name\":\"Homepage\",\"item\":\"https:\/\/talkpal.ai\/da\/\"},{\"@type\":\"ListItem\",\"position\":2,\"name\":\"Assamiske grammatik\u00f8velser\"}]},{\"@type\":\"WebSite\",\"@id\":\"https:\/\/talkpal.ai\/da\/#website\",\"url\":\"https:\/\/talkpal.ai\/da\/\",\"name\":\"Talkpal\",\"description\":\"AI Language Learning\",\"publisher\":{\"@id\":\"https:\/\/talkpal.ai\/da\/#organization\"},\"alternateName\":\"Talkpal AI\",\"potentialAction\":[{\"@type\":\"SearchAction\",\"target\":{\"@type\":\"EntryPoint\",\"urlTemplate\":\"https:\/\/talkpal.ai\/da\/?s={search_term_string}\"},\"query-input\":{\"@type\":\"PropertyValueSpecification\",\"valueRequired\":true,\"valueName\":\"search_term_string\"}}],\"inLanguage\":\"da-DK\"},{\"@type\":\"Organization\",\"@id\":\"https:\/\/talkpal.ai\/da\/#organization\",\"name\":\"Talkpal, Inc.\",\"alternateName\":\"Talkpal AI\",\"url\":\"https:\/\/talkpal.ai\/da\/\",\"logo\":{\"@type\":\"ImageObject\",\"inLanguage\":\"da-DK\",\"@id\":\"https:\/\/talkpal.ai\/da\/#\/schema\/logo\/image\/\",\"url\":\"https:\/\/talkpal.ai\/wp-content\/uploads\/2024\/03\/Talkpal-Logo-Icon.png\",\"contentUrl\":\"https:\/\/talkpal.ai\/wp-content\/uploads\/2024\/03\/Talkpal-Logo-Icon.png\",\"width\":2880,\"height\":2880,\"caption\":\"Talkpal, Inc.\"},\"image\":{\"@id\":\"https:\/\/talkpal.ai\/da\/#\/schema\/logo\/image\/\"},\"sameAs\":[\"https:\/\/www.facebook.com\/profile.php?id=100090733639311\",\"https:\/\/x.com\/talkpalai\",\"https:\/\/www.linkedin.com\/company\/talkpal\/\",\"https:\/\/www.youtube.com\/@TalkPal\/\",\"https:\/\/www.tiktok.com\/@talkpal\",\"https:\/\/www.instagram.com\/talkpal_ai\/\",\"https:\/\/www.crunchbase.com\/organization\/talkpal-9cde\",\"https:\/\/www.g2.com\/products\/talkpal-for-business\/\",\"https:\/\/www.trustpilot.com\/review\/talkpal.ai\",\"https:\/\/www.capterra.com\/p\/10006800\/TalkPal\/\"],\"description\":\"Talkpal is a language learning web and mobile education app, powered by the latest AI technologies, that provides engaging experiences to its customers in many different languages to help them improve their language skills. Users can chat about unlimited amount of topics with the app and use other modes to practice their language learning.\",\"email\":\"support@talkpal.ai\",\"legalName\":\"Talkpal, Inc.\",\"foundingDate\":\"2023-04-03\",\"duns\":\"118989042\",\"numberOfEmployees\":{\"@type\":\"QuantitativeValue\",\"minValue\":\"11\",\"maxValue\":\"50\"},\"publishingPrinciples\":\"https:\/\/talkpal.ai\/publishing-principles\/\",\"actionableFeedbackPolicy\":\"https:\/\/talkpal.ai\/actionable-feedback-policy\/\",\"correctionsPolicy\":\"https:\/\/talkpal.ai\/corrections-policy\/\",\"ethicsPolicy\":\"https:\/\/talkpal.ai\/ethics-policy\/\",\"diversityPolicy\":\"https:\/\/talkpal.ai\/diversity-policy\/\",\"diversityStaffingReport\":\"https:\/\/talkpal.ai\/diversity-policy\/\"}]}<\/script>\n<!-- \/ Yoast SEO Premium plugin. -->","yoast_head_json":{"title":"Assamiske grammatik\u00f8velser - Talkpal","description":"Behersk assamesisk grammatik med interaktive \u00f8velser, der er designet til at \u00f8ge dine f\u00e6rdigheder og sprogkundskaber effektivt i dag.","robots":{"index":"index","follow":"follow","max-snippet":"max-snippet:-1","max-image-preview":"max-image-preview:large","max-video-preview":"max-video-preview:-1"},"canonical":"https:\/\/talkpal.ai\/da\/assamiske-grammatikoevelser\/","og_locale":"da_DK","og_type":"article","og_title":"Assamiske grammatik\u00f8velser","og_description":"Assamesisk grammatik emner At l\u00e6re et nyt sprog kan v\u00e6re en udfordrende, men givende bestr\u00e6belse. Assamesisk, et indoarisk sprog, der hovedsageligt tales","og_url":"https:\/\/talkpal.ai\/da\/assamiske-grammatikoevelser\/","og_site_name":"Talkpal","article_publisher":"https:\/\/www.facebook.com\/profile.php?id=100090733639311","article_modified_time":"2025-12-30T15:27:03+00:00","og_image":[{"width":2880,"height":1620,"url":"https:\/\/talkpal.ai\/wp-content\/uploads\/2025\/02\/Progress-tab-16_9.png","type":"image\/png"}],"twitter_card":"summary_large_image","twitter_site":"@talkpalai","twitter_misc":{"Estimeret l\u00e6setid":"3 minutter"},"schema":{"@context":"https:\/\/schema.org","@graph":[{"@type":"WebPage","@id":"https:\/\/talkpal.ai\/da\/assamiske-grammatikoevelser\/","url":"https:\/\/talkpal.ai\/da\/assamiske-grammatikoevelser\/","name":"Assamiske grammatik\u00f8velser - Talkpal","isPartOf":{"@id":"https:\/\/talkpal.ai\/da\/#website"},"datePublished":"2025-11-11T15:06:48+00:00","dateModified":"2025-12-30T15:27:03+00:00","description":"Behersk assamesisk grammatik med interaktive \u00f8velser, der er designet til at \u00f8ge dine f\u00e6rdigheder og sprogkundskaber effektivt i dag.","breadcrumb":{"@id":"https:\/\/talkpal.ai\/da\/assamiske-grammatikoevelser\/#breadcrumb"},"inLanguage":"da-DK","potentialAction":[{"@type":"ReadAction","target":["https:\/\/talkpal.ai\/da\/assamiske-grammatikoevelser\/"]}]},{"@type":"BreadcrumbList","@id":"https:\/\/talkpal.ai\/da\/assamiske-grammatikoevelser\/#breadcrumb","itemListElement":[{"@type":"ListItem","position":1,"name":"Homepage","item":"https:\/\/talkpal.ai\/da\/"},{"@type":"ListItem","position":2,"name":"Assamiske grammatik\u00f8velser"}]},{"@type":"WebSite","@id":"https:\/\/talkpal.ai\/da\/#website","url":"https:\/\/talkpal.ai\/da\/","name":"Talkpal","description":"AI Language Learning","publisher":{"@id":"https:\/\/talkpal.ai\/da\/#organization"},"alternateName":"Talkpal AI","potentialAction":[{"@type":"SearchAction","target":{"@type":"EntryPoint","urlTemplate":"https:\/\/talkpal.ai\/da\/?s={search_term_string}"},"query-input":{"@type":"PropertyValueSpecification","valueRequired":true,"valueName":"search_term_string"}}],"inLanguage":"da-DK"},{"@type":"Organization","@id":"https:\/\/talkpal.ai\/da\/#organization","name":"Talkpal, Inc.","alternateName":"Talkpal AI","url":"https:\/\/talkpal.ai\/da\/","logo":{"@type":"ImageObject","inLanguage":"da-DK","@id":"https:\/\/talkpal.ai\/da\/#\/schema\/logo\/image\/","url":"https:\/\/talkpal.ai\/wp-content\/uploads\/2024\/03\/Talkpal-Logo-Icon.png","contentUrl":"https:\/\/talkpal.ai\/wp-content\/uploads\/2024\/03\/Talkpal-Logo-Icon.png","width":2880,"height":2880,"caption":"Talkpal, Inc."},"image":{"@id":"https:\/\/talkpal.ai\/da\/#\/schema\/logo\/image\/"},"sameAs":["https:\/\/www.facebook.com\/profile.php?id=100090733639311","https:\/\/x.com\/talkpalai","https:\/\/www.linkedin.com\/company\/talkpal\/","https:\/\/www.youtube.com\/@TalkPal\/","https:\/\/www.tiktok.com\/@talkpal","https:\/\/www.instagram.com\/talkpal_ai\/","https:\/\/www.crunchbase.com\/organization\/talkpal-9cde","https:\/\/www.g2.com\/products\/talkpal-for-business\/","https:\/\/www.trustpilot.com\/review\/talkpal.ai","https:\/\/www.capterra.com\/p\/10006800\/TalkPal\/"],"description":"Talkpal is a language learning web and mobile education app, powered by the latest AI technologies, that provides engaging experiences to its customers in many different languages to help them improve their language skills. Users can chat about unlimited amount of topics with the app and use other modes to practice their language learning.","email":"support@talkpal.ai","legalName":"Talkpal, Inc.","foundingDate":"2023-04-03","duns":"118989042","numberOfEmployees":{"@type":"QuantitativeValue","minValue":"11","maxValue":"50"},"publishingPrinciples":"https:\/\/talkpal.ai\/publishing-principles\/","actionableFeedbackPolicy":"https:\/\/talkpal.ai\/actionable-feedback-policy\/","correctionsPolicy":"https:\/\/talkpal.ai\/corrections-policy\/","ethicsPolicy":"https:\/\/talkpal.ai\/ethics-policy\/","diversityPolicy":"https:\/\/talkpal.ai\/diversity-policy\/","diversityStaffingReport":"https:\/\/talkpal.ai\/diversity-policy\/"}]}},"_links":{"self":[{"href":"https:\/\/talkpal.ai\/da\/wp-json\/wp\/v2\/pages\/1465741","targetHints":{"allow":["GET"]}}],"collection":[{"href":"https:\/\/talkpal.ai\/da\/wp-json\/wp\/v2\/pages"}],"about":[{"href":"https:\/\/talkpal.ai\/da\/wp-json\/wp\/v2\/types\/page"}],"author":[{"embeddable":true,"href":"https:\/\/talkpal.ai\/da\/wp-json\/wp\/v2\/users\/20"}],"replies":[{"embeddable":true,"href":"https:\/\/talkpal.ai\/da\/wp-json\/wp\/v2\/comments?post=1465741"}],"version-history":[{"count":0,"href":"https:\/\/talkpal.ai\/da\/wp-json\/wp\/v2\/pages\/1465741\/revisions"}],"wp:attachment":[{"href":"https:\/\/talkpal.ai\/da\/wp-json\/wp\/v2\/media?parent=1465741"}],"curies":[{"name":"wp","href":"https:\/\/api.w.org\/{rel}","templated":true}]}}