{"id":1465642,"date":"2025-11-12T16:46:50","date_gmt":"2025-11-12T16:46:50","guid":{"rendered":"https:\/\/talkpal.ai\/singalesiske-grammatikoevelser\/"},"modified":"2025-12-30T11:07:53","modified_gmt":"2025-12-30T11:07:53","slug":"singalesiske-grammatikoevelser","status":"publish","type":"page","link":"https:\/\/talkpal.ai\/da\/singalesiske-grammatikoevelser\/","title":{"rendered":"Singalesiske grammatik\u00f8velser"},"content":{"rendered":"\r\n\r\n\r\n<section class=\"languageChallengeSection\">\r\n    <div class=\"languageInfoWrapper\">\r\n        \r\n        <h1>Singalesiske grammatik\u00f8velser<\/h1>\r\n        <p>Er du klar til at dykke ned i <a href=\"https:\/\/talkpal.ai\/da\/singalesisk-grammatik\/\">singalesisk grammatik<\/a>? Ved at \u00f8ve dig p\u00e5 et par grundl\u00e6ggende ting kan du blive fortrolig med dette unikke og smukke <a href=\"https:\/\/talkpal.ai\/what-language-is-spoken-on-the-international-space-station\/\">sprog<\/a>. Pr\u00f8v disse \u00f8velser for at opbygge din selvtillid og have det sjovt undervejs!<\/p>\r\n\r\n                            <a class=\"getStartedHidden\" href=\"https:\/\/app.talkpal.ai\/da\/signup?lng=\">Kom i gang<\/a>\r\n        \r\n    <\/div>\r\n\r\n    <figure>\r\n    <img decoding=\"async\" width=\"768\" height=\"768\" src=\"https:\/\/talkpal.ai\/wp-content\/uploads\/2023\/06\/welsh-768x768.png\" class=\"languageImage no-lazy\" alt=\"Language learning for better cognitive abilities\" fetchpriority=\"high\" sizes=\"(max-width: 768px) 150px, 768px\" srcset=\"https:\/\/talkpal.ai\/wp-content\/uploads\/2023\/06\/welsh-768x768.png 768w, https:\/\/talkpal.ai\/wp-content\/uploads\/2023\/06\/welsh-300x300.png 300w\" \/>\r\n    \r\n\r\n    <\/figure>\r\n\r\n            <a class=\"getStartedVisible\" href=\"https:\/\/app.talkpal.ai\/da\/signup?lng=\">Kom i gang<\/a>\r\n    \r\n<\/section><section class=\"promotionalBanner\">\r\n    <p class=\"promotionalText\">Den mest effektive m\u00e5de at l\u00e6re et sprog p\u00e5<\/p>\r\n    <a class=\"promotionalLink\" href=\"https:\/\/app.talkpal.ai\/da\/signup?lng=\">Pr\u00f8v Talkpal gratis<\/a>\r\n<\/section>\n<div class=\"wp-block-group pageContainerStyle\"><div class=\"wp-block-group__inner-container is-layout-constrained wp-block-group-is-layout-constrained\">\n<h2 class=\"wp-block-heading\" id=\"h-sinhala-grammar-topics\">Singalesisk grammatik emner<\/h2>\n\n\n\n<p><a href=\"https:\/\/talkpal.ai\/da\/de-stoerste-fejl-du-skal-undgaa-naar-du-laerer-et-nyt-sprog\/\">At l\u00e6re et nyt sprog<\/a> kan v\u00e6re en udfordrende, men givende bestr\u00e6belse. <a href=\"https:\/\/talkpal.ai\/learn-sinhala\/\">Singalesisk<\/a>, et indoarisk sprog, der hovedsageligt tales i Sri Lanka, er ingen undtagelse. Med sine unikke tr\u00e6k og strukturer kr\u00e6ver <a href=\"https:\/\/talkpal.ai\/da\/talkpal-til-uddannelse\/\">det at l\u00e6re<\/a> <a href=\"https:\/\/talkpal.ai\/learn-sinhala\/\">singalesisk<\/a> en systematisk tilgang til at forst\u00e5 dets <a href=\"https:\/\/talkpal.ai\/fr\/les\/\">grammatik<\/a>. Denne vejledning skitserer n\u00f8gleomr\u00e5derne i <a href=\"https:\/\/talkpal.ai\/da\/singalesisk-grammatik\/\">singalesisk grammatik<\/a> i en logisk r\u00e6kkef\u00f8lge for <a href=\"https:\/\/talkpal.ai\/da\/talkpal-til-uddannelse\/\">sprogindl\u00e6ring<\/a>, startende fra det grundl\u00e6ggende s\u00e5som navneord og artikler og videre til mere komplekse omr\u00e5der som tider og s\u00e6tningskonstruktion.<\/p>\n\n\n\n<h3 class=\"wp-block-heading\" id=\"h-1-nouns\">1. Substantiver:<\/h3>\n\n\n\n<p>Begynd din singalesiske sprogrejse med at l\u00e6re navneordene. Dette inkluderer forst\u00e5else af de forskellige kategorier af navneord, s\u00e5som almindelige navneord og egennavne samt deres flertalsformer, og hvordan tal og bestemthed udtrykkes i kontekst.<\/p>\n\n\n\n<h3 class=\"wp-block-heading\" id=\"h-2-articles\">2. Artikler:<\/h3>\n\n\n\n<p>Singalesisk bruger ikke bestemte eller ubestemte artikler p\u00e5 samme m\u00e5de som <a href=\"https:\/\/talkpal.ai\/ai-english-speaking-practice\/\">engelsk<\/a>. Ubestemthed med t\u00e6llenavneord vises ofte med et suffiks som -ek eller -ak, mens bestemthed normalt angives af kontekst og partikler s\u00e5som den specifikke objektmark\u00f8r -wa.<\/p>\n\n\n\n<h3 class=\"wp-block-heading\" id=\"h-3-adjectives\">3. Adjektiver:<\/h3>\n\n\n\n<p>Adjektiver p\u00e5 singalesisk kommer normalt f\u00f8r de navneord, de \u00e6ndrer. De \u00e6ndres generelt ikke for antal eller k\u00f8n. L\u00e6r at danne komparativer med wada, hvilket betyder flere og almindelige m\u00e5der at udtrykke superlativet p\u00e5, ofte med <a href=\"https:\/\/talkpal.ai\/locations\/language-courses-in-tama\/\">tama<\/a> og betoningsmark\u00f8rer.<\/p>\n\n\n\n<h3 class=\"wp-block-heading\" id=\"h-4-pronouns-determiners\">4. Pronomen\/determinere:<\/h3>\n\n\n\n<p>Pronominer og determinanter er essentielle i singalesisk; de afspejler person, antal og niveauer af h\u00f8flighed eller \u00e6resbetegnelser. Besiddelse vises almindeligvis med genitivmark\u00f8ren -ge. Demonstrativer som dette og hint og kvantifikatorer hj\u00e6lper med at angive reference og m\u00e6ngde.<\/p>\n\n\n\n<h3 class=\"wp-block-heading\" id=\"h-5-verbs\">5. Udsagnsord:<\/h3>\n\n\n\n<p>Singalesiske verber skifter form i henhold til tid, polaritet og nogle gange h\u00f8flighed, snarere end person eller tal. Start med de nutidige former, der <a href=\"https:\/\/talkpal.ai\/locations\/learn-french-in-bruges\/\">bruges<\/a> i daglig tale, og udforsk derefter fortid og fremtid samt imperativer og negativer.<\/p>\n\n\n\n<h3 class=\"wp-block-heading\" id=\"h-6-tenses\">6. Tider:<\/h3>\n\n\n\n<p>N\u00e5r du har mestret udsagnsordsformerne, kan du dykke dybere ned i singalesiske tider. Fokuser p\u00e5 nutid, fortid og fremtid, og l\u00e6r, hvordan perfekte betydninger opbygges med hj\u00e6lpemidler som tiyenawa har og inna v\u00e6re i daglig tale.<\/p>\n\n\n\n<h3 class=\"wp-block-heading\" id=\"h-7-tense-comparison\">7. Ansp\u00e6ndt sammenligning:<\/h3>\n\n\n\n<p>Sammenligning af tider p\u00e5 singalesisk hj\u00e6lper med at forst\u00e5 r\u00e6kkef\u00f8lgen og aspektet af begivenheder. Brug af det samme verbum p\u00e5 tv\u00e6rs af nutidige, fortidige, fremtidige og perfekt-lignende konstruktioner vil tydeligg\u00f8re, hvordan singalesisk udtrykker tid og f\u00e6rdigg\u00f8relse.<\/p>\n\n\n\n<h3 class=\"wp-block-heading\" id=\"h-8-progressive\">8. Progressiv:<\/h3>\n\n\n\n<p>Den progressive p\u00e5 singalesisk udtrykker igangv\u00e6rende handlinger. Det er almindeligvis dannet med -min participium plus verbet inna at v\u00e6re, og i daglig tale formidler nutidsformen med -nawa ofte ogs\u00e5 en vedvarende betydning.<\/p>\n\n\n\n<h3 class=\"wp-block-heading\" id=\"h-9-perfect-progressive\">9. Perfekt progressiv:<\/h3>\n\n\n\n<p>Dette bruges til at udtrykke handlinger, der har v\u00e6ret i gang indtil et bestemt punkt. Singalesisk formidler ofte dette med kombinationer som datid participium + inna for et fortsat resultat eller datid participium + tiyenawa for at vise en fortsat tilstand indtil nu, afh\u00e6ngigt af konteksten.<\/p>\n\n\n\n<h3 class=\"wp-block-heading\" id=\"h-10-conditionals\">10. Betingelser:<\/h3>\n\n\n\n<p>Betingelser udtrykker hypotetiske situationer og deres mulige resultater. Singalesisk bruger partikler som nam eller nang og betingede verbumsm\u00f8nstre til at markere reelle, hypotetiske og kontrafaktiske forhold.<\/p>\n\n\n\n<h3 class=\"wp-block-heading\" id=\"h-11-adverbs\">11. Adverb:<\/h3>\n\n\n\n<p>Adverbier p\u00e5 singalesisk \u00e6ndrer verber, adjektiver eller andre adverbier. Mange er dannet med den instrumentale mark\u00f8r -in for at angive m\u00e5de, og der er dedikerede ord for tid, sted, grad og frekvens.<\/p>\n\n\n\n<h3 class=\"wp-block-heading\" id=\"h-12-prepositions\">12. Pr\u00e6positioner:<\/h3>\n\n\n\n<p>Singalesisk bruger prim\u00e6rt postpositioner og kasuspartikler frem for pr\u00e6positioner. Forholdet mellem tid, sted, retning og andre forbindelser udtrykkes med mark\u00f8rer som -\u1e6da dativ, -ge genitiv, -i instrumental og lokativ form.<\/p>\n\n\n\n<h3 class=\"wp-block-heading\" id=\"h-13-sentences\">13. S\u00e6tninger:<\/h3>\n\n\n\n<p>Endelig skal du \u00f8ve dig i at konstruere s\u00e6tninger. Singalesisk f\u00f8lger typisk en ordr\u00e6kkef\u00f8lge for subjekt-objektverbum og er afh\u00e6ngig af partikler til sp\u00f8rgsm\u00e5l og betoning. Dette vil involvere at bruge alle de tidligere l\u00e6rte grammatiske punkter i kontekst, hvilket sikrer en omfattende forst\u00e5else af det singalesiske sprog.<\/p>\n<\/div><\/div>\n\r\n<section class=\"learnNavigationSection\">\r\n            \r\n        <a href=\"https:\/\/talkpal.ai\/da\/laer-singalesisk\/\">\r\n            <div class=\"learnNavigationWrapper\">\r\n                <div class=\"learnNavigationContent\">\r\n                    <img decoding=\"async\" src=\"https:\/\/talkpal.ai\/wp-content\/uploads\/2025\/11\/Sinhala.png\" alt=\"Sri Lankan Flag\">\r\n                    <div>\r\n                        <h4>Om singalesisk l\u00e6ring<\/h4>\r\n                        <p>Find ud af alt om singalesisk grammatik.<\/p>\r\n                    <\/div>\r\n                <\/div>\r\n            <\/div>\r\n        <\/a>\r\n\r\n        \r\n        <a href=\"https:\/\/talkpal.ai\/da\/singalesisk-grammatik\/\">\r\n            <div class=\"learnNavigationWrapper\">\r\n                <div class=\"learnNavigationContent\">\r\n                    <img decoding=\"async\" src=\"https:\/\/talkpal.ai\/wp-content\/uploads\/2025\/11\/Sinhala.png\" alt=\"Sri Lankan Flag\">\r\n                    <div>\r\n                        <h4>Singalesisk grammatik lektioner<\/h4>\r\n                        <p>\u00d8v dig i singalesisk grammatik.<\/p>\r\n                    <\/div>\r\n                <\/div>\r\n            <\/div>\r\n        <\/a>\r\n\r\n            <\/section>","protected":false},"excerpt":{"rendered":"<p>Singalesisk grammatik emner At l\u00e6re et nyt sprog kan v\u00e6re en udfordrende, men givende bestr\u00e6belse. Singalesisk, et indoarisk sprog, der hovedsageligt tales i Sri Lanka, er ingen undtagelse. Med sine unikke tr\u00e6k og strukturer kr\u00e6ver det at l\u00e6re singalesisk en systematisk tilgang til at forst\u00e5 dets grammatik. Denne vejledning skitserer n\u00f8gleomr\u00e5derne i singalesisk grammatik i [&hellip;]<\/p>\n","protected":false},"author":20,"featured_media":0,"parent":0,"menu_order":0,"comment_status":"closed","ping_status":"closed","template":"LearningContentPage.php","meta":{"_acf_changed":false,"footnotes":""},"class_list":["post-1465642","page","type-page","status-publish","hentry"],"acf":[],"yoast_head":"<!-- This site is optimized with the Yoast SEO Premium plugin v27.2 (Yoast SEO v27.2) - https:\/\/yoast.com\/product\/yoast-seo-premium-wordpress\/ -->\n<title>Singalesiske grammatik\u00f8velser - Talkpal<\/title>\n<meta name=\"description\" content=\"Behersk singalesisk grammatik med interaktive \u00f8velser, der d\u00e6kker navneord, udsagnsord og tider, s\u00e5 du effektivt kan forbedre din sprogf\u00e6rdighed.\" \/>\n<meta name=\"robots\" content=\"index, follow, max-snippet:-1, max-image-preview:large, max-video-preview:-1\" \/>\n<link rel=\"canonical\" href=\"https:\/\/talkpal.ai\/da\/singalesiske-grammatikoevelser\/\" \/>\n<meta property=\"og:locale\" content=\"da_DK\" \/>\n<meta property=\"og:type\" content=\"article\" \/>\n<meta property=\"og:title\" content=\"Singalesiske grammatik\u00f8velser\" \/>\n<meta property=\"og:description\" content=\"Singalesisk grammatik emner At l\u00e6re et nyt sprog kan v\u00e6re en udfordrende, men givende bestr\u00e6belse. Singalesisk, et indoarisk sprog, der hovedsageligt\" \/>\n<meta property=\"og:url\" content=\"https:\/\/talkpal.ai\/da\/singalesiske-grammatikoevelser\/\" \/>\n<meta property=\"og:site_name\" content=\"Talkpal\" \/>\n<meta property=\"article:publisher\" content=\"https:\/\/www.facebook.com\/profile.php?id=100090733639311\" \/>\n<meta property=\"article:modified_time\" content=\"2025-12-30T11:07:53+00:00\" \/>\n<meta property=\"og:image\" content=\"https:\/\/talkpal.ai\/wp-content\/uploads\/2025\/02\/Progress-tab-16_9.png\" \/>\n\t<meta property=\"og:image:width\" content=\"2880\" \/>\n\t<meta property=\"og:image:height\" content=\"1620\" \/>\n\t<meta property=\"og:image:type\" content=\"image\/png\" \/>\n<meta name=\"twitter:card\" content=\"summary_large_image\" \/>\n<meta name=\"twitter:site\" content=\"@talkpalai\" \/>\n<meta name=\"twitter:label1\" content=\"Estimeret l\u00e6setid\" \/>\n\t<meta name=\"twitter:data1\" content=\"3 minutter\" \/>\n<script type=\"application\/ld+json\" class=\"yoast-schema-graph\">{\"@context\":\"https:\/\/schema.org\",\"@graph\":[{\"@type\":\"WebPage\",\"@id\":\"https:\/\/talkpal.ai\/da\/singalesiske-grammatikoevelser\/\",\"url\":\"https:\/\/talkpal.ai\/da\/singalesiske-grammatikoevelser\/\",\"name\":\"Singalesiske grammatik\u00f8velser - Talkpal\",\"isPartOf\":{\"@id\":\"https:\/\/talkpal.ai\/da\/#website\"},\"datePublished\":\"2025-11-12T16:46:50+00:00\",\"dateModified\":\"2025-12-30T11:07:53+00:00\",\"description\":\"Behersk singalesisk grammatik med interaktive \u00f8velser, der d\u00e6kker navneord, udsagnsord og tider, s\u00e5 du effektivt kan forbedre din sprogf\u00e6rdighed.\",\"breadcrumb\":{\"@id\":\"https:\/\/talkpal.ai\/da\/singalesiske-grammatikoevelser\/#breadcrumb\"},\"inLanguage\":\"da-DK\",\"potentialAction\":[{\"@type\":\"ReadAction\",\"target\":[\"https:\/\/talkpal.ai\/da\/singalesiske-grammatikoevelser\/\"]}]},{\"@type\":\"BreadcrumbList\",\"@id\":\"https:\/\/talkpal.ai\/da\/singalesiske-grammatikoevelser\/#breadcrumb\",\"itemListElement\":[{\"@type\":\"ListItem\",\"position\":1,\"name\":\"Homepage\",\"item\":\"https:\/\/talkpal.ai\/da\/\"},{\"@type\":\"ListItem\",\"position\":2,\"name\":\"Singalesiske grammatik\u00f8velser\"}]},{\"@type\":\"WebSite\",\"@id\":\"https:\/\/talkpal.ai\/da\/#website\",\"url\":\"https:\/\/talkpal.ai\/da\/\",\"name\":\"Talkpal\",\"description\":\"AI Language Learning\",\"publisher\":{\"@id\":\"https:\/\/talkpal.ai\/da\/#organization\"},\"alternateName\":\"Talkpal AI\",\"potentialAction\":[{\"@type\":\"SearchAction\",\"target\":{\"@type\":\"EntryPoint\",\"urlTemplate\":\"https:\/\/talkpal.ai\/da\/?s={search_term_string}\"},\"query-input\":{\"@type\":\"PropertyValueSpecification\",\"valueRequired\":true,\"valueName\":\"search_term_string\"}}],\"inLanguage\":\"da-DK\"},{\"@type\":\"Organization\",\"@id\":\"https:\/\/talkpal.ai\/da\/#organization\",\"name\":\"Talkpal, Inc.\",\"alternateName\":\"Talkpal AI\",\"url\":\"https:\/\/talkpal.ai\/da\/\",\"logo\":{\"@type\":\"ImageObject\",\"inLanguage\":\"da-DK\",\"@id\":\"https:\/\/talkpal.ai\/da\/#\/schema\/logo\/image\/\",\"url\":\"https:\/\/talkpal.ai\/wp-content\/uploads\/2024\/03\/Talkpal-Logo-Icon.png\",\"contentUrl\":\"https:\/\/talkpal.ai\/wp-content\/uploads\/2024\/03\/Talkpal-Logo-Icon.png\",\"width\":2880,\"height\":2880,\"caption\":\"Talkpal, Inc.\"},\"image\":{\"@id\":\"https:\/\/talkpal.ai\/da\/#\/schema\/logo\/image\/\"},\"sameAs\":[\"https:\/\/www.facebook.com\/profile.php?id=100090733639311\",\"https:\/\/x.com\/talkpalai\",\"https:\/\/www.linkedin.com\/company\/talkpal\/\",\"https:\/\/www.youtube.com\/@TalkPal\/\",\"https:\/\/www.tiktok.com\/@talkpal\",\"https:\/\/www.instagram.com\/talkpal_ai\/\",\"https:\/\/www.crunchbase.com\/organization\/talkpal-9cde\",\"https:\/\/www.g2.com\/products\/talkpal-for-business\/\",\"https:\/\/www.trustpilot.com\/review\/talkpal.ai\",\"https:\/\/www.capterra.com\/p\/10006800\/TalkPal\/\"],\"description\":\"Talkpal is a language learning web and mobile education app, powered by the latest AI technologies, that provides engaging experiences to its customers in many different languages to help them improve their language skills. Users can chat about unlimited amount of topics with the app and use other modes to practice their language learning.\",\"email\":\"support@talkpal.ai\",\"legalName\":\"Talkpal, Inc.\",\"foundingDate\":\"2023-04-03\",\"duns\":\"118989042\",\"numberOfEmployees\":{\"@type\":\"QuantitativeValue\",\"minValue\":\"11\",\"maxValue\":\"50\"},\"publishingPrinciples\":\"https:\/\/talkpal.ai\/publishing-principles\/\",\"actionableFeedbackPolicy\":\"https:\/\/talkpal.ai\/actionable-feedback-policy\/\",\"correctionsPolicy\":\"https:\/\/talkpal.ai\/corrections-policy\/\",\"ethicsPolicy\":\"https:\/\/talkpal.ai\/ethics-policy\/\",\"diversityPolicy\":\"https:\/\/talkpal.ai\/diversity-policy\/\",\"diversityStaffingReport\":\"https:\/\/talkpal.ai\/diversity-policy\/\"}]}<\/script>\n<!-- \/ Yoast SEO Premium plugin. -->","yoast_head_json":{"title":"Singalesiske grammatik\u00f8velser - Talkpal","description":"Behersk singalesisk grammatik med interaktive \u00f8velser, der d\u00e6kker navneord, udsagnsord og tider, s\u00e5 du effektivt kan forbedre din sprogf\u00e6rdighed.","robots":{"index":"index","follow":"follow","max-snippet":"max-snippet:-1","max-image-preview":"max-image-preview:large","max-video-preview":"max-video-preview:-1"},"canonical":"https:\/\/talkpal.ai\/da\/singalesiske-grammatikoevelser\/","og_locale":"da_DK","og_type":"article","og_title":"Singalesiske grammatik\u00f8velser","og_description":"Singalesisk grammatik emner At l\u00e6re et nyt sprog kan v\u00e6re en udfordrende, men givende bestr\u00e6belse. Singalesisk, et indoarisk sprog, der hovedsageligt","og_url":"https:\/\/talkpal.ai\/da\/singalesiske-grammatikoevelser\/","og_site_name":"Talkpal","article_publisher":"https:\/\/www.facebook.com\/profile.php?id=100090733639311","article_modified_time":"2025-12-30T11:07:53+00:00","og_image":[{"width":2880,"height":1620,"url":"https:\/\/talkpal.ai\/wp-content\/uploads\/2025\/02\/Progress-tab-16_9.png","type":"image\/png"}],"twitter_card":"summary_large_image","twitter_site":"@talkpalai","twitter_misc":{"Estimeret l\u00e6setid":"3 minutter"},"schema":{"@context":"https:\/\/schema.org","@graph":[{"@type":"WebPage","@id":"https:\/\/talkpal.ai\/da\/singalesiske-grammatikoevelser\/","url":"https:\/\/talkpal.ai\/da\/singalesiske-grammatikoevelser\/","name":"Singalesiske grammatik\u00f8velser - Talkpal","isPartOf":{"@id":"https:\/\/talkpal.ai\/da\/#website"},"datePublished":"2025-11-12T16:46:50+00:00","dateModified":"2025-12-30T11:07:53+00:00","description":"Behersk singalesisk grammatik med interaktive \u00f8velser, der d\u00e6kker navneord, udsagnsord og tider, s\u00e5 du effektivt kan forbedre din sprogf\u00e6rdighed.","breadcrumb":{"@id":"https:\/\/talkpal.ai\/da\/singalesiske-grammatikoevelser\/#breadcrumb"},"inLanguage":"da-DK","potentialAction":[{"@type":"ReadAction","target":["https:\/\/talkpal.ai\/da\/singalesiske-grammatikoevelser\/"]}]},{"@type":"BreadcrumbList","@id":"https:\/\/talkpal.ai\/da\/singalesiske-grammatikoevelser\/#breadcrumb","itemListElement":[{"@type":"ListItem","position":1,"name":"Homepage","item":"https:\/\/talkpal.ai\/da\/"},{"@type":"ListItem","position":2,"name":"Singalesiske grammatik\u00f8velser"}]},{"@type":"WebSite","@id":"https:\/\/talkpal.ai\/da\/#website","url":"https:\/\/talkpal.ai\/da\/","name":"Talkpal","description":"AI Language Learning","publisher":{"@id":"https:\/\/talkpal.ai\/da\/#organization"},"alternateName":"Talkpal AI","potentialAction":[{"@type":"SearchAction","target":{"@type":"EntryPoint","urlTemplate":"https:\/\/talkpal.ai\/da\/?s={search_term_string}"},"query-input":{"@type":"PropertyValueSpecification","valueRequired":true,"valueName":"search_term_string"}}],"inLanguage":"da-DK"},{"@type":"Organization","@id":"https:\/\/talkpal.ai\/da\/#organization","name":"Talkpal, Inc.","alternateName":"Talkpal AI","url":"https:\/\/talkpal.ai\/da\/","logo":{"@type":"ImageObject","inLanguage":"da-DK","@id":"https:\/\/talkpal.ai\/da\/#\/schema\/logo\/image\/","url":"https:\/\/talkpal.ai\/wp-content\/uploads\/2024\/03\/Talkpal-Logo-Icon.png","contentUrl":"https:\/\/talkpal.ai\/wp-content\/uploads\/2024\/03\/Talkpal-Logo-Icon.png","width":2880,"height":2880,"caption":"Talkpal, Inc."},"image":{"@id":"https:\/\/talkpal.ai\/da\/#\/schema\/logo\/image\/"},"sameAs":["https:\/\/www.facebook.com\/profile.php?id=100090733639311","https:\/\/x.com\/talkpalai","https:\/\/www.linkedin.com\/company\/talkpal\/","https:\/\/www.youtube.com\/@TalkPal\/","https:\/\/www.tiktok.com\/@talkpal","https:\/\/www.instagram.com\/talkpal_ai\/","https:\/\/www.crunchbase.com\/organization\/talkpal-9cde","https:\/\/www.g2.com\/products\/talkpal-for-business\/","https:\/\/www.trustpilot.com\/review\/talkpal.ai","https:\/\/www.capterra.com\/p\/10006800\/TalkPal\/"],"description":"Talkpal is a language learning web and mobile education app, powered by the latest AI technologies, that provides engaging experiences to its customers in many different languages to help them improve their language skills. Users can chat about unlimited amount of topics with the app and use other modes to practice their language learning.","email":"support@talkpal.ai","legalName":"Talkpal, Inc.","foundingDate":"2023-04-03","duns":"118989042","numberOfEmployees":{"@type":"QuantitativeValue","minValue":"11","maxValue":"50"},"publishingPrinciples":"https:\/\/talkpal.ai\/publishing-principles\/","actionableFeedbackPolicy":"https:\/\/talkpal.ai\/actionable-feedback-policy\/","correctionsPolicy":"https:\/\/talkpal.ai\/corrections-policy\/","ethicsPolicy":"https:\/\/talkpal.ai\/ethics-policy\/","diversityPolicy":"https:\/\/talkpal.ai\/diversity-policy\/","diversityStaffingReport":"https:\/\/talkpal.ai\/diversity-policy\/"}]}},"_links":{"self":[{"href":"https:\/\/talkpal.ai\/da\/wp-json\/wp\/v2\/pages\/1465642","targetHints":{"allow":["GET"]}}],"collection":[{"href":"https:\/\/talkpal.ai\/da\/wp-json\/wp\/v2\/pages"}],"about":[{"href":"https:\/\/talkpal.ai\/da\/wp-json\/wp\/v2\/types\/page"}],"author":[{"embeddable":true,"href":"https:\/\/talkpal.ai\/da\/wp-json\/wp\/v2\/users\/20"}],"replies":[{"embeddable":true,"href":"https:\/\/talkpal.ai\/da\/wp-json\/wp\/v2\/comments?post=1465642"}],"version-history":[{"count":0,"href":"https:\/\/talkpal.ai\/da\/wp-json\/wp\/v2\/pages\/1465642\/revisions"}],"wp:attachment":[{"href":"https:\/\/talkpal.ai\/da\/wp-json\/wp\/v2\/media?parent=1465642"}],"curies":[{"name":"wp","href":"https:\/\/api.w.org\/{rel}","templated":true}]}}