{"id":1465530,"date":"2025-11-12T16:07:26","date_gmt":"2025-11-12T16:07:26","guid":{"rendered":"https:\/\/talkpal.ai\/oriya-grammatik\/"},"modified":"2025-12-30T12:45:42","modified_gmt":"2025-12-30T12:45:42","slug":"oriya-grammatik","status":"publish","type":"page","link":"https:\/\/talkpal.ai\/da\/oriya-grammatik\/","title":{"rendered":"Odia-grammatik"},"content":{"rendered":"\r\n\r\n\r\n<section class=\"languageChallengeSection\">\r\n    <div class=\"languageInfoWrapper\">\r\n        \r\n        <h1>Odia-grammatik<\/h1>\r\n        <p><a href=\"https:\/\/talkpal.ai\/odia-grammar\/\">Odia-grammatik<\/a> kan virke udfordrende i starten, men dens unikke egenskaber g\u00f8r det til en givende oplevelse at l\u00e6re sproget. Ved at udforske dets alfabet, mutationer og grammatiske regler f\u00e5r du indsigt i en rig sproglig tradition. Start din rejse og opdag Odias sk\u00f8nhed!<\/p>\r\n\r\n                            <a class=\"getStartedHidden\" href=\"https:\/\/app.talkpal.ai\/da\/signup?lng=\">Kom i gang<\/a>\r\n        \r\n    <\/div>\r\n\r\n    <figure>\r\n    <img decoding=\"async\" width=\"768\" height=\"768\" src=\"https:\/\/talkpal.ai\/wp-content\/uploads\/2023\/06\/welsh-768x768.png\" class=\"languageImage no-lazy\" alt=\"Language learning for better cognitive abilities\" fetchpriority=\"high\" sizes=\"(max-width: 768px) 150px, 768px\" srcset=\"https:\/\/talkpal.ai\/wp-content\/uploads\/2023\/06\/welsh-768x768.png 768w, https:\/\/talkpal.ai\/wp-content\/uploads\/2023\/06\/welsh-300x300.png 300w\" \/>\r\n    \r\n\r\n    <\/figure>\r\n\r\n            <a class=\"getStartedVisible\" href=\"https:\/\/app.talkpal.ai\/da\/signup?lng=\">Kom i gang<\/a>\r\n    \r\n<\/section><section class=\"promotionalBanner\">\r\n    <p class=\"promotionalText\">Den mest effektive m\u00e5de at l\u00e6re et <a href=\"https:\/\/talkpal.ai\/what-language-is-spoken-on-the-international-space-station\/\">sprog<\/a> p\u00e5<\/p>\r\n    <a class=\"promotionalLink\" href=\"https:\/\/app.talkpal.ai\/da\/signup?lng=\">Pr\u00f8v Talkpal gratis<\/a>\r\n<\/section>\n<div class=\"wp-block-group pageContainerStyle\"><div class=\"wp-block-group__inner-container is-layout-constrained wp-block-group-is-layout-constrained\">\n<h2 class=\"wp-block-heading\" id=\"h-navigating-the-intricacies-of-odia-grammar\">Navigering i Odia-grammatikkens kompleksitet<\/h2>\n\n\n\n<p><a href=\"https:\/\/talkpal.ai\/learn-oriya\/\">Odia<\/a>, ogs\u00e5 kendt som <a href=\"https:\/\/talkpal.ai\/learn-odia\/\">Odia<\/a>, er et indo-arisk sprog med en rig litter\u00e6r tradition og dybe kulturelle r\u00f8dder i det \u00f8stlige Indien. Det tilbyder en sp\u00e6ndende sproglig oplevelse for elever, der er ivrige efter at udforske dets karakteristiske grammatiksystem. N\u00e5r du bev\u00e6ger dig ind i Odia-riget, vil du ikke kun berige dit sproglige repertoire, men ogs\u00e5 omfavne en fascinerende kulturel rejse. Selvom Odia-grammatik kan virke kompliceret i starten, g\u00f8r opdeling i kernekomponenter sproget mere tilg\u00e6ngeligt at l\u00e6re sproget. I denne artikel vil vi udforske den f\u00e6ngslende verden af Odia-grammatik og give tips til, hvordan man mestrer dens kompleksitet.<\/p>\n\n\n\n<h3 class=\"wp-block-heading\" id=\"h-1-odia-alphabet-and-phonetics\">1. Odia-alfabetet og fonetik<\/h3>\n\n\n\n<p>Odia-skriften er en abugida med 11 vokaler og omkring 35 konsonanter, sammen med diakritiske tegn og konjunktive konsonanter. Det inkluderer retroflex og aspirerede lyde, der er karakteristiske for indoariske sprog. Kendskab til skriften, vokaltegn og konjunktklynger er afg\u00f8rende for at <a href=\"https:\/\/talkpal.ai\/locations\/language-courses-in-mestre\/\">mestre<\/a> udtale og l\u00e6sning. \u00d8v dig ved at l\u00e6se og skrive p\u00e5 odia for at internalisere lyd\u2013symbol-korrespondancen.<\/p>\n\n\n\n<h3 class=\"wp-block-heading\" id=\"h-2-case-markers-and-postpositions-a-distinctive-odia-feature\">2. Kassemark\u00f8rer og postpositioner: Et karakteristisk odia-tr\u00e6k<\/h3>\n\n\n\n<p>Et markant aspekt ved Odia-grammatik er dens brug af kasusmark\u00f8rer og postpositioner i stedet for pr\u00e6positioner. Almindelige mark\u00f8rer omfatter ku for akkusativ og dativroller, ra for genitiv, re for lokativ, ru for ablativ, saha for komitativ, dwara for instrumental eller agentiv og smerte for form\u00e5l. At forst\u00e5, hvordan disse mark\u00f8rer h\u00e6nger sammen med substantiver og pronominer, er afg\u00f8rende for n\u00f8jagtig kommunikation i Odia.<\/p>\n\n\n\n<h3 class=\"wp-block-heading\" id=\"h-3-nouns-and-pronouns-gender-and-cases\">3. Substantiver og pronomen: k\u00f8n og sager<\/h3>\n\n\n\n<p>Odia-substantiver har ikke grammatisk k\u00f8n, og flertalsformen varierer efter substantivtype og kontekst. Menneskelige og levende navneord har ofte flertalssuffikset -mane, mens livl\u00f8se navneord kan bruge -gudika eller forblive umarkerede, n\u00e5r flertal er klart fra konteksten. Pronominer omfatter personlige, besiddende, refleksive, demonstrative og sp\u00f8rgende s\u00e6t med \u00e6refulde udm\u00e6rkelser: mu I, tume you informel, apana you h\u00f8flig, se han eller hun, semane de. Possessiver inkluderer <a href=\"https:\/\/talkpal.ai\/locations\/language-courses-in-mora\/\">mora<\/a> my, tora ur, apanangkara din h\u00f8flige, tara hans eller hende. At blive fortrolig med disse former og deres bogstavsmarkerede varianter vil markant forbedre din forst\u00e5else af Odia-grammatik.<\/p>\n\n\n\n<h3 class=\"wp-block-heading\" id=\"h-4-verbs-structure-and-conjugation\">4. Verb: struktur og b\u00f8jning<\/h3>\n\n\n\n<p>Odia-verber b\u00f8jes for tid, aspekt, modus og overensstemmelse, hvor h\u00e6dersniveauer p\u00e5virker verbernes former. Kerne-tempus-aspektformationer inkluderer den nutidige progressive i -uchi, den simple fortid i -ila og fremtiden i -iba, sammen med sammensatte konstruktioner og hj\u00e6lpekonstruktioner. Betingede og imperative stemninger bruges aktivt. At l\u00e6re b\u00f8jningsm\u00f8nstrene og hvordan de interagerer med personen og h\u00f8flighed vil forbedre din evne til at kommunikere effektivt p\u00e5 Odia.<\/p>\n\n\n\n<h3 class=\"wp-block-heading\" id=\"h-5-adjectives-agreement-and-placement\">5. Adjektiver: Aftale og placering<\/h3>\n\n\n\n<p>I Odia-grammatik kommer adjektiver typisk foran det substantiv, de \u00e6ndrer, og \u00e6ndrer sig generelt ikke for tal eller k\u00f8n. Komparativer og superlativer dannes almindeligvis med adverbier som adhika more og sabutharu mest, selvom tatsama-former ogs\u00e5 kan bruge suffikser i formelle registre. At mestre disse m\u00f8nstre hj\u00e6lper tale med at lyde naturlig og idiomatisk.<\/p>\n\n\n\n<p><strong>Eksempler:<\/strong><\/p>\n\n\n\n<p><strong>\u2013 Bada Prema (Stor k\u00e6rlighed)  <\/strong><\/p>\n\n\n\n<p><strong>\u2013 Chhota Pilamane (sm\u00e5 b\u00f8rn)<\/strong><\/p>\n\n\n\n<h3 class=\"wp-block-heading\" id=\"h-6-engaging-with-the-language\">6. Engagerende med sproget<\/h3>\n\n\n\n<p>Den mest effektive m\u00e5de fuldt ud at forst\u00e5 og internalisere Odia-grammatik p\u00e5 er at engagere sig konsekvent i sproget. Ved at l\u00e6se Odia-litteratur, se Odia-film eller tv-serier, f\u00f8lge Odia-nyheder og aktivt kommunikere med modersm\u00e5lstalere, vil du styrke din forst\u00e5else af <a href=\"https:\/\/talkpal.ai\/fr\/les\/\">grammatik<\/a> samtidig med, at du udvider dit ordforr\u00e5d.<\/p>\n\n\n\n<h3 class=\"wp-block-heading\" id=\"h-conclusion\">Konklusion<\/h3>\n\n\n\n<p>Selvom Odia-grammatik kan virke indviklet, kan du blive dygtig i dette smukke sprog med dedikation, \u00f8velse og entusiasme. Ved at fokusere p\u00e5 de grundl\u00e6ggende regler og engagere dig i sproget p\u00e5 tv\u00e6rs af forskellige kontekster, vil du hurtigt forbedre dine <a href=\"https:\/\/talkpal.ai\/da\/grammatik\/\">Odia-grammatikf\u00e6rdigheder<\/a>. Subha kamana (held og lykke) med din rejse til Odia-sproget, og nyd at udforske den elegante, men f\u00e6ngslende verden af Odia-grammatik!<\/p>\n<\/div><\/div>\n\r\n<section class=\"learnNavigationSection\">\r\n            \r\n        <a href=\"https:\/\/talkpal.ai\/da\/laer-oriya\/\">\r\n            <div class=\"learnNavigationWrapper\">\r\n                <div class=\"learnNavigationContent\">\r\n                    <img decoding=\"async\" src=\"https:\/\/talkpal.ai\/wp-content\/uploads\/2025\/11\/Oriya.png\" alt=\"Indian Simplified Flag\">\r\n                    <div>\r\n                        <h4>Om Odia-l\u00e6ring<\/h4>\r\n                        <p>Find ud af alt om Odia-grammatik.<\/p>\r\n                    <\/div>\r\n                <\/div>\r\n            <\/div>\r\n        <\/a>\r\n\r\n        \r\n        <a href=\"https:\/\/talkpal.ai\/da\/oriya-grammatik-oevelser\/\">\r\n            <div class=\"learnNavigationWrapper\">\r\n                <div class=\"learnNavigationContent\">\r\n                    <img decoding=\"async\" src=\"https:\/\/talkpal.ai\/wp-content\/uploads\/2025\/11\/Oriya.png\" alt=\"Indian Simplified Flag\">\r\n                    <div>\r\n                        <h4>Odia-grammatik\u00f8velse<\/h4>\r\n                        <p>\u00d8v Odia-grammatik.<\/p>\r\n                    <\/div>\r\n                <\/div>\r\n            <\/div>\r\n        <\/a>\r\n\r\n            <\/section>","protected":false},"excerpt":{"rendered":"<p>Navigering i Odia-grammatikkens kompleksitet Odia, ogs\u00e5 kendt som Odia, er et indo-arisk sprog med en rig litter\u00e6r tradition og dybe kulturelle r\u00f8dder i det \u00f8stlige Indien. Det tilbyder en sp\u00e6ndende sproglig oplevelse for elever, der er ivrige efter at udforske dets karakteristiske grammatiksystem. N\u00e5r du bev\u00e6ger dig ind i Odia-riget, vil du ikke kun berige [&hellip;]<\/p>\n","protected":false},"author":20,"featured_media":0,"parent":0,"menu_order":0,"comment_status":"closed","ping_status":"closed","template":"LearningContentPage.php","meta":{"_acf_changed":false,"footnotes":""},"class_list":["post-1465530","page","type-page","status-publish","hentry"],"acf":[],"yoast_head":"<!-- This site is optimized with the Yoast SEO Premium plugin v27.2 (Yoast SEO v27.2) - https:\/\/yoast.com\/product\/yoast-seo-premium-wordpress\/ -->\n<title>Odia-grammatik - Talkpal<\/title>\n<meta name=\"description\" content=\"F\u00e5 styr p\u00e5 Odia-grammatikken, herunder alfabetet, kasusmark\u00f8rer og verber, med vores omfattende sprogindl\u00e6ringsguide.\" \/>\n<meta name=\"robots\" content=\"index, follow, max-snippet:-1, max-image-preview:large, max-video-preview:-1\" \/>\n<link rel=\"canonical\" href=\"https:\/\/talkpal.ai\/da\/oriya-grammatik\/\" \/>\n<meta property=\"og:locale\" content=\"da_DK\" \/>\n<meta property=\"og:type\" content=\"article\" \/>\n<meta property=\"og:title\" content=\"Odia-grammatik\" \/>\n<meta property=\"og:description\" content=\"Navigering i Odia-grammatikkens kompleksitet Odia, ogs\u00e5 kendt som Odia, er et indo-arisk sprog med en rig litter\u00e6r tradition og dybe kulturelle r\u00f8dder i\" \/>\n<meta property=\"og:url\" content=\"https:\/\/talkpal.ai\/da\/oriya-grammatik\/\" \/>\n<meta property=\"og:site_name\" content=\"Talkpal\" \/>\n<meta property=\"article:publisher\" content=\"https:\/\/www.facebook.com\/profile.php?id=100090733639311\" \/>\n<meta property=\"article:modified_time\" content=\"2025-12-30T12:45:42+00:00\" \/>\n<meta property=\"og:image\" content=\"https:\/\/talkpal.ai\/wp-content\/uploads\/2025\/02\/Progress-tab-16_9.png\" \/>\n\t<meta property=\"og:image:width\" content=\"2880\" \/>\n\t<meta property=\"og:image:height\" content=\"1620\" \/>\n\t<meta property=\"og:image:type\" content=\"image\/png\" \/>\n<meta name=\"twitter:card\" content=\"summary_large_image\" \/>\n<meta name=\"twitter:site\" content=\"@talkpalai\" \/>\n<meta name=\"twitter:label1\" content=\"Estimeret l\u00e6setid\" \/>\n\t<meta name=\"twitter:data1\" content=\"3 minutter\" \/>\n<script type=\"application\/ld+json\" class=\"yoast-schema-graph\">{\"@context\":\"https:\/\/schema.org\",\"@graph\":[{\"@type\":\"WebPage\",\"@id\":\"https:\/\/talkpal.ai\/da\/oriya-grammatik\/\",\"url\":\"https:\/\/talkpal.ai\/da\/oriya-grammatik\/\",\"name\":\"Odia-grammatik - Talkpal\",\"isPartOf\":{\"@id\":\"https:\/\/talkpal.ai\/da\/#website\"},\"datePublished\":\"2025-11-12T16:07:26+00:00\",\"dateModified\":\"2025-12-30T12:45:42+00:00\",\"description\":\"F\u00e5 styr p\u00e5 Odia-grammatikken, herunder alfabetet, kasusmark\u00f8rer og verber, med vores omfattende sprogindl\u00e6ringsguide.\",\"breadcrumb\":{\"@id\":\"https:\/\/talkpal.ai\/da\/oriya-grammatik\/#breadcrumb\"},\"inLanguage\":\"da-DK\",\"potentialAction\":[{\"@type\":\"ReadAction\",\"target\":[\"https:\/\/talkpal.ai\/da\/oriya-grammatik\/\"]}]},{\"@type\":\"BreadcrumbList\",\"@id\":\"https:\/\/talkpal.ai\/da\/oriya-grammatik\/#breadcrumb\",\"itemListElement\":[{\"@type\":\"ListItem\",\"position\":1,\"name\":\"Homepage\",\"item\":\"https:\/\/talkpal.ai\/da\/\"},{\"@type\":\"ListItem\",\"position\":2,\"name\":\"Odia-grammatik\"}]},{\"@type\":\"WebSite\",\"@id\":\"https:\/\/talkpal.ai\/da\/#website\",\"url\":\"https:\/\/talkpal.ai\/da\/\",\"name\":\"Talkpal\",\"description\":\"AI Language Learning\",\"publisher\":{\"@id\":\"https:\/\/talkpal.ai\/da\/#organization\"},\"alternateName\":\"Talkpal AI\",\"potentialAction\":[{\"@type\":\"SearchAction\",\"target\":{\"@type\":\"EntryPoint\",\"urlTemplate\":\"https:\/\/talkpal.ai\/da\/?s={search_term_string}\"},\"query-input\":{\"@type\":\"PropertyValueSpecification\",\"valueRequired\":true,\"valueName\":\"search_term_string\"}}],\"inLanguage\":\"da-DK\"},{\"@type\":\"Organization\",\"@id\":\"https:\/\/talkpal.ai\/da\/#organization\",\"name\":\"Talkpal, Inc.\",\"alternateName\":\"Talkpal AI\",\"url\":\"https:\/\/talkpal.ai\/da\/\",\"logo\":{\"@type\":\"ImageObject\",\"inLanguage\":\"da-DK\",\"@id\":\"https:\/\/talkpal.ai\/da\/#\/schema\/logo\/image\/\",\"url\":\"https:\/\/talkpal.ai\/wp-content\/uploads\/2024\/03\/Talkpal-Logo-Icon.png\",\"contentUrl\":\"https:\/\/talkpal.ai\/wp-content\/uploads\/2024\/03\/Talkpal-Logo-Icon.png\",\"width\":2880,\"height\":2880,\"caption\":\"Talkpal, Inc.\"},\"image\":{\"@id\":\"https:\/\/talkpal.ai\/da\/#\/schema\/logo\/image\/\"},\"sameAs\":[\"https:\/\/www.facebook.com\/profile.php?id=100090733639311\",\"https:\/\/x.com\/talkpalai\",\"https:\/\/www.linkedin.com\/company\/talkpal\/\",\"https:\/\/www.youtube.com\/@TalkPal\/\",\"https:\/\/www.tiktok.com\/@talkpal\",\"https:\/\/www.instagram.com\/talkpal_ai\/\",\"https:\/\/www.crunchbase.com\/organization\/talkpal-9cde\",\"https:\/\/www.g2.com\/products\/talkpal-for-business\/\",\"https:\/\/www.trustpilot.com\/review\/talkpal.ai\",\"https:\/\/www.capterra.com\/p\/10006800\/TalkPal\/\"],\"description\":\"Talkpal is a language learning web and mobile education app, powered by the latest AI technologies, that provides engaging experiences to its customers in many different languages to help them improve their language skills. Users can chat about unlimited amount of topics with the app and use other modes to practice their language learning.\",\"email\":\"support@talkpal.ai\",\"legalName\":\"Talkpal, Inc.\",\"foundingDate\":\"2023-04-03\",\"duns\":\"118989042\",\"numberOfEmployees\":{\"@type\":\"QuantitativeValue\",\"minValue\":\"11\",\"maxValue\":\"50\"},\"publishingPrinciples\":\"https:\/\/talkpal.ai\/publishing-principles\/\",\"actionableFeedbackPolicy\":\"https:\/\/talkpal.ai\/actionable-feedback-policy\/\",\"correctionsPolicy\":\"https:\/\/talkpal.ai\/corrections-policy\/\",\"ethicsPolicy\":\"https:\/\/talkpal.ai\/ethics-policy\/\",\"diversityPolicy\":\"https:\/\/talkpal.ai\/diversity-policy\/\",\"diversityStaffingReport\":\"https:\/\/talkpal.ai\/diversity-policy\/\"}]}<\/script>\n<!-- \/ Yoast SEO Premium plugin. -->","yoast_head_json":{"title":"Odia-grammatik - Talkpal","description":"F\u00e5 styr p\u00e5 Odia-grammatikken, herunder alfabetet, kasusmark\u00f8rer og verber, med vores omfattende sprogindl\u00e6ringsguide.","robots":{"index":"index","follow":"follow","max-snippet":"max-snippet:-1","max-image-preview":"max-image-preview:large","max-video-preview":"max-video-preview:-1"},"canonical":"https:\/\/talkpal.ai\/da\/oriya-grammatik\/","og_locale":"da_DK","og_type":"article","og_title":"Odia-grammatik","og_description":"Navigering i Odia-grammatikkens kompleksitet Odia, ogs\u00e5 kendt som Odia, er et indo-arisk sprog med en rig litter\u00e6r tradition og dybe kulturelle r\u00f8dder i","og_url":"https:\/\/talkpal.ai\/da\/oriya-grammatik\/","og_site_name":"Talkpal","article_publisher":"https:\/\/www.facebook.com\/profile.php?id=100090733639311","article_modified_time":"2025-12-30T12:45:42+00:00","og_image":[{"width":2880,"height":1620,"url":"https:\/\/talkpal.ai\/wp-content\/uploads\/2025\/02\/Progress-tab-16_9.png","type":"image\/png"}],"twitter_card":"summary_large_image","twitter_site":"@talkpalai","twitter_misc":{"Estimeret l\u00e6setid":"3 minutter"},"schema":{"@context":"https:\/\/schema.org","@graph":[{"@type":"WebPage","@id":"https:\/\/talkpal.ai\/da\/oriya-grammatik\/","url":"https:\/\/talkpal.ai\/da\/oriya-grammatik\/","name":"Odia-grammatik - Talkpal","isPartOf":{"@id":"https:\/\/talkpal.ai\/da\/#website"},"datePublished":"2025-11-12T16:07:26+00:00","dateModified":"2025-12-30T12:45:42+00:00","description":"F\u00e5 styr p\u00e5 Odia-grammatikken, herunder alfabetet, kasusmark\u00f8rer og verber, med vores omfattende sprogindl\u00e6ringsguide.","breadcrumb":{"@id":"https:\/\/talkpal.ai\/da\/oriya-grammatik\/#breadcrumb"},"inLanguage":"da-DK","potentialAction":[{"@type":"ReadAction","target":["https:\/\/talkpal.ai\/da\/oriya-grammatik\/"]}]},{"@type":"BreadcrumbList","@id":"https:\/\/talkpal.ai\/da\/oriya-grammatik\/#breadcrumb","itemListElement":[{"@type":"ListItem","position":1,"name":"Homepage","item":"https:\/\/talkpal.ai\/da\/"},{"@type":"ListItem","position":2,"name":"Odia-grammatik"}]},{"@type":"WebSite","@id":"https:\/\/talkpal.ai\/da\/#website","url":"https:\/\/talkpal.ai\/da\/","name":"Talkpal","description":"AI Language Learning","publisher":{"@id":"https:\/\/talkpal.ai\/da\/#organization"},"alternateName":"Talkpal AI","potentialAction":[{"@type":"SearchAction","target":{"@type":"EntryPoint","urlTemplate":"https:\/\/talkpal.ai\/da\/?s={search_term_string}"},"query-input":{"@type":"PropertyValueSpecification","valueRequired":true,"valueName":"search_term_string"}}],"inLanguage":"da-DK"},{"@type":"Organization","@id":"https:\/\/talkpal.ai\/da\/#organization","name":"Talkpal, Inc.","alternateName":"Talkpal AI","url":"https:\/\/talkpal.ai\/da\/","logo":{"@type":"ImageObject","inLanguage":"da-DK","@id":"https:\/\/talkpal.ai\/da\/#\/schema\/logo\/image\/","url":"https:\/\/talkpal.ai\/wp-content\/uploads\/2024\/03\/Talkpal-Logo-Icon.png","contentUrl":"https:\/\/talkpal.ai\/wp-content\/uploads\/2024\/03\/Talkpal-Logo-Icon.png","width":2880,"height":2880,"caption":"Talkpal, Inc."},"image":{"@id":"https:\/\/talkpal.ai\/da\/#\/schema\/logo\/image\/"},"sameAs":["https:\/\/www.facebook.com\/profile.php?id=100090733639311","https:\/\/x.com\/talkpalai","https:\/\/www.linkedin.com\/company\/talkpal\/","https:\/\/www.youtube.com\/@TalkPal\/","https:\/\/www.tiktok.com\/@talkpal","https:\/\/www.instagram.com\/talkpal_ai\/","https:\/\/www.crunchbase.com\/organization\/talkpal-9cde","https:\/\/www.g2.com\/products\/talkpal-for-business\/","https:\/\/www.trustpilot.com\/review\/talkpal.ai","https:\/\/www.capterra.com\/p\/10006800\/TalkPal\/"],"description":"Talkpal is a language learning web and mobile education app, powered by the latest AI technologies, that provides engaging experiences to its customers in many different languages to help them improve their language skills. Users can chat about unlimited amount of topics with the app and use other modes to practice their language learning.","email":"support@talkpal.ai","legalName":"Talkpal, Inc.","foundingDate":"2023-04-03","duns":"118989042","numberOfEmployees":{"@type":"QuantitativeValue","minValue":"11","maxValue":"50"},"publishingPrinciples":"https:\/\/talkpal.ai\/publishing-principles\/","actionableFeedbackPolicy":"https:\/\/talkpal.ai\/actionable-feedback-policy\/","correctionsPolicy":"https:\/\/talkpal.ai\/corrections-policy\/","ethicsPolicy":"https:\/\/talkpal.ai\/ethics-policy\/","diversityPolicy":"https:\/\/talkpal.ai\/diversity-policy\/","diversityStaffingReport":"https:\/\/talkpal.ai\/diversity-policy\/"}]}},"_links":{"self":[{"href":"https:\/\/talkpal.ai\/da\/wp-json\/wp\/v2\/pages\/1465530","targetHints":{"allow":["GET"]}}],"collection":[{"href":"https:\/\/talkpal.ai\/da\/wp-json\/wp\/v2\/pages"}],"about":[{"href":"https:\/\/talkpal.ai\/da\/wp-json\/wp\/v2\/types\/page"}],"author":[{"embeddable":true,"href":"https:\/\/talkpal.ai\/da\/wp-json\/wp\/v2\/users\/20"}],"replies":[{"embeddable":true,"href":"https:\/\/talkpal.ai\/da\/wp-json\/wp\/v2\/comments?post=1465530"}],"version-history":[{"count":0,"href":"https:\/\/talkpal.ai\/da\/wp-json\/wp\/v2\/pages\/1465530\/revisions"}],"wp:attachment":[{"href":"https:\/\/talkpal.ai\/da\/wp-json\/wp\/v2\/media?parent=1465530"}],"curies":[{"name":"wp","href":"https:\/\/api.w.org\/{rel}","templated":true}]}}