{"id":1465407,"date":"2025-11-12T12:26:03","date_gmt":"2025-11-12T12:26:03","guid":{"rendered":"https:\/\/talkpal.ai\/malayalam-grammatik-oevelser\/"},"modified":"2025-12-30T13:57:27","modified_gmt":"2025-12-30T13:57:27","slug":"malayalam-grammatik-oevelser","status":"publish","type":"page","link":"https:\/\/talkpal.ai\/da\/malayalam-grammatik-oevelser\/","title":{"rendered":"Malayalam grammatik \u00f8velser"},"content":{"rendered":"\r\n\r\n\r\n<section class=\"languageChallengeSection\">\r\n    <div class=\"languageInfoWrapper\">\r\n        \r\n        <h1>Malayalam grammatik \u00f8velser<\/h1>\r\n        <p>Er du klar til at dykke ned i malayalam-grammatik? Ved at \u00f8ve dig p\u00e5 et par grundl\u00e6ggende ting kan du blive fortrolig med dette unikke og smukke <a href=\"https:\/\/talkpal.ai\/what-language-is-spoken-on-the-international-space-station\/\">sprog<\/a>. Pr\u00f8v disse \u00f8velser for at opbygge din selvtillid og have det sjovt undervejs!<\/p>\r\n\r\n                            <a class=\"getStartedHidden\" href=\"https:\/\/app.talkpal.ai\/da\/signup?lng=\">Kom i gang<\/a>\r\n        \r\n    <\/div>\r\n\r\n    <figure>\r\n    <img decoding=\"async\" width=\"768\" height=\"768\" src=\"https:\/\/talkpal.ai\/wp-content\/uploads\/2023\/06\/welsh-768x768.png\" class=\"languageImage no-lazy\" alt=\"Language learning for better cognitive abilities\" fetchpriority=\"high\" sizes=\"(max-width: 768px) 150px, 768px\" srcset=\"https:\/\/talkpal.ai\/wp-content\/uploads\/2023\/06\/welsh-768x768.png 768w, https:\/\/talkpal.ai\/wp-content\/uploads\/2023\/06\/welsh-300x300.png 300w\" \/>\r\n    \r\n\r\n    <\/figure>\r\n\r\n            <a class=\"getStartedVisible\" href=\"https:\/\/app.talkpal.ai\/da\/signup?lng=\">Kom i gang<\/a>\r\n    \r\n<\/section><section class=\"promotionalBanner\">\r\n    <p class=\"promotionalText\">Den mest effektive m\u00e5de at l\u00e6re et sprog p\u00e5<\/p>\r\n    <a class=\"promotionalLink\" href=\"https:\/\/app.talkpal.ai\/da\/signup?lng=\">Pr\u00f8v Talkpal gratis<\/a>\r\n<\/section>\n<div class=\"wp-block-group pageContainerStyle\"><div class=\"wp-block-group__inner-container is-layout-constrained wp-block-group-is-layout-constrained\">\n<h2 class=\"wp-block-heading\" id=\"h-malayalam-grammar-topics\">Malayalam grammatik emner<\/h2>\n\n\n\n<p><a href=\"https:\/\/talkpal.ai\/da\/de-stoerste-fejl-du-skal-undgaa-naar-du-laerer-et-nyt-sprog\/\">At l\u00e6re et nyt sprog<\/a> kan v\u00e6re en udfordrende, men givende bestr\u00e6belse. <a href=\"https:\/\/talkpal.ai\/learn-malayalam\/\">Malayalam<\/a>, et dravidisk sprog, der hovedsageligt tales i Kerala og de omkringliggende regioner, er ingen undtagelse. Med sine unikke tr\u00e6k og strukturer kr\u00e6ver <a href=\"https:\/\/talkpal.ai\/da\/talkpal-til-uddannelse\/\">det at l\u00e6re<\/a> malayalam en systematisk tilgang til at forst\u00e5 dens rige <a href=\"https:\/\/talkpal.ai\/fr\/les\/\">grammatik<\/a>. Denne guide skitserer n\u00f8gleomr\u00e5derne i <a href=\"https:\/\/talkpal.ai\/da\/malayalam-grammatik\/\">malayalam-grammatik<\/a> i en logisk r\u00e6kkef\u00f8lge for <a href=\"https:\/\/talkpal.ai\/da\/ai-chatbot-til-sprogindlaering\/\">sprogindl\u00e6ring<\/a>, startende fra det grundl\u00e6ggende s\u00e5som navneord og artikler og g\u00e5r videre til mere komplekse omr\u00e5der som tider og s\u00e6tningskonstruktion.<\/p>\n\n\n\n<h3 class=\"wp-block-heading\" id=\"h-1-nouns\">1. Substantiver:<\/h3>\n\n\n\n<p>Begynd din malayalam-sprogrejse ved at l\u00e6re navneordene. Dette inkluderer forst\u00e5else af de forskellige kategorier af navneord, s\u00e5som almindelige navneord og egennavne, deres flertalsformer som -kal og -mar, og brugen af kasuisendelser for relationer som placering og besiddelse.<\/p>\n\n\n\n<h3 class=\"wp-block-heading\" id=\"h-2-articles\">2. Artikler:<\/h3>\n\n\n\n<p>Malayalam har ikke bestemte eller ubestemte artikler. Definitethed og ubestemthed udtrykkes gennem kontekst, demonstrativer som ee dette og aa at, og tal som oru one fungerer som a eller an.<\/p>\n\n\n\n<h3 class=\"wp-block-heading\" id=\"h-3-adjectives\">3. Adjektiver:<\/h3>\n\n\n\n<p>Adjektiver p\u00e5 malayalam g\u00e5r typisk foran deres navneord og stemmer ikke overens i k\u00f8n eller antal. L\u00e6r, hvordan grader udtrykkes, ofte med kooduthal for komparativ og ettavum for superlativ, samt almindelige pr\u00e6dikatm\u00f8nstre.<\/p>\n\n\n\n<h3 class=\"wp-block-heading\" id=\"h-4-pronouns-determiners\">4. Pronomen\/determinere:<\/h3>\n\n\n\n<p>Pronominer og determinanter er essentielle p\u00e5 malayalam; Personlige pronominer markerer h\u00f8flighed og social distance, og der er en inkluderende og eksklusiv forskel for os. Bes\u00e6ttelse dannes almindeligvis med genitivsuffikset -ute, og determinatorer omfatter demonstrativer og kvantifikatorer som ella all og chila some.<\/p>\n\n\n\n<h3 class=\"wp-block-heading\" id=\"h-5-verbs\">5. Udsagnsord:<\/h3>\n\n\n\n<p>Malayalam-verber \u00e6ndrer form i henhold til tid og aspekt i stedet for person eller tal. Start med nutidens -unnu-former og udforsk gradvist fortiden og fremtiden sammen med grundl\u00e6ggende imperativer og ikke-endelige former.<\/p>\n\n\n\n<h3 class=\"wp-block-heading\" id=\"h-6-tenses\">6. Tider:<\/h3>\n\n\n\n<p>N\u00e5r du har mestret verbumsformerne, kan du dykke dybere ned i Malayalam-tider. Dette inkluderer forst\u00e5else af nutid -unnu, datidsformer som -i eller -ttu og fremtid -um, og hvordan hver af dem <a href=\"https:\/\/talkpal.ai\/locations\/learn-french-in-bruges\/\">bruges<\/a> i forskellige sammenh\u00e6nge.<\/p>\n\n\n\n<h3 class=\"wp-block-heading\" id=\"h-7-tense-comparison\">7. Ansp\u00e6ndt sammenligning:<\/h3>\n\n\n\n<p>Sammenligning af tider i malayalam hj\u00e6lper med at forst\u00e5 r\u00e6kkef\u00f8lgen af begivenheder. Sammenligning af det samme verbum i nutid, fortid og fremtid vil give en bedre forst\u00e5else af malayalam-sproget.<\/p>\n\n\n\n<h3 class=\"wp-block-heading\" id=\"h-8-progressive\">8. Progressiv:<\/h3>\n\n\n\n<p>Det progressive i malayalam udtrykkes ofte med nutiden -unnu i konteksten, og mere eksplicit med perifrastiske konstruktioner, der bruger hj\u00e6lpe-irikkuka, s\u00e5som verbets stamme plus kkondu irikkuka for at vise igangv\u00e6rende handlinger.<\/p>\n\n\n\n<h3 class=\"wp-block-heading\" id=\"h-9-perfect-progressive\">9. Perfekt progressiv:<\/h3>\n\n\n\n<p>Dette bruges til at udtrykke handlinger, der har v\u00e6ret i gang indtil et bestemt punkt. Malayalam bruger almindeligvis verbets stamme plus kkondu irikkunnu for l\u00f8bende indtil nu, og verbets participium plus u\u1e47\u1e6du udtrykker resultative perfektum.<\/p>\n\n\n\n<h3 class=\"wp-block-heading\" id=\"h-10-conditionals\">10. Betingelser:<\/h3>\n\n\n\n<p>Betingelser udtrykker hypotetiske situationer og deres mulige resultater. P\u00e5 malayalam er de dannet med endelser som -e\u1e45kil og -\u0101l, og at <a href=\"https:\/\/talkpal.ai\/locations\/language-courses-in-mestre\/\">mestre<\/a> dem vil tilf\u00f8je nuancer og pr\u00e6cision til dine sprogf\u00e6rdigheder.<\/p>\n\n\n\n<h3 class=\"wp-block-heading\" id=\"h-11-adverbs\">11. Adverb:<\/h3>\n\n\n\n<p>Adverbier p\u00e5 malayalam \u00e6ndrer verber, adjektiver eller andre adverbier. De giver information om m\u00e5de, sted, tid, grad og meget mere, og er dannet enten som separate ord eller ud fra adjektiver, ofte med -\u0101yi.<\/p>\n\n\n\n<h3 class=\"wp-block-heading\" id=\"h-12-prepositions\">12. Pr\u00e6positioner:<\/h3>\n\n\n\n<p>Malayalam bruger prim\u00e6rt postpositioner og kasussuffikser frem for pr\u00e6positioner. Relationer mellem tid, sted, retning og mere udtrykkes gennem endelser som -il lokativ, -kku dativ, -\u0101l instrumental og relaterede postpositioner.<\/p>\n\n\n\n<h3 class=\"wp-block-heading\" id=\"h-13-sentences\">13. S\u00e6tninger:<\/h3>\n\n\n\n<p>Endelig skal du \u00f8ve dig i at konstruere s\u00e6tninger. Dette vil involvere at bruge alle de tidligere l\u00e6rte grammatiske punkter i kontekst med Malayalams typiske subjekt-objekt-verbum r\u00e6kkef\u00f8lge og klausalstrukturer, hvilket sikrer en omfattende forst\u00e5else af Malayalam-sproget.<\/p>\n<\/div><\/div>\n\r\n<section class=\"learnNavigationSection\">\r\n            \r\n        <a href=\"https:\/\/talkpal.ai\/da\/laer-malayalam\/\">\r\n            <div class=\"learnNavigationWrapper\">\r\n                <div class=\"learnNavigationContent\">\r\n                    <img decoding=\"async\" src=\"https:\/\/talkpal.ai\/wp-content\/uploads\/2025\/11\/Malayalam.png\" alt=\"Indian Simplified Flag\">\r\n                    <div>\r\n                        <h4>Om Malayalam Learning<\/h4>\r\n                        <p>Find ud af alt om Malayalam Grammar.<\/p>\r\n                    <\/div>\r\n                <\/div>\r\n            <\/div>\r\n        <\/a>\r\n\r\n        \r\n        <a href=\"https:\/\/talkpal.ai\/da\/malayalam-grammatik\/\">\r\n            <div class=\"learnNavigationWrapper\">\r\n                <div class=\"learnNavigationContent\">\r\n                    <img decoding=\"async\" src=\"https:\/\/talkpal.ai\/wp-content\/uploads\/2025\/11\/Malayalam.png\" alt=\"Indian Simplified Flag\">\r\n                    <div>\r\n                        <h4>Malayalam grammatik lektioner<\/h4>\r\n                        <p>\u00d8v malayalam grammatik.<\/p>\r\n                    <\/div>\r\n                <\/div>\r\n            <\/div>\r\n        <\/a>\r\n\r\n            <\/section>","protected":false},"excerpt":{"rendered":"<p>Malayalam grammatik emner At l\u00e6re et nyt sprog kan v\u00e6re en udfordrende, men givende bestr\u00e6belse. Malayalam, et dravidisk sprog, der hovedsageligt tales i Kerala og de omkringliggende regioner, er ingen undtagelse. Med sine unikke tr\u00e6k og strukturer kr\u00e6ver det at l\u00e6re malayalam en systematisk tilgang til at forst\u00e5 dens rige grammatik. Denne guide skitserer n\u00f8gleomr\u00e5derne [&hellip;]<\/p>\n","protected":false},"author":20,"featured_media":0,"parent":0,"menu_order":0,"comment_status":"closed","ping_status":"closed","template":"LearningContentPage.php","meta":{"_acf_changed":false,"footnotes":""},"class_list":["post-1465407","page","type-page","status-publish","hentry"],"acf":[],"yoast_head":"<!-- This site is optimized with the Yoast SEO Premium plugin v27.2 (Yoast SEO v27.2) - https:\/\/yoast.com\/product\/yoast-seo-premium-wordpress\/ -->\n<title>Malayalam grammatik \u00f8velser - Talkpal<\/title>\n<meta name=\"description\" content=\"F\u00e5 styr p\u00e5 malayalam-grammatikken gennem interaktive \u00f8velser, der er designet til at forbedre din flydende sprogbrug og sprogforst\u00e5else allerede i dag.\" \/>\n<meta name=\"robots\" content=\"index, follow, max-snippet:-1, max-image-preview:large, max-video-preview:-1\" \/>\n<link rel=\"canonical\" href=\"https:\/\/talkpal.ai\/da\/malayalam-grammatik-oevelser\/\" \/>\n<meta property=\"og:locale\" content=\"da_DK\" \/>\n<meta property=\"og:type\" content=\"article\" \/>\n<meta property=\"og:title\" content=\"Malayalam grammatik \u00f8velser\" \/>\n<meta property=\"og:description\" content=\"Malayalam grammatik emner At l\u00e6re et nyt sprog kan v\u00e6re en udfordrende, men givende bestr\u00e6belse. Malayalam, et dravidisk sprog, der hovedsageligt tales i\" \/>\n<meta property=\"og:url\" content=\"https:\/\/talkpal.ai\/da\/malayalam-grammatik-oevelser\/\" \/>\n<meta property=\"og:site_name\" content=\"Talkpal\" \/>\n<meta property=\"article:publisher\" content=\"https:\/\/www.facebook.com\/profile.php?id=100090733639311\" \/>\n<meta property=\"article:modified_time\" content=\"2025-12-30T13:57:27+00:00\" \/>\n<meta property=\"og:image\" content=\"https:\/\/talkpal.ai\/wp-content\/uploads\/2025\/02\/Progress-tab-16_9.png\" \/>\n\t<meta property=\"og:image:width\" content=\"2880\" \/>\n\t<meta property=\"og:image:height\" content=\"1620\" \/>\n\t<meta property=\"og:image:type\" content=\"image\/png\" \/>\n<meta name=\"twitter:card\" content=\"summary_large_image\" \/>\n<meta name=\"twitter:site\" content=\"@talkpalai\" \/>\n<meta name=\"twitter:label1\" content=\"Estimeret l\u00e6setid\" \/>\n\t<meta name=\"twitter:data1\" content=\"3 minutter\" \/>\n<script type=\"application\/ld+json\" class=\"yoast-schema-graph\">{\"@context\":\"https:\/\/schema.org\",\"@graph\":[{\"@type\":\"WebPage\",\"@id\":\"https:\/\/talkpal.ai\/da\/malayalam-grammatik-oevelser\/\",\"url\":\"https:\/\/talkpal.ai\/da\/malayalam-grammatik-oevelser\/\",\"name\":\"Malayalam grammatik \u00f8velser - Talkpal\",\"isPartOf\":{\"@id\":\"https:\/\/talkpal.ai\/da\/#website\"},\"datePublished\":\"2025-11-12T12:26:03+00:00\",\"dateModified\":\"2025-12-30T13:57:27+00:00\",\"description\":\"F\u00e5 styr p\u00e5 malayalam-grammatikken gennem interaktive \u00f8velser, der er designet til at forbedre din flydende sprogbrug og sprogforst\u00e5else allerede i dag.\",\"breadcrumb\":{\"@id\":\"https:\/\/talkpal.ai\/da\/malayalam-grammatik-oevelser\/#breadcrumb\"},\"inLanguage\":\"da-DK\",\"potentialAction\":[{\"@type\":\"ReadAction\",\"target\":[\"https:\/\/talkpal.ai\/da\/malayalam-grammatik-oevelser\/\"]}]},{\"@type\":\"BreadcrumbList\",\"@id\":\"https:\/\/talkpal.ai\/da\/malayalam-grammatik-oevelser\/#breadcrumb\",\"itemListElement\":[{\"@type\":\"ListItem\",\"position\":1,\"name\":\"Homepage\",\"item\":\"https:\/\/talkpal.ai\/da\/\"},{\"@type\":\"ListItem\",\"position\":2,\"name\":\"Malayalam grammatik \u00f8velser\"}]},{\"@type\":\"WebSite\",\"@id\":\"https:\/\/talkpal.ai\/da\/#website\",\"url\":\"https:\/\/talkpal.ai\/da\/\",\"name\":\"Talkpal\",\"description\":\"AI Language Learning\",\"publisher\":{\"@id\":\"https:\/\/talkpal.ai\/da\/#organization\"},\"alternateName\":\"Talkpal AI\",\"potentialAction\":[{\"@type\":\"SearchAction\",\"target\":{\"@type\":\"EntryPoint\",\"urlTemplate\":\"https:\/\/talkpal.ai\/da\/?s={search_term_string}\"},\"query-input\":{\"@type\":\"PropertyValueSpecification\",\"valueRequired\":true,\"valueName\":\"search_term_string\"}}],\"inLanguage\":\"da-DK\"},{\"@type\":\"Organization\",\"@id\":\"https:\/\/talkpal.ai\/da\/#organization\",\"name\":\"Talkpal, Inc.\",\"alternateName\":\"Talkpal AI\",\"url\":\"https:\/\/talkpal.ai\/da\/\",\"logo\":{\"@type\":\"ImageObject\",\"inLanguage\":\"da-DK\",\"@id\":\"https:\/\/talkpal.ai\/da\/#\/schema\/logo\/image\/\",\"url\":\"https:\/\/talkpal.ai\/wp-content\/uploads\/2024\/03\/Talkpal-Logo-Icon.png\",\"contentUrl\":\"https:\/\/talkpal.ai\/wp-content\/uploads\/2024\/03\/Talkpal-Logo-Icon.png\",\"width\":2880,\"height\":2880,\"caption\":\"Talkpal, Inc.\"},\"image\":{\"@id\":\"https:\/\/talkpal.ai\/da\/#\/schema\/logo\/image\/\"},\"sameAs\":[\"https:\/\/www.facebook.com\/profile.php?id=100090733639311\",\"https:\/\/x.com\/talkpalai\",\"https:\/\/www.linkedin.com\/company\/talkpal\/\",\"https:\/\/www.youtube.com\/@TalkPal\/\",\"https:\/\/www.tiktok.com\/@talkpal\",\"https:\/\/www.instagram.com\/talkpal_ai\/\",\"https:\/\/www.crunchbase.com\/organization\/talkpal-9cde\",\"https:\/\/www.g2.com\/products\/talkpal-for-business\/\",\"https:\/\/www.trustpilot.com\/review\/talkpal.ai\",\"https:\/\/www.capterra.com\/p\/10006800\/TalkPal\/\"],\"description\":\"Talkpal is a language learning web and mobile education app, powered by the latest AI technologies, that provides engaging experiences to its customers in many different languages to help them improve their language skills. Users can chat about unlimited amount of topics with the app and use other modes to practice their language learning.\",\"email\":\"support@talkpal.ai\",\"legalName\":\"Talkpal, Inc.\",\"foundingDate\":\"2023-04-03\",\"duns\":\"118989042\",\"numberOfEmployees\":{\"@type\":\"QuantitativeValue\",\"minValue\":\"11\",\"maxValue\":\"50\"},\"publishingPrinciples\":\"https:\/\/talkpal.ai\/publishing-principles\/\",\"actionableFeedbackPolicy\":\"https:\/\/talkpal.ai\/actionable-feedback-policy\/\",\"correctionsPolicy\":\"https:\/\/talkpal.ai\/corrections-policy\/\",\"ethicsPolicy\":\"https:\/\/talkpal.ai\/ethics-policy\/\",\"diversityPolicy\":\"https:\/\/talkpal.ai\/diversity-policy\/\",\"diversityStaffingReport\":\"https:\/\/talkpal.ai\/diversity-policy\/\"}]}<\/script>\n<!-- \/ Yoast SEO Premium plugin. -->","yoast_head_json":{"title":"Malayalam grammatik \u00f8velser - Talkpal","description":"F\u00e5 styr p\u00e5 malayalam-grammatikken gennem interaktive \u00f8velser, der er designet til at forbedre din flydende sprogbrug og sprogforst\u00e5else allerede i dag.","robots":{"index":"index","follow":"follow","max-snippet":"max-snippet:-1","max-image-preview":"max-image-preview:large","max-video-preview":"max-video-preview:-1"},"canonical":"https:\/\/talkpal.ai\/da\/malayalam-grammatik-oevelser\/","og_locale":"da_DK","og_type":"article","og_title":"Malayalam grammatik \u00f8velser","og_description":"Malayalam grammatik emner At l\u00e6re et nyt sprog kan v\u00e6re en udfordrende, men givende bestr\u00e6belse. Malayalam, et dravidisk sprog, der hovedsageligt tales i","og_url":"https:\/\/talkpal.ai\/da\/malayalam-grammatik-oevelser\/","og_site_name":"Talkpal","article_publisher":"https:\/\/www.facebook.com\/profile.php?id=100090733639311","article_modified_time":"2025-12-30T13:57:27+00:00","og_image":[{"width":2880,"height":1620,"url":"https:\/\/talkpal.ai\/wp-content\/uploads\/2025\/02\/Progress-tab-16_9.png","type":"image\/png"}],"twitter_card":"summary_large_image","twitter_site":"@talkpalai","twitter_misc":{"Estimeret l\u00e6setid":"3 minutter"},"schema":{"@context":"https:\/\/schema.org","@graph":[{"@type":"WebPage","@id":"https:\/\/talkpal.ai\/da\/malayalam-grammatik-oevelser\/","url":"https:\/\/talkpal.ai\/da\/malayalam-grammatik-oevelser\/","name":"Malayalam grammatik \u00f8velser - Talkpal","isPartOf":{"@id":"https:\/\/talkpal.ai\/da\/#website"},"datePublished":"2025-11-12T12:26:03+00:00","dateModified":"2025-12-30T13:57:27+00:00","description":"F\u00e5 styr p\u00e5 malayalam-grammatikken gennem interaktive \u00f8velser, der er designet til at forbedre din flydende sprogbrug og sprogforst\u00e5else allerede i dag.","breadcrumb":{"@id":"https:\/\/talkpal.ai\/da\/malayalam-grammatik-oevelser\/#breadcrumb"},"inLanguage":"da-DK","potentialAction":[{"@type":"ReadAction","target":["https:\/\/talkpal.ai\/da\/malayalam-grammatik-oevelser\/"]}]},{"@type":"BreadcrumbList","@id":"https:\/\/talkpal.ai\/da\/malayalam-grammatik-oevelser\/#breadcrumb","itemListElement":[{"@type":"ListItem","position":1,"name":"Homepage","item":"https:\/\/talkpal.ai\/da\/"},{"@type":"ListItem","position":2,"name":"Malayalam grammatik \u00f8velser"}]},{"@type":"WebSite","@id":"https:\/\/talkpal.ai\/da\/#website","url":"https:\/\/talkpal.ai\/da\/","name":"Talkpal","description":"AI Language Learning","publisher":{"@id":"https:\/\/talkpal.ai\/da\/#organization"},"alternateName":"Talkpal AI","potentialAction":[{"@type":"SearchAction","target":{"@type":"EntryPoint","urlTemplate":"https:\/\/talkpal.ai\/da\/?s={search_term_string}"},"query-input":{"@type":"PropertyValueSpecification","valueRequired":true,"valueName":"search_term_string"}}],"inLanguage":"da-DK"},{"@type":"Organization","@id":"https:\/\/talkpal.ai\/da\/#organization","name":"Talkpal, Inc.","alternateName":"Talkpal AI","url":"https:\/\/talkpal.ai\/da\/","logo":{"@type":"ImageObject","inLanguage":"da-DK","@id":"https:\/\/talkpal.ai\/da\/#\/schema\/logo\/image\/","url":"https:\/\/talkpal.ai\/wp-content\/uploads\/2024\/03\/Talkpal-Logo-Icon.png","contentUrl":"https:\/\/talkpal.ai\/wp-content\/uploads\/2024\/03\/Talkpal-Logo-Icon.png","width":2880,"height":2880,"caption":"Talkpal, Inc."},"image":{"@id":"https:\/\/talkpal.ai\/da\/#\/schema\/logo\/image\/"},"sameAs":["https:\/\/www.facebook.com\/profile.php?id=100090733639311","https:\/\/x.com\/talkpalai","https:\/\/www.linkedin.com\/company\/talkpal\/","https:\/\/www.youtube.com\/@TalkPal\/","https:\/\/www.tiktok.com\/@talkpal","https:\/\/www.instagram.com\/talkpal_ai\/","https:\/\/www.crunchbase.com\/organization\/talkpal-9cde","https:\/\/www.g2.com\/products\/talkpal-for-business\/","https:\/\/www.trustpilot.com\/review\/talkpal.ai","https:\/\/www.capterra.com\/p\/10006800\/TalkPal\/"],"description":"Talkpal is a language learning web and mobile education app, powered by the latest AI technologies, that provides engaging experiences to its customers in many different languages to help them improve their language skills. Users can chat about unlimited amount of topics with the app and use other modes to practice their language learning.","email":"support@talkpal.ai","legalName":"Talkpal, Inc.","foundingDate":"2023-04-03","duns":"118989042","numberOfEmployees":{"@type":"QuantitativeValue","minValue":"11","maxValue":"50"},"publishingPrinciples":"https:\/\/talkpal.ai\/publishing-principles\/","actionableFeedbackPolicy":"https:\/\/talkpal.ai\/actionable-feedback-policy\/","correctionsPolicy":"https:\/\/talkpal.ai\/corrections-policy\/","ethicsPolicy":"https:\/\/talkpal.ai\/ethics-policy\/","diversityPolicy":"https:\/\/talkpal.ai\/diversity-policy\/","diversityStaffingReport":"https:\/\/talkpal.ai\/diversity-policy\/"}]}},"_links":{"self":[{"href":"https:\/\/talkpal.ai\/da\/wp-json\/wp\/v2\/pages\/1465407","targetHints":{"allow":["GET"]}}],"collection":[{"href":"https:\/\/talkpal.ai\/da\/wp-json\/wp\/v2\/pages"}],"about":[{"href":"https:\/\/talkpal.ai\/da\/wp-json\/wp\/v2\/types\/page"}],"author":[{"embeddable":true,"href":"https:\/\/talkpal.ai\/da\/wp-json\/wp\/v2\/users\/20"}],"replies":[{"embeddable":true,"href":"https:\/\/talkpal.ai\/da\/wp-json\/wp\/v2\/comments?post=1465407"}],"version-history":[{"count":0,"href":"https:\/\/talkpal.ai\/da\/wp-json\/wp\/v2\/pages\/1465407\/revisions"}],"wp:attachment":[{"href":"https:\/\/talkpal.ai\/da\/wp-json\/wp\/v2\/media?parent=1465407"}],"curies":[{"name":"wp","href":"https:\/\/api.w.org\/{rel}","templated":true}]}}