{"id":1465045,"date":"2025-11-12T17:00:53","date_gmt":"2025-11-12T17:00:53","guid":{"rendered":"https:\/\/talkpal.ai\/somaliske-grammatikoevelser\/"},"modified":"2025-12-30T11:15:19","modified_gmt":"2025-12-30T11:15:19","slug":"somaliske-grammatikoevelser","status":"publish","type":"page","link":"https:\/\/talkpal.ai\/da\/somaliske-grammatikoevelser\/","title":{"rendered":"Somaliske grammatik\u00f8velser"},"content":{"rendered":"\r\n\r\n\r\n<section class=\"languageChallengeSection\">\r\n    <div class=\"languageInfoWrapper\">\r\n        \r\n        <h1>Somaliske grammatik\u00f8velser<\/h1>\r\n        <p>Er du klar til at dykke ned i <a href=\"https:\/\/talkpal.ai\/da\/somalisk-grammatik\/\">somalisk grammatik<\/a>? Ved at \u00f8ve dig p\u00e5 et par grundl\u00e6ggende ting kan du blive fortrolig med dette unikke og smukke <a href=\"https:\/\/talkpal.ai\/what-language-is-spoken-on-the-international-space-station\/\">sprog<\/a>. Pr\u00f8v disse \u00f8velser for at opbygge din selvtillid og have det sjovt undervejs!<\/p>\r\n\r\n                            <a class=\"getStartedHidden\" href=\"https:\/\/app.talkpal.ai\/da\/signup?lng=\">Kom i gang<\/a>\r\n        \r\n    <\/div>\r\n\r\n    <figure>\r\n    <img decoding=\"async\" width=\"768\" height=\"768\" src=\"https:\/\/talkpal.ai\/wp-content\/uploads\/2023\/06\/welsh-768x768.png\" class=\"languageImage no-lazy\" alt=\"Language learning for better cognitive abilities\" fetchpriority=\"high\" sizes=\"(max-width: 768px) 150px, 768px\" srcset=\"https:\/\/talkpal.ai\/wp-content\/uploads\/2023\/06\/welsh-768x768.png 768w, https:\/\/talkpal.ai\/wp-content\/uploads\/2023\/06\/welsh-300x300.png 300w\" \/>\r\n    \r\n\r\n    <\/figure>\r\n\r\n            <a class=\"getStartedVisible\" href=\"https:\/\/app.talkpal.ai\/da\/signup?lng=\">Kom i gang<\/a>\r\n    \r\n<\/section><section class=\"promotionalBanner\">\r\n    <p class=\"promotionalText\">Den mest effektive m\u00e5de at l\u00e6re et sprog p\u00e5<\/p>\r\n    <a class=\"promotionalLink\" href=\"https:\/\/app.talkpal.ai\/da\/signup?lng=\">Pr\u00f8v Talkpal gratis<\/a>\r\n<\/section>\n<div class=\"wp-block-group pageContainerStyle\"><div class=\"wp-block-group__inner-container is-layout-constrained wp-block-group-is-layout-constrained\">\n<h2 class=\"wp-block-heading\" id=\"h-somali-grammar-topics\">Somalisk grammatik emner<\/h2>\n\n\n\n<p><a href=\"https:\/\/talkpal.ai\/da\/de-stoerste-fejl-du-skal-undgaa-naar-du-laerer-et-nyt-sprog\/\">At l\u00e6re et nyt sprog<\/a> kan v\u00e6re en udfordrende, men givende bestr\u00e6belse. <a href=\"https:\/\/talkpal.ai\/learn-somali\/\">Somali<\/a>, et kushitisk sprog, der hovedsageligt tales i <a href=\"https:\/\/talkpal.ai\/learn-somali\/\">Somalia<\/a> og p\u00e5 tv\u00e6rs af Afrikas Horn og diasporaen, er ingen undtagelse. Med sine unikke egenskaber og strukturer kr\u00e6ver det en systematisk tilgang til at forst\u00e5 dets <a href=\"https:\/\/talkpal.ai\/fr\/les\/\">grammatik<\/a> at <a href=\"https:\/\/talkpal.ai\/da\/talkpal-til-uddannelse\/\">l\u00e6re<\/a> somalisk. Denne vejledning skitserer n\u00f8gleomr\u00e5derne i<a href=\"https:\/\/talkpal.ai\/da\/somalisk-grammatik\/\"> somalisk grammatik<\/a> i en logisk r\u00e6kkef\u00f8lge for <a href=\"https:\/\/talkpal.ai\/da\/talkpal-til-uddannelse\/\">sprogindl\u00e6ring<\/a>, startende fra det grundl\u00e6ggende s\u00e5som navneord og artikler og videre til mere komplekse omr\u00e5der som tider og s\u00e6tningskonstruktion.<\/p>\n\n\n\n<h3 class=\"wp-block-heading\" id=\"h-1-nouns\">1. Substantiver:<\/h3>\n\n\n\n<p>Begynd din somaliske sprogrejse ved at l\u00e6re navneordene. Dette inkluderer forst\u00e5else af de forskellige kategorier af navneord, s\u00e5som almindelige navneord og egennavne, deres grammatiske k\u00f8n og deres flertalsformer med f\u00e6lles suffikser og uregelm\u00e6ssige m\u00f8nstre.<\/p>\n\n\n\n<h3 class=\"wp-block-heading\" id=\"h-2-articles\">2. Artikler:<\/h3>\n\n\n\n<p>Artikler p\u00e5 somalisk <a href=\"https:\/\/talkpal.ai\/locations\/learn-french-in-bruges\/\">bruges<\/a> anderledes end p\u00e5 <a href=\"https:\/\/talkpal.ai\/ai-english-speaking-practice\/\">engelsk<\/a>. Somalisk bruger et bestemt afsnit med suffiks, typisk -ka eller -ta og -ga eller -da, som knytter sig til det sidste ord i en navneordss\u00e6tning, mens ubestemthed normalt udtrykkes ved det n\u00f8gne navneord eller ord som mid eller hal.<\/p>\n\n\n\n<h3 class=\"wp-block-heading\" id=\"h-3-adjectives\">3. Adjektiver:<\/h3>\n\n\n\n<p>Adjektiver p\u00e5 somalisk f\u00f8lger deres navneord, hvilket er forskelligt fra <a href=\"https:\/\/talkpal.ai\/learn-english-with-ai\/\">engelsk<\/a>. De er enige i k\u00f8n og antal og har ofte det bestemte suffiks, n\u00e5r navneordss\u00e6tningen er bestemt; L\u00e6r at danne komparativer og superlativer med ka &#8230; Badan og Ugu &#8230; Badan.<\/p>\n\n\n\n<h3 class=\"wp-block-heading\" id=\"h-4-pronouns-determiners\">4. Pronomen\/determinere:<\/h3>\n\n\n\n<p>Pronominer og bestemmere er essentielle p\u00e5 somalisk; De erstatter navneord og giver information om m\u00e6ngde, besiddelse og mere. L\u00e6r uafh\u00e6ngige pronominer, demonstrativer som kan, tan, kuwaas, kvantifikatorer som qaar og badan, og besiddende endelser som -kayga og -tayda knyttet til bestemte navneord.<\/p>\n\n\n\n<h3 class=\"wp-block-heading\" id=\"h-5-verbs\">5. Udsagnsord:<\/h3>\n\n\n\n<p>Somaliske verber har forskellige former afh\u00e6ngigt af tid, aspekt og hum\u00f8r. Start med nutidige former som det vanem\u00e6ssige -aa og det progressive -ayaa, og udforsk derefter fortidens former og m\u00e5der at udtrykke fremtiden p\u00e5, sammen med f\u00e6lles subjektmark\u00f8rer og <a href=\"https:\/\/talkpal.ai\/zh-hans\/grammar_exercises\/negazione-%e6%84%8f%e5%a4%a7%e5%88%a9%e8%af%ad%e6%b3%95%e7%bb%83%e4%b9%a0\/\">negation<\/a> med ma.<\/p>\n\n\n\n<h3 class=\"wp-block-heading\" id=\"h-6-tenses\">6. Tider:<\/h3>\n\n\n\n<p>N\u00e5r du har mestret udsagnsordsformerne, kan du dykke dybere ned i somaliske tider og aspekter. Dette inkluderer forst\u00e5else af nutiden vaneformel, nutid progressiv, fortid enkel, fortid progressiv og m\u00e5der at udtrykke fremtidig tid med doon og tidsadverbier, samt rollerne for partikler som waa, baa og ayaa.<\/p>\n\n\n\n<h3 class=\"wp-block-heading\" id=\"h-7-tense-comparison\">7. Ansp\u00e6ndt sammenligning:<\/h3>\n\n\n\n<p>Sammenligning af tider p\u00e5 somalisk hj\u00e6lper med at forst\u00e5 r\u00e6kkef\u00f8lgen af begivenheder. Sammenligning af det samme verbum p\u00e5 tv\u00e6rs af vaneform, progressive, fortid og fremtid vil give en bedre forst\u00e5else af, hvordan suffikser og partikler \u00e6ndrer betydning i kontekst.<\/p>\n\n\n\n<h3 class=\"wp-block-heading\" id=\"h-8-progressive\">8. Progressiv:<\/h3>\n\n\n\n<p>Den progressive tid p\u00e5 somalisk bruges til at udtrykke igangv\u00e6rende handlinger. Det er dannet med verbets stamme plus -ayaa og passende subjektsmark\u00f8rer, for eksempel waan akhriyayaa for jeg l\u00e6ser.<\/p>\n\n\n\n<h3 class=\"wp-block-heading\" id=\"h-9-perfect-progressive\">9. Perfekt progressiv:<\/h3>\n\n\n\n<p>Denne sp\u00e6nding bruges til at udtrykke handlinger, der har v\u00e6ret i gang indtil et bestemt punkt. P\u00e5 somalisk udtrykkes det typisk med datiden progressiv -ayay sammen med tidsudtryk som tan <a href=\"https:\/\/talkpal.ai\/locations\/language-courses-in-iyo\/\">iyo<\/a> og ilaa eller med konstruktioner som ku jiray plus et verbalt navneord.<\/p>\n\n\n\n<h3 class=\"wp-block-heading\" id=\"h-10-conditionals\">10. Betingelser:<\/h3>\n\n\n\n<p>Betingelser udtrykker hypotetiske situationer og deres mulige resultater. De bruger almindeligvis konjunktionen haddii med konjunktivverbumsformen, og negation optr\u00e6der med former som uusan eller aadan alt efter hvad der er passende.<\/p>\n\n\n\n<h3 class=\"wp-block-heading\" id=\"h-11-adverbs\">11. Adverb:<\/h3>\n\n\n\n<p>Adverbier p\u00e5 somalisk \u00e6ndrer verber, adjektiver eller andre adverbier. De giver information om m\u00e5de, sted, tid, grad og mere, ofte dannet med si for m\u00e5de og inkluderer almindelige genstande som hadda, berri, halkaa og aad.<\/p>\n\n\n\n<h3 class=\"wp-block-heading\" id=\"h-12-prepositions\">12. Pr\u00e6positioner:<\/h3>\n\n\n\n<p>Pr\u00e6positioner forbinder ord og s\u00e6tninger sammen. Somali bruger elementer som ku in eller at, ka fra, u til eller for, la med og dhex mellem, som kombineres med pronominelle suffikser som igu, kaa og ugu.<\/p>\n\n\n\n<h3 class=\"wp-block-heading\" id=\"h-13-sentences\">13. S\u00e6tninger:<\/h3>\n\n\n\n<p>Endelig skal du \u00f8ve dig i at konstruere s\u00e6tninger. Dette vil involvere at bruge alle de tidligere l\u00e6rte grammatikpunkter i kontekst, og bem\u00e6rke, at somalisk har en tendens til verbum-slutr\u00e6kkef\u00f8lge og bruger fokus- og emnemark\u00f8rer som waa, baa og ayaa, med negation markeret med ma.<\/p>\n<\/div><\/div>\n\r\n<section class=\"learnNavigationSection\">\r\n            \r\n        <a href=\"https:\/\/talkpal.ai\/da\/laer-somalisk\/\">\r\n            <div class=\"learnNavigationWrapper\">\r\n                <div class=\"learnNavigationContent\">\r\n                    <img decoding=\"async\" src=\"https:\/\/talkpal.ai\/wp-content\/uploads\/2025\/11\/Somali.png\" alt=\"Somalian Flag\">\r\n                    <div>\r\n                        <h4>Om somalisk l\u00e6ring<\/h4>\r\n                        <p>Find ud af alt om somalisk grammatik.<\/p>\r\n                    <\/div>\r\n                <\/div>\r\n            <\/div>\r\n        <\/a>\r\n\r\n        \r\n        <a href=\"https:\/\/talkpal.ai\/da\/somalisk-grammatik\/\">\r\n            <div class=\"learnNavigationWrapper\">\r\n                <div class=\"learnNavigationContent\">\r\n                    <img decoding=\"async\" src=\"https:\/\/talkpal.ai\/wp-content\/uploads\/2025\/11\/Somali.png\" alt=\"Somalian Flag\">\r\n                    <div>\r\n                        <h4>Somalisk grammatik lektioner<\/h4>\r\n                        <p>\u00d8v somalisk grammatik.<\/p>\r\n                    <\/div>\r\n                <\/div>\r\n            <\/div>\r\n        <\/a>\r\n\r\n            <\/section>","protected":false},"excerpt":{"rendered":"<p>Somalisk grammatik emner At l\u00e6re et nyt sprog kan v\u00e6re en udfordrende, men givende bestr\u00e6belse. Somali, et kushitisk sprog, der hovedsageligt tales i Somalia og p\u00e5 tv\u00e6rs af Afrikas Horn og diasporaen, er ingen undtagelse. Med sine unikke egenskaber og strukturer kr\u00e6ver det en systematisk tilgang til at forst\u00e5 dets grammatik at l\u00e6re somalisk. Denne [&hellip;]<\/p>\n","protected":false},"author":20,"featured_media":0,"parent":0,"menu_order":0,"comment_status":"closed","ping_status":"closed","template":"LearningContentPage.php","meta":{"_acf_changed":false,"footnotes":""},"class_list":["post-1465045","page","type-page","status-publish","hentry"],"acf":[],"yoast_head":"<!-- This site is optimized with the Yoast SEO Premium plugin v27.2 (Yoast SEO v27.2) - https:\/\/yoast.com\/product\/yoast-seo-premium-wordpress\/ -->\n<title>Somaliske grammatik\u00f8velser - Talkpal<\/title>\n<meta name=\"description\" content=\"F\u00e5 styr p\u00e5 den somaliske grammatik med vores omfattende \u00f8velser, der d\u00e6kker navneord, udsagnsord og tider, s\u00e5 du kan l\u00e6re sproget effektivt.\" \/>\n<meta name=\"robots\" content=\"index, follow, max-snippet:-1, max-image-preview:large, max-video-preview:-1\" \/>\n<link rel=\"canonical\" href=\"https:\/\/talkpal.ai\/da\/somaliske-grammatikoevelser\/\" \/>\n<meta property=\"og:locale\" content=\"da_DK\" \/>\n<meta property=\"og:type\" content=\"article\" \/>\n<meta property=\"og:title\" content=\"Somaliske grammatik\u00f8velser\" \/>\n<meta property=\"og:description\" content=\"Somalisk grammatik emner At l\u00e6re et nyt sprog kan v\u00e6re en udfordrende, men givende bestr\u00e6belse. Somali, et kushitisk sprog, der hovedsageligt tales i\" \/>\n<meta property=\"og:url\" content=\"https:\/\/talkpal.ai\/da\/somaliske-grammatikoevelser\/\" \/>\n<meta property=\"og:site_name\" content=\"Talkpal\" \/>\n<meta property=\"article:publisher\" content=\"https:\/\/www.facebook.com\/profile.php?id=100090733639311\" \/>\n<meta property=\"article:modified_time\" content=\"2025-12-30T11:15:19+00:00\" \/>\n<meta property=\"og:image\" content=\"https:\/\/talkpal.ai\/wp-content\/uploads\/2025\/02\/Progress-tab-16_9.png\" \/>\n\t<meta property=\"og:image:width\" content=\"2880\" \/>\n\t<meta property=\"og:image:height\" content=\"1620\" \/>\n\t<meta property=\"og:image:type\" content=\"image\/png\" \/>\n<meta name=\"twitter:card\" content=\"summary_large_image\" \/>\n<meta name=\"twitter:site\" content=\"@talkpalai\" \/>\n<meta name=\"twitter:label1\" content=\"Estimeret l\u00e6setid\" \/>\n\t<meta name=\"twitter:data1\" content=\"3 minutter\" \/>\n<script type=\"application\/ld+json\" class=\"yoast-schema-graph\">{\"@context\":\"https:\/\/schema.org\",\"@graph\":[{\"@type\":\"WebPage\",\"@id\":\"https:\/\/talkpal.ai\/da\/somaliske-grammatikoevelser\/\",\"url\":\"https:\/\/talkpal.ai\/da\/somaliske-grammatikoevelser\/\",\"name\":\"Somaliske grammatik\u00f8velser - Talkpal\",\"isPartOf\":{\"@id\":\"https:\/\/talkpal.ai\/da\/#website\"},\"datePublished\":\"2025-11-12T17:00:53+00:00\",\"dateModified\":\"2025-12-30T11:15:19+00:00\",\"description\":\"F\u00e5 styr p\u00e5 den somaliske grammatik med vores omfattende \u00f8velser, der d\u00e6kker navneord, udsagnsord og tider, s\u00e5 du kan l\u00e6re sproget effektivt.\",\"breadcrumb\":{\"@id\":\"https:\/\/talkpal.ai\/da\/somaliske-grammatikoevelser\/#breadcrumb\"},\"inLanguage\":\"da-DK\",\"potentialAction\":[{\"@type\":\"ReadAction\",\"target\":[\"https:\/\/talkpal.ai\/da\/somaliske-grammatikoevelser\/\"]}]},{\"@type\":\"BreadcrumbList\",\"@id\":\"https:\/\/talkpal.ai\/da\/somaliske-grammatikoevelser\/#breadcrumb\",\"itemListElement\":[{\"@type\":\"ListItem\",\"position\":1,\"name\":\"Homepage\",\"item\":\"https:\/\/talkpal.ai\/da\/\"},{\"@type\":\"ListItem\",\"position\":2,\"name\":\"Somaliske grammatik\u00f8velser\"}]},{\"@type\":\"WebSite\",\"@id\":\"https:\/\/talkpal.ai\/da\/#website\",\"url\":\"https:\/\/talkpal.ai\/da\/\",\"name\":\"Talkpal\",\"description\":\"AI Language Learning\",\"publisher\":{\"@id\":\"https:\/\/talkpal.ai\/da\/#organization\"},\"alternateName\":\"Talkpal AI\",\"potentialAction\":[{\"@type\":\"SearchAction\",\"target\":{\"@type\":\"EntryPoint\",\"urlTemplate\":\"https:\/\/talkpal.ai\/da\/?s={search_term_string}\"},\"query-input\":{\"@type\":\"PropertyValueSpecification\",\"valueRequired\":true,\"valueName\":\"search_term_string\"}}],\"inLanguage\":\"da-DK\"},{\"@type\":\"Organization\",\"@id\":\"https:\/\/talkpal.ai\/da\/#organization\",\"name\":\"Talkpal, Inc.\",\"alternateName\":\"Talkpal AI\",\"url\":\"https:\/\/talkpal.ai\/da\/\",\"logo\":{\"@type\":\"ImageObject\",\"inLanguage\":\"da-DK\",\"@id\":\"https:\/\/talkpal.ai\/da\/#\/schema\/logo\/image\/\",\"url\":\"https:\/\/talkpal.ai\/wp-content\/uploads\/2024\/03\/Talkpal-Logo-Icon.png\",\"contentUrl\":\"https:\/\/talkpal.ai\/wp-content\/uploads\/2024\/03\/Talkpal-Logo-Icon.png\",\"width\":2880,\"height\":2880,\"caption\":\"Talkpal, Inc.\"},\"image\":{\"@id\":\"https:\/\/talkpal.ai\/da\/#\/schema\/logo\/image\/\"},\"sameAs\":[\"https:\/\/www.facebook.com\/profile.php?id=100090733639311\",\"https:\/\/x.com\/talkpalai\",\"https:\/\/www.linkedin.com\/company\/talkpal\/\",\"https:\/\/www.youtube.com\/@TalkPal\/\",\"https:\/\/www.tiktok.com\/@talkpal\",\"https:\/\/www.instagram.com\/talkpal_ai\/\",\"https:\/\/www.crunchbase.com\/organization\/talkpal-9cde\",\"https:\/\/www.g2.com\/products\/talkpal-for-business\/\",\"https:\/\/www.trustpilot.com\/review\/talkpal.ai\",\"https:\/\/www.capterra.com\/p\/10006800\/TalkPal\/\"],\"description\":\"Talkpal is a language learning web and mobile education app, powered by the latest AI technologies, that provides engaging experiences to its customers in many different languages to help them improve their language skills. Users can chat about unlimited amount of topics with the app and use other modes to practice their language learning.\",\"email\":\"support@talkpal.ai\",\"legalName\":\"Talkpal, Inc.\",\"foundingDate\":\"2023-04-03\",\"duns\":\"118989042\",\"numberOfEmployees\":{\"@type\":\"QuantitativeValue\",\"minValue\":\"11\",\"maxValue\":\"50\"},\"publishingPrinciples\":\"https:\/\/talkpal.ai\/publishing-principles\/\",\"actionableFeedbackPolicy\":\"https:\/\/talkpal.ai\/actionable-feedback-policy\/\",\"correctionsPolicy\":\"https:\/\/talkpal.ai\/corrections-policy\/\",\"ethicsPolicy\":\"https:\/\/talkpal.ai\/ethics-policy\/\",\"diversityPolicy\":\"https:\/\/talkpal.ai\/diversity-policy\/\",\"diversityStaffingReport\":\"https:\/\/talkpal.ai\/diversity-policy\/\"}]}<\/script>\n<!-- \/ Yoast SEO Premium plugin. -->","yoast_head_json":{"title":"Somaliske grammatik\u00f8velser - Talkpal","description":"F\u00e5 styr p\u00e5 den somaliske grammatik med vores omfattende \u00f8velser, der d\u00e6kker navneord, udsagnsord og tider, s\u00e5 du kan l\u00e6re sproget effektivt.","robots":{"index":"index","follow":"follow","max-snippet":"max-snippet:-1","max-image-preview":"max-image-preview:large","max-video-preview":"max-video-preview:-1"},"canonical":"https:\/\/talkpal.ai\/da\/somaliske-grammatikoevelser\/","og_locale":"da_DK","og_type":"article","og_title":"Somaliske grammatik\u00f8velser","og_description":"Somalisk grammatik emner At l\u00e6re et nyt sprog kan v\u00e6re en udfordrende, men givende bestr\u00e6belse. Somali, et kushitisk sprog, der hovedsageligt tales i","og_url":"https:\/\/talkpal.ai\/da\/somaliske-grammatikoevelser\/","og_site_name":"Talkpal","article_publisher":"https:\/\/www.facebook.com\/profile.php?id=100090733639311","article_modified_time":"2025-12-30T11:15:19+00:00","og_image":[{"width":2880,"height":1620,"url":"https:\/\/talkpal.ai\/wp-content\/uploads\/2025\/02\/Progress-tab-16_9.png","type":"image\/png"}],"twitter_card":"summary_large_image","twitter_site":"@talkpalai","twitter_misc":{"Estimeret l\u00e6setid":"3 minutter"},"schema":{"@context":"https:\/\/schema.org","@graph":[{"@type":"WebPage","@id":"https:\/\/talkpal.ai\/da\/somaliske-grammatikoevelser\/","url":"https:\/\/talkpal.ai\/da\/somaliske-grammatikoevelser\/","name":"Somaliske grammatik\u00f8velser - Talkpal","isPartOf":{"@id":"https:\/\/talkpal.ai\/da\/#website"},"datePublished":"2025-11-12T17:00:53+00:00","dateModified":"2025-12-30T11:15:19+00:00","description":"F\u00e5 styr p\u00e5 den somaliske grammatik med vores omfattende \u00f8velser, der d\u00e6kker navneord, udsagnsord og tider, s\u00e5 du kan l\u00e6re sproget effektivt.","breadcrumb":{"@id":"https:\/\/talkpal.ai\/da\/somaliske-grammatikoevelser\/#breadcrumb"},"inLanguage":"da-DK","potentialAction":[{"@type":"ReadAction","target":["https:\/\/talkpal.ai\/da\/somaliske-grammatikoevelser\/"]}]},{"@type":"BreadcrumbList","@id":"https:\/\/talkpal.ai\/da\/somaliske-grammatikoevelser\/#breadcrumb","itemListElement":[{"@type":"ListItem","position":1,"name":"Homepage","item":"https:\/\/talkpal.ai\/da\/"},{"@type":"ListItem","position":2,"name":"Somaliske grammatik\u00f8velser"}]},{"@type":"WebSite","@id":"https:\/\/talkpal.ai\/da\/#website","url":"https:\/\/talkpal.ai\/da\/","name":"Talkpal","description":"AI Language Learning","publisher":{"@id":"https:\/\/talkpal.ai\/da\/#organization"},"alternateName":"Talkpal AI","potentialAction":[{"@type":"SearchAction","target":{"@type":"EntryPoint","urlTemplate":"https:\/\/talkpal.ai\/da\/?s={search_term_string}"},"query-input":{"@type":"PropertyValueSpecification","valueRequired":true,"valueName":"search_term_string"}}],"inLanguage":"da-DK"},{"@type":"Organization","@id":"https:\/\/talkpal.ai\/da\/#organization","name":"Talkpal, Inc.","alternateName":"Talkpal AI","url":"https:\/\/talkpal.ai\/da\/","logo":{"@type":"ImageObject","inLanguage":"da-DK","@id":"https:\/\/talkpal.ai\/da\/#\/schema\/logo\/image\/","url":"https:\/\/talkpal.ai\/wp-content\/uploads\/2024\/03\/Talkpal-Logo-Icon.png","contentUrl":"https:\/\/talkpal.ai\/wp-content\/uploads\/2024\/03\/Talkpal-Logo-Icon.png","width":2880,"height":2880,"caption":"Talkpal, Inc."},"image":{"@id":"https:\/\/talkpal.ai\/da\/#\/schema\/logo\/image\/"},"sameAs":["https:\/\/www.facebook.com\/profile.php?id=100090733639311","https:\/\/x.com\/talkpalai","https:\/\/www.linkedin.com\/company\/talkpal\/","https:\/\/www.youtube.com\/@TalkPal\/","https:\/\/www.tiktok.com\/@talkpal","https:\/\/www.instagram.com\/talkpal_ai\/","https:\/\/www.crunchbase.com\/organization\/talkpal-9cde","https:\/\/www.g2.com\/products\/talkpal-for-business\/","https:\/\/www.trustpilot.com\/review\/talkpal.ai","https:\/\/www.capterra.com\/p\/10006800\/TalkPal\/"],"description":"Talkpal is a language learning web and mobile education app, powered by the latest AI technologies, that provides engaging experiences to its customers in many different languages to help them improve their language skills. Users can chat about unlimited amount of topics with the app and use other modes to practice their language learning.","email":"support@talkpal.ai","legalName":"Talkpal, Inc.","foundingDate":"2023-04-03","duns":"118989042","numberOfEmployees":{"@type":"QuantitativeValue","minValue":"11","maxValue":"50"},"publishingPrinciples":"https:\/\/talkpal.ai\/publishing-principles\/","actionableFeedbackPolicy":"https:\/\/talkpal.ai\/actionable-feedback-policy\/","correctionsPolicy":"https:\/\/talkpal.ai\/corrections-policy\/","ethicsPolicy":"https:\/\/talkpal.ai\/ethics-policy\/","diversityPolicy":"https:\/\/talkpal.ai\/diversity-policy\/","diversityStaffingReport":"https:\/\/talkpal.ai\/diversity-policy\/"}]}},"_links":{"self":[{"href":"https:\/\/talkpal.ai\/da\/wp-json\/wp\/v2\/pages\/1465045","targetHints":{"allow":["GET"]}}],"collection":[{"href":"https:\/\/talkpal.ai\/da\/wp-json\/wp\/v2\/pages"}],"about":[{"href":"https:\/\/talkpal.ai\/da\/wp-json\/wp\/v2\/types\/page"}],"author":[{"embeddable":true,"href":"https:\/\/talkpal.ai\/da\/wp-json\/wp\/v2\/users\/20"}],"replies":[{"embeddable":true,"href":"https:\/\/talkpal.ai\/da\/wp-json\/wp\/v2\/comments?post=1465045"}],"version-history":[{"count":0,"href":"https:\/\/talkpal.ai\/da\/wp-json\/wp\/v2\/pages\/1465045\/revisions"}],"wp:attachment":[{"href":"https:\/\/talkpal.ai\/da\/wp-json\/wp\/v2\/media?parent=1465045"}],"curies":[{"name":"wp","href":"https:\/\/api.w.org\/{rel}","templated":true}]}}