{"id":1465030,"date":"2025-11-12T16:58:05","date_gmt":"2025-11-12T16:58:05","guid":{"rendered":"https:\/\/talkpal.ai\/somalisk-grammatik\/"},"modified":"2025-12-30T11:13:17","modified_gmt":"2025-12-30T11:13:17","slug":"somalisk-grammatik","status":"publish","type":"page","link":"https:\/\/talkpal.ai\/da\/somalisk-grammatik\/","title":{"rendered":"Somalisk grammatik"},"content":{"rendered":"\r\n\r\n\r\n<section class=\"languageChallengeSection\">\r\n    <div class=\"languageInfoWrapper\">\r\n        \r\n        <h1>Somalisk grammatik<\/h1>\r\n        <p><a href=\"https:\/\/talkpal.ai\/learn-somali\/\">Somalisk<\/a> <a href=\"https:\/\/talkpal.ai\/fr\/les\/\">grammatik<\/a> kan virke udfordrende i starten, men dens unikke egenskaber g\u00f8r det til en givende oplevelse at l\u00e6re sproget. Ved at udforske dets alfabet, mutationer og grammatiske regler f\u00e5r du indsigt i en rig sproglig tradition. Start din rejse og oplev sk\u00f8nheden i Somali!<\/p>\r\n\r\n                            <a class=\"getStartedHidden\" href=\"https:\/\/app.talkpal.ai\/da\/signup?lng=\">Kom i gang<\/a>\r\n        \r\n    <\/div>\r\n\r\n    <figure>\r\n    <img decoding=\"async\" width=\"768\" height=\"768\" src=\"https:\/\/talkpal.ai\/wp-content\/uploads\/2023\/06\/welsh-768x768.png\" class=\"languageImage no-lazy\" alt=\"Language learning for better cognitive abilities\" fetchpriority=\"high\" sizes=\"(max-width: 768px) 150px, 768px\" srcset=\"https:\/\/talkpal.ai\/wp-content\/uploads\/2023\/06\/welsh-768x768.png 768w, https:\/\/talkpal.ai\/wp-content\/uploads\/2023\/06\/welsh-300x300.png 300w\" \/>\r\n    \r\n\r\n    <\/figure>\r\n\r\n            <a class=\"getStartedVisible\" href=\"https:\/\/app.talkpal.ai\/da\/signup?lng=\">Kom i gang<\/a>\r\n    \r\n<\/section><section class=\"promotionalBanner\">\r\n    <p class=\"promotionalText\">Den mest effektive m\u00e5de at l\u00e6re et <a href=\"https:\/\/talkpal.ai\/what-language-is-spoken-on-the-international-space-station\/\">sprog<\/a> p\u00e5<\/p>\r\n    <a class=\"promotionalLink\" href=\"https:\/\/app.talkpal.ai\/da\/signup?lng=\">Pr\u00f8v Talkpal gratis<\/a>\r\n<\/section>\n<div class=\"wp-block-group pageContainerStyle\"><div class=\"wp-block-group__inner-container is-layout-constrained wp-block-group-is-layout-constrained\">\n<h2 class=\"wp-block-heading\" id=\"h-navigating-the-intricacies-of-somali-grammar\">Navigering i forviklingerne i somalisk grammatik<\/h2>\n\n\n\n<p><a href=\"https:\/\/talkpal.ai\/da\/laer-somalisk\/\">Somali<\/a>, et kushitisk sprog i den afroasiatiske familie med en rig historie og kulturel betydning, tilbyder en sp\u00e6ndende sproglig oplevelse for dem, der er ivrige efter at udforske dets unikke grammatiksystem. N\u00e5r du begiver dig ind i det somaliske rige, vil du ikke kun berige dit sproglige repertoire, men ogs\u00e5 omfavne en fascinerende kulturel rejse. Selvom somalisk grammatik kan virke kompliceret i starten, g\u00f8r det lettere at l\u00e6re sproget ved at opdele den i kernekomponenter. I denne artikel vil vi udforske den f\u00e6ngslende verden af somalisk grammatik og give tips til, hvordan man mestrer dens kompleksitet.<\/p>\n\n\n\n<h3 class=\"wp-block-heading\" id=\"h-1-somali-alphabet-and-phonetics\">1. Somalisk alfabet og fonetik<\/h3>\n\n\n\n<p>Det somaliske skriftsystem bruger et latinsk alfabet med fem vokaler og et s\u00e6t konsonanter, der indeholder lyde, der er unikke for somalisk, s\u00e5som c, x og q. Du vil ogs\u00e5 st\u00f8de p\u00e5 digrafer som dh, kh og sh samt kontrastiv vokal- og konsonantl\u00e6ngde, der kan \u00e6ndre betydning. For at l\u00e6re somalisk grammatik er det afg\u00f8rende at blive fortrolig med dette s\u00e6rpr\u00e6gede skriftsystem ved at \u00f8ve sig i at l\u00e6se og skrive p\u00e5 somalisk.<\/p>\n\n\n\n<h3 class=\"wp-block-heading\" id=\"h-2-phonology-and-prosody-distinctive-somali-features\">2. Fonologi og prosodi: karakteristiske somaliske tr\u00e6k<\/h3>\n\n\n\n<p>Et af de mest sl\u00e5ende aspekter ved somalisk er vigtigheden af vokall\u00e6ngde, konsonantl\u00e6ngde og toneh\u00f8jdeaccent, som tilsammen adskiller betydninger mellem ellers lignende ord. Somalisk har ogs\u00e5 sv\u00e6lg- og uvul\u00e6re konsonanter, som er ualmindelige p\u00e5 mange sprog. At forst\u00e5, hvordan l\u00e6ngde, accent og disse konsonanter fungerer, er afg\u00f8rende for n\u00f8jagtig udtale og kommunikation p\u00e5 somalisk.<\/p>\n\n\n\n<h3 class=\"wp-block-heading\" id=\"h-3-nouns-and-pronouns-gender-and-cases\">3. Substantiver og pronomen: k\u00f8n og sager<\/h3>\n\n\n\n<p>Somaliske navneord har grammatisk k\u00f8n (hank\u00f8n eller feminint), og flertal dannes p\u00e5 flere m\u00e5der, ofte med \u00e6ndringer i endelser og nogle gange med k\u00f8nspolaritet mellem ental og flertal. Definiteness er markeret med suffikser som -ka, -ta, -ga og -da, som varierer efter lydm\u00f8nstre og k\u00f8n. Somali bruger et case-system til at markere roller som subjekt- og genitivforhold. Pronominer p\u00e5 somalisk omfatter personlige, besiddende, refleksive, demonstrative og sp\u00f8rgende former. At blive fortrolig med disse pronominer og deres former vil forbedre din forst\u00e5else af somalisk grammatik betydeligt.<\/p>\n\n\n\n<h3 class=\"wp-block-heading\" id=\"h-4-verbs-structure-and-conjugation\">4. Verb: struktur og b\u00f8jning<\/h3>\n\n\n\n<p>Somaliske verber f\u00f8lger m\u00f8nstre, der afspejler tid, aspekt, hum\u00f8r og person. Almindeligt anvendte tider og aspekter omfatter nutid, fortid og fremtid sammen med stemninger som betinget, <a href=\"https:\/\/talkpal.ai\/ja\/grammar_exercises\/imperatif-%e3%83%95%e3%83%a9%e3%83%b3%e3%82%b9%e3%81%ae%e6%96%87%e6%b3%95%e3%81%ae%e3%81%9f%e3%82%81%e3%81%ae%e6%bc%94%e7%bf%92\/\">imperativ<\/a> og <a href=\"https:\/\/talkpal.ai\/ja\/grammar_exercises\/konjunktiv-%e3%83%89%e3%82%a4%e3%83%84%e6%96%87%e6%b3%95%e3%81%ae%e6%bc%94%e7%bf%92\/\">konjunktiv<\/a>. <a href=\"https:\/\/talkpal.ai\/zh-hans\/grammar_exercises\/negazione-%e6%84%8f%e5%a4%a7%e5%88%a9%e8%af%ad%e6%b3%95%e7%bb%83%e4%b9%a0\/\">Negation<\/a> dannes typisk med partikler placeret foran verbet, og personenighed vises gennem affikser og partikler. At l\u00e6re reglerne for b\u00f8jning af verber og s\u00e6tningspartikler vil forbedre din evne til at kommunikere effektivt p\u00e5 somalisk.<\/p>\n\n\n\n<h3 class=\"wp-block-heading\" id=\"h-5-adjectives-agreement-and-placement\">5. Adjektiver: Aftale og placering<\/h3>\n\n\n\n<p>I somalisk grammatik f\u00f8lger adjektiver typisk det navneord, de \u00e6ndrer, og b\u00f8r, hvor det kr\u00e6ves, stemme overens med substantivet i k\u00f8n og antal. Komparativer og superlativer dannes ofte med mark\u00f8rer som ka for komparativ og ugu for superlativ, og nogle adjektiver har uregelm\u00e6ssige m\u00f8nstre, der er afg\u00f8rende for at l\u00e6re at kommunikere mere naturligt.<\/p>\n\n\n\n<p><strong>Eksempler:<\/strong><\/p>\n\n\n\n<p><strong>\u2013 Jacayl Weyn (Big Love)<\/strong><\/p>\n\n\n\n<p><strong>\u2013 Caruur Yar (sm\u00e5 b\u00f8rn)<\/strong><\/p>\n\n\n\n<h3 class=\"wp-block-heading\" id=\"h-6-engaging-with-the-language\">6. Engagerende med sproget<\/h3>\n\n\n\n<p>Den mest effektive m\u00e5de at forst\u00e5 og internalisere somalisk grammatik fuldt ud p\u00e5 er konsekvent at engagere sig i sproget. Ved at l\u00e6se somalisk litteratur, lytte til somalisk radio, se somaliske film eller tv-serier og aktivt kommunikere med modersm\u00e5lstalende vil du styrke din forst\u00e5else af grammatik og samtidig udvide dit ordforr\u00e5d.<\/p>\n\n\n\n<h3 class=\"wp-block-heading\" id=\"h-conclusion\">Konklusion<\/h3>\n\n\n\n<p>Selvom somalisk grammatik kan virke indviklet, kan du blive dygtig til dette smukke sprog med dedikation, \u00f8velse og entusiasme. Ved at fokusere p\u00e5 de grundl\u00e6ggende regler og engagere dig i sproget p\u00e5 tv\u00e6rs af forskellige kontekster, vil du hurtigt forbedre dine somaliske <a href=\"https:\/\/talkpal.ai\/da\/grammatik\/\">grammatikf\u00e6rdigheder<\/a>. Nasiib wacan (held og lykke) med din somaliske sprogrejse, og nyd at optr\u00e6vle den g\u00e5defulde, men f\u00e6ngslende verden af somalisk grammatik!<\/p>\n<\/div><\/div>\n\r\n<section class=\"learnNavigationSection\">\r\n            \r\n        <a href=\"https:\/\/talkpal.ai\/da\/laer-somalisk\/\">\r\n            <div class=\"learnNavigationWrapper\">\r\n                <div class=\"learnNavigationContent\">\r\n                    <img decoding=\"async\" src=\"https:\/\/talkpal.ai\/wp-content\/uploads\/2025\/11\/Somali.png\" alt=\"Somalian Flag\">\r\n                    <div>\r\n                        <h4>Om somalisk l\u00e6ring<\/h4>\r\n                        <p>Find ud af alt om somalisk grammatik.<\/p>\r\n                    <\/div>\r\n                <\/div>\r\n            <\/div>\r\n        <\/a>\r\n\r\n        \r\n        <a href=\"https:\/\/talkpal.ai\/da\/somaliske-grammatikoevelser\/\">\r\n            <div class=\"learnNavigationWrapper\">\r\n                <div class=\"learnNavigationContent\">\r\n                    <img decoding=\"async\" src=\"https:\/\/talkpal.ai\/wp-content\/uploads\/2025\/11\/Somali.png\" alt=\"Somalian Flag\">\r\n                    <div>\r\n                        <h4>Somalisk grammatik\u00f8velse<\/h4>\r\n                        <p>\u00d8v somalisk grammatik.<\/p>\r\n                    <\/div>\r\n                <\/div>\r\n            <\/div>\r\n        <\/a>\r\n\r\n            <\/section>","protected":false},"excerpt":{"rendered":"<p>Navigering i forviklingerne i somalisk grammatik Somali, et kushitisk sprog i den afroasiatiske familie med en rig historie og kulturel betydning, tilbyder en sp\u00e6ndende sproglig oplevelse for dem, der er ivrige efter at udforske dets unikke grammatiksystem. N\u00e5r du begiver dig ind i det somaliske rige, vil du ikke kun berige dit sproglige repertoire, men [&hellip;]<\/p>\n","protected":false},"author":20,"featured_media":0,"parent":0,"menu_order":0,"comment_status":"closed","ping_status":"closed","template":"LearningContentPage.php","meta":{"_acf_changed":false,"footnotes":""},"class_list":["post-1465030","page","type-page","status-publish","hentry"],"acf":[],"yoast_head":"<!-- This site is optimized with the Yoast SEO Premium plugin v27.2 (Yoast SEO v27.2) - https:\/\/yoast.com\/product\/yoast-seo-premium-wordpress\/ -->\n<title>Somalisk grammatik - Talkpal<\/title>\n<meta name=\"description\" content=\"F\u00e5 styr p\u00e5 den komplekse somaliske grammatik, fra alfabetet til b\u00f8jning af udsagnsord, med vores omfattende l\u00e6ringsguide.\" \/>\n<meta name=\"robots\" content=\"index, follow, max-snippet:-1, max-image-preview:large, max-video-preview:-1\" \/>\n<link rel=\"canonical\" href=\"https:\/\/talkpal.ai\/da\/somalisk-grammatik\/\" \/>\n<meta property=\"og:locale\" content=\"da_DK\" \/>\n<meta property=\"og:type\" content=\"article\" \/>\n<meta property=\"og:title\" content=\"Somalisk grammatik\" \/>\n<meta property=\"og:description\" content=\"Navigering i forviklingerne i somalisk grammatik Somali, et kushitisk sprog i den afroasiatiske familie med en rig historie og kulturel betydning,\" \/>\n<meta property=\"og:url\" content=\"https:\/\/talkpal.ai\/da\/somalisk-grammatik\/\" \/>\n<meta property=\"og:site_name\" content=\"Talkpal\" \/>\n<meta property=\"article:publisher\" content=\"https:\/\/www.facebook.com\/profile.php?id=100090733639311\" \/>\n<meta property=\"article:modified_time\" content=\"2025-12-30T11:13:17+00:00\" \/>\n<meta property=\"og:image\" content=\"https:\/\/talkpal.ai\/wp-content\/uploads\/2025\/02\/Progress-tab-16_9.png\" \/>\n\t<meta property=\"og:image:width\" content=\"2880\" \/>\n\t<meta property=\"og:image:height\" content=\"1620\" \/>\n\t<meta property=\"og:image:type\" content=\"image\/png\" \/>\n<meta name=\"twitter:card\" content=\"summary_large_image\" \/>\n<meta name=\"twitter:site\" content=\"@talkpalai\" \/>\n<meta name=\"twitter:label1\" content=\"Estimeret l\u00e6setid\" \/>\n\t<meta name=\"twitter:data1\" content=\"3 minutter\" \/>\n<script type=\"application\/ld+json\" class=\"yoast-schema-graph\">{\"@context\":\"https:\/\/schema.org\",\"@graph\":[{\"@type\":\"WebPage\",\"@id\":\"https:\/\/talkpal.ai\/da\/somalisk-grammatik\/\",\"url\":\"https:\/\/talkpal.ai\/da\/somalisk-grammatik\/\",\"name\":\"Somalisk grammatik - Talkpal\",\"isPartOf\":{\"@id\":\"https:\/\/talkpal.ai\/da\/#website\"},\"datePublished\":\"2025-11-12T16:58:05+00:00\",\"dateModified\":\"2025-12-30T11:13:17+00:00\",\"description\":\"F\u00e5 styr p\u00e5 den komplekse somaliske grammatik, fra alfabetet til b\u00f8jning af udsagnsord, med vores omfattende l\u00e6ringsguide.\",\"breadcrumb\":{\"@id\":\"https:\/\/talkpal.ai\/da\/somalisk-grammatik\/#breadcrumb\"},\"inLanguage\":\"da-DK\",\"potentialAction\":[{\"@type\":\"ReadAction\",\"target\":[\"https:\/\/talkpal.ai\/da\/somalisk-grammatik\/\"]}]},{\"@type\":\"BreadcrumbList\",\"@id\":\"https:\/\/talkpal.ai\/da\/somalisk-grammatik\/#breadcrumb\",\"itemListElement\":[{\"@type\":\"ListItem\",\"position\":1,\"name\":\"Homepage\",\"item\":\"https:\/\/talkpal.ai\/da\/\"},{\"@type\":\"ListItem\",\"position\":2,\"name\":\"Somalisk grammatik\"}]},{\"@type\":\"WebSite\",\"@id\":\"https:\/\/talkpal.ai\/da\/#website\",\"url\":\"https:\/\/talkpal.ai\/da\/\",\"name\":\"Talkpal\",\"description\":\"AI Language Learning\",\"publisher\":{\"@id\":\"https:\/\/talkpal.ai\/da\/#organization\"},\"alternateName\":\"Talkpal AI\",\"potentialAction\":[{\"@type\":\"SearchAction\",\"target\":{\"@type\":\"EntryPoint\",\"urlTemplate\":\"https:\/\/talkpal.ai\/da\/?s={search_term_string}\"},\"query-input\":{\"@type\":\"PropertyValueSpecification\",\"valueRequired\":true,\"valueName\":\"search_term_string\"}}],\"inLanguage\":\"da-DK\"},{\"@type\":\"Organization\",\"@id\":\"https:\/\/talkpal.ai\/da\/#organization\",\"name\":\"Talkpal, Inc.\",\"alternateName\":\"Talkpal AI\",\"url\":\"https:\/\/talkpal.ai\/da\/\",\"logo\":{\"@type\":\"ImageObject\",\"inLanguage\":\"da-DK\",\"@id\":\"https:\/\/talkpal.ai\/da\/#\/schema\/logo\/image\/\",\"url\":\"https:\/\/talkpal.ai\/wp-content\/uploads\/2024\/03\/Talkpal-Logo-Icon.png\",\"contentUrl\":\"https:\/\/talkpal.ai\/wp-content\/uploads\/2024\/03\/Talkpal-Logo-Icon.png\",\"width\":2880,\"height\":2880,\"caption\":\"Talkpal, Inc.\"},\"image\":{\"@id\":\"https:\/\/talkpal.ai\/da\/#\/schema\/logo\/image\/\"},\"sameAs\":[\"https:\/\/www.facebook.com\/profile.php?id=100090733639311\",\"https:\/\/x.com\/talkpalai\",\"https:\/\/www.linkedin.com\/company\/talkpal\/\",\"https:\/\/www.youtube.com\/@TalkPal\/\",\"https:\/\/www.tiktok.com\/@talkpal\",\"https:\/\/www.instagram.com\/talkpal_ai\/\",\"https:\/\/www.crunchbase.com\/organization\/talkpal-9cde\",\"https:\/\/www.g2.com\/products\/talkpal-for-business\/\",\"https:\/\/www.trustpilot.com\/review\/talkpal.ai\",\"https:\/\/www.capterra.com\/p\/10006800\/TalkPal\/\"],\"description\":\"Talkpal is a language learning web and mobile education app, powered by the latest AI technologies, that provides engaging experiences to its customers in many different languages to help them improve their language skills. Users can chat about unlimited amount of topics with the app and use other modes to practice their language learning.\",\"email\":\"support@talkpal.ai\",\"legalName\":\"Talkpal, Inc.\",\"foundingDate\":\"2023-04-03\",\"duns\":\"118989042\",\"numberOfEmployees\":{\"@type\":\"QuantitativeValue\",\"minValue\":\"11\",\"maxValue\":\"50\"},\"publishingPrinciples\":\"https:\/\/talkpal.ai\/publishing-principles\/\",\"actionableFeedbackPolicy\":\"https:\/\/talkpal.ai\/actionable-feedback-policy\/\",\"correctionsPolicy\":\"https:\/\/talkpal.ai\/corrections-policy\/\",\"ethicsPolicy\":\"https:\/\/talkpal.ai\/ethics-policy\/\",\"diversityPolicy\":\"https:\/\/talkpal.ai\/diversity-policy\/\",\"diversityStaffingReport\":\"https:\/\/talkpal.ai\/diversity-policy\/\"}]}<\/script>\n<!-- \/ Yoast SEO Premium plugin. -->","yoast_head_json":{"title":"Somalisk grammatik - Talkpal","description":"F\u00e5 styr p\u00e5 den komplekse somaliske grammatik, fra alfabetet til b\u00f8jning af udsagnsord, med vores omfattende l\u00e6ringsguide.","robots":{"index":"index","follow":"follow","max-snippet":"max-snippet:-1","max-image-preview":"max-image-preview:large","max-video-preview":"max-video-preview:-1"},"canonical":"https:\/\/talkpal.ai\/da\/somalisk-grammatik\/","og_locale":"da_DK","og_type":"article","og_title":"Somalisk grammatik","og_description":"Navigering i forviklingerne i somalisk grammatik Somali, et kushitisk sprog i den afroasiatiske familie med en rig historie og kulturel betydning,","og_url":"https:\/\/talkpal.ai\/da\/somalisk-grammatik\/","og_site_name":"Talkpal","article_publisher":"https:\/\/www.facebook.com\/profile.php?id=100090733639311","article_modified_time":"2025-12-30T11:13:17+00:00","og_image":[{"width":2880,"height":1620,"url":"https:\/\/talkpal.ai\/wp-content\/uploads\/2025\/02\/Progress-tab-16_9.png","type":"image\/png"}],"twitter_card":"summary_large_image","twitter_site":"@talkpalai","twitter_misc":{"Estimeret l\u00e6setid":"3 minutter"},"schema":{"@context":"https:\/\/schema.org","@graph":[{"@type":"WebPage","@id":"https:\/\/talkpal.ai\/da\/somalisk-grammatik\/","url":"https:\/\/talkpal.ai\/da\/somalisk-grammatik\/","name":"Somalisk grammatik - Talkpal","isPartOf":{"@id":"https:\/\/talkpal.ai\/da\/#website"},"datePublished":"2025-11-12T16:58:05+00:00","dateModified":"2025-12-30T11:13:17+00:00","description":"F\u00e5 styr p\u00e5 den komplekse somaliske grammatik, fra alfabetet til b\u00f8jning af udsagnsord, med vores omfattende l\u00e6ringsguide.","breadcrumb":{"@id":"https:\/\/talkpal.ai\/da\/somalisk-grammatik\/#breadcrumb"},"inLanguage":"da-DK","potentialAction":[{"@type":"ReadAction","target":["https:\/\/talkpal.ai\/da\/somalisk-grammatik\/"]}]},{"@type":"BreadcrumbList","@id":"https:\/\/talkpal.ai\/da\/somalisk-grammatik\/#breadcrumb","itemListElement":[{"@type":"ListItem","position":1,"name":"Homepage","item":"https:\/\/talkpal.ai\/da\/"},{"@type":"ListItem","position":2,"name":"Somalisk grammatik"}]},{"@type":"WebSite","@id":"https:\/\/talkpal.ai\/da\/#website","url":"https:\/\/talkpal.ai\/da\/","name":"Talkpal","description":"AI Language Learning","publisher":{"@id":"https:\/\/talkpal.ai\/da\/#organization"},"alternateName":"Talkpal AI","potentialAction":[{"@type":"SearchAction","target":{"@type":"EntryPoint","urlTemplate":"https:\/\/talkpal.ai\/da\/?s={search_term_string}"},"query-input":{"@type":"PropertyValueSpecification","valueRequired":true,"valueName":"search_term_string"}}],"inLanguage":"da-DK"},{"@type":"Organization","@id":"https:\/\/talkpal.ai\/da\/#organization","name":"Talkpal, Inc.","alternateName":"Talkpal AI","url":"https:\/\/talkpal.ai\/da\/","logo":{"@type":"ImageObject","inLanguage":"da-DK","@id":"https:\/\/talkpal.ai\/da\/#\/schema\/logo\/image\/","url":"https:\/\/talkpal.ai\/wp-content\/uploads\/2024\/03\/Talkpal-Logo-Icon.png","contentUrl":"https:\/\/talkpal.ai\/wp-content\/uploads\/2024\/03\/Talkpal-Logo-Icon.png","width":2880,"height":2880,"caption":"Talkpal, Inc."},"image":{"@id":"https:\/\/talkpal.ai\/da\/#\/schema\/logo\/image\/"},"sameAs":["https:\/\/www.facebook.com\/profile.php?id=100090733639311","https:\/\/x.com\/talkpalai","https:\/\/www.linkedin.com\/company\/talkpal\/","https:\/\/www.youtube.com\/@TalkPal\/","https:\/\/www.tiktok.com\/@talkpal","https:\/\/www.instagram.com\/talkpal_ai\/","https:\/\/www.crunchbase.com\/organization\/talkpal-9cde","https:\/\/www.g2.com\/products\/talkpal-for-business\/","https:\/\/www.trustpilot.com\/review\/talkpal.ai","https:\/\/www.capterra.com\/p\/10006800\/TalkPal\/"],"description":"Talkpal is a language learning web and mobile education app, powered by the latest AI technologies, that provides engaging experiences to its customers in many different languages to help them improve their language skills. Users can chat about unlimited amount of topics with the app and use other modes to practice their language learning.","email":"support@talkpal.ai","legalName":"Talkpal, Inc.","foundingDate":"2023-04-03","duns":"118989042","numberOfEmployees":{"@type":"QuantitativeValue","minValue":"11","maxValue":"50"},"publishingPrinciples":"https:\/\/talkpal.ai\/publishing-principles\/","actionableFeedbackPolicy":"https:\/\/talkpal.ai\/actionable-feedback-policy\/","correctionsPolicy":"https:\/\/talkpal.ai\/corrections-policy\/","ethicsPolicy":"https:\/\/talkpal.ai\/ethics-policy\/","diversityPolicy":"https:\/\/talkpal.ai\/diversity-policy\/","diversityStaffingReport":"https:\/\/talkpal.ai\/diversity-policy\/"}]}},"_links":{"self":[{"href":"https:\/\/talkpal.ai\/da\/wp-json\/wp\/v2\/pages\/1465030","targetHints":{"allow":["GET"]}}],"collection":[{"href":"https:\/\/talkpal.ai\/da\/wp-json\/wp\/v2\/pages"}],"about":[{"href":"https:\/\/talkpal.ai\/da\/wp-json\/wp\/v2\/types\/page"}],"author":[{"embeddable":true,"href":"https:\/\/talkpal.ai\/da\/wp-json\/wp\/v2\/users\/20"}],"replies":[{"embeddable":true,"href":"https:\/\/talkpal.ai\/da\/wp-json\/wp\/v2\/comments?post=1465030"}],"version-history":[{"count":0,"href":"https:\/\/talkpal.ai\/da\/wp-json\/wp\/v2\/pages\/1465030\/revisions"}],"wp:attachment":[{"href":"https:\/\/talkpal.ai\/da\/wp-json\/wp\/v2\/media?parent=1465030"}],"curies":[{"name":"wp","href":"https:\/\/api.w.org\/{rel}","templated":true}]}}