{"id":1465016,"date":"2025-11-12T16:44:57","date_gmt":"2025-11-12T16:44:57","guid":{"rendered":"https:\/\/talkpal.ai\/singalesisk-grammatik\/"},"modified":"2025-12-30T11:10:44","modified_gmt":"2025-12-30T11:10:44","slug":"singalesisk-grammatik","status":"publish","type":"page","link":"https:\/\/talkpal.ai\/da\/singalesisk-grammatik\/","title":{"rendered":"Singalesisk grammatik"},"content":{"rendered":"\r\n\r\n\r\n<section class=\"languageChallengeSection\">\r\n    <div class=\"languageInfoWrapper\">\r\n        \r\n        <h1>Singalesisk grammatik<\/h1>\r\n        <p><a href=\"https:\/\/talkpal.ai\/learn-sinhala\/\">Singalesisk<\/a> <a href=\"https:\/\/talkpal.ai\/fr\/les\/\">grammatik<\/a> kan virke udfordrende i starten, men dens unikke egenskaber g\u00f8r det til en givende oplevelse at l\u00e6re sproget. Ved at udforske dets alfabet, mutationer og grammatiske regler f\u00e5r du indsigt i en rig sproglig tradition. Start din rejse og oplev sk\u00f8nheden i Singales!<\/p>\r\n\r\n                            <a class=\"getStartedHidden\" href=\"https:\/\/app.talkpal.ai\/da\/signup?lng=\">Kom i gang<\/a>\r\n        \r\n    <\/div>\r\n\r\n    <figure>\r\n    <img decoding=\"async\" width=\"768\" height=\"768\" src=\"https:\/\/talkpal.ai\/wp-content\/uploads\/2023\/06\/welsh-768x768.png\" class=\"languageImage no-lazy\" alt=\"Language learning for better cognitive abilities\" fetchpriority=\"high\" sizes=\"(max-width: 768px) 150px, 768px\" srcset=\"https:\/\/talkpal.ai\/wp-content\/uploads\/2023\/06\/welsh-768x768.png 768w, https:\/\/talkpal.ai\/wp-content\/uploads\/2023\/06\/welsh-300x300.png 300w\" \/>\r\n    \r\n\r\n    <\/figure>\r\n\r\n            <a class=\"getStartedVisible\" href=\"https:\/\/app.talkpal.ai\/da\/signup?lng=\">Kom i gang<\/a>\r\n    \r\n<\/section><section class=\"promotionalBanner\">\r\n    <p class=\"promotionalText\">Den mest effektive m\u00e5de at l\u00e6re et <a href=\"https:\/\/talkpal.ai\/what-language-is-spoken-on-the-international-space-station\/\">sprog<\/a> p\u00e5<\/p>\r\n    <a class=\"promotionalLink\" href=\"https:\/\/app.talkpal.ai\/da\/signup?lng=\">Pr\u00f8v Talkpal gratis<\/a>\r\n<\/section>\n<div class=\"wp-block-group pageContainerStyle\"><div class=\"wp-block-group__inner-container is-layout-constrained wp-block-group-is-layout-constrained\">\n<h2 class=\"wp-block-heading\" id=\"h-navigating-the-intricacies-of-sinhala-grammar\">Navigering i forviklingerne i singalesisk grammatik<\/h2>\n\n\n\n<p><a href=\"https:\/\/talkpal.ai\/da\/laer-singalesisk\/\">Singalesisk<\/a>, et indoarisk sprog i Sri Lanka med en rig historie og kulturel betydning, tilbyder en sp\u00e6ndende sproglig oplevelse for dem, der er ivrige efter at udforske dets unikke grammatiksystem. N\u00e5r du begiver dig ind i det singalesiske rige, vil du ikke kun berige dit sproglige repertoire, men ogs\u00e5 omfavne en fascinerende kulturel rejse. Selvom singalesisk grammatik kan virke kompliceret i starten, g\u00f8r det lettere at l\u00e6re sproget ved at opdele den i kernekomponenter. I denne artikel vil vi udforske den f\u00e6ngslende verden af singalesisk grammatik og give tips til, hvordan du mestrer dens kompleksitet.<\/p>\n\n\n\n<h3 class=\"wp-block-heading\" id=\"h-1-sinhala-alphabet-and-phonetics\">1. Singalesisk alfabet og fonetik<\/h3>\n\n\n\n<p>Det singalesiske skriftsystem er en abugida med sit eget s\u00e6t af konsonanter og vokaler, skrevet fra venstre mod h\u00f8jre. Konsonanter b\u00e6rer en iboende vokal, der er modificeret af diakritiske tegn, og skriften har karakteristiske elementer som rakaransaya og yansaya, samt pr\u00e6nasaliserede og retroflekse konsonanter, der er unikke for sproget. For at l\u00e6re singalesisk grammatik er det afg\u00f8rende at blive fortrolig med dette karakteristiske skriftsystem ved at \u00f8ve sig i at l\u00e6se og skrive p\u00e5 singalesisk.<\/p>\n\n\n\n<h3 class=\"wp-block-heading\" id=\"h-2-mutations-a-peculiar-sinhala-feature\">2. Mutationer: Et ejendommeligt singalesisk tr\u00e6k<\/h3>\n\n\n\n<p>Sinhala bruger ikke indledende konsonantmutationer. I stedet er et bem\u00e6rkelsesv\u00e6rdigt tr\u00e6k fonologisk sandhi og assimilering, herunder vokalsammensmeltning og konsonantgemination p\u00e5 tv\u00e6rs af morfem- og ordgr\u00e6nser. Du vil ogs\u00e5 st\u00f8de p\u00e5 konjunktionsbogstaver og systematiske veksler i talt singalesisk, der p\u00e5virker udtale og rytme. At forst\u00e5, hvorn\u00e5r og hvordan disse lyd\u00e6ndringer opst\u00e5r, er afg\u00f8rende for n\u00f8jagtig kommunikation p\u00e5 singalesisk.<\/p>\n\n\n\n<h3 class=\"wp-block-heading\" id=\"h-3-nouns-and-pronouns-gender-and-cases\">3. Substantiver og pronomen: k\u00f8n og sager<\/h3>\n\n\n\n<p>Singalesiske navneord markerer ikke grammatisk k\u00f8n p\u00e5 samme m\u00e5de som mange europ\u00e6iske sprog g\u00f8r, men de skelner mellem animacy og bruger forskellige flertalsstrategier, s\u00e5som -l\u0101 for animater og -val for mange livl\u00f8se. Kasusrelationer udtrykkes med suffikser og postpositioner, for eksempel -\u1e6da for dativ, -ge for genitiv og -in for instrumentale eller ablative funktioner. Pronominer p\u00e5 singalesisk omfatter personlige former med niveauer af formalitet og respekt (f.eks. mama I, oy\u0101 eller ob\u0101 u), besiddende (mage my, ob\u0113 ur), refleksive (tamange ens egne), demonstrativer (me this, e that) og sp\u00f8rgende (kavuda who, mokakda what). At blive fortrolig med disse pronominer og deres former vil forbedre din forst\u00e5else af singalesisk grammatik betydeligt.<\/p>\n\n\n\n<h3 class=\"wp-block-heading\" id=\"h-4-verbs-structure-and-conjugation\">4. Verb: struktur og b\u00f8jning<\/h3>\n\n\n\n<p>Singalesisk er prim\u00e6rt SOV, og verber b\u00f8jes for tid og polaritet snarere end person eller tal i dagligsproget. Kernetider omfatter nutid-vane, fortid og fremtid sammen med betingede og imperative stemninger. Nutiden dannes almindeligvis med -nava, mange datidsformer er stammebaserede, og negativer er bygget analytisk. At l\u00e6re verbernes b\u00f8jningsm\u00f8nstre og rollen af participier og hj\u00e6lpemidler vil forbedre din evne til at kommunikere effektivt p\u00e5 singalesisk.<\/p>\n\n\n\n<h3 class=\"wp-block-heading\" id=\"h-5-adjectives-agreement-and-placement\">5. Adjektiver: Aftale og placering<\/h3>\n\n\n\n<p>I singalesisk grammatik g\u00e5r adjektiver typisk foran det navneord, de \u00e6ndrer, og stemmer ikke overens i antal eller k\u00f8n med navneordet. Komparativer dannes ofte med vada mere, og superlativer med klitoris-ma, som er afg\u00f8rende for at l\u00e6re at kommunikere mere naturligt.<\/p>\n\n\n\n<p><strong>Eksempler:<\/strong><\/p>\n\n\n\n<p><strong>\u2013 Loku ad\u0101re (stor k\u00e6rlighed)<\/strong><\/p>\n\n\n\n<p><strong>\u2013 Podi Lamayi (sm\u00e5 b\u00f8rn)<\/strong><\/p>\n\n\n\n<h3 class=\"wp-block-heading\" id=\"h-6-engaging-with-the-language\">6. Engagerende med sproget<\/h3>\n\n\n\n<p>Den mest effektive m\u00e5de at forst\u00e5 og internalisere singalesisk grammatik fuldt ud p\u00e5 er at engagere sig konsekvent i sproget. Ved at l\u00e6se singalesisk litteratur, se singalesiske film eller tv-serier og aktivt kommunikere med modersm\u00e5lstalere vil du styrke din forst\u00e5else af grammatik og samtidig udvide dit ordforr\u00e5d.<\/p>\n\n\n\n<h3 class=\"wp-block-heading\" id=\"h-conclusion\">Konklusion<\/h3>\n\n\n\n<p>Selvom singalesisk grammatik kan virke indviklet, kan du blive dygtig til dette smukke sprog med dedikation, \u00f8velse og entusiasme. Ved at fokusere p\u00e5 de grundl\u00e6ggende regler og engagere dig i sproget p\u00e5 tv\u00e6rs af forskellige kontekster, vil du hurtigt forbedre dine singalesiske <a href=\"https:\/\/talkpal.ai\/da\/grammatik\/\">grammatikf\u00e6rdigheder<\/a>. Held og lykke med din singalesiske sprogrejse, og nyd at optrevle den g\u00e5defulde, men f\u00e6ngslende verden af singalesisk grammatik!<\/p>\n<\/div><\/div>\n\r\n<section class=\"learnNavigationSection\">\r\n            \r\n        <a href=\"https:\/\/talkpal.ai\/da\/laer-singalesisk\/\">\r\n            <div class=\"learnNavigationWrapper\">\r\n                <div class=\"learnNavigationContent\">\r\n                    <img decoding=\"async\" src=\"https:\/\/talkpal.ai\/wp-content\/uploads\/2025\/11\/Sinhala.png\" alt=\"Sri Lankan Flag\">\r\n                    <div>\r\n                        <h4>Om singalesisk l\u00e6ring<\/h4>\r\n                        <p>Find ud af alt om singalesisk grammatik.<\/p>\r\n                    <\/div>\r\n                <\/div>\r\n            <\/div>\r\n        <\/a>\r\n\r\n        \r\n        <a href=\"https:\/\/talkpal.ai\/da\/singalesiske-grammatikoevelser\/\">\r\n            <div class=\"learnNavigationWrapper\">\r\n                <div class=\"learnNavigationContent\">\r\n                    <img decoding=\"async\" src=\"https:\/\/talkpal.ai\/wp-content\/uploads\/2025\/11\/Sinhala.png\" alt=\"Sri Lankan Flag\">\r\n                    <div>\r\n                        <h4>Singalesisk grammatik\u00f8velse<\/h4>\r\n                        <p>\u00d8v dig i singalesisk grammatik.<\/p>\r\n                    <\/div>\r\n                <\/div>\r\n            <\/div>\r\n        <\/a>\r\n\r\n            <\/section>","protected":false},"excerpt":{"rendered":"<p>Navigering i forviklingerne i singalesisk grammatik Singalesisk, et indoarisk sprog i Sri Lanka med en rig historie og kulturel betydning, tilbyder en sp\u00e6ndende sproglig oplevelse for dem, der er ivrige efter at udforske dets unikke grammatiksystem. N\u00e5r du begiver dig ind i det singalesiske rige, vil du ikke kun berige dit sproglige repertoire, men ogs\u00e5 [&hellip;]<\/p>\n","protected":false},"author":20,"featured_media":0,"parent":0,"menu_order":0,"comment_status":"closed","ping_status":"closed","template":"LearningContentPage.php","meta":{"_acf_changed":false,"footnotes":""},"class_list":["post-1465016","page","type-page","status-publish","hentry"],"acf":[],"yoast_head":"<!-- This site is optimized with the Yoast SEO Premium plugin v27.2 (Yoast SEO v27.2) - https:\/\/yoast.com\/product\/yoast-seo-premium-wordpress\/ -->\n<title>Singalesisk grammatik - Talkpal<\/title>\n<meta name=\"description\" content=\"F\u00e5 styr p\u00e5 de singalesiske grammatikregler, og bliv bedre til at tale flydende med Talkpal AI&#039;s omfattende og interaktive sprogguide.\" \/>\n<meta name=\"robots\" content=\"index, follow, max-snippet:-1, max-image-preview:large, max-video-preview:-1\" \/>\n<link rel=\"canonical\" href=\"https:\/\/talkpal.ai\/da\/singalesisk-grammatik\/\" \/>\n<meta property=\"og:locale\" content=\"da_DK\" \/>\n<meta property=\"og:type\" content=\"article\" \/>\n<meta property=\"og:title\" content=\"Singalesisk grammatik\" \/>\n<meta property=\"og:description\" content=\"Navigering i forviklingerne i singalesisk grammatik Singalesisk, et indoarisk sprog i Sri Lanka med en rig historie og kulturel betydning, tilbyder en\" \/>\n<meta property=\"og:url\" content=\"https:\/\/talkpal.ai\/da\/singalesisk-grammatik\/\" \/>\n<meta property=\"og:site_name\" content=\"Talkpal\" \/>\n<meta property=\"article:publisher\" content=\"https:\/\/www.facebook.com\/profile.php?id=100090733639311\" \/>\n<meta property=\"article:modified_time\" content=\"2025-12-30T11:10:44+00:00\" \/>\n<meta property=\"og:image\" content=\"https:\/\/talkpal.ai\/wp-content\/uploads\/2025\/02\/Progress-tab-16_9.png\" \/>\n\t<meta property=\"og:image:width\" content=\"2880\" \/>\n\t<meta property=\"og:image:height\" content=\"1620\" \/>\n\t<meta property=\"og:image:type\" content=\"image\/png\" \/>\n<meta name=\"twitter:card\" content=\"summary_large_image\" \/>\n<meta name=\"twitter:site\" content=\"@talkpalai\" \/>\n<meta name=\"twitter:label1\" content=\"Estimeret l\u00e6setid\" \/>\n\t<meta name=\"twitter:data1\" content=\"3 minutter\" \/>\n<script type=\"application\/ld+json\" class=\"yoast-schema-graph\">{\"@context\":\"https:\/\/schema.org\",\"@graph\":[{\"@type\":\"WebPage\",\"@id\":\"https:\/\/talkpal.ai\/da\/singalesisk-grammatik\/\",\"url\":\"https:\/\/talkpal.ai\/da\/singalesisk-grammatik\/\",\"name\":\"Singalesisk grammatik - Talkpal\",\"isPartOf\":{\"@id\":\"https:\/\/talkpal.ai\/da\/#website\"},\"datePublished\":\"2025-11-12T16:44:57+00:00\",\"dateModified\":\"2025-12-30T11:10:44+00:00\",\"description\":\"F\u00e5 styr p\u00e5 de singalesiske grammatikregler, og bliv bedre til at tale flydende med Talkpal AI's omfattende og interaktive sprogguide.\",\"breadcrumb\":{\"@id\":\"https:\/\/talkpal.ai\/da\/singalesisk-grammatik\/#breadcrumb\"},\"inLanguage\":\"da-DK\",\"potentialAction\":[{\"@type\":\"ReadAction\",\"target\":[\"https:\/\/talkpal.ai\/da\/singalesisk-grammatik\/\"]}]},{\"@type\":\"BreadcrumbList\",\"@id\":\"https:\/\/talkpal.ai\/da\/singalesisk-grammatik\/#breadcrumb\",\"itemListElement\":[{\"@type\":\"ListItem\",\"position\":1,\"name\":\"Homepage\",\"item\":\"https:\/\/talkpal.ai\/da\/\"},{\"@type\":\"ListItem\",\"position\":2,\"name\":\"Singalesisk grammatik\"}]},{\"@type\":\"WebSite\",\"@id\":\"https:\/\/talkpal.ai\/da\/#website\",\"url\":\"https:\/\/talkpal.ai\/da\/\",\"name\":\"Talkpal\",\"description\":\"AI Language Learning\",\"publisher\":{\"@id\":\"https:\/\/talkpal.ai\/da\/#organization\"},\"alternateName\":\"Talkpal AI\",\"potentialAction\":[{\"@type\":\"SearchAction\",\"target\":{\"@type\":\"EntryPoint\",\"urlTemplate\":\"https:\/\/talkpal.ai\/da\/?s={search_term_string}\"},\"query-input\":{\"@type\":\"PropertyValueSpecification\",\"valueRequired\":true,\"valueName\":\"search_term_string\"}}],\"inLanguage\":\"da-DK\"},{\"@type\":\"Organization\",\"@id\":\"https:\/\/talkpal.ai\/da\/#organization\",\"name\":\"Talkpal, Inc.\",\"alternateName\":\"Talkpal AI\",\"url\":\"https:\/\/talkpal.ai\/da\/\",\"logo\":{\"@type\":\"ImageObject\",\"inLanguage\":\"da-DK\",\"@id\":\"https:\/\/talkpal.ai\/da\/#\/schema\/logo\/image\/\",\"url\":\"https:\/\/talkpal.ai\/wp-content\/uploads\/2024\/03\/Talkpal-Logo-Icon.png\",\"contentUrl\":\"https:\/\/talkpal.ai\/wp-content\/uploads\/2024\/03\/Talkpal-Logo-Icon.png\",\"width\":2880,\"height\":2880,\"caption\":\"Talkpal, Inc.\"},\"image\":{\"@id\":\"https:\/\/talkpal.ai\/da\/#\/schema\/logo\/image\/\"},\"sameAs\":[\"https:\/\/www.facebook.com\/profile.php?id=100090733639311\",\"https:\/\/x.com\/talkpalai\",\"https:\/\/www.linkedin.com\/company\/talkpal\/\",\"https:\/\/www.youtube.com\/@TalkPal\/\",\"https:\/\/www.tiktok.com\/@talkpal\",\"https:\/\/www.instagram.com\/talkpal_ai\/\",\"https:\/\/www.crunchbase.com\/organization\/talkpal-9cde\",\"https:\/\/www.g2.com\/products\/talkpal-for-business\/\",\"https:\/\/www.trustpilot.com\/review\/talkpal.ai\",\"https:\/\/www.capterra.com\/p\/10006800\/TalkPal\/\"],\"description\":\"Talkpal is a language learning web and mobile education app, powered by the latest AI technologies, that provides engaging experiences to its customers in many different languages to help them improve their language skills. Users can chat about unlimited amount of topics with the app and use other modes to practice their language learning.\",\"email\":\"support@talkpal.ai\",\"legalName\":\"Talkpal, Inc.\",\"foundingDate\":\"2023-04-03\",\"duns\":\"118989042\",\"numberOfEmployees\":{\"@type\":\"QuantitativeValue\",\"minValue\":\"11\",\"maxValue\":\"50\"},\"publishingPrinciples\":\"https:\/\/talkpal.ai\/publishing-principles\/\",\"actionableFeedbackPolicy\":\"https:\/\/talkpal.ai\/actionable-feedback-policy\/\",\"correctionsPolicy\":\"https:\/\/talkpal.ai\/corrections-policy\/\",\"ethicsPolicy\":\"https:\/\/talkpal.ai\/ethics-policy\/\",\"diversityPolicy\":\"https:\/\/talkpal.ai\/diversity-policy\/\",\"diversityStaffingReport\":\"https:\/\/talkpal.ai\/diversity-policy\/\"}]}<\/script>\n<!-- \/ Yoast SEO Premium plugin. -->","yoast_head_json":{"title":"Singalesisk grammatik - Talkpal","description":"F\u00e5 styr p\u00e5 de singalesiske grammatikregler, og bliv bedre til at tale flydende med Talkpal AI's omfattende og interaktive sprogguide.","robots":{"index":"index","follow":"follow","max-snippet":"max-snippet:-1","max-image-preview":"max-image-preview:large","max-video-preview":"max-video-preview:-1"},"canonical":"https:\/\/talkpal.ai\/da\/singalesisk-grammatik\/","og_locale":"da_DK","og_type":"article","og_title":"Singalesisk grammatik","og_description":"Navigering i forviklingerne i singalesisk grammatik Singalesisk, et indoarisk sprog i Sri Lanka med en rig historie og kulturel betydning, tilbyder en","og_url":"https:\/\/talkpal.ai\/da\/singalesisk-grammatik\/","og_site_name":"Talkpal","article_publisher":"https:\/\/www.facebook.com\/profile.php?id=100090733639311","article_modified_time":"2025-12-30T11:10:44+00:00","og_image":[{"width":2880,"height":1620,"url":"https:\/\/talkpal.ai\/wp-content\/uploads\/2025\/02\/Progress-tab-16_9.png","type":"image\/png"}],"twitter_card":"summary_large_image","twitter_site":"@talkpalai","twitter_misc":{"Estimeret l\u00e6setid":"3 minutter"},"schema":{"@context":"https:\/\/schema.org","@graph":[{"@type":"WebPage","@id":"https:\/\/talkpal.ai\/da\/singalesisk-grammatik\/","url":"https:\/\/talkpal.ai\/da\/singalesisk-grammatik\/","name":"Singalesisk grammatik - Talkpal","isPartOf":{"@id":"https:\/\/talkpal.ai\/da\/#website"},"datePublished":"2025-11-12T16:44:57+00:00","dateModified":"2025-12-30T11:10:44+00:00","description":"F\u00e5 styr p\u00e5 de singalesiske grammatikregler, og bliv bedre til at tale flydende med Talkpal AI's omfattende og interaktive sprogguide.","breadcrumb":{"@id":"https:\/\/talkpal.ai\/da\/singalesisk-grammatik\/#breadcrumb"},"inLanguage":"da-DK","potentialAction":[{"@type":"ReadAction","target":["https:\/\/talkpal.ai\/da\/singalesisk-grammatik\/"]}]},{"@type":"BreadcrumbList","@id":"https:\/\/talkpal.ai\/da\/singalesisk-grammatik\/#breadcrumb","itemListElement":[{"@type":"ListItem","position":1,"name":"Homepage","item":"https:\/\/talkpal.ai\/da\/"},{"@type":"ListItem","position":2,"name":"Singalesisk grammatik"}]},{"@type":"WebSite","@id":"https:\/\/talkpal.ai\/da\/#website","url":"https:\/\/talkpal.ai\/da\/","name":"Talkpal","description":"AI Language Learning","publisher":{"@id":"https:\/\/talkpal.ai\/da\/#organization"},"alternateName":"Talkpal AI","potentialAction":[{"@type":"SearchAction","target":{"@type":"EntryPoint","urlTemplate":"https:\/\/talkpal.ai\/da\/?s={search_term_string}"},"query-input":{"@type":"PropertyValueSpecification","valueRequired":true,"valueName":"search_term_string"}}],"inLanguage":"da-DK"},{"@type":"Organization","@id":"https:\/\/talkpal.ai\/da\/#organization","name":"Talkpal, Inc.","alternateName":"Talkpal AI","url":"https:\/\/talkpal.ai\/da\/","logo":{"@type":"ImageObject","inLanguage":"da-DK","@id":"https:\/\/talkpal.ai\/da\/#\/schema\/logo\/image\/","url":"https:\/\/talkpal.ai\/wp-content\/uploads\/2024\/03\/Talkpal-Logo-Icon.png","contentUrl":"https:\/\/talkpal.ai\/wp-content\/uploads\/2024\/03\/Talkpal-Logo-Icon.png","width":2880,"height":2880,"caption":"Talkpal, Inc."},"image":{"@id":"https:\/\/talkpal.ai\/da\/#\/schema\/logo\/image\/"},"sameAs":["https:\/\/www.facebook.com\/profile.php?id=100090733639311","https:\/\/x.com\/talkpalai","https:\/\/www.linkedin.com\/company\/talkpal\/","https:\/\/www.youtube.com\/@TalkPal\/","https:\/\/www.tiktok.com\/@talkpal","https:\/\/www.instagram.com\/talkpal_ai\/","https:\/\/www.crunchbase.com\/organization\/talkpal-9cde","https:\/\/www.g2.com\/products\/talkpal-for-business\/","https:\/\/www.trustpilot.com\/review\/talkpal.ai","https:\/\/www.capterra.com\/p\/10006800\/TalkPal\/"],"description":"Talkpal is a language learning web and mobile education app, powered by the latest AI technologies, that provides engaging experiences to its customers in many different languages to help them improve their language skills. Users can chat about unlimited amount of topics with the app and use other modes to practice their language learning.","email":"support@talkpal.ai","legalName":"Talkpal, Inc.","foundingDate":"2023-04-03","duns":"118989042","numberOfEmployees":{"@type":"QuantitativeValue","minValue":"11","maxValue":"50"},"publishingPrinciples":"https:\/\/talkpal.ai\/publishing-principles\/","actionableFeedbackPolicy":"https:\/\/talkpal.ai\/actionable-feedback-policy\/","correctionsPolicy":"https:\/\/talkpal.ai\/corrections-policy\/","ethicsPolicy":"https:\/\/talkpal.ai\/ethics-policy\/","diversityPolicy":"https:\/\/talkpal.ai\/diversity-policy\/","diversityStaffingReport":"https:\/\/talkpal.ai\/diversity-policy\/"}]}},"_links":{"self":[{"href":"https:\/\/talkpal.ai\/da\/wp-json\/wp\/v2\/pages\/1465016","targetHints":{"allow":["GET"]}}],"collection":[{"href":"https:\/\/talkpal.ai\/da\/wp-json\/wp\/v2\/pages"}],"about":[{"href":"https:\/\/talkpal.ai\/da\/wp-json\/wp\/v2\/types\/page"}],"author":[{"embeddable":true,"href":"https:\/\/talkpal.ai\/da\/wp-json\/wp\/v2\/users\/20"}],"replies":[{"embeddable":true,"href":"https:\/\/talkpal.ai\/da\/wp-json\/wp\/v2\/comments?post=1465016"}],"version-history":[{"count":0,"href":"https:\/\/talkpal.ai\/da\/wp-json\/wp\/v2\/pages\/1465016\/revisions"}],"wp:attachment":[{"href":"https:\/\/talkpal.ai\/da\/wp-json\/wp\/v2\/media?parent=1465016"}],"curies":[{"name":"wp","href":"https:\/\/api.w.org\/{rel}","templated":true}]}}