{"id":1464899,"date":"2025-11-11T17:01:21","date_gmt":"2025-11-11T17:01:21","guid":{"rendered":"https:\/\/talkpal.ai\/georgisk-grammatik\/"},"modified":"2025-12-30T14:53:05","modified_gmt":"2025-12-30T14:53:05","slug":"georgisk-grammatik","status":"publish","type":"page","link":"https:\/\/talkpal.ai\/da\/georgisk-grammatik\/","title":{"rendered":"Georgisk grammatik"},"content":{"rendered":"\r\n\r\n\r\n<section class=\"languageChallengeSection\">\r\n    <div class=\"languageInfoWrapper\">\r\n        \r\n        <h1>Georgisk grammatik<\/h1>\r\n        <p><a href=\"https:\/\/talkpal.ai\/da\/georgiske-grammatikoevelser\/\">Georgisk grammatik<\/a> kan virke udfordrende i starten, men dens unikke egenskaber g\u00f8r det til en givende oplevelse at l\u00e6re sproget. Ved at udforske dets alfabet, mutationer og grammatiske regler f\u00e5r du indsigt i en rig sproglig tradition. Start din rejse og oplev sk\u00f8nheden i <a href=\"https:\/\/talkpal.ai\/learn-georgian\/\">georgisk<\/a>!<\/p>\r\n\r\n                            <a class=\"getStartedHidden\" href=\"https:\/\/app.talkpal.ai\/da\/signup?lng=\">Kom i gang<\/a>\r\n        \r\n    <\/div>\r\n\r\n    <figure>\r\n    <img decoding=\"async\" width=\"768\" height=\"768\" src=\"https:\/\/talkpal.ai\/wp-content\/uploads\/2023\/06\/welsh-768x768.png\" class=\"languageImage no-lazy\" alt=\"Language learning for better cognitive abilities\" fetchpriority=\"high\" sizes=\"(max-width: 768px) 150px, 768px\" srcset=\"https:\/\/talkpal.ai\/wp-content\/uploads\/2023\/06\/welsh-768x768.png 768w, https:\/\/talkpal.ai\/wp-content\/uploads\/2023\/06\/welsh-300x300.png 300w\" \/>\r\n    \r\n\r\n    <\/figure>\r\n\r\n            <a class=\"getStartedVisible\" href=\"https:\/\/app.talkpal.ai\/da\/signup?lng=\">Kom i gang<\/a>\r\n    \r\n<\/section><section class=\"promotionalBanner\">\r\n    <p class=\"promotionalText\">Den mest effektive m\u00e5de at l\u00e6re et <a href=\"https:\/\/talkpal.ai\/what-language-is-spoken-on-the-international-space-station\/\">sprog<\/a> p\u00e5<\/p>\r\n    <a class=\"promotionalLink\" href=\"https:\/\/app.talkpal.ai\/da\/signup?lng=\">Pr\u00f8v Talkpal gratis<\/a>\r\n<\/section>\n<div class=\"wp-block-group pageContainerStyle\"><div class=\"wp-block-group__inner-container is-layout-constrained wp-block-group-is-layout-constrained\">\n<h2 class=\"wp-block-heading\" id=\"h-navigating-the-intricacies-of-georgian-grammar\">Navigering i forviklingerne i georgisk grammatik<\/h2>\n\n\n\n<p><a href=\"https:\/\/talkpal.ai\/da\/laer-georgisk\/\">Georgisk<\/a>, et kartvelsk sprog med en rig historie og kulturel betydning, tilbyder en sp\u00e6ndende sproglig oplevelse for dem, der er ivrige efter at udforske dets unikke grammatiksystem. N\u00e5r du begiver dig ind i det georgiske rige, vil du ikke kun berige dit sproglige repertoire, men ogs\u00e5 omfavne en fascinerende kulturel rejse. Selvom <a href=\"https:\/\/talkpal.ai\/learn-georgian\/\">georgisk<\/a> <a href=\"https:\/\/talkpal.ai\/fr\/les\/\">grammatik<\/a> kan virke kompliceret i starten, g\u00f8r det lettere at l\u00e6re sproget ved at opdele den i kernekomponenter. I denne artikel vil vi udforske den f\u00e6ngslende verden af georgisk grammatik og give tips til, hvordan man mestrer dens kompleksitet.<\/p>\n\n\n\n<h3 class=\"wp-block-heading\" id=\"h-1-georgian-alphabet-and-phonetics\">1. Georgisk alfabet og fonetik<\/h3>\n\n\n\n<p>Det georgiske alfabet, kendt som Mkhedruli, best\u00e5r af 33 bogstaver og er unikt for sproget. Den bruger karakteristiske tegn som \u10e7, \u10ed og \u10e6. For at l\u00e6re georgisk grammatik er det afg\u00f8rende at blive fortrolig med dette skriftsystem ved at \u00f8ve sig i at l\u00e6se og skrive p\u00e5 georgisk.<\/p>\n\n\n\n<h3 class=\"wp-block-heading\" id=\"h-2-ejective-consonants-and-consonant-clusters-a-peculiar-georgian-feature\">2. Ejektive konsonanter og konsonantklynger: et ejendommeligt georgisk tr\u00e6k<\/h3>\n\n\n\n<p>Et af de mest sl\u00e5ende aspekter ved georgisk er dets ejektive konsonanter og komplekse konsonantklynger. Ejektiver som p&#8217;, t&#8217;, k&#8217;, ts&#8217;, ch&#8217; og q&#8217; er almindelige, og georgisk tillader lange konsonantklynger, der kan v\u00e6re udfordrende for nytilkomne. At forst\u00e5, hvordan disse lyde fungerer og \u00f8ve deres udtale, er afg\u00f8rende for n\u00f8jagtig kommunikation p\u00e5 georgisk.<\/p>\n\n\n\n<h3 class=\"wp-block-heading\" id=\"h-3-nouns-and-pronouns-gender-and-cases\">3. Substantiver og pronomen: k\u00f8n og sager<\/h3>\n\n\n\n<p>Georgiske navneord har ikke grammatisk k\u00f8n, hvilket forenkler enighed, men de b\u00f8jer for kasus. Almindelige kasus omfatter nominativ, ergativ, dativ, genitiv, instrumental, adverbiel og vokativ. Flertal dannes ofte med suffikset -eb- og yderligere endelser afh\u00e6ngigt af kasus. Pronominer p\u00e5 georgisk omfatter personlige, besiddende, refleksive, demonstrative og sp\u00f8rgende pronominer, og de markerer ikke k\u00f8n. At blive fortrolig med disse pronominer og deres former vil forbedre din forst\u00e5else af georgisk grammatik betydeligt.<\/p>\n\n\n\n<h3 class=\"wp-block-heading\" id=\"h-4-verbs-structure-and-conjugation\">4. Verb: struktur og b\u00f8jning<\/h3>\n\n\n\n<p>Georgiske verber f\u00f8lger en karakteristisk struktur med kompleks overensstemmelse og morfologi. Verbale systemer er organiseret i screeves, som kombinerer tid, aspekt og stemning, is\u00e6r nutid, aorist og perfekt serie. Funktioner som pr\u00e6verber, versionsmark\u00f8rer og polypersonlig aftale er centrale for b\u00f8jning. At l\u00e6re disse m\u00f8nstre sammen med betingede, imperative og konjunktivstemninger vil forbedre din evne til at kommunikere effektivt p\u00e5 georgisk.<\/p>\n\n\n\n<h3 class=\"wp-block-heading\" id=\"h-5-adjectives-agreement-and-placement\">5. Adjektiver: Aftale og placering<\/h3>\n\n\n\n<p>n georgisk grammatik g\u00e5r adjektiver typisk foran det navneord, de \u00e6ndrer, og markerer ikke k\u00f8n. Mange adjektiver har ikke flertalssuffikset, selvom de kan vise kasusadf\u00e6rd afh\u00e6ngigt af typen. Komparativer og superlativer dannes normalt analytisk med ord som upro (mere) og qvelaze (de fleste), som er afg\u00f8rende for at l\u00e6re at kommunikere mere naturligt.<\/p>\n\n\n\n<p><strong>Eksempler:<\/strong><\/p>\n\n\n\n<p><strong>\u2013 Didi Siqvaruli (Stor k\u00e6rlighed)<\/strong><\/p>\n\n\n\n<p><strong>\u2013 Patara Bavshvebi (sm\u00e5 b\u00f8rn)<\/strong><\/p>\n\n\n\n<h3 class=\"wp-block-heading\" id=\"h-6-engaging-with-the-language\">6. Engagerende med sproget<\/h3>\n\n\n\n<p>Den mest effektive m\u00e5de at forst\u00e5 og internalisere georgisk grammatik fuldt ud p\u00e5 er at engagere sig konsekvent i sproget. Ved at l\u00e6se georgisk litteratur, se georgiske film eller tv-serier og aktivt kommunikere med modersm\u00e5lstalere vil du styrke din forst\u00e5else af grammatik og samtidig udvide dit ordforr\u00e5d.  <\/p>\n\n\n\n<h3 class=\"wp-block-heading\" id=\"h-conclusion\">Konklusion<\/h3>\n\n\n\n<p>Selvom georgisk grammatik kan virke indviklet, kan du blive dygtig til dette smukke sprog med dedikation, \u00f8velse og entusiasme. Ved at fokusere p\u00e5 de grundl\u00e6ggende regler og engagere dig i sproget p\u00e5 tv\u00e6rs af forskellige kontekster, vil du hurtigt forbedre dine georgiske <a href=\"https:\/\/talkpal.ai\/da\/grammatik\/\">grammatikf\u00e6rdigheder<\/a>. \u10ec\u10d0\u10e0\u10db\u10d0\u10e2\u10d4\u10d1\u10d4\u10d1\u10d8 (held og lykke) med din georgiske sprogrejse, og nyd at optrevle den g\u00e5defulde, men f\u00e6ngslende verden af georgisk grammatik!<\/p>\n<\/div><\/div>\n\r\n<section class=\"learnNavigationSection\">\r\n            \r\n        <a href=\"https:\/\/talkpal.ai\/da\/laer-walisisk\/\">\r\n            <div class=\"learnNavigationWrapper\">\r\n                <div class=\"learnNavigationContent\">\r\n                    <img decoding=\"async\" src=\"https:\/\/talkpal.ai\/wp-content\/uploads\/2025\/11\/Georgian.png\" alt=\"Georgian Flag\">\r\n                    <div>\r\n                        <h4>Om georgisk l\u00e6ring<\/h4>\r\n                        <p>Find ud af alt om georgisk grammatik.<\/p>\r\n                    <\/div>\r\n                <\/div>\r\n            <\/div>\r\n        <\/a>\r\n\r\n        \r\n        <a href=\"https:\/\/talkpal.ai\/da\/walisiske-grammatikoevelser\/\">\r\n            <div class=\"learnNavigationWrapper\">\r\n                <div class=\"learnNavigationContent\">\r\n                    <img decoding=\"async\" src=\"https:\/\/talkpal.ai\/wp-content\/uploads\/2025\/11\/Georgian.png\" alt=\"Georgian Flag\">\r\n                    <div>\r\n                        <h4>Georgisk grammatik\u00f8velse<\/h4>\r\n                        <p>\u00d8v dig i georgisk grammatik.<\/p>\r\n                    <\/div>\r\n                <\/div>\r\n            <\/div>\r\n        <\/a>\r\n\r\n            <\/section>","protected":false},"excerpt":{"rendered":"<p>Navigering i forviklingerne i georgisk grammatik Georgisk, et kartvelsk sprog med en rig historie og kulturel betydning, tilbyder en sp\u00e6ndende sproglig oplevelse for dem, der er ivrige efter at udforske dets unikke grammatiksystem. N\u00e5r du begiver dig ind i det georgiske rige, vil du ikke kun berige dit sproglige repertoire, men ogs\u00e5 omfavne en fascinerende [&hellip;]<\/p>\n","protected":false},"author":20,"featured_media":0,"parent":0,"menu_order":0,"comment_status":"closed","ping_status":"closed","template":"LearningContentPage.php","meta":{"_acf_changed":false,"footnotes":""},"class_list":["post-1464899","page","type-page","status-publish","hentry"],"acf":[],"yoast_head":"<!-- This site is optimized with the Yoast SEO Premium plugin v27.2 (Yoast SEO v27.2) - https:\/\/yoast.com\/product\/yoast-seo-premium-wordpress\/ -->\n<title>Georgisk grammatik - Talkpal<\/title>\n<meta name=\"description\" content=\"F\u00e5 hurtigt styr p\u00e5 georgiske grammatikregler og alfabetet med vores omfattende guide og AI-sprogvejleder.\" \/>\n<meta name=\"robots\" content=\"index, follow, max-snippet:-1, max-image-preview:large, max-video-preview:-1\" \/>\n<link rel=\"canonical\" href=\"https:\/\/talkpal.ai\/da\/georgisk-grammatik\/\" \/>\n<meta property=\"og:locale\" content=\"da_DK\" \/>\n<meta property=\"og:type\" content=\"article\" \/>\n<meta property=\"og:title\" content=\"Georgisk grammatik\" \/>\n<meta property=\"og:description\" content=\"Navigering i forviklingerne i georgisk grammatik Georgisk, et kartvelsk sprog med en rig historie og kulturel betydning, tilbyder en sp\u00e6ndende sproglig\" \/>\n<meta property=\"og:url\" content=\"https:\/\/talkpal.ai\/da\/georgisk-grammatik\/\" \/>\n<meta property=\"og:site_name\" content=\"Talkpal\" \/>\n<meta property=\"article:publisher\" content=\"https:\/\/www.facebook.com\/profile.php?id=100090733639311\" \/>\n<meta property=\"article:modified_time\" content=\"2025-12-30T14:53:05+00:00\" \/>\n<meta property=\"og:image\" content=\"https:\/\/talkpal.ai\/wp-content\/uploads\/2025\/02\/Progress-tab-16_9.png\" \/>\n\t<meta property=\"og:image:width\" content=\"2880\" \/>\n\t<meta property=\"og:image:height\" content=\"1620\" \/>\n\t<meta property=\"og:image:type\" content=\"image\/png\" \/>\n<meta name=\"twitter:card\" content=\"summary_large_image\" \/>\n<meta name=\"twitter:site\" content=\"@talkpalai\" \/>\n<meta name=\"twitter:label1\" content=\"Estimeret l\u00e6setid\" \/>\n\t<meta name=\"twitter:data1\" content=\"3 minutter\" \/>\n<script type=\"application\/ld+json\" class=\"yoast-schema-graph\">{\"@context\":\"https:\/\/schema.org\",\"@graph\":[{\"@type\":\"WebPage\",\"@id\":\"https:\/\/talkpal.ai\/da\/georgisk-grammatik\/\",\"url\":\"https:\/\/talkpal.ai\/da\/georgisk-grammatik\/\",\"name\":\"Georgisk grammatik - Talkpal\",\"isPartOf\":{\"@id\":\"https:\/\/talkpal.ai\/da\/#website\"},\"datePublished\":\"2025-11-11T17:01:21+00:00\",\"dateModified\":\"2025-12-30T14:53:05+00:00\",\"description\":\"F\u00e5 hurtigt styr p\u00e5 georgiske grammatikregler og alfabetet med vores omfattende guide og AI-sprogvejleder.\",\"breadcrumb\":{\"@id\":\"https:\/\/talkpal.ai\/da\/georgisk-grammatik\/#breadcrumb\"},\"inLanguage\":\"da-DK\",\"potentialAction\":[{\"@type\":\"ReadAction\",\"target\":[\"https:\/\/talkpal.ai\/da\/georgisk-grammatik\/\"]}]},{\"@type\":\"BreadcrumbList\",\"@id\":\"https:\/\/talkpal.ai\/da\/georgisk-grammatik\/#breadcrumb\",\"itemListElement\":[{\"@type\":\"ListItem\",\"position\":1,\"name\":\"Homepage\",\"item\":\"https:\/\/talkpal.ai\/da\/\"},{\"@type\":\"ListItem\",\"position\":2,\"name\":\"Georgisk grammatik\"}]},{\"@type\":\"WebSite\",\"@id\":\"https:\/\/talkpal.ai\/da\/#website\",\"url\":\"https:\/\/talkpal.ai\/da\/\",\"name\":\"Talkpal\",\"description\":\"AI Language Learning\",\"publisher\":{\"@id\":\"https:\/\/talkpal.ai\/da\/#organization\"},\"alternateName\":\"Talkpal AI\",\"potentialAction\":[{\"@type\":\"SearchAction\",\"target\":{\"@type\":\"EntryPoint\",\"urlTemplate\":\"https:\/\/talkpal.ai\/da\/?s={search_term_string}\"},\"query-input\":{\"@type\":\"PropertyValueSpecification\",\"valueRequired\":true,\"valueName\":\"search_term_string\"}}],\"inLanguage\":\"da-DK\"},{\"@type\":\"Organization\",\"@id\":\"https:\/\/talkpal.ai\/da\/#organization\",\"name\":\"Talkpal, Inc.\",\"alternateName\":\"Talkpal AI\",\"url\":\"https:\/\/talkpal.ai\/da\/\",\"logo\":{\"@type\":\"ImageObject\",\"inLanguage\":\"da-DK\",\"@id\":\"https:\/\/talkpal.ai\/da\/#\/schema\/logo\/image\/\",\"url\":\"https:\/\/talkpal.ai\/wp-content\/uploads\/2024\/03\/Talkpal-Logo-Icon.png\",\"contentUrl\":\"https:\/\/talkpal.ai\/wp-content\/uploads\/2024\/03\/Talkpal-Logo-Icon.png\",\"width\":2880,\"height\":2880,\"caption\":\"Talkpal, Inc.\"},\"image\":{\"@id\":\"https:\/\/talkpal.ai\/da\/#\/schema\/logo\/image\/\"},\"sameAs\":[\"https:\/\/www.facebook.com\/profile.php?id=100090733639311\",\"https:\/\/x.com\/talkpalai\",\"https:\/\/www.linkedin.com\/company\/talkpal\/\",\"https:\/\/www.youtube.com\/@TalkPal\/\",\"https:\/\/www.tiktok.com\/@talkpal\",\"https:\/\/www.instagram.com\/talkpal_ai\/\",\"https:\/\/www.crunchbase.com\/organization\/talkpal-9cde\",\"https:\/\/www.g2.com\/products\/talkpal-for-business\/\",\"https:\/\/www.trustpilot.com\/review\/talkpal.ai\",\"https:\/\/www.capterra.com\/p\/10006800\/TalkPal\/\"],\"description\":\"Talkpal is a language learning web and mobile education app, powered by the latest AI technologies, that provides engaging experiences to its customers in many different languages to help them improve their language skills. Users can chat about unlimited amount of topics with the app and use other modes to practice their language learning.\",\"email\":\"support@talkpal.ai\",\"legalName\":\"Talkpal, Inc.\",\"foundingDate\":\"2023-04-03\",\"duns\":\"118989042\",\"numberOfEmployees\":{\"@type\":\"QuantitativeValue\",\"minValue\":\"11\",\"maxValue\":\"50\"},\"publishingPrinciples\":\"https:\/\/talkpal.ai\/publishing-principles\/\",\"actionableFeedbackPolicy\":\"https:\/\/talkpal.ai\/actionable-feedback-policy\/\",\"correctionsPolicy\":\"https:\/\/talkpal.ai\/corrections-policy\/\",\"ethicsPolicy\":\"https:\/\/talkpal.ai\/ethics-policy\/\",\"diversityPolicy\":\"https:\/\/talkpal.ai\/diversity-policy\/\",\"diversityStaffingReport\":\"https:\/\/talkpal.ai\/diversity-policy\/\"}]}<\/script>\n<!-- \/ Yoast SEO Premium plugin. -->","yoast_head_json":{"title":"Georgisk grammatik - Talkpal","description":"F\u00e5 hurtigt styr p\u00e5 georgiske grammatikregler og alfabetet med vores omfattende guide og AI-sprogvejleder.","robots":{"index":"index","follow":"follow","max-snippet":"max-snippet:-1","max-image-preview":"max-image-preview:large","max-video-preview":"max-video-preview:-1"},"canonical":"https:\/\/talkpal.ai\/da\/georgisk-grammatik\/","og_locale":"da_DK","og_type":"article","og_title":"Georgisk grammatik","og_description":"Navigering i forviklingerne i georgisk grammatik Georgisk, et kartvelsk sprog med en rig historie og kulturel betydning, tilbyder en sp\u00e6ndende sproglig","og_url":"https:\/\/talkpal.ai\/da\/georgisk-grammatik\/","og_site_name":"Talkpal","article_publisher":"https:\/\/www.facebook.com\/profile.php?id=100090733639311","article_modified_time":"2025-12-30T14:53:05+00:00","og_image":[{"width":2880,"height":1620,"url":"https:\/\/talkpal.ai\/wp-content\/uploads\/2025\/02\/Progress-tab-16_9.png","type":"image\/png"}],"twitter_card":"summary_large_image","twitter_site":"@talkpalai","twitter_misc":{"Estimeret l\u00e6setid":"3 minutter"},"schema":{"@context":"https:\/\/schema.org","@graph":[{"@type":"WebPage","@id":"https:\/\/talkpal.ai\/da\/georgisk-grammatik\/","url":"https:\/\/talkpal.ai\/da\/georgisk-grammatik\/","name":"Georgisk grammatik - Talkpal","isPartOf":{"@id":"https:\/\/talkpal.ai\/da\/#website"},"datePublished":"2025-11-11T17:01:21+00:00","dateModified":"2025-12-30T14:53:05+00:00","description":"F\u00e5 hurtigt styr p\u00e5 georgiske grammatikregler og alfabetet med vores omfattende guide og AI-sprogvejleder.","breadcrumb":{"@id":"https:\/\/talkpal.ai\/da\/georgisk-grammatik\/#breadcrumb"},"inLanguage":"da-DK","potentialAction":[{"@type":"ReadAction","target":["https:\/\/talkpal.ai\/da\/georgisk-grammatik\/"]}]},{"@type":"BreadcrumbList","@id":"https:\/\/talkpal.ai\/da\/georgisk-grammatik\/#breadcrumb","itemListElement":[{"@type":"ListItem","position":1,"name":"Homepage","item":"https:\/\/talkpal.ai\/da\/"},{"@type":"ListItem","position":2,"name":"Georgisk grammatik"}]},{"@type":"WebSite","@id":"https:\/\/talkpal.ai\/da\/#website","url":"https:\/\/talkpal.ai\/da\/","name":"Talkpal","description":"AI Language Learning","publisher":{"@id":"https:\/\/talkpal.ai\/da\/#organization"},"alternateName":"Talkpal AI","potentialAction":[{"@type":"SearchAction","target":{"@type":"EntryPoint","urlTemplate":"https:\/\/talkpal.ai\/da\/?s={search_term_string}"},"query-input":{"@type":"PropertyValueSpecification","valueRequired":true,"valueName":"search_term_string"}}],"inLanguage":"da-DK"},{"@type":"Organization","@id":"https:\/\/talkpal.ai\/da\/#organization","name":"Talkpal, Inc.","alternateName":"Talkpal AI","url":"https:\/\/talkpal.ai\/da\/","logo":{"@type":"ImageObject","inLanguage":"da-DK","@id":"https:\/\/talkpal.ai\/da\/#\/schema\/logo\/image\/","url":"https:\/\/talkpal.ai\/wp-content\/uploads\/2024\/03\/Talkpal-Logo-Icon.png","contentUrl":"https:\/\/talkpal.ai\/wp-content\/uploads\/2024\/03\/Talkpal-Logo-Icon.png","width":2880,"height":2880,"caption":"Talkpal, Inc."},"image":{"@id":"https:\/\/talkpal.ai\/da\/#\/schema\/logo\/image\/"},"sameAs":["https:\/\/www.facebook.com\/profile.php?id=100090733639311","https:\/\/x.com\/talkpalai","https:\/\/www.linkedin.com\/company\/talkpal\/","https:\/\/www.youtube.com\/@TalkPal\/","https:\/\/www.tiktok.com\/@talkpal","https:\/\/www.instagram.com\/talkpal_ai\/","https:\/\/www.crunchbase.com\/organization\/talkpal-9cde","https:\/\/www.g2.com\/products\/talkpal-for-business\/","https:\/\/www.trustpilot.com\/review\/talkpal.ai","https:\/\/www.capterra.com\/p\/10006800\/TalkPal\/"],"description":"Talkpal is a language learning web and mobile education app, powered by the latest AI technologies, that provides engaging experiences to its customers in many different languages to help them improve their language skills. Users can chat about unlimited amount of topics with the app and use other modes to practice their language learning.","email":"support@talkpal.ai","legalName":"Talkpal, Inc.","foundingDate":"2023-04-03","duns":"118989042","numberOfEmployees":{"@type":"QuantitativeValue","minValue":"11","maxValue":"50"},"publishingPrinciples":"https:\/\/talkpal.ai\/publishing-principles\/","actionableFeedbackPolicy":"https:\/\/talkpal.ai\/actionable-feedback-policy\/","correctionsPolicy":"https:\/\/talkpal.ai\/corrections-policy\/","ethicsPolicy":"https:\/\/talkpal.ai\/ethics-policy\/","diversityPolicy":"https:\/\/talkpal.ai\/diversity-policy\/","diversityStaffingReport":"https:\/\/talkpal.ai\/diversity-policy\/"}]}},"_links":{"self":[{"href":"https:\/\/talkpal.ai\/da\/wp-json\/wp\/v2\/pages\/1464899","targetHints":{"allow":["GET"]}}],"collection":[{"href":"https:\/\/talkpal.ai\/da\/wp-json\/wp\/v2\/pages"}],"about":[{"href":"https:\/\/talkpal.ai\/da\/wp-json\/wp\/v2\/types\/page"}],"author":[{"embeddable":true,"href":"https:\/\/talkpal.ai\/da\/wp-json\/wp\/v2\/users\/20"}],"replies":[{"embeddable":true,"href":"https:\/\/talkpal.ai\/da\/wp-json\/wp\/v2\/comments?post=1464899"}],"version-history":[{"count":0,"href":"https:\/\/talkpal.ai\/da\/wp-json\/wp\/v2\/pages\/1464899\/revisions"}],"wp:attachment":[{"href":"https:\/\/talkpal.ai\/da\/wp-json\/wp\/v2\/media?parent=1464899"}],"curies":[{"name":"wp","href":"https:\/\/api.w.org\/{rel}","templated":true}]}}