{"id":1464875,"date":"2025-11-12T09:38:09","date_gmt":"2025-11-12T09:38:09","guid":{"rendered":"https:\/\/talkpal.ai\/gujarati-grammatik\/"},"modified":"2025-12-30T15:11:52","modified_gmt":"2025-12-30T15:11:52","slug":"gujarati-grammatik","status":"publish","type":"page","link":"https:\/\/talkpal.ai\/da\/gujarati-grammatik\/","title":{"rendered":"Gujarati grammatik"},"content":{"rendered":"\r\n\r\n\r\n<section class=\"languageChallengeSection\">\r\n    <div class=\"languageInfoWrapper\">\r\n        \r\n        <h1>Gujarati grammatik<\/h1>\r\n        <p><a href=\"https:\/\/talkpal.ai\/gujarati-grammar\/\">Gujarati-grammatik<\/a> kan virke udfordrende i starten, men dens unikke egenskaber g\u00f8r det til en givende oplevelse at l\u00e6re sproget. Ved at udforske dets alfabet, mutationer og grammatiske regler f\u00e5r du indsigt i en rig sproglig tradition. Start din rejse og oplev sk\u00f8nheden i <a href=\"https:\/\/talkpal.ai\/learn-gujarati\/\">Gujarati<\/a>!<\/p>\r\n\r\n                            <a class=\"getStartedHidden\" href=\"https:\/\/app.talkpal.ai\/da\/signup?lng=\">Kom i gang<\/a>\r\n        \r\n    <\/div>\r\n\r\n    <figure>\r\n    <img decoding=\"async\" width=\"768\" height=\"768\" src=\"https:\/\/talkpal.ai\/wp-content\/uploads\/2023\/06\/welsh-768x768.png\" class=\"languageImage no-lazy\" alt=\"Language learning for better cognitive abilities\" fetchpriority=\"high\" sizes=\"(max-width: 768px) 150px, 768px\" srcset=\"https:\/\/talkpal.ai\/wp-content\/uploads\/2023\/06\/welsh-768x768.png 768w, https:\/\/talkpal.ai\/wp-content\/uploads\/2023\/06\/welsh-300x300.png 300w\" \/>\r\n    \r\n\r\n    <\/figure>\r\n\r\n            <a class=\"getStartedVisible\" href=\"https:\/\/app.talkpal.ai\/da\/signup?lng=\">Kom i gang<\/a>\r\n    \r\n<\/section><section class=\"promotionalBanner\">\r\n    <p class=\"promotionalText\">Den mest effektive m\u00e5de at l\u00e6re et <a href=\"https:\/\/talkpal.ai\/what-language-is-spoken-on-the-international-space-station\/\">sprog<\/a> p\u00e5<\/p>\r\n    <a class=\"promotionalLink\" href=\"https:\/\/app.talkpal.ai\/da\/signup?lng=\">Pr\u00f8v Talkpal gratis<\/a>\r\n<\/section>\n<div class=\"wp-block-group pageContainerStyle\"><div class=\"wp-block-group__inner-container is-layout-constrained wp-block-group-is-layout-constrained\">\n<h2 class=\"wp-block-heading\" id=\"h-navigating-the-intricacies-of-gujarati-grammar\">Navigering i forviklingerne i Gujarati-grammatikken<\/h2>\n\n\n\n<p><a href=\"https:\/\/talkpal.ai\/da\/laer-gujarati\/\">Gujarati<\/a>, et indoarisk sprog med en rig historie og kulturel betydning, tilbyder en sp\u00e6ndende sproglig oplevelse for dem, der er ivrige efter at udforske dets unikke grammatiksystem. N\u00e5r du begiver dig ind i Gujarati-riget, vil du ikke kun berige dit sproglige repertoire, men ogs\u00e5 omfavne en fascinerende kulturel rejse. Selvom gujarati-grammatik kan virke kompliceret i starten, g\u00f8r det lettere at l\u00e6re sproget ved at opdele den i kernekomponenter. I denne artikel vil vi udforske den f\u00e6ngslende verden af gujarati-grammatik og give tips til, hvordan du mestrer dens kompleksitet.<\/p>\n\n\n\n<h3 class=\"wp-block-heading\" id=\"h-1-gujarati-alphabet-and-phonetics\">1. Gujarati-alfabetet og fonetik<\/h3>\n\n\n\n<p>Gujarati-skriften er en abugida, der bruger et s\u00e6t konsonanter og vokaler med diakritiske tegn kaldet matras, og den har en iboende vokal, der er modificeret eller undertrykt i konteksten. For at l\u00e6re gujarati-grammatik er det afg\u00f8rende at blive fortrolig med dette karakteristiske skriftsystem ved at \u00f8ve sig i at l\u00e6se og skrive p\u00e5 gujarati.<\/p>\n\n\n\n<h3 class=\"wp-block-heading\" id=\"h-2-postpositions-and-case-markers-a-peculiar-gujarati-feature\">2. Postpositioner og casemark\u00f8rer: Et ejendommeligt Gujarati-tr\u00e6k<\/h3>\n\n\n\n<p>Et af de mest sl\u00e5ende aspekter ved gujarati-grammatik er brugen af postpositioner og kasusmark\u00f8rer, der f\u00f8lger navneord for at angive grammatiske relationer. Almindelige mark\u00f8rer inkluderer dativ -ne, genitiv -no\/-ni\/-nu, der stemmer overens med det besatte navneord, instrumentalen -thi, lokativ -ma og ergativ -e i mange tidligere transitive s\u00e6tninger. At forst\u00e5, hvorn\u00e5r og hvordan disse mark\u00f8rer opst\u00e5r, er afg\u00f8rende for n\u00f8jagtig kommunikation p\u00e5 Gujarati.<\/p>\n\n\n\n<h3 class=\"wp-block-heading\" id=\"h-3-nouns-and-pronouns-gender-and-cases\">3. Substantiver og pronomen: k\u00f8n og sager<\/h3>\n\n\n\n<p>Gujarati-navneord har grammatisk k\u00f8n (maskulin, feminin eller intetk\u00f8n) og f\u00f8lger forskellige flertalsdannelses- og aftalem\u00f8nstre baseret p\u00e5 deres k\u00f8n og antal. Pronominer p\u00e5 gujarati omfatter personlige, besiddende, refleksive, demonstrative og sp\u00f8rgende pronominer. At blive fortrolig med disse pronominer og deres former vil forbedre din forst\u00e5else af Gujarati-grammatik betydeligt.<\/p>\n\n\n\n<h3 class=\"wp-block-heading\" id=\"h-4-verbs-structure-and-conjugation\">4. Verb: struktur og b\u00f8jning<\/h3>\n\n\n\n<p>Gujarati-verber f\u00f8lger en karakteristisk struktur og b\u00f8jningsm\u00f8nster afh\u00e6ngigt af tid, aspekt, hum\u00f8r og person, med overensstemmelsesm\u00f8nstre, der kan variere efter k\u00f8n og antal i nogle sammenh\u00e6nge. De essentielle tider i gujarati er nutid, fortid og fremtid, med yderligere elementer s\u00e5som vanem\u00e6ssige, progressive, perfektive aspekter og betingede og imperative stemninger. At l\u00e6re reglerne for b\u00f8jning af udsagnsord vil forbedre din evne til at kommunikere effektivt p\u00e5 gujarati.<\/p>\n\n\n\n<h3 class=\"wp-block-heading\" id=\"h-5-adjectives-agreement-and-placement\">5. Adjektiver: Aftale og placering<\/h3>\n\n\n\n<p>I gujarati-grammatik g\u00e5r adjektiver typisk foran det navneord, de \u00e6ndrer, og deplificerbare adjektiver stemmer overens i k\u00f8n og antal med substantivet. Mange adjektiver er uforanderlige, og komparative og superlative betydninger dannes almindeligvis med adverbierne vadhaare (mere) og savthi (de fleste), som er afg\u00f8rende for at l\u00e6re at kommunikere mere naturligt.<\/p>\n\n\n\n<p><strong>Eksempler:<\/strong><\/p>\n\n\n\n<p><strong>\u2013 \u0aae\u0acb\u0a9f\u0acb \u0aaa\u0acd\u0ab0\u0ac7\u0aae (stor k\u00e6rlighed)<\/strong><\/p>\n\n\n\n<p><strong>\u2013 \u0aa8\u0abe\u0aa8\u0abe \u0aac\u0abe\u0ab3\u0a95\u0acb (sm\u00e5 b\u00f8rn)<\/strong><\/p>\n\n\n\n<h3 class=\"wp-block-heading\" id=\"h-6-engaging-with-the-language\">6. Engagerende med sproget<\/h3>\n\n\n\n<p>Den mest effektive m\u00e5de at forst\u00e5 og internalisere gujarati-grammatik fuldt ud p\u00e5 er konsekvent at engagere sig i sproget. Ved at l\u00e6se gujarati-litteratur, se gujarati-film eller tv-serier og aktivt kommunikere med modersm\u00e5lstalende vil du styrke din forst\u00e5else af <a href=\"https:\/\/talkpal.ai\/fr\/les\/\">grammatik<\/a> og samtidig udvide dit ordforr\u00e5d.<\/p>\n\n\n\n<h3 class=\"wp-block-heading\" id=\"h-conclusion\">Konklusion<\/h3>\n\n\n\n<p>Selvom gujarati-grammatik kan virke indviklet, kan du blive dygtig til dette smukke sprog med dedikation, \u00f8velse og entusiasme. Ved at fokusere p\u00e5 de grundl\u00e6ggende regler og engagere dig i sproget p\u00e5 tv\u00e6rs af forskellige kontekster, vil du hurtigt forbedre dine <a href=\"https:\/\/talkpal.ai\/da\/grammatik\/\">gujarati-grammatikf\u00e6rdigheder<\/a>. Shubhkamnao (gode \u00f8nsker) med din gujarati-sprogrejse, og nyd at optrevle den g\u00e5defulde, men f\u00e6ngslende verden af gujarati-grammatik!<\/p>\n<\/div><\/div>\n\r\n<section class=\"learnNavigationSection\">\r\n            \r\n        <a href=\"https:\/\/talkpal.ai\/da\/laer-gujarati\/\">\r\n            <div class=\"learnNavigationWrapper\">\r\n                <div class=\"learnNavigationContent\">\r\n                    <img decoding=\"async\" src=\"https:\/\/talkpal.ai\/wp-content\/uploads\/2025\/11\/Gujarati.png\" alt=\"Indian Simplified Flag\">\r\n                    <div>\r\n                        <h4>Om Gujarati Learning<\/h4>\r\n                        <p>Find ud af alt om Gujarati Grammar.<\/p>\r\n                    <\/div>\r\n                <\/div>\r\n            <\/div>\r\n        <\/a>\r\n\r\n        \r\n        <a href=\"https:\/\/talkpal.ai\/da\/gujarati-grammatik-oevelser\/\">\r\n            <div class=\"learnNavigationWrapper\">\r\n                <div class=\"learnNavigationContent\">\r\n                    <img decoding=\"async\" src=\"https:\/\/talkpal.ai\/wp-content\/uploads\/2025\/11\/Gujarati.png\" alt=\"Indian Simplified Flag\">\r\n                    <div>\r\n                        <h4>Gujarati grammatik\u00f8velse<\/h4>\r\n                        <p>\u00d8v dig i Gujarati-grammatik.<\/p>\r\n                    <\/div>\r\n                <\/div>\r\n            <\/div>\r\n        <\/a>\r\n\r\n            <\/section>","protected":false},"excerpt":{"rendered":"<p>Navigering i forviklingerne i Gujarati-grammatikken Gujarati, et indoarisk sprog med en rig historie og kulturel betydning, tilbyder en sp\u00e6ndende sproglig oplevelse for dem, der er ivrige efter at udforske dets unikke grammatiksystem. N\u00e5r du begiver dig ind i Gujarati-riget, vil du ikke kun berige dit sproglige repertoire, men ogs\u00e5 omfavne en fascinerende kulturel rejse. Selvom [&hellip;]<\/p>\n","protected":false},"author":20,"featured_media":0,"parent":0,"menu_order":0,"comment_status":"closed","ping_status":"closed","template":"LearningContentPage.php","meta":{"_acf_changed":false,"footnotes":""},"class_list":["post-1464875","page","type-page","status-publish","hentry"],"acf":[],"yoast_head":"<!-- This site is optimized with the Yoast SEO Premium plugin v27.2 (Yoast SEO v27.2) - https:\/\/yoast.com\/product\/yoast-seo-premium-wordpress\/ -->\n<title>Gujarati grammatik - Talkpal<\/title>\n<meta name=\"description\" content=\"Behersk det v\u00e6sentlige i Gujaratis grammatik, herunder verber og substantiver, for at forbedre dine sprogkundskaber betydeligt.\" \/>\n<meta name=\"robots\" content=\"index, follow, max-snippet:-1, max-image-preview:large, max-video-preview:-1\" \/>\n<link rel=\"canonical\" href=\"https:\/\/talkpal.ai\/da\/gujarati-grammatik\/\" \/>\n<meta property=\"og:locale\" content=\"da_DK\" \/>\n<meta property=\"og:type\" content=\"article\" \/>\n<meta property=\"og:title\" content=\"Gujarati grammatik\" \/>\n<meta property=\"og:description\" content=\"Navigering i forviklingerne i Gujarati-grammatikken Gujarati, et indoarisk sprog med en rig historie og kulturel betydning, tilbyder en sp\u00e6ndende sproglig\" \/>\n<meta property=\"og:url\" content=\"https:\/\/talkpal.ai\/da\/gujarati-grammatik\/\" \/>\n<meta property=\"og:site_name\" content=\"Talkpal\" \/>\n<meta property=\"article:publisher\" content=\"https:\/\/www.facebook.com\/profile.php?id=100090733639311\" \/>\n<meta property=\"article:modified_time\" content=\"2025-12-30T15:11:52+00:00\" \/>\n<meta property=\"og:image\" content=\"https:\/\/talkpal.ai\/wp-content\/uploads\/2025\/02\/Progress-tab-16_9.png\" \/>\n\t<meta property=\"og:image:width\" content=\"2880\" \/>\n\t<meta property=\"og:image:height\" content=\"1620\" \/>\n\t<meta property=\"og:image:type\" content=\"image\/png\" \/>\n<meta name=\"twitter:card\" content=\"summary_large_image\" \/>\n<meta name=\"twitter:site\" content=\"@talkpalai\" \/>\n<meta name=\"twitter:label1\" content=\"Estimeret l\u00e6setid\" \/>\n\t<meta name=\"twitter:data1\" content=\"3 minutter\" \/>\n<script type=\"application\/ld+json\" class=\"yoast-schema-graph\">{\"@context\":\"https:\/\/schema.org\",\"@graph\":[{\"@type\":\"WebPage\",\"@id\":\"https:\/\/talkpal.ai\/da\/gujarati-grammatik\/\",\"url\":\"https:\/\/talkpal.ai\/da\/gujarati-grammatik\/\",\"name\":\"Gujarati grammatik - Talkpal\",\"isPartOf\":{\"@id\":\"https:\/\/talkpal.ai\/da\/#website\"},\"datePublished\":\"2025-11-12T09:38:09+00:00\",\"dateModified\":\"2025-12-30T15:11:52+00:00\",\"description\":\"Behersk det v\u00e6sentlige i Gujaratis grammatik, herunder verber og substantiver, for at forbedre dine sprogkundskaber betydeligt.\",\"breadcrumb\":{\"@id\":\"https:\/\/talkpal.ai\/da\/gujarati-grammatik\/#breadcrumb\"},\"inLanguage\":\"da-DK\",\"potentialAction\":[{\"@type\":\"ReadAction\",\"target\":[\"https:\/\/talkpal.ai\/da\/gujarati-grammatik\/\"]}]},{\"@type\":\"BreadcrumbList\",\"@id\":\"https:\/\/talkpal.ai\/da\/gujarati-grammatik\/#breadcrumb\",\"itemListElement\":[{\"@type\":\"ListItem\",\"position\":1,\"name\":\"Homepage\",\"item\":\"https:\/\/talkpal.ai\/da\/\"},{\"@type\":\"ListItem\",\"position\":2,\"name\":\"Gujarati grammatik\"}]},{\"@type\":\"WebSite\",\"@id\":\"https:\/\/talkpal.ai\/da\/#website\",\"url\":\"https:\/\/talkpal.ai\/da\/\",\"name\":\"Talkpal\",\"description\":\"AI Language Learning\",\"publisher\":{\"@id\":\"https:\/\/talkpal.ai\/da\/#organization\"},\"alternateName\":\"Talkpal AI\",\"potentialAction\":[{\"@type\":\"SearchAction\",\"target\":{\"@type\":\"EntryPoint\",\"urlTemplate\":\"https:\/\/talkpal.ai\/da\/?s={search_term_string}\"},\"query-input\":{\"@type\":\"PropertyValueSpecification\",\"valueRequired\":true,\"valueName\":\"search_term_string\"}}],\"inLanguage\":\"da-DK\"},{\"@type\":\"Organization\",\"@id\":\"https:\/\/talkpal.ai\/da\/#organization\",\"name\":\"Talkpal, Inc.\",\"alternateName\":\"Talkpal AI\",\"url\":\"https:\/\/talkpal.ai\/da\/\",\"logo\":{\"@type\":\"ImageObject\",\"inLanguage\":\"da-DK\",\"@id\":\"https:\/\/talkpal.ai\/da\/#\/schema\/logo\/image\/\",\"url\":\"https:\/\/talkpal.ai\/wp-content\/uploads\/2024\/03\/Talkpal-Logo-Icon.png\",\"contentUrl\":\"https:\/\/talkpal.ai\/wp-content\/uploads\/2024\/03\/Talkpal-Logo-Icon.png\",\"width\":2880,\"height\":2880,\"caption\":\"Talkpal, Inc.\"},\"image\":{\"@id\":\"https:\/\/talkpal.ai\/da\/#\/schema\/logo\/image\/\"},\"sameAs\":[\"https:\/\/www.facebook.com\/profile.php?id=100090733639311\",\"https:\/\/x.com\/talkpalai\",\"https:\/\/www.linkedin.com\/company\/talkpal\/\",\"https:\/\/www.youtube.com\/@TalkPal\/\",\"https:\/\/www.tiktok.com\/@talkpal\",\"https:\/\/www.instagram.com\/talkpal_ai\/\",\"https:\/\/www.crunchbase.com\/organization\/talkpal-9cde\",\"https:\/\/www.g2.com\/products\/talkpal-for-business\/\",\"https:\/\/www.trustpilot.com\/review\/talkpal.ai\",\"https:\/\/www.capterra.com\/p\/10006800\/TalkPal\/\"],\"description\":\"Talkpal is a language learning web and mobile education app, powered by the latest AI technologies, that provides engaging experiences to its customers in many different languages to help them improve their language skills. Users can chat about unlimited amount of topics with the app and use other modes to practice their language learning.\",\"email\":\"support@talkpal.ai\",\"legalName\":\"Talkpal, Inc.\",\"foundingDate\":\"2023-04-03\",\"duns\":\"118989042\",\"numberOfEmployees\":{\"@type\":\"QuantitativeValue\",\"minValue\":\"11\",\"maxValue\":\"50\"},\"publishingPrinciples\":\"https:\/\/talkpal.ai\/publishing-principles\/\",\"actionableFeedbackPolicy\":\"https:\/\/talkpal.ai\/actionable-feedback-policy\/\",\"correctionsPolicy\":\"https:\/\/talkpal.ai\/corrections-policy\/\",\"ethicsPolicy\":\"https:\/\/talkpal.ai\/ethics-policy\/\",\"diversityPolicy\":\"https:\/\/talkpal.ai\/diversity-policy\/\",\"diversityStaffingReport\":\"https:\/\/talkpal.ai\/diversity-policy\/\"}]}<\/script>\n<!-- \/ Yoast SEO Premium plugin. -->","yoast_head_json":{"title":"Gujarati grammatik - Talkpal","description":"Behersk det v\u00e6sentlige i Gujaratis grammatik, herunder verber og substantiver, for at forbedre dine sprogkundskaber betydeligt.","robots":{"index":"index","follow":"follow","max-snippet":"max-snippet:-1","max-image-preview":"max-image-preview:large","max-video-preview":"max-video-preview:-1"},"canonical":"https:\/\/talkpal.ai\/da\/gujarati-grammatik\/","og_locale":"da_DK","og_type":"article","og_title":"Gujarati grammatik","og_description":"Navigering i forviklingerne i Gujarati-grammatikken Gujarati, et indoarisk sprog med en rig historie og kulturel betydning, tilbyder en sp\u00e6ndende sproglig","og_url":"https:\/\/talkpal.ai\/da\/gujarati-grammatik\/","og_site_name":"Talkpal","article_publisher":"https:\/\/www.facebook.com\/profile.php?id=100090733639311","article_modified_time":"2025-12-30T15:11:52+00:00","og_image":[{"width":2880,"height":1620,"url":"https:\/\/talkpal.ai\/wp-content\/uploads\/2025\/02\/Progress-tab-16_9.png","type":"image\/png"}],"twitter_card":"summary_large_image","twitter_site":"@talkpalai","twitter_misc":{"Estimeret l\u00e6setid":"3 minutter"},"schema":{"@context":"https:\/\/schema.org","@graph":[{"@type":"WebPage","@id":"https:\/\/talkpal.ai\/da\/gujarati-grammatik\/","url":"https:\/\/talkpal.ai\/da\/gujarati-grammatik\/","name":"Gujarati grammatik - Talkpal","isPartOf":{"@id":"https:\/\/talkpal.ai\/da\/#website"},"datePublished":"2025-11-12T09:38:09+00:00","dateModified":"2025-12-30T15:11:52+00:00","description":"Behersk det v\u00e6sentlige i Gujaratis grammatik, herunder verber og substantiver, for at forbedre dine sprogkundskaber betydeligt.","breadcrumb":{"@id":"https:\/\/talkpal.ai\/da\/gujarati-grammatik\/#breadcrumb"},"inLanguage":"da-DK","potentialAction":[{"@type":"ReadAction","target":["https:\/\/talkpal.ai\/da\/gujarati-grammatik\/"]}]},{"@type":"BreadcrumbList","@id":"https:\/\/talkpal.ai\/da\/gujarati-grammatik\/#breadcrumb","itemListElement":[{"@type":"ListItem","position":1,"name":"Homepage","item":"https:\/\/talkpal.ai\/da\/"},{"@type":"ListItem","position":2,"name":"Gujarati grammatik"}]},{"@type":"WebSite","@id":"https:\/\/talkpal.ai\/da\/#website","url":"https:\/\/talkpal.ai\/da\/","name":"Talkpal","description":"AI Language Learning","publisher":{"@id":"https:\/\/talkpal.ai\/da\/#organization"},"alternateName":"Talkpal AI","potentialAction":[{"@type":"SearchAction","target":{"@type":"EntryPoint","urlTemplate":"https:\/\/talkpal.ai\/da\/?s={search_term_string}"},"query-input":{"@type":"PropertyValueSpecification","valueRequired":true,"valueName":"search_term_string"}}],"inLanguage":"da-DK"},{"@type":"Organization","@id":"https:\/\/talkpal.ai\/da\/#organization","name":"Talkpal, Inc.","alternateName":"Talkpal AI","url":"https:\/\/talkpal.ai\/da\/","logo":{"@type":"ImageObject","inLanguage":"da-DK","@id":"https:\/\/talkpal.ai\/da\/#\/schema\/logo\/image\/","url":"https:\/\/talkpal.ai\/wp-content\/uploads\/2024\/03\/Talkpal-Logo-Icon.png","contentUrl":"https:\/\/talkpal.ai\/wp-content\/uploads\/2024\/03\/Talkpal-Logo-Icon.png","width":2880,"height":2880,"caption":"Talkpal, Inc."},"image":{"@id":"https:\/\/talkpal.ai\/da\/#\/schema\/logo\/image\/"},"sameAs":["https:\/\/www.facebook.com\/profile.php?id=100090733639311","https:\/\/x.com\/talkpalai","https:\/\/www.linkedin.com\/company\/talkpal\/","https:\/\/www.youtube.com\/@TalkPal\/","https:\/\/www.tiktok.com\/@talkpal","https:\/\/www.instagram.com\/talkpal_ai\/","https:\/\/www.crunchbase.com\/organization\/talkpal-9cde","https:\/\/www.g2.com\/products\/talkpal-for-business\/","https:\/\/www.trustpilot.com\/review\/talkpal.ai","https:\/\/www.capterra.com\/p\/10006800\/TalkPal\/"],"description":"Talkpal is a language learning web and mobile education app, powered by the latest AI technologies, that provides engaging experiences to its customers in many different languages to help them improve their language skills. Users can chat about unlimited amount of topics with the app and use other modes to practice their language learning.","email":"support@talkpal.ai","legalName":"Talkpal, Inc.","foundingDate":"2023-04-03","duns":"118989042","numberOfEmployees":{"@type":"QuantitativeValue","minValue":"11","maxValue":"50"},"publishingPrinciples":"https:\/\/talkpal.ai\/publishing-principles\/","actionableFeedbackPolicy":"https:\/\/talkpal.ai\/actionable-feedback-policy\/","correctionsPolicy":"https:\/\/talkpal.ai\/corrections-policy\/","ethicsPolicy":"https:\/\/talkpal.ai\/ethics-policy\/","diversityPolicy":"https:\/\/talkpal.ai\/diversity-policy\/","diversityStaffingReport":"https:\/\/talkpal.ai\/diversity-policy\/"}]}},"_links":{"self":[{"href":"https:\/\/talkpal.ai\/da\/wp-json\/wp\/v2\/pages\/1464875","targetHints":{"allow":["GET"]}}],"collection":[{"href":"https:\/\/talkpal.ai\/da\/wp-json\/wp\/v2\/pages"}],"about":[{"href":"https:\/\/talkpal.ai\/da\/wp-json\/wp\/v2\/types\/page"}],"author":[{"embeddable":true,"href":"https:\/\/talkpal.ai\/da\/wp-json\/wp\/v2\/users\/20"}],"replies":[{"embeddable":true,"href":"https:\/\/talkpal.ai\/da\/wp-json\/wp\/v2\/comments?post=1464875"}],"version-history":[{"count":0,"href":"https:\/\/talkpal.ai\/da\/wp-json\/wp\/v2\/pages\/1464875\/revisions"}],"wp:attachment":[{"href":"https:\/\/talkpal.ai\/da\/wp-json\/wp\/v2\/media?parent=1464875"}],"curies":[{"name":"wp","href":"https:\/\/api.w.org\/{rel}","templated":true}]}}