{"id":146305,"date":"2023-05-14T14:10:42","date_gmt":"2023-05-14T14:10:42","guid":{"rendered":"http:\/\/talkpal.ai\/litauisk-grammatik\/"},"modified":"2025-12-12T10:52:17","modified_gmt":"2025-12-12T10:52:17","slug":"litauisk-grammatik","status":"publish","type":"page","link":"https:\/\/talkpal.ai\/da\/litauisk-grammatik\/","title":{"rendered":"Litauisk grammatik"},"content":{"rendered":"\r\n\r\n\r\n<section class=\"languageChallengeSection\">\r\n    <div class=\"languageInfoWrapper\">\r\n        \r\n        <h1>Litauisk grammatik<\/h1>\r\n        <p>Begynd din rejse ind i den litauiske <a href=\"https:\/\/talkpal.ai\/fr\/les\/\">grammatik<\/a>, og opdag et af de \u00e6ldste og mest fascinerende <a href=\"https:\/\/talkpal.ai\/what-language-is-spoken-on-the-international-space-station\/\">sprog<\/a> i Europa. L\u00e6r vigtige regler og m\u00f8nstre for at opbygge et st\u00e6rkt sprogligt fundament. Spring ud i det nu, og begynd at mestre <a href=\"https:\/\/talkpal.ai\/learn-lithuanian\/\">litauisk<\/a> i dag!<\/p>\r\n\r\n                            <a class=\"getStartedHidden\" href=\"https:\/\/app.talkpal.ai\/da\/signup?lng=\">Kom i gang<\/a>\r\n        \r\n    <\/div>\r\n\r\n    <figure>\r\n    <img decoding=\"async\" width=\"768\" height=\"768\" src=\"https:\/\/talkpal.ai\/wp-content\/uploads\/2023\/06\/lithuenian-768x768.png\" class=\"languageImage no-lazy\" alt=\"Language learning for boosting creativity\" fetchpriority=\"high\" sizes=\"(max-width: 768px) 150px, 768px\" srcset=\"https:\/\/talkpal.ai\/wp-content\/uploads\/2023\/06\/lithuenian-768x768.png 768w, https:\/\/talkpal.ai\/wp-content\/uploads\/2023\/06\/lithuenian-300x300.png 300w\" \/>\r\n    \r\n\r\n    <\/figure>\r\n\r\n            <a class=\"getStartedVisible\" href=\"https:\/\/app.talkpal.ai\/da\/signup?lng=\">Kom i gang<\/a>\r\n    \r\n<\/section>\r\n<section class=\"promotionalBanner\">\r\n    <p class=\"promotionalText\">Den mest effektive m\u00e5de at l\u00e6re et sprog p\u00e5<\/p>\r\n    <a class=\"promotionalLink\" href=\"https:\/\/app.talkpal.ai\/da\/signup?lng=\">Pr\u00f8v Talkpal gratis<\/a>\r\n<\/section>\n<div class=\"wp-block-group pageContainerStyle\"><div class=\"wp-block-group__inner-container is-layout-constrained wp-block-group-is-layout-constrained\">\n<h2 class=\"wp-block-heading\" id=\"h-lithuanian-grammar-a-fascinating-journey-through-language\">Litauisk grammatik: En fascinerende rejse gennem sprog<\/h2>\n\n\n\n<p>Har du nogensinde overvejet at l\u00e6re litauisk eller bare fundet dig selv fascineret af dens unikke grammatik? S\u00e5 har du noget at gl\u00e6de dig til! <a href=\"https:\/\/talkpal.ai\/sv\/grammar\/particip-i-litauisk-grammatik\/\">Litauisk grammatik<\/a> kan virke ejendommelig i starten, men tag ikke fejl &#8211; det viser uds\u00f8gt sproglig logik. I denne artikel vil vi udfolde de forskellige aspekter af litauisk grammatik, hvilket giver dig mulighed for at s\u00e6tte pris p\u00e5 dens charme.<\/p>\n\n\n\n<p>F\u00f8rst en kort baggrund: Litauisk er et baltisk sprog, der prim\u00e6rt tales i Litauen, men ogs\u00e5 findes i nabolandene. Som et af de \u00e6ldste nulevende indoeurop\u00e6iske sprog har det bevaret arkaiske tr\u00e6k, hvilket giver indsigt i udviklingen af andre sprog inden for sprogfamilien. Denne historiske betydning g\u00f8r litauisk s\u00e6rligt f\u00e6ngslende for sprogelskere.<\/p>\n\n\n\n<p>Lad os nu dykke ned i nogle af de vigtigste aspekter af litauisk grammatik.<\/p>\n\n\n\n<h3 class=\"wp-block-heading\" id=\"h-1-nouns-cases-and-declensions\">1. Substantiver, sager og forkortelser<\/h3>\n\n\n\n<p>Et af de mest fremtr\u00e6dende tr\u00e6k ved litauisk grammatik er dets indviklede kasussystem. Substantiver antager forskellige former afh\u00e6ngigt af deres funktion i en s\u00e6tning, og om de afspejler emnet, objektet eller modtageren af en handling. Litauisk har syv kasus: nominativ, genitiv, dativ, akkusativ, instrumental, lokativ og vokativ.<\/p>\n\n\n\n<p>Tag navneordet &#8220;vaikas&#8221; (barn) som et eksempel. Det kan blive til &#8220;vaiko&#8221;, &#8220;vaikui&#8221;, &#8220;vaik\u0105&#8221; og s\u00e5 videre, alt efter hvilken rolle det spiller i en s\u00e6tning. Derudover er endelserne p\u00e5virket af substantivets k\u00f8n (maskulinum eller femininum) og yderligere opdelt i deklinationer, hvilket g\u00f8r sproget endnu mere alsidigt.<\/p>\n\n\n\n<h3 class=\"wp-block-heading\" id=\"h-2-verb-conjugation-and-tenses\">2. Verbb\u00f8jning og tider<\/h3>\n\n\n\n<p>Litauiske verb \u00e6ndrer deres slutninger afh\u00e6ngigt af individets person og nummer (ental eller flertal). For eksempel kan verbet &#8220;eiti&#8221; (at g\u00e5) blive til &#8220;einu&#8221; (jeg g\u00e5r), &#8220;einate&#8221; (du -flertal- g\u00e5r), &#8220;eina&#8221; (de g\u00e5r), blandt andre former.<\/p>\n\n\n\n<p>Litauisk har fire hovedtider: nutid, fortid, fortid iterativ og fremtid. Interessant nok har sproget ogs\u00e5 aspektmark\u00f8rer: perfektiv og ufuldkommen. Disse m\u00e6rker giver yderligere oplysninger om, hvorvidt en handling er fuldf\u00f8rt eller igangv\u00e6rende. For eksempel &#8220;ne\u0161ti&#8221; (at b\u00e6re &#8211; imperfektum) versus &#8220;nat&#8221; (at have b\u00e5ret &#8211; perfektivum).<\/p>\n\n\n\n<h3 class=\"wp-block-heading\" id=\"h-3-sentence-structure-and-word-order\">3. S\u00e6tningsstruktur og ordstilling<\/h3>\n\n\n\n<p>Selvom litauisk generelt f\u00f8lger SVO-ordr\u00e6kkef\u00f8lgen (emne-verbum-objekt), giver dets sagssystem mulighed for betydelig fleksibilitet. I mods\u00e6tning til <a href=\"https:\/\/talkpal.ai\/learn-english-with-ai\/\">engelsk<\/a>, hvor ordstillingen normalt definerer en s\u00e6tnings betydning, \u00e6ndrer det ikke betydningen at flytte rundt p\u00e5 ordene p\u00e5 litauisk. For eksempel kan &#8220;kat\u0117 valgo \u017euv\u012f&#8221; (katten spiser fisken) ogs\u00e5 v\u00e6re &#8220;\u017euv\u012f valgo kat\u0117&#8221; uden at miste eller \u00e6ndre sin betydning.<\/p>\n\n\n\n<p>Denne fleksibilitet giver dig mulighed for at lege med s\u00e6tningsstruktur, understrege bestemte elementer eller generere nuancer, efterh\u00e5nden som du bliver dygtigere til sproget.<\/p>\n\n\n\n<h3 class=\"wp-block-heading\" id=\"h-4-adjectives-adverbs-and-agreement-rules\">4. Adjektiver, adverb og aftaleregler<\/h3>\n\n\n\n<p>Som mange sprog beskriver adjektiver og adverb p\u00e5 litauisk substantiver og verb, men de f\u00f8lger ogs\u00e5 specifikke aftaleregler. Is\u00e6r skal adjektiver v\u00e6re enige med det substantiv, de \u00e6ndrer i tilf\u00e6lde, k\u00f8n og antal. N\u00e5r du f\u00f8rst har forst\u00e5et substantiverne og verbb\u00f8jningerne, kommer disse regler mere naturligt.<\/p>\n\n\n\n<p>S\u00e5 er du parat til at dykke ned i litauisk grammatik? Med vedholdenhed, dedikation og ordentlige ressourcer er det at l\u00e6re litauisk &#8211; rig p\u00e5 historie og kulturarv &#8211; en uhyre givende oplevelse. Tackle sproget trin for trin, \u00f8v konsekvent og v\u00e6r \u00e5ben for at l\u00e6re af dine fejl. S\u0117km\u0117s! (Held og lykke!)<\/p>\n<\/div><\/div>\n\r\n<section class=\"learnNavigationSection\">\r\n            \r\n        <a href=\"https:\/\/talkpal.ai\/da\/laer-litauisk\/\">\r\n            <div class=\"learnNavigationWrapper\">\r\n                <div class=\"learnNavigationContent\">\r\n                    <img decoding=\"async\" src=\"https:\/\/talkpal.ai\/wp-content\/uploads\/2024\/08\/Lithuanian.jpg\" alt=\"Lithuanian Flag\">\r\n                    <div>\r\n                        <h4>Om litauisk l\u00e6ring<\/h4>\r\n                        <p>Find ud af alt om litauisk grammatik.<\/p>\r\n                    <\/div>\r\n                <\/div>\r\n            <\/div>\r\n        <\/a>\r\n\r\n        \r\n        <a href=\"https:\/\/talkpal.ai\/da\/litauiske-grammatikoevelser\/\">\r\n            <div class=\"learnNavigationWrapper\">\r\n                <div class=\"learnNavigationContent\">\r\n                    <img decoding=\"async\" src=\"https:\/\/talkpal.ai\/wp-content\/uploads\/2024\/08\/Lithuanian.jpg\" alt=\"Lithuanian Flag\">\r\n                    <div>\r\n                        <h4>\u00d8velse i litauisk grammatik<\/h4>\r\n                        <p>\u00d8v litauisk grammatik.<\/p>\r\n                    <\/div>\r\n                <\/div>\r\n            <\/div>\r\n        <\/a>\r\n\r\n        \r\n        <a href=\"https:\/\/talkpal.ai\/vocabulary_language\/lithuanian\/\">\r\n            <div class=\"learnNavigationWrapper\">\r\n                <div class=\"learnNavigationContent\">\r\n                    <img decoding=\"async\" src=\"https:\/\/talkpal.ai\/wp-content\/uploads\/2024\/08\/Lithuanian.jpg\" alt=\"Lithuanian Flag\">\r\n                    <div>\r\n                        <h4>Litauisk ordforr\u00e5d<\/h4>\r\n                        <p>Udvid dit litauiske ordforr\u00e5d.<\/p>\r\n                    <\/div>\r\n                <\/div>\r\n            <\/div>\r\n        <\/a>\r\n\r\n            <\/section>","protected":false},"excerpt":{"rendered":"<p>Litauisk grammatik: En fascinerende rejse gennem sprog Har du nogensinde overvejet at l\u00e6re litauisk eller bare fundet dig selv fascineret af dens unikke grammatik? S\u00e5 har du noget at gl\u00e6de dig til! Litauisk grammatik kan virke ejendommelig i starten, men tag ikke fejl &#8211; det viser uds\u00f8gt sproglig logik. I denne artikel vil vi udfolde [&hellip;]<\/p>\n","protected":false},"author":1,"featured_media":114939,"parent":0,"menu_order":0,"comment_status":"closed","ping_status":"closed","template":"LearningContentPage.php","meta":{"_acf_changed":false,"footnotes":""},"class_list":["post-146305","page","type-page","status-publish","has-post-thumbnail","hentry"],"acf":[],"yoast_head":"<!-- This site is optimized with the Yoast SEO Premium plugin v27.2 (Yoast SEO v27.2) - https:\/\/yoast.com\/product\/yoast-seo-premium-wordpress\/ -->\n<title>Litauisk grammatik - Talkpal<\/title>\n<meta name=\"description\" content=\"Oplev, hvordan litauisk grammatik afspejler historisk rigdom og logik, hvilket g\u00f8r det til et perfekt studie for sprogelskere.\" \/>\n<meta name=\"robots\" content=\"index, follow, max-snippet:-1, max-image-preview:large, max-video-preview:-1\" \/>\n<link rel=\"canonical\" href=\"https:\/\/talkpal.ai\/da\/litauisk-grammatik\/\" \/>\n<meta property=\"og:locale\" content=\"da_DK\" \/>\n<meta property=\"og:type\" content=\"article\" \/>\n<meta property=\"og:title\" content=\"Litauisk grammatik\" \/>\n<meta property=\"og:description\" content=\"Litauisk grammatik: En fascinerende rejse gennem sprog Har du nogensinde overvejet at l\u00e6re litauisk eller bare fundet dig selv fascineret af dens unikke\" \/>\n<meta property=\"og:url\" content=\"https:\/\/talkpal.ai\/da\/litauisk-grammatik\/\" \/>\n<meta property=\"og:site_name\" content=\"Talkpal\" \/>\n<meta property=\"article:publisher\" content=\"https:\/\/www.facebook.com\/profile.php?id=100090733639311\" \/>\n<meta property=\"article:modified_time\" content=\"2025-12-12T10:52:17+00:00\" \/>\n<meta property=\"og:image\" content=\"https:\/\/talkpal.ai\/wp-content\/uploads\/2023\/05\/Lithuanian.png\" \/>\n\t<meta property=\"og:image:width\" content=\"512\" \/>\n\t<meta property=\"og:image:height\" content=\"512\" \/>\n\t<meta property=\"og:image:type\" content=\"image\/png\" \/>\n<meta name=\"twitter:card\" content=\"summary_large_image\" \/>\n<meta name=\"twitter:site\" content=\"@talkpalai\" \/>\n<meta name=\"twitter:label1\" content=\"Estimeret l\u00e6setid\" \/>\n\t<meta name=\"twitter:data1\" content=\"3 minutter\" \/>\n<script type=\"application\/ld+json\" class=\"yoast-schema-graph\">{\"@context\":\"https:\/\/schema.org\",\"@graph\":[{\"@type\":\"WebPage\",\"@id\":\"https:\/\/talkpal.ai\/da\/litauisk-grammatik\/\",\"url\":\"https:\/\/talkpal.ai\/da\/litauisk-grammatik\/\",\"name\":\"Litauisk grammatik - Talkpal\",\"isPartOf\":{\"@id\":\"https:\/\/talkpal.ai\/da\/#website\"},\"primaryImageOfPage\":{\"@id\":\"https:\/\/talkpal.ai\/da\/litauisk-grammatik\/#primaryimage\"},\"image\":{\"@id\":\"https:\/\/talkpal.ai\/da\/litauisk-grammatik\/#primaryimage\"},\"thumbnailUrl\":\"https:\/\/talkpal.ai\/wp-content\/uploads\/2023\/05\/Lithuanian.png\",\"datePublished\":\"2023-05-14T14:10:42+00:00\",\"dateModified\":\"2025-12-12T10:52:17+00:00\",\"description\":\"Oplev, hvordan litauisk grammatik afspejler historisk rigdom og logik, hvilket g\u00f8r det til et perfekt studie for sprogelskere.\",\"breadcrumb\":{\"@id\":\"https:\/\/talkpal.ai\/da\/litauisk-grammatik\/#breadcrumb\"},\"inLanguage\":\"da-DK\",\"potentialAction\":[{\"@type\":\"ReadAction\",\"target\":[\"https:\/\/talkpal.ai\/da\/litauisk-grammatik\/\"]}]},{\"@type\":\"ImageObject\",\"inLanguage\":\"da-DK\",\"@id\":\"https:\/\/talkpal.ai\/da\/litauisk-grammatik\/#primaryimage\",\"url\":\"https:\/\/talkpal.ai\/wp-content\/uploads\/2023\/05\/Lithuanian.png\",\"contentUrl\":\"https:\/\/talkpal.ai\/wp-content\/uploads\/2023\/05\/Lithuanian.png\",\"width\":512,\"height\":512},{\"@type\":\"BreadcrumbList\",\"@id\":\"https:\/\/talkpal.ai\/da\/litauisk-grammatik\/#breadcrumb\",\"itemListElement\":[{\"@type\":\"ListItem\",\"position\":1,\"name\":\"Homepage\",\"item\":\"https:\/\/talkpal.ai\/da\/\"},{\"@type\":\"ListItem\",\"position\":2,\"name\":\"Litauisk grammatik\"}]},{\"@type\":\"WebSite\",\"@id\":\"https:\/\/talkpal.ai\/da\/#website\",\"url\":\"https:\/\/talkpal.ai\/da\/\",\"name\":\"Talkpal\",\"description\":\"AI Language Learning\",\"publisher\":{\"@id\":\"https:\/\/talkpal.ai\/da\/#organization\"},\"alternateName\":\"Talkpal AI\",\"potentialAction\":[{\"@type\":\"SearchAction\",\"target\":{\"@type\":\"EntryPoint\",\"urlTemplate\":\"https:\/\/talkpal.ai\/da\/?s={search_term_string}\"},\"query-input\":{\"@type\":\"PropertyValueSpecification\",\"valueRequired\":true,\"valueName\":\"search_term_string\"}}],\"inLanguage\":\"da-DK\"},{\"@type\":\"Organization\",\"@id\":\"https:\/\/talkpal.ai\/da\/#organization\",\"name\":\"Talkpal, Inc.\",\"alternateName\":\"Talkpal AI\",\"url\":\"https:\/\/talkpal.ai\/da\/\",\"logo\":{\"@type\":\"ImageObject\",\"inLanguage\":\"da-DK\",\"@id\":\"https:\/\/talkpal.ai\/da\/#\/schema\/logo\/image\/\",\"url\":\"https:\/\/talkpal.ai\/wp-content\/uploads\/2024\/03\/Talkpal-Logo-Icon.png\",\"contentUrl\":\"https:\/\/talkpal.ai\/wp-content\/uploads\/2024\/03\/Talkpal-Logo-Icon.png\",\"width\":2880,\"height\":2880,\"caption\":\"Talkpal, Inc.\"},\"image\":{\"@id\":\"https:\/\/talkpal.ai\/da\/#\/schema\/logo\/image\/\"},\"sameAs\":[\"https:\/\/www.facebook.com\/profile.php?id=100090733639311\",\"https:\/\/x.com\/talkpalai\",\"https:\/\/www.linkedin.com\/company\/talkpal\/\",\"https:\/\/www.youtube.com\/@TalkPal\/\",\"https:\/\/www.tiktok.com\/@talkpal\",\"https:\/\/www.instagram.com\/talkpal_ai\/\",\"https:\/\/www.crunchbase.com\/organization\/talkpal-9cde\",\"https:\/\/www.g2.com\/products\/talkpal-for-business\/\",\"https:\/\/www.trustpilot.com\/review\/talkpal.ai\",\"https:\/\/www.capterra.com\/p\/10006800\/TalkPal\/\"],\"description\":\"Talkpal is a language learning web and mobile education app, powered by the latest AI technologies, that provides engaging experiences to its customers in many different languages to help them improve their language skills. Users can chat about unlimited amount of topics with the app and use other modes to practice their language learning.\",\"email\":\"support@talkpal.ai\",\"legalName\":\"Talkpal, Inc.\",\"foundingDate\":\"2023-04-03\",\"duns\":\"118989042\",\"numberOfEmployees\":{\"@type\":\"QuantitativeValue\",\"minValue\":\"11\",\"maxValue\":\"50\"},\"publishingPrinciples\":\"https:\/\/talkpal.ai\/publishing-principles\/\",\"actionableFeedbackPolicy\":\"https:\/\/talkpal.ai\/actionable-feedback-policy\/\",\"correctionsPolicy\":\"https:\/\/talkpal.ai\/corrections-policy\/\",\"ethicsPolicy\":\"https:\/\/talkpal.ai\/ethics-policy\/\",\"diversityPolicy\":\"https:\/\/talkpal.ai\/diversity-policy\/\",\"diversityStaffingReport\":\"https:\/\/talkpal.ai\/diversity-policy\/\"}]}<\/script>\n<!-- \/ Yoast SEO Premium plugin. -->","yoast_head_json":{"title":"Litauisk grammatik - Talkpal","description":"Oplev, hvordan litauisk grammatik afspejler historisk rigdom og logik, hvilket g\u00f8r det til et perfekt studie for sprogelskere.","robots":{"index":"index","follow":"follow","max-snippet":"max-snippet:-1","max-image-preview":"max-image-preview:large","max-video-preview":"max-video-preview:-1"},"canonical":"https:\/\/talkpal.ai\/da\/litauisk-grammatik\/","og_locale":"da_DK","og_type":"article","og_title":"Litauisk grammatik","og_description":"Litauisk grammatik: En fascinerende rejse gennem sprog Har du nogensinde overvejet at l\u00e6re litauisk eller bare fundet dig selv fascineret af dens unikke","og_url":"https:\/\/talkpal.ai\/da\/litauisk-grammatik\/","og_site_name":"Talkpal","article_publisher":"https:\/\/www.facebook.com\/profile.php?id=100090733639311","article_modified_time":"2025-12-12T10:52:17+00:00","og_image":[{"width":512,"height":512,"url":"https:\/\/talkpal.ai\/wp-content\/uploads\/2023\/05\/Lithuanian.png","type":"image\/png"}],"twitter_card":"summary_large_image","twitter_site":"@talkpalai","twitter_misc":{"Estimeret l\u00e6setid":"3 minutter"},"schema":{"@context":"https:\/\/schema.org","@graph":[{"@type":"WebPage","@id":"https:\/\/talkpal.ai\/da\/litauisk-grammatik\/","url":"https:\/\/talkpal.ai\/da\/litauisk-grammatik\/","name":"Litauisk grammatik - Talkpal","isPartOf":{"@id":"https:\/\/talkpal.ai\/da\/#website"},"primaryImageOfPage":{"@id":"https:\/\/talkpal.ai\/da\/litauisk-grammatik\/#primaryimage"},"image":{"@id":"https:\/\/talkpal.ai\/da\/litauisk-grammatik\/#primaryimage"},"thumbnailUrl":"https:\/\/talkpal.ai\/wp-content\/uploads\/2023\/05\/Lithuanian.png","datePublished":"2023-05-14T14:10:42+00:00","dateModified":"2025-12-12T10:52:17+00:00","description":"Oplev, hvordan litauisk grammatik afspejler historisk rigdom og logik, hvilket g\u00f8r det til et perfekt studie for sprogelskere.","breadcrumb":{"@id":"https:\/\/talkpal.ai\/da\/litauisk-grammatik\/#breadcrumb"},"inLanguage":"da-DK","potentialAction":[{"@type":"ReadAction","target":["https:\/\/talkpal.ai\/da\/litauisk-grammatik\/"]}]},{"@type":"ImageObject","inLanguage":"da-DK","@id":"https:\/\/talkpal.ai\/da\/litauisk-grammatik\/#primaryimage","url":"https:\/\/talkpal.ai\/wp-content\/uploads\/2023\/05\/Lithuanian.png","contentUrl":"https:\/\/talkpal.ai\/wp-content\/uploads\/2023\/05\/Lithuanian.png","width":512,"height":512},{"@type":"BreadcrumbList","@id":"https:\/\/talkpal.ai\/da\/litauisk-grammatik\/#breadcrumb","itemListElement":[{"@type":"ListItem","position":1,"name":"Homepage","item":"https:\/\/talkpal.ai\/da\/"},{"@type":"ListItem","position":2,"name":"Litauisk grammatik"}]},{"@type":"WebSite","@id":"https:\/\/talkpal.ai\/da\/#website","url":"https:\/\/talkpal.ai\/da\/","name":"Talkpal","description":"AI Language Learning","publisher":{"@id":"https:\/\/talkpal.ai\/da\/#organization"},"alternateName":"Talkpal AI","potentialAction":[{"@type":"SearchAction","target":{"@type":"EntryPoint","urlTemplate":"https:\/\/talkpal.ai\/da\/?s={search_term_string}"},"query-input":{"@type":"PropertyValueSpecification","valueRequired":true,"valueName":"search_term_string"}}],"inLanguage":"da-DK"},{"@type":"Organization","@id":"https:\/\/talkpal.ai\/da\/#organization","name":"Talkpal, Inc.","alternateName":"Talkpal AI","url":"https:\/\/talkpal.ai\/da\/","logo":{"@type":"ImageObject","inLanguage":"da-DK","@id":"https:\/\/talkpal.ai\/da\/#\/schema\/logo\/image\/","url":"https:\/\/talkpal.ai\/wp-content\/uploads\/2024\/03\/Talkpal-Logo-Icon.png","contentUrl":"https:\/\/talkpal.ai\/wp-content\/uploads\/2024\/03\/Talkpal-Logo-Icon.png","width":2880,"height":2880,"caption":"Talkpal, Inc."},"image":{"@id":"https:\/\/talkpal.ai\/da\/#\/schema\/logo\/image\/"},"sameAs":["https:\/\/www.facebook.com\/profile.php?id=100090733639311","https:\/\/x.com\/talkpalai","https:\/\/www.linkedin.com\/company\/talkpal\/","https:\/\/www.youtube.com\/@TalkPal\/","https:\/\/www.tiktok.com\/@talkpal","https:\/\/www.instagram.com\/talkpal_ai\/","https:\/\/www.crunchbase.com\/organization\/talkpal-9cde","https:\/\/www.g2.com\/products\/talkpal-for-business\/","https:\/\/www.trustpilot.com\/review\/talkpal.ai","https:\/\/www.capterra.com\/p\/10006800\/TalkPal\/"],"description":"Talkpal is a language learning web and mobile education app, powered by the latest AI technologies, that provides engaging experiences to its customers in many different languages to help them improve their language skills. Users can chat about unlimited amount of topics with the app and use other modes to practice their language learning.","email":"support@talkpal.ai","legalName":"Talkpal, Inc.","foundingDate":"2023-04-03","duns":"118989042","numberOfEmployees":{"@type":"QuantitativeValue","minValue":"11","maxValue":"50"},"publishingPrinciples":"https:\/\/talkpal.ai\/publishing-principles\/","actionableFeedbackPolicy":"https:\/\/talkpal.ai\/actionable-feedback-policy\/","correctionsPolicy":"https:\/\/talkpal.ai\/corrections-policy\/","ethicsPolicy":"https:\/\/talkpal.ai\/ethics-policy\/","diversityPolicy":"https:\/\/talkpal.ai\/diversity-policy\/","diversityStaffingReport":"https:\/\/talkpal.ai\/diversity-policy\/"}]}},"_links":{"self":[{"href":"https:\/\/talkpal.ai\/da\/wp-json\/wp\/v2\/pages\/146305","targetHints":{"allow":["GET"]}}],"collection":[{"href":"https:\/\/talkpal.ai\/da\/wp-json\/wp\/v2\/pages"}],"about":[{"href":"https:\/\/talkpal.ai\/da\/wp-json\/wp\/v2\/types\/page"}],"author":[{"embeddable":true,"href":"https:\/\/talkpal.ai\/da\/wp-json\/wp\/v2\/users\/1"}],"replies":[{"embeddable":true,"href":"https:\/\/talkpal.ai\/da\/wp-json\/wp\/v2\/comments?post=146305"}],"version-history":[{"count":0,"href":"https:\/\/talkpal.ai\/da\/wp-json\/wp\/v2\/pages\/146305\/revisions"}],"wp:featuredmedia":[{"embeddable":true,"href":"https:\/\/talkpal.ai\/da\/wp-json\/wp\/v2\/media\/114939"}],"wp:attachment":[{"href":"https:\/\/talkpal.ai\/da\/wp-json\/wp\/v2\/media?parent=146305"}],"curies":[{"name":"wp","href":"https:\/\/api.w.org\/{rel}","templated":true}]}}