{"id":145641,"date":"2023-05-14T14:09:47","date_gmt":"2023-05-14T14:09:47","guid":{"rendered":"http:\/\/talkpal.ai\/kannada-grammatik\/"},"modified":"2025-12-11T16:24:10","modified_gmt":"2025-12-11T16:24:10","slug":"kannada-grammatik","status":"publish","type":"page","link":"https:\/\/talkpal.ai\/da\/kannada-grammatik\/","title":{"rendered":"Kannada grammatik"},"content":{"rendered":"\r\n\r\n\r\n<section class=\"languageChallengeSection\">\r\n    <div class=\"languageInfoWrapper\">\r\n        \r\n        <h1>Kannada grammatik<\/h1>\r\n        <p>Gl\u00e6der du dig til at udforske <a href=\"https:\/\/talkpal.ai\/learn-kannada\/\">Kannada<\/a>? Dyk ned i Kannada-grammatikken, som har rige verbalb\u00f8jninger, k\u00f8nsbestemte navneord og et logisk kasussystem, der g\u00f8r sproget levende. Begynd at l\u00e6re i dag &#8211; at mestre Kannada-grammatikken vil give dig redskaberne til at komme i dyb kontakt med Karnatakas levende kultur og kommunikere med selvtillid p\u00e5 et af Sydindiens mest udtryksfulde <a href=\"https:\/\/talkpal.ai\/what-language-is-spoken-on-the-international-space-station\/\">sprog<\/a>!<\/p>\r\n\r\n                            <a class=\"getStartedHidden\" href=\"https:\/\/app.talkpal.ai\/da\/signup?lng=\">Kom i gang<\/a>\r\n        \r\n    <\/div>\r\n\r\n    <figure>\r\n    <img decoding=\"async\" width=\"768\" height=\"768\" src=\"https:\/\/talkpal.ai\/wp-content\/uploads\/2023\/06\/Kannada-768x768.png\" class=\"languageImage no-lazy\" alt=\"Language learning for increased mental flexibility\" fetchpriority=\"high\" sizes=\"(max-width: 768px) 150px, 768px\" srcset=\"https:\/\/talkpal.ai\/wp-content\/uploads\/2023\/06\/Kannada-768x768.png 768w, https:\/\/talkpal.ai\/wp-content\/uploads\/2023\/06\/Kannada-300x300.png 300w\" \/>\r\n    \r\n\r\n    <\/figure>\r\n\r\n            <a class=\"getStartedVisible\" href=\"https:\/\/app.talkpal.ai\/da\/signup?lng=\">Kom i gang<\/a>\r\n    \r\n<\/section>\r\n<section class=\"promotionalBanner\">\r\n    <p class=\"promotionalText\">Den mest effektive m\u00e5de at l\u00e6re et sprog p\u00e5<\/p>\r\n    <a class=\"promotionalLink\" href=\"https:\/\/app.talkpal.ai\/da\/signup?lng=\">Pr\u00f8v Talkpal gratis<\/a>\r\n<\/section>\n<div class=\"wp-block-group pageContainerStyle\"><div class=\"wp-block-group__inner-container is-layout-constrained wp-block-group-is-layout-constrained\">\n<h2 class=\"wp-block-heading\" id=\"h-kannada-grammar-an-insight-into-the-richness-of-the-dravidian-language\">Kannada-grammatik: Et indblik i det dravidiske sprogs rigdom<\/h2>\n\n\n\n<p>Har du nogensinde spekuleret p\u00e5 Indiens sproglige mangfoldighed? Som sprogentusiast eller nysgerrig l\u00e6rer kan du v\u00e6re interesseret i at se n\u00e6rmere p\u00e5 et af de klassiske sprog i Indien &#8211; Kannada. Kannada er et dravidisk sprog, der overvejende tales i den sydlige delstat Karnataka. Det er modersm\u00e5l for cirka 44 millioner mennesker, hvilket g\u00f8r det til et af de st\u00f8rste indiske sprog. Lad os dykke dybt ned i Kannada-grammatikkens fascinerende verden og l\u00e6re mere om dette smukke sprog.<\/p>\n\n\n\n<h3 class=\"wp-block-heading\" id=\"h-the-linguistic-alphabet-kannada-script\">Det sproglige alfabet: Kannada-script<\/h3>\n\n\n\n<p>Kannada-skriptet, ogs\u00e5 kendt som &#8220;\u0c95\u0ca8\u0ccd\u0ca8\u0ca1 \u0cb2\u0cbf\u0caa\u0cbf&#8221; (Kannada Lipi), er en abugida &#8211; et skriftsystem med stavelsesalfabeter. Hvert bogstav repr\u00e6senterer en anden konsonant-vokalkombination. Scriptet best\u00e5r af 49 tegn, herunder 34 konsonanter og 13 vokaler. Kannada-skriftet har et visuelt s\u00e6rpr\u00e6g og er en vidunderlig unik m\u00e5de at formidle sprogets lyde og betydninger p\u00e5.<\/p>\n\n\n\n<h3 class=\"wp-block-heading\" id=\"h-nouns-pronouns-and-cases-more-than-meets-the-eye\">Substantiver, pronomen og kasus &#8211; mere end \u00f8jet m\u00f8der<\/h3>\n\n\n\n<p>Kannada substantiver er unikke p\u00e5 grund af deres forkortelsessystem &#8211; de f\u00f8lger et kasussystem ligesom andre dravidiske sprog. Der er otte tilf\u00e6lde i Kannada, som hj\u00e6lper med at definere forholdet mellem substantivet og de andre ord i s\u00e6tningen: nominativ, akkusativ, instrumental, dativ, ablativ, genitiv, lokativ og vokativ. Substantiver i Kannada klassificeres ogs\u00e5 efter k\u00f8n (maskulin, feminin og neutral) og antal (ental, flertal og dobbelt &#8211; et sj\u00e6ldent tr\u00e6k blandt indiske sprog).<\/p>\n\n\n\n<p>Pronomen i Kannada er ogs\u00e5 fascinerende. De b\u00e6rer sondringer for hver person (f\u00f8rste, anden og tredje), tal (ental, flertal og dobbelt) og k\u00f8n (maskulin, feminin og kastreret). Derudover har Kannada flere \u00e6restiltaleformer, som viser sprogets kulturelle aspekter af respekt og h\u00f8flighed.<\/p>\n\n\n\n<h3 class=\"wp-block-heading\" id=\"h-venturing-into-verbs-tenses-aspects-and-moods\">Vover sig ind i verber: tider, aspekter og stemninger<\/h3>\n\n\n\n<p><a href=\"https:\/\/talkpal.ai\/culture\/what-are-the-best-strategies-for-mastering-kannada-verb-conjugations\/\">Kannada verb<\/a> er pr\u00e6get af et rigt system af konjugation. Verber b\u00f8jes efter tid (fortid, nutid og fremtid), aspekt (perfektiv eller ufuldkommen) og hum\u00f8r (vejledende, <a href=\"https:\/\/talkpal.ai\/ja\/grammar_exercises\/imperatif-%e3%83%95%e3%83%a9%e3%83%b3%e3%82%b9%e3%81%ae%e6%96%87%e6%b3%95%e3%81%ae%e3%81%9f%e3%82%81%e3%81%ae%e6%bc%94%e7%bf%92\/\">imperativ<\/a> og betinget). Yderligere kompleksitet tilf\u00f8jes med tilstedev\u00e6relsen af \u00e5rsagsord og passive og aktive stemmer. Konjugationen afh\u00e6nger af person, antal og k\u00f8n, hvilket g\u00f8r Kannada-verbformer meget b\u00f8jede og indviklede.<\/p>\n\n\n\n<h3 class=\"wp-block-heading\" id=\"h-adjectives-adverbs-and-more\">Adjektiver, adverb og mere<\/h3>\n\n\n\n<p>Kannada-adjektiver og tal stemmer overens med de navneord, de \u00e6ndrer med hensyn til k\u00f8n, antal og store og sm\u00e5 bogstaver. Adjektiver kan b\u00f8jes p\u00e5 samme m\u00e5de som navneord og kan endda kombineres til dannelse af adverb. Sproget bruger ogs\u00e5 forskellige konjunktioner, partikler og pr\u00e6positioner til at samle s\u00e6tninger og deres komponenter til en sammenh\u00e6ngende og udtryksfuld helhed.<\/p>\n\n\n\n<h3 class=\"wp-block-heading\" id=\"h-embracing-the-beauty-of-kannada-grammar\">Omfavnelse af sk\u00f8nheden i Kannada-grammatik<\/h3>\n\n\n\n<p>Kannada-grammatikkens verden er lige s\u00e5 fascinerende, som den er kompleks. Det indviklede kasussystem, unikke script og st\u00e6rkt b\u00f8jede verbformer giver Kannada sin charme og rigdom. Ved at dykke ned i dette uds\u00f8gte sprogs riger f\u00e5r du en dybere forst\u00e5else af Indiens sproglige og kulturelle mangfoldighed.<\/p>\n\n\n\n<p>S\u00e5 hvorfor ikke udforske sk\u00f8nheden i Kannada yderligere? Med lidenskab og nysgerrighed kan du snart finde dig selv at nyde den fantastiske litteratur, biograf og musik p\u00e5 dette majest\u00e6tiske sprog. God forn\u00f8jelse med at l\u00e6re!<\/p>\n<\/div><\/div>\n\r\n<section class=\"learnNavigationSection\">\r\n            \r\n        <a href=\"https:\/\/talkpal.ai\/da\/laer-kannada\/\">\r\n            <div class=\"learnNavigationWrapper\">\r\n                <div class=\"learnNavigationContent\">\r\n                    <img decoding=\"async\" src=\"https:\/\/talkpal.ai\/wp-content\/uploads\/2024\/08\/Kannada.jpg\" alt=\"Indian Simplified Flag\">\r\n                    <div>\r\n                        <h4>Om Kannada Learning<\/h4>\r\n                        <p>Find ud af alt om Kannada grammatik.<\/p>\r\n                    <\/div>\r\n                <\/div>\r\n            <\/div>\r\n        <\/a>\r\n\r\n        \r\n        <a href=\"https:\/\/talkpal.ai\/da\/kannada-grammatik-oevelser\/\">\r\n            <div class=\"learnNavigationWrapper\">\r\n                <div class=\"learnNavigationContent\">\r\n                    <img decoding=\"async\" src=\"https:\/\/talkpal.ai\/wp-content\/uploads\/2024\/08\/Kannada.jpg\" alt=\"Indian Simplified Flag\">\r\n                    <div>\r\n                        <h4>Kannada-grammatik-\u00f8velse<\/h4>\r\n                        <p>\u00d8v Kannada grammatik.<\/p>\r\n                    <\/div>\r\n                <\/div>\r\n            <\/div>\r\n        <\/a>\r\n\r\n        \r\n        <a href=\"https:\/\/talkpal.ai\/vocabulary_language\/kannada\/\">\r\n            <div class=\"learnNavigationWrapper\">\r\n                <div class=\"learnNavigationContent\">\r\n                    <img decoding=\"async\" src=\"https:\/\/talkpal.ai\/wp-content\/uploads\/2024\/08\/Kannada.jpg\" alt=\"Indian Simplified Flag\">\r\n                    <div>\r\n                        <h4>Kannada-ordforr\u00e5d<\/h4>\r\n                        <p>Udvid dit Kannada-ordforr\u00e5d.<\/p>\r\n                    <\/div>\r\n                <\/div>\r\n            <\/div>\r\n        <\/a>\r\n\r\n            <\/section>","protected":false},"excerpt":{"rendered":"<p>Kannada-grammatik: Et indblik i det dravidiske sprogs rigdom Har du nogensinde spekuleret p\u00e5 Indiens sproglige mangfoldighed? Som sprogentusiast eller nysgerrig l\u00e6rer kan du v\u00e6re interesseret i at se n\u00e6rmere p\u00e5 et af de klassiske sprog i Indien &#8211; Kannada. Kannada er et dravidisk sprog, der overvejende tales i den sydlige delstat Karnataka. Det er modersm\u00e5l [&hellip;]<\/p>\n","protected":false},"author":1,"featured_media":113705,"parent":0,"menu_order":0,"comment_status":"closed","ping_status":"closed","template":"LearningContentPage.php","meta":{"_acf_changed":false,"footnotes":""},"class_list":["post-145641","page","type-page","status-publish","has-post-thumbnail","hentry"],"acf":[],"yoast_head":"<!-- This site is optimized with the Yoast SEO Premium plugin v27.2 (Yoast SEO v27.2) - https:\/\/yoast.com\/product\/yoast-seo-premium-wordpress\/ -->\n<title>Kannada grammatik - Talkpal<\/title>\n<meta name=\"description\" content=\"L\u00e6r Kannada-grammatik med selvtillid - forst\u00e5 de vigtigste regler, sk\u00e6rp s\u00e6tningskonstruktionen, og \u00f8g sproget\" \/>\n<meta name=\"robots\" content=\"index, follow, max-snippet:-1, max-image-preview:large, max-video-preview:-1\" \/>\n<link rel=\"canonical\" href=\"https:\/\/talkpal.ai\/da\/kannada-grammatik\/\" \/>\n<meta property=\"og:locale\" content=\"da_DK\" \/>\n<meta property=\"og:type\" content=\"article\" \/>\n<meta property=\"og:title\" content=\"Kannada grammatik\" \/>\n<meta property=\"og:description\" content=\"Kannada-grammatik: Et indblik i det dravidiske sprogs rigdom Har du nogensinde spekuleret p\u00e5 Indiens sproglige mangfoldighed? Som sprogentusiast eller\" \/>\n<meta property=\"og:url\" content=\"https:\/\/talkpal.ai\/da\/kannada-grammatik\/\" \/>\n<meta property=\"og:site_name\" content=\"Talkpal\" \/>\n<meta property=\"article:publisher\" content=\"https:\/\/www.facebook.com\/profile.php?id=100090733639311\" \/>\n<meta property=\"article:modified_time\" content=\"2025-12-11T16:24:10+00:00\" \/>\n<meta property=\"og:image\" content=\"https:\/\/talkpal.ai\/wp-content\/uploads\/2023\/05\/Kannada-india.png\" \/>\n\t<meta property=\"og:image:width\" content=\"512\" \/>\n\t<meta property=\"og:image:height\" content=\"512\" \/>\n\t<meta property=\"og:image:type\" content=\"image\/png\" \/>\n<meta name=\"twitter:card\" content=\"summary_large_image\" \/>\n<meta name=\"twitter:site\" content=\"@talkpalai\" \/>\n<meta name=\"twitter:label1\" content=\"Estimeret l\u00e6setid\" \/>\n\t<meta name=\"twitter:data1\" content=\"3 minutter\" \/>\n<script type=\"application\/ld+json\" class=\"yoast-schema-graph\">{\"@context\":\"https:\/\/schema.org\",\"@graph\":[{\"@type\":\"WebPage\",\"@id\":\"https:\/\/talkpal.ai\/da\/kannada-grammatik\/\",\"url\":\"https:\/\/talkpal.ai\/da\/kannada-grammatik\/\",\"name\":\"Kannada grammatik - Talkpal\",\"isPartOf\":{\"@id\":\"https:\/\/talkpal.ai\/da\/#website\"},\"primaryImageOfPage\":{\"@id\":\"https:\/\/talkpal.ai\/da\/kannada-grammatik\/#primaryimage\"},\"image\":{\"@id\":\"https:\/\/talkpal.ai\/da\/kannada-grammatik\/#primaryimage\"},\"thumbnailUrl\":\"https:\/\/talkpal.ai\/wp-content\/uploads\/2023\/05\/Kannada-india.png\",\"datePublished\":\"2023-05-14T14:09:47+00:00\",\"dateModified\":\"2025-12-11T16:24:10+00:00\",\"description\":\"L\u00e6r Kannada-grammatik med selvtillid - forst\u00e5 de vigtigste regler, sk\u00e6rp s\u00e6tningskonstruktionen, og \u00f8g sproget\",\"breadcrumb\":{\"@id\":\"https:\/\/talkpal.ai\/da\/kannada-grammatik\/#breadcrumb\"},\"inLanguage\":\"da-DK\",\"potentialAction\":[{\"@type\":\"ReadAction\",\"target\":[\"https:\/\/talkpal.ai\/da\/kannada-grammatik\/\"]}]},{\"@type\":\"ImageObject\",\"inLanguage\":\"da-DK\",\"@id\":\"https:\/\/talkpal.ai\/da\/kannada-grammatik\/#primaryimage\",\"url\":\"https:\/\/talkpal.ai\/wp-content\/uploads\/2023\/05\/Kannada-india.png\",\"contentUrl\":\"https:\/\/talkpal.ai\/wp-content\/uploads\/2023\/05\/Kannada-india.png\",\"width\":512,\"height\":512},{\"@type\":\"BreadcrumbList\",\"@id\":\"https:\/\/talkpal.ai\/da\/kannada-grammatik\/#breadcrumb\",\"itemListElement\":[{\"@type\":\"ListItem\",\"position\":1,\"name\":\"Homepage\",\"item\":\"https:\/\/talkpal.ai\/da\/\"},{\"@type\":\"ListItem\",\"position\":2,\"name\":\"Kannada grammatik\"}]},{\"@type\":\"WebSite\",\"@id\":\"https:\/\/talkpal.ai\/da\/#website\",\"url\":\"https:\/\/talkpal.ai\/da\/\",\"name\":\"Talkpal\",\"description\":\"AI Language Learning\",\"publisher\":{\"@id\":\"https:\/\/talkpal.ai\/da\/#organization\"},\"alternateName\":\"Talkpal AI\",\"potentialAction\":[{\"@type\":\"SearchAction\",\"target\":{\"@type\":\"EntryPoint\",\"urlTemplate\":\"https:\/\/talkpal.ai\/da\/?s={search_term_string}\"},\"query-input\":{\"@type\":\"PropertyValueSpecification\",\"valueRequired\":true,\"valueName\":\"search_term_string\"}}],\"inLanguage\":\"da-DK\"},{\"@type\":\"Organization\",\"@id\":\"https:\/\/talkpal.ai\/da\/#organization\",\"name\":\"Talkpal, Inc.\",\"alternateName\":\"Talkpal AI\",\"url\":\"https:\/\/talkpal.ai\/da\/\",\"logo\":{\"@type\":\"ImageObject\",\"inLanguage\":\"da-DK\",\"@id\":\"https:\/\/talkpal.ai\/da\/#\/schema\/logo\/image\/\",\"url\":\"https:\/\/talkpal.ai\/wp-content\/uploads\/2024\/03\/Talkpal-Logo-Icon.png\",\"contentUrl\":\"https:\/\/talkpal.ai\/wp-content\/uploads\/2024\/03\/Talkpal-Logo-Icon.png\",\"width\":2880,\"height\":2880,\"caption\":\"Talkpal, Inc.\"},\"image\":{\"@id\":\"https:\/\/talkpal.ai\/da\/#\/schema\/logo\/image\/\"},\"sameAs\":[\"https:\/\/www.facebook.com\/profile.php?id=100090733639311\",\"https:\/\/x.com\/talkpalai\",\"https:\/\/www.linkedin.com\/company\/talkpal\/\",\"https:\/\/www.youtube.com\/@TalkPal\/\",\"https:\/\/www.tiktok.com\/@talkpal\",\"https:\/\/www.instagram.com\/talkpal_ai\/\",\"https:\/\/www.crunchbase.com\/organization\/talkpal-9cde\",\"https:\/\/www.g2.com\/products\/talkpal-for-business\/\",\"https:\/\/www.trustpilot.com\/review\/talkpal.ai\",\"https:\/\/www.capterra.com\/p\/10006800\/TalkPal\/\"],\"description\":\"Talkpal is a language learning web and mobile education app, powered by the latest AI technologies, that provides engaging experiences to its customers in many different languages to help them improve their language skills. Users can chat about unlimited amount of topics with the app and use other modes to practice their language learning.\",\"email\":\"support@talkpal.ai\",\"legalName\":\"Talkpal, Inc.\",\"foundingDate\":\"2023-04-03\",\"duns\":\"118989042\",\"numberOfEmployees\":{\"@type\":\"QuantitativeValue\",\"minValue\":\"11\",\"maxValue\":\"50\"},\"publishingPrinciples\":\"https:\/\/talkpal.ai\/publishing-principles\/\",\"actionableFeedbackPolicy\":\"https:\/\/talkpal.ai\/actionable-feedback-policy\/\",\"correctionsPolicy\":\"https:\/\/talkpal.ai\/corrections-policy\/\",\"ethicsPolicy\":\"https:\/\/talkpal.ai\/ethics-policy\/\",\"diversityPolicy\":\"https:\/\/talkpal.ai\/diversity-policy\/\",\"diversityStaffingReport\":\"https:\/\/talkpal.ai\/diversity-policy\/\"}]}<\/script>\n<!-- \/ Yoast SEO Premium plugin. -->","yoast_head_json":{"title":"Kannada grammatik - Talkpal","description":"L\u00e6r Kannada-grammatik med selvtillid - forst\u00e5 de vigtigste regler, sk\u00e6rp s\u00e6tningskonstruktionen, og \u00f8g sproget","robots":{"index":"index","follow":"follow","max-snippet":"max-snippet:-1","max-image-preview":"max-image-preview:large","max-video-preview":"max-video-preview:-1"},"canonical":"https:\/\/talkpal.ai\/da\/kannada-grammatik\/","og_locale":"da_DK","og_type":"article","og_title":"Kannada grammatik","og_description":"Kannada-grammatik: Et indblik i det dravidiske sprogs rigdom Har du nogensinde spekuleret p\u00e5 Indiens sproglige mangfoldighed? Som sprogentusiast eller","og_url":"https:\/\/talkpal.ai\/da\/kannada-grammatik\/","og_site_name":"Talkpal","article_publisher":"https:\/\/www.facebook.com\/profile.php?id=100090733639311","article_modified_time":"2025-12-11T16:24:10+00:00","og_image":[{"width":512,"height":512,"url":"https:\/\/talkpal.ai\/wp-content\/uploads\/2023\/05\/Kannada-india.png","type":"image\/png"}],"twitter_card":"summary_large_image","twitter_site":"@talkpalai","twitter_misc":{"Estimeret l\u00e6setid":"3 minutter"},"schema":{"@context":"https:\/\/schema.org","@graph":[{"@type":"WebPage","@id":"https:\/\/talkpal.ai\/da\/kannada-grammatik\/","url":"https:\/\/talkpal.ai\/da\/kannada-grammatik\/","name":"Kannada grammatik - Talkpal","isPartOf":{"@id":"https:\/\/talkpal.ai\/da\/#website"},"primaryImageOfPage":{"@id":"https:\/\/talkpal.ai\/da\/kannada-grammatik\/#primaryimage"},"image":{"@id":"https:\/\/talkpal.ai\/da\/kannada-grammatik\/#primaryimage"},"thumbnailUrl":"https:\/\/talkpal.ai\/wp-content\/uploads\/2023\/05\/Kannada-india.png","datePublished":"2023-05-14T14:09:47+00:00","dateModified":"2025-12-11T16:24:10+00:00","description":"L\u00e6r Kannada-grammatik med selvtillid - forst\u00e5 de vigtigste regler, sk\u00e6rp s\u00e6tningskonstruktionen, og \u00f8g sproget","breadcrumb":{"@id":"https:\/\/talkpal.ai\/da\/kannada-grammatik\/#breadcrumb"},"inLanguage":"da-DK","potentialAction":[{"@type":"ReadAction","target":["https:\/\/talkpal.ai\/da\/kannada-grammatik\/"]}]},{"@type":"ImageObject","inLanguage":"da-DK","@id":"https:\/\/talkpal.ai\/da\/kannada-grammatik\/#primaryimage","url":"https:\/\/talkpal.ai\/wp-content\/uploads\/2023\/05\/Kannada-india.png","contentUrl":"https:\/\/talkpal.ai\/wp-content\/uploads\/2023\/05\/Kannada-india.png","width":512,"height":512},{"@type":"BreadcrumbList","@id":"https:\/\/talkpal.ai\/da\/kannada-grammatik\/#breadcrumb","itemListElement":[{"@type":"ListItem","position":1,"name":"Homepage","item":"https:\/\/talkpal.ai\/da\/"},{"@type":"ListItem","position":2,"name":"Kannada grammatik"}]},{"@type":"WebSite","@id":"https:\/\/talkpal.ai\/da\/#website","url":"https:\/\/talkpal.ai\/da\/","name":"Talkpal","description":"AI Language Learning","publisher":{"@id":"https:\/\/talkpal.ai\/da\/#organization"},"alternateName":"Talkpal AI","potentialAction":[{"@type":"SearchAction","target":{"@type":"EntryPoint","urlTemplate":"https:\/\/talkpal.ai\/da\/?s={search_term_string}"},"query-input":{"@type":"PropertyValueSpecification","valueRequired":true,"valueName":"search_term_string"}}],"inLanguage":"da-DK"},{"@type":"Organization","@id":"https:\/\/talkpal.ai\/da\/#organization","name":"Talkpal, Inc.","alternateName":"Talkpal AI","url":"https:\/\/talkpal.ai\/da\/","logo":{"@type":"ImageObject","inLanguage":"da-DK","@id":"https:\/\/talkpal.ai\/da\/#\/schema\/logo\/image\/","url":"https:\/\/talkpal.ai\/wp-content\/uploads\/2024\/03\/Talkpal-Logo-Icon.png","contentUrl":"https:\/\/talkpal.ai\/wp-content\/uploads\/2024\/03\/Talkpal-Logo-Icon.png","width":2880,"height":2880,"caption":"Talkpal, Inc."},"image":{"@id":"https:\/\/talkpal.ai\/da\/#\/schema\/logo\/image\/"},"sameAs":["https:\/\/www.facebook.com\/profile.php?id=100090733639311","https:\/\/x.com\/talkpalai","https:\/\/www.linkedin.com\/company\/talkpal\/","https:\/\/www.youtube.com\/@TalkPal\/","https:\/\/www.tiktok.com\/@talkpal","https:\/\/www.instagram.com\/talkpal_ai\/","https:\/\/www.crunchbase.com\/organization\/talkpal-9cde","https:\/\/www.g2.com\/products\/talkpal-for-business\/","https:\/\/www.trustpilot.com\/review\/talkpal.ai","https:\/\/www.capterra.com\/p\/10006800\/TalkPal\/"],"description":"Talkpal is a language learning web and mobile education app, powered by the latest AI technologies, that provides engaging experiences to its customers in many different languages to help them improve their language skills. Users can chat about unlimited amount of topics with the app and use other modes to practice their language learning.","email":"support@talkpal.ai","legalName":"Talkpal, Inc.","foundingDate":"2023-04-03","duns":"118989042","numberOfEmployees":{"@type":"QuantitativeValue","minValue":"11","maxValue":"50"},"publishingPrinciples":"https:\/\/talkpal.ai\/publishing-principles\/","actionableFeedbackPolicy":"https:\/\/talkpal.ai\/actionable-feedback-policy\/","correctionsPolicy":"https:\/\/talkpal.ai\/corrections-policy\/","ethicsPolicy":"https:\/\/talkpal.ai\/ethics-policy\/","diversityPolicy":"https:\/\/talkpal.ai\/diversity-policy\/","diversityStaffingReport":"https:\/\/talkpal.ai\/diversity-policy\/"}]}},"_links":{"self":[{"href":"https:\/\/talkpal.ai\/da\/wp-json\/wp\/v2\/pages\/145641","targetHints":{"allow":["GET"]}}],"collection":[{"href":"https:\/\/talkpal.ai\/da\/wp-json\/wp\/v2\/pages"}],"about":[{"href":"https:\/\/talkpal.ai\/da\/wp-json\/wp\/v2\/types\/page"}],"author":[{"embeddable":true,"href":"https:\/\/talkpal.ai\/da\/wp-json\/wp\/v2\/users\/1"}],"replies":[{"embeddable":true,"href":"https:\/\/talkpal.ai\/da\/wp-json\/wp\/v2\/comments?post=145641"}],"version-history":[{"count":0,"href":"https:\/\/talkpal.ai\/da\/wp-json\/wp\/v2\/pages\/145641\/revisions"}],"wp:featuredmedia":[{"embeddable":true,"href":"https:\/\/talkpal.ai\/da\/wp-json\/wp\/v2\/media\/113705"}],"wp:attachment":[{"href":"https:\/\/talkpal.ai\/da\/wp-json\/wp\/v2\/media?parent=145641"}],"curies":[{"name":"wp","href":"https:\/\/api.w.org\/{rel}","templated":true}]}}