{"id":145299,"date":"2023-05-14T14:09:29","date_gmt":"2023-05-14T14:09:29","guid":{"rendered":"http:\/\/talkpal.ai\/indonesisk-grammatik\/"},"modified":"2025-12-13T15:43:55","modified_gmt":"2025-12-13T15:43:55","slug":"indonesisk-grammatik","status":"publish","type":"page","link":"https:\/\/talkpal.ai\/da\/indonesisk-grammatik\/","title":{"rendered":"Indonesisk grammatik"},"content":{"rendered":"\r\n\r\n\r\n<section class=\"languageChallengeSection\">\r\n    <div class=\"languageInfoWrapper\">\r\n        \r\n        <h1>Indonesisk grammatik<\/h1>\r\n        <p>Er du interesseret i at l\u00e6re <a href=\"https:\/\/talkpal.ai\/learn-indonesian\/\">indonesisk<\/a>? Med sin enkle <a href=\"https:\/\/talkpal.ai\/fr\/les\/\">grammatik<\/a> &#8211; ingen verbalb\u00f8jninger, ingen navneordsk\u00f8n og enkel s\u00e6tningsstruktur &#8211; er indonesisk et af de mest elevvenlige <a href=\"https:\/\/talkpal.ai\/what-language-is-spoken-on-the-international-space-station\/\">sprog<\/a>. Start din rejse i dag og se, hvordan forst\u00e5else af <a href=\"https:\/\/talkpal.ai\/da\/laer-indonesisk\/\">indonesisk grammatik<\/a> hurtigt kan \u00e5bne op for en verden af kommunikation og levende kulturelle oplevelser!<\/p>\r\n\r\n                            <a class=\"getStartedHidden\" href=\"https:\/\/app.talkpal.ai\/da\/signup?lng=\">Kom i gang<\/a>\r\n        \r\n    <\/div>\r\n\r\n    <figure>\r\n    <img decoding=\"async\" width=\"768\" height=\"768\" src=\"https:\/\/talkpal.ai\/wp-content\/uploads\/2023\/06\/indonesia-768x768.png\" class=\"languageImage no-lazy\" alt=\"Language learning for personal achievement\" fetchpriority=\"high\" sizes=\"(max-width: 768px) 150px, 768px\" srcset=\"https:\/\/talkpal.ai\/wp-content\/uploads\/2023\/06\/indonesia-768x768.png 768w, https:\/\/talkpal.ai\/wp-content\/uploads\/2023\/06\/indonesia-300x300.png 300w\" \/>\r\n    \r\n\r\n    <\/figure>\r\n\r\n            <a class=\"getStartedVisible\" href=\"https:\/\/app.talkpal.ai\/da\/signup?lng=\">Kom i gang<\/a>\r\n    \r\n<\/section>\r\n<section class=\"promotionalBanner\">\r\n    <p class=\"promotionalText\"><\/p>\r\n    <a class=\"promotionalLink\" href=\"https:\/\/app.talkpal.ai\/da\/signup?lng=\"><\/a>\r\n<\/section>\n<div class=\"wp-block-group pageContainerStyle\"><div class=\"wp-block-group__inner-container is-layout-constrained wp-block-group-is-layout-constrained\">\n<h2 class=\"wp-block-heading\" id=\"h-the-wonders-of-indonesian-grammar-a-guide-for-language-learners\">Den indonesiske grammatiks vidundere: En guide til sprogelever<\/h2>\n\n\n\n<p><a href=\"https:\/\/talkpal.ai\/da\/laer-indonesisk\/\">Indonesisk grammatik<\/a> &#8211; enkel, men elegant, indbydende, men engagerende, tilg\u00e6ngelig, men f\u00e6ngslende. N\u00e5r du g\u00e5r ud p\u00e5 din rejse for at l\u00e6re det indonesiske sprog, kan du v\u00e6re sikker p\u00e5 at omfavne dets grammatik vil v\u00e6re en forn\u00f8jelig oplevelse. Med denne artikel sigter vi mod at give dig en forst\u00e5else af de vigtigste aspekter af indonesisk grammatik og hj\u00e6lpe dig med at omfavne sk\u00f8nheden i dette syd\u00f8stasiatiske sprog.<\/p>\n\n\n\n<p>Lad os dykke ned i de grundl\u00e6ggende elementer i indonesisk grammatik med forklaringer og eksempler, der g\u00f8r reglerne og begreberne dejligt klare. S\u00e5 l\u00e6n dig tilbage, slap af og lad os afsl\u00f8re de fascinerende hemmeligheder i indonesisk grammatik for dig.<\/p>\n\n\n\n<h3 class=\"wp-block-heading\" id=\"h-1-nouns-no-genders-no-plurals-no-stress\">1. Substantiver: ingen k\u00f8n, ingen flertal, ingen stress!<\/h3>\n\n\n\n<p>Et af de mest forfriskende aspekter af indonesisk grammatik er enkelheden i dets substantivsystem. Indonesiske navneord har ikke k\u00f8ns- eller flertalsformer. Det betyder, at man siger &#8220;anjing&#8221; (hund), uanset om man taler om en hvalp eller en gruppe voksne hunde.<\/p>\n\n\n\n<p>For at angive en flertalsform kan du enten gentage navneordet (f.eks. &#8220;anak-anak&#8221; for &#8220;b\u00f8rn&#8221;) eller bruge en m\u00e6ngdebetegnelse som &#8220;banyak&#8221; (mange) eller &#8220;beberapa&#8221; (nogle). S\u00e5dan er det! Er det ikke et frisk pust i forhold til andre sprog?<\/p>\n\n\n\n<h3 class=\"wp-block-heading\" id=\"h-2-pronouns-staying-humble-and-respectful\">2. Pronomen: Forbliv ydmyg og respektfuld<\/h3>\n\n\n\n<p>Indonesisk grammatik g\u00f8r brug af forskellige pronomen baseret p\u00e5 forskellige niveauer af formalitet. Brug af det passende pronomen, n\u00e5r du henvender dig til nogen, er afg\u00f8rende for at vise respekt og ydmyghed. For eksempel er &#8220;aku&#8221; (jeg\/mig) afslappet og intimt, &#8220;saya&#8221; er h\u00f8fligt og neutralt, og &#8220;saya&#8221; er formelt og ydmygt. P\u00e5 samme m\u00e5de er &#8220;kamu&#8221; (du) uformelt, &#8220;Anda&#8221; er h\u00f8fligt, og &#8220;Bapak\/Ibu&#8221; (Sir\/Madam) er forbeholdt meget formelle situationer.<\/p>\n\n\n\n<p>Husk, at det altid er en god id\u00e9 at v\u00e6re h\u00f8flig i <a href=\"https:\/\/talkpal.ai\/talkpal-new-years-discount\/\">nye<\/a> eller usikre situationer.<\/p>\n\n\n\n<h3 class=\"wp-block-heading\" id=\"h-3-verbs-no-conjugations-but-prefixes-and-suffixes-galore\">3. Verber: Ingen b\u00f8jninger, men pr\u00e6fikser og suffikser i massevis!<\/h3>\n\n\n\n<p>Indonesiske verber forbliver u\u00e6ndrede uanset tid, hum\u00f8r eller emne, hvilket g\u00f8r dem meget enklere end verber p\u00e5 mange andre sprog. Men du bliver n\u00f8dt til at <a href=\"https:\/\/talkpal.ai\/locations\/language-courses-in-mestre\/\">mestre<\/a> brugen af pr\u00e6fikser og suffikser for at \u00e6ndre verbets betydning.<\/p>\n\n\n\n<p>Nogle almindelige pr\u00e6fikser er &#8220;me-&#8221; (aktive verber), &#8220;di-&#8221; (passive verber) og &#8220;ber-&#8221; (stative verber). Almindelige suffikser er &#8220;-kan&#8221; (kausative verber) og &#8220;-i&#8221; (transitive verber). For eksempel betyder &#8220;makan&#8221; &#8220;at spise&#8221;, &#8220;memakan&#8221; betyder &#8220;at indtage&#8221;, og &#8220;dimakan&#8221; betyder &#8220;at blive spist&#8221;.<\/p>\n\n\n\n<h3 class=\"wp-block-heading\" id=\"h-4-word-order-subject-verb-object-simplicity\">4. Ordr\u00e6kkef\u00f8lge: Emne-verbum-objekt enkelhed!<\/h3>\n\n\n\n<p>Indonesisk grammatik f\u00f8lger en ligetil Subject-Verb-Object (SVO) ordr\u00e6kkef\u00f8lge, der ligner engelsk. Dette g\u00f8r s\u00e6tningskonstruktion og forst\u00e5else meget lettere for engelsktalende. For eksempel kan &#8220;Saya memakan pisang&#8221; overs\u00e6ttes direkte til &#8220;Jeg (subjekt) spiser (verbum) banan (objekt)&#8221;.<\/p>\n\n\n\n<h3 class=\"wp-block-heading\" id=\"h-5-immerse-yourself-in-indonesian-practice-makes-perfect\">5. Fordyb dig i indonesisk: \u00f8velse g\u00f8r mester<\/h3>\n\n\n\n<p>Sk\u00f8nheden i indonesisk grammatik ligger i dens enkelhed og tilg\u00e6ngelighed. Regelm\u00e6ssig praksis gennem l\u00e6sning, skrivning, lytning og tale hj\u00e6lper dig med at mestre sproget og dets grammatik. Omfavn udfordringerne, overvind kompleksiteten, og l\u00e5s op for det indonesiske sprogs sande charme.<\/p>\n\n\n\n<p>S\u00e5 er du klar til at dykke ned i vidunderne i indonesisk grammatik? G\u00e5 til det med tillid og nysgerrighed, og med engagement og sp\u00e6nding kan du snart blive en veltalende indonesisk h\u00f8jttaler. Selamat belajar! (God forn\u00f8jelse med at studere!)<\/p>\n<\/div><\/div>\n\r\n<section class=\"learnNavigationSection\">\r\n            \r\n        <a href=\"https:\/\/talkpal.ai\/da\/laer-indonesisk\/\">\r\n            <div class=\"learnNavigationWrapper\">\r\n                <div class=\"learnNavigationContent\">\r\n                    <img decoding=\"async\" src=\"https:\/\/talkpal.ai\/wp-content\/uploads\/2024\/08\/Indonesian.jpg\" alt=\"Indonesian Flag\">\r\n                    <div>\r\n                        <h4>Om indonesisk l\u00e6ring<\/h4>\r\n                        <p>Find ud af alt om indonesisk grammatik.<\/p>\r\n                    <\/div>\r\n                <\/div>\r\n            <\/div>\r\n        <\/a>\r\n\r\n        \r\n        <a href=\"https:\/\/talkpal.ai\/da\/indonesiske-grammatikoevelser\/\">\r\n            <div class=\"learnNavigationWrapper\">\r\n                <div class=\"learnNavigationContent\">\r\n                    <img decoding=\"async\" src=\"https:\/\/talkpal.ai\/wp-content\/uploads\/2024\/08\/Indonesian.jpg\" alt=\"Indonesian Flag\">\r\n                    <div>\r\n                        <h4>\u00d8velse i indonesisk grammatik<\/h4>\r\n                        <p>\u00d8v indonesisk grammatik.<\/p>\r\n                    <\/div>\r\n                <\/div>\r\n            <\/div>\r\n        <\/a>\r\n\r\n        \r\n        <a href=\"https:\/\/talkpal.ai\/vocabulary_language\/indonesian\/\">\r\n            <div class=\"learnNavigationWrapper\">\r\n                <div class=\"learnNavigationContent\">\r\n                    <img decoding=\"async\" src=\"https:\/\/talkpal.ai\/wp-content\/uploads\/2024\/08\/Indonesian.jpg\" alt=\"Indonesian Flag\">\r\n                    <div>\r\n                        <h4>Indonesisk ordforr\u00e5d<\/h4>\r\n                        <p>Udvid dit indonesiske ordforr\u00e5d.<\/p>\r\n                    <\/div>\r\n                <\/div>\r\n            <\/div>\r\n        <\/a>\r\n\r\n            <\/section>","protected":false},"excerpt":{"rendered":"<p>Den indonesiske grammatiks vidundere: En guide til sprogelever Indonesisk grammatik &#8211; enkel, men elegant, indbydende, men engagerende, tilg\u00e6ngelig, men f\u00e6ngslende. N\u00e5r du g\u00e5r ud p\u00e5 din rejse for at l\u00e6re det indonesiske sprog, kan du v\u00e6re sikker p\u00e5 at omfavne dets grammatik vil v\u00e6re en forn\u00f8jelig oplevelse. Med denne artikel sigter vi mod at give [&hellip;]<\/p>\n","protected":false},"author":1,"featured_media":113934,"parent":0,"menu_order":0,"comment_status":"closed","ping_status":"closed","template":"LearningContentPage.php","meta":{"_acf_changed":false,"footnotes":""},"class_list":["post-145299","page","type-page","status-publish","has-post-thumbnail","hentry"],"acf":[],"yoast_head":"<!-- This site is optimized with the Yoast SEO Premium plugin v27.2 (Yoast SEO v27.2) - https:\/\/yoast.com\/product\/yoast-seo-premium-wordpress\/ -->\n<title>Indonesisk grammatik - Talkpal<\/title>\n<meta name=\"description\" content=\"Behersk indonesisk grammatik uden besv\u00e6r med Talkpal&#039;s AI-sprogindl\u00e6ringsapp. Kommuniker trygt ved hj\u00e6lp af Talkpal&#039;s AI-drevne vejledning.\" \/>\n<meta name=\"robots\" content=\"index, follow, max-snippet:-1, max-image-preview:large, max-video-preview:-1\" \/>\n<link rel=\"canonical\" href=\"https:\/\/talkpal.ai\/da\/indonesisk-grammatik\/\" \/>\n<meta property=\"og:locale\" content=\"da_DK\" \/>\n<meta property=\"og:type\" content=\"article\" \/>\n<meta property=\"og:title\" content=\"Indonesisk grammatik\" \/>\n<meta property=\"og:description\" content=\"Den indonesiske grammatiks vidundere: En guide til sprogelever Indonesisk grammatik - enkel, men elegant, indbydende, men engagerende, tilg\u00e6ngelig, men\" \/>\n<meta property=\"og:url\" content=\"https:\/\/talkpal.ai\/da\/indonesisk-grammatik\/\" \/>\n<meta property=\"og:site_name\" content=\"Talkpal\" \/>\n<meta property=\"article:publisher\" content=\"https:\/\/www.facebook.com\/profile.php?id=100090733639311\" \/>\n<meta property=\"article:modified_time\" content=\"2025-12-13T15:43:55+00:00\" \/>\n<meta property=\"og:image\" content=\"https:\/\/talkpal.ai\/wp-content\/uploads\/2023\/05\/indonesia.png\" \/>\n\t<meta property=\"og:image:width\" content=\"512\" \/>\n\t<meta property=\"og:image:height\" content=\"512\" \/>\n\t<meta property=\"og:image:type\" content=\"image\/png\" \/>\n<meta name=\"twitter:card\" content=\"summary_large_image\" \/>\n<meta name=\"twitter:site\" content=\"@talkpalai\" \/>\n<meta name=\"twitter:label1\" content=\"Estimeret l\u00e6setid\" \/>\n\t<meta name=\"twitter:data1\" content=\"3 minutter\" \/>\n<script type=\"application\/ld+json\" class=\"yoast-schema-graph\">{\"@context\":\"https:\/\/schema.org\",\"@graph\":[{\"@type\":\"WebPage\",\"@id\":\"https:\/\/talkpal.ai\/da\/indonesisk-grammatik\/\",\"url\":\"https:\/\/talkpal.ai\/da\/indonesisk-grammatik\/\",\"name\":\"Indonesisk grammatik - Talkpal\",\"isPartOf\":{\"@id\":\"https:\/\/talkpal.ai\/da\/#website\"},\"primaryImageOfPage\":{\"@id\":\"https:\/\/talkpal.ai\/da\/indonesisk-grammatik\/#primaryimage\"},\"image\":{\"@id\":\"https:\/\/talkpal.ai\/da\/indonesisk-grammatik\/#primaryimage\"},\"thumbnailUrl\":\"https:\/\/talkpal.ai\/wp-content\/uploads\/2023\/05\/indonesia.png\",\"datePublished\":\"2023-05-14T14:09:29+00:00\",\"dateModified\":\"2025-12-13T15:43:55+00:00\",\"description\":\"Behersk indonesisk grammatik uden besv\u00e6r med Talkpal's AI-sprogindl\u00e6ringsapp. Kommuniker trygt ved hj\u00e6lp af Talkpal's AI-drevne vejledning.\",\"breadcrumb\":{\"@id\":\"https:\/\/talkpal.ai\/da\/indonesisk-grammatik\/#breadcrumb\"},\"inLanguage\":\"da-DK\",\"potentialAction\":[{\"@type\":\"ReadAction\",\"target\":[\"https:\/\/talkpal.ai\/da\/indonesisk-grammatik\/\"]}]},{\"@type\":\"ImageObject\",\"inLanguage\":\"da-DK\",\"@id\":\"https:\/\/talkpal.ai\/da\/indonesisk-grammatik\/#primaryimage\",\"url\":\"https:\/\/talkpal.ai\/wp-content\/uploads\/2023\/05\/indonesia.png\",\"contentUrl\":\"https:\/\/talkpal.ai\/wp-content\/uploads\/2023\/05\/indonesia.png\",\"width\":512,\"height\":512},{\"@type\":\"BreadcrumbList\",\"@id\":\"https:\/\/talkpal.ai\/da\/indonesisk-grammatik\/#breadcrumb\",\"itemListElement\":[{\"@type\":\"ListItem\",\"position\":1,\"name\":\"Homepage\",\"item\":\"https:\/\/talkpal.ai\/da\/\"},{\"@type\":\"ListItem\",\"position\":2,\"name\":\"Indonesisk grammatik\"}]},{\"@type\":\"WebSite\",\"@id\":\"https:\/\/talkpal.ai\/da\/#website\",\"url\":\"https:\/\/talkpal.ai\/da\/\",\"name\":\"Talkpal\",\"description\":\"AI Language Learning\",\"publisher\":{\"@id\":\"https:\/\/talkpal.ai\/da\/#organization\"},\"alternateName\":\"Talkpal AI\",\"potentialAction\":[{\"@type\":\"SearchAction\",\"target\":{\"@type\":\"EntryPoint\",\"urlTemplate\":\"https:\/\/talkpal.ai\/da\/?s={search_term_string}\"},\"query-input\":{\"@type\":\"PropertyValueSpecification\",\"valueRequired\":true,\"valueName\":\"search_term_string\"}}],\"inLanguage\":\"da-DK\"},{\"@type\":\"Organization\",\"@id\":\"https:\/\/talkpal.ai\/da\/#organization\",\"name\":\"Talkpal, Inc.\",\"alternateName\":\"Talkpal AI\",\"url\":\"https:\/\/talkpal.ai\/da\/\",\"logo\":{\"@type\":\"ImageObject\",\"inLanguage\":\"da-DK\",\"@id\":\"https:\/\/talkpal.ai\/da\/#\/schema\/logo\/image\/\",\"url\":\"https:\/\/talkpal.ai\/wp-content\/uploads\/2024\/03\/Talkpal-Logo-Icon.png\",\"contentUrl\":\"https:\/\/talkpal.ai\/wp-content\/uploads\/2024\/03\/Talkpal-Logo-Icon.png\",\"width\":2880,\"height\":2880,\"caption\":\"Talkpal, Inc.\"},\"image\":{\"@id\":\"https:\/\/talkpal.ai\/da\/#\/schema\/logo\/image\/\"},\"sameAs\":[\"https:\/\/www.facebook.com\/profile.php?id=100090733639311\",\"https:\/\/x.com\/talkpalai\",\"https:\/\/www.linkedin.com\/company\/talkpal\/\",\"https:\/\/www.youtube.com\/@TalkPal\/\",\"https:\/\/www.tiktok.com\/@talkpal\",\"https:\/\/www.instagram.com\/talkpal_ai\/\",\"https:\/\/www.crunchbase.com\/organization\/talkpal-9cde\",\"https:\/\/www.g2.com\/products\/talkpal-for-business\/\",\"https:\/\/www.trustpilot.com\/review\/talkpal.ai\",\"https:\/\/www.capterra.com\/p\/10006800\/TalkPal\/\"],\"description\":\"Talkpal is a language learning web and mobile education app, powered by the latest AI technologies, that provides engaging experiences to its customers in many different languages to help them improve their language skills. Users can chat about unlimited amount of topics with the app and use other modes to practice their language learning.\",\"email\":\"support@talkpal.ai\",\"legalName\":\"Talkpal, Inc.\",\"foundingDate\":\"2023-04-03\",\"duns\":\"118989042\",\"numberOfEmployees\":{\"@type\":\"QuantitativeValue\",\"minValue\":\"11\",\"maxValue\":\"50\"},\"publishingPrinciples\":\"https:\/\/talkpal.ai\/publishing-principles\/\",\"actionableFeedbackPolicy\":\"https:\/\/talkpal.ai\/actionable-feedback-policy\/\",\"correctionsPolicy\":\"https:\/\/talkpal.ai\/corrections-policy\/\",\"ethicsPolicy\":\"https:\/\/talkpal.ai\/ethics-policy\/\",\"diversityPolicy\":\"https:\/\/talkpal.ai\/diversity-policy\/\",\"diversityStaffingReport\":\"https:\/\/talkpal.ai\/diversity-policy\/\"}]}<\/script>\n<!-- \/ Yoast SEO Premium plugin. -->","yoast_head_json":{"title":"Indonesisk grammatik - Talkpal","description":"Behersk indonesisk grammatik uden besv\u00e6r med Talkpal's AI-sprogindl\u00e6ringsapp. Kommuniker trygt ved hj\u00e6lp af Talkpal's AI-drevne vejledning.","robots":{"index":"index","follow":"follow","max-snippet":"max-snippet:-1","max-image-preview":"max-image-preview:large","max-video-preview":"max-video-preview:-1"},"canonical":"https:\/\/talkpal.ai\/da\/indonesisk-grammatik\/","og_locale":"da_DK","og_type":"article","og_title":"Indonesisk grammatik","og_description":"Den indonesiske grammatiks vidundere: En guide til sprogelever Indonesisk grammatik - enkel, men elegant, indbydende, men engagerende, tilg\u00e6ngelig, men","og_url":"https:\/\/talkpal.ai\/da\/indonesisk-grammatik\/","og_site_name":"Talkpal","article_publisher":"https:\/\/www.facebook.com\/profile.php?id=100090733639311","article_modified_time":"2025-12-13T15:43:55+00:00","og_image":[{"width":512,"height":512,"url":"https:\/\/talkpal.ai\/wp-content\/uploads\/2023\/05\/indonesia.png","type":"image\/png"}],"twitter_card":"summary_large_image","twitter_site":"@talkpalai","twitter_misc":{"Estimeret l\u00e6setid":"3 minutter"},"schema":{"@context":"https:\/\/schema.org","@graph":[{"@type":"WebPage","@id":"https:\/\/talkpal.ai\/da\/indonesisk-grammatik\/","url":"https:\/\/talkpal.ai\/da\/indonesisk-grammatik\/","name":"Indonesisk grammatik - Talkpal","isPartOf":{"@id":"https:\/\/talkpal.ai\/da\/#website"},"primaryImageOfPage":{"@id":"https:\/\/talkpal.ai\/da\/indonesisk-grammatik\/#primaryimage"},"image":{"@id":"https:\/\/talkpal.ai\/da\/indonesisk-grammatik\/#primaryimage"},"thumbnailUrl":"https:\/\/talkpal.ai\/wp-content\/uploads\/2023\/05\/indonesia.png","datePublished":"2023-05-14T14:09:29+00:00","dateModified":"2025-12-13T15:43:55+00:00","description":"Behersk indonesisk grammatik uden besv\u00e6r med Talkpal's AI-sprogindl\u00e6ringsapp. Kommuniker trygt ved hj\u00e6lp af Talkpal's AI-drevne vejledning.","breadcrumb":{"@id":"https:\/\/talkpal.ai\/da\/indonesisk-grammatik\/#breadcrumb"},"inLanguage":"da-DK","potentialAction":[{"@type":"ReadAction","target":["https:\/\/talkpal.ai\/da\/indonesisk-grammatik\/"]}]},{"@type":"ImageObject","inLanguage":"da-DK","@id":"https:\/\/talkpal.ai\/da\/indonesisk-grammatik\/#primaryimage","url":"https:\/\/talkpal.ai\/wp-content\/uploads\/2023\/05\/indonesia.png","contentUrl":"https:\/\/talkpal.ai\/wp-content\/uploads\/2023\/05\/indonesia.png","width":512,"height":512},{"@type":"BreadcrumbList","@id":"https:\/\/talkpal.ai\/da\/indonesisk-grammatik\/#breadcrumb","itemListElement":[{"@type":"ListItem","position":1,"name":"Homepage","item":"https:\/\/talkpal.ai\/da\/"},{"@type":"ListItem","position":2,"name":"Indonesisk grammatik"}]},{"@type":"WebSite","@id":"https:\/\/talkpal.ai\/da\/#website","url":"https:\/\/talkpal.ai\/da\/","name":"Talkpal","description":"AI Language Learning","publisher":{"@id":"https:\/\/talkpal.ai\/da\/#organization"},"alternateName":"Talkpal AI","potentialAction":[{"@type":"SearchAction","target":{"@type":"EntryPoint","urlTemplate":"https:\/\/talkpal.ai\/da\/?s={search_term_string}"},"query-input":{"@type":"PropertyValueSpecification","valueRequired":true,"valueName":"search_term_string"}}],"inLanguage":"da-DK"},{"@type":"Organization","@id":"https:\/\/talkpal.ai\/da\/#organization","name":"Talkpal, Inc.","alternateName":"Talkpal AI","url":"https:\/\/talkpal.ai\/da\/","logo":{"@type":"ImageObject","inLanguage":"da-DK","@id":"https:\/\/talkpal.ai\/da\/#\/schema\/logo\/image\/","url":"https:\/\/talkpal.ai\/wp-content\/uploads\/2024\/03\/Talkpal-Logo-Icon.png","contentUrl":"https:\/\/talkpal.ai\/wp-content\/uploads\/2024\/03\/Talkpal-Logo-Icon.png","width":2880,"height":2880,"caption":"Talkpal, Inc."},"image":{"@id":"https:\/\/talkpal.ai\/da\/#\/schema\/logo\/image\/"},"sameAs":["https:\/\/www.facebook.com\/profile.php?id=100090733639311","https:\/\/x.com\/talkpalai","https:\/\/www.linkedin.com\/company\/talkpal\/","https:\/\/www.youtube.com\/@TalkPal\/","https:\/\/www.tiktok.com\/@talkpal","https:\/\/www.instagram.com\/talkpal_ai\/","https:\/\/www.crunchbase.com\/organization\/talkpal-9cde","https:\/\/www.g2.com\/products\/talkpal-for-business\/","https:\/\/www.trustpilot.com\/review\/talkpal.ai","https:\/\/www.capterra.com\/p\/10006800\/TalkPal\/"],"description":"Talkpal is a language learning web and mobile education app, powered by the latest AI technologies, that provides engaging experiences to its customers in many different languages to help them improve their language skills. Users can chat about unlimited amount of topics with the app and use other modes to practice their language learning.","email":"support@talkpal.ai","legalName":"Talkpal, Inc.","foundingDate":"2023-04-03","duns":"118989042","numberOfEmployees":{"@type":"QuantitativeValue","minValue":"11","maxValue":"50"},"publishingPrinciples":"https:\/\/talkpal.ai\/publishing-principles\/","actionableFeedbackPolicy":"https:\/\/talkpal.ai\/actionable-feedback-policy\/","correctionsPolicy":"https:\/\/talkpal.ai\/corrections-policy\/","ethicsPolicy":"https:\/\/talkpal.ai\/ethics-policy\/","diversityPolicy":"https:\/\/talkpal.ai\/diversity-policy\/","diversityStaffingReport":"https:\/\/talkpal.ai\/diversity-policy\/"}]}},"_links":{"self":[{"href":"https:\/\/talkpal.ai\/da\/wp-json\/wp\/v2\/pages\/145299","targetHints":{"allow":["GET"]}}],"collection":[{"href":"https:\/\/talkpal.ai\/da\/wp-json\/wp\/v2\/pages"}],"about":[{"href":"https:\/\/talkpal.ai\/da\/wp-json\/wp\/v2\/types\/page"}],"author":[{"embeddable":true,"href":"https:\/\/talkpal.ai\/da\/wp-json\/wp\/v2\/users\/1"}],"replies":[{"embeddable":true,"href":"https:\/\/talkpal.ai\/da\/wp-json\/wp\/v2\/comments?post=145299"}],"version-history":[{"count":0,"href":"https:\/\/talkpal.ai\/da\/wp-json\/wp\/v2\/pages\/145299\/revisions"}],"wp:featuredmedia":[{"embeddable":true,"href":"https:\/\/talkpal.ai\/da\/wp-json\/wp\/v2\/media\/113934"}],"wp:attachment":[{"href":"https:\/\/talkpal.ai\/da\/wp-json\/wp\/v2\/media?parent=145299"}],"curies":[{"name":"wp","href":"https:\/\/api.w.org\/{rel}","templated":true}]}}